{"id":9974,"date":"2025-07-07T12:38:42","date_gmt":"2025-07-07T12:38:42","guid":{"rendered":"https:\/\/www.zmc.it\/sostenibilita\/"},"modified":"2026-02-26T08:59:41","modified_gmt":"2026-02-26T08:59:41","slug":"developpement-durable","status":"publish","type":"page","link":"https:\/\/www.zmc.it\/fr\/developpement-durable\/","title":{"rendered":"D\u00e9veloppement durable"},"content":{"rendered":"<h1>D\u00e9veloppement durable et le Code \u00e9thique<\/h1>\n<div>\n<p>Notre engagement en faveur du d\u00e9veloppement durable est guid\u00e9 par sa d\u00e9finition officielle : <strong>\u00ab Un d\u00e9veloppement qui r\u00e9pond aux besoins du pr\u00e9sent sans compromettre la capacit\u00e9 des g\u00e9n\u00e9rations futures \u00e0 r\u00e9pondre \u00e0 leurs propres besoins<\/strong> \u00bb.\u00a0<\/p>\n<p>Z.M.C. est pleinement conscient que la durabilit\u00e9 n&rsquo;est plus une option, mais une voie essentielle pour toute organisation, ind\u00e9pendamment de sa taille et du secteur dans lequel elle op\u00e8re.<\/p>\n<p>Nous avons identifi\u00e9 un certain nombre d&rsquo;objectifs de d\u00e9veloppement durable (ODD) des Nations Unies comme des priorit\u00e9s, notamment :<\/p>\n<ul>\n<li><strong>Agir pour le climat ;<\/strong><\/li>\n<li><strong>Travail d\u00e9cent et croissance \u00e9conomique ;<\/strong><\/li>\n<li><strong>Sant\u00e9 et bien-\u00eatre ;<\/strong><\/li>\n<li><strong>Consommation et production responsables.<\/strong><\/li>\n<\/ul>\n<p>Nous pensons que la r\u00e9alisation de ces objectifs n\u00e9cessite un engagement commun et la participation active de toutes les parties prenantes : employ\u00e9s, clients, fournisseurs, institutions, actionnaires et communaut\u00e9s. Ce n&rsquo;est que par la collaboration et le partage des valeurs, que nous pourrons construire un avenir plus durable pour tous.<\/p>\n<\/div>\n<p><p>\n        <a href=\"\/wp-content\/uploads\/ZMC-Rendicontazione-di-sosteniblita-2024v1.pdf\">T\u00e9l\u00e9charger le Rapport sur le D\u00e9veloppement Durable<\/a>\n    <\/p>\n<\/p>\n<p><img decoding=\"async\" src=\"\/wp-content\/uploads\/SDG_FR.jpg\" alt=\"\"><\/p>\n<div>\n<p><span lang=\"FR\">Le Code \u00e9thique exprime et d\u00e9clare formellement <strong>les principes et les valeurs, les engagements et les responsabilit\u00e9s \u00e9thiques et comportementales que l&rsquo;Organisation partage<\/strong>, en les assumant et en les faisant siens. Ces principes sont concr\u00e8tement mis en \u0153uvre dans les activit\u00e9s de Z.M.C. ITALIA S.r.l. a socio unico et r\u00e9gissent le comportement de toute personne travaillant pour elle, tant en interne qu&rsquo;en externe.<\/span><\/p>\n<\/div>\n<p><p>\n        <a href=\"https:\/\/www.zmc.it\/wp-content\/uploads\/ZMC-Codice-Etico-adottato-con-Delibera-del-26.06.2025.pdf\">T\u00e9l\u00e9charger le Code \u00e9thique<\/a>\n    <\/p>\n<\/p>\n<p><img decoding=\"async\" src=\"\/wp-content\/uploads\/ZMC-ESG-01.jpg\" alt=\"\"><br \/>\n<img decoding=\"async\" src=\"\/wp-content\/uploads\/ZMC-ESG-02.jpg\" alt=\"\"><\/p>\n<h2>Certifications<\/h2>\n<p><img decoding=\"async\" src=\"\/wp-content\/uploads\/Logo-ISO-2026.jpg\" alt=\"\"><\/p>\n<h4>\n<p>ISO 9001:2015<\/p>\n<\/h4>\n<div>\n<p><em>Conception et fabrication de cha\u00eenes transporteuses<\/em><\/p>\n<\/div>\n<p><p>\n        <a href=\"https:\/\/www.zmc.it\/wp-content\/uploads\/ISO9001-Certificate-EN_2026.pdf\">T\u00e9l\u00e9charger le Certificat<\/a>\n    <\/p>\n<\/p>\n<p><!--more--><br \/>\n<!-- {\"type\":\"layout\",\"children\":[{\"type\":\"section\",\"props\":{\"image_position\":\"center-center\",\"style\":\"default\",\"title_breakpoint\":\"xl\",\"title_position\":\"top-left\",\"title_rotation\":\"left\",\"vertical_align\":\"\",\"width\":\"default\"},\"children\":[{\"type\":\"row\",\"children\":[{\"type\":\"column\",\"props\":{\"image_position\":\"center-center\",\"position_sticky_breakpoint\":\"m\",\"width_medium\":\"1-1\"},\"children\":[{\"type\":\"headline\",\"props\":{\"content\":\"D\\u00e9veloppement durable et le Code \\u00e9thique\",\"title_element\":\"h1\"}}]}]}]},{\"type\":\"section\",\"props\":{\"image_position\":\"center-center\",\"style\":\"default\",\"title_breakpoint\":\"xl\",\"title_position\":\"top-left\",\"title_rotation\":\"left\",\"vertical_align\":\"middle\",\"width\":\"default\"},\"children\":[{\"type\":\"row\",\"props\":{\"layout\":\"1-2,1-2\"},\"children\":[{\"type\":\"column\",\"props\":{\"image_position\":\"center-center\",\"position_sticky_breakpoint\":\"m\",\"width_medium\":\"1-2\"},\"children\":[{\"type\":\"text\",\"props\":{\"column_breakpoint\":\"m\",\"content\":\"\n\n<p>Notre engagement en faveur du d\\u00e9veloppement durable est guid\\u00e9 par sa d\\u00e9finition officielle : <strong>\\u00ab Un d\\u00e9veloppement qui r\\u00e9pond aux besoins du pr\\u00e9sent sans compromettre la capacit\\u00e9 des g\\u00e9n\\u00e9rations futures \\u00e0 r\\u00e9pondre \\u00e0 leurs propres besoins<\\\/strong> \\u00bb.\\u00a0<\\\/p>\\n\n\n<p>Z.M.C. est pleinement conscient que la durabilit\\u00e9 n'est plus une option, mais une voie essentielle pour toute organisation, ind\\u00e9pendamment de sa taille et du secteur dans lequel elle op\\u00e8re.<\\\/p>\\n\n\n<p>Nous avons identifi\\u00e9 un certain nombre d'objectifs de d\\u00e9veloppement durable (ODD) des Nations Unies comme des priorit\\u00e9s, notamment :<\\\/p>\\n\n\n<ul>\\n\n\n<li><strong>Agir pour le climat ;<\\\/strong><\\\/li>\\n\n\n<li><strong>Travail d\\u00e9cent et croissance \\u00e9conomique ;<\\\/strong><\\\/li>\\n\n\n<li><strong>Sant\\u00e9 et bien-\\u00eatre ;<\\\/strong><\\\/li>\\n\n\n<li><strong>Consommation et production responsables.<\\\/strong><\\\/li>\\n<\\\/ul>\\n\n\n<p>Nous pensons que la r\\u00e9alisation de ces objectifs n\\u00e9cessite un engagement commun et la participation active de toutes les parties prenantes : employ\\u00e9s, clients, fournisseurs, institutions, actionnaires et communaut\\u00e9s. Ce n'est que par la collaboration et le partage des valeurs, que nous pourrons construire un avenir plus durable pour tous.<\\\/p>\",\"margin\":\"default\"}},{\"type\":\"button\",\"props\":{\"fullwidth\":false,\"grid_column_gap\":\"small\",\"grid_row_gap\":\"small\",\"margin\":\"default\"},\"children\":[{\"type\":\"button_item\",\"props\":{\"button_style\":\"primary\",\"content\":\"T\\u00e9l\\u00e9charger le Rapport sur le D\\u00e9veloppement Durable\",\"dialog_layout\":\"modal\",\"dialog_offcanvas_flip\":true,\"icon_align\":\"left\",\"link\":\"wp-content\\\/uploads\\\/ZMC-Rendicontazione-di-sosteniblita-2024v1.pdf\",\"link_target\":\"blank\",\"link_title\":\"T\\u00e9l\\u00e9charger le rapport sur le d\\u00e9veloppement durable\"}}]}]},{\"type\":\"column\",\"props\":{\"image_position\":\"center-center\",\"position_sticky_breakpoint\":\"m\",\"width_medium\":\"1-2\"},\"children\":[{\"type\":\"image\",\"props\":{\"image\":\"wp-content\\\/uploads\\\/SDG_FR.jpg\",\"image_svg_color\":\"emphasis\",\"margin\":\"default\"}}]}]}]},{\"type\":\"section\",\"props\":{\"image_position\":\"center-center\",\"style\":\"default\",\"title_breakpoint\":\"xl\",\"title_position\":\"top-left\",\"title_rotation\":\"left\",\"vertical_align\":\"middle\",\"width\":\"default\"},\"children\":[{\"type\":\"row\",\"props\":{\"layout\":\"1-2,1-2\"},\"children\":[{\"type\":\"column\",\"props\":{\"image_position\":\"center-center\",\"position_sticky_breakpoint\":\"m\",\"width_medium\":\"1-2\"},\"children\":[{\"type\":\"text\",\"props\":{\"column_breakpoint\":\"m\",\"content\":\"\n\n<p><span lang=\\\"FR\\\">Le Code \\u00e9thique exprime et d\\u00e9clare formellement <strong>les principes et les valeurs, les engagements et les responsabilit\\u00e9s \\u00e9thiques et comportementales que l'Organisation partage<\\\/strong>, en les assumant et en les faisant siens. Ces principes sont concr\\u00e8tement mis en \\u0153uvre dans les activit\\u00e9s de Z.M.C. ITALIA S.r.l. a socio unico et r\\u00e9gissent le comportement de toute personne travaillant pour elle, tant en interne qu'en externe.<\\\/span><\\\/p>\",\"margin\":\"default\"}},{\"type\":\"button\",\"props\":{\"fullwidth\":false,\"grid_column_gap\":\"small\",\"grid_row_gap\":\"small\",\"margin\":\"default\"},\"children\":[{\"type\":\"button_item\",\"props\":{\"button_style\":\"primary\",\"content\":\"T\\u00e9l\\u00e9charger le Code \\u00e9thique\",\"dialog_layout\":\"modal\",\"dialog_offcanvas_flip\":true,\"icon_align\":\"left\",\"link\":\"https:\\\/\\\/www.zmc.it\\\/wp-content\\\/uploads\\\/ZMC-Codice-Etico-adottato-con-Delibera-del-26.06.2025.pdf\",\"link_target\":\"blank\",\"link_title\":\"T\\u00e9l\\u00e9charger le Code \\u00e9thique\"}}]}]},{\"type\":\"column\",\"props\":{\"image_position\":\"center-center\",\"position_sticky_breakpoint\":\"m\",\"width_medium\":\"1-2\"},\"children\":[{\"type\":\"fragment\",\"props\":{\"margin\":\"default\"},\"children\":[{\"type\":\"row\",\"props\":{\"layout\":\"1-2,1-2\"},\"children\":[{\"type\":\"column\",\"props\":{\"image_position\":\"center-center\",\"position_sticky_breakpoint\":\"m\",\"width_medium\":\"1-2\"},\"children\":[{\"type\":\"image\",\"props\":{\"image\":\"wp-content\\\/uploads\\\/ZMC-ESG-01.jpg\",\"image_svg_color\":\"emphasis\",\"margin\":\"default\"}}]},{\"type\":\"column\",\"props\":{\"image_position\":\"center-center\",\"position_sticky_breakpoint\":\"m\",\"width_medium\":\"1-2\"},\"children\":[{\"type\":\"image\",\"props\":{\"image\":\"wp-content\\\/uploads\\\/ZMC-ESG-02.jpg\",\"image_svg_color\":\"emphasis\",\"margin\":\"default\"}}]}]}]}]}]}]},{\"type\":\"section\",\"props\":{\"image_position\":\"center-center\",\"style\":\"secondary\",\"title_breakpoint\":\"xl\",\"title_position\":\"top-left\",\"title_rotation\":\"left\",\"vertical_align\":\"\",\"width\":\"default\"},\"children\":[{\"type\":\"row\",\"props\":{\"margin\":\"medium\",\"margin_remove_bottom\":false},\"children\":[{\"type\":\"column\",\"props\":{\"image_position\":\"center-center\",\"position_sticky_breakpoint\":\"m\",\"width_medium\":\"1-1\"},\"children\":[{\"type\":\"headline\",\"props\":{\"block_align\":\"center\",\"content\":\"Certifications\",\"text_align\":\"left\",\"title_element\":\"h2\"}}]}]},{\"type\":\"row\",\"props\":{\"column_gap\":\"medium\",\"layout\":\"1-4,1-4,1-4,1-4|1-2,1-2,1-2,1-2\",\"margin\":\"default\",\"margin_remove_top\":false},\"children\":[{\"type\":\"column\",\"props\":{\"image_position\":\"center-center\",\"position_sticky_breakpoint\":\"m\",\"width_medium\":\"1-4\",\"width_small\":\"1-2\"},\"children\":[{\"type\":\"image\",\"props\":{\"image\":\"wp-content\\\/uploads\\\/Logo-ISO-2026.jpg\",\"image_svg_color\":\"emphasis\",\"margin\":\"default\",\"text_align\":\"left\"}}]},{\"type\":\"column\",\"props\":{\"image_position\":\"center-center\",\"position_sticky_breakpoint\":\"m\",\"vertical_align\":\"bottom\",\"width_medium\":\"1-4\",\"width_small\":\"1-2\"},\"children\":[{\"type\":\"headline\",\"props\":{\"block_align\":\"center\",\"content\":\"\n\n<p>ISO 9001:2015<\\\/p>\",\"margin_remove_bottom\":false,\"text_align\":\"left\",\"title_element\":\"h4\"}},{\"type\":\"text\",\"props\":{\"column_breakpoint\":\"m\",\"content\":\"\n\n<p><em>Conception et fabrication de cha\\u00eenes transporteuses<\\\/em><\\\/p>\",\"margin\":\"default\"}},{\"type\":\"button\",\"props\":{\"fullwidth\":false,\"grid_column_gap\":\"small\",\"grid_row_gap\":\"small\",\"margin\":\"default\"},\"children\":[{\"type\":\"button_item\",\"props\":{\"button_style\":\"primary\",\"content\":\"T\\u00e9l\\u00e9charger le Certificat\",\"dialog_layout\":\"modal\",\"dialog_offcanvas_flip\":true,\"icon_align\":\"left\",\"link\":\"https:\\\/\\\/www.zmc.it\\\/wp-content\\\/uploads\\\/ISO9001-Certificate-EN_2026.pdf\",\"link_target\":\"blank\",\"link_title\":\"Certificat ISO 9001\"}}]}]},{\"type\":\"column\",\"props\":{\"image_position\":\"center-center\",\"position_sticky_breakpoint\":\"m\",\"width_medium\":\"1-4\",\"width_small\":\"1-2\"}},{\"type\":\"column\",\"props\":{\"image_position\":\"center-center\",\"position_sticky_breakpoint\":\"m\",\"width_medium\":\"1-4\",\"width_small\":\"1-2\"}}]}]}],\"version\":\"4.5.4\"} --><\/p>\n","protected":false},"excerpt":{"rendered":"<p>D\u00e9veloppement durable et le Code \u00e9thique Notre engagement en faveur du d\u00e9veloppement durable est guid\u00e9 par sa d\u00e9finition officielle : \u00ab Un d\u00e9veloppement qui r\u00e9pond aux besoins du pr\u00e9sent sans compromettre la capacit\u00e9 des g\u00e9n\u00e9rations futures \u00e0 r\u00e9pondre \u00e0 leurs propres besoins \u00bb.\u00a0 Z.M.C. est pleinement conscient que la durabilit\u00e9 n&rsquo;est plus une option, mais [&hellip;]<\/p>\n","protected":false},"author":1,"featured_media":9928,"parent":0,"menu_order":0,"comment_status":"closed","ping_status":"closed","template":"","meta":{"footnotes":""},"class_list":["post-9974","page","type-page","status-publish","has-post-thumbnail","hentry"],"yoast_head":"<!-- This site is optimized with the Yoast SEO plugin v27.5 - https:\/\/yoast.com\/product\/yoast-seo-wordpress\/ -->\n<title>D\u00e9veloppement durable - ZMC Italia<\/title>\n<meta name=\"robots\" content=\"index, follow, max-snippet:-1, max-image-preview:large, max-video-preview:-1\" \/>\n<link rel=\"canonical\" href=\"https:\/\/www.zmc.it\/fr\/developpement-durable\/\" \/>\n<meta property=\"og:locale\" content=\"fr_FR\" \/>\n<meta property=\"og:type\" content=\"article\" \/>\n<meta property=\"og:title\" content=\"D\u00e9veloppement durable - ZMC Italia\" \/>\n<meta property=\"og:description\" content=\"D\u00e9veloppement durable et le Code \u00e9thique Notre engagement en faveur du d\u00e9veloppement durable est guid\u00e9 par sa d\u00e9finition officielle : \u00ab Un d\u00e9veloppement qui r\u00e9pond aux besoins du pr\u00e9sent sans compromettre la capacit\u00e9 des g\u00e9n\u00e9rations futures \u00e0 r\u00e9pondre \u00e0 leurs propres besoins \u00bb.\u00a0 Z.M.C. est pleinement conscient que la durabilit\u00e9 n&rsquo;est plus une option, mais [&hellip;]\" \/>\n<meta property=\"og:url\" content=\"https:\/\/www.zmc.it\/fr\/developpement-durable\/\" \/>\n<meta property=\"og:site_name\" content=\"ZMC Italia\" \/>\n<meta property=\"article:modified_time\" content=\"2026-02-26T08:59:41+00:00\" \/>\n<meta property=\"og:image\" content=\"https:\/\/www.zmc.it\/wp-content\/uploads\/ZMC-ESG-01.jpg\" \/>\n\t<meta property=\"og:image:width\" content=\"480\" \/>\n\t<meta property=\"og:image:height\" content=\"640\" \/>\n\t<meta property=\"og:image:type\" content=\"image\/jpeg\" \/>\n<meta name=\"twitter:card\" content=\"summary_large_image\" \/>\n<meta name=\"twitter:label1\" content=\"Dur\u00e9e de lecture estim\u00e9e\" \/>\n\t<meta name=\"twitter:data1\" content=\"2 minutes\" \/>\n<script type=\"application\/ld+json\" class=\"yoast-schema-graph\">{\"@context\":\"https:\\\/\\\/schema.org\",\"@graph\":[{\"@type\":\"WebPage\",\"@id\":\"https:\\\/\\\/www.zmc.it\\\/fr\\\/developpement-durable\\\/\",\"url\":\"https:\\\/\\\/www.zmc.it\\\/fr\\\/developpement-durable\\\/\",\"name\":\"D\u00e9veloppement durable - ZMC Italia\",\"isPartOf\":{\"@id\":\"https:\\\/\\\/www.zmc.it\\\/#website\"},\"primaryImageOfPage\":{\"@id\":\"https:\\\/\\\/www.zmc.it\\\/fr\\\/developpement-durable\\\/#primaryimage\"},\"image\":{\"@id\":\"https:\\\/\\\/www.zmc.it\\\/fr\\\/developpement-durable\\\/#primaryimage\"},\"thumbnailUrl\":\"https:\\\/\\\/www.zmc.it\\\/wp-content\\\/uploads\\\/ZMC-ESG-01.jpg\",\"datePublished\":\"2025-07-07T12:38:42+00:00\",\"dateModified\":\"2026-02-26T08:59:41+00:00\",\"breadcrumb\":{\"@id\":\"https:\\\/\\\/www.zmc.it\\\/fr\\\/developpement-durable\\\/#breadcrumb\"},\"inLanguage\":\"fr-FR\",\"potentialAction\":[{\"@type\":\"ReadAction\",\"target\":[\"https:\\\/\\\/www.zmc.it\\\/fr\\\/developpement-durable\\\/\"]}]},{\"@type\":\"ImageObject\",\"inLanguage\":\"fr-FR\",\"@id\":\"https:\\\/\\\/www.zmc.it\\\/fr\\\/developpement-durable\\\/#primaryimage\",\"url\":\"https:\\\/\\\/www.zmc.it\\\/wp-content\\\/uploads\\\/ZMC-ESG-01.jpg\",\"contentUrl\":\"https:\\\/\\\/www.zmc.it\\\/wp-content\\\/uploads\\\/ZMC-ESG-01.jpg\",\"width\":480,\"height\":640},{\"@type\":\"BreadcrumbList\",\"@id\":\"https:\\\/\\\/www.zmc.it\\\/fr\\\/developpement-durable\\\/#breadcrumb\",\"itemListElement\":[{\"@type\":\"ListItem\",\"position\":1,\"name\":\"Home\",\"item\":\"https:\\\/\\\/www.zmc.it\\\/fr\\\/\"},{\"@type\":\"ListItem\",\"position\":2,\"name\":\"D\u00e9veloppement durable\"}]},{\"@type\":\"WebSite\",\"@id\":\"https:\\\/\\\/www.zmc.it\\\/#website\",\"url\":\"https:\\\/\\\/www.zmc.it\\\/\",\"name\":\"ZMC Italia\",\"description\":\"\",\"publisher\":{\"@id\":\"https:\\\/\\\/www.zmc.it\\\/#organization\"},\"potentialAction\":[{\"@type\":\"SearchAction\",\"target\":{\"@type\":\"EntryPoint\",\"urlTemplate\":\"https:\\\/\\\/www.zmc.it\\\/?s={search_term_string}\"},\"query-input\":{\"@type\":\"PropertyValueSpecification\",\"valueRequired\":true,\"valueName\":\"search_term_string\"}}],\"inLanguage\":\"fr-FR\"},{\"@type\":\"Organization\",\"@id\":\"https:\\\/\\\/www.zmc.it\\\/#organization\",\"name\":\"ZMC Italy\",\"url\":\"https:\\\/\\\/www.zmc.it\\\/\",\"logo\":{\"@type\":\"ImageObject\",\"inLanguage\":\"fr-FR\",\"@id\":\"https:\\\/\\\/www.zmc.it\\\/#\\\/schema\\\/logo\\\/image\\\/\",\"url\":\"https:\\\/\\\/www.zmc.it\\\/wp-content\\\/uploads\\\/zmc-logo.png\",\"contentUrl\":\"https:\\\/\\\/www.zmc.it\\\/wp-content\\\/uploads\\\/zmc-logo.png\",\"width\":150,\"height\":75,\"caption\":\"ZMC Italy\"},\"image\":{\"@id\":\"https:\\\/\\\/www.zmc.it\\\/#\\\/schema\\\/logo\\\/image\\\/\"},\"sameAs\":[\"https:\\\/\\\/www.linkedin.com\\\/company\\\/z.m.c.-italia-s.r.l.\\\/about\\\/\"]}]}<\/script>\n<!-- \/ Yoast SEO plugin. -->","yoast_head_json":{"title":"D\u00e9veloppement durable - ZMC Italia","robots":{"index":"index","follow":"follow","max-snippet":"max-snippet:-1","max-image-preview":"max-image-preview:large","max-video-preview":"max-video-preview:-1"},"canonical":"https:\/\/www.zmc.it\/fr\/developpement-durable\/","og_locale":"fr_FR","og_type":"article","og_title":"D\u00e9veloppement durable - ZMC Italia","og_description":"D\u00e9veloppement durable et le Code \u00e9thique Notre engagement en faveur du d\u00e9veloppement durable est guid\u00e9 par sa d\u00e9finition officielle : \u00ab Un d\u00e9veloppement qui r\u00e9pond aux besoins du pr\u00e9sent sans compromettre la capacit\u00e9 des g\u00e9n\u00e9rations futures \u00e0 r\u00e9pondre \u00e0 leurs propres besoins \u00bb.\u00a0 Z.M.C. est pleinement conscient que la durabilit\u00e9 n&rsquo;est plus une option, mais [&hellip;]","og_url":"https:\/\/www.zmc.it\/fr\/developpement-durable\/","og_site_name":"ZMC Italia","article_modified_time":"2026-02-26T08:59:41+00:00","og_image":[{"width":480,"height":640,"url":"https:\/\/www.zmc.it\/wp-content\/uploads\/ZMC-ESG-01.jpg","type":"image\/jpeg"}],"twitter_card":"summary_large_image","twitter_misc":{"Dur\u00e9e de lecture estim\u00e9e":"2 minutes"},"schema":{"@context":"https:\/\/schema.org","@graph":[{"@type":"WebPage","@id":"https:\/\/www.zmc.it\/fr\/developpement-durable\/","url":"https:\/\/www.zmc.it\/fr\/developpement-durable\/","name":"D\u00e9veloppement durable - ZMC Italia","isPartOf":{"@id":"https:\/\/www.zmc.it\/#website"},"primaryImageOfPage":{"@id":"https:\/\/www.zmc.it\/fr\/developpement-durable\/#primaryimage"},"image":{"@id":"https:\/\/www.zmc.it\/fr\/developpement-durable\/#primaryimage"},"thumbnailUrl":"https:\/\/www.zmc.it\/wp-content\/uploads\/ZMC-ESG-01.jpg","datePublished":"2025-07-07T12:38:42+00:00","dateModified":"2026-02-26T08:59:41+00:00","breadcrumb":{"@id":"https:\/\/www.zmc.it\/fr\/developpement-durable\/#breadcrumb"},"inLanguage":"fr-FR","potentialAction":[{"@type":"ReadAction","target":["https:\/\/www.zmc.it\/fr\/developpement-durable\/"]}]},{"@type":"ImageObject","inLanguage":"fr-FR","@id":"https:\/\/www.zmc.it\/fr\/developpement-durable\/#primaryimage","url":"https:\/\/www.zmc.it\/wp-content\/uploads\/ZMC-ESG-01.jpg","contentUrl":"https:\/\/www.zmc.it\/wp-content\/uploads\/ZMC-ESG-01.jpg","width":480,"height":640},{"@type":"BreadcrumbList","@id":"https:\/\/www.zmc.it\/fr\/developpement-durable\/#breadcrumb","itemListElement":[{"@type":"ListItem","position":1,"name":"Home","item":"https:\/\/www.zmc.it\/fr\/"},{"@type":"ListItem","position":2,"name":"D\u00e9veloppement durable"}]},{"@type":"WebSite","@id":"https:\/\/www.zmc.it\/#website","url":"https:\/\/www.zmc.it\/","name":"ZMC Italia","description":"","publisher":{"@id":"https:\/\/www.zmc.it\/#organization"},"potentialAction":[{"@type":"SearchAction","target":{"@type":"EntryPoint","urlTemplate":"https:\/\/www.zmc.it\/?s={search_term_string}"},"query-input":{"@type":"PropertyValueSpecification","valueRequired":true,"valueName":"search_term_string"}}],"inLanguage":"fr-FR"},{"@type":"Organization","@id":"https:\/\/www.zmc.it\/#organization","name":"ZMC Italy","url":"https:\/\/www.zmc.it\/","logo":{"@type":"ImageObject","inLanguage":"fr-FR","@id":"https:\/\/www.zmc.it\/#\/schema\/logo\/image\/","url":"https:\/\/www.zmc.it\/wp-content\/uploads\/zmc-logo.png","contentUrl":"https:\/\/www.zmc.it\/wp-content\/uploads\/zmc-logo.png","width":150,"height":75,"caption":"ZMC Italy"},"image":{"@id":"https:\/\/www.zmc.it\/#\/schema\/logo\/image\/"},"sameAs":["https:\/\/www.linkedin.com\/company\/z.m.c.-italia-s.r.l.\/about\/"]}]}},"_links":{"self":[{"href":"https:\/\/www.zmc.it\/fr\/wp-json\/wp\/v2\/pages\/9974","targetHints":{"allow":["GET"]}}],"collection":[{"href":"https:\/\/www.zmc.it\/fr\/wp-json\/wp\/v2\/pages"}],"about":[{"href":"https:\/\/www.zmc.it\/fr\/wp-json\/wp\/v2\/types\/page"}],"author":[{"embeddable":true,"href":"https:\/\/www.zmc.it\/fr\/wp-json\/wp\/v2\/users\/1"}],"replies":[{"embeddable":true,"href":"https:\/\/www.zmc.it\/fr\/wp-json\/wp\/v2\/comments?post=9974"}],"version-history":[{"count":10,"href":"https:\/\/www.zmc.it\/fr\/wp-json\/wp\/v2\/pages\/9974\/revisions"}],"predecessor-version":[{"id":10427,"href":"https:\/\/www.zmc.it\/fr\/wp-json\/wp\/v2\/pages\/9974\/revisions\/10427"}],"wp:featuredmedia":[{"embeddable":true,"href":"https:\/\/www.zmc.it\/fr\/wp-json\/wp\/v2\/media\/9928"}],"wp:attachment":[{"href":"https:\/\/www.zmc.it\/fr\/wp-json\/wp\/v2\/media?parent=9974"}],"curies":[{"name":"wp","href":"https:\/\/api.w.org\/{rel}","templated":true}]}}