{"id":3522,"date":"2018-03-16T06:54:10","date_gmt":"2018-03-16T06:54:10","guid":{"rendered":"https:\/\/www.zmc.it\/what-do-we-do\/"},"modified":"2018-12-19T11:03:07","modified_gmt":"2018-12-19T11:03:07","slug":"que-faisons-nous","status":"publish","type":"page","link":"https:\/\/www.zmc.it\/fr\/que-faisons-nous\/","title":{"rendered":"Que faisons-nous"},"content":{"rendered":"<p>Ce que nous faisons<\/p>\n<p>\u00ab\u00a0Nous fabriquons des cha\u00eenes de transport industriel\u00a0\u00bb<br \/>\n&#8211; sp\u00e9ciales pour chaque application;- sur le plan du client;- aux normes ISO-DIN-BRITISH STANDARD-ANSI;- non unifi\u00e9;- au pas m\u00e9trique ou pouce;<\/p>\n<p>Gamme de production<\/p>\n<p>Pas de cha\u00eene<br \/>\nde 25,00 mm. \u00e0 600,00 mm et plus, si n\u00e9cessaire.<\/p>\n<p>Charge de rupture<br \/>\njusqu&rsquo;\u00e0 3 000 000 N.<\/p>\n<p>\u00c9paisseur des plaques<br \/>\nde 2,00 mm jusqu&rsquo;\u00e0 60.00 mm.<\/p>\n<p>Mat\u00e9riaux de construction<\/p>\n<p>De l&rsquo;acier de construction (Fe) aux alliages de nickel.<\/p>\n<p>Traitements thermiques<br \/>\ntous les traitements thermochimiques principaux (trempe et revenu, trempe \u00e0 haute fr\u00e9quence, c\u00e9mentation et trempe, nitruration, oxyinitrocarburation, etc.).<\/p>\n<p>Rev\u00eatements<br \/>\nTous les principaux rev\u00eatements galvaniques et chimiques (galvanisation \u00e0 chaud et \u00e9lectrolytique, phosphatation, nickel chimique, zinc-zinc, zinc-nickel, etc.).<\/p>\n<p>Nous fournissons des couronnes et des pignons, pour chaque type de cha\u00eene.<\/p>\n<p>Notre philosophie d&rsquo;entreprise repose sur l\u2019int\u00e9r\u00eat du client.<\/p>\n<p><!-- {\"name\":\"\",\"type\":\"layout\",\"children\":[{\"name\":\"BREAD\",\"type\":\"section\",\"props\":{\"style\":\"default\",\"width\":\"default\",\"vertical_align\":\"middle\",\"title_position\":\"top-left\",\"title_rotation\":\"left\",\"title_breakpoint\":\"xl\",\"image_position\":\"center-center\",\"padding\":\"xsmall\",\"padding_remove_bottom\":true},\"children\":[{\"name\":\"\",\"type\":\"row\",\"props\":{\"fixed_width\":\"large\",\"breakpoint\":\"m\",\"layout\":\"1-1\"},\"children\":[{\"name\":\"\",\"type\":\"column\",\"props\":{\"widths\":[\"1-1\"],\"image_position\":\"center-center\"},\"children\":[{\"name\":\"\",\"type\":\"headline\",\"props\":{\"title_element\":\"h1\",\"content\":\"\n\n<p>Ce que nous faisons<\\\/p>\",\"title_style\":\"\",\"title_decoration\":\"\",\"title_color\":\"\",\"text_align\":\"\",\"text_align_breakpoint\":\"\",\"text_align_fallback\":\"\",\"maxwidth\":\"\",\"maxwidth_align\":\"\",\"maxwidth_breakpoint\":\"\",\"margin\":\"\",\"animation\":\"\",\"visibility\":\"\"}}]}]}]},{\"name\":\"\",\"type\":\"section\",\"props\":{\"style\":\"default\",\"width\":\"default\",\"vertical_align\":\"middle\",\"title_position\":\"top-left\",\"title_rotation\":\"left\",\"title_breakpoint\":\"xl\",\"image_position\":\"center-center\"},\"children\":[{\"name\":\"\",\"type\":\"row\",\"props\":{\"fixed_width\":\"large\",\"breakpoint\":\"m\",\"layout\":\"2-3,\"},\"children\":[{\"name\":\"\",\"type\":\"column\",\"props\":{\"widths\":[\"2-3\"],\"image_position\":\"center-center\"},\"children\":[{\"name\":\"\",\"type\":\"text\",\"props\":{\"margin\":\"default\",\"column_breakpoint\":\"m\",\"content\":\"\n\n<h4><strong>\\\"Nous fabriquons des cha\\u00eenes de transport industriel\\\"<\\\/strong><\\\/h4>\\n\n\n<p>- sp\\u00e9ciales pour chaque application;<br \\\/>- sur le plan du client;<br \\\/>- aux normes ISO-DIN-BRITISH STANDARD-ANSI;<br \\\/>- non unifi\\u00e9;<br \\\/>- au pas m\\u00e9trique ou pouce;<\\\/p>\",\"text_style\":\"\",\"text_color\":\"\",\"text_size\":\"\",\"column\":\"\",\"text_align\":\"\",\"text_align_breakpoint\":\"\",\"text_align_fallback\":\"\",\"maxwidth\":\"\",\"maxwidth_align\":\"\",\"maxwidth_breakpoint\":\"\",\"animation\":\"\",\"visibility\":\"\"}},{\"name\":\"\",\"type\":\"text\",\"props\":{\"margin\":\"default\",\"column_breakpoint\":\"m\",\"content\":\"\n\n<p><strong>Gamme de production<\\\/strong><\\\/p>\\n\n\n<table border=\\\"0\\\" cellspacing=\\\"1\\\" cellpadding=\\\"2\\\">\\n\n\n<tbody>\\n\n\n<tr>\\n\n\n<td style=\\\"background-color: #eaeaea;\\\"><strong>Pas de cha\\u00eene <\\\/strong><\\\/td>\\n\n\n<td style=\\\"background-color: #eaeaea;\\\">de 25,00 mm. \\u00e0 600,00 mm et plus, si n\\u00e9cessaire.<\\\/td>\\n<\\\/tr>\\n\n\n<tr>\\n\n\n<td style=\\\"background-color: #eaeaea;\\\"><strong>Charge de rupture <\\\/strong><\\\/td>\\n\n\n<td style=\\\"background-color: #eaeaea;\\\">jusqu'\\u00e0 3 000 000 N.<\\\/td>\\n<\\\/tr>\\n\n\n<tr>\\n\n\n<td style=\\\"background-color: #eaeaea;\\\"><strong>\\u00c9paisseur des plaques <\\\/strong><\\\/td>\\n\n\n<td style=\\\"background-color: #eaeaea;\\\">de 2,00 mm jusqu'\\u00e0 60.00 mm.<\\\/td>\\n<\\\/tr>\\n\n\n<tr>\\n\n\n<td style=\\\"background-color: #eaeaea;\\\"><strong>Mat\\u00e9riaux de construction<\\\/strong><\\\/td>\\n\n\n<td style=\\\"background-color: #eaeaea;\\\">\\n\n\n<p>De l'acier de construction (Fe) aux alliages de nickel.<\\\/p>\\n<\\\/td>\\n<\\\/tr>\\n\n\n<tr>\\n\n\n<td style=\\\"background-color: #eaeaea;\\\"><strong>Traitements thermiques <\\\/strong><\\\/td>\\n\n\n<td style=\\\"background-color: #eaeaea;\\\">tous les traitements thermochimiques principaux (trempe et revenu, trempe \\u00e0 haute fr\\u00e9quence, c\\u00e9mentation et trempe, nitruration, oxyinitrocarburation, etc.).<\\\/td>\\n<\\\/tr>\\n\n\n<tr>\\n\n\n<td style=\\\"background-color: #eaeaea;\\\"><strong>Rev\\u00eatements<\\\/strong><\\\/td>\\n\n\n<td style=\\\"background-color: #eaeaea;\\\">Tous les principaux rev\\u00eatements galvaniques et chimiques (galvanisation \\u00e0 chaud et \\u00e9lectrolytique, phosphatation, nickel chimique, zinc-zinc, zinc-nickel, etc.).<\\\/td>\\n<\\\/tr>\\n<\\\/tbody>\\n<\\\/table>\",\"text_style\":\"\",\"text_color\":\"\",\"text_size\":\"\",\"column\":\"\",\"text_align\":\"\",\"text_align_breakpoint\":\"\",\"text_align_fallback\":\"\",\"maxwidth\":\"\",\"maxwidth_align\":\"\",\"maxwidth_breakpoint\":\"\",\"animation\":\"\",\"visibility\":\"\"}},{\"name\":\"\",\"type\":\"text\",\"props\":{\"margin\":\"default\",\"column_breakpoint\":\"m\",\"content\":\"\n\n<p>Nous fournissons des <a href=\\\"\\\/fr\\\/?p=1197\\\">couronnes et des pignons,<\\\/a> pour chaque type de cha\\u00eene.<\\\/p>\",\"text_style\":\"\",\"text_color\":\"\",\"text_size\":\"\",\"column\":\"\",\"text_align\":\"\",\"text_align_breakpoint\":\"\",\"text_align_fallback\":\"\",\"maxwidth\":\"\",\"maxwidth_align\":\"\",\"maxwidth_breakpoint\":\"\",\"animation\":\"\",\"visibility\":\"\"}},{\"name\":\"\",\"type\":\"text\",\"props\":{\"margin\":\"default\",\"column_breakpoint\":\"m\",\"content\":\"\n\n<p>Notre philosophie d'entreprise repose sur l\\u2019int\\u00e9r\\u00eat du client.<\\\/p>\",\"text_style\":\"\",\"text_color\":\"\",\"text_size\":\"\",\"column\":\"\",\"text_align\":\"\",\"text_align_breakpoint\":\"\",\"text_align_fallback\":\"\",\"maxwidth\":\"\",\"maxwidth_align\":\"\",\"maxwidth_breakpoint\":\"\",\"animation\":\"\",\"visibility\":\"\"}}]},{\"name\":\"\",\"type\":\"column\",\"props\":{\"widths\":[\"\"],\"image_position\":\"center-center\"},\"children\":[{\"name\":\"\",\"type\":\"gallery\",\"props\":{\"show_title\":false,\"show_meta\":false,\"show_content\":false,\"show_link\":false,\"show_hover_image\":true,\"grid_default\":\"1\",\"grid_medium\":\"1\",\"overlay_mode\":\"cover\",\"overlay_position\":\"center\",\"overlay_transition\":\"fade\",\"title_element\":\"h3\",\"meta_style\":\"meta\",\"meta_align\":\"bottom\",\"text_align\":\"center\",\"margin\":\"default\",\"lightbox\":false},\"children\":[{\"name\":\"\",\"type\":\"gallery_item\",\"props\":{\"image\":\"wp-content\\\/uploads\\\/macchinario-1.jpg\"}},{\"name\":\"\",\"type\":\"gallery_item\",\"props\":{\"image\":\"wp-content\\\/uploads\\\/cosa-facc.jpg\"}},{\"name\":\"\",\"type\":\"gallery_item\",\"props\":{\"image\":\"wp-content\\\/uploads\\\/CatenaStandard-1.jpg\"}}]}]}]}]}]} --><\/p>\n","protected":false},"excerpt":{"rendered":"<p>Ce que nous faisons \u00ab\u00a0Nous fabriquons des cha\u00eenes de transport industriel\u00a0\u00bb &#8211; sp\u00e9ciales pour chaque application;- sur le plan du client;- aux normes ISO-DIN-BRITISH STANDARD-ANSI;- non unifi\u00e9;- au pas m\u00e9trique ou pouce; Gamme de production Pas de cha\u00eene de 25,00 mm. \u00e0 600,00 mm et plus, si n\u00e9cessaire. Charge de rupture jusqu&rsquo;\u00e0 3 000 000 [&hellip;]<\/p>\n","protected":false},"author":1,"featured_media":0,"parent":0,"menu_order":0,"comment_status":"closed","ping_status":"closed","template":"","meta":{"footnotes":""},"class_list":["post-3522","page","type-page","status-publish","hentry"],"yoast_head":"<!-- This site is optimized with the Yoast SEO plugin v27.5 - https:\/\/yoast.com\/product\/yoast-seo-wordpress\/ -->\n<title>Que faisons-nous - ZMC Italia<\/title>\n<meta name=\"robots\" content=\"index, follow, max-snippet:-1, max-image-preview:large, max-video-preview:-1\" \/>\n<link rel=\"canonical\" href=\"https:\/\/www.zmc.it\/fr\/que-faisons-nous\/\" \/>\n<meta property=\"og:locale\" content=\"fr_FR\" \/>\n<meta property=\"og:type\" content=\"article\" \/>\n<meta property=\"og:title\" content=\"Que faisons-nous - ZMC Italia\" \/>\n<meta property=\"og:description\" content=\"Ce que nous faisons \u00ab\u00a0Nous fabriquons des cha\u00eenes de transport industriel\u00a0\u00bb &#8211; sp\u00e9ciales pour chaque application;- sur le plan du client;- aux normes ISO-DIN-BRITISH STANDARD-ANSI;- non unifi\u00e9;- au pas m\u00e9trique ou pouce; Gamme de production Pas de cha\u00eene de 25,00 mm. \u00e0 600,00 mm et plus, si n\u00e9cessaire. Charge de rupture jusqu&rsquo;\u00e0 3 000 000 [&hellip;]\" \/>\n<meta property=\"og:url\" content=\"https:\/\/www.zmc.it\/fr\/que-faisons-nous\/\" \/>\n<meta property=\"og:site_name\" content=\"ZMC Italia\" \/>\n<meta property=\"article:modified_time\" content=\"2018-12-19T11:03:07+00:00\" \/>\n<meta property=\"og:image\" content=\"https:\/\/www.zmc.it\/wp-content\/uploads\/FOTO-SLIDER-2.jpg\" \/>\n\t<meta property=\"og:image:width\" content=\"1600\" \/>\n\t<meta property=\"og:image:height\" content=\"500\" \/>\n\t<meta property=\"og:image:type\" content=\"image\/jpeg\" \/>\n<meta name=\"twitter:card\" content=\"summary_large_image\" \/>\n<meta name=\"twitter:label1\" content=\"Dur\u00e9e de lecture estim\u00e9e\" \/>\n\t<meta name=\"twitter:data1\" content=\"1 minute\" \/>\n<script type=\"application\/ld+json\" class=\"yoast-schema-graph\">{\"@context\":\"https:\\\/\\\/schema.org\",\"@graph\":[{\"@type\":\"WebPage\",\"@id\":\"https:\\\/\\\/www.zmc.it\\\/fr\\\/que-faisons-nous\\\/\",\"url\":\"https:\\\/\\\/www.zmc.it\\\/fr\\\/que-faisons-nous\\\/\",\"name\":\"Que faisons-nous - ZMC Italia\",\"isPartOf\":{\"@id\":\"https:\\\/\\\/www.zmc.it\\\/#website\"},\"datePublished\":\"2018-03-16T06:54:10+00:00\",\"dateModified\":\"2018-12-19T11:03:07+00:00\",\"breadcrumb\":{\"@id\":\"https:\\\/\\\/www.zmc.it\\\/fr\\\/que-faisons-nous\\\/#breadcrumb\"},\"inLanguage\":\"fr-FR\",\"potentialAction\":[{\"@type\":\"ReadAction\",\"target\":[\"https:\\\/\\\/www.zmc.it\\\/fr\\\/que-faisons-nous\\\/\"]}]},{\"@type\":\"BreadcrumbList\",\"@id\":\"https:\\\/\\\/www.zmc.it\\\/fr\\\/que-faisons-nous\\\/#breadcrumb\",\"itemListElement\":[{\"@type\":\"ListItem\",\"position\":1,\"name\":\"Home\",\"item\":\"https:\\\/\\\/www.zmc.it\\\/fr\\\/\"},{\"@type\":\"ListItem\",\"position\":2,\"name\":\"Que faisons-nous\"}]},{\"@type\":\"WebSite\",\"@id\":\"https:\\\/\\\/www.zmc.it\\\/#website\",\"url\":\"https:\\\/\\\/www.zmc.it\\\/\",\"name\":\"ZMC Italia\",\"description\":\"\",\"publisher\":{\"@id\":\"https:\\\/\\\/www.zmc.it\\\/#organization\"},\"potentialAction\":[{\"@type\":\"SearchAction\",\"target\":{\"@type\":\"EntryPoint\",\"urlTemplate\":\"https:\\\/\\\/www.zmc.it\\\/?s={search_term_string}\"},\"query-input\":{\"@type\":\"PropertyValueSpecification\",\"valueRequired\":true,\"valueName\":\"search_term_string\"}}],\"inLanguage\":\"fr-FR\"},{\"@type\":\"Organization\",\"@id\":\"https:\\\/\\\/www.zmc.it\\\/#organization\",\"name\":\"ZMC Italy\",\"url\":\"https:\\\/\\\/www.zmc.it\\\/\",\"logo\":{\"@type\":\"ImageObject\",\"inLanguage\":\"fr-FR\",\"@id\":\"https:\\\/\\\/www.zmc.it\\\/#\\\/schema\\\/logo\\\/image\\\/\",\"url\":\"https:\\\/\\\/www.zmc.it\\\/wp-content\\\/uploads\\\/zmc-logo.png\",\"contentUrl\":\"https:\\\/\\\/www.zmc.it\\\/wp-content\\\/uploads\\\/zmc-logo.png\",\"width\":150,\"height\":75,\"caption\":\"ZMC Italy\"},\"image\":{\"@id\":\"https:\\\/\\\/www.zmc.it\\\/#\\\/schema\\\/logo\\\/image\\\/\"},\"sameAs\":[\"https:\\\/\\\/www.linkedin.com\\\/company\\\/z.m.c.-italia-s.r.l.\\\/about\\\/\"]}]}<\/script>\n<!-- \/ Yoast SEO plugin. -->","yoast_head_json":{"title":"Que faisons-nous - ZMC Italia","robots":{"index":"index","follow":"follow","max-snippet":"max-snippet:-1","max-image-preview":"max-image-preview:large","max-video-preview":"max-video-preview:-1"},"canonical":"https:\/\/www.zmc.it\/fr\/que-faisons-nous\/","og_locale":"fr_FR","og_type":"article","og_title":"Que faisons-nous - ZMC Italia","og_description":"Ce que nous faisons \u00ab\u00a0Nous fabriquons des cha\u00eenes de transport industriel\u00a0\u00bb &#8211; sp\u00e9ciales pour chaque application;- sur le plan du client;- aux normes ISO-DIN-BRITISH STANDARD-ANSI;- non unifi\u00e9;- au pas m\u00e9trique ou pouce; Gamme de production Pas de cha\u00eene de 25,00 mm. \u00e0 600,00 mm et plus, si n\u00e9cessaire. Charge de rupture jusqu&rsquo;\u00e0 3 000 000 [&hellip;]","og_url":"https:\/\/www.zmc.it\/fr\/que-faisons-nous\/","og_site_name":"ZMC Italia","article_modified_time":"2018-12-19T11:03:07+00:00","og_image":[{"width":1600,"height":500,"url":"https:\/\/www.zmc.it\/wp-content\/uploads\/FOTO-SLIDER-2.jpg","type":"image\/jpeg"}],"twitter_card":"summary_large_image","twitter_misc":{"Dur\u00e9e de lecture estim\u00e9e":"1 minute"},"schema":{"@context":"https:\/\/schema.org","@graph":[{"@type":"WebPage","@id":"https:\/\/www.zmc.it\/fr\/que-faisons-nous\/","url":"https:\/\/www.zmc.it\/fr\/que-faisons-nous\/","name":"Que faisons-nous - ZMC Italia","isPartOf":{"@id":"https:\/\/www.zmc.it\/#website"},"datePublished":"2018-03-16T06:54:10+00:00","dateModified":"2018-12-19T11:03:07+00:00","breadcrumb":{"@id":"https:\/\/www.zmc.it\/fr\/que-faisons-nous\/#breadcrumb"},"inLanguage":"fr-FR","potentialAction":[{"@type":"ReadAction","target":["https:\/\/www.zmc.it\/fr\/que-faisons-nous\/"]}]},{"@type":"BreadcrumbList","@id":"https:\/\/www.zmc.it\/fr\/que-faisons-nous\/#breadcrumb","itemListElement":[{"@type":"ListItem","position":1,"name":"Home","item":"https:\/\/www.zmc.it\/fr\/"},{"@type":"ListItem","position":2,"name":"Que faisons-nous"}]},{"@type":"WebSite","@id":"https:\/\/www.zmc.it\/#website","url":"https:\/\/www.zmc.it\/","name":"ZMC Italia","description":"","publisher":{"@id":"https:\/\/www.zmc.it\/#organization"},"potentialAction":[{"@type":"SearchAction","target":{"@type":"EntryPoint","urlTemplate":"https:\/\/www.zmc.it\/?s={search_term_string}"},"query-input":{"@type":"PropertyValueSpecification","valueRequired":true,"valueName":"search_term_string"}}],"inLanguage":"fr-FR"},{"@type":"Organization","@id":"https:\/\/www.zmc.it\/#organization","name":"ZMC Italy","url":"https:\/\/www.zmc.it\/","logo":{"@type":"ImageObject","inLanguage":"fr-FR","@id":"https:\/\/www.zmc.it\/#\/schema\/logo\/image\/","url":"https:\/\/www.zmc.it\/wp-content\/uploads\/zmc-logo.png","contentUrl":"https:\/\/www.zmc.it\/wp-content\/uploads\/zmc-logo.png","width":150,"height":75,"caption":"ZMC Italy"},"image":{"@id":"https:\/\/www.zmc.it\/#\/schema\/logo\/image\/"},"sameAs":["https:\/\/www.linkedin.com\/company\/z.m.c.-italia-s.r.l.\/about\/"]}]}},"_links":{"self":[{"href":"https:\/\/www.zmc.it\/fr\/wp-json\/wp\/v2\/pages\/3522","targetHints":{"allow":["GET"]}}],"collection":[{"href":"https:\/\/www.zmc.it\/fr\/wp-json\/wp\/v2\/pages"}],"about":[{"href":"https:\/\/www.zmc.it\/fr\/wp-json\/wp\/v2\/types\/page"}],"author":[{"embeddable":true,"href":"https:\/\/www.zmc.it\/fr\/wp-json\/wp\/v2\/users\/1"}],"replies":[{"embeddable":true,"href":"https:\/\/www.zmc.it\/fr\/wp-json\/wp\/v2\/comments?post=3522"}],"version-history":[{"count":0,"href":"https:\/\/www.zmc.it\/fr\/wp-json\/wp\/v2\/pages\/3522\/revisions"}],"wp:attachment":[{"href":"https:\/\/www.zmc.it\/fr\/wp-json\/wp\/v2\/media?parent=3522"}],"curies":[{"name":"wp","href":"https:\/\/api.w.org\/{rel}","templated":true}]}}