{"id":3521,"date":"2018-03-16T06:57:23","date_gmt":"2018-03-16T06:57:23","guid":{"rendered":"https:\/\/www.zmc.it\/standard-chains\/"},"modified":"2018-12-17T12:00:14","modified_gmt":"2018-12-17T12:00:14","slug":"chaines-standards","status":"publish","type":"page","link":"https:\/\/www.zmc.it\/fr\/chaines-standards\/","title":{"rendered":"Cha\u00eenes standards"},"content":{"rendered":"<p>Cha\u00eenes standards<\/p>\n<p>Les cha\u00eenes standard de la gamme ZMC comprennent des produits conformes aux principales normes internationales (ISO1977, DIN 8165, DIN 8167, DIN 8168, norme britannique 4119, ANSI \/ ASME B29.100) et des cha\u00eenes non standards \u00e0 usage courant.Polyvalentes et fiables, les cha\u00eenes standards offrent au concepteur un large choix de solutions pour l&rsquo;utilisation de cha\u00eenes de transport dans les secteurs les plus diversifi\u00e9s. La gamme de cha\u00eenes standards ZMC couvre une tr\u00e8s large gamme en termes de dimensions, de caract\u00e9ristiques m\u00e9caniques et de g\u00e9om\u00e9trie; nous avons des cha\u00eenes \u00e0 la fois au pas m\u00e9trique et en pouces, avec des axes pleins, avec des axes creux et avec des axes d\u00e9bordants, avec des mailles d\u00e9port\u00e9es et des attaches. Dans la plupart des cas, l&rsquo;alternative avec plaques trait\u00e9es est disponible pour augmenter la charge de rupture et, sur demande, l&rsquo;alternative en acier inoxydable ou zingu\u00e9.La nomenclature traditionnelle ZMC est associ\u00e9e \u00e0 la s\u00e9rie principale de cha\u00eenes unifi\u00e9es:S\u00e9rie Z &#8211; Cha\u00eenes au pas c\u00f4te pouce selon la norme anglo-saxonne BS4119 Part4S\u00e9rie M &#8211; Cha\u00eenes au pas m\u00e9trique ISO1977, normes DIN 8167, DIN 8168S\u00e9rie C &#8211; Cha\u00eenes \u00e0 pas m\u00e9trique selon DIN 8165, internationalement connu et \u00e9galement sous le nom de cha\u00eene FV<\/p>\n<p>Cha\u00eenes non standards au pas m\u00e9trique<\/p>\n<p>AXES PLEINS <\/p>\n<p>AXES CREUX <\/p>\n<p>MAILLES D\u00c9PORT\u00c9ES<\/p>\n<p>Cha\u00eenes non standards<\/p>\n<p>AXES CREUX<\/p>\n<p>Cha\u00eenes s\u00e9rie BS 4116 PARTIE 4 (s\u00e9rie Z)<\/p>\n<p>AXES PLEINS <\/p>\n<p>AXES CREUX <\/p>\n<p>MAILLES D\u00c9PORT\u00c9ES<\/p>\n<p>Chains according to ISO 1977<br \/>\nDIN 8167 (M series)\t<\/p>\n<p>AXES PLEINS<\/p>\n<p>AXES CREUX <\/p>\n<p>MAILLES D\u00c9PORT\u00c9ES<\/p>\n<p>Cha\u00eenes s\u00e9rie DIN 8165<br \/>\n(s\u00e9rie C)<\/p>\n<p>AXES PLEINS<\/p>\n<p>AXES CREUX <\/p>\n<p>MAILLES D\u00c9PORT\u00c9ES<\/p>\n<p>Cha\u00eenes<br \/>\ns\u00e9rie ANSI<\/p>\n<p>AXES PLEINS<\/p>\n<p>T\u00e9l\u00e9charger catalogue<\/p>\n<p>Trouver la cha\u00eene<\/p>\n<p>Contacts<\/p>\n<p><!-- {\"name\":\"\",\"type\":\"layout\",\"children\":[{\"name\":\"BREAD\",\"type\":\"section\",\"props\":{\"style\":\"default\",\"width\":\"default\",\"vertical_align\":\"middle\",\"title_position\":\"top-left\",\"title_rotation\":\"left\",\"title_breakpoint\":\"xl\",\"image_position\":\"center-center\",\"padding\":\"xsmall\",\"padding_remove_bottom\":true},\"children\":[{\"name\":\"\",\"type\":\"row\",\"props\":{\"fixed_width\":\"large\",\"breakpoint\":\"m\",\"layout\":\"1-1\"},\"children\":[{\"name\":\"\",\"type\":\"column\",\"props\":{\"widths\":[\"1-1\"],\"image_position\":\"center-center\"},\"children\":[{\"name\":\"\",\"type\":\"headline\",\"props\":{\"title_element\":\"h1\",\"content\":\"Cha\\u00eenes standards\",\"title_style\":\"\",\"title_decoration\":\"\",\"title_color\":\"\",\"text_align\":\"\",\"text_align_breakpoint\":\"\",\"text_align_fallback\":\"\",\"maxwidth\":\"\",\"maxwidth_align\":\"\",\"maxwidth_breakpoint\":\"\",\"margin\":\"\",\"animation\":\"\",\"visibility\":\"\"}},{\"name\":\"\",\"type\":\"text\",\"props\":{\"margin\":\"default\",\"column_breakpoint\":\"m\",\"content\":\"\n\n<p>Les cha\\u00eenes standard de la gamme ZMC comprennent des produits conformes aux principales normes internationales (ISO1977, DIN 8165, DIN 8167, DIN 8168, norme britannique 4119, ANSI \\\/ ASME B29.100) et des cha\\u00eenes non standards \\u00e0 usage courant.<br \\\/>Polyvalentes et fiables, les cha\\u00eenes standards offrent au concepteur un large choix de solutions pour l'utilisation de cha\\u00eenes de transport dans les secteurs les plus diversifi\\u00e9s. La gamme de cha\\u00eenes standards ZMC couvre une tr\\u00e8s large gamme en termes de dimensions, de caract\\u00e9ristiques m\\u00e9caniques et de g\\u00e9om\\u00e9trie; nous avons des cha\\u00eenes \\u00e0 la fois au pas m\\u00e9trique et en pouces, avec des axes pleins, avec des axes creux et avec des axes d\\u00e9bordants, avec des mailles d\\u00e9port\\u00e9es et des attaches. Dans la plupart des cas, l'alternative avec plaques trait\\u00e9es est disponible pour augmenter la charge de rupture et, sur demande, l'alternative en acier inoxydable ou zingu\\u00e9.<br \\\/>La nomenclature traditionnelle ZMC est associ\\u00e9e \\u00e0 la s\\u00e9rie principale de cha\\u00eenes unifi\\u00e9es:<br \\\/>S\\u00e9rie Z - Cha\\u00eenes au pas c\\u00f4te pouce selon la norme anglo-saxonne BS4119 Part4<br \\\/>S\\u00e9rie M - Cha\\u00eenes au pas m\\u00e9trique ISO1977, normes DIN 8167, DIN 8168<br \\\/>S\\u00e9rie C - Cha\\u00eenes \\u00e0 pas m\\u00e9trique selon DIN 8165, internationalement connu et \\u00e9galement sous le nom de cha\\u00eene FV<\\\/p>\",\"text_style\":\"\",\"text_color\":\"\",\"text_size\":\"\",\"column\":\"\",\"text_align\":\"\",\"text_align_breakpoint\":\"\",\"text_align_fallback\":\"\",\"maxwidth\":\"\",\"maxwidth_align\":\"\",\"maxwidth_breakpoint\":\"\",\"animation\":\"\",\"visibility\":\"\"}}]}]}]},{\"name\":\"\",\"type\":\"section\",\"props\":{\"style\":\"default\",\"width\":\"default\",\"vertical_align\":\"middle\",\"title_position\":\"top-left\",\"title_rotation\":\"left\",\"title_breakpoint\":\"xl\",\"image_position\":\"center-center\",\"padding\":\"\",\"padding_remove_bottom\":true,\"padding_remove_top\":true},\"children\":[{\"name\":\"\",\"type\":\"row\",\"props\":{\"fixed_width\":\"large\",\"breakpoint\":\"m\",\"layout\":\",,\",\"gutter\":\"large\",\"divider\":false},\"children\":[{\"name\":\"\",\"type\":\"column\",\"props\":{\"widths\":[\"\"],\"image_position\":\"center-center\",\"style\":\"\",\"padding\":\"\"},\"children\":[{\"name\":\"\",\"type\":\"headline\",\"props\":{\"title_element\":\"h2\",\"title_style\":\"h3\",\"content\":\"Cha\\u00eenes non standards au pas m\\u00e9trique\",\"link\":\"\",\"margin_remove_bottom\":true,\"margin\":\"\",\"margin_remove_top\":false,\"title_decoration\":\"\",\"title_color\":\"\",\"text_align\":\"center\",\"class\":\"tit-catene-standard\",\"maxwidth\":\"\",\"maxwidth_align\":\"center\",\"text_align_breakpoint\":\"\",\"text_align_fallback\":\"\",\"maxwidth_breakpoint\":\"\",\"animation\":\"\",\"visibility\":\"\"}},{\"name\":\"\",\"type\":\"image\",\"props\":{\"margin\":\"default\",\"image\":\"wp-content\\\/uploads\\\/non-unificate-passo-metrico.jpg\",\"margin_remove_top\":true,\"margin_remove_bottom\":true,\"text_align\":\"center\",\"maxwidth\":\"xxlarge\",\"maxwidth_align\":\"center\",\"class\":\"immagine-standard\"}},{\"name\":\"\",\"type\":\"subnav\",\"props\":{\"subnav_style\":\"\",\"text_align\":\"center\",\"margin_remove_top\":false,\"class\":\"tit-catene-standard-perni\",\"text_align_breakpoint\":\"\",\"text_align_fallback\":\"\",\"maxwidth\":\"\",\"maxwidth_align\":\"\",\"maxwidth_breakpoint\":\"\",\"margin\":\"\",\"animation\":\"\",\"visibility\":\"\"},\"children\":[{\"name\":\"\",\"type\":\"subnav_item\",\"props\":{\"content\":\"AXES PLEINS \",\"link\":\"\\\/fr\\\/?p=648\"}},{\"name\":\"\",\"type\":\"subnav_item\",\"props\":{\"content\":\"AXES CREUX \",\"link\":\"\\\/fr\\\/?p=922\"}},{\"name\":\"\",\"type\":\"subnav_item\",\"props\":{\"content\":\"MAILLES D\\u00c9PORT\\u00c9ES\",\"link\":\"\\\/fr\\\/?p=949\"}}]}]},{\"name\":\"\",\"type\":\"column\",\"props\":{\"widths\":[\"\"],\"image_position\":\"center-center\"},\"children\":[{\"name\":\"\",\"type\":\"headline\",\"props\":{\"title_element\":\"h1\",\"title_style\":\"h3\",\"content\":\"Cha\\u00eenes non standards\",\"link\":\"\",\"margin_remove_bottom\":true,\"margin\":\"\",\"text_align\":\"center\",\"class\":\"tit-catene-standard\",\"title_decoration\":\"\",\"title_color\":\"\",\"text_align_breakpoint\":\"\",\"text_align_fallback\":\"\",\"maxwidth\":\"\",\"maxwidth_align\":\"\",\"maxwidth_breakpoint\":\"\",\"animation\":\"\",\"visibility\":\"\"}},{\"name\":\"\",\"type\":\"image\",\"props\":{\"margin\":\"default\",\"image\":\"wp-content\\\/uploads\\\/non-unificate.jpg\",\"margin_remove_top\":true,\"margin_remove_bottom\":true,\"css\":\"\",\"class\":\"immagine-standard\",\"text_align\":\"center\"}},{\"name\":\"\",\"type\":\"subnav\",\"props\":{\"subnav_style\":\"\",\"text_align\":\"center\",\"class\":\"tit-catene-standard-perni\",\"text_align_breakpoint\":\"\",\"text_align_fallback\":\"\",\"maxwidth\":\"\",\"maxwidth_align\":\"\",\"maxwidth_breakpoint\":\"\",\"margin\":\"\",\"animation\":\"\",\"visibility\":\"\"},\"children\":[{\"name\":\"\",\"type\":\"subnav_item\",\"props\":{\"content\":\"AXES CREUX\",\"link\":\"\\\/fr\\\/?p=956\"}}]}]},{\"name\":\"\",\"type\":\"column\",\"props\":{\"widths\":[\"\"],\"image_position\":\"center-center\"},\"children\":[{\"name\":\"\",\"type\":\"headline\",\"props\":{\"title_element\":\"h2\",\"title_style\":\"h3\",\"content\":\"Cha\\u00eenes s\\u00e9rie BS 4116 PARTIE 4 (s\\u00e9rie Z)\",\"link\":\"\",\"margin_remove_bottom\":true,\"margin\":\"\",\"margin_remove_top\":false,\"title_decoration\":\"\",\"title_color\":\"\",\"text_align\":\"center\",\"class\":\"tit-catene-standard\",\"text_align_breakpoint\":\"\",\"text_align_fallback\":\"\",\"maxwidth\":\"\",\"maxwidth_align\":\"\",\"maxwidth_breakpoint\":\"\",\"animation\":\"\",\"visibility\":\"\"}},{\"name\":\"\",\"type\":\"image\",\"props\":{\"margin\":\"default\",\"image\":\"wp-content\\\/uploads\\\/serie-z.jpg\",\"margin_remove_top\":true,\"margin_remove_bottom\":true,\"css\":\"\",\"class\":\"immagine-standard\",\"text_align\":\"center\"}},{\"name\":\"\",\"type\":\"subnav\",\"props\":{\"subnav_style\":\"\",\"text_align\":\"center\",\"margin_remove_top\":false,\"class\":\"tit-catene-standard-perni\",\"text_align_breakpoint\":\"\",\"text_align_fallback\":\"\",\"maxwidth\":\"\",\"maxwidth_align\":\"\",\"maxwidth_breakpoint\":\"\",\"margin\":\"\",\"animation\":\"\",\"visibility\":\"\"},\"children\":[{\"name\":\"\",\"type\":\"subnav_item\",\"props\":{\"content\":\"AXES PLEINS \",\"link\":\"\\\/fr\\\/?p=969\"}},{\"name\":\"\",\"type\":\"subnav_item\",\"props\":{\"content\":\"AXES CREUX \",\"link\":\"\\\/fr\\\/?p=981\"}},{\"name\":\"\",\"type\":\"subnav_item\",\"props\":{\"content\":\"MAILLES D\\u00c9PORT\\u00c9ES\",\"link\":\"\\\/fr\\\/?p=988\"}}]}]}]}]},{\"name\":\"\",\"type\":\"section\",\"props\":{\"style\":\"default\",\"width\":\"default\",\"vertical_align\":\"middle\",\"title_position\":\"top-left\",\"title_rotation\":\"left\",\"title_breakpoint\":\"xl\",\"image_position\":\"center-center\",\"padding\":\"\",\"padding_remove_bottom\":false},\"children\":[{\"name\":\"\",\"type\":\"row\",\"props\":{\"fixed_width\":\"large\",\"breakpoint\":\"m\",\"layout\":\",,\",\"gutter\":\"large\"},\"children\":[{\"name\":\"\",\"type\":\"column\",\"props\":{\"widths\":[\"\"],\"image_position\":\"center-center\",\"style\":\"\",\"padding\":\"\"},\"children\":[{\"name\":\"\",\"type\":\"headline\",\"props\":{\"title_element\":\"h1\",\"title_style\":\"h3\",\"content\":\"Chains according to ISO 1977 \\n\n\n<div class=\\\"capoe\\\">DIN 8167 (M series)\\t<\\\/div>\",\"link\":\"\",\"margin_remove_bottom\":true,\"margin\":\"\",\"text_align\":\"center\",\"class\":\"tit-catene-standard\"}},{\"name\":\"\",\"type\":\"image\",\"props\":{\"margin\":\"default\",\"image\":\"wp-content\\\/uploads\\\/serie-m.jpg\",\"margin_remove_top\":true,\"margin_remove_bottom\":true,\"css\":\"\",\"class\":\"immagine-standard\",\"text_align\":\"center\"}},{\"name\":\"\",\"type\":\"subnav\",\"props\":{\"subnav_style\":\"\",\"text_align\":\"center\",\"margin_remove_top\":false,\"class\":\"tit-catene-standard-perni\",\"text_align_breakpoint\":\"\",\"text_align_fallback\":\"\",\"maxwidth\":\"\",\"maxwidth_align\":\"\",\"maxwidth_breakpoint\":\"\",\"margin\":\"\",\"animation\":\"\",\"visibility\":\"\"},\"children\":[{\"name\":\"\",\"type\":\"subnav_item\",\"props\":{\"content\":\"AXES PLEINS\",\"link\":\"\\\/fr\\\/?p=1006\"}},{\"name\":\"\",\"type\":\"subnav_item\",\"props\":{\"content\":\"AXES CREUX \",\"link\":\"\\\/fr\\\/?p=1015\"}},{\"name\":\"\",\"type\":\"subnav_item\",\"props\":{\"content\":\"MAILLES D\\u00c9PORT\\u00c9ES\",\"link\":\"\\\/fr\\\/?p=1021\"}}]}]},{\"name\":\"\",\"type\":\"column\",\"props\":{\"widths\":[\"\"],\"image_position\":\"center-center\"},\"children\":[{\"name\":\"\",\"type\":\"headline\",\"props\":{\"title_element\":\"h2\",\"title_style\":\"h3\",\"content\":\"Cha\\u00eenes s\\u00e9rie DIN 8165 <br \\\/>\\n(s\\u00e9rie C)\",\"link\":\"\",\"margin_remove_bottom\":true,\"margin\":\"\",\"margin_remove_top\":false,\"title_decoration\":\"\",\"title_color\":\"\",\"text_align\":\"center\",\"class\":\"tit-catene-standard\",\"text_align_breakpoint\":\"\",\"text_align_fallback\":\"\",\"maxwidth\":\"\",\"maxwidth_align\":\"\",\"maxwidth_breakpoint\":\"\",\"animation\":\"\",\"visibility\":\"\"}},{\"name\":\"\",\"type\":\"image\",\"props\":{\"margin\":\"default\",\"image\":\"wp-content\\\/uploads\\\/serie-c.jpg\",\"margin_remove_top\":true,\"margin_remove_bottom\":true,\"text_align\":\"center\",\"class\":\"immagine-standard\"}},{\"name\":\"\",\"type\":\"subnav\",\"props\":{\"subnav_style\":\"\",\"text_align\":\"center\",\"margin_remove_top\":false,\"class\":\"tit-catene-standard-perni\",\"text_align_breakpoint\":\"\",\"text_align_fallback\":\"\",\"maxwidth\":\"\",\"maxwidth_align\":\"\",\"maxwidth_breakpoint\":\"\",\"margin\":\"\",\"animation\":\"\",\"visibility\":\"\"},\"children\":[{\"name\":\"\",\"type\":\"subnav_item\",\"props\":{\"content\":\"AXES PLEINS\",\"link\":\"\\\/fr\\\/?p=1027\"}},{\"name\":\"\",\"type\":\"subnav_item\",\"props\":{\"content\":\"AXES CREUX \",\"link\":\"\\\/fr\\\/?p=1044\"}},{\"name\":\"\",\"type\":\"subnav_item\",\"props\":{\"content\":\"MAILLES D\\u00c9PORT\\u00c9ES\",\"link\":\"\\\/fr\\\/?p=1047\"}}]}]},{\"name\":\"\",\"type\":\"column\",\"props\":{\"widths\":[\"\"],\"image_position\":\"center-center\"},\"children\":[{\"name\":\"\",\"type\":\"headline\",\"props\":{\"title_element\":\"h1\",\"title_style\":\"h3\",\"content\":\"Cha\\u00eenes<br \\\/>\\ns\\u00e9rie ANSI\",\"link\":\"\",\"margin_remove_bottom\":true,\"margin\":\"\",\"text_align\":\"center\",\"class\":\"tit-catene-standard\",\"title_decoration\":\"\",\"title_color\":\"\",\"text_align_breakpoint\":\"\",\"text_align_fallback\":\"\",\"maxwidth\":\"\",\"maxwidth_align\":\"\",\"maxwidth_breakpoint\":\"\",\"animation\":\"\",\"visibility\":\"\"}},{\"name\":\"\",\"type\":\"image\",\"props\":{\"margin\":\"default\",\"image\":\"wp-content\\\/uploads\\\/serie-ansi.jpg\",\"margin_remove_top\":true,\"margin_remove_bottom\":true,\"text_align\":\"center\",\"class\":\"immagine-standard\"}},{\"name\":\"\",\"type\":\"subnav\",\"props\":{\"subnav_style\":\"\",\"text_align\":\"center\",\"margin_remove_top\":false,\"class\":\"tit-catene-standard-perni\",\"text_align_breakpoint\":\"\",\"text_align_fallback\":\"\",\"maxwidth\":\"\",\"maxwidth_align\":\"\",\"maxwidth_breakpoint\":\"\",\"margin\":\"\",\"animation\":\"\",\"visibility\":\"\"},\"children\":[{\"name\":\"\",\"type\":\"subnav_item\",\"props\":{\"content\":\"AXES PLEINS\",\"link\":\"\\\/fr\\\/?p=1052\"}}]}]}]}]},{\"name\":\" 2 Bottoni Scarica\",\"type\":\"section\",\"props\":{\"style\":\"default\",\"width\":\"default\",\"vertical_align\":\"middle\",\"title_position\":\"top-left\",\"title_rotation\":\"left\",\"title_breakpoint\":\"xl\",\"image_position\":\"center-center\",\"padding_remove_top\":true,\"padding_remove_bottom\":false},\"children\":[{\"name\":\"\",\"type\":\"row\",\"props\":{\"fixed_width\":\"large\",\"breakpoint\":\"m\",\"layout\":\",,\",\"width\":\"default\",\"margin\":\"\",\"margin_remove_bottom\":false},\"children\":[{\"name\":\"\",\"type\":\"column\",\"props\":{\"widths\":[\"\"],\"image_position\":\"center-center\"},\"children\":[{\"name\":\"download-cat-fra\",\"type\":\"button\",\"props\":{\"gutter\":\"small\",\"margin\":\"default\",\"maxwidth\":\"xxlarge\",\"button_size\":\"large\",\"fullwidth\":true,\"text_align\":\"\",\"text_align_breakpoint\":\"\",\"text_align_fallback\":\"\",\"maxwidth_align\":\"\",\"maxwidth_breakpoint\":\"\",\"animation\":\"\",\"visibility\":\"\"},\"children\":[{\"name\":\"\",\"type\":\"button_item\",\"props\":{\"button_style\":\"primary\",\"icon_align\":\"left\",\"icon\":\"download\",\"link_title\":\"\",\"content\":\"T\\u00e9l\\u00e9charger catalogue\",\"link\":\"wp-content\\\/uploads\\\/ZMC-Cat-Francais.pdf\",\"link_target\":\"blank\"}}]}]},{\"name\":\"\",\"type\":\"column\",\"props\":{\"widths\":[\"\"],\"image_position\":\"center-center\"},\"children\":[{\"name\":\"Bottone Trova la catena\",\"type\":\"button\",\"props\":{\"gutter\":\"small\",\"margin\":\"default\",\"button_size\":\"large\",\"fullwidth\":true,\"maxwidth\":\"xxlarge\",\"maxwidth_align\":\"center\",\"text_align\":\"center\",\"class\":\"bottone-scarica\",\"text_align_breakpoint\":\"\",\"text_align_fallback\":\"\",\"maxwidth_breakpoint\":\"\",\"animation\":\"\",\"visibility\":\"\"},\"children\":[{\"name\":\"\",\"type\":\"button_item\",\"props\":{\"button_style\":\"secondary\",\"icon_align\":\"left\",\"content\":\"Trouver la cha\\u00eene\",\"icon\":\"cog\",\"link\":\"\\\/fr\\\/?p=480\",\"link_target\":\"\"}}]}]},{\"name\":\"\",\"type\":\"column\",\"props\":{\"widths\":[\"\"],\"image_position\":\"center-center\",\"style\":\"\"},\"children\":[{\"name\":\"Bottone contattaci\",\"type\":\"button\",\"props\":{\"gutter\":\"small\",\"margin\":\"default\",\"maxwidth\":\"xxlarge\",\"button_size\":\"large\",\"fullwidth\":true,\"text_align\":\"center\",\"maxwidth_align\":\"center\",\"class\":\"bottone-scarica\",\"text_align_breakpoint\":\"\",\"text_align_fallback\":\"\",\"maxwidth_breakpoint\":\"\",\"animation\":\"\",\"visibility\":\"\"},\"children\":[{\"name\":\"\",\"type\":\"button_item\",\"props\":{\"button_style\":\"primary\",\"icon_align\":\"left\",\"icon\":\"mail\",\"link_title\":\"\",\"content\":\"Contacts\",\"link_target\":\"\",\"link\":\"\\\/fr\\\/?p=384\"}}]}]}]}]}]} --><\/p>\n","protected":false},"excerpt":{"rendered":"<p>Cha\u00eenes standards Les cha\u00eenes standard de la gamme ZMC comprennent des produits conformes aux principales normes internationales (ISO1977, DIN 8165, DIN 8167, DIN 8168, norme britannique 4119, ANSI \/ ASME B29.100) et des cha\u00eenes non standards \u00e0 usage courant.Polyvalentes et fiables, les cha\u00eenes standards offrent au concepteur un large choix de solutions pour l&rsquo;utilisation de [&hellip;]<\/p>\n","protected":false},"author":1,"featured_media":0,"parent":0,"menu_order":0,"comment_status":"closed","ping_status":"closed","template":"","meta":{"footnotes":""},"class_list":["post-3521","page","type-page","status-publish","hentry"],"yoast_head":"<!-- This site is optimized with the Yoast SEO plugin v27.2 - https:\/\/yoast.com\/product\/yoast-seo-wordpress\/ -->\n<title>Vendita catene industriali ZMC Italy<\/title>\n<meta name=\"description\" content=\"La ZMC Italy realizza prodotti per la vendita di catene industriali, standard e non unificate, offrendo varie soluzioni\" \/>\n<meta name=\"robots\" content=\"index, follow, max-snippet:-1, max-image-preview:large, max-video-preview:-1\" \/>\n<link rel=\"canonical\" href=\"https:\/\/www.zmc.it\/fr\/chaines-standards\/\" \/>\n<meta property=\"og:locale\" content=\"fr_FR\" \/>\n<meta property=\"og:type\" content=\"article\" \/>\n<meta property=\"og:title\" content=\"Vendita catene industriali ZMC Italy\" \/>\n<meta property=\"og:description\" content=\"La ZMC Italy realizza prodotti per la vendita di catene industriali, standard e non unificate, offrendo varie soluzioni\" \/>\n<meta property=\"og:url\" content=\"https:\/\/www.zmc.it\/fr\/chaines-standards\/\" \/>\n<meta property=\"og:site_name\" content=\"ZMC Italia\" \/>\n<meta property=\"article:modified_time\" content=\"2018-12-17T12:00:14+00:00\" \/>\n<meta property=\"og:image\" content=\"https:\/\/www.zmc.it\/wp-content\/uploads\/FOTO-SLIDER-2.jpg\" \/>\n\t<meta property=\"og:image:width\" content=\"1600\" \/>\n\t<meta property=\"og:image:height\" content=\"500\" \/>\n\t<meta property=\"og:image:type\" content=\"image\/jpeg\" \/>\n<meta name=\"twitter:card\" content=\"summary_large_image\" \/>\n<meta name=\"twitter:label1\" content=\"Dur\u00e9e de lecture estim\u00e9e\" \/>\n\t<meta name=\"twitter:data1\" content=\"2 minutes\" \/>\n<script type=\"application\/ld+json\" class=\"yoast-schema-graph\">{\"@context\":\"https:\/\/schema.org\",\"@graph\":[{\"@type\":\"WebPage\",\"@id\":\"https:\/\/www.zmc.it\/fr\/chaines-standards\/\",\"url\":\"https:\/\/www.zmc.it\/fr\/chaines-standards\/\",\"name\":\"Vendita catene industriali ZMC Italy\",\"isPartOf\":{\"@id\":\"https:\/\/www.zmc.it\/#website\"},\"datePublished\":\"2018-03-16T06:57:23+00:00\",\"dateModified\":\"2018-12-17T12:00:14+00:00\",\"description\":\"La ZMC Italy realizza prodotti per la vendita di catene industriali, standard e non unificate, offrendo varie soluzioni\",\"breadcrumb\":{\"@id\":\"https:\/\/www.zmc.it\/fr\/chaines-standards\/#breadcrumb\"},\"inLanguage\":\"fr-FR\",\"potentialAction\":[{\"@type\":\"ReadAction\",\"target\":[\"https:\/\/www.zmc.it\/fr\/chaines-standards\/\"]}]},{\"@type\":\"BreadcrumbList\",\"@id\":\"https:\/\/www.zmc.it\/fr\/chaines-standards\/#breadcrumb\",\"itemListElement\":[{\"@type\":\"ListItem\",\"position\":1,\"name\":\"Home\",\"item\":\"https:\/\/www.zmc.it\/fr\/\"},{\"@type\":\"ListItem\",\"position\":2,\"name\":\"Cha\u00eenes standards\"}]},{\"@type\":\"WebSite\",\"@id\":\"https:\/\/www.zmc.it\/#website\",\"url\":\"https:\/\/www.zmc.it\/\",\"name\":\"ZMC Italia\",\"description\":\"\",\"publisher\":{\"@id\":\"https:\/\/www.zmc.it\/#organization\"},\"potentialAction\":[{\"@type\":\"SearchAction\",\"target\":{\"@type\":\"EntryPoint\",\"urlTemplate\":\"https:\/\/www.zmc.it\/?s={search_term_string}\"},\"query-input\":{\"@type\":\"PropertyValueSpecification\",\"valueRequired\":true,\"valueName\":\"search_term_string\"}}],\"inLanguage\":\"fr-FR\"},{\"@type\":\"Organization\",\"@id\":\"https:\/\/www.zmc.it\/#organization\",\"name\":\"ZMC Italy\",\"url\":\"https:\/\/www.zmc.it\/\",\"logo\":{\"@type\":\"ImageObject\",\"inLanguage\":\"fr-FR\",\"@id\":\"https:\/\/www.zmc.it\/#\/schema\/logo\/image\/\",\"url\":\"https:\/\/www.zmc.it\/wp-content\/uploads\/zmc-logo.png\",\"contentUrl\":\"https:\/\/www.zmc.it\/wp-content\/uploads\/zmc-logo.png\",\"width\":150,\"height\":75,\"caption\":\"ZMC Italy\"},\"image\":{\"@id\":\"https:\/\/www.zmc.it\/#\/schema\/logo\/image\/\"},\"sameAs\":[\"https:\/\/www.linkedin.com\/company\/z.m.c.-italia-s.r.l.\/about\/\"]}]}<\/script>\n<!-- \/ Yoast SEO plugin. -->","yoast_head_json":{"title":"Vendita catene industriali ZMC Italy","description":"La ZMC Italy realizza prodotti per la vendita di catene industriali, standard e non unificate, offrendo varie soluzioni","robots":{"index":"index","follow":"follow","max-snippet":"max-snippet:-1","max-image-preview":"max-image-preview:large","max-video-preview":"max-video-preview:-1"},"canonical":"https:\/\/www.zmc.it\/fr\/chaines-standards\/","og_locale":"fr_FR","og_type":"article","og_title":"Vendita catene industriali ZMC Italy","og_description":"La ZMC Italy realizza prodotti per la vendita di catene industriali, standard e non unificate, offrendo varie soluzioni","og_url":"https:\/\/www.zmc.it\/fr\/chaines-standards\/","og_site_name":"ZMC Italia","article_modified_time":"2018-12-17T12:00:14+00:00","og_image":[{"width":1600,"height":500,"url":"https:\/\/www.zmc.it\/wp-content\/uploads\/FOTO-SLIDER-2.jpg","type":"image\/jpeg"}],"twitter_card":"summary_large_image","twitter_misc":{"Dur\u00e9e de lecture estim\u00e9e":"2 minutes"},"schema":{"@context":"https:\/\/schema.org","@graph":[{"@type":"WebPage","@id":"https:\/\/www.zmc.it\/fr\/chaines-standards\/","url":"https:\/\/www.zmc.it\/fr\/chaines-standards\/","name":"Vendita catene industriali ZMC Italy","isPartOf":{"@id":"https:\/\/www.zmc.it\/#website"},"datePublished":"2018-03-16T06:57:23+00:00","dateModified":"2018-12-17T12:00:14+00:00","description":"La ZMC Italy realizza prodotti per la vendita di catene industriali, standard e non unificate, offrendo varie soluzioni","breadcrumb":{"@id":"https:\/\/www.zmc.it\/fr\/chaines-standards\/#breadcrumb"},"inLanguage":"fr-FR","potentialAction":[{"@type":"ReadAction","target":["https:\/\/www.zmc.it\/fr\/chaines-standards\/"]}]},{"@type":"BreadcrumbList","@id":"https:\/\/www.zmc.it\/fr\/chaines-standards\/#breadcrumb","itemListElement":[{"@type":"ListItem","position":1,"name":"Home","item":"https:\/\/www.zmc.it\/fr\/"},{"@type":"ListItem","position":2,"name":"Cha\u00eenes standards"}]},{"@type":"WebSite","@id":"https:\/\/www.zmc.it\/#website","url":"https:\/\/www.zmc.it\/","name":"ZMC Italia","description":"","publisher":{"@id":"https:\/\/www.zmc.it\/#organization"},"potentialAction":[{"@type":"SearchAction","target":{"@type":"EntryPoint","urlTemplate":"https:\/\/www.zmc.it\/?s={search_term_string}"},"query-input":{"@type":"PropertyValueSpecification","valueRequired":true,"valueName":"search_term_string"}}],"inLanguage":"fr-FR"},{"@type":"Organization","@id":"https:\/\/www.zmc.it\/#organization","name":"ZMC Italy","url":"https:\/\/www.zmc.it\/","logo":{"@type":"ImageObject","inLanguage":"fr-FR","@id":"https:\/\/www.zmc.it\/#\/schema\/logo\/image\/","url":"https:\/\/www.zmc.it\/wp-content\/uploads\/zmc-logo.png","contentUrl":"https:\/\/www.zmc.it\/wp-content\/uploads\/zmc-logo.png","width":150,"height":75,"caption":"ZMC Italy"},"image":{"@id":"https:\/\/www.zmc.it\/#\/schema\/logo\/image\/"},"sameAs":["https:\/\/www.linkedin.com\/company\/z.m.c.-italia-s.r.l.\/about\/"]}]}},"_links":{"self":[{"href":"https:\/\/www.zmc.it\/fr\/wp-json\/wp\/v2\/pages\/3521","targetHints":{"allow":["GET"]}}],"collection":[{"href":"https:\/\/www.zmc.it\/fr\/wp-json\/wp\/v2\/pages"}],"about":[{"href":"https:\/\/www.zmc.it\/fr\/wp-json\/wp\/v2\/types\/page"}],"author":[{"embeddable":true,"href":"https:\/\/www.zmc.it\/fr\/wp-json\/wp\/v2\/users\/1"}],"replies":[{"embeddable":true,"href":"https:\/\/www.zmc.it\/fr\/wp-json\/wp\/v2\/comments?post=3521"}],"version-history":[{"count":0,"href":"https:\/\/www.zmc.it\/fr\/wp-json\/wp\/v2\/pages\/3521\/revisions"}],"wp:attachment":[{"href":"https:\/\/www.zmc.it\/fr\/wp-json\/wp\/v2\/media?parent=3521"}],"curies":[{"name":"wp","href":"https:\/\/api.w.org\/{rel}","templated":true}]}}