{"id":3519,"date":"2018-03-16T06:58:07","date_gmt":"2018-03-16T06:58:07","guid":{"rendered":"https:\/\/www.zmc.it\/technical-notes\/"},"modified":"2025-07-09T09:27:44","modified_gmt":"2025-07-09T09:27:44","slug":"notes-techniques","status":"publish","type":"page","link":"https:\/\/www.zmc.it\/fr\/notes-techniques\/","title":{"rendered":"Notes techniques"},"content":{"rendered":"<h1>Notes techniques<\/h1>\n<div>\n<p>Dans les Notes techniques, vous pouvez trouver les proc\u00e9dures de calcul vous permettant de choisir la cha\u00eene appropri\u00e9e pour chaque application en tenant compte des principaux cas de configuration du syst\u00e8me.<\/p>\n<p>D&rsquo;autres informations g\u00e9n\u00e9rales utiles sur les cha\u00eenes de manutention et leur bonne utilisation sont \u00e9galement disponibles.<\/p>\n<p>Lorsque les Notes techniques ne suffisent pas \u00e0 r\u00e9soudre un probl\u00e8me, il est toujours possible d&rsquo;acc\u00e9der directement au savoir-faire de ZMC en nous contactant via notre r\u00e9seau de vente.<\/p>\n<\/div>\n<p><p>\n        <a href=\"\/wp-content\/uploads\/ZMC-cap01-Francais.pdf\">T\u00e9l\u00e9charger les notes techniques<\/a>\n    <\/p>\n<\/p>\n<h1>Couronnes et des Pignons<\/h1>\n<p><img decoding=\"async\" src=\"\/wp-content\/uploads\/corpignoni_disegni_catalogo1.jpg\" alt=\"\"><\/p>\n<p><p>\n        <a href=\"\/wp-content\/uploads\/ZMC-couronnes-pignons-.pdf\">T\u00e9l\u00e9charger la documentation pour les Couronnes et les Pignons<\/a>\n    <\/p>\n<\/p>\n<p><!--more--><br \/>\n<!-- {\"type\":\"layout\",\"children\":[{\"name\":\"BREAD\",\"type\":\"section\",\"props\":{\"image_position\":\"center-center\",\"padding\":\"xsmall\",\"padding_remove_bottom\":true,\"style\":\"default\",\"title_breakpoint\":\"xl\",\"title_position\":\"top-left\",\"title_rotation\":\"left\",\"vertical_align\":\"\",\"width\":\"default\"},\"children\":[{\"type\":\"row\",\"children\":[{\"type\":\"column\",\"props\":{\"image_position\":\"center-center\",\"position_sticky_breakpoint\":\"m\",\"width_medium\":\"1-1\"},\"children\":[{\"type\":\"headline\",\"props\":{\"content\":\"Notes techniques\",\"title_element\":\"h1\"}}]}]}]},{\"type\":\"section\",\"props\":{\"image_position\":\"center-center\",\"style\":\"default\",\"title_breakpoint\":\"xl\",\"title_position\":\"top-left\",\"title_rotation\":\"left\",\"vertical_align\":\"\",\"width\":\"default\"},\"children\":[{\"type\":\"row\",\"children\":[{\"type\":\"column\",\"props\":{\"image_position\":\"center-center\",\"position_sticky_breakpoint\":\"m\",\"width_medium\":\"1-1\"},\"children\":[{\"type\":\"text\",\"props\":{\"column_breakpoint\":\"m\",\"content\":\"\n\n<p>Dans les Notes techniques, vous pouvez trouver les proc\\u00e9dures de calcul vous permettant de choisir la cha\\u00eene appropri\\u00e9e pour chaque application en tenant compte des principaux cas de configuration du syst\\u00e8me.<\\\/p>\\n\n\n<p>D'autres informations g\\u00e9n\\u00e9rales utiles sur les cha\\u00eenes de manutention et leur bonne utilisation sont \\u00e9galement disponibles.<\\\/p>\\n\n\n<p>Lorsque les Notes techniques ne suffisent pas \\u00e0 r\\u00e9soudre un probl\\u00e8me, il est toujours possible d'acc\\u00e9der directement au savoir-faire de ZMC en nous contactant via notre r\\u00e9seau de vente.<\\\/p>\",\"margin\":\"default\"}},{\"type\":\"button\",\"props\":{\"button_size\":\"large\",\"class\":\"bottone-scarica\",\"fullwidth\":false,\"grid_column_gap\":\"small\",\"grid_row_gap\":\"small\",\"margin\":\"default\",\"maxwidth\":\"2xlarge\"},\"children\":[{\"type\":\"button_item\",\"props\":{\"button_style\":\"primary\",\"content\":\"T\\u00e9l\\u00e9charger les notes techniques\",\"dialog_layout\":\"modal\",\"dialog_offcanvas_flip\":true,\"icon\":\"download\",\"icon_align\":\"left\",\"link\":\"wp-content\\\/uploads\\\/ZMC-cap01-Francais.pdf\",\"link_target\":\"blank\"}}]}]}]}]},{\"type\":\"section\",\"props\":{\"image_position\":\"center-center\",\"style\":\"default\",\"title_breakpoint\":\"xl\",\"title_position\":\"top-left\",\"title_rotation\":\"left\",\"vertical_align\":\"middle\",\"width\":\"default\"},\"children\":[{\"type\":\"row\",\"children\":[{\"type\":\"column\",\"props\":{\"image_position\":\"center-center\",\"position_sticky_breakpoint\":\"m\"},\"children\":[{\"type\":\"headline\",\"props\":{\"content\":\"Couronnes et des Pignons\",\"title_element\":\"h1\"}},{\"type\":\"image\",\"props\":{\"image\":\"wp-content\\\/uploads\\\/corpignoni_disegni_catalogo1.jpg\",\"image_svg_color\":\"emphasis\",\"margin\":\"default\"}},{\"type\":\"button\",\"props\":{\"button_size\":\"large\",\"class\":\"bottone-scarica\",\"fullwidth\":false,\"grid_column_gap\":\"small\",\"grid_row_gap\":\"small\",\"margin\":\"default\",\"maxwidth\":\"2xlarge\"},\"children\":[{\"type\":\"button_item\",\"props\":{\"button_style\":\"primary\",\"content\":\"T\\u00e9l\\u00e9charger la documentation pour les Couronnes et les Pignons\",\"dialog_layout\":\"modal\",\"dialog_offcanvas_flip\":true,\"icon\":\"download\",\"icon_align\":\"left\",\"link\":\"wp-content\\\/uploads\\\/ZMC-couronnes-pignons-.pdf\",\"link_target\":\"blank\"}}]}]}]}]}],\"version\":\"4.5.4\"} --><\/p>\n","protected":false},"excerpt":{"rendered":"<p>Notes techniques Dans les Notes techniques, vous pouvez trouver les proc\u00e9dures de calcul vous permettant de choisir la cha\u00eene appropri\u00e9e pour chaque application en tenant compte des principaux cas de configuration du syst\u00e8me. D&rsquo;autres informations g\u00e9n\u00e9rales utiles sur les cha\u00eenes de manutention et leur bonne utilisation sont \u00e9galement disponibles. Lorsque les Notes techniques ne suffisent [&hellip;]<\/p>\n","protected":false},"author":1,"featured_media":0,"parent":0,"menu_order":0,"comment_status":"closed","ping_status":"closed","template":"","meta":{"footnotes":""},"class_list":["post-3519","page","type-page","status-publish","hentry"],"yoast_head":"<!-- This site is optimized with the Yoast SEO plugin v27.2 - https:\/\/yoast.com\/product\/yoast-seo-wordpress\/ -->\n<title>Notes techniques - ZMC Italia<\/title>\n<meta name=\"robots\" content=\"index, follow, max-snippet:-1, max-image-preview:large, max-video-preview:-1\" \/>\n<link rel=\"canonical\" href=\"https:\/\/www.zmc.it\/fr\/notes-techniques\/\" \/>\n<meta property=\"og:locale\" content=\"fr_FR\" \/>\n<meta property=\"og:type\" content=\"article\" \/>\n<meta property=\"og:title\" content=\"Notes techniques - ZMC Italia\" \/>\n<meta property=\"og:description\" content=\"Notes techniques Dans les Notes techniques, vous pouvez trouver les proc\u00e9dures de calcul vous permettant de choisir la cha\u00eene appropri\u00e9e pour chaque application en tenant compte des principaux cas de configuration du syst\u00e8me. D&rsquo;autres informations g\u00e9n\u00e9rales utiles sur les cha\u00eenes de manutention et leur bonne utilisation sont \u00e9galement disponibles. Lorsque les Notes techniques ne suffisent [&hellip;]\" \/>\n<meta property=\"og:url\" content=\"https:\/\/www.zmc.it\/fr\/notes-techniques\/\" \/>\n<meta property=\"og:site_name\" content=\"ZMC Italia\" \/>\n<meta property=\"article:modified_time\" content=\"2025-07-09T09:27:44+00:00\" \/>\n<meta property=\"og:image\" content=\"https:\/\/www.zmc.it\/wp-content\/uploads\/FOTO-SLIDER-2.jpg\" \/>\n\t<meta property=\"og:image:width\" content=\"1600\" \/>\n\t<meta property=\"og:image:height\" content=\"500\" \/>\n\t<meta property=\"og:image:type\" content=\"image\/jpeg\" \/>\n<meta name=\"twitter:card\" content=\"summary_large_image\" \/>\n<meta name=\"twitter:label1\" content=\"Dur\u00e9e de lecture estim\u00e9e\" \/>\n\t<meta name=\"twitter:data1\" content=\"1 minute\" \/>\n<script type=\"application\/ld+json\" class=\"yoast-schema-graph\">{\"@context\":\"https:\/\/schema.org\",\"@graph\":[{\"@type\":\"WebPage\",\"@id\":\"https:\/\/www.zmc.it\/fr\/notes-techniques\/\",\"url\":\"https:\/\/www.zmc.it\/fr\/notes-techniques\/\",\"name\":\"Notes techniques - ZMC Italia\",\"isPartOf\":{\"@id\":\"https:\/\/www.zmc.it\/#website\"},\"datePublished\":\"2018-03-16T06:58:07+00:00\",\"dateModified\":\"2025-07-09T09:27:44+00:00\",\"breadcrumb\":{\"@id\":\"https:\/\/www.zmc.it\/fr\/notes-techniques\/#breadcrumb\"},\"inLanguage\":\"fr-FR\",\"potentialAction\":[{\"@type\":\"ReadAction\",\"target\":[\"https:\/\/www.zmc.it\/fr\/notes-techniques\/\"]}]},{\"@type\":\"BreadcrumbList\",\"@id\":\"https:\/\/www.zmc.it\/fr\/notes-techniques\/#breadcrumb\",\"itemListElement\":[{\"@type\":\"ListItem\",\"position\":1,\"name\":\"Home\",\"item\":\"https:\/\/www.zmc.it\/fr\/\"},{\"@type\":\"ListItem\",\"position\":2,\"name\":\"Notes techniques\"}]},{\"@type\":\"WebSite\",\"@id\":\"https:\/\/www.zmc.it\/#website\",\"url\":\"https:\/\/www.zmc.it\/\",\"name\":\"ZMC Italia\",\"description\":\"\",\"publisher\":{\"@id\":\"https:\/\/www.zmc.it\/#organization\"},\"potentialAction\":[{\"@type\":\"SearchAction\",\"target\":{\"@type\":\"EntryPoint\",\"urlTemplate\":\"https:\/\/www.zmc.it\/?s={search_term_string}\"},\"query-input\":{\"@type\":\"PropertyValueSpecification\",\"valueRequired\":true,\"valueName\":\"search_term_string\"}}],\"inLanguage\":\"fr-FR\"},{\"@type\":\"Organization\",\"@id\":\"https:\/\/www.zmc.it\/#organization\",\"name\":\"ZMC Italy\",\"url\":\"https:\/\/www.zmc.it\/\",\"logo\":{\"@type\":\"ImageObject\",\"inLanguage\":\"fr-FR\",\"@id\":\"https:\/\/www.zmc.it\/#\/schema\/logo\/image\/\",\"url\":\"https:\/\/www.zmc.it\/wp-content\/uploads\/zmc-logo.png\",\"contentUrl\":\"https:\/\/www.zmc.it\/wp-content\/uploads\/zmc-logo.png\",\"width\":150,\"height\":75,\"caption\":\"ZMC Italy\"},\"image\":{\"@id\":\"https:\/\/www.zmc.it\/#\/schema\/logo\/image\/\"},\"sameAs\":[\"https:\/\/www.linkedin.com\/company\/z.m.c.-italia-s.r.l.\/about\/\"]}]}<\/script>\n<!-- \/ Yoast SEO plugin. -->","yoast_head_json":{"title":"Notes techniques - ZMC Italia","robots":{"index":"index","follow":"follow","max-snippet":"max-snippet:-1","max-image-preview":"max-image-preview:large","max-video-preview":"max-video-preview:-1"},"canonical":"https:\/\/www.zmc.it\/fr\/notes-techniques\/","og_locale":"fr_FR","og_type":"article","og_title":"Notes techniques - ZMC Italia","og_description":"Notes techniques Dans les Notes techniques, vous pouvez trouver les proc\u00e9dures de calcul vous permettant de choisir la cha\u00eene appropri\u00e9e pour chaque application en tenant compte des principaux cas de configuration du syst\u00e8me. D&rsquo;autres informations g\u00e9n\u00e9rales utiles sur les cha\u00eenes de manutention et leur bonne utilisation sont \u00e9galement disponibles. Lorsque les Notes techniques ne suffisent [&hellip;]","og_url":"https:\/\/www.zmc.it\/fr\/notes-techniques\/","og_site_name":"ZMC Italia","article_modified_time":"2025-07-09T09:27:44+00:00","og_image":[{"width":1600,"height":500,"url":"https:\/\/www.zmc.it\/wp-content\/uploads\/FOTO-SLIDER-2.jpg","type":"image\/jpeg"}],"twitter_card":"summary_large_image","twitter_misc":{"Dur\u00e9e de lecture estim\u00e9e":"1 minute"},"schema":{"@context":"https:\/\/schema.org","@graph":[{"@type":"WebPage","@id":"https:\/\/www.zmc.it\/fr\/notes-techniques\/","url":"https:\/\/www.zmc.it\/fr\/notes-techniques\/","name":"Notes techniques - ZMC Italia","isPartOf":{"@id":"https:\/\/www.zmc.it\/#website"},"datePublished":"2018-03-16T06:58:07+00:00","dateModified":"2025-07-09T09:27:44+00:00","breadcrumb":{"@id":"https:\/\/www.zmc.it\/fr\/notes-techniques\/#breadcrumb"},"inLanguage":"fr-FR","potentialAction":[{"@type":"ReadAction","target":["https:\/\/www.zmc.it\/fr\/notes-techniques\/"]}]},{"@type":"BreadcrumbList","@id":"https:\/\/www.zmc.it\/fr\/notes-techniques\/#breadcrumb","itemListElement":[{"@type":"ListItem","position":1,"name":"Home","item":"https:\/\/www.zmc.it\/fr\/"},{"@type":"ListItem","position":2,"name":"Notes techniques"}]},{"@type":"WebSite","@id":"https:\/\/www.zmc.it\/#website","url":"https:\/\/www.zmc.it\/","name":"ZMC Italia","description":"","publisher":{"@id":"https:\/\/www.zmc.it\/#organization"},"potentialAction":[{"@type":"SearchAction","target":{"@type":"EntryPoint","urlTemplate":"https:\/\/www.zmc.it\/?s={search_term_string}"},"query-input":{"@type":"PropertyValueSpecification","valueRequired":true,"valueName":"search_term_string"}}],"inLanguage":"fr-FR"},{"@type":"Organization","@id":"https:\/\/www.zmc.it\/#organization","name":"ZMC Italy","url":"https:\/\/www.zmc.it\/","logo":{"@type":"ImageObject","inLanguage":"fr-FR","@id":"https:\/\/www.zmc.it\/#\/schema\/logo\/image\/","url":"https:\/\/www.zmc.it\/wp-content\/uploads\/zmc-logo.png","contentUrl":"https:\/\/www.zmc.it\/wp-content\/uploads\/zmc-logo.png","width":150,"height":75,"caption":"ZMC Italy"},"image":{"@id":"https:\/\/www.zmc.it\/#\/schema\/logo\/image\/"},"sameAs":["https:\/\/www.linkedin.com\/company\/z.m.c.-italia-s.r.l.\/about\/"]}]}},"_links":{"self":[{"href":"https:\/\/www.zmc.it\/fr\/wp-json\/wp\/v2\/pages\/3519","targetHints":{"allow":["GET"]}}],"collection":[{"href":"https:\/\/www.zmc.it\/fr\/wp-json\/wp\/v2\/pages"}],"about":[{"href":"https:\/\/www.zmc.it\/fr\/wp-json\/wp\/v2\/types\/page"}],"author":[{"embeddable":true,"href":"https:\/\/www.zmc.it\/fr\/wp-json\/wp\/v2\/users\/1"}],"replies":[{"embeddable":true,"href":"https:\/\/www.zmc.it\/fr\/wp-json\/wp\/v2\/comments?post=3519"}],"version-history":[{"count":2,"href":"https:\/\/www.zmc.it\/fr\/wp-json\/wp\/v2\/pages\/3519\/revisions"}],"predecessor-version":[{"id":10013,"href":"https:\/\/www.zmc.it\/fr\/wp-json\/wp\/v2\/pages\/3519\/revisions\/10013"}],"wp:attachment":[{"href":"https:\/\/www.zmc.it\/fr\/wp-json\/wp\/v2\/media?parent=3519"}],"curies":[{"name":"wp","href":"https:\/\/api.w.org\/{rel}","templated":true}]}}