{"id":3517,"date":"2018-03-16T06:59:19","date_gmt":"2018-03-16T06:59:19","guid":{"rendered":"https:\/\/www.zmc.it\/contacts\/"},"modified":"2019-03-07T12:41:25","modified_gmt":"2019-03-07T12:41:25","slug":"contacts","status":"publish","type":"page","link":"https:\/\/www.zmc.it\/fr\/contacts\/","title":{"rendered":"Contacts"},"content":{"rendered":"<p>Contacts<\/p>\n<p>ZMC Italie<br \/>\nBureau d&rsquo;exploitationvia Portoni, 290\/D21044 Cavaria VA &#8211; ItalyTel. +39 0331 217.476Fax. +39 0331 218.204E-mail:\u00a0info@zmc.it<br \/>\nLe r\u00e9seau de vente ZMC:<\/p>\n<p>Trouvez le repr\u00e9sentant des ventes<\/p>\n<\/p>\n<p>Formulaire de demande d\u2019information<\/p>\n<p>Contactez-nous maintenant pour avoir des informations ou un devis gratuit.<\/p>\n\n<div class=\"wpcf7 no-js\" id=\"wpcf7-f3575-o1\" lang=\"it-IT\" dir=\"ltr\" data-wpcf7-id=\"3575\">\n<div class=\"screen-reader-response\"><p role=\"status\" aria-live=\"polite\" aria-atomic=\"true\"><\/p> <ul><\/ul><\/div>\n<form action=\"\/fr\/wp-json\/wp\/v2\/pages\/3517#wpcf7-f3575-o1\" method=\"post\" class=\"wpcf7-form init\" aria-label=\"Modulo di contatto\" novalidate=\"novalidate\" data-status=\"init\">\n<fieldset class=\"hidden-fields-container\"><input type=\"hidden\" name=\"_wpcf7\" value=\"3575\" \/><input type=\"hidden\" name=\"_wpcf7_version\" value=\"6.1.5\" \/><input type=\"hidden\" name=\"_wpcf7_locale\" value=\"it_IT\" \/><input type=\"hidden\" name=\"_wpcf7_unit_tag\" value=\"wpcf7-f3575-o1\" \/><input type=\"hidden\" name=\"_wpcf7_container_post\" value=\"0\" \/><input type=\"hidden\" name=\"_wpcf7_posted_data_hash\" value=\"\" \/>\n<\/fieldset>\n<div class=\"uk-container\">\n\t<div class=\"uk-grid-margin uk-grid margin-form\">\n\t\t<div class=\"uk-first-column uk-width-expand@m\">\n\t\t\t<p>Pr\u00e9nom*<br \/>\n<span class=\"wpcf7-form-control-wrap\" data-name=\"your-name\"><input size=\"40\" maxlength=\"400\" class=\"wpcf7-form-control wpcf7-text wpcf7-validates-as-required form-input\" aria-required=\"true\" aria-invalid=\"false\" value=\"\" type=\"text\" name=\"your-name\" \/><\/span>\n\t\t\t<\/p>\n\t\t<\/div>\n\t\t<div class=\"uk-width-expand@m\">\n\t\t\t<p>Nom*<br \/>\n<span class=\"wpcf7-form-control-wrap\" data-name=\"your-surname\"><input size=\"40\" maxlength=\"400\" class=\"wpcf7-form-control wpcf7-text wpcf7-validates-as-required form-input\" aria-required=\"true\" aria-invalid=\"false\" value=\"\" type=\"text\" name=\"your-surname\" \/><\/span>\n\t\t\t<\/p>\n\t\t<\/div>\n\t\t<div class=\"uk-width-expand@m\">\n\t\t\t<p>Soci\u00e9t\u00e9*<br \/>\n<span class=\"wpcf7-form-control-wrap\" data-name=\"your-societa\"><input size=\"40\" maxlength=\"400\" class=\"wpcf7-form-control wpcf7-text wpcf7-validates-as-required form-input\" aria-required=\"true\" aria-invalid=\"false\" value=\"\" type=\"text\" name=\"your-societa\" \/><\/span>\n\t\t\t<\/p>\n\t\t<\/div>\n\t<\/div>\n\t<div class=\"uk-grid-margin uk-grid margin-form\">\n\t\t<div class=\"uk-first-column uk-width-expand@m\">\n\t\t\t<p>Adresse*<br \/>\n<span class=\"wpcf7-form-control-wrap\" data-name=\"indirizzo\"><input size=\"40\" maxlength=\"400\" class=\"wpcf7-form-control wpcf7-text wpcf7-validates-as-required form-input\" aria-required=\"true\" aria-invalid=\"false\" value=\"\" type=\"text\" name=\"indirizzo\" \/><\/span>\n\t\t\t<\/p>\n\t\t<\/div>\n\t\t<div class=\"uk-width-expand@m\">\n\t\t\t<p>E-mail*<br \/>\n<span class=\"wpcf7-form-control-wrap\" data-name=\"your-email\"><input size=\"40\" maxlength=\"400\" class=\"wpcf7-form-control wpcf7-email wpcf7-validates-as-required wpcf7-text wpcf7-validates-as-email form-input\" aria-required=\"true\" aria-invalid=\"false\" value=\"\" type=\"email\" name=\"your-email\" \/><\/span>\n\t\t\t<\/p>\n\t\t<\/div>\n\t\t<div class=\"uk-width-expand@m\">\n\t\t\t<p>T\u00e9l\u00e9phone*<br \/>\n<span class=\"wpcf7-form-control-wrap\" data-name=\"telefono\"><input size=\"40\" maxlength=\"400\" class=\"wpcf7-form-control wpcf7-text wpcf7-validates-as-required form-input\" aria-required=\"true\" aria-invalid=\"false\" value=\"\" type=\"text\" name=\"telefono\" \/><\/span>\n\t\t\t<\/p>\n\t\t<\/div>\n\t<\/div>\n\t<div class=\"uk-grid-margin uk-grid margin-form\">\n\t\t<div class=\"uk-width-1-1@m uk-first-column\">\n\t\t\t<p>Sujet du message*<br \/>\n<span class=\"wpcf7-form-control-wrap\" data-name=\"your-subject\"><input size=\"40\" maxlength=\"400\" class=\"wpcf7-form-control wpcf7-text wpcf7-validates-as-required form-input\" aria-required=\"true\" aria-invalid=\"false\" value=\"\" type=\"text\" name=\"your-subject\" \/><\/span>\n\t\t\t<\/p>\n\t\t<\/div>\n\t<\/div>\n\t<div class=\"uk-grid-margin uk-grid margin-form\">\n\t\t<div class=\"uk-width-1-1@m uk-first-column\">\n\t\t\t<p>Votre message*<br \/>\n<span class=\"wpcf7-form-control-wrap\" data-name=\"your-message\"><textarea cols=\"40\" rows=\"10\" maxlength=\"2000\" class=\"wpcf7-form-control wpcf7-textarea wpcf7-validates-as-required form-input\" aria-required=\"true\" aria-invalid=\"false\" name=\"your-message\"><\/textarea><\/span>\n\t\t\t<\/p>\n\t\t<\/div>\n\t<\/div>\n\t<div class=\"uk-grid-margin uk-grid margin-form\">\n\t\t<div class=\"uk-width-1-1@m uk-first-column\">\n\t\t\t<p><span class=\"wpcf7-form-control-wrap\" data-name=\"acceptance-596\"><span class=\"wpcf7-form-control wpcf7-acceptance\"><span class=\"wpcf7-list-item\"><input type=\"checkbox\" name=\"acceptance-596\" value=\"1\" aria-invalid=\"false\" \/><\/span><\/span><\/span><a href=\"\/fr\/?p=1586\" target=\"_blank\">Conform\u00e9ment \u00e0 l'art. 13 du r\u00e8glement UE 679\/2016 GDPR, j'ai lu l'information. (Obligatoire)<\/a>\n\t\t\t<\/p>\n\t\t\t<p><span id=\"wpcf7-69fa0230ed7f2-wrapper\" class=\"wpcf7-form-control-wrap sitowebfr-wrap\" style=\"display:none !important; visibility:hidden !important;\"><input type=\"hidden\" name=\"sitowebfr-time-start\" value=\"1777992240\"><input type=\"hidden\" name=\"sitowebfr-time-check\" value=\"10\"><label for=\"wpcf7-69fa0230ed7f2-field\" class=\"hp-message\">Si prega di lasciare vuoto questo campo.<\/label><input id=\"wpcf7-69fa0230ed7f2-field\"  class=\"wpcf7-form-control wpcf7-text\" type=\"text\" name=\"sitowebfr\" value=\"\" size=\"40\" tabindex=\"-1\" autocomplete=\"new-password\" \/><\/span><br \/>\n<input class=\"wpcf7-form-control wpcf7-submit has-spinner uk-button\" type=\"submit\" value=\"Envoyer la demande\" \/>\n\t\t\t<\/p>\n\t\t<\/div>\n\t<\/div>\n<\/div><p style=\"display: none !important;\" class=\"akismet-fields-container\" data-prefix=\"_wpcf7_ak_\"><label>&#916;<textarea name=\"_wpcf7_ak_hp_textarea\" cols=\"45\" rows=\"8\" maxlength=\"100\"><\/textarea><\/label><input type=\"hidden\" id=\"ak_js_1\" name=\"_wpcf7_ak_js\" value=\"210\"\/><script type=\"text\/javascript\">\n\/* <![CDATA[ *\/\ndocument.getElementById( \"ak_js_1\" ).setAttribute( \"value\", ( new Date() ).getTime() );\n\/* ]]> *\/\n<\/script>\n<\/p><div class=\"wpcf7-response-output\" aria-hidden=\"true\"><\/div>\n<\/form>\n<\/div>\n\n<p><!-- {\"name\":\"\",\"type\":\"layout\",\"children\":[{\"name\":\"BREAD\",\"type\":\"section\",\"props\":{\"style\":\"default\",\"width\":\"default\",\"vertical_align\":\"middle\",\"title_position\":\"top-left\",\"title_rotation\":\"left\",\"title_breakpoint\":\"xl\",\"image_position\":\"center-center\",\"padding\":\"xsmall\",\"padding_remove_bottom\":true},\"children\":[{\"name\":\"\",\"type\":\"row\",\"props\":{\"fixed_width\":\"large\",\"breakpoint\":\"m\",\"layout\":\"1-1\"},\"children\":[{\"name\":\"\",\"type\":\"column\",\"props\":{\"widths\":[\"1-1\"],\"image_position\":\"center-center\"},\"children\":[{\"name\":\"\",\"type\":\"headline\",\"props\":{\"title_element\":\"h1\",\"content\":\"Contacts\"}}]}]}]},{\"name\":\"\",\"type\":\"section\",\"props\":{\"style\":\"default\",\"width\":\"default\",\"vertical_align\":\"middle\",\"title_position\":\"top-left\",\"title_rotation\":\"left\",\"title_breakpoint\":\"xl\",\"image_position\":\"center-center\",\"padding_remove_bottom\":true},\"children\":[{\"name\":\"\",\"type\":\"row\",\"props\":{\"fixed_width\":\"large\",\"breakpoint\":\"m\",\"layout\":\",3-4\"},\"children\":[{\"name\":\"\",\"type\":\"column\",\"props\":{\"widths\":[\"\"],\"image_position\":\"center-center\"},\"children\":[{\"name\":\"\",\"type\":\"text\",\"props\":{\"margin\":\"default\",\"column_breakpoint\":\"m\",\"content\":\"\n\n<h4><strong>ZMC Italie<\\\/strong><\\\/h4>\\n\n\n<p>Bureau d'exploitation<br \\\/>via Portoni, 290\\\/D<br \\\/>21044 Cavaria VA - Italy<br \\\/><br \\\/>Tel. +39 0331 217.476<br \\\/>Fax. +39 0331 218.204<br \\\/>E-mail:\\u00a0<a href=\\\"mailto:info@zmc.it\\\">info@zmc.it<\\\/a><\\\/p>\\n\n\n<p><strong>Le r\\u00e9seau de vente ZMC:<br \\\/><\\\/strong><\\\/p>\",\"margin_remove_bottom\":true,\"text_style\":\"\",\"text_color\":\"\",\"text_size\":\"\",\"column\":\"\",\"text_align\":\"\",\"text_align_breakpoint\":\"\",\"text_align_fallback\":\"\",\"maxwidth\":\"\",\"maxwidth_align\":\"\",\"maxwidth_breakpoint\":\"\",\"animation\":\"\",\"visibility\":\"\"}},{\"name\":\"\",\"type\":\"button\",\"props\":{\"gutter\":\"small\",\"margin\":\"default\",\"button_size\":\"large\",\"fullwidth\":true,\"maxwidth\":\"xxlarge\",\"maxwidth_align\":\"center\",\"text_align\":\"center\",\"class\":\"bottone-scarica\",\"margin_remove_top\":true,\"text_align_breakpoint\":\"\",\"text_align_fallback\":\"\",\"maxwidth_breakpoint\":\"\",\"animation\":\"\",\"visibility\":\"\"},\"children\":[{\"name\":\"\",\"type\":\"button_item\",\"props\":{\"button_style\":\"primary\",\"icon_align\":\"left\",\"content\":\"Trouvez le repr\\u00e9sentant des ventes\",\"icon\":\"world\",\"link\":\"\\\/fr\\\/?p=1171\",\"link_target\":\"\"}}]}]},{\"name\":\"\",\"type\":\"column\",\"props\":{\"widths\":[\"3-4\"],\"image_position\":\"center-center\"},\"children\":[{\"name\":\"\",\"type\":\"text\",\"props\":{\"margin\":\"default\",\"column_breakpoint\":\"m\",\"content\":\"<iframe src=\\\"https:\\\/\\\/www.google.com\\\/maps\\\/embed?pb=!1m18!1m12!1m3!1d1394.9217311822724!2d8.807293945538142!3d45.68637514851302!2m3!1f0!2f0!3f0!3m2!1i1024!2i768!4f13.1!3m3!1m2!1s0x0%3A0x71a7697cea0cf245!2sZ.M.C.+Italia+Spa!5e0!3m2!1sit!2sit!4v1525699411350\\\" width=\\\"100%\\\" height=\\\"350\\\" frameborder=\\\"0\\\" style=\\\"border:0\\\" allowfullscreen><\\\/iframe>\"}}]}]}]},{\"name\":\"Form contatti\",\"type\":\"section\",\"props\":{\"style\":\"default\",\"width\":\"expand\",\"vertical_align\":\"middle\",\"title_position\":\"top-left\",\"title_rotation\":\"left\",\"title_breakpoint\":\"xl\",\"image_position\":\"center-center\",\"image\":\"\",\"image_size\":\"cover\",\"media_overlay\":\"rgba(253, 216, 105, 0.75)\"},\"children\":[{\"name\":\"\",\"type\":\"row\",\"props\":{\"fixed_width\":\"large\",\"breakpoint\":\"m\",\"layout\":\"1-1\",\"width\":\"expand\",\"margin\":\"remove-vertical\"},\"children\":[{\"name\":\"\",\"type\":\"column\",\"props\":{\"widths\":[\"1-1\"],\"image_position\":\"center-center\",\"image\":\"wp-content\\\/uploads\\\/campi.jpg\",\"style\":\"\",\"media_overlay\":\"rgba(255, 205, 82, 0.84)\",\"media_blend_mode\":\"\",\"image_effect\":\"fixed\",\"image_parallax_bgx_start\":-30,\"image_parallax_bgx_end\":40,\"media_background\":null,\"image_size\":\"cover\"},\"children\":[{\"name\":\"\",\"type\":\"headline\",\"props\":{\"title_element\":\"h1\",\"title_style\":\"h1\",\"title_color\":\"primary\",\"text_align\":\"center\",\"content\":\"Formulaire de demande d\\u2019information\",\"title_decoration\":\"\",\"text_align_breakpoint\":\"\",\"text_align_fallback\":\"\",\"maxwidth\":\"\",\"maxwidth_align\":\"\",\"maxwidth_breakpoint\":\"\",\"margin\":\"\",\"animation\":\"\",\"visibility\":\"\"}},{\"name\":\"\",\"type\":\"headline\",\"props\":{\"title_element\":\"h3\",\"content\":\"Contactez-nous maintenant pour avoir des informations ou un devis gratuit.\",\"text_align\":\"center\",\"title_style\":\"h4\",\"margin\":\"remove-vertical\",\"margin_remove_top\":true,\"margin_remove_bottom\":true,\"title_decoration\":\"\",\"title_color\":\"\",\"text_align_breakpoint\":\"\",\"text_align_fallback\":\"\",\"maxwidth\":\"\",\"maxwidth_align\":\"\",\"maxwidth_breakpoint\":\"\",\"animation\":\"\",\"visibility\":\"\"}},{\"name\":\"\",\"type\":\"text\",\"props\":{\"margin\":\"default\",\"column_breakpoint\":\"m\",\"content\":\"\n\n<p>[contact-form-7 id=\\\"3575\\\" title=\\\"Form contatto Fra\\\"]<\\\/p>\",\"text_style\":\"\",\"text_color\":\"\",\"text_size\":\"\",\"column\":\"\",\"text_align\":\"\",\"text_align_breakpoint\":\"\",\"text_align_fallback\":\"\",\"maxwidth\":\"\",\"maxwidth_align\":\"\",\"maxwidth_breakpoint\":\"\",\"animation\":\"\",\"visibility\":\"\"}}]}]}]}]} --><\/p>\n","protected":false},"excerpt":{"rendered":"<p>Contacts ZMC Italie Bureau d&rsquo;exploitationvia Portoni, 290\/D21044 Cavaria VA &#8211; ItalyTel. +39 0331 217.476Fax. +39 0331 218.204E-mail:\u00a0info@zmc.it Le r\u00e9seau de vente ZMC: Trouvez le repr\u00e9sentant des ventes Formulaire de demande d\u2019information Contactez-nous maintenant pour avoir des informations ou un devis gratuit.<\/p>\n","protected":false},"author":1,"featured_media":0,"parent":0,"menu_order":0,"comment_status":"closed","ping_status":"closed","template":"","meta":{"footnotes":""},"class_list":["post-3517","page","type-page","status-publish","hentry"],"yoast_head":"<!-- This site is optimized with the Yoast SEO plugin v27.5 - https:\/\/yoast.com\/product\/yoast-seo-wordpress\/ -->\n<title>Contacts - ZMC Italia<\/title>\n<meta name=\"robots\" content=\"index, follow, max-snippet:-1, max-image-preview:large, max-video-preview:-1\" \/>\n<link rel=\"canonical\" href=\"https:\/\/www.zmc.it\/fr\/contacts\/\" \/>\n<meta property=\"og:locale\" content=\"fr_FR\" \/>\n<meta property=\"og:type\" content=\"article\" \/>\n<meta property=\"og:title\" content=\"Contacts - ZMC Italia\" \/>\n<meta property=\"og:description\" content=\"Contacts ZMC Italie Bureau d&rsquo;exploitationvia Portoni, 290\/D21044 Cavaria VA &#8211; ItalyTel. +39 0331 217.476Fax. +39 0331 218.204E-mail:\u00a0info@zmc.it Le r\u00e9seau de vente ZMC: Trouvez le repr\u00e9sentant des ventes Formulaire de demande d\u2019information Contactez-nous maintenant pour avoir des informations ou un devis gratuit.\" \/>\n<meta property=\"og:url\" content=\"https:\/\/www.zmc.it\/fr\/contacts\/\" \/>\n<meta property=\"og:site_name\" content=\"ZMC Italia\" \/>\n<meta property=\"article:modified_time\" content=\"2019-03-07T12:41:25+00:00\" \/>\n<meta property=\"og:image\" content=\"https:\/\/www.zmc.it\/wp-content\/uploads\/FOTO-SLIDER-2.jpg\" \/>\n\t<meta property=\"og:image:width\" content=\"1600\" \/>\n\t<meta property=\"og:image:height\" content=\"500\" \/>\n\t<meta property=\"og:image:type\" content=\"image\/jpeg\" \/>\n<meta name=\"twitter:card\" content=\"summary_large_image\" \/>\n<script type=\"application\/ld+json\" class=\"yoast-schema-graph\">{\"@context\":\"https:\\\/\\\/schema.org\",\"@graph\":[{\"@type\":\"WebPage\",\"@id\":\"https:\\\/\\\/www.zmc.it\\\/fr\\\/contacts\\\/\",\"url\":\"https:\\\/\\\/www.zmc.it\\\/fr\\\/contacts\\\/\",\"name\":\"Contacts - ZMC Italia\",\"isPartOf\":{\"@id\":\"https:\\\/\\\/www.zmc.it\\\/#website\"},\"datePublished\":\"2018-03-16T06:59:19+00:00\",\"dateModified\":\"2019-03-07T12:41:25+00:00\",\"breadcrumb\":{\"@id\":\"https:\\\/\\\/www.zmc.it\\\/fr\\\/contacts\\\/#breadcrumb\"},\"inLanguage\":\"fr-FR\",\"potentialAction\":[{\"@type\":\"ReadAction\",\"target\":[\"https:\\\/\\\/www.zmc.it\\\/fr\\\/contacts\\\/\"]}]},{\"@type\":\"BreadcrumbList\",\"@id\":\"https:\\\/\\\/www.zmc.it\\\/fr\\\/contacts\\\/#breadcrumb\",\"itemListElement\":[{\"@type\":\"ListItem\",\"position\":1,\"name\":\"Home\",\"item\":\"https:\\\/\\\/www.zmc.it\\\/fr\\\/\"},{\"@type\":\"ListItem\",\"position\":2,\"name\":\"Contacts\"}]},{\"@type\":\"WebSite\",\"@id\":\"https:\\\/\\\/www.zmc.it\\\/#website\",\"url\":\"https:\\\/\\\/www.zmc.it\\\/\",\"name\":\"ZMC Italia\",\"description\":\"\",\"publisher\":{\"@id\":\"https:\\\/\\\/www.zmc.it\\\/#organization\"},\"potentialAction\":[{\"@type\":\"SearchAction\",\"target\":{\"@type\":\"EntryPoint\",\"urlTemplate\":\"https:\\\/\\\/www.zmc.it\\\/?s={search_term_string}\"},\"query-input\":{\"@type\":\"PropertyValueSpecification\",\"valueRequired\":true,\"valueName\":\"search_term_string\"}}],\"inLanguage\":\"fr-FR\"},{\"@type\":\"Organization\",\"@id\":\"https:\\\/\\\/www.zmc.it\\\/#organization\",\"name\":\"ZMC Italy\",\"url\":\"https:\\\/\\\/www.zmc.it\\\/\",\"logo\":{\"@type\":\"ImageObject\",\"inLanguage\":\"fr-FR\",\"@id\":\"https:\\\/\\\/www.zmc.it\\\/#\\\/schema\\\/logo\\\/image\\\/\",\"url\":\"https:\\\/\\\/www.zmc.it\\\/wp-content\\\/uploads\\\/zmc-logo.png\",\"contentUrl\":\"https:\\\/\\\/www.zmc.it\\\/wp-content\\\/uploads\\\/zmc-logo.png\",\"width\":150,\"height\":75,\"caption\":\"ZMC Italy\"},\"image\":{\"@id\":\"https:\\\/\\\/www.zmc.it\\\/#\\\/schema\\\/logo\\\/image\\\/\"},\"sameAs\":[\"https:\\\/\\\/www.linkedin.com\\\/company\\\/z.m.c.-italia-s.r.l.\\\/about\\\/\"]}]}<\/script>\n<!-- \/ Yoast SEO plugin. -->","yoast_head_json":{"title":"Contacts - ZMC Italia","robots":{"index":"index","follow":"follow","max-snippet":"max-snippet:-1","max-image-preview":"max-image-preview:large","max-video-preview":"max-video-preview:-1"},"canonical":"https:\/\/www.zmc.it\/fr\/contacts\/","og_locale":"fr_FR","og_type":"article","og_title":"Contacts - ZMC Italia","og_description":"Contacts ZMC Italie Bureau d&rsquo;exploitationvia Portoni, 290\/D21044 Cavaria VA &#8211; ItalyTel. +39 0331 217.476Fax. +39 0331 218.204E-mail:\u00a0info@zmc.it Le r\u00e9seau de vente ZMC: Trouvez le repr\u00e9sentant des ventes Formulaire de demande d\u2019information Contactez-nous maintenant pour avoir des informations ou un devis gratuit.","og_url":"https:\/\/www.zmc.it\/fr\/contacts\/","og_site_name":"ZMC Italia","article_modified_time":"2019-03-07T12:41:25+00:00","og_image":[{"width":1600,"height":500,"url":"https:\/\/www.zmc.it\/wp-content\/uploads\/FOTO-SLIDER-2.jpg","type":"image\/jpeg"}],"twitter_card":"summary_large_image","schema":{"@context":"https:\/\/schema.org","@graph":[{"@type":"WebPage","@id":"https:\/\/www.zmc.it\/fr\/contacts\/","url":"https:\/\/www.zmc.it\/fr\/contacts\/","name":"Contacts - ZMC Italia","isPartOf":{"@id":"https:\/\/www.zmc.it\/#website"},"datePublished":"2018-03-16T06:59:19+00:00","dateModified":"2019-03-07T12:41:25+00:00","breadcrumb":{"@id":"https:\/\/www.zmc.it\/fr\/contacts\/#breadcrumb"},"inLanguage":"fr-FR","potentialAction":[{"@type":"ReadAction","target":["https:\/\/www.zmc.it\/fr\/contacts\/"]}]},{"@type":"BreadcrumbList","@id":"https:\/\/www.zmc.it\/fr\/contacts\/#breadcrumb","itemListElement":[{"@type":"ListItem","position":1,"name":"Home","item":"https:\/\/www.zmc.it\/fr\/"},{"@type":"ListItem","position":2,"name":"Contacts"}]},{"@type":"WebSite","@id":"https:\/\/www.zmc.it\/#website","url":"https:\/\/www.zmc.it\/","name":"ZMC Italia","description":"","publisher":{"@id":"https:\/\/www.zmc.it\/#organization"},"potentialAction":[{"@type":"SearchAction","target":{"@type":"EntryPoint","urlTemplate":"https:\/\/www.zmc.it\/?s={search_term_string}"},"query-input":{"@type":"PropertyValueSpecification","valueRequired":true,"valueName":"search_term_string"}}],"inLanguage":"fr-FR"},{"@type":"Organization","@id":"https:\/\/www.zmc.it\/#organization","name":"ZMC Italy","url":"https:\/\/www.zmc.it\/","logo":{"@type":"ImageObject","inLanguage":"fr-FR","@id":"https:\/\/www.zmc.it\/#\/schema\/logo\/image\/","url":"https:\/\/www.zmc.it\/wp-content\/uploads\/zmc-logo.png","contentUrl":"https:\/\/www.zmc.it\/wp-content\/uploads\/zmc-logo.png","width":150,"height":75,"caption":"ZMC Italy"},"image":{"@id":"https:\/\/www.zmc.it\/#\/schema\/logo\/image\/"},"sameAs":["https:\/\/www.linkedin.com\/company\/z.m.c.-italia-s.r.l.\/about\/"]}]}},"_links":{"self":[{"href":"https:\/\/www.zmc.it\/fr\/wp-json\/wp\/v2\/pages\/3517","targetHints":{"allow":["GET"]}}],"collection":[{"href":"https:\/\/www.zmc.it\/fr\/wp-json\/wp\/v2\/pages"}],"about":[{"href":"https:\/\/www.zmc.it\/fr\/wp-json\/wp\/v2\/types\/page"}],"author":[{"embeddable":true,"href":"https:\/\/www.zmc.it\/fr\/wp-json\/wp\/v2\/users\/1"}],"replies":[{"embeddable":true,"href":"https:\/\/www.zmc.it\/fr\/wp-json\/wp\/v2\/comments?post=3517"}],"version-history":[{"count":0,"href":"https:\/\/www.zmc.it\/fr\/wp-json\/wp\/v2\/pages\/3517\/revisions"}],"wp:attachment":[{"href":"https:\/\/www.zmc.it\/fr\/wp-json\/wp\/v2\/media?parent=3517"}],"curies":[{"name":"wp","href":"https:\/\/api.w.org\/{rel}","templated":true}]}}