{"id":3516,"date":"2018-03-16T09:53:57","date_gmt":"2018-03-16T09:53:57","guid":{"rendered":"https:\/\/www.zmc.it\/car-industry\/"},"modified":"2018-12-17T23:06:31","modified_gmt":"2018-12-17T23:06:31","slug":"industrie-automobile","status":"publish","type":"page","link":"https:\/\/www.zmc.it\/fr\/chaines-speciales\/industrie-automobile\/","title":{"rendered":"Industrie automobile"},"content":{"rendered":"<p>Industrie automobile<\/p>\n<p>Painting<\/p>\n<p>Drying oven<\/p>\n<p>Water proof<\/p>\n<p>Transport Skid + Body<\/p>\n<p>Bitapparella<\/p>\n<p>T\u00e9l\u00e9charger catalogue<\/p>\n<p>T\u00e9l\u00e9charger la section Industrie automobile<\/p>\n<p>ZMC\u00a0 a des des cha\u00eenes de manutention dans toutes les usines de construction automobile mondiales.<br \/>\nLes cha\u00eenes pour la manutention au sol ou a\u00e9rienne sont en effet utilis\u00e9es dans toutes les principales phases de production: voitures, camionnettes, camions, tracteurs, autobus et leurs composants.<br \/>\nLes solutions techniques pour ce secteur con\u00e7ues par ZMC selon les sp\u00e9cifications du client ou en collaboration avec ce dernier, sont presque infinies. L&rsquo;innovation de nos produits se poursuit sans rel\u00e2che dans le but d&rsquo;am\u00e9liorer: performance, fiabilit\u00e9 et durabilit\u00e9. Les cha\u00eenes du domaine automobile sont appel\u00e9es \u00e0 r\u00e9pondre \u00e0 des besoins en constantes \u00e9volutions, tant du point de vue technique que sous d\u2019autres aspects, de plus en plus pris\u00e9s par les constructeurs d\u2019usines et des utilisateurs finaux, tels que: la r\u00e9duction des co\u00fbts de maintenance, l\u2019\u00e9conomie d&rsquo;\u00e9nergie et le respect de l&rsquo;environnement.<br \/>\nPour diverses applications, des cha\u00eenes en versions autolubrifi\u00e9es ou n\u00e9cessitant peu d&rsquo;entretien sont disponibles.<br \/>\nParmi les utilisations les plus typiques et les plus r\u00e9ussies des cha\u00eenes ZMC dans le secteur automobile, nous avons:<\/p>\n<p>des convoyeurs au sol pour la manutention de diff\u00e9rents composants dans le processus de fabrication (soudage, al\u00e9sage, montage, sellage, contr\u00f4le)<br \/>\nconvoyeurs a\u00e9riens avec cha\u00eenes biplanaires pour le transport de composants (portes, par exemple)<br \/>\nlignes a\u00e9riennes, syst\u00e8mes associ\u00e9s, ascenseurs et descenceurs (cha\u00eenes avec poussoirs et m\u00e9canismes d\u2019attelage articul\u00e9s)<br \/>\nlignes tampons pour les syst\u00e8mes de stockage de carrosseries ou des composants de voitures<br \/>\nconvoyeurs pour le pr\u00e9traitement de la protection des carrosseries (syst\u00e8mes pendulaires pour la cataphor\u00e8se et la phosphatation)<br \/>\nsyst\u00e8mes d\u2019entrainement type Caterpillar (cha\u00eenes avec des dents d\u2019entrainement)<br \/>\nconvoyeur pour ateliers de peinture<br \/>\n\u00c9tuves de vernissage (version autolubrifiante exclusive ZMC avec une temp\u00e9rature de fonctionnement maximale de 250 \u00b0 C)<br \/>\nConvoyeurs avec simple ou double palette pour le transport au sol (sur demande, les palettes delargeur 400 \u00e0 4000 mm peuvent \u00eatre incluses dans la livraison)<br \/>\nsyst\u00e8mes pour le contr\u00f4le final de l&rsquo;\u00e9tanch\u00e9it\u00e9 de la voiture (appel\u00e9 WATER TEST)\n<\/p>\n<p><!-- {\"name\":\"\",\"type\":\"layout\",\"children\":[{\"name\":\"BREAD\",\"type\":\"section\",\"props\":{\"style\":\"default\",\"width\":\"default\",\"vertical_align\":\"middle\",\"title_position\":\"top-left\",\"title_rotation\":\"left\",\"title_breakpoint\":\"xl\",\"image_position\":\"center-center\",\"padding\":\"xsmall\",\"padding_remove_bottom\":true},\"children\":[{\"name\":\"\",\"type\":\"row\",\"props\":{\"fixed_width\":\"large\",\"breakpoint\":\"m\",\"layout\":\"1-1\"},\"children\":[{\"name\":\"\",\"type\":\"column\",\"props\":{\"widths\":[\"1-1\"],\"image_position\":\"center-center\"},\"children\":[{\"name\":\"\",\"type\":\"headline\",\"props\":{\"title_element\":\"h1\",\"content\":\"Industrie automobile\",\"title_style\":\"\",\"title_decoration\":\"\",\"title_color\":\"\",\"text_align\":\"\",\"text_align_breakpoint\":\"\",\"text_align_fallback\":\"\",\"maxwidth\":\"\",\"maxwidth_align\":\"\",\"maxwidth_breakpoint\":\"\",\"margin\":\"\",\"animation\":\"\",\"visibility\":\"\"}}]}]}]},{\"name\":\"contenuto speciali\",\"type\":\"section\",\"props\":{\"style\":\"default\",\"width\":\"default\",\"vertical_align\":\"middle\",\"title_position\":\"top-left\",\"title_rotation\":\"left\",\"title_breakpoint\":\"xl\",\"image_position\":\"center-center\",\"padding_remove_top\":false,\"padding\":\"xsmall\",\"padding_remove_bottom\":true},\"children\":[{\"name\":\"\",\"type\":\"row\",\"props\":{\"fixed_width\":\"large\",\"breakpoint\":\"m\",\"layout\":\"2-3,\"},\"children\":[{\"name\":\"\",\"type\":\"column\",\"props\":{\"widths\":[\"2-3\"],\"image_position\":\"center-center\"},\"children\":[{\"name\":\"slideshow catene speciali\",\"type\":\"slideshow\",\"props\":{\"show_title\":false,\"show_meta\":false,\"show_content\":true,\"show_link\":false,\"show_thumbnail\":false,\"slideshow_min_height\":300,\"slideshow_autoplay_pause\":true,\"nav\":\"dotnav\",\"nav_position\":\"bottom-center\",\"nav_position_margin\":\"medium\",\"nav_align\":\"center\",\"nav_breakpoint\":\"s\",\"thumbnav_width\":\"100\",\"thumbnav_height\":\"75\",\"slidenav\":\"default\",\"slidenav_margin\":\"\",\"slidenav_breakpoint\":\"s\",\"slidenav_outside_breakpoint\":\"xl\",\"overlay_position\":\"bottom\",\"overlay_animation\":\"parallax\",\"title_element\":\"h3\",\"meta_style\":\"meta\",\"meta_align\":\"bottom\",\"link_text\":\"Read more\",\"link_style\":\"default\",\"margin\":\"remove-vertical\",\"slideshow_autoplay\":true,\"overlay_container\":\"default\",\"overlay_container_padding\":\"small\",\"overlay_style\":\"overlay-default\",\"overlay_width\":\"xlarge\",\"text_align\":\"center\",\"maxwidth\":\"xxlarge\",\"class\":\"testo-slide\",\"overlay_padding\":\"small\",\"nav_below\":true,\"nav_margin\":\"small\",\"slidenav_hover\":true,\"content_style\":\"\",\"slideshow_height\":\"\",\"text_color\":\"\",\"slideshow_box_shadow\":\"\",\"slideshow_animation\":\"\",\"slideshow_kenburns\":\"\",\"nav_color\":\"\",\"slidenav_outside_color\":\"\",\"overlay_margin\":\"\",\"title_style\":\"\",\"title_decoration\":\"\",\"title_color\":\"\",\"meta_margin\":\"\",\"link_size\":\"\",\"text_align_breakpoint\":\"\",\"text_align_fallback\":\"\",\"maxwidth_align\":\"\",\"maxwidth_breakpoint\":\"\",\"animation\":\"\",\"visibility\":\"\"},\"children\":[{\"name\":\"\",\"type\":\"slideshow_item\",\"props\":{\"image\":\"wp-content\\\/uploads\\\/automobilistica-02.jpg\",\"text_color\":\"\"}},{\"name\":\"\",\"type\":\"slideshow_item\",\"props\":{\"image\":\"wp-content\\\/uploads\\\/automobilistica01-1.jpg\",\"text_color\":\"light\",\"content\":\"\n\n<p><strong>Painting<\\\/strong><\\\/p>\"}},{\"name\":\"\",\"type\":\"slideshow_item\",\"props\":{\"image\":\"wp-content\\\/uploads\\\/automobilistica-03.jpg\",\"text_color\":\"light\",\"content\":\"<strong>Drying oven<\\\/strong>\"}},{\"name\":\"\",\"type\":\"slideshow_item\",\"props\":{\"image\":\"wp-content\\\/uploads\\\/automobilistica-04.jpg\",\"text_color\":\"light\",\"content\":\"<strong>Water proof<\\\/strong>\"}},{\"name\":\"\",\"type\":\"slideshow_item\",\"props\":{\"image\":\"wp-content\\\/uploads\\\/automobilistica-05.jpg\",\"text_color\":\"light\",\"content\":\"\n\n<p><strong>Transport Skid + Body<\\\/strong><\\\/p>\"}},{\"name\":\"\",\"type\":\"slideshow_item\",\"props\":{\"image\":\"wp-content\\\/uploads\\\/automobilistica-06.jpg\",\"text_color\":\"light\",\"content\":\"\n\n<p><strong>Bitapparella<\\\/strong><\\\/p>\"}},{\"name\":\"\",\"type\":\"slideshow_item\",\"props\":{\"image\":\"wp-content\\\/uploads\\\/automobilistica-07.jpg\"}},{\"name\":\"\",\"type\":\"slideshow_item\",\"props\":{\"image\":\"wp-content\\\/uploads\\\/automobilistica-08.jpg\"}},{\"name\":\"\",\"type\":\"slideshow_item\",\"props\":{\"image\":\"wp-content\\\/uploads\\\/automobilistica-09.jpg\"}},{\"name\":\"\",\"type\":\"slideshow_item\",\"props\":{\"image\":\"wp-content\\\/uploads\\\/automobilistica-10.jpg\"}},{\"name\":\"\",\"type\":\"slideshow_item\",\"props\":{\"image\":\"wp-content\\\/uploads\\\/automobilistica-11.jpg\"}},{\"name\":\"\",\"type\":\"slideshow_item\",\"props\":{\"image\":\"wp-content\\\/uploads\\\/automobilistica-12.jpg\"}},{\"name\":\"\",\"type\":\"slideshow_item\",\"props\":{\"image\":\"wp-content\\\/uploads\\\/automobilistica-13.jpg\"}},{\"name\":\"\",\"type\":\"slideshow_item\",\"props\":{\"image\":\"wp-content\\\/uploads\\\/automobilistica-14.jpg\"}},{\"name\":\"\",\"type\":\"slideshow_item\",\"props\":{\"image\":\"wp-content\\\/uploads\\\/automobilistica-15.jpg\"}},{\"name\":\"\",\"type\":\"slideshow_item\",\"props\":{\"image\":\"wp-content\\\/uploads\\\/automobilistica-16.jpg\"}}]}]},{\"name\":\"\",\"type\":\"column\",\"props\":{\"widths\":[\"\"],\"image_position\":\"center-center\"},\"children\":[{\"name\":\"00download-cat-fra\",\"type\":\"button\",\"props\":{\"gutter\":\"small\",\"margin\":\"default\",\"maxwidth\":\"xxlarge\",\"button_size\":\"large\",\"fullwidth\":true,\"text_align\":\"\",\"text_align_breakpoint\":\"\",\"text_align_fallback\":\"\",\"maxwidth_align\":\"\",\"maxwidth_breakpoint\":\"\",\"animation\":\"\",\"visibility\":\"\"},\"children\":[{\"name\":\"\",\"type\":\"button_item\",\"props\":{\"button_style\":\"primary\",\"icon_align\":\"left\",\"icon\":\"download\",\"link_title\":\"\",\"content\":\"T\\u00e9l\\u00e9charger catalogue\",\"link\":\"wp-content\\\/uploads\\\/ZMC-Cat-Francais.pdf\",\"link_target\":\"blank\"}}]},{\"name\":\"00 bottone scarica la sezione speciali FR\",\"type\":\"button\",\"props\":{\"gutter\":\"small\",\"margin\":\"default\",\"maxwidth\":\"xxlarge\",\"button_size\":\"large\",\"fullwidth\":true,\"maxwidth_align\":\"center\",\"text_align\":\"center\",\"class\":\"bottone-scarica\",\"text_align_breakpoint\":\"\",\"text_align_fallback\":\"\",\"maxwidth_breakpoint\":\"\",\"animation\":\"\",\"visibility\":\"\"},\"children\":[{\"name\":\"\",\"type\":\"button_item\",\"props\":{\"button_style\":\"primary\",\"icon_align\":\"left\",\"icon\":\"download\",\"link_title\":\"\",\"content\":\"T\\u00e9l\\u00e9charger la section Industrie automobile\",\"link_target\":\"blank\",\"link\":\"wp-content\\\/uploads\\\/ZMC-industrie-automobile.pdf\"}}]}]}]},{\"name\":\"\",\"type\":\"row\",\"props\":{\"fixed_width\":\"large\",\"breakpoint\":\"m\",\"layout\":\"1-1\"},\"children\":[{\"name\":\"\",\"type\":\"column\",\"props\":{\"widths\":[\"1-1\"],\"image_position\":\"center-center\"},\"children\":[{\"name\":\"\",\"type\":\"text\",\"props\":{\"margin\":\"default\",\"column_breakpoint\":\"m\",\"content\":\"\n\n<p>ZMC\\u00a0 a des des cha\\u00eenes de manutention dans toutes les usines de construction automobile mondiales.<\\\/p>\\n\n\n<p>Les cha\\u00eenes pour la manutention au sol ou a\\u00e9rienne sont en effet utilis\\u00e9es dans toutes les principales phases de production: voitures, camionnettes, camions, tracteurs, autobus et leurs composants.<\\\/p>\\n\n\n<p>Les solutions techniques pour ce secteur con\\u00e7ues par ZMC selon les sp\\u00e9cifications du client ou en collaboration avec ce dernier, sont presque infinies. L'innovation de nos produits se poursuit sans rel\\u00e2che dans le but d'am\\u00e9liorer: performance, fiabilit\\u00e9 et durabilit\\u00e9. Les cha\\u00eenes du domaine automobile sont appel\\u00e9es \\u00e0 r\\u00e9pondre \\u00e0 des besoins en constantes \\u00e9volutions, tant du point de vue technique que sous d\\u2019autres aspects, de plus en plus pris\\u00e9s par les constructeurs d\\u2019usines et des utilisateurs finaux, tels que: la r\\u00e9duction des co\\u00fbts de maintenance, l\\u2019\\u00e9conomie d'\\u00e9nergie et le respect de l'environnement.<\\\/p>\\n\n\n<p>Pour diverses applications, des cha\\u00eenes en versions autolubrifi\\u00e9es ou n\\u00e9cessitant peu d'entretien sont disponibles.<\\\/p>\\n\n\n<p>Parmi les utilisations les plus typiques et les plus r\\u00e9ussies des cha\\u00eenes ZMC dans le secteur automobile, nous avons:<\\\/p>\\n\n\n<ul>\\n\n\n<li>des convoyeurs au sol pour la manutention de diff\\u00e9rents composants dans le processus de fabrication (soudage, al\\u00e9sage, montage, sellage, contr\\u00f4le)<\\\/li>\\n\n\n<li>convoyeurs a\\u00e9riens avec cha\\u00eenes biplanaires pour le transport de composants (portes, par exemple)<\\\/li>\\n\n\n<li>lignes a\\u00e9riennes, syst\\u00e8mes associ\\u00e9s, ascenseurs et descenceurs (cha\\u00eenes avec poussoirs et m\\u00e9canismes d\\u2019attelage articul\\u00e9s)<\\\/li>\\n\n\n<li>lignes tampons pour les syst\\u00e8mes de stockage de carrosseries ou des composants de voitures<\\\/li>\\n\n\n<li>convoyeurs pour le pr\\u00e9traitement de la protection des carrosseries (syst\\u00e8mes pendulaires pour la cataphor\\u00e8se et la phosphatation)<\\\/li>\\n\n\n<li>syst\\u00e8mes d\\u2019entrainement type Caterpillar (cha\\u00eenes avec des dents d\\u2019entrainement)<\\\/li>\\n\n\n<li>convoyeur pour ateliers de peinture<\\\/li>\\n\n\n<li>\\u00c9tuves de vernissage (version autolubrifiante exclusive ZMC avec une temp\\u00e9rature de fonctionnement maximale de 250 \\u00b0 C)<\\\/li>\\n\n\n<li>Convoyeurs avec simple ou double palette pour le transport au sol (sur demande, les palettes delargeur 400 \\u00e0 4000 mm peuvent \\u00eatre incluses dans la livraison)<\\\/li>\\n\n\n<li>syst\\u00e8mes pour le contr\\u00f4le final de l'\\u00e9tanch\\u00e9it\\u00e9 de la voiture (appel\\u00e9 WATER TEST)<\\\/li>\\n<\\\/ul>\",\"text_style\":\"\",\"text_color\":\"\",\"text_size\":\"\",\"column\":\"\",\"text_align\":\"\",\"text_align_breakpoint\":\"\",\"text_align_fallback\":\"\",\"maxwidth\":\"\",\"maxwidth_align\":\"\",\"maxwidth_breakpoint\":\"\",\"animation\":\"\",\"visibility\":\"\"}}]}]}]}]} --><\/p>\n","protected":false},"excerpt":{"rendered":"<p>Industrie automobile Painting Drying oven Water proof Transport Skid + Body Bitapparella T\u00e9l\u00e9charger catalogue T\u00e9l\u00e9charger la section Industrie automobile ZMC\u00a0 a des des cha\u00eenes de manutention dans toutes les usines de construction automobile mondiales. Les cha\u00eenes pour la manutention au sol ou a\u00e9rienne sont en effet utilis\u00e9es dans toutes les principales phases de production: voitures, [&hellip;]<\/p>\n","protected":false},"author":1,"featured_media":0,"parent":3520,"menu_order":0,"comment_status":"closed","ping_status":"closed","template":"","meta":{"footnotes":""},"class_list":["post-3516","page","type-page","status-publish","hentry"],"yoast_head":"<!-- This site is optimized with the Yoast SEO plugin v27.5 - https:\/\/yoast.com\/product\/yoast-seo-wordpress\/ -->\n<title>Industrie automobile - ZMC Italia<\/title>\n<meta name=\"robots\" content=\"index, follow, max-snippet:-1, max-image-preview:large, max-video-preview:-1\" \/>\n<link rel=\"canonical\" href=\"https:\/\/www.zmc.it\/fr\/chaines-speciales\/industrie-automobile\/\" \/>\n<meta property=\"og:locale\" content=\"fr_FR\" \/>\n<meta property=\"og:type\" content=\"article\" \/>\n<meta property=\"og:title\" content=\"Industrie automobile - ZMC Italia\" \/>\n<meta property=\"og:description\" content=\"Industrie automobile Painting Drying oven Water proof Transport Skid + Body Bitapparella T\u00e9l\u00e9charger catalogue T\u00e9l\u00e9charger la section Industrie automobile ZMC\u00a0 a des des cha\u00eenes de manutention dans toutes les usines de construction automobile mondiales. Les cha\u00eenes pour la manutention au sol ou a\u00e9rienne sont en effet utilis\u00e9es dans toutes les principales phases de production: voitures, [&hellip;]\" \/>\n<meta property=\"og:url\" content=\"https:\/\/www.zmc.it\/fr\/chaines-speciales\/industrie-automobile\/\" \/>\n<meta property=\"og:site_name\" content=\"ZMC Italia\" \/>\n<meta property=\"article:modified_time\" content=\"2018-12-17T23:06:31+00:00\" \/>\n<meta property=\"og:image\" content=\"https:\/\/www.zmc.it\/wp-content\/uploads\/FOTO-SLIDER-2.jpg\" \/>\n\t<meta property=\"og:image:width\" content=\"1600\" \/>\n\t<meta property=\"og:image:height\" content=\"500\" \/>\n\t<meta property=\"og:image:type\" content=\"image\/jpeg\" \/>\n<meta name=\"twitter:card\" content=\"summary_large_image\" \/>\n<meta name=\"twitter:label1\" content=\"Dur\u00e9e de lecture estim\u00e9e\" \/>\n\t<meta name=\"twitter:data1\" content=\"2 minutes\" \/>\n<script type=\"application\/ld+json\" class=\"yoast-schema-graph\">{\"@context\":\"https:\\\/\\\/schema.org\",\"@graph\":[{\"@type\":\"WebPage\",\"@id\":\"https:\\\/\\\/www.zmc.it\\\/fr\\\/chaines-speciales\\\/industrie-automobile\\\/\",\"url\":\"https:\\\/\\\/www.zmc.it\\\/fr\\\/chaines-speciales\\\/industrie-automobile\\\/\",\"name\":\"Industrie automobile - ZMC Italia\",\"isPartOf\":{\"@id\":\"https:\\\/\\\/www.zmc.it\\\/#website\"},\"datePublished\":\"2018-03-16T09:53:57+00:00\",\"dateModified\":\"2018-12-17T23:06:31+00:00\",\"breadcrumb\":{\"@id\":\"https:\\\/\\\/www.zmc.it\\\/fr\\\/chaines-speciales\\\/industrie-automobile\\\/#breadcrumb\"},\"inLanguage\":\"fr-FR\",\"potentialAction\":[{\"@type\":\"ReadAction\",\"target\":[\"https:\\\/\\\/www.zmc.it\\\/fr\\\/chaines-speciales\\\/industrie-automobile\\\/\"]}]},{\"@type\":\"BreadcrumbList\",\"@id\":\"https:\\\/\\\/www.zmc.it\\\/fr\\\/chaines-speciales\\\/industrie-automobile\\\/#breadcrumb\",\"itemListElement\":[{\"@type\":\"ListItem\",\"position\":1,\"name\":\"Home\",\"item\":\"https:\\\/\\\/www.zmc.it\\\/fr\\\/\"},{\"@type\":\"ListItem\",\"position\":2,\"name\":\"Cha\u00eenes sp\u00e9ciales\",\"item\":\"https:\\\/\\\/www.zmc.it\\\/fr\\\/chaines-speciales\\\/\"},{\"@type\":\"ListItem\",\"position\":3,\"name\":\"Industrie automobile\"}]},{\"@type\":\"WebSite\",\"@id\":\"https:\\\/\\\/www.zmc.it\\\/#website\",\"url\":\"https:\\\/\\\/www.zmc.it\\\/\",\"name\":\"ZMC Italia\",\"description\":\"\",\"publisher\":{\"@id\":\"https:\\\/\\\/www.zmc.it\\\/#organization\"},\"potentialAction\":[{\"@type\":\"SearchAction\",\"target\":{\"@type\":\"EntryPoint\",\"urlTemplate\":\"https:\\\/\\\/www.zmc.it\\\/?s={search_term_string}\"},\"query-input\":{\"@type\":\"PropertyValueSpecification\",\"valueRequired\":true,\"valueName\":\"search_term_string\"}}],\"inLanguage\":\"fr-FR\"},{\"@type\":\"Organization\",\"@id\":\"https:\\\/\\\/www.zmc.it\\\/#organization\",\"name\":\"ZMC Italy\",\"url\":\"https:\\\/\\\/www.zmc.it\\\/\",\"logo\":{\"@type\":\"ImageObject\",\"inLanguage\":\"fr-FR\",\"@id\":\"https:\\\/\\\/www.zmc.it\\\/#\\\/schema\\\/logo\\\/image\\\/\",\"url\":\"https:\\\/\\\/www.zmc.it\\\/wp-content\\\/uploads\\\/zmc-logo.png\",\"contentUrl\":\"https:\\\/\\\/www.zmc.it\\\/wp-content\\\/uploads\\\/zmc-logo.png\",\"width\":150,\"height\":75,\"caption\":\"ZMC Italy\"},\"image\":{\"@id\":\"https:\\\/\\\/www.zmc.it\\\/#\\\/schema\\\/logo\\\/image\\\/\"},\"sameAs\":[\"https:\\\/\\\/www.linkedin.com\\\/company\\\/z.m.c.-italia-s.r.l.\\\/about\\\/\"]}]}<\/script>\n<!-- \/ Yoast SEO plugin. -->","yoast_head_json":{"title":"Industrie automobile - ZMC Italia","robots":{"index":"index","follow":"follow","max-snippet":"max-snippet:-1","max-image-preview":"max-image-preview:large","max-video-preview":"max-video-preview:-1"},"canonical":"https:\/\/www.zmc.it\/fr\/chaines-speciales\/industrie-automobile\/","og_locale":"fr_FR","og_type":"article","og_title":"Industrie automobile - ZMC Italia","og_description":"Industrie automobile Painting Drying oven Water proof Transport Skid + Body Bitapparella T\u00e9l\u00e9charger catalogue T\u00e9l\u00e9charger la section Industrie automobile ZMC\u00a0 a des des cha\u00eenes de manutention dans toutes les usines de construction automobile mondiales. Les cha\u00eenes pour la manutention au sol ou a\u00e9rienne sont en effet utilis\u00e9es dans toutes les principales phases de production: voitures, [&hellip;]","og_url":"https:\/\/www.zmc.it\/fr\/chaines-speciales\/industrie-automobile\/","og_site_name":"ZMC Italia","article_modified_time":"2018-12-17T23:06:31+00:00","og_image":[{"width":1600,"height":500,"url":"https:\/\/www.zmc.it\/wp-content\/uploads\/FOTO-SLIDER-2.jpg","type":"image\/jpeg"}],"twitter_card":"summary_large_image","twitter_misc":{"Dur\u00e9e de lecture estim\u00e9e":"2 minutes"},"schema":{"@context":"https:\/\/schema.org","@graph":[{"@type":"WebPage","@id":"https:\/\/www.zmc.it\/fr\/chaines-speciales\/industrie-automobile\/","url":"https:\/\/www.zmc.it\/fr\/chaines-speciales\/industrie-automobile\/","name":"Industrie automobile - ZMC Italia","isPartOf":{"@id":"https:\/\/www.zmc.it\/#website"},"datePublished":"2018-03-16T09:53:57+00:00","dateModified":"2018-12-17T23:06:31+00:00","breadcrumb":{"@id":"https:\/\/www.zmc.it\/fr\/chaines-speciales\/industrie-automobile\/#breadcrumb"},"inLanguage":"fr-FR","potentialAction":[{"@type":"ReadAction","target":["https:\/\/www.zmc.it\/fr\/chaines-speciales\/industrie-automobile\/"]}]},{"@type":"BreadcrumbList","@id":"https:\/\/www.zmc.it\/fr\/chaines-speciales\/industrie-automobile\/#breadcrumb","itemListElement":[{"@type":"ListItem","position":1,"name":"Home","item":"https:\/\/www.zmc.it\/fr\/"},{"@type":"ListItem","position":2,"name":"Cha\u00eenes sp\u00e9ciales","item":"https:\/\/www.zmc.it\/fr\/chaines-speciales\/"},{"@type":"ListItem","position":3,"name":"Industrie automobile"}]},{"@type":"WebSite","@id":"https:\/\/www.zmc.it\/#website","url":"https:\/\/www.zmc.it\/","name":"ZMC Italia","description":"","publisher":{"@id":"https:\/\/www.zmc.it\/#organization"},"potentialAction":[{"@type":"SearchAction","target":{"@type":"EntryPoint","urlTemplate":"https:\/\/www.zmc.it\/?s={search_term_string}"},"query-input":{"@type":"PropertyValueSpecification","valueRequired":true,"valueName":"search_term_string"}}],"inLanguage":"fr-FR"},{"@type":"Organization","@id":"https:\/\/www.zmc.it\/#organization","name":"ZMC Italy","url":"https:\/\/www.zmc.it\/","logo":{"@type":"ImageObject","inLanguage":"fr-FR","@id":"https:\/\/www.zmc.it\/#\/schema\/logo\/image\/","url":"https:\/\/www.zmc.it\/wp-content\/uploads\/zmc-logo.png","contentUrl":"https:\/\/www.zmc.it\/wp-content\/uploads\/zmc-logo.png","width":150,"height":75,"caption":"ZMC Italy"},"image":{"@id":"https:\/\/www.zmc.it\/#\/schema\/logo\/image\/"},"sameAs":["https:\/\/www.linkedin.com\/company\/z.m.c.-italia-s.r.l.\/about\/"]}]}},"_links":{"self":[{"href":"https:\/\/www.zmc.it\/fr\/wp-json\/wp\/v2\/pages\/3516","targetHints":{"allow":["GET"]}}],"collection":[{"href":"https:\/\/www.zmc.it\/fr\/wp-json\/wp\/v2\/pages"}],"about":[{"href":"https:\/\/www.zmc.it\/fr\/wp-json\/wp\/v2\/types\/page"}],"author":[{"embeddable":true,"href":"https:\/\/www.zmc.it\/fr\/wp-json\/wp\/v2\/users\/1"}],"replies":[{"embeddable":true,"href":"https:\/\/www.zmc.it\/fr\/wp-json\/wp\/v2\/comments?post=3516"}],"version-history":[{"count":0,"href":"https:\/\/www.zmc.it\/fr\/wp-json\/wp\/v2\/pages\/3516\/revisions"}],"up":[{"embeddable":true,"href":"https:\/\/www.zmc.it\/fr\/wp-json\/wp\/v2\/pages\/3520"}],"wp:attachment":[{"href":"https:\/\/www.zmc.it\/fr\/wp-json\/wp\/v2\/media?parent=3516"}],"curies":[{"name":"wp","href":"https:\/\/api.w.org\/{rel}","templated":true}]}}