{"id":3498,"date":"2018-05-07T20:23:47","date_gmt":"2018-05-07T20:23:47","guid":{"rendered":"https:\/\/www.zmc.it\/agri-food-industry\/"},"modified":"2018-12-17T22:37:34","modified_gmt":"2018-12-17T22:37:34","slug":"industrie-agroalimentaire","status":"publish","type":"page","link":"https:\/\/www.zmc.it\/fr\/chaines-speciales\/industrie-agroalimentaire\/","title":{"rendered":"Industrie agroalimentaire"},"content":{"rendered":"<p>Industrie agroalimentaire<\/p>\n<p>T\u00e9l\u00e9charger catalogue<\/p>\n<p>T\u00e9l\u00e9charger la section Industrie agroalimentaire<\/p>\n<p>La principale utilisation des cha\u00eenes de manutention ZMC dans l&rsquo;industrie agroalimentaire concerne les machines de calibrage, utilis\u00e9es pour s\u00e9lectionner les types de fruits et l\u00e9gumes les plus divers, en fonction de leur taille, de leur poids et d&rsquo;autres caract\u00e9ristiques de qualit\u00e9.<br \/>\nDans le m\u00eame secteur, les cha\u00eenes de ZMC sont \u00e9galement utilis\u00e9es pour le traitement et l\u2019emballage des produits alimentaires.<br \/>\nZMC fabrique diff\u00e9rents types de cha\u00eenes pour ce type d&rsquo;application, toutes caract\u00e9ris\u00e9es par des tol\u00e9rances dimensionnelles \u00e9troites, notamment en ce qui concerne la longueur. Sur demande, ZMC fournit le service de pr\u00e9-\u00e9tirage et de mesure, garantissant une pr\u00e9cision et une uniformit\u00e9 de longueur maximales et appair\u00e9es.<br \/>\nEtant donn\u00e9 qu&rsquo;il est toujours possible de concevoir de nouvelles cha\u00eenes de calibreuses r\u00e9pondant aux besoins des constructeurs d&rsquo;installations, les principales solutions d\u00e9j\u00e0 utilis\u00e9es dans le secteur sont les suivantes:<\/p>\n<p>cha\u00eenes avec un trou central sur les plaques<br \/>\ncha\u00eenes \u00e0 axes d\u00e9bordants avec trous centraux dans les plaques, et avec, \u00e9ventuellement, un pas diff\u00e9rent entre les mailles int\u00e9rieures et ext\u00e9rieures<br \/>\ncha\u00eenes \u00e0 mailles \u00e9vid\u00e9es<br \/>\ncha\u00eenes \u00e0 axes creux<br \/>\ncha\u00eenes \u00e0 axes d\u00e9bordants\n<\/p>\n<p><!-- {\"name\":\"\",\"type\":\"layout\",\"children\":[{\"name\":\"BREAD\",\"type\":\"section\",\"props\":{\"style\":\"default\",\"width\":\"default\",\"vertical_align\":\"middle\",\"title_position\":\"top-left\",\"title_rotation\":\"left\",\"title_breakpoint\":\"xl\",\"image_position\":\"center-center\",\"padding\":\"xsmall\",\"padding_remove_bottom\":true},\"children\":[{\"name\":\"\",\"type\":\"row\",\"props\":{\"fixed_width\":\"large\",\"breakpoint\":\"m\",\"layout\":\"1-1\"},\"children\":[{\"name\":\"\",\"type\":\"column\",\"props\":{\"widths\":[\"1-1\"],\"image_position\":\"center-center\"},\"children\":[{\"name\":\"\",\"type\":\"headline\",\"props\":{\"title_element\":\"h1\",\"content\":\"Industrie agroalimentaire\",\"title_style\":\"\",\"title_decoration\":\"\",\"title_color\":\"\",\"text_align\":\"\",\"text_align_breakpoint\":\"\",\"text_align_fallback\":\"\",\"maxwidth\":\"\",\"maxwidth_align\":\"\",\"maxwidth_breakpoint\":\"\",\"margin\":\"\",\"animation\":\"\",\"visibility\":\"\"}}]}]}]},{\"name\":\"contenuto speciali\",\"type\":\"section\",\"props\":{\"style\":\"default\",\"width\":\"default\",\"vertical_align\":\"middle\",\"title_position\":\"top-left\",\"title_rotation\":\"left\",\"title_breakpoint\":\"xl\",\"image_position\":\"center-center\",\"padding_remove_top\":false,\"padding\":\"xsmall\",\"padding_remove_bottom\":true},\"children\":[{\"name\":\"\",\"type\":\"row\",\"props\":{\"fixed_width\":\"large\",\"breakpoint\":\"m\",\"layout\":\"2-3,\"},\"children\":[{\"name\":\"\",\"type\":\"column\",\"props\":{\"widths\":[\"2-3\"],\"image_position\":\"center-center\"},\"children\":[{\"name\":\"\",\"type\":\"slideshow\",\"props\":{\"show_title\":false,\"show_meta\":false,\"show_content\":false,\"show_link\":false,\"show_thumbnail\":false,\"slideshow_min_height\":300,\"slideshow_autoplay_pause\":true,\"nav\":\"dotnav\",\"nav_position\":\"bottom-center\",\"nav_position_margin\":\"medium\",\"nav_align\":\"center\",\"nav_breakpoint\":\"s\",\"thumbnav_width\":\"100\",\"thumbnav_height\":\"75\",\"slidenav\":\"default\",\"slidenav_margin\":\"medium\",\"slidenav_breakpoint\":\"s\",\"slidenav_outside_breakpoint\":\"xl\",\"overlay_position\":\"center-left\",\"overlay_animation\":\"parallax\",\"title_element\":\"h3\",\"meta_style\":\"meta\",\"meta_align\":\"bottom\",\"link_text\":\"Read more\",\"link_style\":\"default\",\"margin\":\"default\",\"slideshow_autoplay\":true},\"children\":[{\"name\":\"\",\"type\":\"slideshow_item\",\"props\":{\"image\":\"wp-content\\\/uploads\\\/agroalimentare-1.jpg\"}},{\"name\":\"\",\"type\":\"slideshow_item\",\"props\":{\"image\":\"wp-content\\\/uploads\\\/agroalimentare-02.jpg\"}},{\"name\":\"\",\"type\":\"slideshow_item\",\"props\":{\"image\":\"wp-content\\\/uploads\\\/agroalimentare-03.jpg\"}},{\"name\":\"\",\"type\":\"slideshow_item\",\"props\":{\"image\":\"wp-content\\\/uploads\\\/agroalimentare-04.jpg\"}},{\"name\":\"\",\"type\":\"slideshow_item\",\"props\":{\"image\":\"wp-content\\\/uploads\\\/agroalimentare-05.jpg\"}},{\"name\":\"\",\"type\":\"slideshow_item\",\"props\":{\"image\":\"wp-content\\\/uploads\\\/agroalimentare-06.jpg\"}}]}]},{\"name\":\"\",\"type\":\"column\",\"props\":{\"widths\":[\"\"],\"image_position\":\"center-center\"},\"children\":[{\"name\":\"download-cat-fra\",\"type\":\"button\",\"props\":{\"gutter\":\"small\",\"margin\":\"default\",\"maxwidth\":\"xxlarge\",\"button_size\":\"large\",\"fullwidth\":true,\"text_align\":\"\",\"text_align_breakpoint\":\"\",\"text_align_fallback\":\"\",\"maxwidth_align\":\"\",\"maxwidth_breakpoint\":\"\",\"animation\":\"\",\"visibility\":\"\"},\"children\":[{\"name\":\"\",\"type\":\"button_item\",\"props\":{\"button_style\":\"primary\",\"icon_align\":\"left\",\"icon\":\"download\",\"link_title\":\"\",\"content\":\"T\\u00e9l\\u00e9charger catalogue\",\"link\":\"wp-content\\\/uploads\\\/ZMC-Cat-Francais.pdf\",\"link_target\":\"blank\"}}]},{\"name\":\"bottone scarica la sezione FR\",\"type\":\"button\",\"props\":{\"gutter\":\"small\",\"margin\":\"default\",\"maxwidth\":\"xxlarge\",\"button_size\":\"large\",\"fullwidth\":true,\"maxwidth_align\":\"center\",\"text_align\":\"center\",\"class\":\"bottone-scarica\",\"text_align_breakpoint\":\"\",\"text_align_fallback\":\"\",\"maxwidth_breakpoint\":\"\",\"animation\":\"\",\"visibility\":\"\"},\"children\":[{\"name\":\"\",\"type\":\"button_item\",\"props\":{\"button_style\":\"primary\",\"icon_align\":\"left\",\"icon\":\"download\",\"link_title\":\"\",\"content\":\"T\\u00e9l\\u00e9charger la section Industrie agroalimentaire\",\"link_target\":\"blank\",\"link\":\"wp-content\\\/uploads\\\/ZMC-Industrie-agroalimentaire.pdf\"}}]}]}]},{\"name\":\"\",\"type\":\"row\",\"props\":{\"fixed_width\":\"large\",\"breakpoint\":\"m\",\"layout\":\"1-1\"},\"children\":[{\"name\":\"\",\"type\":\"column\",\"props\":{\"widths\":[\"1-1\"],\"image_position\":\"center-center\"},\"children\":[{\"name\":\"\",\"type\":\"text\",\"props\":{\"margin\":\"default\",\"column_breakpoint\":\"m\",\"content\":\"\n\n<p>La principale utilisation des cha\\u00eenes de manutention ZMC dans l'industrie agroalimentaire concerne les machines de calibrage, utilis\\u00e9es pour s\\u00e9lectionner les types de fruits et l\\u00e9gumes les plus divers, en fonction de leur taille, de leur poids et d'autres caract\\u00e9ristiques de qualit\\u00e9.<\\\/p>\\n\n\n<p>Dans le m\\u00eame secteur, les cha\\u00eenes de ZMC sont \\u00e9galement utilis\\u00e9es pour le traitement et l\\u2019emballage des produits alimentaires.<\\\/p>\\n\n\n<p>ZMC fabrique diff\\u00e9rents types de cha\\u00eenes pour ce type d'application, toutes caract\\u00e9ris\\u00e9es par des tol\\u00e9rances dimensionnelles \\u00e9troites, notamment en ce qui concerne la longueur. Sur demande, ZMC fournit le service de pr\\u00e9-\\u00e9tirage et de mesure, garantissant une pr\\u00e9cision et une uniformit\\u00e9 de longueur maximales et appair\\u00e9es.<\\\/p>\\n\n\n<p>Etant donn\\u00e9 qu'il est toujours possible de concevoir de nouvelles cha\\u00eenes de calibreuses r\\u00e9pondant aux besoins des constructeurs d'installations, les principales solutions d\\u00e9j\\u00e0 utilis\\u00e9es dans le secteur sont les suivantes:<\\\/p>\\n\n\n<ul>\\n\n\n<li>cha\\u00eenes avec un trou central sur les plaques<\\\/li>\\n\n\n<li>cha\\u00eenes \\u00e0 axes d\\u00e9bordants avec trous centraux dans les plaques, et avec, \\u00e9ventuellement, un pas diff\\u00e9rent entre les mailles int\\u00e9rieures et ext\\u00e9rieures<\\\/li>\\n\n\n<li>cha\\u00eenes \\u00e0 mailles \\u00e9vid\\u00e9es<\\\/li>\\n\n\n<li>cha\\u00eenes \\u00e0 axes creux<\\\/li>\\n\n\n<li>cha\\u00eenes \\u00e0 axes d\\u00e9bordants<\\\/li>\\n<\\\/ul>\",\"text_style\":\"\",\"text_color\":\"\",\"text_size\":\"\",\"column\":\"\",\"text_align\":\"\",\"text_align_breakpoint\":\"\",\"text_align_fallback\":\"\",\"maxwidth\":\"\",\"maxwidth_align\":\"\",\"maxwidth_breakpoint\":\"\",\"animation\":\"\",\"visibility\":\"\"}}]}]}]}]} --><\/p>\n","protected":false},"excerpt":{"rendered":"<p>Industrie agroalimentaire T\u00e9l\u00e9charger catalogue T\u00e9l\u00e9charger la section Industrie agroalimentaire La principale utilisation des cha\u00eenes de manutention ZMC dans l&rsquo;industrie agroalimentaire concerne les machines de calibrage, utilis\u00e9es pour s\u00e9lectionner les types de fruits et l\u00e9gumes les plus divers, en fonction de leur taille, de leur poids et d&rsquo;autres caract\u00e9ristiques de qualit\u00e9. Dans le m\u00eame secteur, les [&hellip;]<\/p>\n","protected":false},"author":1,"featured_media":0,"parent":3520,"menu_order":0,"comment_status":"closed","ping_status":"closed","template":"","meta":{"footnotes":""},"class_list":["post-3498","page","type-page","status-publish","hentry"],"yoast_head":"<!-- This site is optimized with the Yoast SEO plugin v27.2 - https:\/\/yoast.com\/product\/yoast-seo-wordpress\/ -->\n<title>Industrie agroalimentaire - ZMC Italia<\/title>\n<meta name=\"robots\" content=\"index, follow, max-snippet:-1, max-image-preview:large, max-video-preview:-1\" \/>\n<link rel=\"canonical\" href=\"https:\/\/www.zmc.it\/fr\/chaines-speciales\/industrie-agroalimentaire\/\" \/>\n<meta property=\"og:locale\" content=\"fr_FR\" \/>\n<meta property=\"og:type\" content=\"article\" \/>\n<meta property=\"og:title\" content=\"Industrie agroalimentaire - ZMC Italia\" \/>\n<meta property=\"og:description\" content=\"Industrie agroalimentaire T\u00e9l\u00e9charger catalogue T\u00e9l\u00e9charger la section Industrie agroalimentaire La principale utilisation des cha\u00eenes de manutention ZMC dans l&rsquo;industrie agroalimentaire concerne les machines de calibrage, utilis\u00e9es pour s\u00e9lectionner les types de fruits et l\u00e9gumes les plus divers, en fonction de leur taille, de leur poids et d&rsquo;autres caract\u00e9ristiques de qualit\u00e9. Dans le m\u00eame secteur, les [&hellip;]\" \/>\n<meta property=\"og:url\" content=\"https:\/\/www.zmc.it\/fr\/chaines-speciales\/industrie-agroalimentaire\/\" \/>\n<meta property=\"og:site_name\" content=\"ZMC Italia\" \/>\n<meta property=\"article:modified_time\" content=\"2018-12-17T22:37:34+00:00\" \/>\n<meta property=\"og:image\" content=\"https:\/\/www.zmc.it\/wp-content\/uploads\/FOTO-SLIDER-2.jpg\" \/>\n\t<meta property=\"og:image:width\" content=\"1600\" \/>\n\t<meta property=\"og:image:height\" content=\"500\" \/>\n\t<meta property=\"og:image:type\" content=\"image\/jpeg\" \/>\n<meta name=\"twitter:card\" content=\"summary_large_image\" \/>\n<meta name=\"twitter:label1\" content=\"Dur\u00e9e de lecture estim\u00e9e\" \/>\n\t<meta name=\"twitter:data1\" content=\"1 minute\" \/>\n<script type=\"application\/ld+json\" class=\"yoast-schema-graph\">{\"@context\":\"https:\/\/schema.org\",\"@graph\":[{\"@type\":\"WebPage\",\"@id\":\"https:\/\/www.zmc.it\/fr\/chaines-speciales\/industrie-agroalimentaire\/\",\"url\":\"https:\/\/www.zmc.it\/fr\/chaines-speciales\/industrie-agroalimentaire\/\",\"name\":\"Industrie agroalimentaire - ZMC Italia\",\"isPartOf\":{\"@id\":\"https:\/\/www.zmc.it\/#website\"},\"datePublished\":\"2018-05-07T20:23:47+00:00\",\"dateModified\":\"2018-12-17T22:37:34+00:00\",\"breadcrumb\":{\"@id\":\"https:\/\/www.zmc.it\/fr\/chaines-speciales\/industrie-agroalimentaire\/#breadcrumb\"},\"inLanguage\":\"fr-FR\",\"potentialAction\":[{\"@type\":\"ReadAction\",\"target\":[\"https:\/\/www.zmc.it\/fr\/chaines-speciales\/industrie-agroalimentaire\/\"]}]},{\"@type\":\"BreadcrumbList\",\"@id\":\"https:\/\/www.zmc.it\/fr\/chaines-speciales\/industrie-agroalimentaire\/#breadcrumb\",\"itemListElement\":[{\"@type\":\"ListItem\",\"position\":1,\"name\":\"Home\",\"item\":\"https:\/\/www.zmc.it\/fr\/\"},{\"@type\":\"ListItem\",\"position\":2,\"name\":\"Cha\u00eenes sp\u00e9ciales\",\"item\":\"https:\/\/www.zmc.it\/fr\/chaines-speciales\/\"},{\"@type\":\"ListItem\",\"position\":3,\"name\":\"Industrie agroalimentaire\"}]},{\"@type\":\"WebSite\",\"@id\":\"https:\/\/www.zmc.it\/#website\",\"url\":\"https:\/\/www.zmc.it\/\",\"name\":\"ZMC Italia\",\"description\":\"\",\"publisher\":{\"@id\":\"https:\/\/www.zmc.it\/#organization\"},\"potentialAction\":[{\"@type\":\"SearchAction\",\"target\":{\"@type\":\"EntryPoint\",\"urlTemplate\":\"https:\/\/www.zmc.it\/?s={search_term_string}\"},\"query-input\":{\"@type\":\"PropertyValueSpecification\",\"valueRequired\":true,\"valueName\":\"search_term_string\"}}],\"inLanguage\":\"fr-FR\"},{\"@type\":\"Organization\",\"@id\":\"https:\/\/www.zmc.it\/#organization\",\"name\":\"ZMC Italy\",\"url\":\"https:\/\/www.zmc.it\/\",\"logo\":{\"@type\":\"ImageObject\",\"inLanguage\":\"fr-FR\",\"@id\":\"https:\/\/www.zmc.it\/#\/schema\/logo\/image\/\",\"url\":\"https:\/\/www.zmc.it\/wp-content\/uploads\/zmc-logo.png\",\"contentUrl\":\"https:\/\/www.zmc.it\/wp-content\/uploads\/zmc-logo.png\",\"width\":150,\"height\":75,\"caption\":\"ZMC Italy\"},\"image\":{\"@id\":\"https:\/\/www.zmc.it\/#\/schema\/logo\/image\/\"},\"sameAs\":[\"https:\/\/www.linkedin.com\/company\/z.m.c.-italia-s.r.l.\/about\/\"]}]}<\/script>\n<!-- \/ Yoast SEO plugin. -->","yoast_head_json":{"title":"Industrie agroalimentaire - ZMC Italia","robots":{"index":"index","follow":"follow","max-snippet":"max-snippet:-1","max-image-preview":"max-image-preview:large","max-video-preview":"max-video-preview:-1"},"canonical":"https:\/\/www.zmc.it\/fr\/chaines-speciales\/industrie-agroalimentaire\/","og_locale":"fr_FR","og_type":"article","og_title":"Industrie agroalimentaire - ZMC Italia","og_description":"Industrie agroalimentaire T\u00e9l\u00e9charger catalogue T\u00e9l\u00e9charger la section Industrie agroalimentaire La principale utilisation des cha\u00eenes de manutention ZMC dans l&rsquo;industrie agroalimentaire concerne les machines de calibrage, utilis\u00e9es pour s\u00e9lectionner les types de fruits et l\u00e9gumes les plus divers, en fonction de leur taille, de leur poids et d&rsquo;autres caract\u00e9ristiques de qualit\u00e9. Dans le m\u00eame secteur, les [&hellip;]","og_url":"https:\/\/www.zmc.it\/fr\/chaines-speciales\/industrie-agroalimentaire\/","og_site_name":"ZMC Italia","article_modified_time":"2018-12-17T22:37:34+00:00","og_image":[{"width":1600,"height":500,"url":"https:\/\/www.zmc.it\/wp-content\/uploads\/FOTO-SLIDER-2.jpg","type":"image\/jpeg"}],"twitter_card":"summary_large_image","twitter_misc":{"Dur\u00e9e de lecture estim\u00e9e":"1 minute"},"schema":{"@context":"https:\/\/schema.org","@graph":[{"@type":"WebPage","@id":"https:\/\/www.zmc.it\/fr\/chaines-speciales\/industrie-agroalimentaire\/","url":"https:\/\/www.zmc.it\/fr\/chaines-speciales\/industrie-agroalimentaire\/","name":"Industrie agroalimentaire - ZMC Italia","isPartOf":{"@id":"https:\/\/www.zmc.it\/#website"},"datePublished":"2018-05-07T20:23:47+00:00","dateModified":"2018-12-17T22:37:34+00:00","breadcrumb":{"@id":"https:\/\/www.zmc.it\/fr\/chaines-speciales\/industrie-agroalimentaire\/#breadcrumb"},"inLanguage":"fr-FR","potentialAction":[{"@type":"ReadAction","target":["https:\/\/www.zmc.it\/fr\/chaines-speciales\/industrie-agroalimentaire\/"]}]},{"@type":"BreadcrumbList","@id":"https:\/\/www.zmc.it\/fr\/chaines-speciales\/industrie-agroalimentaire\/#breadcrumb","itemListElement":[{"@type":"ListItem","position":1,"name":"Home","item":"https:\/\/www.zmc.it\/fr\/"},{"@type":"ListItem","position":2,"name":"Cha\u00eenes sp\u00e9ciales","item":"https:\/\/www.zmc.it\/fr\/chaines-speciales\/"},{"@type":"ListItem","position":3,"name":"Industrie agroalimentaire"}]},{"@type":"WebSite","@id":"https:\/\/www.zmc.it\/#website","url":"https:\/\/www.zmc.it\/","name":"ZMC Italia","description":"","publisher":{"@id":"https:\/\/www.zmc.it\/#organization"},"potentialAction":[{"@type":"SearchAction","target":{"@type":"EntryPoint","urlTemplate":"https:\/\/www.zmc.it\/?s={search_term_string}"},"query-input":{"@type":"PropertyValueSpecification","valueRequired":true,"valueName":"search_term_string"}}],"inLanguage":"fr-FR"},{"@type":"Organization","@id":"https:\/\/www.zmc.it\/#organization","name":"ZMC Italy","url":"https:\/\/www.zmc.it\/","logo":{"@type":"ImageObject","inLanguage":"fr-FR","@id":"https:\/\/www.zmc.it\/#\/schema\/logo\/image\/","url":"https:\/\/www.zmc.it\/wp-content\/uploads\/zmc-logo.png","contentUrl":"https:\/\/www.zmc.it\/wp-content\/uploads\/zmc-logo.png","width":150,"height":75,"caption":"ZMC Italy"},"image":{"@id":"https:\/\/www.zmc.it\/#\/schema\/logo\/image\/"},"sameAs":["https:\/\/www.linkedin.com\/company\/z.m.c.-italia-s.r.l.\/about\/"]}]}},"_links":{"self":[{"href":"https:\/\/www.zmc.it\/fr\/wp-json\/wp\/v2\/pages\/3498","targetHints":{"allow":["GET"]}}],"collection":[{"href":"https:\/\/www.zmc.it\/fr\/wp-json\/wp\/v2\/pages"}],"about":[{"href":"https:\/\/www.zmc.it\/fr\/wp-json\/wp\/v2\/types\/page"}],"author":[{"embeddable":true,"href":"https:\/\/www.zmc.it\/fr\/wp-json\/wp\/v2\/users\/1"}],"replies":[{"embeddable":true,"href":"https:\/\/www.zmc.it\/fr\/wp-json\/wp\/v2\/comments?post=3498"}],"version-history":[{"count":0,"href":"https:\/\/www.zmc.it\/fr\/wp-json\/wp\/v2\/pages\/3498\/revisions"}],"up":[{"embeddable":true,"href":"https:\/\/www.zmc.it\/fr\/wp-json\/wp\/v2\/pages\/3520"}],"wp:attachment":[{"href":"https:\/\/www.zmc.it\/fr\/wp-json\/wp\/v2\/media?parent=3498"}],"curies":[{"name":"wp","href":"https:\/\/api.w.org\/{rel}","templated":true}]}}