{"id":3497,"date":"2018-06-21T04:04:05","date_gmt":"2018-06-21T04:04:05","guid":{"rendered":"https:\/\/www.zmc.it\/privacy-policy\/"},"modified":"2024-11-20T15:03:18","modified_gmt":"2024-11-20T15:03:18","slug":"politique-de-confidentialite","status":"publish","type":"page","link":"https:\/\/www.zmc.it\/fr\/politique-de-confidentialite\/","title":{"rendered":"Politique de confidentialit\u00e9"},"content":{"rendered":"<h1>Politique de confidentialit\u00e9<\/h1>\n<div>\n<p><strong>INFORMATIONS SUR LE TRAITEMENT DES DONN\u00c9ES PERSONNELLES<\/strong><br \/>Les utilisateurs qui visitent ce site Web conform\u00e9ment \u00e0 l&rsquo;article 13 du r\u00e8glement (UE) 2016\/679 (GDPR).<br \/>Cette page d\u00e9crit, conform\u00e9ment au r\u00e8glement (UE) 2016\/679, les m\u00e9thodes de traitement des donn\u00e9es, \u00e0 caract\u00e8re personnel des utilisateurs, \u00a0collect\u00e9es lors de la navigation du site www.zmcitaly.com ou conf\u00e9r\u00e9es directement par l&rsquo;int\u00e9ress\u00e9 au travers de la compilation de formulaires et d&rsquo;adresses du contact.<br \/>Ces informations ne s&rsquo;appliquent pas aux autres sites, pages ou services en ligne accessibles via des liens hypertextes susceptibles d&rsquo;\u00eatre publi\u00e9s sur le site.<\/p>\n<ol start=\"1\" type=\"1\">\n<li><strong><em>Contr\u00f4leur de donn\u00e9es<br \/><\/em><\/strong>Le contr\u00f4leur de donn\u00e9es est Zmc Italia S.r.l. &#8211; via Piazza della Repubblica 1A &#8211; 20121 Milan &#8211; Phone +39 0331 217.476 Email <a href=\"mailto:privacy@zmc.it\">privacy@zmc.it<\/a><\/li>\n<li><strong><em>Responsible du traitement des donn\u00e9es<br \/><\/em><\/strong>Le responsable du traitement des donn\u00e9es est M. Claudio Zibetti<\/li>\n<li><strong><em>Types de donn\u00e9es collect\u00e9es &#8211; Objectifs &#8211; Base juridique<\/em><\/strong>\n<ol start=\"1\" type=\"a\">\n<li><strong>FORMULAIRE \u00ab\u00a0DEMANDE D&rsquo;INFORMATION\u00a0\u00bb &#8211; Donn\u00e9es fournies directement par la partie int\u00e9ress\u00e9e.<br \/><\/strong>Sur le site, y compris l&rsquo;acquisition des informations de contact, ainsi que l&rsquo;int\u00e9gration des informations sur le site.<br \/>Ce sont les bases l\u00e9gales du traitement, une p\u00e9riode de conservation ne d\u00e9passant pas ce qui est n\u00e9cessaire pour les finalit\u00e9s pour lesquelles elles ont \u00e9t\u00e9 collect\u00e9es et trait\u00e9es.\n<ol start=\"I\" type=\"I\">\n<li>Objet: R\u00e9pondre aux demandes envoy\u00e9es par la partie int\u00e9ress\u00e9e via les formulaires de contact.<\/li>\n<li>Base juridique: int\u00e9r\u00eat l\u00e9gitime, le traitement est n\u00e9cessaire pour r\u00e9pondre aux demandes; pour la mise en \u0153uvre des mesures pr\u00e9contractuelles prises \u00e0 la demande de la partie concern\u00e9e.<\/li>\n<\/ol>\n<\/li>\n<li><strong><em>Donn\u00e9es de navigation sur le site<\/em><\/strong>\n<p>Donn\u00e9es personnelles, y compris adresses IP ou noms de domaine d&rsquo;ordinateurs utilis\u00e9s par URI (Uniform Resource Identifier) la demande au serveur, la taille du fichier re\u00e7u en r\u00e9ponse, le code num\u00e9rique indiquant l&rsquo;\u00e9tat de la r\u00e9ponse donn\u00e9e par le serveur (succ\u00e8s, erreur, etc.) et d&rsquo;autres param\u00e8tres li\u00e9s au syst\u00e8me d&rsquo;exploitation et l&rsquo;environnement informatique de l&rsquo;utilisateur. L\u2019identification des utilisateurs a pour seul but de collecter, de mani\u00e8re anonyme, des informations statistiques sur l\u2019utilisation du site et de ses services.<\/p>\n<\/li>\n<li><strong><em>Cookie<\/em><\/strong> Les cookies sont de petites cha\u00eenes de texte visit\u00e9es par l&rsquo;utilisateur (g\u00e9n\u00e9ralement par le navigateur), o\u00f9 elles sont stock\u00e9es avant d&rsquo;\u00eatre retransmises au m\u00eame utilisateur. Sur le site, l&rsquo;utilisateur peut recevoir sur son terminal des cookies qui proviennent de sites Web ou de serveurs Web diff\u00e9rents (appel\u00e9s \u00ab\u00a0tiers\u00a0\u00bb), sur lesquels certains \u00e9l\u00e9ments peuvent exister (tels que, par exemple, des images, cartes, sons, liens sp\u00e9cifiques vers des pages d&rsquo;autres domaines) Les cookies, g\u00e9n\u00e9ralement pr\u00e9sent\u00e9s dans les navigateurs des utilisateurs dans le contexte de grands nombres et parfois avec une persistance \u00e0 long terme, sont utilis\u00e9s \u00e0 des fins diff\u00e9rentes: ex\u00e9cution d&rsquo;authentification, surveillance de sessions, stockage d&rsquo;informations sur des configurations sp\u00e9cifiques d&rsquo;utilisateurs acc\u00e9dant au serveur, etc. \u00c0 cet \u00e9gard, deux macro-cat\u00e9gories sont donc identifi\u00e9es: les cookies \u00ab\u00a0techniques\u00a0\u00bb et les cookies \u00ab\u00a0de profilage\u00a0\u00bb. Pour plus d&rsquo;informations, reportez-vous \u00e0 la politique relative aux cookies.<\/li>\n<\/ol>\n<\/li>\n<li><strong><em>Cat\u00e9gories de destinataires de donn\u00e9es \u00e0 caract\u00e8re personnel<\/em><\/strong> Les personnes suivantes peuvent prendre connaissance de vos donn\u00e9es: Contr\u00f4leur de donn\u00e9es, Processeur de donn\u00e9es et Processeurs de donn\u00e9es, d\u00e9sign\u00e9s par \u00e9crit par la soci\u00e9t\u00e9 soussign\u00e9e, Partenaires, Personnel comptable et de facturation, Personnel commercial, Nos consultants, tels que des gestionnaires externes, \u00e0 l\u2019extension des obligations de confidentialit\u00e9 et d\u2019obligation de confidentialit\u00e9, ainsi que des sujets entre les parties, telles que l&rsquo;ex\u00e9cution des contrats en place, ont d\u00e9fini les limites strictement n\u00e9cessaires \u00e0 l&rsquo;ex\u00e9cution des t\u00e2ches auxiliaires qui leur ont \u00e9t\u00e9 confi\u00e9es. En plus du contr\u00f4leur de donn\u00e9es, dans certains cas, d&rsquo;autres parties impliqu\u00e9es dans l&rsquo;organisation de ce site Web ou des sujets externes (tels que des fournisseurs de services techniques tiers, des op\u00e9rateurs postaux, des h\u00e9bergeurs). Fournisseurs, soci\u00e9t\u00e9s informatiques, agences de communication, ont \u00e9galement \u00e9t\u00e9 d\u00e9sign\u00e9s, si n\u00e9cessaire, en tant que responsables du traitement des donn\u00e9es. La liste mise \u00e0 jour des processeurs de donn\u00e9es peut \u00eatre demand\u00e9e \u00e0 partir du contr\u00f4leur de donn\u00e9es.<\/li>\n<li><strong><em>M\u00e9thodes de traitement<\/em><\/strong> Le traitement des donn\u00e9es s&rsquo;effectue \u00e0 l&rsquo;aide d&rsquo;outils et de proc\u00e9dures, ainsi que par le biais de moyens informatiques automatis\u00e9s, adapt\u00e9s au stockage, \u00e0 la gestion et \u00e0 la transmission des donn\u00e9es.<br \/>Les donn\u00e9es sont trait\u00e9es au si\u00e8ge op\u00e9rationnel du contr\u00f4leur de donn\u00e9es et ailleurs.<\/li>\n<li><strong><em>Communication et diffusion<\/em><\/strong> Les donn\u00e9es ne seront pas divulgu\u00e9es \u00e0 des sujets ind\u00e9termin\u00e9s du fait de leur disponibilit\u00e9 ou de leur consultation.<br \/>Les donn\u00e9es sp\u00e9cifiques concern\u00e9es, peuvent \u00eatre public et priv\u00e9, \u00e0 l&rsquo;\u00e9gard desquelles nous avons une obligation (ou une facult\u00e9 reconnue par la loi ou une l\u00e9gislation secondaire ou communautaire) ou besoin de communication.<\/li>\n<li><strong><em>Droits des int\u00e9ress\u00e9s<\/em><\/strong> Les articles du 15 au 22 de la GDPR UE 679\/2016 donnent aux int\u00e9ress\u00e9s des droits sp\u00e9cifiques.En particulier, le droit d&rsquo;obtenir la confirmation de l&rsquo;existence ou de la limitation du traitement qui le concerne pour s&rsquo;opposer \u00e0 leur traitement, en plus du droit de la portabilit\u00e9 des donn\u00e9es, la communication de ces donn\u00e9es et l&rsquo;objet sur lequel est bas\u00e9 le traitement. Le droit d&rsquo;obtenir le droit d&rsquo;obtenir la r\u00e9vocation du traitement ainsi que la mise \u00e0 jour ou, si cela vous int\u00e9resse, l&rsquo;int\u00e9gration des donn\u00e9es. Les parties int\u00e9ress\u00e9es ont le droit de proc\u00e9der elles-m\u00eames au traitement.Les donn\u00e9es personnelles doivent \u00eatre rapidement transmises au responsable du traitement afin de se conformer \u00e0 l&rsquo;art. 11, lettre c) de la l\u00e9gislation susmentionn\u00e9e, qui exige que les donn\u00e9es collect\u00e9es soient exactes et, par cons\u00e9quent, mises \u00e0 jour.<br \/>Cela constitue une violation des dispositions du r\u00e8glement sur la disposition du droit \u00e0 proposer \u00e0 l&rsquo;autorit\u00e9 de surveillance, comme l&rsquo;exige l&rsquo;art. 77 du R\u00e8glement, ou pour occuper des fonctions judiciaires appropri\u00e9es (Article 79 du R\u00e8glement).<\/li>\n<\/ol>\n<\/div>\n<p><!--more--><br \/>\n<!-- {\"type\":\"layout\",\"children\":[{\"name\":\"BREAD\",\"type\":\"section\",\"props\":{\"image_position\":\"center-center\",\"padding\":\"xsmall\",\"padding_remove_bottom\":true,\"style\":\"default\",\"title_breakpoint\":\"xl\",\"title_position\":\"top-left\",\"title_rotation\":\"left\",\"vertical_align\":\"\",\"width\":\"default\"},\"children\":[{\"type\":\"row\",\"children\":[{\"type\":\"column\",\"props\":{\"image_position\":\"center-center\",\"position_sticky_breakpoint\":\"m\",\"width_medium\":\"1-1\"},\"children\":[{\"type\":\"headline\",\"props\":{\"content\":\"Politique de confidentialit\\u00e9\",\"title_element\":\"h1\"}}]}]}]},{\"type\":\"section\",\"props\":{\"image_position\":\"center-center\",\"style\":\"default\",\"title_breakpoint\":\"xl\",\"title_position\":\"top-left\",\"title_rotation\":\"left\",\"vertical_align\":\"\",\"width\":\"default\"},\"children\":[{\"type\":\"row\",\"children\":[{\"type\":\"column\",\"props\":{\"image_position\":\"center-center\",\"position_sticky_breakpoint\":\"m\",\"width_medium\":\"1-1\"},\"children\":[{\"type\":\"text\",\"props\":{\"column_breakpoint\":\"m\",\"content\":\"\n\n<p><strong>INFORMATIONS SUR LE TRAITEMENT DES DONN\\u00c9ES PERSONNELLES<\\\/strong><br \\\/>Les utilisateurs qui visitent ce site Web conform\\u00e9ment \\u00e0 l'article 13 du r\\u00e8glement (UE) 2016\\\/679 (GDPR).<br \\\/>Cette page d\\u00e9crit, conform\\u00e9ment au r\\u00e8glement (UE) 2016\\\/679, les m\\u00e9thodes de traitement des donn\\u00e9es, \\u00e0 caract\\u00e8re personnel des utilisateurs, \\u00a0collect\\u00e9es lors de la navigation du site www.zmcitaly.com ou conf\\u00e9r\\u00e9es directement par l'int\\u00e9ress\\u00e9 au travers de la compilation de formulaires et d'adresses du contact.<br \\\/>Ces informations ne s'appliquent pas aux autres sites, pages ou services en ligne accessibles via des liens hypertextes susceptibles d'\\u00eatre publi\\u00e9s sur le site.<\\\/p>\\n\n\n<ol start=\\\"1\\\" type=\\\"1\\\">\\n\n\n<li><strong><em>Contr\\u00f4leur de donn\\u00e9es<br \\\/><\\\/em><\\\/strong>Le contr\\u00f4leur de donn\\u00e9es est Zmc Italia S.r.l. - via Piazza della Repubblica 1A - 20121 Milan - Phone +39 0331 217.476 Email <a href=\\\"mailto:privacy@zmc.it\\\">privacy@zmc.it<\\\/a><\\\/li>\\n\n\n<li><strong><em>Responsible du traitement des donn\\u00e9es<br \\\/><\\\/em><\\\/strong>Le responsable du traitement des donn\\u00e9es est M. Claudio Zibetti<\\\/li>\\n\n\n<li><strong><em>Types de donn\\u00e9es collect\\u00e9es - Objectifs - Base juridique<\\\/em><\\\/strong>\\n\n\n<ol start=\\\"1\\\" type=\\\"a\\\">\\n\n\n<li><strong>FORMULAIRE \\\"DEMANDE D'INFORMATION\\\" - Donn\\u00e9es fournies directement par la partie int\\u00e9ress\\u00e9e.<br \\\/><\\\/strong>Sur le site, y compris l'acquisition des informations de contact, ainsi que l'int\\u00e9gration des informations sur le site.<br \\\/>Ce sont les bases l\\u00e9gales du traitement, une p\\u00e9riode de conservation ne d\\u00e9passant pas ce qui est n\\u00e9cessaire pour les finalit\\u00e9s pour lesquelles elles ont \\u00e9t\\u00e9 collect\\u00e9es et trait\\u00e9es.\\n\n\n<ol start=\\\"I\\\" type=\\\"I\\\">\\n\n\n<li>Objet: R\\u00e9pondre aux demandes envoy\\u00e9es par la partie int\\u00e9ress\\u00e9e via les formulaires de contact.<\\\/li>\\n\n\n<li>Base juridique: int\\u00e9r\\u00eat l\\u00e9gitime, le traitement est n\\u00e9cessaire pour r\\u00e9pondre aux demandes; pour la mise en \\u0153uvre des mesures pr\\u00e9contractuelles prises \\u00e0 la demande de la partie concern\\u00e9e.<\\\/li>\\n<\\\/ol>\\n<\\\/li>\\n\n\n<li><strong><em>Donn\\u00e9es de navigation sur le site<\\\/em><\\\/strong>\\n\n\n<p>Donn\\u00e9es personnelles, y compris adresses IP ou noms de domaine d'ordinateurs utilis\\u00e9s par URI (Uniform Resource Identifier) la demande au serveur, la taille du fichier re\\u00e7u en r\\u00e9ponse, le code num\\u00e9rique indiquant l'\\u00e9tat de la r\\u00e9ponse donn\\u00e9e par le serveur (succ\\u00e8s, erreur, etc.) et d'autres param\\u00e8tres li\\u00e9s au syst\\u00e8me d'exploitation et l'environnement informatique de l'utilisateur. L\\u2019identification des utilisateurs a pour seul but de collecter, de mani\\u00e8re anonyme, des informations statistiques sur l\\u2019utilisation du site et de ses services.<\\\/p>\\n<\\\/li>\\n\n\n<li><strong><em>Cookie<\\\/em><\\\/strong> Les cookies sont de petites cha\\u00eenes de texte visit\\u00e9es par l'utilisateur (g\\u00e9n\\u00e9ralement par le navigateur), o\\u00f9 elles sont stock\\u00e9es avant d'\\u00eatre retransmises au m\\u00eame utilisateur. Sur le site, l'utilisateur peut recevoir sur son terminal des cookies qui proviennent de sites Web ou de serveurs Web diff\\u00e9rents (appel\\u00e9s \\\"tiers\\\"), sur lesquels certains \\u00e9l\\u00e9ments peuvent exister (tels que, par exemple, des images, cartes, sons, liens sp\\u00e9cifiques vers des pages d'autres domaines) Les cookies, g\\u00e9n\\u00e9ralement pr\\u00e9sent\\u00e9s dans les navigateurs des utilisateurs dans le contexte de grands nombres et parfois avec une persistance \\u00e0 long terme, sont utilis\\u00e9s \\u00e0 des fins diff\\u00e9rentes: ex\\u00e9cution d'authentification, surveillance de sessions, stockage d'informations sur des configurations sp\\u00e9cifiques d'utilisateurs acc\\u00e9dant au serveur, etc. \\u00c0 cet \\u00e9gard, deux macro-cat\\u00e9gories sont donc identifi\\u00e9es: les cookies \\\"techniques\\\" et les cookies \\\"de profilage\\\". Pour plus d'informations, reportez-vous \\u00e0 la politique relative aux cookies.<\\\/li>\\n<\\\/ol>\\n<\\\/li>\\n\n\n<li><strong><em>Cat\\u00e9gories de destinataires de donn\\u00e9es \\u00e0 caract\\u00e8re personnel<\\\/em><\\\/strong> Les personnes suivantes peuvent prendre connaissance de vos donn\\u00e9es: Contr\\u00f4leur de donn\\u00e9es, Processeur de donn\\u00e9es et Processeurs de donn\\u00e9es, d\\u00e9sign\\u00e9s par \\u00e9crit par la soci\\u00e9t\\u00e9 soussign\\u00e9e, Partenaires, Personnel comptable et de facturation, Personnel commercial, Nos consultants, tels que des gestionnaires externes, \\u00e0 l\\u2019extension des obligations de confidentialit\\u00e9 et d\\u2019obligation de confidentialit\\u00e9, ainsi que des sujets entre les parties, telles que l'ex\\u00e9cution des contrats en place, ont d\\u00e9fini les limites strictement n\\u00e9cessaires \\u00e0 l'ex\\u00e9cution des t\\u00e2ches auxiliaires qui leur ont \\u00e9t\\u00e9 confi\\u00e9es. En plus du contr\\u00f4leur de donn\\u00e9es, dans certains cas, d'autres parties impliqu\\u00e9es dans l'organisation de ce site Web ou des sujets externes (tels que des fournisseurs de services techniques tiers, des op\\u00e9rateurs postaux, des h\\u00e9bergeurs). Fournisseurs, soci\\u00e9t\\u00e9s informatiques, agences de communication, ont \\u00e9galement \\u00e9t\\u00e9 d\\u00e9sign\\u00e9s, si n\\u00e9cessaire, en tant que responsables du traitement des donn\\u00e9es. La liste mise \\u00e0 jour des processeurs de donn\\u00e9es peut \\u00eatre demand\\u00e9e \\u00e0 partir du contr\\u00f4leur de donn\\u00e9es.<\\\/li>\\n\n\n<li><strong><em>M\\u00e9thodes de traitement<\\\/em><\\\/strong> Le traitement des donn\\u00e9es s'effectue \\u00e0 l'aide d'outils et de proc\\u00e9dures, ainsi que par le biais de moyens informatiques automatis\\u00e9s, adapt\\u00e9s au stockage, \\u00e0 la gestion et \\u00e0 la transmission des donn\\u00e9es.<br \\\/>Les donn\\u00e9es sont trait\\u00e9es au si\\u00e8ge op\\u00e9rationnel du contr\\u00f4leur de donn\\u00e9es et ailleurs.<\\\/li>\\n\n\n<li><strong><em>Communication et diffusion<\\\/em><\\\/strong> Les donn\\u00e9es ne seront pas divulgu\\u00e9es \\u00e0 des sujets ind\\u00e9termin\\u00e9s du fait de leur disponibilit\\u00e9 ou de leur consultation.<br \\\/>Les donn\\u00e9es sp\\u00e9cifiques concern\\u00e9es, peuvent \\u00eatre public et priv\\u00e9, \\u00e0 l'\\u00e9gard desquelles nous avons une obligation (ou une facult\\u00e9 reconnue par la loi ou une l\\u00e9gislation secondaire ou communautaire) ou besoin de communication.<\\\/li>\\n\n\n<li><strong><em>Droits des int\\u00e9ress\\u00e9s<\\\/em><\\\/strong> Les articles du 15 au 22 de la GDPR UE 679\\\/2016 donnent aux int\\u00e9ress\\u00e9s des droits sp\\u00e9cifiques.En particulier, le droit d'obtenir la confirmation de l'existence ou de la limitation du traitement qui le concerne pour s'opposer \\u00e0 leur traitement, en plus du droit de la portabilit\\u00e9 des donn\\u00e9es, la communication de ces donn\\u00e9es et l'objet sur lequel est bas\\u00e9 le traitement. Le droit d'obtenir le droit d'obtenir la r\\u00e9vocation du traitement ainsi que la mise \\u00e0 jour ou, si cela vous int\\u00e9resse, l'int\\u00e9gration des donn\\u00e9es. Les parties int\\u00e9ress\\u00e9es ont le droit de proc\\u00e9der elles-m\\u00eames au traitement.Les donn\\u00e9es personnelles doivent \\u00eatre rapidement transmises au responsable du traitement afin de se conformer \\u00e0 l'art. 11, lettre c) de la l\\u00e9gislation susmentionn\\u00e9e, qui exige que les donn\\u00e9es collect\\u00e9es soient exactes et, par cons\\u00e9quent, mises \\u00e0 jour.<br \\\/>Cela constitue une violation des dispositions du r\\u00e8glement sur la disposition du droit \\u00e0 proposer \\u00e0 l'autorit\\u00e9 de surveillance, comme l'exige l'art. 77 du R\\u00e8glement, ou pour occuper des fonctions judiciaires appropri\\u00e9es (Article 79 du R\\u00e8glement).<\\\/li>\\n<\\\/ol>\",\"margin\":\"default\"}}]}]}]}],\"version\":\"4.4.8\"} --><\/p>\n","protected":false},"excerpt":{"rendered":"<p>Politique de confidentialit\u00e9 INFORMATIONS SUR LE TRAITEMENT DES DONN\u00c9ES PERSONNELLESLes utilisateurs qui visitent ce site Web conform\u00e9ment \u00e0 l&rsquo;article 13 du r\u00e8glement (UE) 2016\/679 (GDPR).Cette page d\u00e9crit, conform\u00e9ment au r\u00e8glement (UE) 2016\/679, les m\u00e9thodes de traitement des donn\u00e9es, \u00e0 caract\u00e8re personnel des utilisateurs, \u00a0collect\u00e9es lors de la navigation du site www.zmcitaly.com ou conf\u00e9r\u00e9es directement par [&hellip;]<\/p>\n","protected":false},"author":1,"featured_media":0,"parent":0,"menu_order":0,"comment_status":"closed","ping_status":"closed","template":"","meta":{"footnotes":""},"class_list":["post-3497","page","type-page","status-publish","hentry"],"yoast_head":"<!-- This site is optimized with the Yoast SEO plugin v27.5 - https:\/\/yoast.com\/product\/yoast-seo-wordpress\/ -->\n<title>Politique de confidentialit\u00e9 - ZMC Italia<\/title>\n<meta name=\"robots\" content=\"noindex, nofollow\" \/>\n<meta property=\"og:locale\" content=\"fr_FR\" \/>\n<meta property=\"og:type\" content=\"article\" \/>\n<meta property=\"og:title\" content=\"Politique de confidentialit\u00e9 - ZMC Italia\" \/>\n<meta property=\"og:description\" content=\"Politique de confidentialit\u00e9 INFORMATIONS SUR LE TRAITEMENT DES DONN\u00c9ES PERSONNELLESLes utilisateurs qui visitent ce site Web conform\u00e9ment \u00e0 l&rsquo;article 13 du r\u00e8glement (UE) 2016\/679 (GDPR).Cette page d\u00e9crit, conform\u00e9ment au r\u00e8glement (UE) 2016\/679, les m\u00e9thodes de traitement des donn\u00e9es, \u00e0 caract\u00e8re personnel des utilisateurs, \u00a0collect\u00e9es lors de la navigation du site www.zmcitaly.com ou conf\u00e9r\u00e9es directement par [&hellip;]\" \/>\n<meta property=\"og:url\" content=\"https:\/\/www.zmc.it\/fr\/politique-de-confidentialite\/\" \/>\n<meta property=\"og:site_name\" content=\"ZMC Italia\" \/>\n<meta property=\"article:modified_time\" content=\"2024-11-20T15:03:18+00:00\" \/>\n<meta property=\"og:image\" content=\"https:\/\/www.zmc.it\/wp-content\/uploads\/FOTO-SLIDER-2.jpg\" \/>\n\t<meta property=\"og:image:width\" content=\"1600\" \/>\n\t<meta property=\"og:image:height\" content=\"500\" \/>\n\t<meta property=\"og:image:type\" content=\"image\/jpeg\" \/>\n<meta name=\"twitter:card\" content=\"summary_large_image\" \/>\n<meta name=\"twitter:label1\" content=\"Dur\u00e9e de lecture estim\u00e9e\" \/>\n\t<meta name=\"twitter:data1\" content=\"5 minutes\" \/>\n<script type=\"application\/ld+json\" class=\"yoast-schema-graph\">{\"@context\":\"https:\\\/\\\/schema.org\",\"@graph\":[{\"@type\":\"WebPage\",\"@id\":\"https:\\\/\\\/www.zmc.it\\\/fr\\\/politique-de-confidentialite\\\/\",\"url\":\"https:\\\/\\\/www.zmc.it\\\/fr\\\/politique-de-confidentialite\\\/\",\"name\":\"Politique de confidentialit\u00e9 - ZMC Italia\",\"isPartOf\":{\"@id\":\"https:\\\/\\\/www.zmc.it\\\/#website\"},\"datePublished\":\"2018-06-21T04:04:05+00:00\",\"dateModified\":\"2024-11-20T15:03:18+00:00\",\"breadcrumb\":{\"@id\":\"https:\\\/\\\/www.zmc.it\\\/fr\\\/politique-de-confidentialite\\\/#breadcrumb\"},\"inLanguage\":\"fr-FR\",\"potentialAction\":[{\"@type\":\"ReadAction\",\"target\":[\"https:\\\/\\\/www.zmc.it\\\/fr\\\/politique-de-confidentialite\\\/\"]}]},{\"@type\":\"BreadcrumbList\",\"@id\":\"https:\\\/\\\/www.zmc.it\\\/fr\\\/politique-de-confidentialite\\\/#breadcrumb\",\"itemListElement\":[{\"@type\":\"ListItem\",\"position\":1,\"name\":\"Home\",\"item\":\"https:\\\/\\\/www.zmc.it\\\/fr\\\/\"},{\"@type\":\"ListItem\",\"position\":2,\"name\":\"Politique de confidentialit\u00e9\"}]},{\"@type\":\"WebSite\",\"@id\":\"https:\\\/\\\/www.zmc.it\\\/#website\",\"url\":\"https:\\\/\\\/www.zmc.it\\\/\",\"name\":\"ZMC Italia\",\"description\":\"\",\"publisher\":{\"@id\":\"https:\\\/\\\/www.zmc.it\\\/#organization\"},\"potentialAction\":[{\"@type\":\"SearchAction\",\"target\":{\"@type\":\"EntryPoint\",\"urlTemplate\":\"https:\\\/\\\/www.zmc.it\\\/?s={search_term_string}\"},\"query-input\":{\"@type\":\"PropertyValueSpecification\",\"valueRequired\":true,\"valueName\":\"search_term_string\"}}],\"inLanguage\":\"fr-FR\"},{\"@type\":\"Organization\",\"@id\":\"https:\\\/\\\/www.zmc.it\\\/#organization\",\"name\":\"ZMC Italy\",\"url\":\"https:\\\/\\\/www.zmc.it\\\/\",\"logo\":{\"@type\":\"ImageObject\",\"inLanguage\":\"fr-FR\",\"@id\":\"https:\\\/\\\/www.zmc.it\\\/#\\\/schema\\\/logo\\\/image\\\/\",\"url\":\"https:\\\/\\\/www.zmc.it\\\/wp-content\\\/uploads\\\/zmc-logo.png\",\"contentUrl\":\"https:\\\/\\\/www.zmc.it\\\/wp-content\\\/uploads\\\/zmc-logo.png\",\"width\":150,\"height\":75,\"caption\":\"ZMC Italy\"},\"image\":{\"@id\":\"https:\\\/\\\/www.zmc.it\\\/#\\\/schema\\\/logo\\\/image\\\/\"},\"sameAs\":[\"https:\\\/\\\/www.linkedin.com\\\/company\\\/z.m.c.-italia-s.r.l.\\\/about\\\/\"]}]}<\/script>\n<!-- \/ Yoast SEO plugin. -->","yoast_head_json":{"title":"Politique de confidentialit\u00e9 - ZMC Italia","robots":{"index":"noindex","follow":"nofollow"},"og_locale":"fr_FR","og_type":"article","og_title":"Politique de confidentialit\u00e9 - ZMC Italia","og_description":"Politique de confidentialit\u00e9 INFORMATIONS SUR LE TRAITEMENT DES DONN\u00c9ES PERSONNELLESLes utilisateurs qui visitent ce site Web conform\u00e9ment \u00e0 l&rsquo;article 13 du r\u00e8glement (UE) 2016\/679 (GDPR).Cette page d\u00e9crit, conform\u00e9ment au r\u00e8glement (UE) 2016\/679, les m\u00e9thodes de traitement des donn\u00e9es, \u00e0 caract\u00e8re personnel des utilisateurs, \u00a0collect\u00e9es lors de la navigation du site www.zmcitaly.com ou conf\u00e9r\u00e9es directement par [&hellip;]","og_url":"https:\/\/www.zmc.it\/fr\/politique-de-confidentialite\/","og_site_name":"ZMC Italia","article_modified_time":"2024-11-20T15:03:18+00:00","og_image":[{"width":1600,"height":500,"url":"https:\/\/www.zmc.it\/wp-content\/uploads\/FOTO-SLIDER-2.jpg","type":"image\/jpeg"}],"twitter_card":"summary_large_image","twitter_misc":{"Dur\u00e9e de lecture estim\u00e9e":"5 minutes"},"schema":{"@context":"https:\/\/schema.org","@graph":[{"@type":"WebPage","@id":"https:\/\/www.zmc.it\/fr\/politique-de-confidentialite\/","url":"https:\/\/www.zmc.it\/fr\/politique-de-confidentialite\/","name":"Politique de confidentialit\u00e9 - ZMC Italia","isPartOf":{"@id":"https:\/\/www.zmc.it\/#website"},"datePublished":"2018-06-21T04:04:05+00:00","dateModified":"2024-11-20T15:03:18+00:00","breadcrumb":{"@id":"https:\/\/www.zmc.it\/fr\/politique-de-confidentialite\/#breadcrumb"},"inLanguage":"fr-FR","potentialAction":[{"@type":"ReadAction","target":["https:\/\/www.zmc.it\/fr\/politique-de-confidentialite\/"]}]},{"@type":"BreadcrumbList","@id":"https:\/\/www.zmc.it\/fr\/politique-de-confidentialite\/#breadcrumb","itemListElement":[{"@type":"ListItem","position":1,"name":"Home","item":"https:\/\/www.zmc.it\/fr\/"},{"@type":"ListItem","position":2,"name":"Politique de confidentialit\u00e9"}]},{"@type":"WebSite","@id":"https:\/\/www.zmc.it\/#website","url":"https:\/\/www.zmc.it\/","name":"ZMC Italia","description":"","publisher":{"@id":"https:\/\/www.zmc.it\/#organization"},"potentialAction":[{"@type":"SearchAction","target":{"@type":"EntryPoint","urlTemplate":"https:\/\/www.zmc.it\/?s={search_term_string}"},"query-input":{"@type":"PropertyValueSpecification","valueRequired":true,"valueName":"search_term_string"}}],"inLanguage":"fr-FR"},{"@type":"Organization","@id":"https:\/\/www.zmc.it\/#organization","name":"ZMC Italy","url":"https:\/\/www.zmc.it\/","logo":{"@type":"ImageObject","inLanguage":"fr-FR","@id":"https:\/\/www.zmc.it\/#\/schema\/logo\/image\/","url":"https:\/\/www.zmc.it\/wp-content\/uploads\/zmc-logo.png","contentUrl":"https:\/\/www.zmc.it\/wp-content\/uploads\/zmc-logo.png","width":150,"height":75,"caption":"ZMC Italy"},"image":{"@id":"https:\/\/www.zmc.it\/#\/schema\/logo\/image\/"},"sameAs":["https:\/\/www.linkedin.com\/company\/z.m.c.-italia-s.r.l.\/about\/"]}]}},"_links":{"self":[{"href":"https:\/\/www.zmc.it\/fr\/wp-json\/wp\/v2\/pages\/3497","targetHints":{"allow":["GET"]}}],"collection":[{"href":"https:\/\/www.zmc.it\/fr\/wp-json\/wp\/v2\/pages"}],"about":[{"href":"https:\/\/www.zmc.it\/fr\/wp-json\/wp\/v2\/types\/page"}],"author":[{"embeddable":true,"href":"https:\/\/www.zmc.it\/fr\/wp-json\/wp\/v2\/users\/1"}],"replies":[{"embeddable":true,"href":"https:\/\/www.zmc.it\/fr\/wp-json\/wp\/v2\/comments?post=3497"}],"version-history":[{"count":1,"href":"https:\/\/www.zmc.it\/fr\/wp-json\/wp\/v2\/pages\/3497\/revisions"}],"predecessor-version":[{"id":9497,"href":"https:\/\/www.zmc.it\/fr\/wp-json\/wp\/v2\/pages\/3497\/revisions\/9497"}],"wp:attachment":[{"href":"https:\/\/www.zmc.it\/fr\/wp-json\/wp\/v2\/media?parent=3497"}],"curies":[{"name":"wp","href":"https:\/\/api.w.org\/{rel}","templated":true}]}}