{"id":3496,"date":"2018-06-29T15:41:28","date_gmt":"2018-06-29T15:41:28","guid":{"rendered":"https:\/\/www.zmc.it\/note-on-made-in-italy\/"},"modified":"2018-12-17T13:09:13","modified_gmt":"2018-12-17T13:09:13","slug":"qualite-made-in-italy","status":"publish","type":"page","link":"https:\/\/www.zmc.it\/fr\/qualite-made-in-italy\/","title":{"rendered":"Qualit\u00e9 Made in Italy"},"content":{"rendered":"<p>Qualit\u00e9 Made in Italy<\/p>\n<p>ZMC est fi\u00e8re de ses racines et de la relation \u00e9troite qui l\u2019a toujours li\u00e9e \u00e0 sa r\u00e9gion dans laquelle elle est n\u00e9e et s&rsquo;est d\u00e9velopp\u00e9e. Fabriquer un produit 100% italien, garantit une qualit\u00e9 \u00e9lev\u00e9e et constante, et cr\u00e9e des opportunit\u00e9s d\u2019emploi pour la main-d\u2019\u0153uvre locale. Cela met en valeur le patrimoine traditionnel et innovant associ\u00e9 au district de Var\u00e8se et de sa province.<br \/>\nLes principales \u00e9tapes de fabrication de nos cha\u00eenes, y compris le traitement thermique des composants, la d\u00e9coupe au laser, la majeure partie de l&rsquo;usinage, le montage et tous les contr\u00f4les qualit\u00e9, sont effectu\u00e9s dans l&rsquo;usine de Cavaria. Certaines op\u00e9rations interm\u00e9diaires sont confi\u00e9es \u00e0 des artisans sp\u00e9cialis\u00e9s de la r\u00e9gion environnante, v\u00e9ritables centres d\u2019excellence qui ont accompagn\u00e9 l\u2019\u00e9volution de la soci\u00e9t\u00e9 tant d\u2019un point de vue technologique que productif, contribuant au succ\u00e8s de la ZMC Made in Italy avec ses propres ressources et connaissances.<\/p>\n<p><!-- {\"name\":\"\",\"type\":\"layout\",\"children\":[{\"name\":\"BREAD\",\"type\":\"section\",\"props\":{\"style\":\"default\",\"width\":\"default\",\"vertical_align\":\"middle\",\"title_position\":\"top-left\",\"title_rotation\":\"left\",\"title_breakpoint\":\"xl\",\"image_position\":\"center-center\",\"padding\":\"xsmall\",\"padding_remove_bottom\":true},\"children\":[{\"name\":\"\",\"type\":\"row\",\"props\":{\"fixed_width\":\"large\",\"breakpoint\":\"m\",\"layout\":\"1-1\"},\"children\":[{\"name\":\"\",\"type\":\"column\",\"props\":{\"widths\":[\"1-1\"],\"image_position\":\"center-center\"},\"children\":[{\"name\":\"\",\"type\":\"headline\",\"props\":{\"title_element\":\"h1\",\"content\":\"Qualit\\u00e9 Made in Italy\",\"title_style\":\"\",\"title_decoration\":\"\",\"title_color\":\"\",\"text_align\":\"\",\"text_align_breakpoint\":\"\",\"text_align_fallback\":\"\",\"maxwidth\":\"\",\"maxwidth_align\":\"\",\"maxwidth_breakpoint\":\"\",\"margin\":\"\",\"animation\":\"\",\"visibility\":\"\"}}]}]}]},{\"name\":\"\",\"type\":\"section\",\"props\":{\"style\":\"default\",\"width\":\"default\",\"vertical_align\":\"middle\",\"title_position\":\"top-left\",\"title_rotation\":\"left\",\"title_breakpoint\":\"xl\",\"image_position\":\"center-center\"},\"children\":[{\"name\":\"\",\"type\":\"row\",\"props\":{\"fixed_width\":\"large\",\"breakpoint\":\"m\",\"layout\":\"1-1\"},\"children\":[{\"name\":\"\",\"type\":\"column\",\"props\":{\"widths\":[\"1-1\"],\"image_position\":\"center-center\"},\"children\":[{\"name\":\"\",\"type\":\"text\",\"props\":{\"margin\":\"default\",\"column_breakpoint\":\"m\",\"content\":\"\n\n<p>ZMC est fi\\u00e8re de ses racines et de la relation \\u00e9troite qui l\\u2019a toujours li\\u00e9e \\u00e0 sa r\\u00e9gion dans laquelle elle est n\\u00e9e et s'est d\\u00e9velopp\\u00e9e. Fabriquer un produit 100% italien, garantit une qualit\\u00e9 \\u00e9lev\\u00e9e et constante, et cr\\u00e9e des opportunit\\u00e9s d\\u2019emploi pour la main-d\\u2019\\u0153uvre locale. Cela met en valeur le patrimoine traditionnel et innovant associ\\u00e9 au district de Var\\u00e8se et de sa province.<\\\/p>\\n\n\n<p>Les principales \\u00e9tapes de fabrication de nos cha\\u00eenes, y compris le traitement thermique des composants, la d\\u00e9coupe au laser, la majeure partie de l'usinage, le montage et tous les contr\\u00f4les qualit\\u00e9, sont effectu\\u00e9s dans l'usine de Cavaria. Certaines op\\u00e9rations interm\\u00e9diaires sont confi\\u00e9es \\u00e0 des artisans sp\\u00e9cialis\\u00e9s de la r\\u00e9gion environnante, v\\u00e9ritables centres d\\u2019excellence qui ont accompagn\\u00e9 l\\u2019\\u00e9volution de la soci\\u00e9t\\u00e9 tant d\\u2019un point de vue technologique que productif, contribuant au succ\\u00e8s de la ZMC Made in Italy avec ses propres ressources et connaissances.<\\\/p>\",\"text_style\":\"\",\"text_color\":\"\",\"text_size\":\"\",\"column\":\"\",\"text_align\":\"\",\"text_align_breakpoint\":\"\",\"text_align_fallback\":\"\",\"maxwidth\":\"\",\"maxwidth_align\":\"\",\"maxwidth_breakpoint\":\"\",\"animation\":\"\",\"visibility\":\"\"}}]}]}]}]} --><\/p>\n","protected":false},"excerpt":{"rendered":"<p>Qualit\u00e9 Made in Italy ZMC est fi\u00e8re de ses racines et de la relation \u00e9troite qui l\u2019a toujours li\u00e9e \u00e0 sa r\u00e9gion dans laquelle elle est n\u00e9e et s&rsquo;est d\u00e9velopp\u00e9e. Fabriquer un produit 100% italien, garantit une qualit\u00e9 \u00e9lev\u00e9e et constante, et cr\u00e9e des opportunit\u00e9s d\u2019emploi pour la main-d\u2019\u0153uvre locale. Cela met en valeur le [&hellip;]<\/p>\n","protected":false},"author":1,"featured_media":0,"parent":0,"menu_order":0,"comment_status":"closed","ping_status":"closed","template":"","meta":{"footnotes":""},"class_list":["post-3496","page","type-page","status-publish","hentry"],"yoast_head":"<!-- This site is optimized with the Yoast SEO plugin v27.5 - https:\/\/yoast.com\/product\/yoast-seo-wordpress\/ -->\n<title>Qualit\u00e9 Made in Italy - ZMC Italia<\/title>\n<meta name=\"robots\" content=\"index, follow, max-snippet:-1, max-image-preview:large, max-video-preview:-1\" \/>\n<link rel=\"canonical\" href=\"https:\/\/www.zmc.it\/fr\/qualite-made-in-italy\/\" \/>\n<meta property=\"og:locale\" content=\"fr_FR\" \/>\n<meta property=\"og:type\" content=\"article\" \/>\n<meta property=\"og:title\" content=\"Qualit\u00e9 Made in Italy - ZMC Italia\" \/>\n<meta property=\"og:description\" content=\"Qualit\u00e9 Made in Italy ZMC est fi\u00e8re de ses racines et de la relation \u00e9troite qui l\u2019a toujours li\u00e9e \u00e0 sa r\u00e9gion dans laquelle elle est n\u00e9e et s&rsquo;est d\u00e9velopp\u00e9e. Fabriquer un produit 100% italien, garantit une qualit\u00e9 \u00e9lev\u00e9e et constante, et cr\u00e9e des opportunit\u00e9s d\u2019emploi pour la main-d\u2019\u0153uvre locale. Cela met en valeur le [&hellip;]\" \/>\n<meta property=\"og:url\" content=\"https:\/\/www.zmc.it\/fr\/qualite-made-in-italy\/\" \/>\n<meta property=\"og:site_name\" content=\"ZMC Italia\" \/>\n<meta property=\"article:modified_time\" content=\"2018-12-17T13:09:13+00:00\" \/>\n<meta property=\"og:image\" content=\"https:\/\/www.zmc.it\/wp-content\/uploads\/FOTO-SLIDER-2.jpg\" \/>\n\t<meta property=\"og:image:width\" content=\"1600\" \/>\n\t<meta property=\"og:image:height\" content=\"500\" \/>\n\t<meta property=\"og:image:type\" content=\"image\/jpeg\" \/>\n<meta name=\"twitter:card\" content=\"summary_large_image\" \/>\n<meta name=\"twitter:label1\" content=\"Dur\u00e9e de lecture estim\u00e9e\" \/>\n\t<meta name=\"twitter:data1\" content=\"1 minute\" \/>\n<script type=\"application\/ld+json\" class=\"yoast-schema-graph\">{\"@context\":\"https:\\\/\\\/schema.org\",\"@graph\":[{\"@type\":\"WebPage\",\"@id\":\"https:\\\/\\\/www.zmc.it\\\/fr\\\/qualite-made-in-italy\\\/\",\"url\":\"https:\\\/\\\/www.zmc.it\\\/fr\\\/qualite-made-in-italy\\\/\",\"name\":\"Qualit\u00e9 Made in Italy - ZMC Italia\",\"isPartOf\":{\"@id\":\"https:\\\/\\\/www.zmc.it\\\/#website\"},\"datePublished\":\"2018-06-29T15:41:28+00:00\",\"dateModified\":\"2018-12-17T13:09:13+00:00\",\"breadcrumb\":{\"@id\":\"https:\\\/\\\/www.zmc.it\\\/fr\\\/qualite-made-in-italy\\\/#breadcrumb\"},\"inLanguage\":\"fr-FR\",\"potentialAction\":[{\"@type\":\"ReadAction\",\"target\":[\"https:\\\/\\\/www.zmc.it\\\/fr\\\/qualite-made-in-italy\\\/\"]}]},{\"@type\":\"BreadcrumbList\",\"@id\":\"https:\\\/\\\/www.zmc.it\\\/fr\\\/qualite-made-in-italy\\\/#breadcrumb\",\"itemListElement\":[{\"@type\":\"ListItem\",\"position\":1,\"name\":\"Home\",\"item\":\"https:\\\/\\\/www.zmc.it\\\/fr\\\/\"},{\"@type\":\"ListItem\",\"position\":2,\"name\":\"Qualit\u00e9 Made in Italy\"}]},{\"@type\":\"WebSite\",\"@id\":\"https:\\\/\\\/www.zmc.it\\\/#website\",\"url\":\"https:\\\/\\\/www.zmc.it\\\/\",\"name\":\"ZMC Italia\",\"description\":\"\",\"publisher\":{\"@id\":\"https:\\\/\\\/www.zmc.it\\\/#organization\"},\"potentialAction\":[{\"@type\":\"SearchAction\",\"target\":{\"@type\":\"EntryPoint\",\"urlTemplate\":\"https:\\\/\\\/www.zmc.it\\\/?s={search_term_string}\"},\"query-input\":{\"@type\":\"PropertyValueSpecification\",\"valueRequired\":true,\"valueName\":\"search_term_string\"}}],\"inLanguage\":\"fr-FR\"},{\"@type\":\"Organization\",\"@id\":\"https:\\\/\\\/www.zmc.it\\\/#organization\",\"name\":\"ZMC Italy\",\"url\":\"https:\\\/\\\/www.zmc.it\\\/\",\"logo\":{\"@type\":\"ImageObject\",\"inLanguage\":\"fr-FR\",\"@id\":\"https:\\\/\\\/www.zmc.it\\\/#\\\/schema\\\/logo\\\/image\\\/\",\"url\":\"https:\\\/\\\/www.zmc.it\\\/wp-content\\\/uploads\\\/zmc-logo.png\",\"contentUrl\":\"https:\\\/\\\/www.zmc.it\\\/wp-content\\\/uploads\\\/zmc-logo.png\",\"width\":150,\"height\":75,\"caption\":\"ZMC Italy\"},\"image\":{\"@id\":\"https:\\\/\\\/www.zmc.it\\\/#\\\/schema\\\/logo\\\/image\\\/\"},\"sameAs\":[\"https:\\\/\\\/www.linkedin.com\\\/company\\\/z.m.c.-italia-s.r.l.\\\/about\\\/\"]}]}<\/script>\n<!-- \/ Yoast SEO plugin. -->","yoast_head_json":{"title":"Qualit\u00e9 Made in Italy - ZMC Italia","robots":{"index":"index","follow":"follow","max-snippet":"max-snippet:-1","max-image-preview":"max-image-preview:large","max-video-preview":"max-video-preview:-1"},"canonical":"https:\/\/www.zmc.it\/fr\/qualite-made-in-italy\/","og_locale":"fr_FR","og_type":"article","og_title":"Qualit\u00e9 Made in Italy - ZMC Italia","og_description":"Qualit\u00e9 Made in Italy ZMC est fi\u00e8re de ses racines et de la relation \u00e9troite qui l\u2019a toujours li\u00e9e \u00e0 sa r\u00e9gion dans laquelle elle est n\u00e9e et s&rsquo;est d\u00e9velopp\u00e9e. Fabriquer un produit 100% italien, garantit une qualit\u00e9 \u00e9lev\u00e9e et constante, et cr\u00e9e des opportunit\u00e9s d\u2019emploi pour la main-d\u2019\u0153uvre locale. Cela met en valeur le [&hellip;]","og_url":"https:\/\/www.zmc.it\/fr\/qualite-made-in-italy\/","og_site_name":"ZMC Italia","article_modified_time":"2018-12-17T13:09:13+00:00","og_image":[{"width":1600,"height":500,"url":"https:\/\/www.zmc.it\/wp-content\/uploads\/FOTO-SLIDER-2.jpg","type":"image\/jpeg"}],"twitter_card":"summary_large_image","twitter_misc":{"Dur\u00e9e de lecture estim\u00e9e":"1 minute"},"schema":{"@context":"https:\/\/schema.org","@graph":[{"@type":"WebPage","@id":"https:\/\/www.zmc.it\/fr\/qualite-made-in-italy\/","url":"https:\/\/www.zmc.it\/fr\/qualite-made-in-italy\/","name":"Qualit\u00e9 Made in Italy - ZMC Italia","isPartOf":{"@id":"https:\/\/www.zmc.it\/#website"},"datePublished":"2018-06-29T15:41:28+00:00","dateModified":"2018-12-17T13:09:13+00:00","breadcrumb":{"@id":"https:\/\/www.zmc.it\/fr\/qualite-made-in-italy\/#breadcrumb"},"inLanguage":"fr-FR","potentialAction":[{"@type":"ReadAction","target":["https:\/\/www.zmc.it\/fr\/qualite-made-in-italy\/"]}]},{"@type":"BreadcrumbList","@id":"https:\/\/www.zmc.it\/fr\/qualite-made-in-italy\/#breadcrumb","itemListElement":[{"@type":"ListItem","position":1,"name":"Home","item":"https:\/\/www.zmc.it\/fr\/"},{"@type":"ListItem","position":2,"name":"Qualit\u00e9 Made in Italy"}]},{"@type":"WebSite","@id":"https:\/\/www.zmc.it\/#website","url":"https:\/\/www.zmc.it\/","name":"ZMC Italia","description":"","publisher":{"@id":"https:\/\/www.zmc.it\/#organization"},"potentialAction":[{"@type":"SearchAction","target":{"@type":"EntryPoint","urlTemplate":"https:\/\/www.zmc.it\/?s={search_term_string}"},"query-input":{"@type":"PropertyValueSpecification","valueRequired":true,"valueName":"search_term_string"}}],"inLanguage":"fr-FR"},{"@type":"Organization","@id":"https:\/\/www.zmc.it\/#organization","name":"ZMC Italy","url":"https:\/\/www.zmc.it\/","logo":{"@type":"ImageObject","inLanguage":"fr-FR","@id":"https:\/\/www.zmc.it\/#\/schema\/logo\/image\/","url":"https:\/\/www.zmc.it\/wp-content\/uploads\/zmc-logo.png","contentUrl":"https:\/\/www.zmc.it\/wp-content\/uploads\/zmc-logo.png","width":150,"height":75,"caption":"ZMC Italy"},"image":{"@id":"https:\/\/www.zmc.it\/#\/schema\/logo\/image\/"},"sameAs":["https:\/\/www.linkedin.com\/company\/z.m.c.-italia-s.r.l.\/about\/"]}]}},"_links":{"self":[{"href":"https:\/\/www.zmc.it\/fr\/wp-json\/wp\/v2\/pages\/3496","targetHints":{"allow":["GET"]}}],"collection":[{"href":"https:\/\/www.zmc.it\/fr\/wp-json\/wp\/v2\/pages"}],"about":[{"href":"https:\/\/www.zmc.it\/fr\/wp-json\/wp\/v2\/types\/page"}],"author":[{"embeddable":true,"href":"https:\/\/www.zmc.it\/fr\/wp-json\/wp\/v2\/users\/1"}],"replies":[{"embeddable":true,"href":"https:\/\/www.zmc.it\/fr\/wp-json\/wp\/v2\/comments?post=3496"}],"version-history":[{"count":0,"href":"https:\/\/www.zmc.it\/fr\/wp-json\/wp\/v2\/pages\/3496\/revisions"}],"wp:attachment":[{"href":"https:\/\/www.zmc.it\/fr\/wp-json\/wp\/v2\/media?parent=3496"}],"curies":[{"name":"wp","href":"https:\/\/api.w.org\/{rel}","templated":true}]}}