{"id":3484,"date":"2018-09-20T09:42:01","date_gmt":"2018-09-20T09:42:01","guid":{"rendered":"https:\/\/www.zmc.it\/food-baking-ovens\/"},"modified":"2018-12-17T23:26:47","modified_gmt":"2018-12-17T23:26:47","slug":"fours-de-cuisson-des-aliments","status":"publish","type":"page","link":"https:\/\/www.zmc.it\/fr\/chaines-speciales\/fours-de-cuisson-des-aliments\/","title":{"rendered":"Fours de cuisson des aliments"},"content":{"rendered":"<p>Fours de cuisson des aliments<\/p>\n<p>T\u00e9l\u00e9charger catalogue<\/p>\n<p>T\u00e9l\u00e9charger la section Fours de cuisson des aliments<\/p>\n<p>La cuisson est la conclusion naturelle du processus de production du pain dans ses nombreuses variantes, des pizzas et de tous les desserts cuits au four.<br \/>\nDe nombreux fabricants du secteur utilisent les cha\u00eenes ZMC depuis des d\u00e9cennies comme composant indispensable de leurs convoyeurs d\u00e9di\u00e9s \u00e0 la production artisanale ou industrielle.<br \/>\nLes principales configurations utilis\u00e9es pour les fours avec des cha\u00eenes de manutention sont les suivantes: grillages m\u00e9talliques ou lattes, ces derniers pouvant \u00eatre enti\u00e8rement en acier ou avec des inserts en pierre, l\u2019alternative \u00e9tant celle avec des moules verticaux. Dans le cas du grillage m\u00e9tallique, les chaine ssont g\u00e9n\u00e9ralement \u00e0 axes creux, pour celui des lattes, une large gamme de cha\u00eenes avec attaches a \u00e9t\u00e9 d\u00e9velopp\u00e9e, dont certaines ont des axes d\u00e9bordants et des galets ext\u00e9rieurs. Pour ces derniers, des solutions avec roulements ou bagues autolubrifiantes peuvent \u00eatre proposes.<br \/>\nDans les fours \u00e0 cellules verticales, on utilise g\u00e9n\u00e9ralement des cha\u00eenes \u00e0 axes creux ou d\u00e9bordants, parfois doubles. ZMC est toujours disponible pour la conception et le dimensionnement de nouveaux mod\u00e8les qui prennent en compte les conditions de fonctionnement sp\u00e9cifiques de chaque four. Parmi les param\u00e8tres fondamentaux de la conception, nous demandons les \u00e9l\u00e9ments suivants: vitesse, charge transport\u00e9e, temp\u00e9rature et autres conditions environnementales, maintenance programm\u00e9e. Avec un choix appropri\u00e9 de mat\u00e9riaux, y compris les aciers inoxydables de diff\u00e9rents types, traitements thermiques, rev\u00eatements et composants (bagues, roulements), il est possible de fabriquer des cha\u00eenes capables de fonctionner jusqu&rsquo;\u00e0 500 \u00b0 C.<br \/>\nDans ce secteur, la technologie auto-lubrifiante Mecasec\u00ae, exclusive \u00e0 ZMC, peut \u00eatre utilis\u00e9e jusqu&rsquo;\u00e0 250 \u00b0 C.<\/p>\n<p><!-- {\"name\":\"\",\"type\":\"layout\",\"children\":[{\"name\":\"BREAD\",\"type\":\"section\",\"props\":{\"style\":\"default\",\"width\":\"default\",\"vertical_align\":\"middle\",\"title_position\":\"top-left\",\"title_rotation\":\"left\",\"title_breakpoint\":\"xl\",\"image_position\":\"center-center\",\"padding\":\"xsmall\",\"padding_remove_bottom\":true},\"children\":[{\"name\":\"\",\"type\":\"row\",\"props\":{\"fixed_width\":\"large\",\"breakpoint\":\"m\",\"layout\":\"1-1\"},\"children\":[{\"name\":\"\",\"type\":\"column\",\"props\":{\"widths\":[\"1-1\"],\"image_position\":\"center-center\"},\"children\":[{\"name\":\"\",\"type\":\"headline\",\"props\":{\"title_element\":\"h1\",\"content\":\"Fours de cuisson des aliments\",\"title_style\":\"\",\"title_decoration\":\"\",\"title_color\":\"\",\"text_align\":\"\",\"text_align_breakpoint\":\"\",\"text_align_fallback\":\"\",\"maxwidth\":\"\",\"maxwidth_align\":\"\",\"maxwidth_breakpoint\":\"\",\"margin\":\"\",\"animation\":\"\",\"visibility\":\"\"}}]}]}]},{\"name\":\"contenuto speciali\",\"type\":\"section\",\"props\":{\"style\":\"default\",\"width\":\"default\",\"vertical_align\":\"middle\",\"title_position\":\"top-left\",\"title_rotation\":\"left\",\"title_breakpoint\":\"xl\",\"image_position\":\"center-center\",\"padding_remove_top\":false,\"padding\":\"xsmall\",\"padding_remove_bottom\":true},\"children\":[{\"name\":\"\",\"type\":\"row\",\"props\":{\"fixed_width\":\"large\",\"breakpoint\":\"m\",\"layout\":\"2-3,\"},\"children\":[{\"name\":\"\",\"type\":\"column\",\"props\":{\"widths\":[\"2-3\"],\"image_position\":\"center-center\"},\"children\":[{\"name\":\"slideshow catene speciali\",\"type\":\"slideshow\",\"props\":{\"show_title\":false,\"show_meta\":false,\"show_content\":true,\"show_link\":false,\"show_thumbnail\":false,\"slideshow_min_height\":300,\"slideshow_autoplay_pause\":true,\"nav\":\"dotnav\",\"nav_position\":\"bottom-center\",\"nav_position_margin\":\"medium\",\"nav_align\":\"center\",\"nav_breakpoint\":\"s\",\"thumbnav_width\":\"100\",\"thumbnav_height\":\"75\",\"slidenav\":\"default\",\"slidenav_margin\":\"\",\"slidenav_breakpoint\":\"s\",\"slidenav_outside_breakpoint\":\"xl\",\"overlay_position\":\"bottom\",\"overlay_animation\":\"parallax\",\"title_element\":\"h3\",\"meta_style\":\"meta\",\"meta_align\":\"bottom\",\"link_text\":\"Read more\",\"link_style\":\"default\",\"margin\":\"remove-vertical\",\"slideshow_autoplay\":true,\"overlay_container\":\"default\",\"overlay_container_padding\":\"small\",\"overlay_style\":\"overlay-default\",\"overlay_width\":\"xlarge\",\"text_align\":\"center\",\"maxwidth\":\"xxlarge\",\"class\":\"testo-slide\",\"overlay_padding\":\"small\",\"nav_below\":true,\"nav_margin\":\"small\",\"slidenav_hover\":true,\"content_style\":\"\"},\"children\":[{\"name\":\"\",\"type\":\"slideshow_item\",\"props\":{\"image\":\"wp-content\\\/uploads\\\/forni-cottura-1.jpg\"}},{\"name\":\"\",\"type\":\"slideshow_item\",\"props\":{\"image\":\"wp-content\\\/uploads\\\/forni-01.jpg\",\"text_color\":\"light\",\"content\":\"\"}},{\"name\":\"\",\"type\":\"slideshow_item\",\"props\":{\"image\":\"wp-content\\\/uploads\\\/forni-02.jpg\",\"text_color\":\"light\",\"content\":\"\"}},{\"name\":\"\",\"type\":\"slideshow_item\",\"props\":{\"image\":\"wp-content\\\/uploads\\\/forni-03.jpg\",\"text_color\":\"light\",\"content\":\"\"}},{\"name\":\"\",\"type\":\"slideshow_item\",\"props\":{\"image\":\"wp-content\\\/uploads\\\/forni-04.jpg\",\"text_color\":\"light\",\"content\":\"\"}},{\"name\":\"\",\"type\":\"slideshow_item\",\"props\":{\"image\":\"wp-content\\\/uploads\\\/forni-05.jpg\",\"text_color\":\"light\",\"content\":\"\"}},{\"name\":\"\",\"type\":\"slideshow_item\",\"props\":{\"image\":\"wp-content\\\/uploads\\\/forni-06.jpg\",\"text_color\":\"light\",\"content\":\"\"}},{\"name\":\"\",\"type\":\"slideshow_item\",\"props\":{\"image\":\"wp-content\\\/uploads\\\/forni-06.jpg\",\"text_color\":\"light\",\"content\":\"\"}}]}]},{\"name\":\"\",\"type\":\"column\",\"props\":{\"widths\":[\"\"],\"image_position\":\"center-center\"},\"children\":[{\"name\":\"00download-cat-fra\",\"type\":\"button\",\"props\":{\"gutter\":\"small\",\"margin\":\"default\",\"maxwidth\":\"xxlarge\",\"button_size\":\"large\",\"fullwidth\":true,\"text_align\":\"\",\"text_align_breakpoint\":\"\",\"text_align_fallback\":\"\",\"maxwidth_align\":\"\",\"maxwidth_breakpoint\":\"\",\"animation\":\"\",\"visibility\":\"\"},\"children\":[{\"name\":\"\",\"type\":\"button_item\",\"props\":{\"button_style\":\"primary\",\"icon_align\":\"left\",\"icon\":\"download\",\"link_title\":\"\",\"content\":\"T\\u00e9l\\u00e9charger catalogue\",\"link\":\"wp-content\\\/uploads\\\/ZMC-Cat-Francais.pdf\",\"link_target\":\"blank\"}}]},{\"name\":\"00 bottone scarica la sezione speciali FR\",\"type\":\"button\",\"props\":{\"gutter\":\"small\",\"margin\":\"default\",\"maxwidth\":\"xxlarge\",\"button_size\":\"large\",\"fullwidth\":true,\"maxwidth_align\":\"center\",\"text_align\":\"center\",\"class\":\"bottone-scarica\",\"text_align_breakpoint\":\"\",\"text_align_fallback\":\"\",\"maxwidth_breakpoint\":\"\",\"animation\":\"\",\"visibility\":\"\"},\"children\":[{\"name\":\"\",\"type\":\"button_item\",\"props\":{\"button_style\":\"primary\",\"icon_align\":\"left\",\"icon\":\"download\",\"link_title\":\"\",\"content\":\"T\\u00e9l\\u00e9charger la section Fours de cuisson des aliments\",\"link_target\":\"blank\",\"link\":\"wp-content\\\/uploads\\\/ZMC-Fours-de-cuisson-des-aliments.pdf\"}}]}]}]},{\"name\":\"\",\"type\":\"row\",\"props\":{\"fixed_width\":\"large\",\"breakpoint\":\"m\",\"layout\":\"1-1\"},\"children\":[{\"name\":\"\",\"type\":\"column\",\"props\":{\"widths\":[\"1-1\"],\"image_position\":\"center-center\"},\"children\":[{\"name\":\"\",\"type\":\"text\",\"props\":{\"margin\":\"default\",\"column_breakpoint\":\"m\",\"content\":\"\n\n<p>La cuisson est la conclusion naturelle du processus de production du pain dans ses nombreuses variantes, des pizzas et de tous les desserts cuits au four.<\\\/p>\\n\n\n<p>De nombreux fabricants du secteur utilisent les cha\\u00eenes ZMC depuis des d\\u00e9cennies comme composant indispensable de leurs convoyeurs d\\u00e9di\\u00e9s \\u00e0 la production artisanale ou industrielle.<\\\/p>\\n\n\n<p>Les principales configurations utilis\\u00e9es pour les fours avec des cha\\u00eenes de manutention sont les suivantes: grillages m\\u00e9talliques ou lattes, ces derniers pouvant \\u00eatre enti\\u00e8rement en acier ou avec des inserts en pierre, l\\u2019alternative \\u00e9tant celle avec des moules verticaux. Dans le cas du grillage m\\u00e9tallique, les chaine ssont g\\u00e9n\\u00e9ralement \\u00e0 axes creux, pour celui des lattes, une large gamme de cha\\u00eenes avec attaches a \\u00e9t\\u00e9 d\\u00e9velopp\\u00e9e, dont certaines ont des axes d\\u00e9bordants et des galets ext\\u00e9rieurs. Pour ces derniers, des solutions avec roulements ou bagues autolubrifiantes peuvent \\u00eatre proposes.<\\\/p>\\n\n\n<p>Dans les fours \\u00e0 cellules verticales, on utilise g\\u00e9n\\u00e9ralement des cha\\u00eenes \\u00e0 axes creux ou d\\u00e9bordants, parfois doubles. ZMC est toujours disponible pour la conception et le dimensionnement de nouveaux mod\\u00e8les qui prennent en compte les conditions de fonctionnement sp\\u00e9cifiques de chaque four. Parmi les param\\u00e8tres fondamentaux de la conception, nous demandons les \\u00e9l\\u00e9ments suivants: vitesse, charge transport\\u00e9e, temp\\u00e9rature et autres conditions environnementales, maintenance programm\\u00e9e. Avec un choix appropri\\u00e9 de mat\\u00e9riaux, y compris les aciers inoxydables de diff\\u00e9rents types, traitements thermiques, rev\\u00eatements et composants (bagues, roulements), il est possible de fabriquer des cha\\u00eenes capables de fonctionner jusqu'\\u00e0 500 \\u00b0 C.<\\\/p>\\n\n\n<p>Dans ce secteur, la technologie auto-lubrifiante Mecasec\\u00ae, exclusive \\u00e0 ZMC, peut \\u00eatre utilis\\u00e9e jusqu'\\u00e0 250 \\u00b0 C.<\\\/p>\",\"text_style\":\"\",\"text_color\":\"\",\"text_size\":\"\",\"column\":\"\",\"text_align\":\"\",\"text_align_breakpoint\":\"\",\"text_align_fallback\":\"\",\"maxwidth\":\"\",\"maxwidth_align\":\"\",\"maxwidth_breakpoint\":\"\",\"animation\":\"\",\"visibility\":\"\"}}]}]}]}]} --><\/p>\n","protected":false},"excerpt":{"rendered":"<p>Fours de cuisson des aliments T\u00e9l\u00e9charger catalogue T\u00e9l\u00e9charger la section Fours de cuisson des aliments La cuisson est la conclusion naturelle du processus de production du pain dans ses nombreuses variantes, des pizzas et de tous les desserts cuits au four. De nombreux fabricants du secteur utilisent les cha\u00eenes ZMC depuis des d\u00e9cennies comme composant [&hellip;]<\/p>\n","protected":false},"author":1,"featured_media":0,"parent":3520,"menu_order":0,"comment_status":"closed","ping_status":"closed","template":"","meta":{"footnotes":""},"class_list":["post-3484","page","type-page","status-publish","hentry"],"yoast_head":"<!-- This site is optimized with the Yoast SEO plugin v27.5 - https:\/\/yoast.com\/product\/yoast-seo-wordpress\/ -->\n<title>Fours de cuisson des aliments - ZMC Italia<\/title>\n<meta name=\"robots\" content=\"index, follow, max-snippet:-1, max-image-preview:large, max-video-preview:-1\" \/>\n<link rel=\"canonical\" href=\"https:\/\/www.zmc.it\/fr\/chaines-speciales\/fours-de-cuisson-des-aliments\/\" \/>\n<meta property=\"og:locale\" content=\"fr_FR\" \/>\n<meta property=\"og:type\" content=\"article\" \/>\n<meta property=\"og:title\" content=\"Fours de cuisson des aliments - ZMC Italia\" \/>\n<meta property=\"og:description\" content=\"Fours de cuisson des aliments T\u00e9l\u00e9charger catalogue T\u00e9l\u00e9charger la section Fours de cuisson des aliments La cuisson est la conclusion naturelle du processus de production du pain dans ses nombreuses variantes, des pizzas et de tous les desserts cuits au four. De nombreux fabricants du secteur utilisent les cha\u00eenes ZMC depuis des d\u00e9cennies comme composant [&hellip;]\" \/>\n<meta property=\"og:url\" content=\"https:\/\/www.zmc.it\/fr\/chaines-speciales\/fours-de-cuisson-des-aliments\/\" \/>\n<meta property=\"og:site_name\" content=\"ZMC Italia\" \/>\n<meta property=\"article:modified_time\" content=\"2018-12-17T23:26:47+00:00\" \/>\n<meta property=\"og:image\" content=\"https:\/\/www.zmc.it\/wp-content\/uploads\/FOTO-SLIDER-2.jpg\" \/>\n\t<meta property=\"og:image:width\" content=\"1600\" \/>\n\t<meta property=\"og:image:height\" content=\"500\" \/>\n\t<meta property=\"og:image:type\" content=\"image\/jpeg\" \/>\n<meta name=\"twitter:card\" content=\"summary_large_image\" \/>\n<meta name=\"twitter:label1\" content=\"Dur\u00e9e de lecture estim\u00e9e\" \/>\n\t<meta name=\"twitter:data1\" content=\"2 minutes\" \/>\n<script type=\"application\/ld+json\" class=\"yoast-schema-graph\">{\"@context\":\"https:\\\/\\\/schema.org\",\"@graph\":[{\"@type\":\"WebPage\",\"@id\":\"https:\\\/\\\/www.zmc.it\\\/fr\\\/chaines-speciales\\\/fours-de-cuisson-des-aliments\\\/\",\"url\":\"https:\\\/\\\/www.zmc.it\\\/fr\\\/chaines-speciales\\\/fours-de-cuisson-des-aliments\\\/\",\"name\":\"Fours de cuisson des aliments - ZMC Italia\",\"isPartOf\":{\"@id\":\"https:\\\/\\\/www.zmc.it\\\/#website\"},\"datePublished\":\"2018-09-20T09:42:01+00:00\",\"dateModified\":\"2018-12-17T23:26:47+00:00\",\"breadcrumb\":{\"@id\":\"https:\\\/\\\/www.zmc.it\\\/fr\\\/chaines-speciales\\\/fours-de-cuisson-des-aliments\\\/#breadcrumb\"},\"inLanguage\":\"fr-FR\",\"potentialAction\":[{\"@type\":\"ReadAction\",\"target\":[\"https:\\\/\\\/www.zmc.it\\\/fr\\\/chaines-speciales\\\/fours-de-cuisson-des-aliments\\\/\"]}]},{\"@type\":\"BreadcrumbList\",\"@id\":\"https:\\\/\\\/www.zmc.it\\\/fr\\\/chaines-speciales\\\/fours-de-cuisson-des-aliments\\\/#breadcrumb\",\"itemListElement\":[{\"@type\":\"ListItem\",\"position\":1,\"name\":\"Home\",\"item\":\"https:\\\/\\\/www.zmc.it\\\/fr\\\/\"},{\"@type\":\"ListItem\",\"position\":2,\"name\":\"Cha\u00eenes sp\u00e9ciales\",\"item\":\"https:\\\/\\\/www.zmc.it\\\/fr\\\/chaines-speciales\\\/\"},{\"@type\":\"ListItem\",\"position\":3,\"name\":\"Fours de cuisson des aliments\"}]},{\"@type\":\"WebSite\",\"@id\":\"https:\\\/\\\/www.zmc.it\\\/#website\",\"url\":\"https:\\\/\\\/www.zmc.it\\\/\",\"name\":\"ZMC Italia\",\"description\":\"\",\"publisher\":{\"@id\":\"https:\\\/\\\/www.zmc.it\\\/#organization\"},\"potentialAction\":[{\"@type\":\"SearchAction\",\"target\":{\"@type\":\"EntryPoint\",\"urlTemplate\":\"https:\\\/\\\/www.zmc.it\\\/?s={search_term_string}\"},\"query-input\":{\"@type\":\"PropertyValueSpecification\",\"valueRequired\":true,\"valueName\":\"search_term_string\"}}],\"inLanguage\":\"fr-FR\"},{\"@type\":\"Organization\",\"@id\":\"https:\\\/\\\/www.zmc.it\\\/#organization\",\"name\":\"ZMC Italy\",\"url\":\"https:\\\/\\\/www.zmc.it\\\/\",\"logo\":{\"@type\":\"ImageObject\",\"inLanguage\":\"fr-FR\",\"@id\":\"https:\\\/\\\/www.zmc.it\\\/#\\\/schema\\\/logo\\\/image\\\/\",\"url\":\"https:\\\/\\\/www.zmc.it\\\/wp-content\\\/uploads\\\/zmc-logo.png\",\"contentUrl\":\"https:\\\/\\\/www.zmc.it\\\/wp-content\\\/uploads\\\/zmc-logo.png\",\"width\":150,\"height\":75,\"caption\":\"ZMC Italy\"},\"image\":{\"@id\":\"https:\\\/\\\/www.zmc.it\\\/#\\\/schema\\\/logo\\\/image\\\/\"},\"sameAs\":[\"https:\\\/\\\/www.linkedin.com\\\/company\\\/z.m.c.-italia-s.r.l.\\\/about\\\/\"]}]}<\/script>\n<!-- \/ Yoast SEO plugin. -->","yoast_head_json":{"title":"Fours de cuisson des aliments - ZMC Italia","robots":{"index":"index","follow":"follow","max-snippet":"max-snippet:-1","max-image-preview":"max-image-preview:large","max-video-preview":"max-video-preview:-1"},"canonical":"https:\/\/www.zmc.it\/fr\/chaines-speciales\/fours-de-cuisson-des-aliments\/","og_locale":"fr_FR","og_type":"article","og_title":"Fours de cuisson des aliments - ZMC Italia","og_description":"Fours de cuisson des aliments T\u00e9l\u00e9charger catalogue T\u00e9l\u00e9charger la section Fours de cuisson des aliments La cuisson est la conclusion naturelle du processus de production du pain dans ses nombreuses variantes, des pizzas et de tous les desserts cuits au four. De nombreux fabricants du secteur utilisent les cha\u00eenes ZMC depuis des d\u00e9cennies comme composant [&hellip;]","og_url":"https:\/\/www.zmc.it\/fr\/chaines-speciales\/fours-de-cuisson-des-aliments\/","og_site_name":"ZMC Italia","article_modified_time":"2018-12-17T23:26:47+00:00","og_image":[{"width":1600,"height":500,"url":"https:\/\/www.zmc.it\/wp-content\/uploads\/FOTO-SLIDER-2.jpg","type":"image\/jpeg"}],"twitter_card":"summary_large_image","twitter_misc":{"Dur\u00e9e de lecture estim\u00e9e":"2 minutes"},"schema":{"@context":"https:\/\/schema.org","@graph":[{"@type":"WebPage","@id":"https:\/\/www.zmc.it\/fr\/chaines-speciales\/fours-de-cuisson-des-aliments\/","url":"https:\/\/www.zmc.it\/fr\/chaines-speciales\/fours-de-cuisson-des-aliments\/","name":"Fours de cuisson des aliments - ZMC Italia","isPartOf":{"@id":"https:\/\/www.zmc.it\/#website"},"datePublished":"2018-09-20T09:42:01+00:00","dateModified":"2018-12-17T23:26:47+00:00","breadcrumb":{"@id":"https:\/\/www.zmc.it\/fr\/chaines-speciales\/fours-de-cuisson-des-aliments\/#breadcrumb"},"inLanguage":"fr-FR","potentialAction":[{"@type":"ReadAction","target":["https:\/\/www.zmc.it\/fr\/chaines-speciales\/fours-de-cuisson-des-aliments\/"]}]},{"@type":"BreadcrumbList","@id":"https:\/\/www.zmc.it\/fr\/chaines-speciales\/fours-de-cuisson-des-aliments\/#breadcrumb","itemListElement":[{"@type":"ListItem","position":1,"name":"Home","item":"https:\/\/www.zmc.it\/fr\/"},{"@type":"ListItem","position":2,"name":"Cha\u00eenes sp\u00e9ciales","item":"https:\/\/www.zmc.it\/fr\/chaines-speciales\/"},{"@type":"ListItem","position":3,"name":"Fours de cuisson des aliments"}]},{"@type":"WebSite","@id":"https:\/\/www.zmc.it\/#website","url":"https:\/\/www.zmc.it\/","name":"ZMC Italia","description":"","publisher":{"@id":"https:\/\/www.zmc.it\/#organization"},"potentialAction":[{"@type":"SearchAction","target":{"@type":"EntryPoint","urlTemplate":"https:\/\/www.zmc.it\/?s={search_term_string}"},"query-input":{"@type":"PropertyValueSpecification","valueRequired":true,"valueName":"search_term_string"}}],"inLanguage":"fr-FR"},{"@type":"Organization","@id":"https:\/\/www.zmc.it\/#organization","name":"ZMC Italy","url":"https:\/\/www.zmc.it\/","logo":{"@type":"ImageObject","inLanguage":"fr-FR","@id":"https:\/\/www.zmc.it\/#\/schema\/logo\/image\/","url":"https:\/\/www.zmc.it\/wp-content\/uploads\/zmc-logo.png","contentUrl":"https:\/\/www.zmc.it\/wp-content\/uploads\/zmc-logo.png","width":150,"height":75,"caption":"ZMC Italy"},"image":{"@id":"https:\/\/www.zmc.it\/#\/schema\/logo\/image\/"},"sameAs":["https:\/\/www.linkedin.com\/company\/z.m.c.-italia-s.r.l.\/about\/"]}]}},"_links":{"self":[{"href":"https:\/\/www.zmc.it\/fr\/wp-json\/wp\/v2\/pages\/3484","targetHints":{"allow":["GET"]}}],"collection":[{"href":"https:\/\/www.zmc.it\/fr\/wp-json\/wp\/v2\/pages"}],"about":[{"href":"https:\/\/www.zmc.it\/fr\/wp-json\/wp\/v2\/types\/page"}],"author":[{"embeddable":true,"href":"https:\/\/www.zmc.it\/fr\/wp-json\/wp\/v2\/users\/1"}],"replies":[{"embeddable":true,"href":"https:\/\/www.zmc.it\/fr\/wp-json\/wp\/v2\/comments?post=3484"}],"version-history":[{"count":0,"href":"https:\/\/www.zmc.it\/fr\/wp-json\/wp\/v2\/pages\/3484\/revisions"}],"up":[{"embeddable":true,"href":"https:\/\/www.zmc.it\/fr\/wp-json\/wp\/v2\/pages\/3520"}],"wp:attachment":[{"href":"https:\/\/www.zmc.it\/fr\/wp-json\/wp\/v2\/media?parent=3484"}],"curies":[{"name":"wp","href":"https:\/\/api.w.org\/{rel}","templated":true}]}}