{"id":3478,"date":"2018-09-23T09:10:53","date_gmt":"2018-09-23T09:10:53","guid":{"rendered":"https:\/\/www.zmc.it\/ice-cream-industry\/"},"modified":"2018-12-17T23:51:34","modified_gmt":"2018-12-17T23:51:34","slug":"industrie-de-la-creme-glacee","status":"publish","type":"page","link":"https:\/\/www.zmc.it\/fr\/chaines-speciales\/industrie-de-la-creme-glacee\/","title":{"rendered":"Industrie de la cr\u00e8me glac\u00e9e"},"content":{"rendered":"<p>Industrie de la cr\u00e8me glac\u00e9e<\/p>\n<p>T\u00e9l\u00e9charger catalogue<\/p>\n<p>T\u00e9l\u00e9charger la section Industrie de la cr\u00e8me glac\u00e9e<\/p>\n<p>ZMC a relev\u00e9 le d\u00e9fi des basses temp\u00e9ratures, jusqu&rsquo;\u00e0 moins 40 \u00b0 C, auxquelles les cha\u00eenes sont confront\u00e9es dans l&rsquo;industrie de la cr\u00e8me glac\u00e9e, gr\u00e2ce \u00e0 la longue exp\u00e9rience de la conception pour ce secteur et \u00e0 l&rsquo;utilisation de mat\u00e9riaux, aussi bien m\u00e9talliques que plastiques, adapt\u00e9s au froid extr\u00eame.<br \/>\nLes cha\u00eenes typiques avec axes d\u00e9bordants pour les tunnels de r\u00e9frig\u00e9ration, \u00e0 l&rsquo;int\u00e9rieur desquelles la glace se solidifie, sont le produit phare d&rsquo;une tr\u00e8s vaste gamme comprenant des produits d\u00e9di\u00e9s \u00e0 d&rsquo;autres phases du processus, notamment le remplissage des r\u00e9cipients des diff\u00e9rents types de glaces.<br \/>\nDes solutions sans entretien sont normalement adopt\u00e9es dans ces systems, o\u00f9 la basse temp\u00e9rature et l&rsquo;extr\u00eame proximit\u00e9 du produit alimentaire avecla cha\u00eene rendent souvent n\u00e9cessaire d&rsquo;\u00e9viter l&rsquo;utilisation de lubrifiants.<\/p>\n<p><!-- {\"name\":\"\",\"type\":\"layout\",\"children\":[{\"name\":\"BREAD\",\"type\":\"section\",\"props\":{\"style\":\"default\",\"width\":\"default\",\"vertical_align\":\"middle\",\"title_position\":\"top-left\",\"title_rotation\":\"left\",\"title_breakpoint\":\"xl\",\"image_position\":\"center-center\",\"padding\":\"xsmall\",\"padding_remove_bottom\":true},\"children\":[{\"name\":\"\",\"type\":\"row\",\"props\":{\"fixed_width\":\"large\",\"breakpoint\":\"m\",\"layout\":\"1-1\"},\"children\":[{\"name\":\"\",\"type\":\"column\",\"props\":{\"widths\":[\"1-1\"],\"image_position\":\"center-center\"},\"children\":[{\"name\":\"\",\"type\":\"headline\",\"props\":{\"title_element\":\"h1\",\"content\":\"Industrie de la cr\\u00e8me glac\\u00e9e\",\"title_style\":\"\",\"title_decoration\":\"\",\"title_color\":\"\",\"text_align\":\"\",\"text_align_breakpoint\":\"\",\"text_align_fallback\":\"\",\"maxwidth\":\"\",\"maxwidth_align\":\"\",\"maxwidth_breakpoint\":\"\",\"margin\":\"\",\"animation\":\"\",\"visibility\":\"\"}}]}]}]},{\"name\":\"contenuto speciali\",\"type\":\"section\",\"props\":{\"style\":\"default\",\"width\":\"default\",\"vertical_align\":\"middle\",\"title_position\":\"top-left\",\"title_rotation\":\"left\",\"title_breakpoint\":\"xl\",\"image_position\":\"center-center\",\"padding_remove_top\":false,\"padding\":\"xsmall\",\"padding_remove_bottom\":true},\"children\":[{\"name\":\"\",\"type\":\"row\",\"props\":{\"fixed_width\":\"large\",\"breakpoint\":\"m\",\"layout\":\"2-3,\"},\"children\":[{\"name\":\"\",\"type\":\"column\",\"props\":{\"widths\":[\"2-3\"],\"image_position\":\"center-center\"},\"children\":[{\"name\":\"slideshow catene speciali\",\"type\":\"slideshow\",\"props\":{\"show_title\":false,\"show_meta\":false,\"show_content\":true,\"show_link\":false,\"show_thumbnail\":false,\"slideshow_min_height\":300,\"slideshow_autoplay_pause\":true,\"nav\":\"dotnav\",\"nav_position\":\"bottom-center\",\"nav_position_margin\":\"medium\",\"nav_align\":\"center\",\"nav_breakpoint\":\"s\",\"thumbnav_width\":\"100\",\"thumbnav_height\":\"75\",\"slidenav\":\"default\",\"slidenav_margin\":\"\",\"slidenav_breakpoint\":\"s\",\"slidenav_outside_breakpoint\":\"xl\",\"overlay_position\":\"bottom\",\"overlay_animation\":\"parallax\",\"title_element\":\"h3\",\"meta_style\":\"meta\",\"meta_align\":\"bottom\",\"link_text\":\"Read more\",\"link_style\":\"default\",\"margin\":\"remove-vertical\",\"slideshow_autoplay\":true,\"overlay_container\":\"default\",\"overlay_container_padding\":\"small\",\"overlay_style\":\"overlay-default\",\"overlay_width\":\"xlarge\",\"text_align\":\"center\",\"maxwidth\":\"xxlarge\",\"class\":\"testo-slide\",\"overlay_padding\":\"small\",\"nav_below\":true,\"nav_margin\":\"small\",\"slidenav_hover\":true,\"content_style\":\"\"},\"children\":[{\"name\":\"\",\"type\":\"slideshow_item\",\"props\":{\"image\":\"wp-content\\\/uploads\\\/gelato-02.jpg\"}},{\"name\":\"\",\"type\":\"slideshow_item\",\"props\":{\"image\":\"wp-content\\\/uploads\\\/gelato-03.jpg\"}},{\"name\":\"\",\"type\":\"slideshow_item\",\"props\":{\"image\":\"wp-content\\\/uploads\\\/gelato-04.jpg\"}},{\"name\":\"\",\"type\":\"slideshow_item\",\"props\":{\"image\":\"wp-content\\\/uploads\\\/gelato-01.jpg\"}},{\"name\":\"\",\"type\":\"slideshow_item\",\"props\":{\"image\":\"wp-content\\\/uploads\\\/trucioli-05.jpg\"}},{\"name\":\"\",\"type\":\"slideshow_item\",\"props\":{\"image\":\"wp-content\\\/uploads\\\/gelato-05.jpg\"}},{\"name\":\"\",\"type\":\"slideshow_item\",\"props\":{\"image\":\"wp-content\\\/uploads\\\/gelato-06.jpg\"}},{\"name\":\"\",\"type\":\"slideshow_item\",\"props\":{\"image\":\"wp-content\\\/uploads\\\/gelato-07.jpg\"}},{\"name\":\"\",\"type\":\"slideshow_item\",\"props\":{\"image\":\"wp-content\\\/uploads\\\/gelato-08.jpg\"}},{\"name\":\"\",\"type\":\"slideshow_item\",\"props\":{\"image\":\"wp-content\\\/uploads\\\/gelato-09.jpg\"}}]}]},{\"name\":\"\",\"type\":\"column\",\"props\":{\"widths\":[\"\"],\"image_position\":\"center-center\"},\"children\":[{\"name\":\"00download-cat-fra\",\"type\":\"button\",\"props\":{\"gutter\":\"small\",\"margin\":\"default\",\"maxwidth\":\"xxlarge\",\"button_size\":\"large\",\"fullwidth\":true,\"text_align\":\"\",\"text_align_breakpoint\":\"\",\"text_align_fallback\":\"\",\"maxwidth_align\":\"\",\"maxwidth_breakpoint\":\"\",\"animation\":\"\",\"visibility\":\"\"},\"children\":[{\"name\":\"\",\"type\":\"button_item\",\"props\":{\"button_style\":\"primary\",\"icon_align\":\"left\",\"icon\":\"download\",\"link_title\":\"\",\"content\":\"T\\u00e9l\\u00e9charger catalogue\",\"link\":\"wp-content\\\/uploads\\\/ZMC-Cat-Francais.pdf\",\"link_target\":\"blank\"}}]},{\"name\":\"00 bottone scarica la sezione speciali FR\",\"type\":\"button\",\"props\":{\"gutter\":\"small\",\"margin\":\"default\",\"maxwidth\":\"xxlarge\",\"button_size\":\"large\",\"fullwidth\":true,\"maxwidth_align\":\"center\",\"text_align\":\"center\",\"class\":\"bottone-scarica\",\"text_align_breakpoint\":\"\",\"text_align_fallback\":\"\",\"maxwidth_breakpoint\":\"\",\"animation\":\"\",\"visibility\":\"\"},\"children\":[{\"name\":\"\",\"type\":\"button_item\",\"props\":{\"button_style\":\"primary\",\"icon_align\":\"left\",\"icon\":\"download\",\"link_title\":\"\",\"content\":\"T\\u00e9l\\u00e9charger la section Industrie de la cr\\u00e8me glac\\u00e9e\",\"link_target\":\"blank\",\"link\":\"wp-content\\\/uploads\\\/ZMC-Industrie-de-la-cr\\u00e8me-glac\\u00e9e.pdf\"}}]}]}]},{\"name\":\"\",\"type\":\"row\",\"props\":{\"fixed_width\":\"large\",\"breakpoint\":\"m\",\"layout\":\"1-1\"},\"children\":[{\"name\":\"\",\"type\":\"column\",\"props\":{\"widths\":[\"1-1\"],\"image_position\":\"center-center\"},\"children\":[{\"name\":\"\",\"type\":\"text\",\"props\":{\"margin\":\"default\",\"column_breakpoint\":\"m\",\"content\":\"\n\n<p>ZMC a relev\\u00e9 le d\\u00e9fi des basses temp\\u00e9ratures, jusqu'\\u00e0 moins 40 \\u00b0 C, auxquelles les cha\\u00eenes sont confront\\u00e9es dans l'industrie de la cr\\u00e8me glac\\u00e9e, gr\\u00e2ce \\u00e0 la longue exp\\u00e9rience de la conception pour ce secteur et \\u00e0 l'utilisation de mat\\u00e9riaux, aussi bien m\\u00e9talliques que plastiques, adapt\\u00e9s au froid extr\\u00eame.<\\\/p>\\n\n\n<p>Les cha\\u00eenes typiques avec axes d\\u00e9bordants pour les tunnels de r\\u00e9frig\\u00e9ration, \\u00e0 l'int\\u00e9rieur desquelles la glace se solidifie, sont le produit phare d'une tr\\u00e8s vaste gamme comprenant des produits d\\u00e9di\\u00e9s \\u00e0 d'autres phases du processus, notamment le remplissage des r\\u00e9cipients des diff\\u00e9rents types de glaces.<\\\/p>\\n\n\n<p>Des solutions sans entretien sont normalement adopt\\u00e9es dans ces systems, o\\u00f9 la basse temp\\u00e9rature et l'extr\\u00eame proximit\\u00e9 du produit alimentaire avecla cha\\u00eene rendent souvent n\\u00e9cessaire d'\\u00e9viter l'utilisation de lubrifiants.<\\\/p>\",\"text_style\":\"\",\"text_color\":\"\",\"text_size\":\"\",\"column\":\"\",\"text_align\":\"\",\"text_align_breakpoint\":\"\",\"text_align_fallback\":\"\",\"maxwidth\":\"\",\"maxwidth_align\":\"\",\"maxwidth_breakpoint\":\"\",\"animation\":\"\",\"visibility\":\"\"}}]}]}]}]} --><\/p>\n","protected":false},"excerpt":{"rendered":"<p>Industrie de la cr\u00e8me glac\u00e9e T\u00e9l\u00e9charger catalogue T\u00e9l\u00e9charger la section Industrie de la cr\u00e8me glac\u00e9e ZMC a relev\u00e9 le d\u00e9fi des basses temp\u00e9ratures, jusqu&rsquo;\u00e0 moins 40 \u00b0 C, auxquelles les cha\u00eenes sont confront\u00e9es dans l&rsquo;industrie de la cr\u00e8me glac\u00e9e, gr\u00e2ce \u00e0 la longue exp\u00e9rience de la conception pour ce secteur et \u00e0 l&rsquo;utilisation de mat\u00e9riaux, [&hellip;]<\/p>\n","protected":false},"author":1,"featured_media":0,"parent":3520,"menu_order":0,"comment_status":"closed","ping_status":"closed","template":"","meta":{"footnotes":""},"class_list":["post-3478","page","type-page","status-publish","hentry"],"yoast_head":"<!-- This site is optimized with the Yoast SEO plugin v27.5 - https:\/\/yoast.com\/product\/yoast-seo-wordpress\/ -->\n<title>Industrie de la cr\u00e8me glac\u00e9e - ZMC Italia<\/title>\n<meta name=\"robots\" content=\"index, follow, max-snippet:-1, max-image-preview:large, max-video-preview:-1\" \/>\n<link rel=\"canonical\" href=\"https:\/\/www.zmc.it\/fr\/chaines-speciales\/industrie-de-la-creme-glacee\/\" \/>\n<meta property=\"og:locale\" content=\"fr_FR\" \/>\n<meta property=\"og:type\" content=\"article\" \/>\n<meta property=\"og:title\" content=\"Industrie de la cr\u00e8me glac\u00e9e - ZMC Italia\" \/>\n<meta property=\"og:description\" content=\"Industrie de la cr\u00e8me glac\u00e9e T\u00e9l\u00e9charger catalogue T\u00e9l\u00e9charger la section Industrie de la cr\u00e8me glac\u00e9e ZMC a relev\u00e9 le d\u00e9fi des basses temp\u00e9ratures, jusqu&rsquo;\u00e0 moins 40 \u00b0 C, auxquelles les cha\u00eenes sont confront\u00e9es dans l&rsquo;industrie de la cr\u00e8me glac\u00e9e, gr\u00e2ce \u00e0 la longue exp\u00e9rience de la conception pour ce secteur et \u00e0 l&rsquo;utilisation de mat\u00e9riaux, [&hellip;]\" \/>\n<meta property=\"og:url\" content=\"https:\/\/www.zmc.it\/fr\/chaines-speciales\/industrie-de-la-creme-glacee\/\" \/>\n<meta property=\"og:site_name\" content=\"ZMC Italia\" \/>\n<meta property=\"article:modified_time\" content=\"2018-12-17T23:51:34+00:00\" \/>\n<meta property=\"og:image\" content=\"https:\/\/www.zmc.it\/wp-content\/uploads\/FOTO-SLIDER-2.jpg\" \/>\n\t<meta property=\"og:image:width\" content=\"1600\" \/>\n\t<meta property=\"og:image:height\" content=\"500\" \/>\n\t<meta property=\"og:image:type\" content=\"image\/jpeg\" \/>\n<meta name=\"twitter:card\" content=\"summary_large_image\" \/>\n<meta name=\"twitter:label1\" content=\"Dur\u00e9e de lecture estim\u00e9e\" \/>\n\t<meta name=\"twitter:data1\" content=\"1 minute\" \/>\n<script type=\"application\/ld+json\" class=\"yoast-schema-graph\">{\"@context\":\"https:\\\/\\\/schema.org\",\"@graph\":[{\"@type\":\"WebPage\",\"@id\":\"https:\\\/\\\/www.zmc.it\\\/fr\\\/chaines-speciales\\\/industrie-de-la-creme-glacee\\\/\",\"url\":\"https:\\\/\\\/www.zmc.it\\\/fr\\\/chaines-speciales\\\/industrie-de-la-creme-glacee\\\/\",\"name\":\"Industrie de la cr\u00e8me glac\u00e9e - ZMC Italia\",\"isPartOf\":{\"@id\":\"https:\\\/\\\/www.zmc.it\\\/#website\"},\"datePublished\":\"2018-09-23T09:10:53+00:00\",\"dateModified\":\"2018-12-17T23:51:34+00:00\",\"breadcrumb\":{\"@id\":\"https:\\\/\\\/www.zmc.it\\\/fr\\\/chaines-speciales\\\/industrie-de-la-creme-glacee\\\/#breadcrumb\"},\"inLanguage\":\"fr-FR\",\"potentialAction\":[{\"@type\":\"ReadAction\",\"target\":[\"https:\\\/\\\/www.zmc.it\\\/fr\\\/chaines-speciales\\\/industrie-de-la-creme-glacee\\\/\"]}]},{\"@type\":\"BreadcrumbList\",\"@id\":\"https:\\\/\\\/www.zmc.it\\\/fr\\\/chaines-speciales\\\/industrie-de-la-creme-glacee\\\/#breadcrumb\",\"itemListElement\":[{\"@type\":\"ListItem\",\"position\":1,\"name\":\"Home\",\"item\":\"https:\\\/\\\/www.zmc.it\\\/fr\\\/\"},{\"@type\":\"ListItem\",\"position\":2,\"name\":\"Cha\u00eenes sp\u00e9ciales\",\"item\":\"https:\\\/\\\/www.zmc.it\\\/fr\\\/chaines-speciales\\\/\"},{\"@type\":\"ListItem\",\"position\":3,\"name\":\"Industrie de la cr\u00e8me glac\u00e9e\"}]},{\"@type\":\"WebSite\",\"@id\":\"https:\\\/\\\/www.zmc.it\\\/#website\",\"url\":\"https:\\\/\\\/www.zmc.it\\\/\",\"name\":\"ZMC Italia\",\"description\":\"\",\"publisher\":{\"@id\":\"https:\\\/\\\/www.zmc.it\\\/#organization\"},\"potentialAction\":[{\"@type\":\"SearchAction\",\"target\":{\"@type\":\"EntryPoint\",\"urlTemplate\":\"https:\\\/\\\/www.zmc.it\\\/?s={search_term_string}\"},\"query-input\":{\"@type\":\"PropertyValueSpecification\",\"valueRequired\":true,\"valueName\":\"search_term_string\"}}],\"inLanguage\":\"fr-FR\"},{\"@type\":\"Organization\",\"@id\":\"https:\\\/\\\/www.zmc.it\\\/#organization\",\"name\":\"ZMC Italy\",\"url\":\"https:\\\/\\\/www.zmc.it\\\/\",\"logo\":{\"@type\":\"ImageObject\",\"inLanguage\":\"fr-FR\",\"@id\":\"https:\\\/\\\/www.zmc.it\\\/#\\\/schema\\\/logo\\\/image\\\/\",\"url\":\"https:\\\/\\\/www.zmc.it\\\/wp-content\\\/uploads\\\/zmc-logo.png\",\"contentUrl\":\"https:\\\/\\\/www.zmc.it\\\/wp-content\\\/uploads\\\/zmc-logo.png\",\"width\":150,\"height\":75,\"caption\":\"ZMC Italy\"},\"image\":{\"@id\":\"https:\\\/\\\/www.zmc.it\\\/#\\\/schema\\\/logo\\\/image\\\/\"},\"sameAs\":[\"https:\\\/\\\/www.linkedin.com\\\/company\\\/z.m.c.-italia-s.r.l.\\\/about\\\/\"]}]}<\/script>\n<!-- \/ Yoast SEO plugin. -->","yoast_head_json":{"title":"Industrie de la cr\u00e8me glac\u00e9e - ZMC Italia","robots":{"index":"index","follow":"follow","max-snippet":"max-snippet:-1","max-image-preview":"max-image-preview:large","max-video-preview":"max-video-preview:-1"},"canonical":"https:\/\/www.zmc.it\/fr\/chaines-speciales\/industrie-de-la-creme-glacee\/","og_locale":"fr_FR","og_type":"article","og_title":"Industrie de la cr\u00e8me glac\u00e9e - ZMC Italia","og_description":"Industrie de la cr\u00e8me glac\u00e9e T\u00e9l\u00e9charger catalogue T\u00e9l\u00e9charger la section Industrie de la cr\u00e8me glac\u00e9e ZMC a relev\u00e9 le d\u00e9fi des basses temp\u00e9ratures, jusqu&rsquo;\u00e0 moins 40 \u00b0 C, auxquelles les cha\u00eenes sont confront\u00e9es dans l&rsquo;industrie de la cr\u00e8me glac\u00e9e, gr\u00e2ce \u00e0 la longue exp\u00e9rience de la conception pour ce secteur et \u00e0 l&rsquo;utilisation de mat\u00e9riaux, [&hellip;]","og_url":"https:\/\/www.zmc.it\/fr\/chaines-speciales\/industrie-de-la-creme-glacee\/","og_site_name":"ZMC Italia","article_modified_time":"2018-12-17T23:51:34+00:00","og_image":[{"width":1600,"height":500,"url":"https:\/\/www.zmc.it\/wp-content\/uploads\/FOTO-SLIDER-2.jpg","type":"image\/jpeg"}],"twitter_card":"summary_large_image","twitter_misc":{"Dur\u00e9e de lecture estim\u00e9e":"1 minute"},"schema":{"@context":"https:\/\/schema.org","@graph":[{"@type":"WebPage","@id":"https:\/\/www.zmc.it\/fr\/chaines-speciales\/industrie-de-la-creme-glacee\/","url":"https:\/\/www.zmc.it\/fr\/chaines-speciales\/industrie-de-la-creme-glacee\/","name":"Industrie de la cr\u00e8me glac\u00e9e - ZMC Italia","isPartOf":{"@id":"https:\/\/www.zmc.it\/#website"},"datePublished":"2018-09-23T09:10:53+00:00","dateModified":"2018-12-17T23:51:34+00:00","breadcrumb":{"@id":"https:\/\/www.zmc.it\/fr\/chaines-speciales\/industrie-de-la-creme-glacee\/#breadcrumb"},"inLanguage":"fr-FR","potentialAction":[{"@type":"ReadAction","target":["https:\/\/www.zmc.it\/fr\/chaines-speciales\/industrie-de-la-creme-glacee\/"]}]},{"@type":"BreadcrumbList","@id":"https:\/\/www.zmc.it\/fr\/chaines-speciales\/industrie-de-la-creme-glacee\/#breadcrumb","itemListElement":[{"@type":"ListItem","position":1,"name":"Home","item":"https:\/\/www.zmc.it\/fr\/"},{"@type":"ListItem","position":2,"name":"Cha\u00eenes sp\u00e9ciales","item":"https:\/\/www.zmc.it\/fr\/chaines-speciales\/"},{"@type":"ListItem","position":3,"name":"Industrie de la cr\u00e8me glac\u00e9e"}]},{"@type":"WebSite","@id":"https:\/\/www.zmc.it\/#website","url":"https:\/\/www.zmc.it\/","name":"ZMC Italia","description":"","publisher":{"@id":"https:\/\/www.zmc.it\/#organization"},"potentialAction":[{"@type":"SearchAction","target":{"@type":"EntryPoint","urlTemplate":"https:\/\/www.zmc.it\/?s={search_term_string}"},"query-input":{"@type":"PropertyValueSpecification","valueRequired":true,"valueName":"search_term_string"}}],"inLanguage":"fr-FR"},{"@type":"Organization","@id":"https:\/\/www.zmc.it\/#organization","name":"ZMC Italy","url":"https:\/\/www.zmc.it\/","logo":{"@type":"ImageObject","inLanguage":"fr-FR","@id":"https:\/\/www.zmc.it\/#\/schema\/logo\/image\/","url":"https:\/\/www.zmc.it\/wp-content\/uploads\/zmc-logo.png","contentUrl":"https:\/\/www.zmc.it\/wp-content\/uploads\/zmc-logo.png","width":150,"height":75,"caption":"ZMC Italy"},"image":{"@id":"https:\/\/www.zmc.it\/#\/schema\/logo\/image\/"},"sameAs":["https:\/\/www.linkedin.com\/company\/z.m.c.-italia-s.r.l.\/about\/"]}]}},"_links":{"self":[{"href":"https:\/\/www.zmc.it\/fr\/wp-json\/wp\/v2\/pages\/3478","targetHints":{"allow":["GET"]}}],"collection":[{"href":"https:\/\/www.zmc.it\/fr\/wp-json\/wp\/v2\/pages"}],"about":[{"href":"https:\/\/www.zmc.it\/fr\/wp-json\/wp\/v2\/types\/page"}],"author":[{"embeddable":true,"href":"https:\/\/www.zmc.it\/fr\/wp-json\/wp\/v2\/users\/1"}],"replies":[{"embeddable":true,"href":"https:\/\/www.zmc.it\/fr\/wp-json\/wp\/v2\/comments?post=3478"}],"version-history":[{"count":0,"href":"https:\/\/www.zmc.it\/fr\/wp-json\/wp\/v2\/pages\/3478\/revisions"}],"up":[{"embeddable":true,"href":"https:\/\/www.zmc.it\/fr\/wp-json\/wp\/v2\/pages\/3520"}],"wp:attachment":[{"href":"https:\/\/www.zmc.it\/fr\/wp-json\/wp\/v2\/media?parent=3478"}],"curies":[{"name":"wp","href":"https:\/\/api.w.org\/{rel}","templated":true}]}}