{"id":3476,"date":"2018-09-23T11:49:57","date_gmt":"2018-09-23T11:49:57","guid":{"rendered":"https:\/\/www.zmc.it\/cement-industry\/"},"modified":"2018-12-17T23:56:49","modified_gmt":"2018-12-17T23:56:49","slug":"industrie-du-ciment","status":"publish","type":"page","link":"https:\/\/www.zmc.it\/fr\/chaines-speciales\/industrie-du-ciment\/","title":{"rendered":"Industrie du ciment"},"content":{"rendered":"<p>Industrie du ciment<\/p>\n<p>T\u00e9l\u00e9charger catalogue<\/p>\n<p>Scarica la sezione Industria\u00a0del cemento<\/p>\n<p>Depuis plus de vingt ans, ZMC fournit des cha\u00eenes pour l&rsquo;industrie du ciment aux principaux constructeurs d&rsquo;installations et \u00e0 de nombreux utilisateurs.<br \/>\nLes principales applications sont celles li\u00e9es au stockage et \u00e0 la r\u00e9cup\u00e9ration de la mati\u00e8re premi\u00e8re, c&rsquo;est-\u00e0-dire aux installations appel\u00e9es empileur et r\u00e9cup\u00e9rateur, auxquelles s&rsquo;ajoutent des utilisations \u00e0 d&rsquo;autres \u00e9tapes du transport du produit \u00e0 l&rsquo;aide d\u2019\u00e9l\u00e9vateur \u00e0 godets.<br \/>\nCes cha\u00eenes sont soumises \u00e0 de fortes charges, impacts et vibrations; elles travaillent \u00e0 l&rsquo;ext\u00e9rieur, expos\u00e9s \u00e0 des agents atmosph\u00e9riques et, dans certains cas, \u00e0 des temp\u00e9ratures tr\u00e8s basses, toujours en pr\u00e9sence de poussi\u00e8res et d&rsquo;autres \u00e9l\u00e9ments tr\u00e8s abrasifs. Tout cela mets \u00e0 rude \u00e9preuve les caract\u00e9ristiques m\u00e9caniques, d&rsquo;usure et de fatigue de chaque composant. Le dimensionnement, le choix des mat\u00e9riaux et la construction soign\u00e9e sont des conditions indispensables pour assurer la durabilit\u00e9 et la fiabilit\u00e9 dans les conditions extr\u00eames typiques de ce secteur.<br \/>\nDans cette gamme, on trouve des mod\u00e8les de cha\u00eenes avec des attaques de types vari\u00e9s auxquels sont fix\u00e9s en fonctionnement les diff\u00e9rents types de lames, de godets ou de lattes n\u00e9cessaires au travail de d\u00e9placement de la mati\u00e8re premi\u00e8re. Dans certains cas, les liaisons sont renforc\u00e9es par des renforts soud\u00e9s sp\u00e9ciaux ou m\u00eame constitu\u00e9es de blocs pleins usin\u00e9s \u00e0 la machine-outil.<\/p>\n<p><!-- {\"name\":\"\",\"type\":\"layout\",\"children\":[{\"name\":\"BREAD\",\"type\":\"section\",\"props\":{\"style\":\"default\",\"width\":\"default\",\"vertical_align\":\"middle\",\"title_position\":\"top-left\",\"title_rotation\":\"left\",\"title_breakpoint\":\"xl\",\"image_position\":\"center-center\",\"padding\":\"xsmall\",\"padding_remove_bottom\":true},\"children\":[{\"name\":\"\",\"type\":\"row\",\"props\":{\"fixed_width\":\"large\",\"breakpoint\":\"m\",\"layout\":\"1-1\"},\"children\":[{\"name\":\"\",\"type\":\"column\",\"props\":{\"widths\":[\"1-1\"],\"image_position\":\"center-center\"},\"children\":[{\"name\":\"\",\"type\":\"headline\",\"props\":{\"title_element\":\"h1\",\"content\":\"Industrie du ciment\",\"title_style\":\"\",\"title_decoration\":\"\",\"title_color\":\"\",\"text_align\":\"\",\"text_align_breakpoint\":\"\",\"text_align_fallback\":\"\",\"maxwidth\":\"\",\"maxwidth_align\":\"\",\"maxwidth_breakpoint\":\"\",\"margin\":\"\",\"animation\":\"\",\"visibility\":\"\"}}]}]}]},{\"name\":\"contenuto speciali\",\"type\":\"section\",\"props\":{\"style\":\"default\",\"width\":\"default\",\"vertical_align\":\"middle\",\"title_position\":\"top-left\",\"title_rotation\":\"left\",\"title_breakpoint\":\"xl\",\"image_position\":\"center-center\",\"padding_remove_top\":false,\"padding\":\"xsmall\",\"padding_remove_bottom\":true},\"children\":[{\"name\":\"\",\"type\":\"row\",\"props\":{\"fixed_width\":\"large\",\"breakpoint\":\"m\",\"layout\":\"2-3,\"},\"children\":[{\"name\":\"\",\"type\":\"column\",\"props\":{\"widths\":[\"2-3\"],\"image_position\":\"center-center\"},\"children\":[{\"name\":\"slideshow catene speciali\",\"type\":\"slideshow\",\"props\":{\"show_title\":false,\"show_meta\":false,\"show_content\":true,\"show_link\":false,\"show_thumbnail\":false,\"slideshow_min_height\":300,\"slideshow_autoplay_pause\":true,\"nav\":\"dotnav\",\"nav_position\":\"bottom-center\",\"nav_position_margin\":\"medium\",\"nav_align\":\"center\",\"nav_breakpoint\":\"s\",\"thumbnav_width\":\"100\",\"thumbnav_height\":\"75\",\"slidenav\":\"default\",\"slidenav_margin\":\"\",\"slidenav_breakpoint\":\"s\",\"slidenav_outside_breakpoint\":\"xl\",\"overlay_position\":\"bottom\",\"overlay_animation\":\"parallax\",\"title_element\":\"h3\",\"meta_style\":\"meta\",\"meta_align\":\"bottom\",\"link_text\":\"Read more\",\"link_style\":\"default\",\"margin\":\"remove-vertical\",\"slideshow_autoplay\":true,\"overlay_container\":\"default\",\"overlay_container_padding\":\"small\",\"overlay_style\":\"overlay-default\",\"overlay_width\":\"xlarge\",\"text_align\":\"center\",\"maxwidth\":\"xxlarge\",\"class\":\"testo-slide\",\"overlay_padding\":\"small\",\"nav_below\":true,\"nav_margin\":\"small\",\"slidenav_hover\":true,\"content_style\":\"\"},\"children\":[{\"name\":\"\",\"type\":\"slideshow_item\",\"props\":{\"image\":\"wp-content\\\/uploads\\\/cemento-01.jpg\"}},{\"name\":\"\",\"type\":\"slideshow_item\",\"props\":{\"image\":\"wp-content\\\/uploads\\\/cemento-02.jpg\"}},{\"name\":\"\",\"type\":\"slideshow_item\",\"props\":{\"image\":\"wp-content\\\/uploads\\\/cemento-03.jpg\"}},{\"name\":\"\",\"type\":\"slideshow_item\",\"props\":{\"image\":\"wp-content\\\/uploads\\\/cemento-04.jpg\"}},{\"name\":\"\",\"type\":\"slideshow_item\",\"props\":{\"image\":\"wp-content\\\/uploads\\\/cemento-05.jpg\"}},{\"name\":\"\",\"type\":\"slideshow_item\",\"props\":{\"image\":\"wp-content\\\/uploads\\\/cemento-06.jpg\"}},{\"name\":\"\",\"type\":\"slideshow_item\",\"props\":{\"image\":\"wp-content\\\/uploads\\\/cemento-07.jpg\"}},{\"name\":\"\",\"type\":\"slideshow_item\",\"props\":{\"image\":\"wp-content\\\/uploads\\\/cemento-08.jpg\"}},{\"name\":\"\",\"type\":\"slideshow_item\",\"props\":{\"image\":\"wp-content\\\/uploads\\\/cemento-09.jpg\"}},{\"name\":\"\",\"type\":\"slideshow_item\",\"props\":{\"image\":\"wp-content\\\/uploads\\\/cemento-10.jpg\"}},{\"name\":\"\",\"type\":\"slideshow_item\",\"props\":{\"image\":\"wp-content\\\/uploads\\\/cemento-11.jpg\"}},{\"name\":\"\",\"type\":\"slideshow_item\",\"props\":{\"image\":\"wp-content\\\/uploads\\\/cemento-12.jpg\"}}]}]},{\"name\":\"\",\"type\":\"column\",\"props\":{\"widths\":[\"\"],\"image_position\":\"center-center\"},\"children\":[{\"name\":\"00download-cat-fra\",\"type\":\"button\",\"props\":{\"gutter\":\"small\",\"margin\":\"default\",\"maxwidth\":\"xxlarge\",\"button_size\":\"large\",\"fullwidth\":true,\"text_align\":\"\",\"text_align_breakpoint\":\"\",\"text_align_fallback\":\"\",\"maxwidth_align\":\"\",\"maxwidth_breakpoint\":\"\",\"animation\":\"\",\"visibility\":\"\"},\"children\":[{\"name\":\"\",\"type\":\"button_item\",\"props\":{\"button_style\":\"primary\",\"icon_align\":\"left\",\"icon\":\"download\",\"link_title\":\"\",\"content\":\"T\\u00e9l\\u00e9charger catalogue\",\"link\":\"wp-content\\\/uploads\\\/ZMC-Cat-Francais.pdf\",\"link_target\":\"blank\"}}]},{\"name\":\"\",\"type\":\"button\",\"props\":{\"gutter\":\"small\",\"margin\":\"default\",\"maxwidth\":\"xxlarge\",\"button_size\":\"large\",\"fullwidth\":true,\"class\":\"nascondi\"},\"children\":[{\"name\":\"\",\"type\":\"button_item\",\"props\":{\"button_style\":\"primary\",\"icon_align\":\"left\",\"icon\":\"download\",\"link_title\":\"\",\"content\":\"Scarica la sezione Industria\\u00a0del cemento\",\"link\":\"\",\"link_target\":\"blank\"}}]}]}]},{\"name\":\"\",\"type\":\"row\",\"props\":{\"fixed_width\":\"large\",\"breakpoint\":\"m\",\"layout\":\"1-1\"},\"children\":[{\"name\":\"\",\"type\":\"column\",\"props\":{\"widths\":[\"1-1\"],\"image_position\":\"center-center\"},\"children\":[{\"name\":\"\",\"type\":\"text\",\"props\":{\"margin\":\"default\",\"column_breakpoint\":\"m\",\"content\":\"\n\n<p>Depuis plus de vingt ans, ZMC fournit des cha\\u00eenes pour l'industrie du ciment aux principaux constructeurs d'installations et \\u00e0 de nombreux utilisateurs.<\\\/p>\\n\n\n<p>Les principales applications sont celles li\\u00e9es au stockage et \\u00e0 la r\\u00e9cup\\u00e9ration de la mati\\u00e8re premi\\u00e8re, c'est-\\u00e0-dire aux installations appel\\u00e9es empileur et r\\u00e9cup\\u00e9rateur, auxquelles s'ajoutent des utilisations \\u00e0 d'autres \\u00e9tapes du transport du produit \\u00e0 l'aide d\\u2019\\u00e9l\\u00e9vateur \\u00e0 godets.<\\\/p>\\n\n\n<p>Ces cha\\u00eenes sont soumises \\u00e0 de fortes charges, impacts et vibrations; elles travaillent \\u00e0 l'ext\\u00e9rieur, expos\\u00e9s \\u00e0 des agents atmosph\\u00e9riques et, dans certains cas, \\u00e0 des temp\\u00e9ratures tr\\u00e8s basses, toujours en pr\\u00e9sence de poussi\\u00e8res et d'autres \\u00e9l\\u00e9ments tr\\u00e8s abrasifs. Tout cela mets \\u00e0 rude \\u00e9preuve les caract\\u00e9ristiques m\\u00e9caniques, d'usure et de fatigue de chaque composant. Le dimensionnement, le choix des mat\\u00e9riaux et la construction soign\\u00e9e sont des conditions indispensables pour assurer la durabilit\\u00e9 et la fiabilit\\u00e9 dans les conditions extr\\u00eames typiques de ce secteur.<\\\/p>\\n\n\n<p>Dans cette gamme, on trouve des mod\\u00e8les de cha\\u00eenes avec des attaques de types vari\\u00e9s auxquels sont fix\\u00e9s en fonctionnement les diff\\u00e9rents types de lames, de godets ou de lattes n\\u00e9cessaires au travail de d\\u00e9placement de la mati\\u00e8re premi\\u00e8re. Dans certains cas, les liaisons sont renforc\\u00e9es par des renforts soud\\u00e9s sp\\u00e9ciaux ou m\\u00eame constitu\\u00e9es de blocs pleins usin\\u00e9s \\u00e0 la machine-outil.<\\\/p>\",\"text_style\":\"\",\"text_color\":\"\",\"text_size\":\"\",\"column\":\"\",\"text_align\":\"\",\"text_align_breakpoint\":\"\",\"text_align_fallback\":\"\",\"maxwidth\":\"\",\"maxwidth_align\":\"\",\"maxwidth_breakpoint\":\"\",\"animation\":\"\",\"visibility\":\"\"}}]}]}]}]} --><\/p>\n","protected":false},"excerpt":{"rendered":"<p>Industrie du ciment T\u00e9l\u00e9charger catalogue Scarica la sezione Industria\u00a0del cemento Depuis plus de vingt ans, ZMC fournit des cha\u00eenes pour l&rsquo;industrie du ciment aux principaux constructeurs d&rsquo;installations et \u00e0 de nombreux utilisateurs. Les principales applications sont celles li\u00e9es au stockage et \u00e0 la r\u00e9cup\u00e9ration de la mati\u00e8re premi\u00e8re, c&rsquo;est-\u00e0-dire aux installations appel\u00e9es empileur et r\u00e9cup\u00e9rateur, [&hellip;]<\/p>\n","protected":false},"author":1,"featured_media":0,"parent":3520,"menu_order":0,"comment_status":"closed","ping_status":"closed","template":"","meta":{"footnotes":""},"class_list":["post-3476","page","type-page","status-publish","hentry"],"yoast_head":"<!-- This site is optimized with the Yoast SEO plugin v27.2 - https:\/\/yoast.com\/product\/yoast-seo-wordpress\/ -->\n<title>Industrie du ciment - ZMC Italia<\/title>\n<meta name=\"robots\" content=\"index, follow, max-snippet:-1, max-image-preview:large, max-video-preview:-1\" \/>\n<link rel=\"canonical\" href=\"https:\/\/www.zmc.it\/fr\/chaines-speciales\/industrie-du-ciment\/\" \/>\n<meta property=\"og:locale\" content=\"fr_FR\" \/>\n<meta property=\"og:type\" content=\"article\" \/>\n<meta property=\"og:title\" content=\"Industrie du ciment - ZMC Italia\" \/>\n<meta property=\"og:description\" content=\"Industrie du ciment T\u00e9l\u00e9charger catalogue Scarica la sezione Industria\u00a0del cemento Depuis plus de vingt ans, ZMC fournit des cha\u00eenes pour l&rsquo;industrie du ciment aux principaux constructeurs d&rsquo;installations et \u00e0 de nombreux utilisateurs. Les principales applications sont celles li\u00e9es au stockage et \u00e0 la r\u00e9cup\u00e9ration de la mati\u00e8re premi\u00e8re, c&rsquo;est-\u00e0-dire aux installations appel\u00e9es empileur et r\u00e9cup\u00e9rateur, [&hellip;]\" \/>\n<meta property=\"og:url\" content=\"https:\/\/www.zmc.it\/fr\/chaines-speciales\/industrie-du-ciment\/\" \/>\n<meta property=\"og:site_name\" content=\"ZMC Italia\" \/>\n<meta property=\"article:modified_time\" content=\"2018-12-17T23:56:49+00:00\" \/>\n<meta property=\"og:image\" content=\"https:\/\/www.zmc.it\/wp-content\/uploads\/FOTO-SLIDER-2.jpg\" \/>\n\t<meta property=\"og:image:width\" content=\"1600\" \/>\n\t<meta property=\"og:image:height\" content=\"500\" \/>\n\t<meta property=\"og:image:type\" content=\"image\/jpeg\" \/>\n<meta name=\"twitter:card\" content=\"summary_large_image\" \/>\n<meta name=\"twitter:label1\" content=\"Dur\u00e9e de lecture estim\u00e9e\" \/>\n\t<meta name=\"twitter:data1\" content=\"1 minute\" \/>\n<script type=\"application\/ld+json\" class=\"yoast-schema-graph\">{\"@context\":\"https:\/\/schema.org\",\"@graph\":[{\"@type\":\"WebPage\",\"@id\":\"https:\/\/www.zmc.it\/fr\/chaines-speciales\/industrie-du-ciment\/\",\"url\":\"https:\/\/www.zmc.it\/fr\/chaines-speciales\/industrie-du-ciment\/\",\"name\":\"Industrie du ciment - ZMC Italia\",\"isPartOf\":{\"@id\":\"https:\/\/www.zmc.it\/#website\"},\"datePublished\":\"2018-09-23T11:49:57+00:00\",\"dateModified\":\"2018-12-17T23:56:49+00:00\",\"breadcrumb\":{\"@id\":\"https:\/\/www.zmc.it\/fr\/chaines-speciales\/industrie-du-ciment\/#breadcrumb\"},\"inLanguage\":\"fr-FR\",\"potentialAction\":[{\"@type\":\"ReadAction\",\"target\":[\"https:\/\/www.zmc.it\/fr\/chaines-speciales\/industrie-du-ciment\/\"]}]},{\"@type\":\"BreadcrumbList\",\"@id\":\"https:\/\/www.zmc.it\/fr\/chaines-speciales\/industrie-du-ciment\/#breadcrumb\",\"itemListElement\":[{\"@type\":\"ListItem\",\"position\":1,\"name\":\"Home\",\"item\":\"https:\/\/www.zmc.it\/fr\/\"},{\"@type\":\"ListItem\",\"position\":2,\"name\":\"Cha\u00eenes sp\u00e9ciales\",\"item\":\"https:\/\/www.zmc.it\/fr\/chaines-speciales\/\"},{\"@type\":\"ListItem\",\"position\":3,\"name\":\"Industrie du ciment\"}]},{\"@type\":\"WebSite\",\"@id\":\"https:\/\/www.zmc.it\/#website\",\"url\":\"https:\/\/www.zmc.it\/\",\"name\":\"ZMC Italia\",\"description\":\"\",\"publisher\":{\"@id\":\"https:\/\/www.zmc.it\/#organization\"},\"potentialAction\":[{\"@type\":\"SearchAction\",\"target\":{\"@type\":\"EntryPoint\",\"urlTemplate\":\"https:\/\/www.zmc.it\/?s={search_term_string}\"},\"query-input\":{\"@type\":\"PropertyValueSpecification\",\"valueRequired\":true,\"valueName\":\"search_term_string\"}}],\"inLanguage\":\"fr-FR\"},{\"@type\":\"Organization\",\"@id\":\"https:\/\/www.zmc.it\/#organization\",\"name\":\"ZMC Italy\",\"url\":\"https:\/\/www.zmc.it\/\",\"logo\":{\"@type\":\"ImageObject\",\"inLanguage\":\"fr-FR\",\"@id\":\"https:\/\/www.zmc.it\/#\/schema\/logo\/image\/\",\"url\":\"https:\/\/www.zmc.it\/wp-content\/uploads\/zmc-logo.png\",\"contentUrl\":\"https:\/\/www.zmc.it\/wp-content\/uploads\/zmc-logo.png\",\"width\":150,\"height\":75,\"caption\":\"ZMC Italy\"},\"image\":{\"@id\":\"https:\/\/www.zmc.it\/#\/schema\/logo\/image\/\"},\"sameAs\":[\"https:\/\/www.linkedin.com\/company\/z.m.c.-italia-s.r.l.\/about\/\"]}]}<\/script>\n<!-- \/ Yoast SEO plugin. -->","yoast_head_json":{"title":"Industrie du ciment - ZMC Italia","robots":{"index":"index","follow":"follow","max-snippet":"max-snippet:-1","max-image-preview":"max-image-preview:large","max-video-preview":"max-video-preview:-1"},"canonical":"https:\/\/www.zmc.it\/fr\/chaines-speciales\/industrie-du-ciment\/","og_locale":"fr_FR","og_type":"article","og_title":"Industrie du ciment - ZMC Italia","og_description":"Industrie du ciment T\u00e9l\u00e9charger catalogue Scarica la sezione Industria\u00a0del cemento Depuis plus de vingt ans, ZMC fournit des cha\u00eenes pour l&rsquo;industrie du ciment aux principaux constructeurs d&rsquo;installations et \u00e0 de nombreux utilisateurs. Les principales applications sont celles li\u00e9es au stockage et \u00e0 la r\u00e9cup\u00e9ration de la mati\u00e8re premi\u00e8re, c&rsquo;est-\u00e0-dire aux installations appel\u00e9es empileur et r\u00e9cup\u00e9rateur, [&hellip;]","og_url":"https:\/\/www.zmc.it\/fr\/chaines-speciales\/industrie-du-ciment\/","og_site_name":"ZMC Italia","article_modified_time":"2018-12-17T23:56:49+00:00","og_image":[{"width":1600,"height":500,"url":"https:\/\/www.zmc.it\/wp-content\/uploads\/FOTO-SLIDER-2.jpg","type":"image\/jpeg"}],"twitter_card":"summary_large_image","twitter_misc":{"Dur\u00e9e de lecture estim\u00e9e":"1 minute"},"schema":{"@context":"https:\/\/schema.org","@graph":[{"@type":"WebPage","@id":"https:\/\/www.zmc.it\/fr\/chaines-speciales\/industrie-du-ciment\/","url":"https:\/\/www.zmc.it\/fr\/chaines-speciales\/industrie-du-ciment\/","name":"Industrie du ciment - ZMC Italia","isPartOf":{"@id":"https:\/\/www.zmc.it\/#website"},"datePublished":"2018-09-23T11:49:57+00:00","dateModified":"2018-12-17T23:56:49+00:00","breadcrumb":{"@id":"https:\/\/www.zmc.it\/fr\/chaines-speciales\/industrie-du-ciment\/#breadcrumb"},"inLanguage":"fr-FR","potentialAction":[{"@type":"ReadAction","target":["https:\/\/www.zmc.it\/fr\/chaines-speciales\/industrie-du-ciment\/"]}]},{"@type":"BreadcrumbList","@id":"https:\/\/www.zmc.it\/fr\/chaines-speciales\/industrie-du-ciment\/#breadcrumb","itemListElement":[{"@type":"ListItem","position":1,"name":"Home","item":"https:\/\/www.zmc.it\/fr\/"},{"@type":"ListItem","position":2,"name":"Cha\u00eenes sp\u00e9ciales","item":"https:\/\/www.zmc.it\/fr\/chaines-speciales\/"},{"@type":"ListItem","position":3,"name":"Industrie du ciment"}]},{"@type":"WebSite","@id":"https:\/\/www.zmc.it\/#website","url":"https:\/\/www.zmc.it\/","name":"ZMC Italia","description":"","publisher":{"@id":"https:\/\/www.zmc.it\/#organization"},"potentialAction":[{"@type":"SearchAction","target":{"@type":"EntryPoint","urlTemplate":"https:\/\/www.zmc.it\/?s={search_term_string}"},"query-input":{"@type":"PropertyValueSpecification","valueRequired":true,"valueName":"search_term_string"}}],"inLanguage":"fr-FR"},{"@type":"Organization","@id":"https:\/\/www.zmc.it\/#organization","name":"ZMC Italy","url":"https:\/\/www.zmc.it\/","logo":{"@type":"ImageObject","inLanguage":"fr-FR","@id":"https:\/\/www.zmc.it\/#\/schema\/logo\/image\/","url":"https:\/\/www.zmc.it\/wp-content\/uploads\/zmc-logo.png","contentUrl":"https:\/\/www.zmc.it\/wp-content\/uploads\/zmc-logo.png","width":150,"height":75,"caption":"ZMC Italy"},"image":{"@id":"https:\/\/www.zmc.it\/#\/schema\/logo\/image\/"},"sameAs":["https:\/\/www.linkedin.com\/company\/z.m.c.-italia-s.r.l.\/about\/"]}]}},"_links":{"self":[{"href":"https:\/\/www.zmc.it\/fr\/wp-json\/wp\/v2\/pages\/3476","targetHints":{"allow":["GET"]}}],"collection":[{"href":"https:\/\/www.zmc.it\/fr\/wp-json\/wp\/v2\/pages"}],"about":[{"href":"https:\/\/www.zmc.it\/fr\/wp-json\/wp\/v2\/types\/page"}],"author":[{"embeddable":true,"href":"https:\/\/www.zmc.it\/fr\/wp-json\/wp\/v2\/users\/1"}],"replies":[{"embeddable":true,"href":"https:\/\/www.zmc.it\/fr\/wp-json\/wp\/v2\/comments?post=3476"}],"version-history":[{"count":0,"href":"https:\/\/www.zmc.it\/fr\/wp-json\/wp\/v2\/pages\/3476\/revisions"}],"up":[{"embeddable":true,"href":"https:\/\/www.zmc.it\/fr\/wp-json\/wp\/v2\/pages\/3520"}],"wp:attachment":[{"href":"https:\/\/www.zmc.it\/fr\/wp-json\/wp\/v2\/media?parent=3476"}],"curies":[{"name":"wp","href":"https:\/\/api.w.org\/{rel}","templated":true}]}}