{"id":3469,"date":"2018-09-23T14:48:10","date_gmt":"2018-09-23T14:48:10","guid":{"rendered":"https:\/\/www.zmc.it\/iron-and-steel-industry\/"},"modified":"2018-12-18T00:07:36","modified_gmt":"2018-12-18T00:07:36","slug":"industrie-de-la-siderurgie","status":"publish","type":"page","link":"https:\/\/www.zmc.it\/fr\/chaines-speciales\/industrie-de-la-siderurgie\/","title":{"rendered":"Industrie de la sid\u00e9rurgie"},"content":{"rendered":"<p>Industrie de la sid\u00e9rurgie<\/p>\n<p>T\u00e9l\u00e9charger catalogue<\/p>\n<p>Scarica la sezione Industria\u00a0del cemento<\/p>\n<p>Dans l&rsquo;industrie du fer et de l&rsquo;acier,et plus g\u00e9n\u00e9ralement, dans la m\u00e9tallurgie, l&rsquo;utilisation de cha\u00eenes de transport pour manipuler le produit, par exemple, pendant la phase de refroidissement, est tr\u00e8s r\u00e9pandue. Qu&rsquo;il s&rsquo;agisse de tubes, de barres, de bobines ou de lingoti\u00e8res pour la coul\u00e9e des m\u00e9taux, les solutions sont nombreuses pour atteindre l&rsquo;objectif fix\u00e9.<br \/>\nLa production de ZMC dans ce secteur comprend des cha\u00eenes sp\u00e9ciales avec poussoirs et d&rsquo;autres avec syst\u00e8mes de berceau obtenus de diff\u00e9rentes mani\u00e8res, ainsi que d&rsquo;autres solutions plus standardis\u00e9es, g\u00e9n\u00e9ralement celles avec accessoires, qui peuvent \u00eatre personnalis\u00e9es en fonction des besoins du client.<br \/>\nLes cha\u00eenes pour les installations d&rsquo;extrusion font \u00e9galement partie de la gamme de production de ZMC.<\/p>\n<p><!-- {\"name\":\"\",\"type\":\"layout\",\"children\":[{\"name\":\"BREAD\",\"type\":\"section\",\"props\":{\"style\":\"default\",\"width\":\"default\",\"vertical_align\":\"middle\",\"title_position\":\"top-left\",\"title_rotation\":\"left\",\"title_breakpoint\":\"xl\",\"image_position\":\"center-center\",\"padding\":\"xsmall\",\"padding_remove_bottom\":true},\"children\":[{\"name\":\"\",\"type\":\"row\",\"props\":{\"fixed_width\":\"large\",\"breakpoint\":\"m\",\"layout\":\"1-1\"},\"children\":[{\"name\":\"\",\"type\":\"column\",\"props\":{\"widths\":[\"1-1\"],\"image_position\":\"center-center\"},\"children\":[{\"name\":\"\",\"type\":\"headline\",\"props\":{\"title_element\":\"h1\",\"content\":\"Industrie de la sid\\u00e9rurgie\",\"title_style\":\"\",\"title_decoration\":\"\",\"title_color\":\"\",\"text_align\":\"\",\"text_align_breakpoint\":\"\",\"text_align_fallback\":\"\",\"maxwidth\":\"\",\"maxwidth_align\":\"\",\"maxwidth_breakpoint\":\"\",\"margin\":\"\",\"animation\":\"\",\"visibility\":\"\"}}]}]}]},{\"name\":\"contenuto speciali\",\"type\":\"section\",\"props\":{\"style\":\"default\",\"width\":\"default\",\"vertical_align\":\"middle\",\"title_position\":\"top-left\",\"title_rotation\":\"left\",\"title_breakpoint\":\"xl\",\"image_position\":\"center-center\",\"padding_remove_top\":false,\"padding\":\"xsmall\",\"padding_remove_bottom\":true},\"children\":[{\"name\":\"\",\"type\":\"row\",\"props\":{\"fixed_width\":\"large\",\"breakpoint\":\"m\",\"layout\":\"2-3,\"},\"children\":[{\"name\":\"\",\"type\":\"column\",\"props\":{\"widths\":[\"2-3\"],\"image_position\":\"center-center\"},\"children\":[{\"name\":\"slideshow catene speciali\",\"type\":\"slideshow\",\"props\":{\"show_title\":false,\"show_meta\":false,\"show_content\":true,\"show_link\":false,\"show_thumbnail\":false,\"slideshow_min_height\":300,\"slideshow_autoplay_pause\":true,\"nav\":\"dotnav\",\"nav_position\":\"bottom-center\",\"nav_position_margin\":\"medium\",\"nav_align\":\"center\",\"nav_breakpoint\":\"s\",\"thumbnav_width\":\"100\",\"thumbnav_height\":\"75\",\"slidenav\":\"default\",\"slidenav_margin\":\"\",\"slidenav_breakpoint\":\"s\",\"slidenav_outside_breakpoint\":\"xl\",\"overlay_position\":\"bottom\",\"overlay_animation\":\"parallax\",\"title_element\":\"h3\",\"meta_style\":\"meta\",\"meta_align\":\"bottom\",\"link_text\":\"Read more\",\"link_style\":\"default\",\"margin\":\"remove-vertical\",\"slideshow_autoplay\":true,\"overlay_container\":\"default\",\"overlay_container_padding\":\"small\",\"overlay_style\":\"overlay-default\",\"overlay_width\":\"xlarge\",\"text_align\":\"center\",\"maxwidth\":\"xxlarge\",\"class\":\"testo-slide\",\"overlay_padding\":\"small\",\"nav_below\":true,\"nav_margin\":\"small\",\"slidenav_hover\":true,\"content_style\":\"\"},\"children\":[{\"name\":\"\",\"type\":\"slideshow_item\",\"props\":{\"image\":\"wp-content\\\/uploads\\\/siderurgica-01.jpg\"}},{\"name\":\"\",\"type\":\"slideshow_item\",\"props\":{\"image\":\"wp-content\\\/uploads\\\/siderurgica-02.jpg\"}},{\"name\":\"\",\"type\":\"slideshow_item\",\"props\":{\"image\":\"wp-content\\\/uploads\\\/siderurgica-03.jpg\"}},{\"name\":\"\",\"type\":\"slideshow_item\",\"props\":{\"image\":\"wp-content\\\/uploads\\\/siderurgica-04.jpg\"}},{\"name\":\"\",\"type\":\"slideshow_item\",\"props\":{\"image\":\"wp-content\\\/uploads\\\/siderurgica-05.jpg\"}},{\"name\":\"\",\"type\":\"slideshow_item\",\"props\":{\"image\":\"wp-content\\\/uploads\\\/siderurgica-06.jpg\"}},{\"name\":\"\",\"type\":\"slideshow_item\",\"props\":{\"image\":\"wp-content\\\/uploads\\\/siderurgica-07.jpg\"}}]}]},{\"name\":\"\",\"type\":\"column\",\"props\":{\"widths\":[\"\"],\"image_position\":\"center-center\"},\"children\":[{\"name\":\"00download-cat-fra\",\"type\":\"button\",\"props\":{\"gutter\":\"small\",\"margin\":\"default\",\"maxwidth\":\"xxlarge\",\"button_size\":\"large\",\"fullwidth\":true,\"text_align\":\"\",\"text_align_breakpoint\":\"\",\"text_align_fallback\":\"\",\"maxwidth_align\":\"\",\"maxwidth_breakpoint\":\"\",\"animation\":\"\",\"visibility\":\"\"},\"children\":[{\"name\":\"\",\"type\":\"button_item\",\"props\":{\"button_style\":\"primary\",\"icon_align\":\"left\",\"icon\":\"download\",\"link_title\":\"\",\"content\":\"T\\u00e9l\\u00e9charger catalogue\",\"link\":\"wp-content\\\/uploads\\\/ZMC-Cat-Francais.pdf\",\"link_target\":\"blank\"}}]},{\"name\":\"\",\"type\":\"button\",\"props\":{\"gutter\":\"small\",\"margin\":\"default\",\"maxwidth\":\"xxlarge\",\"button_size\":\"large\",\"fullwidth\":true,\"class\":\"nascondi\"},\"children\":[{\"name\":\"\",\"type\":\"button_item\",\"props\":{\"button_style\":\"primary\",\"icon_align\":\"left\",\"icon\":\"download\",\"link_title\":\"\",\"content\":\"Scarica la sezione Industria\\u00a0del cemento\",\"link\":\"\",\"link_target\":\"blank\"}}]}]}]},{\"name\":\"\",\"type\":\"row\",\"props\":{\"fixed_width\":\"large\",\"breakpoint\":\"m\",\"layout\":\"1-1\"},\"children\":[{\"name\":\"\",\"type\":\"column\",\"props\":{\"widths\":[\"1-1\"],\"image_position\":\"center-center\"},\"children\":[{\"name\":\"\",\"type\":\"text\",\"props\":{\"margin\":\"default\",\"column_breakpoint\":\"m\",\"content\":\"\n\n<p>Dans l'industrie du fer et de l'acier,et plus g\\u00e9n\\u00e9ralement, dans la m\\u00e9tallurgie, l'utilisation de cha\\u00eenes de transport pour manipuler le produit, par exemple, pendant la phase de refroidissement, est tr\\u00e8s r\\u00e9pandue. Qu'il s'agisse de tubes, de barres, de bobines ou de lingoti\\u00e8res pour la coul\\u00e9e des m\\u00e9taux, les solutions sont nombreuses pour atteindre l'objectif fix\\u00e9.<\\\/p>\\n\n\n<p>La production de ZMC dans ce secteur comprend des cha\\u00eenes sp\\u00e9ciales avec poussoirs et d'autres avec syst\\u00e8mes de berceau obtenus de diff\\u00e9rentes mani\\u00e8res, ainsi que d'autres solutions plus standardis\\u00e9es, g\\u00e9n\\u00e9ralement celles avec accessoires, qui peuvent \\u00eatre personnalis\\u00e9es en fonction des besoins du client.<\\\/p>\\n\n\n<p>Les cha\\u00eenes pour les installations d'extrusion font \\u00e9galement partie de la gamme de production de ZMC.<\\\/p>\",\"text_style\":\"\",\"text_color\":\"\",\"text_size\":\"\",\"column\":\"\",\"text_align\":\"\",\"text_align_breakpoint\":\"\",\"text_align_fallback\":\"\",\"maxwidth\":\"\",\"maxwidth_align\":\"\",\"maxwidth_breakpoint\":\"\",\"animation\":\"\",\"visibility\":\"\"}}]}]}]}]} --><\/p>\n","protected":false},"excerpt":{"rendered":"<p>Industrie de la sid\u00e9rurgie T\u00e9l\u00e9charger catalogue Scarica la sezione Industria\u00a0del cemento Dans l&rsquo;industrie du fer et de l&rsquo;acier,et plus g\u00e9n\u00e9ralement, dans la m\u00e9tallurgie, l&rsquo;utilisation de cha\u00eenes de transport pour manipuler le produit, par exemple, pendant la phase de refroidissement, est tr\u00e8s r\u00e9pandue. Qu&rsquo;il s&rsquo;agisse de tubes, de barres, de bobines ou de lingoti\u00e8res pour la [&hellip;]<\/p>\n","protected":false},"author":1,"featured_media":0,"parent":3520,"menu_order":0,"comment_status":"closed","ping_status":"closed","template":"","meta":{"footnotes":""},"class_list":["post-3469","page","type-page","status-publish","hentry"],"yoast_head":"<!-- This site is optimized with the Yoast SEO plugin v27.2 - https:\/\/yoast.com\/product\/yoast-seo-wordpress\/ -->\n<title>Industrie de la sid\u00e9rurgie - ZMC Italia<\/title>\n<meta name=\"robots\" content=\"index, follow, max-snippet:-1, max-image-preview:large, max-video-preview:-1\" \/>\n<link rel=\"canonical\" href=\"https:\/\/www.zmc.it\/fr\/chaines-speciales\/industrie-de-la-siderurgie\/\" \/>\n<meta property=\"og:locale\" content=\"fr_FR\" \/>\n<meta property=\"og:type\" content=\"article\" \/>\n<meta property=\"og:title\" content=\"Industrie de la sid\u00e9rurgie - ZMC Italia\" \/>\n<meta property=\"og:description\" content=\"Industrie de la sid\u00e9rurgie T\u00e9l\u00e9charger catalogue Scarica la sezione Industria\u00a0del cemento Dans l&rsquo;industrie du fer et de l&rsquo;acier,et plus g\u00e9n\u00e9ralement, dans la m\u00e9tallurgie, l&rsquo;utilisation de cha\u00eenes de transport pour manipuler le produit, par exemple, pendant la phase de refroidissement, est tr\u00e8s r\u00e9pandue. Qu&rsquo;il s&rsquo;agisse de tubes, de barres, de bobines ou de lingoti\u00e8res pour la [&hellip;]\" \/>\n<meta property=\"og:url\" content=\"https:\/\/www.zmc.it\/fr\/chaines-speciales\/industrie-de-la-siderurgie\/\" \/>\n<meta property=\"og:site_name\" content=\"ZMC Italia\" \/>\n<meta property=\"article:modified_time\" content=\"2018-12-18T00:07:36+00:00\" \/>\n<meta property=\"og:image\" content=\"https:\/\/www.zmc.it\/wp-content\/uploads\/FOTO-SLIDER-2.jpg\" \/>\n\t<meta property=\"og:image:width\" content=\"1600\" \/>\n\t<meta property=\"og:image:height\" content=\"500\" \/>\n\t<meta property=\"og:image:type\" content=\"image\/jpeg\" \/>\n<meta name=\"twitter:card\" content=\"summary_large_image\" \/>\n<meta name=\"twitter:label1\" content=\"Dur\u00e9e de lecture estim\u00e9e\" \/>\n\t<meta name=\"twitter:data1\" content=\"1 minute\" \/>\n<script type=\"application\/ld+json\" class=\"yoast-schema-graph\">{\"@context\":\"https:\/\/schema.org\",\"@graph\":[{\"@type\":\"WebPage\",\"@id\":\"https:\/\/www.zmc.it\/fr\/chaines-speciales\/industrie-de-la-siderurgie\/\",\"url\":\"https:\/\/www.zmc.it\/fr\/chaines-speciales\/industrie-de-la-siderurgie\/\",\"name\":\"Industrie de la sid\u00e9rurgie - ZMC Italia\",\"isPartOf\":{\"@id\":\"https:\/\/www.zmc.it\/#website\"},\"datePublished\":\"2018-09-23T14:48:10+00:00\",\"dateModified\":\"2018-12-18T00:07:36+00:00\",\"breadcrumb\":{\"@id\":\"https:\/\/www.zmc.it\/fr\/chaines-speciales\/industrie-de-la-siderurgie\/#breadcrumb\"},\"inLanguage\":\"fr-FR\",\"potentialAction\":[{\"@type\":\"ReadAction\",\"target\":[\"https:\/\/www.zmc.it\/fr\/chaines-speciales\/industrie-de-la-siderurgie\/\"]}]},{\"@type\":\"BreadcrumbList\",\"@id\":\"https:\/\/www.zmc.it\/fr\/chaines-speciales\/industrie-de-la-siderurgie\/#breadcrumb\",\"itemListElement\":[{\"@type\":\"ListItem\",\"position\":1,\"name\":\"Home\",\"item\":\"https:\/\/www.zmc.it\/fr\/\"},{\"@type\":\"ListItem\",\"position\":2,\"name\":\"Cha\u00eenes sp\u00e9ciales\",\"item\":\"https:\/\/www.zmc.it\/fr\/chaines-speciales\/\"},{\"@type\":\"ListItem\",\"position\":3,\"name\":\"Industrie de la sid\u00e9rurgie\"}]},{\"@type\":\"WebSite\",\"@id\":\"https:\/\/www.zmc.it\/#website\",\"url\":\"https:\/\/www.zmc.it\/\",\"name\":\"ZMC Italia\",\"description\":\"\",\"publisher\":{\"@id\":\"https:\/\/www.zmc.it\/#organization\"},\"potentialAction\":[{\"@type\":\"SearchAction\",\"target\":{\"@type\":\"EntryPoint\",\"urlTemplate\":\"https:\/\/www.zmc.it\/?s={search_term_string}\"},\"query-input\":{\"@type\":\"PropertyValueSpecification\",\"valueRequired\":true,\"valueName\":\"search_term_string\"}}],\"inLanguage\":\"fr-FR\"},{\"@type\":\"Organization\",\"@id\":\"https:\/\/www.zmc.it\/#organization\",\"name\":\"ZMC Italy\",\"url\":\"https:\/\/www.zmc.it\/\",\"logo\":{\"@type\":\"ImageObject\",\"inLanguage\":\"fr-FR\",\"@id\":\"https:\/\/www.zmc.it\/#\/schema\/logo\/image\/\",\"url\":\"https:\/\/www.zmc.it\/wp-content\/uploads\/zmc-logo.png\",\"contentUrl\":\"https:\/\/www.zmc.it\/wp-content\/uploads\/zmc-logo.png\",\"width\":150,\"height\":75,\"caption\":\"ZMC Italy\"},\"image\":{\"@id\":\"https:\/\/www.zmc.it\/#\/schema\/logo\/image\/\"},\"sameAs\":[\"https:\/\/www.linkedin.com\/company\/z.m.c.-italia-s.r.l.\/about\/\"]}]}<\/script>\n<!-- \/ Yoast SEO plugin. -->","yoast_head_json":{"title":"Industrie de la sid\u00e9rurgie - ZMC Italia","robots":{"index":"index","follow":"follow","max-snippet":"max-snippet:-1","max-image-preview":"max-image-preview:large","max-video-preview":"max-video-preview:-1"},"canonical":"https:\/\/www.zmc.it\/fr\/chaines-speciales\/industrie-de-la-siderurgie\/","og_locale":"fr_FR","og_type":"article","og_title":"Industrie de la sid\u00e9rurgie - ZMC Italia","og_description":"Industrie de la sid\u00e9rurgie T\u00e9l\u00e9charger catalogue Scarica la sezione Industria\u00a0del cemento Dans l&rsquo;industrie du fer et de l&rsquo;acier,et plus g\u00e9n\u00e9ralement, dans la m\u00e9tallurgie, l&rsquo;utilisation de cha\u00eenes de transport pour manipuler le produit, par exemple, pendant la phase de refroidissement, est tr\u00e8s r\u00e9pandue. Qu&rsquo;il s&rsquo;agisse de tubes, de barres, de bobines ou de lingoti\u00e8res pour la [&hellip;]","og_url":"https:\/\/www.zmc.it\/fr\/chaines-speciales\/industrie-de-la-siderurgie\/","og_site_name":"ZMC Italia","article_modified_time":"2018-12-18T00:07:36+00:00","og_image":[{"width":1600,"height":500,"url":"https:\/\/www.zmc.it\/wp-content\/uploads\/FOTO-SLIDER-2.jpg","type":"image\/jpeg"}],"twitter_card":"summary_large_image","twitter_misc":{"Dur\u00e9e de lecture estim\u00e9e":"1 minute"},"schema":{"@context":"https:\/\/schema.org","@graph":[{"@type":"WebPage","@id":"https:\/\/www.zmc.it\/fr\/chaines-speciales\/industrie-de-la-siderurgie\/","url":"https:\/\/www.zmc.it\/fr\/chaines-speciales\/industrie-de-la-siderurgie\/","name":"Industrie de la sid\u00e9rurgie - ZMC Italia","isPartOf":{"@id":"https:\/\/www.zmc.it\/#website"},"datePublished":"2018-09-23T14:48:10+00:00","dateModified":"2018-12-18T00:07:36+00:00","breadcrumb":{"@id":"https:\/\/www.zmc.it\/fr\/chaines-speciales\/industrie-de-la-siderurgie\/#breadcrumb"},"inLanguage":"fr-FR","potentialAction":[{"@type":"ReadAction","target":["https:\/\/www.zmc.it\/fr\/chaines-speciales\/industrie-de-la-siderurgie\/"]}]},{"@type":"BreadcrumbList","@id":"https:\/\/www.zmc.it\/fr\/chaines-speciales\/industrie-de-la-siderurgie\/#breadcrumb","itemListElement":[{"@type":"ListItem","position":1,"name":"Home","item":"https:\/\/www.zmc.it\/fr\/"},{"@type":"ListItem","position":2,"name":"Cha\u00eenes sp\u00e9ciales","item":"https:\/\/www.zmc.it\/fr\/chaines-speciales\/"},{"@type":"ListItem","position":3,"name":"Industrie de la sid\u00e9rurgie"}]},{"@type":"WebSite","@id":"https:\/\/www.zmc.it\/#website","url":"https:\/\/www.zmc.it\/","name":"ZMC Italia","description":"","publisher":{"@id":"https:\/\/www.zmc.it\/#organization"},"potentialAction":[{"@type":"SearchAction","target":{"@type":"EntryPoint","urlTemplate":"https:\/\/www.zmc.it\/?s={search_term_string}"},"query-input":{"@type":"PropertyValueSpecification","valueRequired":true,"valueName":"search_term_string"}}],"inLanguage":"fr-FR"},{"@type":"Organization","@id":"https:\/\/www.zmc.it\/#organization","name":"ZMC Italy","url":"https:\/\/www.zmc.it\/","logo":{"@type":"ImageObject","inLanguage":"fr-FR","@id":"https:\/\/www.zmc.it\/#\/schema\/logo\/image\/","url":"https:\/\/www.zmc.it\/wp-content\/uploads\/zmc-logo.png","contentUrl":"https:\/\/www.zmc.it\/wp-content\/uploads\/zmc-logo.png","width":150,"height":75,"caption":"ZMC Italy"},"image":{"@id":"https:\/\/www.zmc.it\/#\/schema\/logo\/image\/"},"sameAs":["https:\/\/www.linkedin.com\/company\/z.m.c.-italia-s.r.l.\/about\/"]}]}},"_links":{"self":[{"href":"https:\/\/www.zmc.it\/fr\/wp-json\/wp\/v2\/pages\/3469","targetHints":{"allow":["GET"]}}],"collection":[{"href":"https:\/\/www.zmc.it\/fr\/wp-json\/wp\/v2\/pages"}],"about":[{"href":"https:\/\/www.zmc.it\/fr\/wp-json\/wp\/v2\/types\/page"}],"author":[{"embeddable":true,"href":"https:\/\/www.zmc.it\/fr\/wp-json\/wp\/v2\/users\/1"}],"replies":[{"embeddable":true,"href":"https:\/\/www.zmc.it\/fr\/wp-json\/wp\/v2\/comments?post=3469"}],"version-history":[{"count":0,"href":"https:\/\/www.zmc.it\/fr\/wp-json\/wp\/v2\/pages\/3469\/revisions"}],"up":[{"embeddable":true,"href":"https:\/\/www.zmc.it\/fr\/wp-json\/wp\/v2\/pages\/3520"}],"wp:attachment":[{"href":"https:\/\/www.zmc.it\/fr\/wp-json\/wp\/v2\/media?parent=3469"}],"curies":[{"name":"wp","href":"https:\/\/api.w.org\/{rel}","templated":true}]}}