{"id":3465,"date":"2018-10-02T14:02:03","date_gmt":"2018-10-02T14:02:03","guid":{"rendered":"https:\/\/www.zmc.it\/cookies-policy\/"},"modified":"2018-12-16T15:23:05","modified_gmt":"2018-12-16T15:23:05","slug":"politique-de-cookie","status":"publish","type":"page","link":"https:\/\/www.zmc.it\/fr\/politique-de-cookie\/","title":{"rendered":"Politique de cookie"},"content":{"rendered":"<p>Politique de cookie<\/p>\n<p>Cookie<br \/>\nLes cookies sont de petites cha\u00eenes de textes visit\u00e9s par l&rsquo;utilisateur (g\u00e9n\u00e9ralement par le navigateur), o\u00f9 elles sont stock\u00e9es avant d&rsquo;\u00eatre retransmises au m\u00eame utilisateur. Sur le site, l&rsquo;utilisateur peut recevoir sur son terminal, des cookies qui proviennent de sites Web ou de serveurs Web diff\u00e9rents (appel\u00e9s \u00ab\u00a0tiers\u00a0\u00bb), sur lesquels certains \u00e9l\u00e9ments peuvent exister (tels que, par exemple, des images, cartes, sons, liens sp\u00e9cifiques vers des pages de d&rsquo;autres domaines) Les cookies, g\u00e9n\u00e9ralement pr\u00e9sent\u00e9s dans les navigateurs des utilisateurs dans le contexte de grands nombres et parfois avec une persistance \u00e0 long terme, sont utilis\u00e9s \u00e0 des fins diff\u00e9rentes: ex\u00e9cution d&rsquo;authentification, surveillance de sessions, stockage d&rsquo;informations sur des configurations sp\u00e9cifiques d&rsquo;utilisateurs acc\u00e9dant au serveur, etc. \u00c0 cet \u00e9gard, deux macro-cat\u00e9gories sont donc identifi\u00e9es: les cookies \u00ab\u00a0techniques\u00a0\u00bb et les cookies \u00ab\u00a0de profilage\u00a0\u00bb.<br \/>\nCookies techniques<br \/>\nLes cookies techniques sont ceux utilis\u00e9s dans le seul but de \u00ab\u00a0transmettre une communication sur un r\u00e9seau de communications \u00e9lectroniques\u00a0\u00bb, voir ce qui est strictement n\u00e9cessaire pour le fournisseur d&rsquo;un service de la soci\u00e9t\u00e9 de l&rsquo;information explicitement demand\u00e9 par l&rsquo;abonn\u00e9. , paragraphe 1 du code). Ils ne sont pas utilis\u00e9s \u00e0 d&rsquo;autres fins et sont normalement install\u00e9s directement par le propri\u00e9taire ou le responsable du site Web. Ils peuvent \u00eatre divis\u00e9s en cookies de navigation ou de session, qui garantissent la navigation et l&rsquo;utilisation normale du site Web. les cookies d&rsquo;analyse, assimil\u00e9s \u00e0 des cookies techniques lorsqu&rsquo;ils sont utilis\u00e9s pour collecter des informations, sous forme agr\u00e9g\u00e9es, sur le nombre d&rsquo;utilisateurs et la mani\u00e8re dont ils visitent le site, et de crit\u00e8res (par exemple, la langue, les produits s\u00e9lectionn\u00e9s pour l&rsquo;achat)<br \/>\n\u00a0Profilage des cookies<br \/>\nLes cookies de profilage sont con\u00e7us pour cr\u00e9er des profils et pour \u00eatre envoy\u00e9s au public dans le contexte de la navigation sur Internet.<br \/>\nQuels cookies sont utilis\u00e9s par ce site?<br \/>\nCe site utilise diff\u00e9rents types de cookies et de technologies connect\u00e9es, chacun ayant une fonction sp\u00e9cifique. Les utilisateurs peuvent naviguer sur le site m\u00eame sans utiliser de cookies. Les cookies utilis\u00e9s et la fonction associ\u00e9e sont \u00e9num\u00e9r\u00e9s ci-dessous.<br \/>\nCookies de navigation et de session<br \/>\n\u00a0Les cookies de navigation et les cookies de session garantissent la navigation et l&rsquo;utilisation normale du site Web (permettant, par exemple, de visualiser le contenu de l&rsquo;appareil en reconnaissant la langue du pays depuis lequel l&rsquo;utilisateur se connecte ou de faire des achats via le commerce \u00e9lectronique). . Les cookies de navigation sont des cookies techniques et sont n\u00e9cessaires au fonctionnement du site, am\u00e9liorant ainsi la qualit\u00e9 et l&rsquo;exp\u00e9rience de navigation.<br \/>\nCookies analytiques<br \/>\nCe site utilise Google Analytics pour collecter et traiter des analyses statistiques sur la navigation des utilisateurs sur le site ou pour les applications mobiles: sur le nombre de pages consult\u00e9es ou sur le nombre de clics effectu\u00e9s sur une page lors de la navigation sur le site. Les informations g\u00e9n\u00e9r\u00e9es sur notre site Web sont utilis\u00e9es pour am\u00e9liorer la convivialit\u00e9, les fonctionnalit\u00e9s, l&rsquo;interface et la communication. Notre site traite les r\u00e9sultats de ces analyses de mani\u00e8re anonyme et exclusivement \u00e0 des fins statistiques.<br \/>\nPolititique de confidentialit\u00e9 Google Analytics<br \/>\nhttps:\/\/www.google.com\/analytics\/learn\/privacy.html?hl=it<br \/>\nComment d\u00e9sactiver les cookiesPresque tous les navigateurs sont configur\u00e9s pour accepter automatiquement les cookies. Vous pouvez v\u00e9rifier et d\u00e9sactiver les cookies dans les param\u00e8tres de votre navigateur. La d\u00e9sactivation et le blocage des cookies de navigation ou des cookies fonctionnels peuvent emp\u00eacher l&rsquo;utilisation de certaines zones du site, limitant ainsi le service offert par le site.<br \/>\nVous trouverez ci-dessous des liens vers les guides des principaux navigateurs:<br \/>\nInternet Explorer: http:\/\/windows.microsoft.com\/it-it\/windows7\/block-enable-or-allow-cookies<br \/>\nSafari: http:\/\/support.apple.com\/kb\/PH11913<br \/>\nChrome: https:\/\/support.google.com\/chrome\/answer\/95647?hl=it-IT&amp;hlrm=fr&amp;hlrm=en<br \/>\nFirefox: http:\/\/support.mozilla.org\/it-IT\/kb\/enable-and-disable-cookies-website-preferences<br \/>\nPour d\u00e9sactiver les cookies d&rsquo;analyse et emp\u00eacher Google Analytics:<br \/>\nhttps: \/\/tools.google.com\/dlpage\/gaoptout.<\/p>\n<p><!-- {\"name\":\"\",\"type\":\"layout\",\"children\":[{\"name\":\"BREAD\",\"type\":\"section\",\"props\":{\"style\":\"default\",\"width\":\"default\",\"vertical_align\":\"middle\",\"title_position\":\"top-left\",\"title_rotation\":\"left\",\"title_breakpoint\":\"xl\",\"image_position\":\"center-center\",\"padding\":\"xsmall\",\"padding_remove_bottom\":true},\"children\":[{\"name\":\"\",\"type\":\"row\",\"props\":{\"fixed_width\":\"large\",\"breakpoint\":\"m\",\"layout\":\"1-1\"},\"children\":[{\"name\":\"\",\"type\":\"column\",\"props\":{\"widths\":[\"1-1\"],\"image_position\":\"center-center\"},\"children\":[{\"name\":\"\",\"type\":\"headline\",\"props\":{\"title_element\":\"h1\",\"content\":\"Politique de cookie\",\"title_style\":\"\",\"title_decoration\":\"\",\"title_color\":\"\",\"text_align\":\"\",\"text_align_breakpoint\":\"\",\"text_align_fallback\":\"\",\"maxwidth\":\"\",\"maxwidth_align\":\"\",\"maxwidth_breakpoint\":\"\",\"margin\":\"\",\"animation\":\"\",\"visibility\":\"\"}}]}]}]},{\"name\":\"\",\"type\":\"section\",\"props\":{\"style\":\"default\",\"width\":\"default\",\"vertical_align\":\"middle\",\"title_position\":\"top-left\",\"title_rotation\":\"left\",\"title_breakpoint\":\"xl\",\"image_position\":\"center-center\"},\"children\":[{\"name\":\"\",\"type\":\"row\",\"props\":{\"fixed_width\":\"large\",\"breakpoint\":\"m\",\"layout\":\"1-1\"},\"children\":[{\"name\":\"\",\"type\":\"column\",\"props\":{\"widths\":[\"1-1\"],\"image_position\":\"center-center\"},\"children\":[{\"name\":\"\",\"type\":\"text\",\"props\":{\"margin\":\"default\",\"column_breakpoint\":\"m\",\"content\":\"\n\n<p><strong>Cookie<\\\/strong><\\\/p>\\n\n\n<p>Les cookies sont de petites cha\\u00eenes de textes visit\\u00e9s par l'utilisateur (g\\u00e9n\\u00e9ralement par le navigateur), o\\u00f9 elles sont stock\\u00e9es avant d'\\u00eatre retransmises au m\\u00eame utilisateur. Sur le site, l'utilisateur peut recevoir sur son terminal, des cookies qui proviennent de sites Web ou de serveurs Web diff\\u00e9rents (appel\\u00e9s \\\"tiers\\\"), sur lesquels certains \\u00e9l\\u00e9ments peuvent exister (tels que, par exemple, des images, cartes, sons, liens sp\\u00e9cifiques vers des pages de d'autres domaines) Les cookies, g\\u00e9n\\u00e9ralement pr\\u00e9sent\\u00e9s dans les navigateurs des utilisateurs dans le contexte de grands nombres et parfois avec une persistance \\u00e0 long terme, sont utilis\\u00e9s \\u00e0 des fins diff\\u00e9rentes: ex\\u00e9cution d'authentification, surveillance de sessions, stockage d'informations sur des configurations sp\\u00e9cifiques d'utilisateurs acc\\u00e9dant au serveur, etc. \\u00c0 cet \\u00e9gard, deux macro-cat\\u00e9gories sont donc identifi\\u00e9es: les cookies \\\"techniques\\\" et les cookies \\\"de profilage\\\".<\\\/p>\\n\n\n<p><strong>Cookies techniques<\\\/strong><\\\/p>\\n\n\n<p>Les cookies techniques sont ceux utilis\\u00e9s dans le seul but de \\\"transmettre une communication sur un r\\u00e9seau de communications \\u00e9lectroniques\\\", voir ce qui est strictement n\\u00e9cessaire pour le fournisseur d'un service de la soci\\u00e9t\\u00e9 de l'information explicitement demand\\u00e9 par l'abonn\\u00e9. , paragraphe 1 du code). Ils ne sont pas utilis\\u00e9s \\u00e0 d'autres fins et sont normalement install\\u00e9s directement par le propri\\u00e9taire ou le responsable du site Web. Ils peuvent \\u00eatre divis\\u00e9s en cookies de navigation ou de session, qui garantissent la navigation et l'utilisation normale du site Web. les cookies d'analyse, assimil\\u00e9s \\u00e0 des cookies techniques lorsqu'ils sont utilis\\u00e9s pour collecter des informations, sous forme agr\\u00e9g\\u00e9es, sur le nombre d'utilisateurs et la mani\\u00e8re dont ils visitent le site, et de crit\\u00e8res (par exemple, la langue, les produits s\\u00e9lectionn\\u00e9s pour l'achat)<\\\/p>\\n\n\n<p><strong>\\u00a0<\\\/strong><strong>Profilage des cookies<\\\/strong><\\\/p>\\n\n\n<p>Les cookies de profilage sont con\\u00e7us pour cr\\u00e9er des profils et pour \\u00eatre envoy\\u00e9s au public dans le contexte de la navigation sur Internet.<\\\/p>\\n\n\n<p><strong>Quels cookies sont utilis\\u00e9s par ce site?<\\\/strong><\\\/p>\\n\n\n<p>Ce site utilise diff\\u00e9rents types de cookies et de technologies connect\\u00e9es, chacun ayant une fonction sp\\u00e9cifique. Les utilisateurs peuvent naviguer sur le site m\\u00eame sans utiliser de cookies. Les cookies utilis\\u00e9s et la fonction associ\\u00e9e sont \\u00e9num\\u00e9r\\u00e9s ci-dessous.<\\\/p>\\n\n\n<p><strong>Cookies de navigation et de session<\\\/strong><\\\/p>\\n\n\n<p><strong>\\u00a0<\\\/strong>Les cookies de navigation et les cookies de session garantissent la navigation et l'utilisation normale du site Web (permettant, par exemple, de visualiser le contenu de l'appareil en reconnaissant la langue du pays depuis lequel l'utilisateur se connecte ou de faire des achats via le commerce \\u00e9lectronique). . Les cookies de navigation sont des cookies techniques et sont n\\u00e9cessaires au fonctionnement du site, am\\u00e9liorant ainsi la qualit\\u00e9 et l'exp\\u00e9rience de navigation.<\\\/p>\\n\n\n<p><strong>Cookies analytiques<\\\/strong><\\\/p>\\n\n\n<p>Ce site utilise Google Analytics pour collecter et traiter des analyses statistiques sur la navigation des utilisateurs sur le site ou pour les applications mobiles: sur le nombre de pages consult\\u00e9es ou sur le nombre de clics effectu\\u00e9s sur une page lors de la navigation sur le site. Les informations g\\u00e9n\\u00e9r\\u00e9es sur notre site Web sont utilis\\u00e9es pour am\\u00e9liorer la convivialit\\u00e9, les fonctionnalit\\u00e9s, l'interface et la communication. Notre site traite les r\\u00e9sultats de ces analyses de mani\\u00e8re anonyme et exclusivement \\u00e0 des fins statistiques.<\\\/p>\\n\n\n<p>Polititique de confidentialit\\u00e9 Google Analytics<\\\/p>\\n\n\n<p>https:\\\/\\\/www.google.com\\\/analytics\\\/learn\\\/privacy.html?hl=it<\\\/p>\\n\n\n<p>Comment d\\u00e9sactiver les cookies<br \\\/>Presque tous les navigateurs sont configur\\u00e9s pour accepter automatiquement les cookies. Vous pouvez v\\u00e9rifier et d\\u00e9sactiver les cookies dans les param\\u00e8tres de votre navigateur. La d\\u00e9sactivation et le blocage des cookies de navigation ou des cookies fonctionnels peuvent emp\\u00eacher l'utilisation de certaines zones du site, limitant ainsi le service offert par le site.<\\\/p>\\n\n\n<p>Vous trouverez ci-dessous des liens vers les guides des principaux navigateurs:<\\\/p>\\n\n\n<p>Internet Explorer: http:\\\/\\\/windows.microsoft.com\\\/it-it\\\/windows7\\\/block-enable-or-allow-cookies<\\\/p>\\n\n\n<p>Safari: http:\\\/\\\/support.apple.com\\\/kb\\\/PH11913<\\\/p>\\n\n\n<p>Chrome: https:\\\/\\\/support.google.com\\\/chrome\\\/answer\\\/95647?hl=it-IT&amp;hlrm=fr&amp;hlrm=en<\\\/p>\\n\n\n<p>Firefox: http:\\\/\\\/support.mozilla.org\\\/it-IT\\\/kb\\\/enable-and-disable-cookies-website-preferences<\\\/p>\\n\n\n<p>Pour d\\u00e9sactiver les cookies d'analyse et emp\\u00eacher Google Analytics:<\\\/p>\\n\n\n<p>https: \\\/\\\/tools.google.com\\\/dlpage\\\/gaoptout.<\\\/p>\",\"text_style\":\"\",\"text_color\":\"\",\"text_size\":\"\",\"column\":\"\",\"text_align\":\"\",\"text_align_breakpoint\":\"\",\"text_align_fallback\":\"\",\"maxwidth\":\"\",\"maxwidth_align\":\"\",\"maxwidth_breakpoint\":\"\",\"animation\":\"\",\"visibility\":\"\"}}]}]}]}]} --><\/p>\n","protected":false},"excerpt":{"rendered":"<p>Politique de cookie Cookie Les cookies sont de petites cha\u00eenes de textes visit\u00e9s par l&rsquo;utilisateur (g\u00e9n\u00e9ralement par le navigateur), o\u00f9 elles sont stock\u00e9es avant d&rsquo;\u00eatre retransmises au m\u00eame utilisateur. Sur le site, l&rsquo;utilisateur peut recevoir sur son terminal, des cookies qui proviennent de sites Web ou de serveurs Web diff\u00e9rents (appel\u00e9s \u00ab\u00a0tiers\u00a0\u00bb), sur lesquels certains [&hellip;]<\/p>\n","protected":false},"author":1,"featured_media":0,"parent":0,"menu_order":0,"comment_status":"closed","ping_status":"closed","template":"","meta":{"footnotes":""},"class_list":["post-3465","page","type-page","status-publish","hentry"],"yoast_head":"<!-- This site is optimized with the Yoast SEO plugin v27.5 - https:\/\/yoast.com\/product\/yoast-seo-wordpress\/ -->\n<title>Politique de cookie - ZMC Italia<\/title>\n<meta name=\"robots\" content=\"index, follow, max-snippet:-1, max-image-preview:large, max-video-preview:-1\" \/>\n<link rel=\"canonical\" href=\"https:\/\/www.zmc.it\/fr\/politique-de-cookie\/\" \/>\n<meta property=\"og:locale\" content=\"fr_FR\" \/>\n<meta property=\"og:type\" content=\"article\" \/>\n<meta property=\"og:title\" content=\"Politique de cookie - ZMC Italia\" \/>\n<meta property=\"og:description\" content=\"Politique de cookie Cookie Les cookies sont de petites cha\u00eenes de textes visit\u00e9s par l&rsquo;utilisateur (g\u00e9n\u00e9ralement par le navigateur), o\u00f9 elles sont stock\u00e9es avant d&rsquo;\u00eatre retransmises au m\u00eame utilisateur. Sur le site, l&rsquo;utilisateur peut recevoir sur son terminal, des cookies qui proviennent de sites Web ou de serveurs Web diff\u00e9rents (appel\u00e9s \u00ab\u00a0tiers\u00a0\u00bb), sur lesquels certains [&hellip;]\" \/>\n<meta property=\"og:url\" content=\"https:\/\/www.zmc.it\/fr\/politique-de-cookie\/\" \/>\n<meta property=\"og:site_name\" content=\"ZMC Italia\" \/>\n<meta property=\"article:modified_time\" content=\"2018-12-16T15:23:05+00:00\" \/>\n<meta property=\"og:image\" content=\"https:\/\/www.zmc.it\/wp-content\/uploads\/FOTO-SLIDER-2.jpg\" \/>\n\t<meta property=\"og:image:width\" content=\"1600\" \/>\n\t<meta property=\"og:image:height\" content=\"500\" \/>\n\t<meta property=\"og:image:type\" content=\"image\/jpeg\" \/>\n<meta name=\"twitter:card\" content=\"summary_large_image\" \/>\n<meta name=\"twitter:label1\" content=\"Dur\u00e9e de lecture estim\u00e9e\" \/>\n\t<meta name=\"twitter:data1\" content=\"4 minutes\" \/>\n<script type=\"application\/ld+json\" class=\"yoast-schema-graph\">{\"@context\":\"https:\\\/\\\/schema.org\",\"@graph\":[{\"@type\":\"WebPage\",\"@id\":\"https:\\\/\\\/www.zmc.it\\\/fr\\\/politique-de-cookie\\\/\",\"url\":\"https:\\\/\\\/www.zmc.it\\\/fr\\\/politique-de-cookie\\\/\",\"name\":\"Politique de cookie - ZMC Italia\",\"isPartOf\":{\"@id\":\"https:\\\/\\\/www.zmc.it\\\/#website\"},\"datePublished\":\"2018-10-02T14:02:03+00:00\",\"dateModified\":\"2018-12-16T15:23:05+00:00\",\"breadcrumb\":{\"@id\":\"https:\\\/\\\/www.zmc.it\\\/fr\\\/politique-de-cookie\\\/#breadcrumb\"},\"inLanguage\":\"fr-FR\",\"potentialAction\":[{\"@type\":\"ReadAction\",\"target\":[\"https:\\\/\\\/www.zmc.it\\\/fr\\\/politique-de-cookie\\\/\"]}]},{\"@type\":\"BreadcrumbList\",\"@id\":\"https:\\\/\\\/www.zmc.it\\\/fr\\\/politique-de-cookie\\\/#breadcrumb\",\"itemListElement\":[{\"@type\":\"ListItem\",\"position\":1,\"name\":\"Home\",\"item\":\"https:\\\/\\\/www.zmc.it\\\/fr\\\/\"},{\"@type\":\"ListItem\",\"position\":2,\"name\":\"Politique de cookie\"}]},{\"@type\":\"WebSite\",\"@id\":\"https:\\\/\\\/www.zmc.it\\\/#website\",\"url\":\"https:\\\/\\\/www.zmc.it\\\/\",\"name\":\"ZMC Italia\",\"description\":\"\",\"publisher\":{\"@id\":\"https:\\\/\\\/www.zmc.it\\\/#organization\"},\"potentialAction\":[{\"@type\":\"SearchAction\",\"target\":{\"@type\":\"EntryPoint\",\"urlTemplate\":\"https:\\\/\\\/www.zmc.it\\\/?s={search_term_string}\"},\"query-input\":{\"@type\":\"PropertyValueSpecification\",\"valueRequired\":true,\"valueName\":\"search_term_string\"}}],\"inLanguage\":\"fr-FR\"},{\"@type\":\"Organization\",\"@id\":\"https:\\\/\\\/www.zmc.it\\\/#organization\",\"name\":\"ZMC Italy\",\"url\":\"https:\\\/\\\/www.zmc.it\\\/\",\"logo\":{\"@type\":\"ImageObject\",\"inLanguage\":\"fr-FR\",\"@id\":\"https:\\\/\\\/www.zmc.it\\\/#\\\/schema\\\/logo\\\/image\\\/\",\"url\":\"https:\\\/\\\/www.zmc.it\\\/wp-content\\\/uploads\\\/zmc-logo.png\",\"contentUrl\":\"https:\\\/\\\/www.zmc.it\\\/wp-content\\\/uploads\\\/zmc-logo.png\",\"width\":150,\"height\":75,\"caption\":\"ZMC Italy\"},\"image\":{\"@id\":\"https:\\\/\\\/www.zmc.it\\\/#\\\/schema\\\/logo\\\/image\\\/\"},\"sameAs\":[\"https:\\\/\\\/www.linkedin.com\\\/company\\\/z.m.c.-italia-s.r.l.\\\/about\\\/\"]}]}<\/script>\n<!-- \/ Yoast SEO plugin. -->","yoast_head_json":{"title":"Politique de cookie - ZMC Italia","robots":{"index":"index","follow":"follow","max-snippet":"max-snippet:-1","max-image-preview":"max-image-preview:large","max-video-preview":"max-video-preview:-1"},"canonical":"https:\/\/www.zmc.it\/fr\/politique-de-cookie\/","og_locale":"fr_FR","og_type":"article","og_title":"Politique de cookie - ZMC Italia","og_description":"Politique de cookie Cookie Les cookies sont de petites cha\u00eenes de textes visit\u00e9s par l&rsquo;utilisateur (g\u00e9n\u00e9ralement par le navigateur), o\u00f9 elles sont stock\u00e9es avant d&rsquo;\u00eatre retransmises au m\u00eame utilisateur. Sur le site, l&rsquo;utilisateur peut recevoir sur son terminal, des cookies qui proviennent de sites Web ou de serveurs Web diff\u00e9rents (appel\u00e9s \u00ab\u00a0tiers\u00a0\u00bb), sur lesquels certains [&hellip;]","og_url":"https:\/\/www.zmc.it\/fr\/politique-de-cookie\/","og_site_name":"ZMC Italia","article_modified_time":"2018-12-16T15:23:05+00:00","og_image":[{"width":1600,"height":500,"url":"https:\/\/www.zmc.it\/wp-content\/uploads\/FOTO-SLIDER-2.jpg","type":"image\/jpeg"}],"twitter_card":"summary_large_image","twitter_misc":{"Dur\u00e9e de lecture estim\u00e9e":"4 minutes"},"schema":{"@context":"https:\/\/schema.org","@graph":[{"@type":"WebPage","@id":"https:\/\/www.zmc.it\/fr\/politique-de-cookie\/","url":"https:\/\/www.zmc.it\/fr\/politique-de-cookie\/","name":"Politique de cookie - ZMC Italia","isPartOf":{"@id":"https:\/\/www.zmc.it\/#website"},"datePublished":"2018-10-02T14:02:03+00:00","dateModified":"2018-12-16T15:23:05+00:00","breadcrumb":{"@id":"https:\/\/www.zmc.it\/fr\/politique-de-cookie\/#breadcrumb"},"inLanguage":"fr-FR","potentialAction":[{"@type":"ReadAction","target":["https:\/\/www.zmc.it\/fr\/politique-de-cookie\/"]}]},{"@type":"BreadcrumbList","@id":"https:\/\/www.zmc.it\/fr\/politique-de-cookie\/#breadcrumb","itemListElement":[{"@type":"ListItem","position":1,"name":"Home","item":"https:\/\/www.zmc.it\/fr\/"},{"@type":"ListItem","position":2,"name":"Politique de cookie"}]},{"@type":"WebSite","@id":"https:\/\/www.zmc.it\/#website","url":"https:\/\/www.zmc.it\/","name":"ZMC Italia","description":"","publisher":{"@id":"https:\/\/www.zmc.it\/#organization"},"potentialAction":[{"@type":"SearchAction","target":{"@type":"EntryPoint","urlTemplate":"https:\/\/www.zmc.it\/?s={search_term_string}"},"query-input":{"@type":"PropertyValueSpecification","valueRequired":true,"valueName":"search_term_string"}}],"inLanguage":"fr-FR"},{"@type":"Organization","@id":"https:\/\/www.zmc.it\/#organization","name":"ZMC Italy","url":"https:\/\/www.zmc.it\/","logo":{"@type":"ImageObject","inLanguage":"fr-FR","@id":"https:\/\/www.zmc.it\/#\/schema\/logo\/image\/","url":"https:\/\/www.zmc.it\/wp-content\/uploads\/zmc-logo.png","contentUrl":"https:\/\/www.zmc.it\/wp-content\/uploads\/zmc-logo.png","width":150,"height":75,"caption":"ZMC Italy"},"image":{"@id":"https:\/\/www.zmc.it\/#\/schema\/logo\/image\/"},"sameAs":["https:\/\/www.linkedin.com\/company\/z.m.c.-italia-s.r.l.\/about\/"]}]}},"_links":{"self":[{"href":"https:\/\/www.zmc.it\/fr\/wp-json\/wp\/v2\/pages\/3465","targetHints":{"allow":["GET"]}}],"collection":[{"href":"https:\/\/www.zmc.it\/fr\/wp-json\/wp\/v2\/pages"}],"about":[{"href":"https:\/\/www.zmc.it\/fr\/wp-json\/wp\/v2\/types\/page"}],"author":[{"embeddable":true,"href":"https:\/\/www.zmc.it\/fr\/wp-json\/wp\/v2\/users\/1"}],"replies":[{"embeddable":true,"href":"https:\/\/www.zmc.it\/fr\/wp-json\/wp\/v2\/comments?post=3465"}],"version-history":[{"count":0,"href":"https:\/\/www.zmc.it\/fr\/wp-json\/wp\/v2\/pages\/3465\/revisions"}],"wp:attachment":[{"href":"https:\/\/www.zmc.it\/fr\/wp-json\/wp\/v2\/media?parent=3465"}],"curies":[{"name":"wp","href":"https:\/\/api.w.org\/{rel}","templated":true}]}}