{"id":9969,"date":"2025-07-07T12:38:42","date_gmt":"2025-07-07T12:38:42","guid":{"rendered":"https:\/\/www.zmc.it\/sostenibilita\/"},"modified":"2026-02-26T09:00:38","modified_gmt":"2026-02-26T09:00:38","slug":"sostenibilidad","status":"publish","type":"page","link":"https:\/\/www.zmc.it\/es\/sostenibilidad\/","title":{"rendered":"Sostenibilidad"},"content":{"rendered":"<h1>Sostenibilidad y <span lang=\"FR\"> C\u00f3digo \u00c9tico<\/span><\/h1>\n<div>\n<p>Nuestro compromiso con el desarrollo sostenible se inspira en su definici\u00f3n oficial: \u00ab<strong>Un desarrollo que satisfaga las necesidades del presente sin comprometer la capacidad de las futuras generaciones para satisfacer las suyas<\/strong>\u00ab.\u00a0 \u00a0<\/p>\n<p>En Z.M.C. somos plenamente conscientes de que la sostenibilidad ya no es una opci\u00f3n, sino un camino ineludible para cualquier organizaci\u00f3n, independientemente de su tama\u00f1o o del sector en el que opere.\u00a0Hemos identificado como prioritarios algunos de los <strong>Objetivos de Desarrollo Sostenible (ODS) de las Naciones Unidas<\/strong>, entre los que destacan:<\/p>\n<ul>\n<li><strong>Acci\u00f3n por el clima;<\/strong><\/li>\n<li><strong>Trabajo decente y crecimiento econ\u00f3mico;<\/strong><\/li>\n<li><strong>Salud y bienestar;<\/strong><\/li>\n<li><strong>Producci\u00f3n y consumo responsables.<\/strong><\/li>\n<\/ul>\n<p>Consideramos que la consecuci\u00f3n de estos objetivos requiere un esfuerzo conjunto y la participaci\u00f3n activa de todas las partes interesadas: empleados, clientes, proveedores, instituciones, accionistas y comunidades. Solo mediante la colaboraci\u00f3n y el intercambio de valores podremos construir un futuro m\u00e1s sostenible para todos.<\/p>\n<\/div>\n<p><p>\n        <a href=\"\/wp-content\/uploads\/ZMC-Rendicontazione-di-sosteniblita-2024v1.pdf\">Descargar el Informe de Sostenibilidad<\/a>\n    <\/p>\n<\/p>\n<p><img decoding=\"async\" src=\"\/wp-content\/uploads\/SDG_EN.jpg\" alt=\"\"><\/p>\n<div>\n<p><span lang=\"FR\">El C\u00f3digo \u00c9tico expresa y declara formalmente <strong>los principios y valores, los compromisos y las responsabilidades \u00e9ticas y de comportamiento que la Organizaci\u00f3n comparte<\/strong>, asumi\u00e9ndolos y haci\u00e9ndolos propios. Estos principios se aplican concretamente en las actividades de Z.M.C. ITALIA S.r.l. a socio unico y vinculan el comportamiento de cualquiera que trabaje para ella, tanto dentro como fuera de la empresa.<\/span><\/p>\n<\/div>\n<p><p>\n        <a href=\"https:\/\/www.zmc.it\/wp-content\/uploads\/ZMC-Codice-Etico-adottato-con-Delibera-del-26.06.2025.pdf\">Descargar el C\u00f3digo \u00c9tico<\/a>\n    <\/p>\n<\/p>\n<p><img decoding=\"async\" src=\"\/wp-content\/uploads\/ZMC-ESG-01.jpg\" alt=\"\"><br \/>\n<img decoding=\"async\" src=\"\/wp-content\/uploads\/ZMC-ESG-02.jpg\" alt=\"\"><\/p>\n<h2>Certificaciones<\/h2>\n<p><img decoding=\"async\" src=\"\/wp-content\/uploads\/Logo-ISO-2026.jpg\" alt=\"\"><\/p>\n<h4>\n<p>ISO 9001:2015<\/p>\n<\/h4>\n<div>\n<p><em>Dise\u00f1o y fabricaci\u00f3n de cadenas transportadoras<\/em><\/p>\n<\/div>\n<p><p>\n        <a href=\"https:\/\/www.zmc.it\/wp-content\/uploads\/ISO9001-Certificate-EN_2026.pdf\">Descargar el Certificado<\/a>\n    <\/p>\n<\/p>\n<p><!--more--><br \/>\n<!-- {\"type\":\"layout\",\"children\":[{\"type\":\"section\",\"props\":{\"image_position\":\"center-center\",\"style\":\"default\",\"title_breakpoint\":\"xl\",\"title_position\":\"top-left\",\"title_rotation\":\"left\",\"vertical_align\":\"\",\"width\":\"default\"},\"children\":[{\"type\":\"row\",\"children\":[{\"type\":\"column\",\"props\":{\"image_position\":\"center-center\",\"position_sticky_breakpoint\":\"m\",\"width_medium\":\"1-1\"},\"children\":[{\"type\":\"headline\",\"props\":{\"content\":\"Sostenibilidad y <span lang=\\\"FR\\\"> C\\u00f3digo \\u00c9tico<\\\/span>\",\"title_element\":\"h1\"}}]}]}]},{\"type\":\"section\",\"props\":{\"image_position\":\"center-center\",\"style\":\"default\",\"title_breakpoint\":\"xl\",\"title_position\":\"top-left\",\"title_rotation\":\"left\",\"vertical_align\":\"middle\",\"width\":\"default\"},\"children\":[{\"type\":\"row\",\"props\":{\"layout\":\"1-2,1-2\"},\"children\":[{\"type\":\"column\",\"props\":{\"image_position\":\"center-center\",\"position_sticky_breakpoint\":\"m\",\"width_medium\":\"1-2\"},\"children\":[{\"type\":\"text\",\"props\":{\"column_breakpoint\":\"m\",\"content\":\"\n\n<p>Nuestro compromiso con el desarrollo sostenible se inspira en su definici\\u00f3n oficial: \\\"<strong>Un desarrollo que satisfaga las necesidades del presente sin comprometer la capacidad de las futuras generaciones para satisfacer las suyas<\\\/strong>\\\".\\u00a0 \\u00a0<\\\/p>\\n\n\n<p>En Z.M.C. somos plenamente conscientes de que la sostenibilidad ya no es una opci\\u00f3n, sino un camino ineludible para cualquier organizaci\\u00f3n, independientemente de su tama\\u00f1o o del sector en el que opere.\\u00a0Hemos identificado como prioritarios algunos de los <strong>Objetivos de Desarrollo Sostenible (ODS) de las Naciones Unidas<\\\/strong>, entre los que destacan:<\\\/p>\\n\n\n<ul>\\n\n\n<li><strong>Acci\\u00f3n por el clima;<\\\/strong><\\\/li>\\n\n\n<li><strong>Trabajo decente y crecimiento econ\\u00f3mico;<\\\/strong><\\\/li>\\n\n\n<li><strong>Salud y bienestar;<\\\/strong><\\\/li>\\n\n\n<li><strong>Producci\\u00f3n y consumo responsables.<\\\/strong><\\\/li>\\n<\\\/ul>\\n\n\n<p>Consideramos que la consecuci\\u00f3n de estos objetivos requiere un esfuerzo conjunto y la participaci\\u00f3n activa de todas las partes interesadas: empleados, clientes, proveedores, instituciones, accionistas y comunidades. Solo mediante la colaboraci\\u00f3n y el intercambio de valores podremos construir un futuro m\\u00e1s sostenible para todos.<\\\/p>\",\"margin\":\"default\"}},{\"type\":\"button\",\"props\":{\"fullwidth\":false,\"grid_column_gap\":\"small\",\"grid_row_gap\":\"small\",\"margin\":\"default\"},\"children\":[{\"type\":\"button_item\",\"props\":{\"button_style\":\"primary\",\"content\":\"Descargar el Informe de Sostenibilidad\",\"dialog_layout\":\"modal\",\"dialog_offcanvas_flip\":true,\"icon_align\":\"left\",\"link\":\"wp-content\\\/uploads\\\/ZMC-Rendicontazione-di-sosteniblita-2024v1.pdf\",\"link_target\":\"blank\",\"link_title\":\"Descargar el Informe de Sostenibilidad\"}}]}]},{\"type\":\"column\",\"props\":{\"image_position\":\"center-center\",\"position_sticky_breakpoint\":\"m\",\"width_medium\":\"1-2\"},\"children\":[{\"type\":\"image\",\"props\":{\"image\":\"wp-content\\\/uploads\\\/SDG_EN.jpg\",\"image_svg_color\":\"emphasis\",\"margin\":\"default\"}}]}]}]},{\"type\":\"section\",\"props\":{\"image_position\":\"center-center\",\"style\":\"default\",\"title_breakpoint\":\"xl\",\"title_position\":\"top-left\",\"title_rotation\":\"left\",\"vertical_align\":\"middle\",\"width\":\"default\"},\"children\":[{\"type\":\"row\",\"props\":{\"layout\":\"1-2,1-2\"},\"children\":[{\"type\":\"column\",\"props\":{\"image_position\":\"center-center\",\"position_sticky_breakpoint\":\"m\",\"width_medium\":\"1-2\"},\"children\":[{\"type\":\"text\",\"props\":{\"column_breakpoint\":\"m\",\"content\":\"\n\n<p><span lang=\\\"FR\\\">El C\\u00f3digo \\u00c9tico expresa y declara formalmente <strong>los principios y valores, los compromisos y las responsabilidades \\u00e9ticas y de comportamiento que la Organizaci\\u00f3n comparte<\\\/strong>, asumi\\u00e9ndolos y haci\\u00e9ndolos propios. Estos principios se aplican concretamente en las actividades de Z.M.C. ITALIA S.r.l. a socio unico y vinculan el comportamiento de cualquiera que trabaje para ella, tanto dentro como fuera de la empresa.<\\\/span><\\\/p>\",\"margin\":\"default\"}},{\"type\":\"button\",\"props\":{\"fullwidth\":false,\"grid_column_gap\":\"small\",\"grid_row_gap\":\"small\",\"margin\":\"default\"},\"children\":[{\"type\":\"button_item\",\"props\":{\"button_style\":\"primary\",\"content\":\"Descargar el C\\u00f3digo \\u00c9tico\",\"dialog_layout\":\"modal\",\"dialog_offcanvas_flip\":true,\"icon_align\":\"left\",\"link\":\"https:\\\/\\\/www.zmc.it\\\/wp-content\\\/uploads\\\/ZMC-Codice-Etico-adottato-con-Delibera-del-26.06.2025.pdf\",\"link_target\":\"blank\",\"link_title\":\"Descargar el C\\u00f3digo \\u00c9tico\"}}]}]},{\"type\":\"column\",\"props\":{\"image_position\":\"center-center\",\"position_sticky_breakpoint\":\"m\",\"width_medium\":\"1-2\"},\"children\":[{\"type\":\"fragment\",\"props\":{\"margin\":\"default\"},\"children\":[{\"type\":\"row\",\"props\":{\"layout\":\"1-2,1-2\"},\"children\":[{\"type\":\"column\",\"props\":{\"image_position\":\"center-center\",\"position_sticky_breakpoint\":\"m\",\"width_medium\":\"1-2\"},\"children\":[{\"type\":\"image\",\"props\":{\"image\":\"wp-content\\\/uploads\\\/ZMC-ESG-01.jpg\",\"image_svg_color\":\"emphasis\",\"margin\":\"default\"}}]},{\"type\":\"column\",\"props\":{\"image_position\":\"center-center\",\"position_sticky_breakpoint\":\"m\",\"width_medium\":\"1-2\"},\"children\":[{\"type\":\"image\",\"props\":{\"image\":\"wp-content\\\/uploads\\\/ZMC-ESG-02.jpg\",\"image_svg_color\":\"emphasis\",\"margin\":\"default\"}}]}]}]}]}]}]},{\"type\":\"section\",\"props\":{\"image_position\":\"center-center\",\"style\":\"secondary\",\"title_breakpoint\":\"xl\",\"title_position\":\"top-left\",\"title_rotation\":\"left\",\"vertical_align\":\"\",\"width\":\"default\"},\"children\":[{\"type\":\"row\",\"props\":{\"margin\":\"medium\",\"margin_remove_bottom\":false},\"children\":[{\"type\":\"column\",\"props\":{\"image_position\":\"center-center\",\"position_sticky_breakpoint\":\"m\",\"width_medium\":\"1-1\"},\"children\":[{\"type\":\"headline\",\"props\":{\"block_align\":\"center\",\"content\":\"Certificaciones\",\"text_align\":\"left\",\"title_element\":\"h2\"}}]}]},{\"type\":\"row\",\"props\":{\"column_gap\":\"medium\",\"layout\":\"1-4,1-4,1-4,1-4|1-2,1-2,1-2,1-2\",\"margin\":\"default\",\"margin_remove_top\":false},\"children\":[{\"type\":\"column\",\"props\":{\"image_position\":\"center-center\",\"position_sticky_breakpoint\":\"m\",\"width_medium\":\"1-4\",\"width_small\":\"1-2\"},\"children\":[{\"type\":\"image\",\"props\":{\"image\":\"wp-content\\\/uploads\\\/Logo-ISO-2026.jpg\",\"image_svg_color\":\"emphasis\",\"margin\":\"default\",\"text_align\":\"left\"}}]},{\"type\":\"column\",\"props\":{\"image_position\":\"center-center\",\"position_sticky_breakpoint\":\"m\",\"vertical_align\":\"bottom\",\"width_medium\":\"1-4\",\"width_small\":\"1-2\"},\"children\":[{\"type\":\"headline\",\"props\":{\"block_align\":\"center\",\"content\":\"\n\n<p>ISO 9001:2015<\\\/p>\",\"margin_remove_bottom\":false,\"text_align\":\"left\",\"title_element\":\"h4\"}},{\"type\":\"text\",\"props\":{\"column_breakpoint\":\"m\",\"content\":\"\n\n<p><em>Dise\\u00f1o y fabricaci\\u00f3n de cadenas transportadoras<\\\/em><\\\/p>\",\"margin\":\"default\"}},{\"type\":\"button\",\"props\":{\"fullwidth\":false,\"grid_column_gap\":\"small\",\"grid_row_gap\":\"small\",\"margin\":\"default\"},\"children\":[{\"type\":\"button_item\",\"props\":{\"button_style\":\"primary\",\"content\":\"Descargar el Certificado\",\"dialog_layout\":\"modal\",\"dialog_offcanvas_flip\":true,\"icon_align\":\"left\",\"link\":\"https:\\\/\\\/www.zmc.it\\\/wp-content\\\/uploads\\\/ISO9001-Certificate-EN_2026.pdf\",\"link_target\":\"blank\",\"link_title\":\"Certificate of Approval ISO 9001\"}}]}]},{\"type\":\"column\",\"props\":{\"image_position\":\"center-center\",\"position_sticky_breakpoint\":\"m\",\"width_medium\":\"1-4\",\"width_small\":\"1-2\"}},{\"type\":\"column\",\"props\":{\"image_position\":\"center-center\",\"position_sticky_breakpoint\":\"m\",\"width_medium\":\"1-4\",\"width_small\":\"1-2\"}}]}]}],\"version\":\"4.5.4\"} --><\/p>\n","protected":false},"excerpt":{"rendered":"<p>Sostenibilidad y C\u00f3digo \u00c9tico Nuestro compromiso con el desarrollo sostenible se inspira en su definici\u00f3n oficial: \u00abUn desarrollo que satisfaga las necesidades del presente sin comprometer la capacidad de las futuras generaciones para satisfacer las suyas\u00ab.\u00a0 \u00a0 En Z.M.C. somos plenamente conscientes de que la sostenibilidad ya no es una opci\u00f3n, sino un camino ineludible [&hellip;]<\/p>\n","protected":false},"author":1,"featured_media":9930,"parent":0,"menu_order":0,"comment_status":"closed","ping_status":"closed","template":"","meta":{"footnotes":""},"class_list":["post-9969","page","type-page","status-publish","has-post-thumbnail","hentry"],"yoast_head":"<!-- This site is optimized with the Yoast SEO plugin v27.5 - https:\/\/yoast.com\/product\/yoast-seo-wordpress\/ -->\n<title>Sostenibilidad - ZMC Italy<\/title>\n<meta name=\"robots\" content=\"index, follow, max-snippet:-1, max-image-preview:large, max-video-preview:-1\" \/>\n<link rel=\"canonical\" href=\"https:\/\/www.zmc.it\/es\/sostenibilidad\/\" \/>\n<meta property=\"og:locale\" content=\"es_ES\" \/>\n<meta property=\"og:type\" content=\"article\" \/>\n<meta property=\"og:title\" content=\"Sostenibilidad - ZMC Italy\" \/>\n<meta property=\"og:description\" content=\"Sostenibilidad y C\u00f3digo \u00c9tico Nuestro compromiso con el desarrollo sostenible se inspira en su definici\u00f3n oficial: \u00abUn desarrollo que satisfaga las necesidades del presente sin comprometer la capacidad de las futuras generaciones para satisfacer las suyas\u00ab.\u00a0 \u00a0 En Z.M.C. somos plenamente conscientes de que la sostenibilidad ya no es una opci\u00f3n, sino un camino ineludible [&hellip;]\" \/>\n<meta property=\"og:url\" content=\"https:\/\/www.zmc.it\/es\/sostenibilidad\/\" \/>\n<meta property=\"og:site_name\" content=\"ZMC Italy\" \/>\n<meta property=\"article:modified_time\" content=\"2026-02-26T09:00:38+00:00\" \/>\n<meta property=\"og:image\" content=\"https:\/\/www.zmc.it\/wp-content\/uploads\/ZMC-ESG-01.jpg\" \/>\n\t<meta property=\"og:image:width\" content=\"480\" \/>\n\t<meta property=\"og:image:height\" content=\"640\" \/>\n\t<meta property=\"og:image:type\" content=\"image\/jpeg\" \/>\n<meta name=\"twitter:card\" content=\"summary_large_image\" \/>\n<meta name=\"twitter:label1\" content=\"Tiempo de lectura\" \/>\n\t<meta name=\"twitter:data1\" content=\"2 minutos\" \/>\n<script type=\"application\/ld+json\" class=\"yoast-schema-graph\">{\"@context\":\"https:\\\/\\\/schema.org\",\"@graph\":[{\"@type\":\"WebPage\",\"@id\":\"https:\\\/\\\/www.zmc.it\\\/es\\\/sostenibilidad\\\/\",\"url\":\"https:\\\/\\\/www.zmc.it\\\/es\\\/sostenibilidad\\\/\",\"name\":\"Sostenibilidad - ZMC Italy\",\"isPartOf\":{\"@id\":\"https:\\\/\\\/www.zmc.it\\\/#website\"},\"primaryImageOfPage\":{\"@id\":\"https:\\\/\\\/www.zmc.it\\\/es\\\/sostenibilidad\\\/#primaryimage\"},\"image\":{\"@id\":\"https:\\\/\\\/www.zmc.it\\\/es\\\/sostenibilidad\\\/#primaryimage\"},\"thumbnailUrl\":\"https:\\\/\\\/www.zmc.it\\\/wp-content\\\/uploads\\\/ZMC-ESG-01.jpg\",\"datePublished\":\"2025-07-07T12:38:42+00:00\",\"dateModified\":\"2026-02-26T09:00:38+00:00\",\"breadcrumb\":{\"@id\":\"https:\\\/\\\/www.zmc.it\\\/es\\\/sostenibilidad\\\/#breadcrumb\"},\"inLanguage\":\"es\",\"potentialAction\":[{\"@type\":\"ReadAction\",\"target\":[\"https:\\\/\\\/www.zmc.it\\\/es\\\/sostenibilidad\\\/\"]}]},{\"@type\":\"ImageObject\",\"inLanguage\":\"es\",\"@id\":\"https:\\\/\\\/www.zmc.it\\\/es\\\/sostenibilidad\\\/#primaryimage\",\"url\":\"https:\\\/\\\/www.zmc.it\\\/wp-content\\\/uploads\\\/ZMC-ESG-01.jpg\",\"contentUrl\":\"https:\\\/\\\/www.zmc.it\\\/wp-content\\\/uploads\\\/ZMC-ESG-01.jpg\",\"width\":480,\"height\":640},{\"@type\":\"BreadcrumbList\",\"@id\":\"https:\\\/\\\/www.zmc.it\\\/es\\\/sostenibilidad\\\/#breadcrumb\",\"itemListElement\":[{\"@type\":\"ListItem\",\"position\":1,\"name\":\"Home\",\"item\":\"https:\\\/\\\/www.zmc.it\\\/es\\\/\"},{\"@type\":\"ListItem\",\"position\":2,\"name\":\"Sostenibilidad\"}]},{\"@type\":\"WebSite\",\"@id\":\"https:\\\/\\\/www.zmc.it\\\/#website\",\"url\":\"https:\\\/\\\/www.zmc.it\\\/\",\"name\":\"ZMC Italy\",\"description\":\"\",\"publisher\":{\"@id\":\"https:\\\/\\\/www.zmc.it\\\/#organization\"},\"potentialAction\":[{\"@type\":\"SearchAction\",\"target\":{\"@type\":\"EntryPoint\",\"urlTemplate\":\"https:\\\/\\\/www.zmc.it\\\/?s={search_term_string}\"},\"query-input\":{\"@type\":\"PropertyValueSpecification\",\"valueRequired\":true,\"valueName\":\"search_term_string\"}}],\"inLanguage\":\"es\"},{\"@type\":\"Organization\",\"@id\":\"https:\\\/\\\/www.zmc.it\\\/#organization\",\"name\":\"ZMC Italy\",\"url\":\"https:\\\/\\\/www.zmc.it\\\/\",\"logo\":{\"@type\":\"ImageObject\",\"inLanguage\":\"es\",\"@id\":\"https:\\\/\\\/www.zmc.it\\\/#\\\/schema\\\/logo\\\/image\\\/\",\"url\":\"https:\\\/\\\/www.zmc.it\\\/wp-content\\\/uploads\\\/zmc-logo.png\",\"contentUrl\":\"https:\\\/\\\/www.zmc.it\\\/wp-content\\\/uploads\\\/zmc-logo.png\",\"width\":150,\"height\":75,\"caption\":\"ZMC Italy\"},\"image\":{\"@id\":\"https:\\\/\\\/www.zmc.it\\\/#\\\/schema\\\/logo\\\/image\\\/\"},\"sameAs\":[\"https:\\\/\\\/www.linkedin.com\\\/company\\\/z.m.c.-italia-s.r.l.\\\/about\\\/\"]}]}<\/script>\n<!-- \/ Yoast SEO plugin. -->","yoast_head_json":{"title":"Sostenibilidad - ZMC Italy","robots":{"index":"index","follow":"follow","max-snippet":"max-snippet:-1","max-image-preview":"max-image-preview:large","max-video-preview":"max-video-preview:-1"},"canonical":"https:\/\/www.zmc.it\/es\/sostenibilidad\/","og_locale":"es_ES","og_type":"article","og_title":"Sostenibilidad - ZMC Italy","og_description":"Sostenibilidad y C\u00f3digo \u00c9tico Nuestro compromiso con el desarrollo sostenible se inspira en su definici\u00f3n oficial: \u00abUn desarrollo que satisfaga las necesidades del presente sin comprometer la capacidad de las futuras generaciones para satisfacer las suyas\u00ab.\u00a0 \u00a0 En Z.M.C. somos plenamente conscientes de que la sostenibilidad ya no es una opci\u00f3n, sino un camino ineludible [&hellip;]","og_url":"https:\/\/www.zmc.it\/es\/sostenibilidad\/","og_site_name":"ZMC Italy","article_modified_time":"2026-02-26T09:00:38+00:00","og_image":[{"width":480,"height":640,"url":"https:\/\/www.zmc.it\/wp-content\/uploads\/ZMC-ESG-01.jpg","type":"image\/jpeg"}],"twitter_card":"summary_large_image","twitter_misc":{"Tiempo de lectura":"2 minutos"},"schema":{"@context":"https:\/\/schema.org","@graph":[{"@type":"WebPage","@id":"https:\/\/www.zmc.it\/es\/sostenibilidad\/","url":"https:\/\/www.zmc.it\/es\/sostenibilidad\/","name":"Sostenibilidad - ZMC Italy","isPartOf":{"@id":"https:\/\/www.zmc.it\/#website"},"primaryImageOfPage":{"@id":"https:\/\/www.zmc.it\/es\/sostenibilidad\/#primaryimage"},"image":{"@id":"https:\/\/www.zmc.it\/es\/sostenibilidad\/#primaryimage"},"thumbnailUrl":"https:\/\/www.zmc.it\/wp-content\/uploads\/ZMC-ESG-01.jpg","datePublished":"2025-07-07T12:38:42+00:00","dateModified":"2026-02-26T09:00:38+00:00","breadcrumb":{"@id":"https:\/\/www.zmc.it\/es\/sostenibilidad\/#breadcrumb"},"inLanguage":"es","potentialAction":[{"@type":"ReadAction","target":["https:\/\/www.zmc.it\/es\/sostenibilidad\/"]}]},{"@type":"ImageObject","inLanguage":"es","@id":"https:\/\/www.zmc.it\/es\/sostenibilidad\/#primaryimage","url":"https:\/\/www.zmc.it\/wp-content\/uploads\/ZMC-ESG-01.jpg","contentUrl":"https:\/\/www.zmc.it\/wp-content\/uploads\/ZMC-ESG-01.jpg","width":480,"height":640},{"@type":"BreadcrumbList","@id":"https:\/\/www.zmc.it\/es\/sostenibilidad\/#breadcrumb","itemListElement":[{"@type":"ListItem","position":1,"name":"Home","item":"https:\/\/www.zmc.it\/es\/"},{"@type":"ListItem","position":2,"name":"Sostenibilidad"}]},{"@type":"WebSite","@id":"https:\/\/www.zmc.it\/#website","url":"https:\/\/www.zmc.it\/","name":"ZMC Italy","description":"","publisher":{"@id":"https:\/\/www.zmc.it\/#organization"},"potentialAction":[{"@type":"SearchAction","target":{"@type":"EntryPoint","urlTemplate":"https:\/\/www.zmc.it\/?s={search_term_string}"},"query-input":{"@type":"PropertyValueSpecification","valueRequired":true,"valueName":"search_term_string"}}],"inLanguage":"es"},{"@type":"Organization","@id":"https:\/\/www.zmc.it\/#organization","name":"ZMC Italy","url":"https:\/\/www.zmc.it\/","logo":{"@type":"ImageObject","inLanguage":"es","@id":"https:\/\/www.zmc.it\/#\/schema\/logo\/image\/","url":"https:\/\/www.zmc.it\/wp-content\/uploads\/zmc-logo.png","contentUrl":"https:\/\/www.zmc.it\/wp-content\/uploads\/zmc-logo.png","width":150,"height":75,"caption":"ZMC Italy"},"image":{"@id":"https:\/\/www.zmc.it\/#\/schema\/logo\/image\/"},"sameAs":["https:\/\/www.linkedin.com\/company\/z.m.c.-italia-s.r.l.\/about\/"]}]}},"_links":{"self":[{"href":"https:\/\/www.zmc.it\/es\/wp-json\/wp\/v2\/pages\/9969","targetHints":{"allow":["GET"]}}],"collection":[{"href":"https:\/\/www.zmc.it\/es\/wp-json\/wp\/v2\/pages"}],"about":[{"href":"https:\/\/www.zmc.it\/es\/wp-json\/wp\/v2\/types\/page"}],"author":[{"embeddable":true,"href":"https:\/\/www.zmc.it\/es\/wp-json\/wp\/v2\/users\/1"}],"replies":[{"embeddable":true,"href":"https:\/\/www.zmc.it\/es\/wp-json\/wp\/v2\/comments?post=9969"}],"version-history":[{"count":13,"href":"https:\/\/www.zmc.it\/es\/wp-json\/wp\/v2\/pages\/9969\/revisions"}],"predecessor-version":[{"id":10429,"href":"https:\/\/www.zmc.it\/es\/wp-json\/wp\/v2\/pages\/9969\/revisions\/10429"}],"wp:featuredmedia":[{"embeddable":true,"href":"https:\/\/www.zmc.it\/es\/wp-json\/wp\/v2\/media\/9930"}],"wp:attachment":[{"href":"https:\/\/www.zmc.it\/es\/wp-json\/wp\/v2\/media?parent=9969"}],"curies":[{"name":"wp","href":"https:\/\/api.w.org\/{rel}","templated":true}]}}