{"id":6781,"date":"2020-06-18T15:41:48","date_gmt":"2020-06-18T15:41:48","guid":{"rendered":"https:\/\/www.zmc.it\/?page_id=6781"},"modified":"2023-05-04T08:34:23","modified_gmt":"2023-05-04T08:34:23","slug":"certificaciones","status":"publish","type":"page","link":"https:\/\/www.zmc.it\/es\/quienes-somos\/certificaciones\/","title":{"rendered":"Certificaciones"},"content":{"rendered":"<h1>Certificaciones<\/h1>\n<h4>Certificado de Aprobaci\u00f3n ISO 9001<\/h4>\n<p><img decoding=\"async\" src=\"\/wp-content\/uploads\/Logo-ISO.jpg\" alt=\"\"><\/p>\n<p>\n    <a href=\"https:\/\/www.zmc.it\/wp-content\/uploads\/ISO9001-Certificate_EN.pdf\">Descargar el Certificado<\/a>\n<\/p>\n<p><!--more--><br \/>\n<!-- {\"name\":\"\",\"type\":\"layout\",\"children\":[{\"name\":\"\",\"type\":\"section\",\"props\":{\"image_position\":\"center-center\",\"style\":\"default\",\"title_breakpoint\":\"xl\",\"title_position\":\"top-left\",\"title_rotation\":\"left\",\"vertical_align\":\"middle\",\"width\":\"default\"},\"children\":[{\"name\":\"\",\"type\":\"row\",\"children\":[{\"name\":\"\",\"type\":\"column\",\"props\":{\"image_position\":\"center-center\",\"media_overlay_gradient\":\"\",\"position_sticky_breakpoint\":\"m\",\"width_medium\":\"1-1\"},\"children\":[{\"name\":\"\",\"type\":\"headline\",\"props\":{\"content\":\"Certificaciones\",\"title_element\":\"h1\"}}]}]}]},{\"name\":\"\",\"type\":\"section\",\"props\":{\"image_position\":\"center-center\",\"padding\":\"large\",\"style\":\"secondary\",\"title_breakpoint\":\"xl\",\"title_position\":\"top-left\",\"title_rotation\":\"left\",\"vertical_align\":\"middle\",\"width\":\"default\"},\"children\":[{\"name\":\"\",\"type\":\"row\",\"children\":[{\"name\":\"\",\"type\":\"column\",\"props\":{\"image_position\":\"center-center\",\"media_overlay_gradient\":\"\",\"position_sticky_breakpoint\":\"m\",\"width_medium\":\"1-1\"},\"children\":[{\"name\":\"\",\"type\":\"headline\",\"props\":{\"content\":\"Certificado de Aprobaci\\u00f3n ISO 9001\",\"title_element\":\"h4\"}}]}]},{\"name\":\"\",\"type\":\"row\",\"props\":{\"layout\":\"1-4,3-4\"},\"children\":[{\"name\":\"\",\"type\":\"column\",\"props\":{\"image_position\":\"center-center\",\"media_overlay_gradient\":\"\",\"position_sticky_breakpoint\":\"m\",\"width_medium\":\"1-4\"},\"children\":[{\"name\":\"\",\"type\":\"image\",\"props\":{\"image\":\"wp-content\\\/uploads\\\/Logo-ISO.jpg\",\"image_svg_color\":\"emphasis\",\"margin\":\"default\",\"text_align\":\"left\"}}]},{\"name\":\"\",\"type\":\"column\",\"props\":{\"image_position\":\"center-center\",\"media_overlay_gradient\":\"\",\"position_sticky_breakpoint\":\"m\",\"vertical_align\":\"bottom\",\"width_medium\":\"3-4\"},\"children\":[{\"name\":\"\",\"type\":\"button\",\"props\":{\"grid_column_gap\":\"small\",\"grid_row_gap\":\"small\",\"margin\":\"default\"},\"children\":[{\"name\":\"\",\"type\":\"button_item\",\"props\":{\"button_style\":\"primary\",\"content\":\"Descargar el Certificado\",\"icon_align\":\"left\",\"link\":\"https:\\\/\\\/www.zmc.it\\\/wp-content\\\/uploads\\\/ISO9001-Certificate_EN.pdf\",\"link_target\":\"blank\",\"link_title\":\"\"}}]}]}]}]}],\"version\":\"3.0.25\"} --><\/p>\n","protected":false},"excerpt":{"rendered":"<p>Certificaciones Certificado de Aprobaci\u00f3n ISO 9001 Descargar el Certificado<\/p>\n","protected":false},"author":1,"featured_media":0,"parent":3972,"menu_order":0,"comment_status":"closed","ping_status":"closed","template":"","meta":{"footnotes":""},"class_list":["post-6781","page","type-page","status-publish","hentry"],"yoast_head":"<!-- This site is optimized with the Yoast SEO plugin v27.5 - https:\/\/yoast.com\/product\/yoast-seo-wordpress\/ -->\n<title>Certificacion en seguridad industrial Iso 9001 - Certificado de aprobaci\u00f3n ZMC<\/title>\n<meta name=\"description\" content=\"ZMC ha logrado calidad en su l\u00ednea de producci\u00f3n y est\u00e1 certificado en seguridad industrial. Conozca el certificado de aprobaci\u00f3n de ZMC.\" \/>\n<meta name=\"robots\" content=\"index, follow, max-snippet:-1, max-image-preview:large, max-video-preview:-1\" \/>\n<link rel=\"canonical\" href=\"https:\/\/www.zmc.it\/es\/quienes-somos\/certificaciones\/\" \/>\n<meta property=\"og:locale\" content=\"es_ES\" \/>\n<meta property=\"og:type\" content=\"article\" \/>\n<meta property=\"og:title\" content=\"Certificacion en seguridad industrial Iso 9001 - Certificado de aprobaci\u00f3n ZMC\" \/>\n<meta property=\"og:description\" content=\"ZMC ha logrado calidad en su l\u00ednea de producci\u00f3n y est\u00e1 certificado en seguridad industrial. Conozca el certificado de aprobaci\u00f3n de ZMC.\" \/>\n<meta property=\"og:url\" content=\"https:\/\/www.zmc.it\/es\/quienes-somos\/certificaciones\/\" \/>\n<meta property=\"og:site_name\" content=\"ZMC Italy\" \/>\n<meta property=\"article:modified_time\" content=\"2023-05-04T08:34:23+00:00\" \/>\n<meta property=\"og:image\" content=\"https:\/\/www.zmc.it\/wp-content\/uploads\/FOTO-SLIDER-2.jpg\" \/>\n\t<meta property=\"og:image:width\" content=\"1600\" \/>\n\t<meta property=\"og:image:height\" content=\"500\" \/>\n\t<meta property=\"og:image:type\" content=\"image\/jpeg\" \/>\n<meta name=\"twitter:card\" content=\"summary_large_image\" \/>\n<script type=\"application\/ld+json\" class=\"yoast-schema-graph\">{\"@context\":\"https:\\\/\\\/schema.org\",\"@graph\":[{\"@type\":\"WebPage\",\"@id\":\"https:\\\/\\\/www.zmc.it\\\/es\\\/quienes-somos\\\/certificaciones\\\/\",\"url\":\"https:\\\/\\\/www.zmc.it\\\/es\\\/quienes-somos\\\/certificaciones\\\/\",\"name\":\"Certificacion en seguridad industrial Iso 9001 - Certificado de aprobaci\u00f3n ZMC\",\"isPartOf\":{\"@id\":\"https:\\\/\\\/www.zmc.it\\\/#website\"},\"datePublished\":\"2020-06-18T15:41:48+00:00\",\"dateModified\":\"2023-05-04T08:34:23+00:00\",\"description\":\"ZMC ha logrado calidad en su l\u00ednea de producci\u00f3n y est\u00e1 certificado en seguridad industrial. Conozca el certificado de aprobaci\u00f3n de ZMC.\",\"breadcrumb\":{\"@id\":\"https:\\\/\\\/www.zmc.it\\\/es\\\/quienes-somos\\\/certificaciones\\\/#breadcrumb\"},\"inLanguage\":\"es\",\"potentialAction\":[{\"@type\":\"ReadAction\",\"target\":[\"https:\\\/\\\/www.zmc.it\\\/es\\\/quienes-somos\\\/certificaciones\\\/\"]}]},{\"@type\":\"BreadcrumbList\",\"@id\":\"https:\\\/\\\/www.zmc.it\\\/es\\\/quienes-somos\\\/certificaciones\\\/#breadcrumb\",\"itemListElement\":[{\"@type\":\"ListItem\",\"position\":1,\"name\":\"Home\",\"item\":\"https:\\\/\\\/www.zmc.it\\\/es\\\/\"},{\"@type\":\"ListItem\",\"position\":2,\"name\":\"Quienes somos\",\"item\":\"https:\\\/\\\/www.zmc.it\\\/es\\\/quienes-somos\\\/\"},{\"@type\":\"ListItem\",\"position\":3,\"name\":\"Certificaciones\"}]},{\"@type\":\"WebSite\",\"@id\":\"https:\\\/\\\/www.zmc.it\\\/#website\",\"url\":\"https:\\\/\\\/www.zmc.it\\\/\",\"name\":\"ZMC Italy\",\"description\":\"\",\"publisher\":{\"@id\":\"https:\\\/\\\/www.zmc.it\\\/#organization\"},\"potentialAction\":[{\"@type\":\"SearchAction\",\"target\":{\"@type\":\"EntryPoint\",\"urlTemplate\":\"https:\\\/\\\/www.zmc.it\\\/?s={search_term_string}\"},\"query-input\":{\"@type\":\"PropertyValueSpecification\",\"valueRequired\":true,\"valueName\":\"search_term_string\"}}],\"inLanguage\":\"es\"},{\"@type\":\"Organization\",\"@id\":\"https:\\\/\\\/www.zmc.it\\\/#organization\",\"name\":\"ZMC Italy\",\"url\":\"https:\\\/\\\/www.zmc.it\\\/\",\"logo\":{\"@type\":\"ImageObject\",\"inLanguage\":\"es\",\"@id\":\"https:\\\/\\\/www.zmc.it\\\/#\\\/schema\\\/logo\\\/image\\\/\",\"url\":\"https:\\\/\\\/www.zmc.it\\\/wp-content\\\/uploads\\\/zmc-logo.png\",\"contentUrl\":\"https:\\\/\\\/www.zmc.it\\\/wp-content\\\/uploads\\\/zmc-logo.png\",\"width\":150,\"height\":75,\"caption\":\"ZMC Italy\"},\"image\":{\"@id\":\"https:\\\/\\\/www.zmc.it\\\/#\\\/schema\\\/logo\\\/image\\\/\"},\"sameAs\":[\"https:\\\/\\\/www.linkedin.com\\\/company\\\/z.m.c.-italia-s.r.l.\\\/about\\\/\"]}]}<\/script>\n<!-- \/ Yoast SEO plugin. -->","yoast_head_json":{"title":"Certificacion en seguridad industrial Iso 9001 - Certificado de aprobaci\u00f3n ZMC","description":"ZMC ha logrado calidad en su l\u00ednea de producci\u00f3n y est\u00e1 certificado en seguridad industrial. Conozca el certificado de aprobaci\u00f3n de ZMC.","robots":{"index":"index","follow":"follow","max-snippet":"max-snippet:-1","max-image-preview":"max-image-preview:large","max-video-preview":"max-video-preview:-1"},"canonical":"https:\/\/www.zmc.it\/es\/quienes-somos\/certificaciones\/","og_locale":"es_ES","og_type":"article","og_title":"Certificacion en seguridad industrial Iso 9001 - Certificado de aprobaci\u00f3n ZMC","og_description":"ZMC ha logrado calidad en su l\u00ednea de producci\u00f3n y est\u00e1 certificado en seguridad industrial. Conozca el certificado de aprobaci\u00f3n de ZMC.","og_url":"https:\/\/www.zmc.it\/es\/quienes-somos\/certificaciones\/","og_site_name":"ZMC Italy","article_modified_time":"2023-05-04T08:34:23+00:00","og_image":[{"width":1600,"height":500,"url":"https:\/\/www.zmc.it\/wp-content\/uploads\/FOTO-SLIDER-2.jpg","type":"image\/jpeg"}],"twitter_card":"summary_large_image","schema":{"@context":"https:\/\/schema.org","@graph":[{"@type":"WebPage","@id":"https:\/\/www.zmc.it\/es\/quienes-somos\/certificaciones\/","url":"https:\/\/www.zmc.it\/es\/quienes-somos\/certificaciones\/","name":"Certificacion en seguridad industrial Iso 9001 - Certificado de aprobaci\u00f3n ZMC","isPartOf":{"@id":"https:\/\/www.zmc.it\/#website"},"datePublished":"2020-06-18T15:41:48+00:00","dateModified":"2023-05-04T08:34:23+00:00","description":"ZMC ha logrado calidad en su l\u00ednea de producci\u00f3n y est\u00e1 certificado en seguridad industrial. Conozca el certificado de aprobaci\u00f3n de ZMC.","breadcrumb":{"@id":"https:\/\/www.zmc.it\/es\/quienes-somos\/certificaciones\/#breadcrumb"},"inLanguage":"es","potentialAction":[{"@type":"ReadAction","target":["https:\/\/www.zmc.it\/es\/quienes-somos\/certificaciones\/"]}]},{"@type":"BreadcrumbList","@id":"https:\/\/www.zmc.it\/es\/quienes-somos\/certificaciones\/#breadcrumb","itemListElement":[{"@type":"ListItem","position":1,"name":"Home","item":"https:\/\/www.zmc.it\/es\/"},{"@type":"ListItem","position":2,"name":"Quienes somos","item":"https:\/\/www.zmc.it\/es\/quienes-somos\/"},{"@type":"ListItem","position":3,"name":"Certificaciones"}]},{"@type":"WebSite","@id":"https:\/\/www.zmc.it\/#website","url":"https:\/\/www.zmc.it\/","name":"ZMC Italy","description":"","publisher":{"@id":"https:\/\/www.zmc.it\/#organization"},"potentialAction":[{"@type":"SearchAction","target":{"@type":"EntryPoint","urlTemplate":"https:\/\/www.zmc.it\/?s={search_term_string}"},"query-input":{"@type":"PropertyValueSpecification","valueRequired":true,"valueName":"search_term_string"}}],"inLanguage":"es"},{"@type":"Organization","@id":"https:\/\/www.zmc.it\/#organization","name":"ZMC Italy","url":"https:\/\/www.zmc.it\/","logo":{"@type":"ImageObject","inLanguage":"es","@id":"https:\/\/www.zmc.it\/#\/schema\/logo\/image\/","url":"https:\/\/www.zmc.it\/wp-content\/uploads\/zmc-logo.png","contentUrl":"https:\/\/www.zmc.it\/wp-content\/uploads\/zmc-logo.png","width":150,"height":75,"caption":"ZMC Italy"},"image":{"@id":"https:\/\/www.zmc.it\/#\/schema\/logo\/image\/"},"sameAs":["https:\/\/www.linkedin.com\/company\/z.m.c.-italia-s.r.l.\/about\/"]}]}},"_links":{"self":[{"href":"https:\/\/www.zmc.it\/es\/wp-json\/wp\/v2\/pages\/6781","targetHints":{"allow":["GET"]}}],"collection":[{"href":"https:\/\/www.zmc.it\/es\/wp-json\/wp\/v2\/pages"}],"about":[{"href":"https:\/\/www.zmc.it\/es\/wp-json\/wp\/v2\/types\/page"}],"author":[{"embeddable":true,"href":"https:\/\/www.zmc.it\/es\/wp-json\/wp\/v2\/users\/1"}],"replies":[{"embeddable":true,"href":"https:\/\/www.zmc.it\/es\/wp-json\/wp\/v2\/comments?post=6781"}],"version-history":[{"count":0,"href":"https:\/\/www.zmc.it\/es\/wp-json\/wp\/v2\/pages\/6781\/revisions"}],"up":[{"embeddable":true,"href":"https:\/\/www.zmc.it\/es\/wp-json\/wp\/v2\/pages\/3972"}],"wp:attachment":[{"href":"https:\/\/www.zmc.it\/es\/wp-json\/wp\/v2\/media?parent=6781"}],"curies":[{"name":"wp","href":"https:\/\/api.w.org\/{rel}","templated":true}]}}