{"id":3980,"date":"2018-03-16T06:58:37","date_gmt":"2018-03-16T06:58:37","guid":{"rendered":"https:\/\/www.zmc.it\/servizi\/"},"modified":"2021-07-27T16:06:34","modified_gmt":"2021-07-27T16:06:34","slug":"servicios","status":"publish","type":"page","link":"https:\/\/www.zmc.it\/es\/servicios\/","title":{"rendered":"Servicios"},"content":{"rendered":"<p>Servicios<\/p>\n<p>Los servicios a disposici\u00f3n de nuestros clientes &#8230;<\/p>\n<p>Empleados comerciales dedicados: 6 gerentes de \u00e1rea, 5 asistentes y 2 ingenieros est\u00e1n disponibles para satisfacer todas las solicitudes y consejos.<br \/>\nRespuestas r\u00e1pidas a las solicitudes de licitaci\u00f3n.<br \/>\nAmplia disponibilidad de cadenas de stock con m\u00e1s de 100.000 m de cadenas est\u00e1ndar.<br \/>\nCumplir los pedidos r\u00e1pidamente.<br \/>\nConsultor\u00eda de dise\u00f1o de cadenas gracias a un equipo de t\u00e9cnicos e ingenieros.<br \/>\nExperiencia de 60 a\u00f1os en todos los sectores industriales.<br \/>\nAsistencia t\u00e9cnica y comercial a trav\u00e9s de una amplia red de agentes y distribuidores.<br \/>\nAsesoramiento en la elecci\u00f3n del lubricante.<br \/>\nAn\u00e1lisis de laboratorio, cromatograf\u00eda de gases y ensayos de tracci\u00f3n.\n<\/p>\n<p><!-- {\"name\":\"\",\"type\":\"layout\",\"children\":[{\"name\":\"BREAD\",\"type\":\"section\",\"props\":{\"style\":\"default\",\"width\":\"default\",\"vertical_align\":\"middle\",\"title_position\":\"top-left\",\"title_rotation\":\"left\",\"title_breakpoint\":\"xl\",\"image_position\":\"center-center\",\"padding\":\"xsmall\",\"padding_remove_bottom\":true},\"children\":[{\"name\":\"\",\"type\":\"row\",\"props\":{\"fixed_width\":\"large\",\"breakpoint\":\"m\",\"layout\":\"1-1\"},\"children\":[{\"name\":\"\",\"type\":\"column\",\"props\":{\"widths\":[\"1-1\"],\"image_position\":\"center-center\"},\"children\":[{\"name\":\"\",\"type\":\"headline\",\"props\":{\"title_element\":\"h1\",\"content\":\"\n\n<p>Servicios<\\\/p>\",\"title_style\":\"\",\"title_decoration\":\"\",\"title_color\":\"\",\"text_align\":\"\",\"text_align_breakpoint\":\"\",\"text_align_fallback\":\"\",\"maxwidth\":\"\",\"maxwidth_align\":\"\",\"maxwidth_breakpoint\":\"\",\"margin\":\"\",\"animation\":\"\",\"visibility\":\"\"}}]}]}]},{\"name\":\"\",\"type\":\"section\",\"props\":{\"style\":\"default\",\"width\":\"default\",\"vertical_align\":\"middle\",\"title_position\":\"top-left\",\"title_rotation\":\"left\",\"title_breakpoint\":\"xl\",\"image_position\":\"center-center\"},\"children\":[{\"name\":\"\",\"type\":\"row\",\"props\":{\"fixed_width\":\"large\",\"breakpoint\":\"m\",\"layout\":\"2-3,\"},\"children\":[{\"name\":\"\",\"type\":\"column\",\"props\":{\"widths\":[\"2-3\"],\"image_position\":\"center-center\"},\"children\":[{\"name\":\"\",\"type\":\"text\",\"props\":{\"margin\":\"default\",\"column_breakpoint\":\"m\",\"content\":\"\n\n<h4><strong>Los servicios a disposici\\u00f3n de nuestros clientes ...<\\\/strong><\\\/h4>\\n\n\n<ul>\\n\n\n<li>Empleados comerciales dedicados: 6 gerentes de \\u00e1rea, 5 asistentes y 2 ingenieros est\\u00e1n disponibles para satisfacer todas las solicitudes y consejos.<br \\\/><br \\\/><\\\/li>\\n\n\n<li>Respuestas r\\u00e1pidas a las solicitudes de licitaci\\u00f3n.<br \\\/><br \\\/><\\\/li>\\n\n\n<li>Amplia disponibilidad de cadenas de stock con m\\u00e1s de 100.000 m de cadenas est\\u00e1ndar.<br \\\/><br \\\/><\\\/li>\\n\n\n<li>Cumplir los pedidos r\\u00e1pidamente.<br \\\/><br \\\/><\\\/li>\\n\n\n<li>Consultor\\u00eda de dise\\u00f1o de cadenas gracias a un equipo de t\\u00e9cnicos e ingenieros.<br \\\/><br \\\/><\\\/li>\\n\n\n<li>Experiencia de 60 a\\u00f1os en todos los sectores industriales.<br \\\/><br \\\/><\\\/li>\\n\n\n<li>Asistencia t\\u00e9cnica y comercial a trav\\u00e9s de una amplia red de agentes y distribuidores.<br \\\/><br \\\/><\\\/li>\\n\n\n<li>Asesoramiento en la elecci\\u00f3n del lubricante.<br \\\/><br \\\/><\\\/li>\\n\n\n<li>An\\u00e1lisis de laboratorio, cromatograf\\u00eda de gases y ensayos de tracci\\u00f3n.<\\\/li>\\n<\\\/ul>\",\"text_style\":\"\",\"text_color\":\"\",\"text_size\":\"\",\"column\":\"\",\"text_align\":\"\",\"text_align_breakpoint\":\"\",\"text_align_fallback\":\"\",\"maxwidth\":\"\",\"maxwidth_align\":\"\",\"maxwidth_breakpoint\":\"\",\"animation\":\"\",\"visibility\":\"\"}}]},{\"name\":\"\",\"type\":\"column\",\"props\":{\"widths\":[\"\"],\"image_position\":\"center-center\"},\"children\":[{\"name\":\"\",\"type\":\"gallery\",\"props\":{\"show_title\":false,\"show_meta\":false,\"show_content\":false,\"show_link\":false,\"show_hover_image\":true,\"grid_default\":\"1\",\"grid_medium\":\"1\",\"overlay_mode\":\"cover\",\"overlay_position\":\"center\",\"overlay_transition\":\"fade\",\"title_element\":\"h3\",\"meta_style\":\"meta\",\"meta_align\":\"bottom\",\"text_align\":\"center\",\"margin\":\"default\"},\"children\":[{\"name\":\"\",\"type\":\"gallery_item\",\"props\":{\"image\":\"wp-content\\\/uploads\\\/macchinario4.jpg\"}}]}]}]},{\"name\":\"\",\"type\":\"row\",\"props\":{\"fixed_width\":\"large\",\"breakpoint\":\"m\",\"layout\":\"1-1\"},\"children\":[{\"name\":\"\",\"type\":\"column\",\"props\":{\"widths\":[\"1-1\"],\"image_position\":\"center-center\"},\"children\":[{\"name\":\"\",\"type\":\"gallery\",\"props\":{\"show_title\":false,\"show_meta\":false,\"show_content\":false,\"show_link\":false,\"show_hover_image\":true,\"grid_default\":\"1\",\"grid_medium\":\"3\",\"overlay_mode\":\"cover\",\"overlay_position\":\"center\",\"overlay_transition\":\"fade\",\"title_element\":\"h3\",\"meta_style\":\"meta\",\"meta_align\":\"bottom\",\"text_align\":\"center\",\"margin\":\"default\"},\"children\":[{\"name\":\"\",\"type\":\"gallery_item\",\"props\":{\"image\":\"wp-content\\\/uploads\\\/macchinario5.jpg\"}},{\"name\":\"\",\"type\":\"gallery_item\",\"props\":{\"image\":\"wp-content\\\/uploads\\\/azienda-produzione2.jpg\"}},{\"name\":\"\",\"type\":\"gallery_item\",\"props\":{\"image\":\"wp-content\\\/uploads\\\/azienda-magazzino.jpg\"}}]}]}]}]}]} --><\/p>\n","protected":false},"excerpt":{"rendered":"<p>Servicios Los servicios a disposici\u00f3n de nuestros clientes &#8230; Empleados comerciales dedicados: 6 gerentes de \u00e1rea, 5 asistentes y 2 ingenieros est\u00e1n disponibles para satisfacer todas las solicitudes y consejos. Respuestas r\u00e1pidas a las solicitudes de licitaci\u00f3n. Amplia disponibilidad de cadenas de stock con m\u00e1s de 100.000 m de cadenas est\u00e1ndar. Cumplir los pedidos r\u00e1pidamente. [&hellip;]<\/p>\n","protected":false},"author":1,"featured_media":0,"parent":0,"menu_order":0,"comment_status":"closed","ping_status":"closed","template":"","meta":{"footnotes":""},"class_list":["post-3980","page","type-page","status-publish","hentry"],"yoast_head":"<!-- This site is optimized with the Yoast SEO plugin v27.5 - https:\/\/yoast.com\/product\/yoast-seo-wordpress\/ -->\n<title>Asistencia comercial y t\u00e9cnica - Asesoramiento industrial cadenas ZMC<\/title>\n<meta name=\"description\" content=\"ZMC produce cadenas de transporte industrial y tambi\u00e9n ofrece asistencia y asesoramiento comercial y t\u00e9cnico. Hable con nosotros.\" \/>\n<meta name=\"robots\" content=\"index, follow, max-snippet:-1, max-image-preview:large, max-video-preview:-1\" \/>\n<link rel=\"canonical\" href=\"https:\/\/www.zmc.it\/es\/servicios\/\" \/>\n<meta property=\"og:locale\" content=\"es_ES\" \/>\n<meta property=\"og:type\" content=\"article\" \/>\n<meta property=\"og:title\" content=\"Asistencia comercial y t\u00e9cnica - Asesoramiento industrial cadenas ZMC\" \/>\n<meta property=\"og:description\" content=\"ZMC produce cadenas de transporte industrial y tambi\u00e9n ofrece asistencia y asesoramiento comercial y t\u00e9cnico. Hable con nosotros.\" \/>\n<meta property=\"og:url\" content=\"https:\/\/www.zmc.it\/es\/servicios\/\" \/>\n<meta property=\"og:site_name\" content=\"ZMC Italy\" \/>\n<meta property=\"article:modified_time\" content=\"2021-07-27T16:06:34+00:00\" \/>\n<meta property=\"og:image\" content=\"https:\/\/www.zmc.it\/wp-content\/uploads\/FOTO-SLIDER-2.jpg\" \/>\n\t<meta property=\"og:image:width\" content=\"1600\" \/>\n\t<meta property=\"og:image:height\" content=\"500\" \/>\n\t<meta property=\"og:image:type\" content=\"image\/jpeg\" \/>\n<meta name=\"twitter:card\" content=\"summary_large_image\" \/>\n<meta name=\"twitter:label1\" content=\"Tiempo de lectura\" \/>\n\t<meta name=\"twitter:data1\" content=\"1 minuto\" \/>\n<script type=\"application\/ld+json\" class=\"yoast-schema-graph\">{\"@context\":\"https:\\\/\\\/schema.org\",\"@graph\":[{\"@type\":\"WebPage\",\"@id\":\"https:\\\/\\\/www.zmc.it\\\/es\\\/servicios\\\/\",\"url\":\"https:\\\/\\\/www.zmc.it\\\/es\\\/servicios\\\/\",\"name\":\"Asistencia comercial y t\u00e9cnica - Asesoramiento industrial cadenas ZMC\",\"isPartOf\":{\"@id\":\"https:\\\/\\\/www.zmc.it\\\/#website\"},\"datePublished\":\"2018-03-16T06:58:37+00:00\",\"dateModified\":\"2021-07-27T16:06:34+00:00\",\"description\":\"ZMC produce cadenas de transporte industrial y tambi\u00e9n ofrece asistencia y asesoramiento comercial y t\u00e9cnico. Hable con nosotros.\",\"breadcrumb\":{\"@id\":\"https:\\\/\\\/www.zmc.it\\\/es\\\/servicios\\\/#breadcrumb\"},\"inLanguage\":\"es\",\"potentialAction\":[{\"@type\":\"ReadAction\",\"target\":[\"https:\\\/\\\/www.zmc.it\\\/es\\\/servicios\\\/\"]}]},{\"@type\":\"BreadcrumbList\",\"@id\":\"https:\\\/\\\/www.zmc.it\\\/es\\\/servicios\\\/#breadcrumb\",\"itemListElement\":[{\"@type\":\"ListItem\",\"position\":1,\"name\":\"Home\",\"item\":\"https:\\\/\\\/www.zmc.it\\\/es\\\/\"},{\"@type\":\"ListItem\",\"position\":2,\"name\":\"Servicios\"}]},{\"@type\":\"WebSite\",\"@id\":\"https:\\\/\\\/www.zmc.it\\\/#website\",\"url\":\"https:\\\/\\\/www.zmc.it\\\/\",\"name\":\"ZMC Italy\",\"description\":\"\",\"publisher\":{\"@id\":\"https:\\\/\\\/www.zmc.it\\\/#organization\"},\"potentialAction\":[{\"@type\":\"SearchAction\",\"target\":{\"@type\":\"EntryPoint\",\"urlTemplate\":\"https:\\\/\\\/www.zmc.it\\\/?s={search_term_string}\"},\"query-input\":{\"@type\":\"PropertyValueSpecification\",\"valueRequired\":true,\"valueName\":\"search_term_string\"}}],\"inLanguage\":\"es\"},{\"@type\":\"Organization\",\"@id\":\"https:\\\/\\\/www.zmc.it\\\/#organization\",\"name\":\"ZMC Italy\",\"url\":\"https:\\\/\\\/www.zmc.it\\\/\",\"logo\":{\"@type\":\"ImageObject\",\"inLanguage\":\"es\",\"@id\":\"https:\\\/\\\/www.zmc.it\\\/#\\\/schema\\\/logo\\\/image\\\/\",\"url\":\"https:\\\/\\\/www.zmc.it\\\/wp-content\\\/uploads\\\/zmc-logo.png\",\"contentUrl\":\"https:\\\/\\\/www.zmc.it\\\/wp-content\\\/uploads\\\/zmc-logo.png\",\"width\":150,\"height\":75,\"caption\":\"ZMC Italy\"},\"image\":{\"@id\":\"https:\\\/\\\/www.zmc.it\\\/#\\\/schema\\\/logo\\\/image\\\/\"},\"sameAs\":[\"https:\\\/\\\/www.linkedin.com\\\/company\\\/z.m.c.-italia-s.r.l.\\\/about\\\/\"]}]}<\/script>\n<!-- \/ Yoast SEO plugin. -->","yoast_head_json":{"title":"Asistencia comercial y t\u00e9cnica - Asesoramiento industrial cadenas ZMC","description":"ZMC produce cadenas de transporte industrial y tambi\u00e9n ofrece asistencia y asesoramiento comercial y t\u00e9cnico. Hable con nosotros.","robots":{"index":"index","follow":"follow","max-snippet":"max-snippet:-1","max-image-preview":"max-image-preview:large","max-video-preview":"max-video-preview:-1"},"canonical":"https:\/\/www.zmc.it\/es\/servicios\/","og_locale":"es_ES","og_type":"article","og_title":"Asistencia comercial y t\u00e9cnica - Asesoramiento industrial cadenas ZMC","og_description":"ZMC produce cadenas de transporte industrial y tambi\u00e9n ofrece asistencia y asesoramiento comercial y t\u00e9cnico. Hable con nosotros.","og_url":"https:\/\/www.zmc.it\/es\/servicios\/","og_site_name":"ZMC Italy","article_modified_time":"2021-07-27T16:06:34+00:00","og_image":[{"width":1600,"height":500,"url":"https:\/\/www.zmc.it\/wp-content\/uploads\/FOTO-SLIDER-2.jpg","type":"image\/jpeg"}],"twitter_card":"summary_large_image","twitter_misc":{"Tiempo de lectura":"1 minuto"},"schema":{"@context":"https:\/\/schema.org","@graph":[{"@type":"WebPage","@id":"https:\/\/www.zmc.it\/es\/servicios\/","url":"https:\/\/www.zmc.it\/es\/servicios\/","name":"Asistencia comercial y t\u00e9cnica - Asesoramiento industrial cadenas ZMC","isPartOf":{"@id":"https:\/\/www.zmc.it\/#website"},"datePublished":"2018-03-16T06:58:37+00:00","dateModified":"2021-07-27T16:06:34+00:00","description":"ZMC produce cadenas de transporte industrial y tambi\u00e9n ofrece asistencia y asesoramiento comercial y t\u00e9cnico. Hable con nosotros.","breadcrumb":{"@id":"https:\/\/www.zmc.it\/es\/servicios\/#breadcrumb"},"inLanguage":"es","potentialAction":[{"@type":"ReadAction","target":["https:\/\/www.zmc.it\/es\/servicios\/"]}]},{"@type":"BreadcrumbList","@id":"https:\/\/www.zmc.it\/es\/servicios\/#breadcrumb","itemListElement":[{"@type":"ListItem","position":1,"name":"Home","item":"https:\/\/www.zmc.it\/es\/"},{"@type":"ListItem","position":2,"name":"Servicios"}]},{"@type":"WebSite","@id":"https:\/\/www.zmc.it\/#website","url":"https:\/\/www.zmc.it\/","name":"ZMC Italy","description":"","publisher":{"@id":"https:\/\/www.zmc.it\/#organization"},"potentialAction":[{"@type":"SearchAction","target":{"@type":"EntryPoint","urlTemplate":"https:\/\/www.zmc.it\/?s={search_term_string}"},"query-input":{"@type":"PropertyValueSpecification","valueRequired":true,"valueName":"search_term_string"}}],"inLanguage":"es"},{"@type":"Organization","@id":"https:\/\/www.zmc.it\/#organization","name":"ZMC Italy","url":"https:\/\/www.zmc.it\/","logo":{"@type":"ImageObject","inLanguage":"es","@id":"https:\/\/www.zmc.it\/#\/schema\/logo\/image\/","url":"https:\/\/www.zmc.it\/wp-content\/uploads\/zmc-logo.png","contentUrl":"https:\/\/www.zmc.it\/wp-content\/uploads\/zmc-logo.png","width":150,"height":75,"caption":"ZMC Italy"},"image":{"@id":"https:\/\/www.zmc.it\/#\/schema\/logo\/image\/"},"sameAs":["https:\/\/www.linkedin.com\/company\/z.m.c.-italia-s.r.l.\/about\/"]}]}},"_links":{"self":[{"href":"https:\/\/www.zmc.it\/es\/wp-json\/wp\/v2\/pages\/3980","targetHints":{"allow":["GET"]}}],"collection":[{"href":"https:\/\/www.zmc.it\/es\/wp-json\/wp\/v2\/pages"}],"about":[{"href":"https:\/\/www.zmc.it\/es\/wp-json\/wp\/v2\/types\/page"}],"author":[{"embeddable":true,"href":"https:\/\/www.zmc.it\/es\/wp-json\/wp\/v2\/users\/1"}],"replies":[{"embeddable":true,"href":"https:\/\/www.zmc.it\/es\/wp-json\/wp\/v2\/comments?post=3980"}],"version-history":[{"count":0,"href":"https:\/\/www.zmc.it\/es\/wp-json\/wp\/v2\/pages\/3980\/revisions"}],"wp:attachment":[{"href":"https:\/\/www.zmc.it\/es\/wp-json\/wp\/v2\/media?parent=3980"}],"curies":[{"name":"wp","href":"https:\/\/api.w.org\/{rel}","templated":true}]}}