{"id":3978,"date":"2018-03-16T06:58:07","date_gmt":"2018-03-16T06:58:07","guid":{"rendered":"https:\/\/www.zmc.it\/note-tecniche\/"},"modified":"2025-07-09T09:37:37","modified_gmt":"2025-07-09T09:37:37","slug":"notas-tecnicas","status":"publish","type":"page","link":"https:\/\/www.zmc.it\/es\/notas-tecnicas\/","title":{"rendered":"Notas T\u00e9cnicas"},"content":{"rendered":"<h1>Notas T\u00e9cnicas<\/h1>\n<div>En las Notas t\u00e9cnicas puede encontrar los procedimientos de c\u00e1lculo que le permiten elegir la cadena adecuada para cada aplicaci\u00f3n, teniendo en cuenta los principales casos de configuraci\u00f3n del sistema.<\/p>\n<p>Otra informaci\u00f3n general \u00fatil sobre las cadenas de transporte y su uso correcto tambi\u00e9n est\u00e1n disponibles.<\/p>\n<p>Cuando las Notas t\u00e9cnicas no son suficientes para resolver cualquier duda, siempre es posible acceder directamente a los conocimientos t\u00e9cnicos de ZMC contact\u00e1ndonos a trav\u00e9s de nuestra red comercial.<\/p>\n<\/div>\n<p><p>\n        <a href=\"\/wp-content\/uploads\/ZMC-cap01-Espanol.pdf\">Descarga las notas t\u00e9cnicas<\/a>\n    <\/p>\n<\/p>\n<h1>Coronas y Pi\u00f1ones<\/h1>\n<p><img decoding=\"async\" src=\"\/wp-content\/uploads\/corpignoni_disegni_catalogo1.jpg\" alt=\"\"><\/p>\n<p><p>\n        <a href=\"\/wp-content\/uploads\/Coronas-y-Pinones.pdf\">Descarga el documento completo sobre coronas y pi\u00f1ones<\/a>\n    <\/p>\n<\/p>\n<p><!--more--><br \/>\n<!-- {\"type\":\"layout\",\"children\":[{\"name\":\"BREAD\",\"type\":\"section\",\"props\":{\"image_position\":\"center-center\",\"padding\":\"xsmall\",\"padding_remove_bottom\":true,\"style\":\"default\",\"title_breakpoint\":\"xl\",\"title_position\":\"top-left\",\"title_rotation\":\"left\",\"vertical_align\":\"\",\"width\":\"default\"},\"children\":[{\"type\":\"row\",\"children\":[{\"type\":\"column\",\"props\":{\"image_position\":\"center-center\",\"position_sticky_breakpoint\":\"m\",\"width_medium\":\"1-1\"},\"children\":[{\"type\":\"headline\",\"props\":{\"content\":\"Notas T\\u00e9cnicas\",\"title_element\":\"h1\"}}]}]}]},{\"type\":\"section\",\"props\":{\"image_position\":\"center-center\",\"style\":\"default\",\"title_breakpoint\":\"xl\",\"title_position\":\"top-left\",\"title_rotation\":\"left\",\"vertical_align\":\"\",\"width\":\"default\"},\"children\":[{\"type\":\"row\",\"children\":[{\"type\":\"column\",\"props\":{\"image_position\":\"center-center\",\"position_sticky_breakpoint\":\"m\",\"width_medium\":\"1-1\"},\"children\":[{\"type\":\"text\",\"props\":{\"column_breakpoint\":\"m\",\"content\":\"En las Notas t\\u00e9cnicas puede encontrar los procedimientos de c\\u00e1lculo que le permiten elegir la cadena adecuada para cada aplicaci\\u00f3n, teniendo en cuenta los principales casos de configuraci\\u00f3n del sistema.<\\\/p>\\nOtra informaci\\u00f3n general \\u00fatil sobre las cadenas de transporte y su uso correcto tambi\\u00e9n est\\u00e1n disponibles.<\\\/p>\\nCuando las Notas t\\u00e9cnicas no son suficientes para resolver cualquier duda, siempre es posible acceder directamente a los conocimientos t\\u00e9cnicos de ZMC contact\\u00e1ndonos a trav\\u00e9s de nuestra red comercial.<\\\/p>\",\"margin\":\"default\"}},{\"type\":\"button\",\"props\":{\"button_size\":\"large\",\"class\":\"bottone-scarica\",\"fullwidth\":false,\"grid_column_gap\":\"small\",\"grid_row_gap\":\"small\",\"margin\":\"default\",\"maxwidth\":\"2xlarge\"},\"children\":[{\"type\":\"button_item\",\"props\":{\"button_style\":\"primary\",\"content\":\"Descarga las notas t\\u00e9cnicas\",\"dialog_layout\":\"modal\",\"dialog_offcanvas_flip\":true,\"icon\":\"download\",\"icon_align\":\"left\",\"link\":\"wp-content\\\/uploads\\\/ZMC-cap01-Espanol.pdf\",\"link_target\":\"blank\"}}]}]}]}]},{\"type\":\"section\",\"props\":{\"image_position\":\"center-center\",\"style\":\"default\",\"title_breakpoint\":\"xl\",\"title_position\":\"top-left\",\"title_rotation\":\"left\",\"vertical_align\":\"middle\",\"width\":\"default\"},\"children\":[{\"type\":\"row\",\"children\":[{\"type\":\"column\",\"props\":{\"image_position\":\"center-center\",\"position_sticky_breakpoint\":\"m\"},\"children\":[{\"type\":\"headline\",\"props\":{\"content\":\"Coronas y Pi\\u00f1ones\",\"title_element\":\"h1\"}},{\"type\":\"image\",\"props\":{\"image\":\"wp-content\\\/uploads\\\/corpignoni_disegni_catalogo1.jpg\",\"image_svg_color\":\"emphasis\",\"margin\":\"default\"}},{\"type\":\"button\",\"props\":{\"button_size\":\"large\",\"class\":\"bottone-scarica\",\"fullwidth\":false,\"grid_column_gap\":\"small\",\"grid_row_gap\":\"small\",\"margin\":\"default\",\"maxwidth\":\"2xlarge\"},\"children\":[{\"type\":\"button_item\",\"props\":{\"button_style\":\"primary\",\"content\":\"Descarga el documento completo sobre coronas y pi\\u00f1ones\",\"dialog_layout\":\"modal\",\"dialog_offcanvas_flip\":true,\"icon\":\"download\",\"icon_align\":\"left\",\"link\":\"wp-content\\\/uploads\\\/Coronas-y-Pinones.pdf\",\"link_target\":\"blank\"}}]}]}]}]}],\"version\":\"4.5.4\"} --><\/p>\n","protected":false},"excerpt":{"rendered":"<p>Notas T\u00e9cnicas En las Notas t\u00e9cnicas puede encontrar los procedimientos de c\u00e1lculo que le permiten elegir la cadena adecuada para cada aplicaci\u00f3n, teniendo en cuenta los principales casos de configuraci\u00f3n del sistema. Otra informaci\u00f3n general \u00fatil sobre las cadenas de transporte y su uso correcto tambi\u00e9n est\u00e1n disponibles. Cuando las Notas t\u00e9cnicas no son suficientes [&hellip;]<\/p>\n","protected":false},"author":1,"featured_media":0,"parent":0,"menu_order":0,"comment_status":"closed","ping_status":"closed","template":"","meta":{"footnotes":""},"class_list":["post-3978","page","type-page","status-publish","hentry"],"yoast_head":"<!-- This site is optimized with the Yoast SEO plugin v27.5 - https:\/\/yoast.com\/product\/yoast-seo-wordpress\/ -->\n<title>Notas tecnicas ZMC Cadena transportadora industrial<\/title>\n<meta name=\"description\" content=\"Descarga el documento con las notas tecnicas con procedimientos de c\u00e1lculo que le permiten elegir la cadena adecuada para cada aplicaci\u00f3n.\" \/>\n<meta name=\"robots\" content=\"index, follow, max-snippet:-1, max-image-preview:large, max-video-preview:-1\" \/>\n<link rel=\"canonical\" href=\"https:\/\/www.zmc.it\/es\/notas-tecnicas\/\" \/>\n<meta property=\"og:locale\" content=\"es_ES\" \/>\n<meta property=\"og:type\" content=\"article\" \/>\n<meta property=\"og:title\" content=\"Notas tecnicas ZMC Cadena transportadora industrial\" \/>\n<meta property=\"og:description\" content=\"Descarga el documento con las notas tecnicas con procedimientos de c\u00e1lculo que le permiten elegir la cadena adecuada para cada aplicaci\u00f3n.\" \/>\n<meta property=\"og:url\" content=\"https:\/\/www.zmc.it\/es\/notas-tecnicas\/\" \/>\n<meta property=\"og:site_name\" content=\"ZMC Italy\" \/>\n<meta property=\"article:modified_time\" content=\"2025-07-09T09:37:37+00:00\" \/>\n<meta property=\"og:image\" content=\"https:\/\/www.zmc.it\/wp-content\/uploads\/FOTO-SLIDER-2.jpg\" \/>\n\t<meta property=\"og:image:width\" content=\"1600\" \/>\n\t<meta property=\"og:image:height\" content=\"500\" \/>\n\t<meta property=\"og:image:type\" content=\"image\/jpeg\" \/>\n<meta name=\"twitter:card\" content=\"summary_large_image\" \/>\n<meta name=\"twitter:label1\" content=\"Tiempo de lectura\" \/>\n\t<meta name=\"twitter:data1\" content=\"1 minuto\" \/>\n<script type=\"application\/ld+json\" class=\"yoast-schema-graph\">{\"@context\":\"https:\\\/\\\/schema.org\",\"@graph\":[{\"@type\":\"WebPage\",\"@id\":\"https:\\\/\\\/www.zmc.it\\\/es\\\/notas-tecnicas\\\/\",\"url\":\"https:\\\/\\\/www.zmc.it\\\/es\\\/notas-tecnicas\\\/\",\"name\":\"Notas tecnicas ZMC Cadena transportadora industrial\",\"isPartOf\":{\"@id\":\"https:\\\/\\\/www.zmc.it\\\/#website\"},\"datePublished\":\"2018-03-16T06:58:07+00:00\",\"dateModified\":\"2025-07-09T09:37:37+00:00\",\"description\":\"Descarga el documento con las notas tecnicas con procedimientos de c\u00e1lculo que le permiten elegir la cadena adecuada para cada aplicaci\u00f3n.\",\"breadcrumb\":{\"@id\":\"https:\\\/\\\/www.zmc.it\\\/es\\\/notas-tecnicas\\\/#breadcrumb\"},\"inLanguage\":\"es\",\"potentialAction\":[{\"@type\":\"ReadAction\",\"target\":[\"https:\\\/\\\/www.zmc.it\\\/es\\\/notas-tecnicas\\\/\"]}]},{\"@type\":\"BreadcrumbList\",\"@id\":\"https:\\\/\\\/www.zmc.it\\\/es\\\/notas-tecnicas\\\/#breadcrumb\",\"itemListElement\":[{\"@type\":\"ListItem\",\"position\":1,\"name\":\"Home\",\"item\":\"https:\\\/\\\/www.zmc.it\\\/es\\\/\"},{\"@type\":\"ListItem\",\"position\":2,\"name\":\"Notas T\u00e9cnicas\"}]},{\"@type\":\"WebSite\",\"@id\":\"https:\\\/\\\/www.zmc.it\\\/#website\",\"url\":\"https:\\\/\\\/www.zmc.it\\\/\",\"name\":\"ZMC Italy\",\"description\":\"\",\"publisher\":{\"@id\":\"https:\\\/\\\/www.zmc.it\\\/#organization\"},\"potentialAction\":[{\"@type\":\"SearchAction\",\"target\":{\"@type\":\"EntryPoint\",\"urlTemplate\":\"https:\\\/\\\/www.zmc.it\\\/?s={search_term_string}\"},\"query-input\":{\"@type\":\"PropertyValueSpecification\",\"valueRequired\":true,\"valueName\":\"search_term_string\"}}],\"inLanguage\":\"es\"},{\"@type\":\"Organization\",\"@id\":\"https:\\\/\\\/www.zmc.it\\\/#organization\",\"name\":\"ZMC Italy\",\"url\":\"https:\\\/\\\/www.zmc.it\\\/\",\"logo\":{\"@type\":\"ImageObject\",\"inLanguage\":\"es\",\"@id\":\"https:\\\/\\\/www.zmc.it\\\/#\\\/schema\\\/logo\\\/image\\\/\",\"url\":\"https:\\\/\\\/www.zmc.it\\\/wp-content\\\/uploads\\\/zmc-logo.png\",\"contentUrl\":\"https:\\\/\\\/www.zmc.it\\\/wp-content\\\/uploads\\\/zmc-logo.png\",\"width\":150,\"height\":75,\"caption\":\"ZMC Italy\"},\"image\":{\"@id\":\"https:\\\/\\\/www.zmc.it\\\/#\\\/schema\\\/logo\\\/image\\\/\"},\"sameAs\":[\"https:\\\/\\\/www.linkedin.com\\\/company\\\/z.m.c.-italia-s.r.l.\\\/about\\\/\"]}]}<\/script>\n<!-- \/ Yoast SEO plugin. -->","yoast_head_json":{"title":"Notas tecnicas ZMC Cadena transportadora industrial","description":"Descarga el documento con las notas tecnicas con procedimientos de c\u00e1lculo que le permiten elegir la cadena adecuada para cada aplicaci\u00f3n.","robots":{"index":"index","follow":"follow","max-snippet":"max-snippet:-1","max-image-preview":"max-image-preview:large","max-video-preview":"max-video-preview:-1"},"canonical":"https:\/\/www.zmc.it\/es\/notas-tecnicas\/","og_locale":"es_ES","og_type":"article","og_title":"Notas tecnicas ZMC Cadena transportadora industrial","og_description":"Descarga el documento con las notas tecnicas con procedimientos de c\u00e1lculo que le permiten elegir la cadena adecuada para cada aplicaci\u00f3n.","og_url":"https:\/\/www.zmc.it\/es\/notas-tecnicas\/","og_site_name":"ZMC Italy","article_modified_time":"2025-07-09T09:37:37+00:00","og_image":[{"width":1600,"height":500,"url":"https:\/\/www.zmc.it\/wp-content\/uploads\/FOTO-SLIDER-2.jpg","type":"image\/jpeg"}],"twitter_card":"summary_large_image","twitter_misc":{"Tiempo de lectura":"1 minuto"},"schema":{"@context":"https:\/\/schema.org","@graph":[{"@type":"WebPage","@id":"https:\/\/www.zmc.it\/es\/notas-tecnicas\/","url":"https:\/\/www.zmc.it\/es\/notas-tecnicas\/","name":"Notas tecnicas ZMC Cadena transportadora industrial","isPartOf":{"@id":"https:\/\/www.zmc.it\/#website"},"datePublished":"2018-03-16T06:58:07+00:00","dateModified":"2025-07-09T09:37:37+00:00","description":"Descarga el documento con las notas tecnicas con procedimientos de c\u00e1lculo que le permiten elegir la cadena adecuada para cada aplicaci\u00f3n.","breadcrumb":{"@id":"https:\/\/www.zmc.it\/es\/notas-tecnicas\/#breadcrumb"},"inLanguage":"es","potentialAction":[{"@type":"ReadAction","target":["https:\/\/www.zmc.it\/es\/notas-tecnicas\/"]}]},{"@type":"BreadcrumbList","@id":"https:\/\/www.zmc.it\/es\/notas-tecnicas\/#breadcrumb","itemListElement":[{"@type":"ListItem","position":1,"name":"Home","item":"https:\/\/www.zmc.it\/es\/"},{"@type":"ListItem","position":2,"name":"Notas T\u00e9cnicas"}]},{"@type":"WebSite","@id":"https:\/\/www.zmc.it\/#website","url":"https:\/\/www.zmc.it\/","name":"ZMC Italy","description":"","publisher":{"@id":"https:\/\/www.zmc.it\/#organization"},"potentialAction":[{"@type":"SearchAction","target":{"@type":"EntryPoint","urlTemplate":"https:\/\/www.zmc.it\/?s={search_term_string}"},"query-input":{"@type":"PropertyValueSpecification","valueRequired":true,"valueName":"search_term_string"}}],"inLanguage":"es"},{"@type":"Organization","@id":"https:\/\/www.zmc.it\/#organization","name":"ZMC Italy","url":"https:\/\/www.zmc.it\/","logo":{"@type":"ImageObject","inLanguage":"es","@id":"https:\/\/www.zmc.it\/#\/schema\/logo\/image\/","url":"https:\/\/www.zmc.it\/wp-content\/uploads\/zmc-logo.png","contentUrl":"https:\/\/www.zmc.it\/wp-content\/uploads\/zmc-logo.png","width":150,"height":75,"caption":"ZMC Italy"},"image":{"@id":"https:\/\/www.zmc.it\/#\/schema\/logo\/image\/"},"sameAs":["https:\/\/www.linkedin.com\/company\/z.m.c.-italia-s.r.l.\/about\/"]}]}},"_links":{"self":[{"href":"https:\/\/www.zmc.it\/es\/wp-json\/wp\/v2\/pages\/3978","targetHints":{"allow":["GET"]}}],"collection":[{"href":"https:\/\/www.zmc.it\/es\/wp-json\/wp\/v2\/pages"}],"about":[{"href":"https:\/\/www.zmc.it\/es\/wp-json\/wp\/v2\/types\/page"}],"author":[{"embeddable":true,"href":"https:\/\/www.zmc.it\/es\/wp-json\/wp\/v2\/users\/1"}],"replies":[{"embeddable":true,"href":"https:\/\/www.zmc.it\/es\/wp-json\/wp\/v2\/comments?post=3978"}],"version-history":[{"count":3,"href":"https:\/\/www.zmc.it\/es\/wp-json\/wp\/v2\/pages\/3978\/revisions"}],"predecessor-version":[{"id":10020,"href":"https:\/\/www.zmc.it\/es\/wp-json\/wp\/v2\/pages\/3978\/revisions\/10020"}],"wp:attachment":[{"href":"https:\/\/www.zmc.it\/es\/wp-json\/wp\/v2\/media?parent=3978"}],"curies":[{"name":"wp","href":"https:\/\/api.w.org\/{rel}","templated":true}]}}