{"id":3977,"date":"2018-06-29T15:41:28","date_gmt":"2018-06-29T15:41:28","guid":{"rendered":"https:\/\/www.zmc.it\/made-in-italy-quality\/"},"modified":"2020-09-17T15:55:27","modified_gmt":"2020-09-17T15:55:27","slug":"calidad-made-in-italy","status":"publish","type":"page","link":"https:\/\/www.zmc.it\/es\/calidad-made-in-italy\/","title":{"rendered":"Calidad Made in Italy"},"content":{"rendered":"<p>Calidad Made in Italy<\/p>\n<p>ZMC se enorgullece de sus ra\u00edces y de la estrecha relaci\u00f3n que siempre la ha vinculado a la regi\u00f3n en la que naci\u00f3 y se desarroll\u00f3. Proponer en el mercado un producto 100% Made in Italy significa garantizar una calidad constructiva alta y constante, pero tambi\u00e9n crear oportunidades de trabajo para la mano de obra local, mejorando la tradici\u00f3n de fabricaci\u00f3n de un distrito industrial de vanguardia como Varese y su provincia.<br \/>\nLas principales fases de construcci\u00f3n de nuestras cadenas, incluido el tratamiento t\u00e9rmico de los componentes, el corte por l\u00e1ser, la mayor parte del mecanizado, el montaje y todos los controles de calidad, se llevan a cabo en la f\u00e1brica de Cavaria. Algunas operaciones intermedias se conf\u00edan a artesanos especializados del \u00e1rea circundante, verdaderos centros de excelencia que han acompa\u00f1ado la evoluci\u00f3n de la compa\u00f1\u00eda desde un punto de vista tecnol\u00f3gico y productivo, contribuyendo al \u00e9xito de ZMC&nbsp; \u201cMade in Italy\u201d con sus propios recursos y conocimientos. .<\/p>\n<p><!-- {\"name\":\"\",\"type\":\"layout\",\"children\":[{\"name\":\"BREAD\",\"type\":\"section\",\"props\":{\"style\":\"default\",\"width\":\"default\",\"vertical_align\":\"middle\",\"title_position\":\"top-left\",\"title_rotation\":\"left\",\"title_breakpoint\":\"xl\",\"image_position\":\"center-center\",\"padding\":\"xsmall\",\"padding_remove_bottom\":true},\"children\":[{\"name\":\"\",\"type\":\"row\",\"props\":{\"fixed_width\":\"large\",\"breakpoint\":\"m\",\"layout\":\"1-1\"},\"children\":[{\"name\":\"\",\"type\":\"column\",\"props\":{\"widths\":[\"1-1\"],\"image_position\":\"center-center\"},\"children\":[{\"name\":\"\",\"type\":\"headline\",\"props\":{\"title_element\":\"h1\",\"content\":\"Calidad Made in Italy\",\"title_style\":\"\",\"title_decoration\":\"\",\"title_color\":\"\",\"text_align\":\"\",\"text_align_breakpoint\":\"\",\"text_align_fallback\":\"\",\"maxwidth\":\"\",\"maxwidth_align\":\"\",\"maxwidth_breakpoint\":\"\",\"margin\":\"\",\"animation\":\"\",\"visibility\":\"\"}}]}]}]},{\"name\":\"\",\"type\":\"section\",\"props\":{\"style\":\"default\",\"width\":\"default\",\"vertical_align\":\"middle\",\"title_position\":\"top-left\",\"title_rotation\":\"left\",\"title_breakpoint\":\"xl\",\"image_position\":\"center-center\"},\"children\":[{\"name\":\"\",\"type\":\"row\",\"props\":{\"fixed_width\":\"large\",\"breakpoint\":\"m\",\"layout\":\"1-1\"},\"children\":[{\"name\":\"\",\"type\":\"column\",\"props\":{\"widths\":[\"1-1\"],\"image_position\":\"center-center\"},\"children\":[{\"name\":\"\",\"type\":\"text\",\"props\":{\"margin\":\"default\",\"column_breakpoint\":\"m\",\"content\":\"ZMC se enorgullece de sus ra\\u00edces y de la estrecha relaci\\u00f3n que siempre la ha vinculado a la regi\\u00f3n en la que naci\\u00f3 y se desarroll\\u00f3. Proponer en el mercado un producto 100% Made in Italy significa garantizar una calidad constructiva alta y constante, pero tambi\\u00e9n crear oportunidades de trabajo para la mano de obra local, mejorando la tradici\\u00f3n de fabricaci\\u00f3n de un distrito industrial de vanguardia como Varese y su provincia.<\\\/p>\\nLas principales fases de construcci\\u00f3n de nuestras cadenas, incluido el tratamiento t\\u00e9rmico de los componentes, el corte por l\\u00e1ser, la mayor parte del mecanizado, el montaje y todos los controles de calidad, se llevan a cabo en la f\\u00e1brica de Cavaria. Algunas operaciones intermedias se conf\\u00edan a artesanos especializados del \\u00e1rea circundante, verdaderos centros de excelencia que han acompa\\u00f1ado la evoluci\\u00f3n de la compa\\u00f1\\u00eda desde un punto de vista tecnol\\u00f3gico y productivo, contribuyendo al \\u00e9xito de ZMC\\u00a0 \\u201cMade in Italy\\u201d con sus propios recursos y conocimientos. .<\\\/p>\",\"text_style\":\"\",\"text_color\":\"\",\"text_size\":\"\",\"column\":\"\",\"text_align\":\"\",\"text_align_breakpoint\":\"\",\"text_align_fallback\":\"\",\"maxwidth\":\"\",\"maxwidth_align\":\"\",\"maxwidth_breakpoint\":\"\",\"animation\":\"\",\"visibility\":\"\"}}]}]}]}]} --><\/p>\n","protected":false},"excerpt":{"rendered":"<p>Calidad Made in Italy ZMC se enorgullece de sus ra\u00edces y de la estrecha relaci\u00f3n que siempre la ha vinculado a la regi\u00f3n en la que naci\u00f3 y se desarroll\u00f3. Proponer en el mercado un producto 100% Made in Italy significa garantizar una calidad constructiva alta y constante, pero tambi\u00e9n crear oportunidades de trabajo para [&hellip;]<\/p>\n","protected":false},"author":1,"featured_media":0,"parent":0,"menu_order":0,"comment_status":"closed","ping_status":"closed","template":"","meta":{"footnotes":""},"class_list":["post-3977","page","type-page","status-publish","hentry"],"yoast_head":"<!-- This site is optimized with the Yoast SEO plugin v27.5 - https:\/\/yoast.com\/product\/yoast-seo-wordpress\/ -->\n<title>Empresa italiana y calidad made in Italy - ZMC fabricante de cadenas<\/title>\n<meta name=\"description\" content=\"ZMC es una empresa italiana. Ofrecemos cadenas estandares e especiales con calidade made in Italy. Cont\u00e1ctenos!\" \/>\n<meta name=\"robots\" content=\"index, follow, max-snippet:-1, max-image-preview:large, max-video-preview:-1\" \/>\n<link rel=\"canonical\" href=\"https:\/\/www.zmc.it\/es\/calidad-made-in-italy\/\" \/>\n<meta property=\"og:locale\" content=\"es_ES\" \/>\n<meta property=\"og:type\" content=\"article\" \/>\n<meta property=\"og:title\" content=\"Empresa italiana y calidad made in Italy - ZMC fabricante de cadenas\" \/>\n<meta property=\"og:description\" content=\"ZMC es una empresa italiana. Ofrecemos cadenas estandares e especiales con calidade made in Italy. Cont\u00e1ctenos!\" \/>\n<meta property=\"og:url\" content=\"https:\/\/www.zmc.it\/es\/calidad-made-in-italy\/\" \/>\n<meta property=\"og:site_name\" content=\"ZMC Italy\" \/>\n<meta property=\"article:modified_time\" content=\"2020-09-17T15:55:27+00:00\" \/>\n<meta property=\"og:image\" content=\"https:\/\/www.zmc.it\/wp-content\/uploads\/FOTO-SLIDER-2.jpg\" \/>\n\t<meta property=\"og:image:width\" content=\"1600\" \/>\n\t<meta property=\"og:image:height\" content=\"500\" \/>\n\t<meta property=\"og:image:type\" content=\"image\/jpeg\" \/>\n<meta name=\"twitter:card\" content=\"summary_large_image\" \/>\n<meta name=\"twitter:label1\" content=\"Tiempo de lectura\" \/>\n\t<meta name=\"twitter:data1\" content=\"1 minuto\" \/>\n<script type=\"application\/ld+json\" class=\"yoast-schema-graph\">{\"@context\":\"https:\\\/\\\/schema.org\",\"@graph\":[{\"@type\":\"WebPage\",\"@id\":\"https:\\\/\\\/www.zmc.it\\\/es\\\/calidad-made-in-italy\\\/\",\"url\":\"https:\\\/\\\/www.zmc.it\\\/es\\\/calidad-made-in-italy\\\/\",\"name\":\"Empresa italiana y calidad made in Italy - ZMC fabricante de cadenas\",\"isPartOf\":{\"@id\":\"https:\\\/\\\/www.zmc.it\\\/#website\"},\"datePublished\":\"2018-06-29T15:41:28+00:00\",\"dateModified\":\"2020-09-17T15:55:27+00:00\",\"description\":\"ZMC es una empresa italiana. Ofrecemos cadenas estandares e especiales con calidade made in Italy. Cont\u00e1ctenos!\",\"breadcrumb\":{\"@id\":\"https:\\\/\\\/www.zmc.it\\\/es\\\/calidad-made-in-italy\\\/#breadcrumb\"},\"inLanguage\":\"es\",\"potentialAction\":[{\"@type\":\"ReadAction\",\"target\":[\"https:\\\/\\\/www.zmc.it\\\/es\\\/calidad-made-in-italy\\\/\"]}]},{\"@type\":\"BreadcrumbList\",\"@id\":\"https:\\\/\\\/www.zmc.it\\\/es\\\/calidad-made-in-italy\\\/#breadcrumb\",\"itemListElement\":[{\"@type\":\"ListItem\",\"position\":1,\"name\":\"Home\",\"item\":\"https:\\\/\\\/www.zmc.it\\\/es\\\/\"},{\"@type\":\"ListItem\",\"position\":2,\"name\":\"Calidad Made in Italy\"}]},{\"@type\":\"WebSite\",\"@id\":\"https:\\\/\\\/www.zmc.it\\\/#website\",\"url\":\"https:\\\/\\\/www.zmc.it\\\/\",\"name\":\"ZMC Italy\",\"description\":\"\",\"publisher\":{\"@id\":\"https:\\\/\\\/www.zmc.it\\\/#organization\"},\"potentialAction\":[{\"@type\":\"SearchAction\",\"target\":{\"@type\":\"EntryPoint\",\"urlTemplate\":\"https:\\\/\\\/www.zmc.it\\\/?s={search_term_string}\"},\"query-input\":{\"@type\":\"PropertyValueSpecification\",\"valueRequired\":true,\"valueName\":\"search_term_string\"}}],\"inLanguage\":\"es\"},{\"@type\":\"Organization\",\"@id\":\"https:\\\/\\\/www.zmc.it\\\/#organization\",\"name\":\"ZMC Italy\",\"url\":\"https:\\\/\\\/www.zmc.it\\\/\",\"logo\":{\"@type\":\"ImageObject\",\"inLanguage\":\"es\",\"@id\":\"https:\\\/\\\/www.zmc.it\\\/#\\\/schema\\\/logo\\\/image\\\/\",\"url\":\"https:\\\/\\\/www.zmc.it\\\/wp-content\\\/uploads\\\/zmc-logo.png\",\"contentUrl\":\"https:\\\/\\\/www.zmc.it\\\/wp-content\\\/uploads\\\/zmc-logo.png\",\"width\":150,\"height\":75,\"caption\":\"ZMC Italy\"},\"image\":{\"@id\":\"https:\\\/\\\/www.zmc.it\\\/#\\\/schema\\\/logo\\\/image\\\/\"},\"sameAs\":[\"https:\\\/\\\/www.linkedin.com\\\/company\\\/z.m.c.-italia-s.r.l.\\\/about\\\/\"]}]}<\/script>\n<!-- \/ Yoast SEO plugin. -->","yoast_head_json":{"title":"Empresa italiana y calidad made in Italy - ZMC fabricante de cadenas","description":"ZMC es una empresa italiana. Ofrecemos cadenas estandares e especiales con calidade made in Italy. Cont\u00e1ctenos!","robots":{"index":"index","follow":"follow","max-snippet":"max-snippet:-1","max-image-preview":"max-image-preview:large","max-video-preview":"max-video-preview:-1"},"canonical":"https:\/\/www.zmc.it\/es\/calidad-made-in-italy\/","og_locale":"es_ES","og_type":"article","og_title":"Empresa italiana y calidad made in Italy - ZMC fabricante de cadenas","og_description":"ZMC es una empresa italiana. Ofrecemos cadenas estandares e especiales con calidade made in Italy. Cont\u00e1ctenos!","og_url":"https:\/\/www.zmc.it\/es\/calidad-made-in-italy\/","og_site_name":"ZMC Italy","article_modified_time":"2020-09-17T15:55:27+00:00","og_image":[{"width":1600,"height":500,"url":"https:\/\/www.zmc.it\/wp-content\/uploads\/FOTO-SLIDER-2.jpg","type":"image\/jpeg"}],"twitter_card":"summary_large_image","twitter_misc":{"Tiempo de lectura":"1 minuto"},"schema":{"@context":"https:\/\/schema.org","@graph":[{"@type":"WebPage","@id":"https:\/\/www.zmc.it\/es\/calidad-made-in-italy\/","url":"https:\/\/www.zmc.it\/es\/calidad-made-in-italy\/","name":"Empresa italiana y calidad made in Italy - ZMC fabricante de cadenas","isPartOf":{"@id":"https:\/\/www.zmc.it\/#website"},"datePublished":"2018-06-29T15:41:28+00:00","dateModified":"2020-09-17T15:55:27+00:00","description":"ZMC es una empresa italiana. Ofrecemos cadenas estandares e especiales con calidade made in Italy. Cont\u00e1ctenos!","breadcrumb":{"@id":"https:\/\/www.zmc.it\/es\/calidad-made-in-italy\/#breadcrumb"},"inLanguage":"es","potentialAction":[{"@type":"ReadAction","target":["https:\/\/www.zmc.it\/es\/calidad-made-in-italy\/"]}]},{"@type":"BreadcrumbList","@id":"https:\/\/www.zmc.it\/es\/calidad-made-in-italy\/#breadcrumb","itemListElement":[{"@type":"ListItem","position":1,"name":"Home","item":"https:\/\/www.zmc.it\/es\/"},{"@type":"ListItem","position":2,"name":"Calidad Made in Italy"}]},{"@type":"WebSite","@id":"https:\/\/www.zmc.it\/#website","url":"https:\/\/www.zmc.it\/","name":"ZMC Italy","description":"","publisher":{"@id":"https:\/\/www.zmc.it\/#organization"},"potentialAction":[{"@type":"SearchAction","target":{"@type":"EntryPoint","urlTemplate":"https:\/\/www.zmc.it\/?s={search_term_string}"},"query-input":{"@type":"PropertyValueSpecification","valueRequired":true,"valueName":"search_term_string"}}],"inLanguage":"es"},{"@type":"Organization","@id":"https:\/\/www.zmc.it\/#organization","name":"ZMC Italy","url":"https:\/\/www.zmc.it\/","logo":{"@type":"ImageObject","inLanguage":"es","@id":"https:\/\/www.zmc.it\/#\/schema\/logo\/image\/","url":"https:\/\/www.zmc.it\/wp-content\/uploads\/zmc-logo.png","contentUrl":"https:\/\/www.zmc.it\/wp-content\/uploads\/zmc-logo.png","width":150,"height":75,"caption":"ZMC Italy"},"image":{"@id":"https:\/\/www.zmc.it\/#\/schema\/logo\/image\/"},"sameAs":["https:\/\/www.linkedin.com\/company\/z.m.c.-italia-s.r.l.\/about\/"]}]}},"_links":{"self":[{"href":"https:\/\/www.zmc.it\/es\/wp-json\/wp\/v2\/pages\/3977","targetHints":{"allow":["GET"]}}],"collection":[{"href":"https:\/\/www.zmc.it\/es\/wp-json\/wp\/v2\/pages"}],"about":[{"href":"https:\/\/www.zmc.it\/es\/wp-json\/wp\/v2\/types\/page"}],"author":[{"embeddable":true,"href":"https:\/\/www.zmc.it\/es\/wp-json\/wp\/v2\/users\/1"}],"replies":[{"embeddable":true,"href":"https:\/\/www.zmc.it\/es\/wp-json\/wp\/v2\/comments?post=3977"}],"version-history":[{"count":0,"href":"https:\/\/www.zmc.it\/es\/wp-json\/wp\/v2\/pages\/3977\/revisions"}],"wp:attachment":[{"href":"https:\/\/www.zmc.it\/es\/wp-json\/wp\/v2\/media?parent=3977"}],"curies":[{"name":"wp","href":"https:\/\/api.w.org\/{rel}","templated":true}]}}