{"id":3975,"date":"2018-03-16T06:54:10","date_gmt":"2018-03-16T06:54:10","guid":{"rendered":"https:\/\/www.zmc.it\/cosa-facciamo\/"},"modified":"2021-07-27T16:00:52","modified_gmt":"2021-07-27T16:00:52","slug":"que-hacemos","status":"publish","type":"page","link":"https:\/\/www.zmc.it\/es\/que-hacemos\/","title":{"rendered":"Que hacemos"},"content":{"rendered":"<p>Que hacemos<\/p>\n<p>\u00abConstruimos cadenas de transporte industrial\u00bb<br \/>\n&#8211; Especial para cada aplicaci\u00f3n;- Bajo dise\u00f1o del cliente;- A las normas ISO-DIN-BRITISH STANDARD-ANSI;- No unificadas- Con paso m\u00e9trico o pulgada;<\/p>\n<p>Rango de producci\u00f3n<\/p>\n<p>Paso de cadena<br \/>\nde 25,00 mm. a 600.00 mm y superior, si es necesario.<\/p>\n<p>Carga de rotura<br \/>\nhasta 3,000,000 N.<\/p>\n<p>Espesor de placas<br \/>\nde 2,00 mm. Hasta 60.00 mm.<\/p>\n<p>Materiales de construcci\u00f3n<br \/>\nDel acero estructural (Fe) a las aleaciones de n\u00edquel<\/p>\n<p>Tratamientos t\u00e9rmicos<br \/>\nTodos los principales tratamientos t\u00e9rmicos termoqu\u00edmicos (recuperaci\u00f3n, endurecimiento de alta frecuencia, cementaci\u00f3n de endurecimiento, nitruraci\u00f3n, oxyinitrocarburizaci\u00f3n, etc.).<\/p>\n<p>Revestimientos<br \/>\ngalv\u00e1nicos y qu\u00edmicos principales (galvanizado en caliente y electrol\u00edtico, fosfatado, n\u00edquel qu\u00edmico, zinc-zinc, zinc-n\u00edquel, etc.).<\/p>\n<p>Suministramos coronas y pi\u00f1ones\u00a0para cada tipo de cadena.<\/p>\n<p>La filosof\u00eda de nuestra empresa se basa en la centralidad del cliente.<\/p>\n<p><!-- {\"name\":\"\",\"type\":\"layout\",\"children\":[{\"name\":\"BREAD\",\"type\":\"section\",\"props\":{\"style\":\"default\",\"width\":\"default\",\"vertical_align\":\"middle\",\"title_position\":\"top-left\",\"title_rotation\":\"left\",\"title_breakpoint\":\"xl\",\"image_position\":\"center-center\",\"padding\":\"xsmall\",\"padding_remove_bottom\":true},\"children\":[{\"name\":\"\",\"type\":\"row\",\"props\":{\"fixed_width\":\"large\",\"breakpoint\":\"m\",\"layout\":\"1-1\"},\"children\":[{\"name\":\"\",\"type\":\"column\",\"props\":{\"widths\":[\"1-1\"],\"image_position\":\"center-center\"},\"children\":[{\"name\":\"\",\"type\":\"headline\",\"props\":{\"title_element\":\"h1\",\"content\":\"\n\n<p>Que hacemos<\\\/p>\",\"title_style\":\"\",\"title_decoration\":\"\",\"title_color\":\"\",\"text_align\":\"\",\"text_align_breakpoint\":\"\",\"text_align_fallback\":\"\",\"maxwidth\":\"\",\"maxwidth_align\":\"\",\"maxwidth_breakpoint\":\"\",\"margin\":\"\",\"animation\":\"\",\"visibility\":\"\"}}]}]}]},{\"name\":\"\",\"type\":\"section\",\"props\":{\"style\":\"default\",\"width\":\"default\",\"vertical_align\":\"middle\",\"title_position\":\"top-left\",\"title_rotation\":\"left\",\"title_breakpoint\":\"xl\",\"image_position\":\"center-center\"},\"children\":[{\"name\":\"\",\"type\":\"row\",\"props\":{\"fixed_width\":\"large\",\"breakpoint\":\"m\",\"layout\":\"2-3,\"},\"children\":[{\"name\":\"\",\"type\":\"column\",\"props\":{\"widths\":[\"2-3\"],\"image_position\":\"center-center\"},\"children\":[{\"name\":\"\",\"type\":\"text\",\"props\":{\"margin\":\"default\",\"column_breakpoint\":\"m\",\"content\":\"\n\n<h4><strong>\\\"Construimos cadenas de transporte industrial\\\"<\\\/strong><\\\/h4>\\n\n\n<p>- Especial para cada aplicaci\\u00f3n;<br \\\/>- Bajo dise\\u00f1o del cliente;<br \\\/>- A las normas ISO-DIN-BRITISH STANDARD-ANSI;<br \\\/>- No unificadas<br \\\/>- Con paso m\\u00e9trico o pulgada;<\\\/p>\",\"text_style\":\"\",\"text_color\":\"\",\"text_size\":\"\",\"column\":\"\",\"text_align\":\"\",\"text_align_breakpoint\":\"\",\"text_align_fallback\":\"\",\"maxwidth\":\"\",\"maxwidth_align\":\"\",\"maxwidth_breakpoint\":\"\",\"animation\":\"\",\"visibility\":\"\"}},{\"name\":\"\",\"type\":\"text\",\"props\":{\"margin\":\"default\",\"column_breakpoint\":\"m\",\"content\":\"\n\n<p><strong>Rango de producci\\u00f3n<\\\/strong><\\\/p>\\n\n\n<table border=\\\"0\\\" cellspacing=\\\"1\\\" cellpadding=\\\"2\\\">\\n\n\n<tbody>\\n\n\n<tr>\\n\n\n<td style=\\\"background-color: #eaeaea;\\\"><strong>Paso de cadena <\\\/strong><\\\/td>\\n\n\n<td style=\\\"background-color: #eaeaea;\\\">de 25,00 mm. a 600.00 mm y superior, si es necesario.<\\\/td>\\n<\\\/tr>\\n\n\n<tr>\\n\n\n<td style=\\\"background-color: #eaeaea;\\\"><strong>Carga de rotura <\\\/strong><\\\/td>\\n\n\n<td style=\\\"background-color: #eaeaea;\\\">hasta 3,000,000 N.<\\\/td>\\n<\\\/tr>\\n\n\n<tr>\\n\n\n<td style=\\\"background-color: #eaeaea;\\\"><strong>Espesor de placas <\\\/strong><\\\/td>\\n\n\n<td style=\\\"background-color: #eaeaea;\\\">de 2,00 mm. Hasta 60.00 mm.<\\\/td>\\n<\\\/tr>\\n\n\n<tr>\\n\n\n<td style=\\\"background-color: #eaeaea;\\\"><strong>Materiales de construcci\\u00f3n<\\\/strong><\\\/td>\\n\n\n<td style=\\\"background-color: #eaeaea;\\\">Del acero estructural (Fe) a las aleaciones de n\\u00edquel<\\\/td>\\n<\\\/tr>\\n\n\n<tr>\\n\n\n<td style=\\\"background-color: #eaeaea;\\\"><strong>Tratamientos t\\u00e9rmicos<\\\/strong><\\\/td>\\n\n\n<td style=\\\"background-color: #eaeaea;\\\">Todos los principales tratamientos t\\u00e9rmicos termoqu\\u00edmicos (recuperaci\\u00f3n, endurecimiento de alta frecuencia, cementaci\\u00f3n de endurecimiento, nitruraci\\u00f3n, oxyinitrocarburizaci\\u00f3n, etc.).<\\\/td>\\n<\\\/tr>\\n\n\n<tr>\\n\n\n<td style=\\\"background-color: #eaeaea;\\\"><strong>Revestimientos<\\\/strong><\\\/td>\\n\n\n<td style=\\\"background-color: #eaeaea;\\\">galv\\u00e1nicos y qu\\u00edmicos principales (galvanizado en caliente y electrol\\u00edtico, fosfatado, n\\u00edquel qu\\u00edmico, zinc-zinc, zinc-n\\u00edquel, etc.).<\\\/td>\\n<\\\/tr>\\n<\\\/tbody>\\n<\\\/table>\",\"text_style\":\"\",\"text_color\":\"\",\"text_size\":\"\",\"column\":\"\",\"text_align\":\"\",\"text_align_breakpoint\":\"\",\"text_align_fallback\":\"\",\"maxwidth\":\"\",\"maxwidth_align\":\"\",\"maxwidth_breakpoint\":\"\",\"animation\":\"\",\"visibility\":\"\"}},{\"name\":\"\",\"type\":\"text\",\"props\":{\"margin\":\"default\",\"column_breakpoint\":\"m\",\"content\":\"\n\n<p>Suministramos <a href=\\\"\\\/es\\\/?p=1197\\\">coronas y pi\\u00f1ones<\\\/a>\\u00a0para cada tipo de cadena.<\\\/p>\",\"text_style\":\"\",\"text_color\":\"\",\"text_size\":\"\",\"column\":\"\",\"text_align\":\"\",\"text_align_breakpoint\":\"\",\"text_align_fallback\":\"\",\"maxwidth\":\"\",\"maxwidth_align\":\"\",\"maxwidth_breakpoint\":\"\",\"animation\":\"\",\"visibility\":\"\"}},{\"name\":\"\",\"type\":\"text\",\"props\":{\"margin\":\"default\",\"column_breakpoint\":\"m\",\"content\":\"\n\n<p>La filosof\\u00eda de nuestra empresa se basa en la centralidad del cliente.<\\\/p>\",\"text_style\":\"\",\"text_color\":\"\",\"text_size\":\"\",\"column\":\"\",\"text_align\":\"\",\"text_align_breakpoint\":\"\",\"text_align_fallback\":\"\",\"maxwidth\":\"\",\"maxwidth_align\":\"\",\"maxwidth_breakpoint\":\"\",\"animation\":\"\",\"visibility\":\"\"}}]},{\"name\":\"\",\"type\":\"column\",\"props\":{\"widths\":[\"\"],\"image_position\":\"center-center\"},\"children\":[{\"name\":\"\",\"type\":\"gallery\",\"props\":{\"show_title\":false,\"show_meta\":false,\"show_content\":false,\"show_link\":false,\"show_hover_image\":true,\"grid_default\":\"1\",\"grid_medium\":\"1\",\"overlay_mode\":\"cover\",\"overlay_position\":\"center\",\"overlay_transition\":\"fade\",\"title_element\":\"h3\",\"meta_style\":\"meta\",\"meta_align\":\"bottom\",\"text_align\":\"center\",\"margin\":\"default\",\"lightbox\":false},\"children\":[{\"name\":\"\",\"type\":\"gallery_item\",\"props\":{\"image\":\"wp-content\\\/uploads\\\/macchinario-1.jpg\"}},{\"name\":\"\",\"type\":\"gallery_item\",\"props\":{\"image\":\"wp-content\\\/uploads\\\/cosa-facc.jpg\"}},{\"name\":\"\",\"type\":\"gallery_item\",\"props\":{\"image\":\"wp-content\\\/uploads\\\/CatenaStandard-1.jpg\"}}]}]}]}]}]} --><\/p>\n","protected":false},"excerpt":{"rendered":"<p>Que hacemos \u00abConstruimos cadenas de transporte industrial\u00bb &#8211; Especial para cada aplicaci\u00f3n;- Bajo dise\u00f1o del cliente;- A las normas ISO-DIN-BRITISH STANDARD-ANSI;- No unificadas- Con paso m\u00e9trico o pulgada; Rango de producci\u00f3n Paso de cadena de 25,00 mm. a 600.00 mm y superior, si es necesario. Carga de rotura hasta 3,000,000 N. Espesor de placas de [&hellip;]<\/p>\n","protected":false},"author":1,"featured_media":0,"parent":0,"menu_order":0,"comment_status":"closed","ping_status":"closed","template":"","meta":{"footnotes":""},"class_list":["post-3975","page","type-page","status-publish","hentry"],"yoast_head":"<!-- This site is optimized with the Yoast SEO plugin v27.5 - https:\/\/yoast.com\/product\/yoast-seo-wordpress\/ -->\n<title>Venta de cadenas industriales - Coronas y pi\u00f1ones ZMC Italy<\/title>\n<meta name=\"description\" content=\"ZMC Italia produce y comercializa cadenas industriales, coronas y pi\u00f1ones. P\u00f3ngase en contacto con nosotros para m\u00e1s informaci\u00f3n.\" \/>\n<meta name=\"robots\" content=\"index, follow, max-snippet:-1, max-image-preview:large, max-video-preview:-1\" \/>\n<link rel=\"canonical\" href=\"https:\/\/www.zmc.it\/es\/que-hacemos\/\" \/>\n<meta property=\"og:locale\" content=\"es_ES\" \/>\n<meta property=\"og:type\" content=\"article\" \/>\n<meta property=\"og:title\" content=\"Venta de cadenas industriales - Coronas y pi\u00f1ones ZMC Italy\" \/>\n<meta property=\"og:description\" content=\"ZMC Italia produce y comercializa cadenas industriales, coronas y pi\u00f1ones. P\u00f3ngase en contacto con nosotros para m\u00e1s informaci\u00f3n.\" \/>\n<meta property=\"og:url\" content=\"https:\/\/www.zmc.it\/es\/que-hacemos\/\" \/>\n<meta property=\"og:site_name\" content=\"ZMC Italy\" \/>\n<meta property=\"article:modified_time\" content=\"2021-07-27T16:00:52+00:00\" \/>\n<meta property=\"og:image\" content=\"https:\/\/www.zmc.it\/wp-content\/uploads\/FOTO-SLIDER-2.jpg\" \/>\n\t<meta property=\"og:image:width\" content=\"1600\" \/>\n\t<meta property=\"og:image:height\" content=\"500\" \/>\n\t<meta property=\"og:image:type\" content=\"image\/jpeg\" \/>\n<meta name=\"twitter:card\" content=\"summary_large_image\" \/>\n<meta name=\"twitter:label1\" content=\"Tiempo de lectura\" \/>\n\t<meta name=\"twitter:data1\" content=\"1 minuto\" \/>\n<script type=\"application\/ld+json\" class=\"yoast-schema-graph\">{\"@context\":\"https:\\\/\\\/schema.org\",\"@graph\":[{\"@type\":\"WebPage\",\"@id\":\"https:\\\/\\\/www.zmc.it\\\/es\\\/que-hacemos\\\/\",\"url\":\"https:\\\/\\\/www.zmc.it\\\/es\\\/que-hacemos\\\/\",\"name\":\"Venta de cadenas industriales - Coronas y pi\u00f1ones ZMC Italy\",\"isPartOf\":{\"@id\":\"https:\\\/\\\/www.zmc.it\\\/#website\"},\"datePublished\":\"2018-03-16T06:54:10+00:00\",\"dateModified\":\"2021-07-27T16:00:52+00:00\",\"description\":\"ZMC Italia produce y comercializa cadenas industriales, coronas y pi\u00f1ones. P\u00f3ngase en contacto con nosotros para m\u00e1s informaci\u00f3n.\",\"breadcrumb\":{\"@id\":\"https:\\\/\\\/www.zmc.it\\\/es\\\/que-hacemos\\\/#breadcrumb\"},\"inLanguage\":\"es\",\"potentialAction\":[{\"@type\":\"ReadAction\",\"target\":[\"https:\\\/\\\/www.zmc.it\\\/es\\\/que-hacemos\\\/\"]}]},{\"@type\":\"BreadcrumbList\",\"@id\":\"https:\\\/\\\/www.zmc.it\\\/es\\\/que-hacemos\\\/#breadcrumb\",\"itemListElement\":[{\"@type\":\"ListItem\",\"position\":1,\"name\":\"Home\",\"item\":\"https:\\\/\\\/www.zmc.it\\\/es\\\/\"},{\"@type\":\"ListItem\",\"position\":2,\"name\":\"Que hacemos\"}]},{\"@type\":\"WebSite\",\"@id\":\"https:\\\/\\\/www.zmc.it\\\/#website\",\"url\":\"https:\\\/\\\/www.zmc.it\\\/\",\"name\":\"ZMC Italy\",\"description\":\"\",\"publisher\":{\"@id\":\"https:\\\/\\\/www.zmc.it\\\/#organization\"},\"potentialAction\":[{\"@type\":\"SearchAction\",\"target\":{\"@type\":\"EntryPoint\",\"urlTemplate\":\"https:\\\/\\\/www.zmc.it\\\/?s={search_term_string}\"},\"query-input\":{\"@type\":\"PropertyValueSpecification\",\"valueRequired\":true,\"valueName\":\"search_term_string\"}}],\"inLanguage\":\"es\"},{\"@type\":\"Organization\",\"@id\":\"https:\\\/\\\/www.zmc.it\\\/#organization\",\"name\":\"ZMC Italy\",\"url\":\"https:\\\/\\\/www.zmc.it\\\/\",\"logo\":{\"@type\":\"ImageObject\",\"inLanguage\":\"es\",\"@id\":\"https:\\\/\\\/www.zmc.it\\\/#\\\/schema\\\/logo\\\/image\\\/\",\"url\":\"https:\\\/\\\/www.zmc.it\\\/wp-content\\\/uploads\\\/zmc-logo.png\",\"contentUrl\":\"https:\\\/\\\/www.zmc.it\\\/wp-content\\\/uploads\\\/zmc-logo.png\",\"width\":150,\"height\":75,\"caption\":\"ZMC Italy\"},\"image\":{\"@id\":\"https:\\\/\\\/www.zmc.it\\\/#\\\/schema\\\/logo\\\/image\\\/\"},\"sameAs\":[\"https:\\\/\\\/www.linkedin.com\\\/company\\\/z.m.c.-italia-s.r.l.\\\/about\\\/\"]}]}<\/script>\n<!-- \/ Yoast SEO plugin. -->","yoast_head_json":{"title":"Venta de cadenas industriales - Coronas y pi\u00f1ones ZMC Italy","description":"ZMC Italia produce y comercializa cadenas industriales, coronas y pi\u00f1ones. P\u00f3ngase en contacto con nosotros para m\u00e1s informaci\u00f3n.","robots":{"index":"index","follow":"follow","max-snippet":"max-snippet:-1","max-image-preview":"max-image-preview:large","max-video-preview":"max-video-preview:-1"},"canonical":"https:\/\/www.zmc.it\/es\/que-hacemos\/","og_locale":"es_ES","og_type":"article","og_title":"Venta de cadenas industriales - Coronas y pi\u00f1ones ZMC Italy","og_description":"ZMC Italia produce y comercializa cadenas industriales, coronas y pi\u00f1ones. P\u00f3ngase en contacto con nosotros para m\u00e1s informaci\u00f3n.","og_url":"https:\/\/www.zmc.it\/es\/que-hacemos\/","og_site_name":"ZMC Italy","article_modified_time":"2021-07-27T16:00:52+00:00","og_image":[{"width":1600,"height":500,"url":"https:\/\/www.zmc.it\/wp-content\/uploads\/FOTO-SLIDER-2.jpg","type":"image\/jpeg"}],"twitter_card":"summary_large_image","twitter_misc":{"Tiempo de lectura":"1 minuto"},"schema":{"@context":"https:\/\/schema.org","@graph":[{"@type":"WebPage","@id":"https:\/\/www.zmc.it\/es\/que-hacemos\/","url":"https:\/\/www.zmc.it\/es\/que-hacemos\/","name":"Venta de cadenas industriales - Coronas y pi\u00f1ones ZMC Italy","isPartOf":{"@id":"https:\/\/www.zmc.it\/#website"},"datePublished":"2018-03-16T06:54:10+00:00","dateModified":"2021-07-27T16:00:52+00:00","description":"ZMC Italia produce y comercializa cadenas industriales, coronas y pi\u00f1ones. P\u00f3ngase en contacto con nosotros para m\u00e1s informaci\u00f3n.","breadcrumb":{"@id":"https:\/\/www.zmc.it\/es\/que-hacemos\/#breadcrumb"},"inLanguage":"es","potentialAction":[{"@type":"ReadAction","target":["https:\/\/www.zmc.it\/es\/que-hacemos\/"]}]},{"@type":"BreadcrumbList","@id":"https:\/\/www.zmc.it\/es\/que-hacemos\/#breadcrumb","itemListElement":[{"@type":"ListItem","position":1,"name":"Home","item":"https:\/\/www.zmc.it\/es\/"},{"@type":"ListItem","position":2,"name":"Que hacemos"}]},{"@type":"WebSite","@id":"https:\/\/www.zmc.it\/#website","url":"https:\/\/www.zmc.it\/","name":"ZMC Italy","description":"","publisher":{"@id":"https:\/\/www.zmc.it\/#organization"},"potentialAction":[{"@type":"SearchAction","target":{"@type":"EntryPoint","urlTemplate":"https:\/\/www.zmc.it\/?s={search_term_string}"},"query-input":{"@type":"PropertyValueSpecification","valueRequired":true,"valueName":"search_term_string"}}],"inLanguage":"es"},{"@type":"Organization","@id":"https:\/\/www.zmc.it\/#organization","name":"ZMC Italy","url":"https:\/\/www.zmc.it\/","logo":{"@type":"ImageObject","inLanguage":"es","@id":"https:\/\/www.zmc.it\/#\/schema\/logo\/image\/","url":"https:\/\/www.zmc.it\/wp-content\/uploads\/zmc-logo.png","contentUrl":"https:\/\/www.zmc.it\/wp-content\/uploads\/zmc-logo.png","width":150,"height":75,"caption":"ZMC Italy"},"image":{"@id":"https:\/\/www.zmc.it\/#\/schema\/logo\/image\/"},"sameAs":["https:\/\/www.linkedin.com\/company\/z.m.c.-italia-s.r.l.\/about\/"]}]}},"_links":{"self":[{"href":"https:\/\/www.zmc.it\/es\/wp-json\/wp\/v2\/pages\/3975","targetHints":{"allow":["GET"]}}],"collection":[{"href":"https:\/\/www.zmc.it\/es\/wp-json\/wp\/v2\/pages"}],"about":[{"href":"https:\/\/www.zmc.it\/es\/wp-json\/wp\/v2\/types\/page"}],"author":[{"embeddable":true,"href":"https:\/\/www.zmc.it\/es\/wp-json\/wp\/v2\/users\/1"}],"replies":[{"embeddable":true,"href":"https:\/\/www.zmc.it\/es\/wp-json\/wp\/v2\/comments?post=3975"}],"version-history":[{"count":0,"href":"https:\/\/www.zmc.it\/es\/wp-json\/wp\/v2\/pages\/3975\/revisions"}],"wp:attachment":[{"href":"https:\/\/www.zmc.it\/es\/wp-json\/wp\/v2\/media?parent=3975"}],"curies":[{"name":"wp","href":"https:\/\/api.w.org\/{rel}","templated":true}]}}