{"id":3972,"date":"2018-03-16T06:53:55","date_gmt":"2018-03-16T06:53:55","guid":{"rendered":"https:\/\/www.zmc.it\/chi-siamo\/"},"modified":"2025-05-05T10:49:33","modified_gmt":"2025-05-05T10:49:33","slug":"quienes-somos","status":"publish","type":"page","link":"https:\/\/www.zmc.it\/es\/quienes-somos\/","title":{"rendered":"Quienes somos"},"content":{"rendered":"<h1>Quienes somos<\/h1>\n<div>\n<h4><strong>ZMC es una empresa con m\u00e1s de 60 a\u00f1os de experiencia, en constante evoluci\u00f3n en el dise\u00f1o y la producci\u00f3n de cadenas transportadoras<\/strong><\/h4>\n<\/div>\n<p><img decoding=\"async\" src=\"\/wp-content\/uploads\/fondatori-zmc-1.jpg\" alt=\"\"><\/p>\n<div>\n<p><strong>En 1954<\/strong>, Angelo Zibetti, Mario Mattiolo y Angelo Croci fundaron la ZMC.<\/p>\n<\/div>\n<div>\n<p><strong>En 1958<\/strong>, la empresa se instal\u00f3 en la primera instalaci\u00f3n propia<\/p>\n<\/div>\n<p><img decoding=\"async\" src=\"\/wp-content\/uploads\/1958capannone.jpg\" alt=\"\"><\/p>\n<div>\n<p><strong>En 1972<\/strong>, comenz\u00f3 la automatizaci\u00f3n de algunas fases del proceso de producci\u00f3n.<\/p>\n<\/div>\n<p><img decoding=\"async\" src=\"\/wp-content\/uploads\/1991capannone.jpg\" alt=\"\"><br \/>\n<img decoding=\"async\" src=\"\/wp-content\/uploads\/1997ipsentapp-e1528385167387.jpg\" alt=\"\"><\/p>\n<div>\n<p><strong>En 1991<\/strong>, una nueva expansi\u00f3n de 5500 metros cuadrados, dando un nuevo car\u00e1cter a la f\u00e1brica.<\/p>\n<\/div>\n<div>\n<p><strong>En 1995<\/strong>, un nuevo cap\u00edtulo se abre a la inversi\u00f3n con la compra de prensas de alta potencia. Apuntamos a mercados y cadenas cada vez m\u00e1s especiales.<\/p>\n<\/div>\n<div>\n<p><strong>De 1997 a 1999<\/strong>, ZMC invierte en nuevas y modernas plantas de tratamiento t\u00e9rmico, haci\u00e9ndose totalmente independiente en esta importante \u00e1rea del sistema de producci\u00f3n.<\/p>\n<\/div>\n<div>\n<p><strong>En el a\u00f1o 2000<\/strong>, las nuevas m\u00e1quinas herramienta enriquecen una gama de sistemas de producci\u00f3n de vanguardia.<\/p>\n<\/div>\n<div>\n<p><strong>En 2004<\/strong>, construcci\u00f3n del nuevo edificio de oficinas. Espacios adaptados a las perspectivas de crecimiento futuro.<\/p>\n<\/div>\n<ul>\n<li>\n<p>        <img decoding=\"async\" src=\"\/wp-content\/uploads\/ZMC-chi-siamo_2501.jpg\" alt=\"\"><\/p>\n<\/li>\n<li>\n<p>        <img decoding=\"async\" src=\"\/wp-content\/uploads\/ZMC-chi-siamo_2502.jpg\" alt=\"\"><\/p>\n<\/li>\n<li>\n<p>        <img decoding=\"async\" src=\"\/wp-content\/uploads\/ZMC-chi-siamo_2503.jpg\" alt=\"\"><\/p>\n<\/li>\n<li>\n<p>        <img decoding=\"async\" src=\"\/wp-content\/uploads\/ZMC-chi-siamo_2504.jpg\" alt=\"\"><\/p>\n<\/li>\n<li>\n<p>        <img decoding=\"async\" src=\"\/wp-content\/uploads\/ZMC-chi-siamo_2505.jpg\" alt=\"\"><\/p>\n<\/li>\n<li>\n<p>        <img decoding=\"async\" src=\"\/wp-content\/uploads\/ZMC-chi-siamo_2506.jpg\" alt=\"\"><\/p>\n<\/li>\n<\/ul>\n<div>\n<p><strong>En 2006<\/strong>, tambi\u00e9n se ampli\u00f3 la construcci\u00f3n de un nuevo almac\u00e9n para albergar el departamento de corte por l\u00e1ser y las sierras, el almac\u00e9n para cadenas y env\u00edos terminados.<\/p>\n<\/div>\n<p><img decoding=\"async\" src=\"\/wp-content\/uploads\/azienda-produzione2.jpg\" alt=\"\"><\/p>\n<div>\n<p style=\"text-align: center;\"><strong>En 2018<\/strong>, se duplica la capacidad de corte por l\u00e1ser con la inclusi\u00f3n de un nuevo centro.<\/p>\n<\/div>\n<p><img decoding=\"async\" src=\"\/wp-content\/uploads\/laser1.jpg\" alt=\"\"><br \/>\n<img decoding=\"async\" src=\"\/wp-content\/uploads\/laser2.jpg\" alt=\"\"><\/p>\n<div>\n<p><strong>En 2020<\/strong>, ZMC obtuvo la certificaci\u00f3n ISO9001 gracias al establecimiento de un sistema eficaz de gesti\u00f3n de la calidad que contribuye a mejorar el rendimiento y la satisfacci\u00f3n del cliente.<\/p>\n<\/div>\n<p><img decoding=\"async\" src=\"\/wp-content\/uploads\/ZMC-chi-siamo_2507.jpg\" alt=\"\"><br \/>\n<img decoding=\"async\" src=\"\/wp-content\/uploads\/ZMC-chi-siamo_2508.jpg\" alt=\"\"><\/p>\n<div>\n<p><strong>Hoy<\/strong>, la atenci\u00f3n al impacto ambiental y el compromiso con la sostenibilidad son un objetivo para ZMC, que invierte el 5% de su facturaci\u00f3n en desarrollo y crecimiento empresarial.<\/p>\n<\/div>\n<p><!--more--><br \/>\n<!-- {\"type\":\"layout\",\"children\":[{\"name\":\"BREAD\",\"type\":\"section\",\"props\":{\"image_position\":\"center-center\",\"padding\":\"xsmall\",\"padding_remove_bottom\":true,\"style\":\"default\",\"title_breakpoint\":\"xl\",\"title_position\":\"top-left\",\"title_rotation\":\"left\",\"vertical_align\":\"\",\"width\":\"default\"},\"children\":[{\"type\":\"row\",\"children\":[{\"type\":\"column\",\"props\":{\"image_position\":\"center-center\",\"position_sticky_breakpoint\":\"m\",\"width_medium\":\"1-1\"},\"children\":[{\"type\":\"headline\",\"props\":{\"content\":\"Quienes somos\",\"title_element\":\"h1\"}}]}]}]},{\"type\":\"section\",\"props\":{\"image_position\":\"center-center\",\"padding_remove_bottom\":true,\"padding_remove_top\":false,\"style\":\"default\",\"title_breakpoint\":\"xl\",\"title_position\":\"top-left\",\"title_rotation\":\"left\",\"vertical_align\":\"\",\"width\":\"default\"},\"children\":[{\"type\":\"row\",\"children\":[{\"type\":\"column\",\"props\":{\"image_position\":\"center-center\",\"position_sticky_breakpoint\":\"m\",\"width_medium\":\"1-1\"},\"children\":[{\"type\":\"text\",\"props\":{\"block_align\":\"center\",\"column_breakpoint\":\"m\",\"content\":\"\n\n<h4><strong>ZMC es una empresa con m\\u00e1s de 60 a\\u00f1os de experiencia, en constante evoluci\\u00f3n en el dise\\u00f1o y la producci\\u00f3n de cadenas transportadoras<\\\/strong><\\\/h4>\",\"margin\":\"default\",\"margin_remove_bottom\":true,\"maxwidth_breakpoint\":\"l\",\"text_align\":\"center\"}}]}]}]},{\"type\":\"section\",\"props\":{\"image_position\":\"center-center\",\"padding_remove_top\":false,\"style\":\"default\",\"title_breakpoint\":\"xl\",\"title_position\":\"top-left\",\"title_rotation\":\"left\",\"vertical_align\":\"\",\"width\":\"default\"},\"children\":[{\"type\":\"row\",\"props\":{\"layout\":\"1-2,1-2\"},\"children\":[{\"type\":\"column\",\"props\":{\"image_position\":\"center-center\",\"position_sticky_breakpoint\":\"m\",\"width_medium\":\"1-2\"},\"children\":[{\"type\":\"image\",\"props\":{\"image\":\"wp-content\\\/uploads\\\/fondatori-zmc-1.jpg\",\"image_box_shadow_bottom\":false,\"image_svg_color\":\"emphasis\",\"margin\":\"default\",\"margin_remove_top\":true}}]},{\"type\":\"column\",\"props\":{\"image_position\":\"center-center\",\"position_sticky_breakpoint\":\"m\",\"width_medium\":\"1-2\"},\"children\":[{\"type\":\"text\",\"props\":{\"column_breakpoint\":\"m\",\"content\":\"\n\n<p><strong>En 1954<\\\/strong>, Angelo Zibetti, Mario Mattiolo y Angelo Croci fundaron la ZMC.<\\\/p>\",\"margin\":\"remove-vertical\",\"margin_remove_bottom\":true,\"margin_remove_top\":false}},{\"type\":\"text\",\"props\":{\"column_breakpoint\":\"m\",\"content\":\"\n\n<p><strong>En 1958<\\\/strong>, la empresa se instal\\u00f3 en la primera instalaci\\u00f3n propia<\\\/p>\",\"margin\":\"default\",\"margin_remove_bottom\":true}},{\"type\":\"image\",\"props\":{\"image\":\"wp-content\\\/uploads\\\/1958capannone.jpg\",\"image_svg_color\":\"emphasis\",\"margin\":\"default\",\"margin_remove_bottom\":true,\"margin_remove_top\":true}},{\"type\":\"text\",\"props\":{\"column_breakpoint\":\"m\",\"content\":\"\n\n<p><strong>En 1972<\\\/strong>, comenz\\u00f3 la automatizaci\\u00f3n de algunas fases del proceso de producci\\u00f3n.<\\\/p>\",\"margin\":\"default\",\"margin_remove_bottom\":true,\"margin_remove_top\":false}}]}]}]},{\"type\":\"section\",\"props\":{\"image_position\":\"center-center\",\"padding_remove_top\":true,\"style\":\"default\",\"title_breakpoint\":\"xl\",\"title_position\":\"top-left\",\"title_rotation\":\"left\",\"vertical_align\":\"\",\"width\":\"default\"},\"children\":[{\"type\":\"row\",\"props\":{\"layout\":\"1-2,1-2\"},\"children\":[{\"type\":\"column\",\"props\":{\"image_position\":\"center-center\",\"position_sticky_breakpoint\":\"m\",\"width_medium\":\"1-2\"},\"children\":[{\"type\":\"image\",\"props\":{\"image\":\"wp-content\\\/uploads\\\/1991capannone.jpg\",\"image_svg_color\":\"emphasis\",\"margin\":\"default\",\"margin_remove_bottom\":true,\"margin_remove_top\":true}},{\"type\":\"image\",\"props\":{\"image\":\"wp-content\\\/uploads\\\/1997ipsentapp-e1528385167387.jpg\",\"image_svg_color\":\"emphasis\",\"margin\":\"default\",\"margin_remove_bottom\":true,\"margin_remove_top\":false}}]},{\"type\":\"column\",\"props\":{\"image_position\":\"center-center\",\"position_sticky_breakpoint\":\"m\",\"width_medium\":\"1-2\"},\"children\":[{\"type\":\"text\",\"props\":{\"column_breakpoint\":\"m\",\"content\":\"\n\n<p><strong>En 1991<\\\/strong>, una nueva expansi\\u00f3n de 5500 metros cuadrados, dando un nuevo car\\u00e1cter a la f\\u00e1brica.<\\\/p>\",\"margin\":\"default\",\"margin_remove_bottom\":true}},{\"type\":\"text\",\"props\":{\"column_breakpoint\":\"m\",\"content\":\"\n\n<p><strong>En 1995<\\\/strong>, un nuevo cap\\u00edtulo se abre a la inversi\\u00f3n con la compra de prensas de alta potencia. Apuntamos a mercados y cadenas cada vez m\\u00e1s especiales.<\\\/p>\",\"margin\":\"default\",\"margin_remove_bottom\":true}},{\"type\":\"text\",\"props\":{\"column_breakpoint\":\"m\",\"content\":\"\n\n<p><strong>De 1997 a 1999<\\\/strong>, ZMC invierte en nuevas y modernas plantas de tratamiento t\\u00e9rmico, haci\\u00e9ndose totalmente independiente en esta importante \\u00e1rea del sistema de producci\\u00f3n.<\\\/p>\",\"margin\":\"default\",\"margin_remove_bottom\":true}},{\"type\":\"text\",\"props\":{\"column_breakpoint\":\"m\",\"content\":\"\n\n<p><strong>En el a\\u00f1o 2000<\\\/strong>, las nuevas m\\u00e1quinas herramienta enriquecen una gama de sistemas de producci\\u00f3n de vanguardia.<\\\/p>\",\"margin\":\"default\",\"margin_remove_bottom\":true}}]}]}]},{\"type\":\"section\",\"props\":{\"image_position\":\"center-center\",\"padding_remove_top\":true,\"style\":\"default\",\"title_breakpoint\":\"xl\",\"title_position\":\"top-left\",\"title_rotation\":\"left\",\"vertical_align\":\"\",\"width\":\"default\"},\"children\":[{\"type\":\"row\",\"children\":[{\"type\":\"column\",\"props\":{\"image_position\":\"center-center\",\"position_sticky_breakpoint\":\"m\",\"width_medium\":\"1-1\"},\"children\":[{\"type\":\"text\",\"props\":{\"column_breakpoint\":\"m\",\"content\":\"\n\n<p><strong>En 2004<\\\/strong>, construcci\\u00f3n del nuevo edificio de oficinas. Espacios adaptados a las perspectivas de crecimiento futuro.<\\\/p>\",\"margin\":\"default\",\"margin_remove_bottom\":true,\"text_align\":\"center\"}},{\"type\":\"gallery\",\"props\":{\"filter_align\":\"left\",\"filter_all\":true,\"filter_grid_breakpoint\":\"m\",\"filter_grid_width\":\"auto\",\"filter_position\":\"top\",\"filter_style\":\"tab\",\"grid_default\":\"1\",\"grid_medium\":\"3\",\"item_animation\":true,\"lightbox\":true,\"lightbox_bg_close\":true,\"link_style\":\"default\",\"link_text\":\"\",\"margin\":\"default\",\"meta_align\":\"below-title\",\"meta_element\":\"div\",\"meta_style\":\"text-meta\",\"overlay_hover\":true,\"overlay_link\":true,\"overlay_mode\":\"cover\",\"overlay_position\":\"center\",\"overlay_style\":\"overlay-primary\",\"overlay_transition\":\"fade\",\"parallax_easing\":\"1\",\"show_content\":false,\"show_hover_image\":true,\"show_hover_video\":true,\"show_link\":false,\"show_meta\":false,\"show_title\":false,\"text_align\":\"center\",\"text_color\":\"light\",\"title_element\":\"h3\",\"title_hover_style\":\"reset\"},\"children\":[{\"type\":\"gallery_item\",\"props\":{\"image\":\"wp-content\\\/uploads\\\/ZMC-chi-siamo_2501.jpg\"}},{\"type\":\"gallery_item\",\"props\":{\"image\":\"wp-content\\\/uploads\\\/ZMC-chi-siamo_2502.jpg\"}},{\"type\":\"gallery_item\",\"props\":{\"image\":\"wp-content\\\/uploads\\\/ZMC-chi-siamo_2503.jpg\"}},{\"type\":\"gallery_item\",\"props\":{\"image\":\"wp-content\\\/uploads\\\/ZMC-chi-siamo_2504.jpg\"}},{\"type\":\"gallery_item\",\"props\":{\"image\":\"wp-content\\\/uploads\\\/ZMC-chi-siamo_2505.jpg\"}},{\"type\":\"gallery_item\",\"props\":{\"image\":\"wp-content\\\/uploads\\\/ZMC-chi-siamo_2506.jpg\"}}]}]}]}]},{\"type\":\"section\",\"props\":{\"image_position\":\"center-center\",\"padding_remove_top\":true,\"style\":\"default\",\"title_breakpoint\":\"xl\",\"title_position\":\"top-left\",\"title_rotation\":\"left\",\"vertical_align\":\"\",\"width\":\"default\"},\"children\":[{\"type\":\"row\",\"props\":{\"layout\":\"1-2,1-2\"},\"children\":[{\"type\":\"column\",\"props\":{\"image_position\":\"center-center\",\"position_sticky_breakpoint\":\"m\",\"width_medium\":\"1-2\"},\"children\":[{\"type\":\"text\",\"props\":{\"column_breakpoint\":\"m\",\"content\":\"\n\n<p><strong>En 2006<\\\/strong>, tambi\\u00e9n se ampli\\u00f3 la construcci\\u00f3n de un nuevo almac\\u00e9n para albergar el departamento de corte por l\\u00e1ser y las sierras, el almac\\u00e9n para cadenas y env\\u00edos terminados.<\\\/p>\",\"margin\":\"default\",\"margin_remove_bottom\":true}}]},{\"type\":\"column\",\"props\":{\"image_position\":\"center-center\",\"position_sticky_breakpoint\":\"m\",\"width_medium\":\"1-2\"},\"children\":[{\"type\":\"image\",\"props\":{\"image\":\"wp-content\\\/uploads\\\/azienda-produzione2.jpg\",\"image_svg_color\":\"emphasis\",\"margin\":\"default\",\"margin_remove_bottom\":true,\"margin_remove_top\":true}}]}]}]},{\"type\":\"section\",\"props\":{\"image_position\":\"center-center\",\"padding_remove_bottom\":true,\"padding_remove_top\":true,\"style\":\"default\",\"title_breakpoint\":\"xl\",\"title_position\":\"top-left\",\"title_rotation\":\"left\",\"vertical_align\":\"\",\"width\":\"default\"},\"children\":[{\"type\":\"row\",\"children\":[{\"type\":\"column\",\"props\":{\"image_position\":\"center-center\",\"position_sticky_breakpoint\":\"m\",\"width_medium\":\"1-1\"},\"children\":[{\"type\":\"text\",\"props\":{\"column_breakpoint\":\"m\",\"content\":\"\n\n<p style=\\\"text-align: center;\\\"><strong>En 2018<\\\/strong>, se duplica la capacidad de corte por l\\u00e1ser con la inclusi\\u00f3n de un nuevo centro.<\\\/p>\",\"margin\":\"default\",\"margin_remove_bottom\":true}}]}]}]},{\"type\":\"section\",\"props\":{\"image_position\":\"center-center\",\"padding_remove_top\":true,\"style\":\"default\",\"title_breakpoint\":\"xl\",\"title_position\":\"top-left\",\"title_rotation\":\"left\",\"vertical_align\":\"\",\"width\":\"default\"},\"children\":[{\"type\":\"row\",\"props\":{\"layout\":\"1-2,1-2\"},\"children\":[{\"type\":\"column\",\"props\":{\"image_position\":\"center-center\",\"position_sticky_breakpoint\":\"m\",\"width_medium\":\"1-2\"},\"children\":[{\"type\":\"image\",\"props\":{\"image\":\"wp-content\\\/uploads\\\/laser1.jpg\",\"image_svg_color\":\"emphasis\",\"margin\":\"default\",\"margin_remove_bottom\":true,\"margin_remove_top\":true}}]},{\"type\":\"column\",\"props\":{\"image_position\":\"center-center\",\"position_sticky_breakpoint\":\"m\",\"width_medium\":\"1-2\"},\"children\":[{\"type\":\"image\",\"props\":{\"image\":\"wp-content\\\/uploads\\\/laser2.jpg\",\"image_svg_color\":\"emphasis\",\"margin\":\"default\",\"margin_remove_bottom\":true,\"margin_remove_top\":true}}]}]}]},{\"type\":\"section\",\"props\":{\"image_position\":\"center-center\",\"padding_remove_top\":true,\"style\":\"default\",\"title_breakpoint\":\"xl\",\"title_position\":\"top-left\",\"title_rotation\":\"left\",\"vertical_align\":\"\",\"width\":\"default\"},\"children\":[{\"type\":\"row\",\"props\":{\"layout\":\"1-2,1-2\"},\"children\":[{\"type\":\"column\",\"props\":{\"image_position\":\"center-center\",\"position_sticky_breakpoint\":\"m\",\"width_medium\":\"1-2\"},\"children\":[{\"type\":\"text\",\"props\":{\"column_breakpoint\":\"m\",\"content\":\"\n\n<p><strong>En 2020<\\\/strong>, ZMC obtuvo la certificaci\\u00f3n ISO9001 gracias al establecimiento de un sistema eficaz de gesti\\u00f3n de la calidad que contribuye a mejorar el rendimiento y la satisfacci\\u00f3n del cliente.<\\\/p>\",\"margin\":\"default\",\"margin_remove_bottom\":true}}]},{\"type\":\"column\",\"props\":{\"image_position\":\"center-center\",\"position_sticky_breakpoint\":\"m\",\"width_medium\":\"1-2\"},\"children\":[{\"type\":\"image\",\"props\":{\"image\":\"wp-content\\\/uploads\\\/ZMC-chi-siamo_2507.jpg\",\"image_svg_color\":\"emphasis\",\"margin\":\"default\",\"margin_remove_bottom\":true,\"margin_remove_top\":true}}]}]}]},{\"type\":\"section\",\"props\":{\"image_position\":\"center-center\",\"padding_remove_top\":true,\"style\":\"default\",\"title_breakpoint\":\"xl\",\"title_position\":\"top-left\",\"title_rotation\":\"left\",\"vertical_align\":\"\",\"width\":\"default\"},\"children\":[{\"type\":\"row\",\"props\":{\"layout\":\"1-2,1-2\"},\"children\":[{\"type\":\"column\",\"props\":{\"image_position\":\"center-center\",\"position_sticky_breakpoint\":\"m\",\"width_medium\":\"1-2\"},\"children\":[{\"type\":\"image\",\"props\":{\"image\":\"wp-content\\\/uploads\\\/ZMC-chi-siamo_2508.jpg\",\"image_svg_color\":\"emphasis\",\"margin\":\"default\",\"margin_remove_bottom\":true,\"margin_remove_top\":true}}]},{\"type\":\"column\",\"props\":{\"image_position\":\"center-center\",\"position_sticky_breakpoint\":\"m\",\"width_medium\":\"1-2\"},\"children\":[{\"type\":\"text\",\"props\":{\"column_breakpoint\":\"m\",\"content\":\"\n\n<p><strong>Hoy<\\\/strong>, la atenci\\u00f3n al impacto ambiental y el compromiso con la sostenibilidad son un objetivo para ZMC, que invierte el 5% de su facturaci\\u00f3n en desarrollo y crecimiento empresarial.<\\\/p>\",\"margin\":\"default\",\"margin_remove_bottom\":true}}]}]}]}],\"version\":\"4.5.4\"} --><\/p>\n","protected":false},"excerpt":{"rendered":"<p>Quienes somos ZMC es una empresa con m\u00e1s de 60 a\u00f1os de experiencia, en constante evoluci\u00f3n en el dise\u00f1o y la producci\u00f3n de cadenas transportadoras En 1954, Angelo Zibetti, Mario Mattiolo y Angelo Croci fundaron la ZMC. En 1958, la empresa se instal\u00f3 en la primera instalaci\u00f3n propia En 1972, comenz\u00f3 la automatizaci\u00f3n de algunas [&hellip;]<\/p>\n","protected":false},"author":1,"featured_media":0,"parent":0,"menu_order":0,"comment_status":"closed","ping_status":"closed","template":"","meta":{"footnotes":""},"class_list":["post-3972","page","type-page","status-publish","hentry"],"yoast_head":"<!-- This site is optimized with the Yoast SEO plugin v27.5 - https:\/\/yoast.com\/product\/yoast-seo-wordpress\/ -->\n<title>Empresa dise\u00f1o de producci\u00f3n cadenas transportadoras - ZMC<\/title>\n<meta name=\"description\" content=\"ZMC dise\u00f1a y produce cadenas transportadoras industriales est\u00e1ndar o espec\u00edficas. Cont\u00e1ctenos para m\u00e1s informaci\u00f3n.\" \/>\n<meta name=\"robots\" content=\"index, follow, max-snippet:-1, max-image-preview:large, max-video-preview:-1\" \/>\n<link rel=\"canonical\" href=\"https:\/\/www.zmc.it\/es\/quienes-somos\/\" \/>\n<meta property=\"og:locale\" content=\"es_ES\" \/>\n<meta property=\"og:type\" content=\"article\" \/>\n<meta property=\"og:title\" content=\"Empresa dise\u00f1o de producci\u00f3n cadenas transportadoras - ZMC\" \/>\n<meta property=\"og:description\" content=\"ZMC dise\u00f1a y produce cadenas transportadoras industriales est\u00e1ndar o espec\u00edficas. Cont\u00e1ctenos para m\u00e1s informaci\u00f3n.\" \/>\n<meta property=\"og:url\" content=\"https:\/\/www.zmc.it\/es\/quienes-somos\/\" \/>\n<meta property=\"og:site_name\" content=\"ZMC Italy\" \/>\n<meta property=\"article:modified_time\" content=\"2025-05-05T10:49:33+00:00\" \/>\n<meta property=\"og:image\" content=\"https:\/\/www.zmc.it\/wp-content\/uploads\/FOTO-SLIDER-2.jpg\" \/>\n\t<meta property=\"og:image:width\" content=\"1600\" \/>\n\t<meta property=\"og:image:height\" content=\"500\" \/>\n\t<meta property=\"og:image:type\" content=\"image\/jpeg\" \/>\n<meta name=\"twitter:card\" content=\"summary_large_image\" \/>\n<meta name=\"twitter:label1\" content=\"Tiempo de lectura\" \/>\n\t<meta name=\"twitter:data1\" content=\"1 minuto\" \/>\n<script type=\"application\/ld+json\" class=\"yoast-schema-graph\">{\"@context\":\"https:\\\/\\\/schema.org\",\"@graph\":[{\"@type\":\"WebPage\",\"@id\":\"https:\\\/\\\/www.zmc.it\\\/es\\\/quienes-somos\\\/\",\"url\":\"https:\\\/\\\/www.zmc.it\\\/es\\\/quienes-somos\\\/\",\"name\":\"Empresa dise\u00f1o de producci\u00f3n cadenas transportadoras - ZMC\",\"isPartOf\":{\"@id\":\"https:\\\/\\\/www.zmc.it\\\/#website\"},\"datePublished\":\"2018-03-16T06:53:55+00:00\",\"dateModified\":\"2025-05-05T10:49:33+00:00\",\"description\":\"ZMC dise\u00f1a y produce cadenas transportadoras industriales est\u00e1ndar o espec\u00edficas. Cont\u00e1ctenos para m\u00e1s informaci\u00f3n.\",\"breadcrumb\":{\"@id\":\"https:\\\/\\\/www.zmc.it\\\/es\\\/quienes-somos\\\/#breadcrumb\"},\"inLanguage\":\"es\",\"potentialAction\":[{\"@type\":\"ReadAction\",\"target\":[\"https:\\\/\\\/www.zmc.it\\\/es\\\/quienes-somos\\\/\"]}]},{\"@type\":\"BreadcrumbList\",\"@id\":\"https:\\\/\\\/www.zmc.it\\\/es\\\/quienes-somos\\\/#breadcrumb\",\"itemListElement\":[{\"@type\":\"ListItem\",\"position\":1,\"name\":\"Home\",\"item\":\"https:\\\/\\\/www.zmc.it\\\/es\\\/\"},{\"@type\":\"ListItem\",\"position\":2,\"name\":\"Quienes somos\"}]},{\"@type\":\"WebSite\",\"@id\":\"https:\\\/\\\/www.zmc.it\\\/#website\",\"url\":\"https:\\\/\\\/www.zmc.it\\\/\",\"name\":\"ZMC Italy\",\"description\":\"\",\"publisher\":{\"@id\":\"https:\\\/\\\/www.zmc.it\\\/#organization\"},\"potentialAction\":[{\"@type\":\"SearchAction\",\"target\":{\"@type\":\"EntryPoint\",\"urlTemplate\":\"https:\\\/\\\/www.zmc.it\\\/?s={search_term_string}\"},\"query-input\":{\"@type\":\"PropertyValueSpecification\",\"valueRequired\":true,\"valueName\":\"search_term_string\"}}],\"inLanguage\":\"es\"},{\"@type\":\"Organization\",\"@id\":\"https:\\\/\\\/www.zmc.it\\\/#organization\",\"name\":\"ZMC Italy\",\"url\":\"https:\\\/\\\/www.zmc.it\\\/\",\"logo\":{\"@type\":\"ImageObject\",\"inLanguage\":\"es\",\"@id\":\"https:\\\/\\\/www.zmc.it\\\/#\\\/schema\\\/logo\\\/image\\\/\",\"url\":\"https:\\\/\\\/www.zmc.it\\\/wp-content\\\/uploads\\\/zmc-logo.png\",\"contentUrl\":\"https:\\\/\\\/www.zmc.it\\\/wp-content\\\/uploads\\\/zmc-logo.png\",\"width\":150,\"height\":75,\"caption\":\"ZMC Italy\"},\"image\":{\"@id\":\"https:\\\/\\\/www.zmc.it\\\/#\\\/schema\\\/logo\\\/image\\\/\"},\"sameAs\":[\"https:\\\/\\\/www.linkedin.com\\\/company\\\/z.m.c.-italia-s.r.l.\\\/about\\\/\"]}]}<\/script>\n<!-- \/ Yoast SEO plugin. -->","yoast_head_json":{"title":"Empresa dise\u00f1o de producci\u00f3n cadenas transportadoras - ZMC","description":"ZMC dise\u00f1a y produce cadenas transportadoras industriales est\u00e1ndar o espec\u00edficas. Cont\u00e1ctenos para m\u00e1s informaci\u00f3n.","robots":{"index":"index","follow":"follow","max-snippet":"max-snippet:-1","max-image-preview":"max-image-preview:large","max-video-preview":"max-video-preview:-1"},"canonical":"https:\/\/www.zmc.it\/es\/quienes-somos\/","og_locale":"es_ES","og_type":"article","og_title":"Empresa dise\u00f1o de producci\u00f3n cadenas transportadoras - ZMC","og_description":"ZMC dise\u00f1a y produce cadenas transportadoras industriales est\u00e1ndar o espec\u00edficas. Cont\u00e1ctenos para m\u00e1s informaci\u00f3n.","og_url":"https:\/\/www.zmc.it\/es\/quienes-somos\/","og_site_name":"ZMC Italy","article_modified_time":"2025-05-05T10:49:33+00:00","og_image":[{"width":1600,"height":500,"url":"https:\/\/www.zmc.it\/wp-content\/uploads\/FOTO-SLIDER-2.jpg","type":"image\/jpeg"}],"twitter_card":"summary_large_image","twitter_misc":{"Tiempo de lectura":"1 minuto"},"schema":{"@context":"https:\/\/schema.org","@graph":[{"@type":"WebPage","@id":"https:\/\/www.zmc.it\/es\/quienes-somos\/","url":"https:\/\/www.zmc.it\/es\/quienes-somos\/","name":"Empresa dise\u00f1o de producci\u00f3n cadenas transportadoras - ZMC","isPartOf":{"@id":"https:\/\/www.zmc.it\/#website"},"datePublished":"2018-03-16T06:53:55+00:00","dateModified":"2025-05-05T10:49:33+00:00","description":"ZMC dise\u00f1a y produce cadenas transportadoras industriales est\u00e1ndar o espec\u00edficas. Cont\u00e1ctenos para m\u00e1s informaci\u00f3n.","breadcrumb":{"@id":"https:\/\/www.zmc.it\/es\/quienes-somos\/#breadcrumb"},"inLanguage":"es","potentialAction":[{"@type":"ReadAction","target":["https:\/\/www.zmc.it\/es\/quienes-somos\/"]}]},{"@type":"BreadcrumbList","@id":"https:\/\/www.zmc.it\/es\/quienes-somos\/#breadcrumb","itemListElement":[{"@type":"ListItem","position":1,"name":"Home","item":"https:\/\/www.zmc.it\/es\/"},{"@type":"ListItem","position":2,"name":"Quienes somos"}]},{"@type":"WebSite","@id":"https:\/\/www.zmc.it\/#website","url":"https:\/\/www.zmc.it\/","name":"ZMC Italy","description":"","publisher":{"@id":"https:\/\/www.zmc.it\/#organization"},"potentialAction":[{"@type":"SearchAction","target":{"@type":"EntryPoint","urlTemplate":"https:\/\/www.zmc.it\/?s={search_term_string}"},"query-input":{"@type":"PropertyValueSpecification","valueRequired":true,"valueName":"search_term_string"}}],"inLanguage":"es"},{"@type":"Organization","@id":"https:\/\/www.zmc.it\/#organization","name":"ZMC Italy","url":"https:\/\/www.zmc.it\/","logo":{"@type":"ImageObject","inLanguage":"es","@id":"https:\/\/www.zmc.it\/#\/schema\/logo\/image\/","url":"https:\/\/www.zmc.it\/wp-content\/uploads\/zmc-logo.png","contentUrl":"https:\/\/www.zmc.it\/wp-content\/uploads\/zmc-logo.png","width":150,"height":75,"caption":"ZMC Italy"},"image":{"@id":"https:\/\/www.zmc.it\/#\/schema\/logo\/image\/"},"sameAs":["https:\/\/www.linkedin.com\/company\/z.m.c.-italia-s.r.l.\/about\/"]}]}},"_links":{"self":[{"href":"https:\/\/www.zmc.it\/es\/wp-json\/wp\/v2\/pages\/3972","targetHints":{"allow":["GET"]}}],"collection":[{"href":"https:\/\/www.zmc.it\/es\/wp-json\/wp\/v2\/pages"}],"about":[{"href":"https:\/\/www.zmc.it\/es\/wp-json\/wp\/v2\/types\/page"}],"author":[{"embeddable":true,"href":"https:\/\/www.zmc.it\/es\/wp-json\/wp\/v2\/users\/1"}],"replies":[{"embeddable":true,"href":"https:\/\/www.zmc.it\/es\/wp-json\/wp\/v2\/comments?post=3972"}],"version-history":[{"count":1,"href":"https:\/\/www.zmc.it\/es\/wp-json\/wp\/v2\/pages\/3972\/revisions"}],"predecessor-version":[{"id":9782,"href":"https:\/\/www.zmc.it\/es\/wp-json\/wp\/v2\/pages\/3972\/revisions\/9782"}],"wp:attachment":[{"href":"https:\/\/www.zmc.it\/es\/wp-json\/wp\/v2\/media?parent=3972"}],"curies":[{"name":"wp","href":"https:\/\/api.w.org\/{rel}","templated":true}]}}