{"id":3956,"date":"2018-03-16T06:57:23","date_gmt":"2018-03-16T06:57:23","guid":{"rendered":"https:\/\/www.zmc.it\/catene-standard\/"},"modified":"2021-11-03T11:32:35","modified_gmt":"2021-11-03T11:32:35","slug":"cadenas-estandardars","status":"publish","type":"page","link":"https:\/\/www.zmc.it\/es\/cadenas-estandardars\/","title":{"rendered":"Cadenas estandardars"},"content":{"rendered":"<p>Cadenas estandardars<\/p>\n<p>Las cadenas est\u00e1ndar de la gama ZMC incluyen productos fabricados de acuerdo con las principales normas internacionales (ISO1977, DIN 8165, DIN 8167, DIN 8168, norma brit\u00e1nica 4119, ANSI \/ ASME B29.100) y cadenas no unificadas de uso com\u00fan.Vers\u00e1tiles y fiables, las cadenas est\u00e1ndar ofrecen al dise\u00f1ador una amplia variedad de soluciones para el uso de cadenas de transporte en los sectores m\u00e1s dispares. La gama de cadenas est\u00e1ndar de ZMC cubre un campo muy amplio en t\u00e9rminos de dimensiones, caracter\u00edsticas mec\u00e1nicas y geometr\u00eda; de hecho, se incluyen cadenas tanto m\u00e9tricas como en pulgadas, con un eje macizo, con un eje&nbsp; hueco y con ejes salientes , con placas exc\u00e9ntricas y con conexiones. En la mayor\u00eda de los casos, la alternativa con as malas tratadas&nbsp; est\u00e1 disponible para aumentar la carga de rotura y, bajo pedido , la alternativa en acero inoxidable o cincada.En aras de la identificaci\u00f3n y la investigaci\u00f3n, la nomenclatura tradicional de ZMC se asocia con la serie principal de cadenas unificadas:Serie Z &#8211; Cadenas con paso en pulgadas seg\u00fan el est\u00e1ndar anglosaj\u00f3n BS4119 Part4Serie M &#8211; Cadenas con est\u00e1ndares de paso m\u00e9trico ISO1977, DIN 8167, DIN 8168Serie C: cadenas de paso m\u00e9trico seg\u00fan DIN 8165, internacionalmente conocidas tambi\u00e9n como cadenas FV<\/p>\n<p>Cadena no unificada con paso m\u00e9trico<\/p>\n<p>CON EJES MACIZOS<\/p>\n<p>CON EJES HUECOS<\/p>\n<p>CON MALLAS ALTAS<\/p>\n<p>Cadenas no unificadas<\/p>\n<p>CON EJES HUECOS<\/p>\n<p>Cadenas serie BS 4116PARTE 4 (serie Z)<\/p>\n<p>CON EJES MACIZOS<\/p>\n<p>CON EJES HUECOS<\/p>\n<p>CON MALLAS ALTAS<\/p>\n<p>La serie ISO encadena1977 DIN 8167 (serie M)<\/p>\n<p>CON EJES MACIZOS<\/p>\n<p>CON EJES HUECOS<\/p>\n<p>CON MALLAS ALTAS<\/p>\n<p>Cadenas serie DIN 8165 (serie C)<\/p>\n<p>CON EJES MACIZOS<\/p>\n<p>CON EJES HUECOS<\/p>\n<p>CON MALLAS ALTAS<\/p>\n<p>Cadenas serie ANSI<\/p>\n<p>CON EJES MACIZOS<\/p>\n<p>Descargar el catalogo<\/p>\n<p>Encuentra la cadena<\/p>\n<p>Contacto<\/p>\n<p><!-- {\"name\":\"\",\"type\":\"layout\",\"children\":[{\"name\":\"BREAD\",\"type\":\"section\",\"props\":{\"style\":\"default\",\"width\":\"default\",\"vertical_align\":\"middle\",\"title_position\":\"top-left\",\"title_rotation\":\"left\",\"title_breakpoint\":\"xl\",\"image_position\":\"center-center\",\"padding\":\"xsmall\",\"padding_remove_bottom\":true},\"children\":[{\"name\":\"\",\"type\":\"row\",\"props\":{\"fixed_width\":\"large\",\"breakpoint\":\"m\",\"layout\":\"1-1\"},\"children\":[{\"name\":\"\",\"type\":\"column\",\"props\":{\"widths\":[\"1-1\"],\"image_position\":\"center-center\"},\"children\":[{\"name\":\"\",\"type\":\"headline\",\"props\":{\"title_element\":\"h1\",\"content\":\"Cadenas estandardars\",\"title_style\":\"\",\"title_decoration\":\"\",\"title_color\":\"\",\"text_align\":\"\",\"text_align_breakpoint\":\"\",\"text_align_fallback\":\"\",\"maxwidth\":\"\",\"maxwidth_align\":\"\",\"maxwidth_breakpoint\":\"\",\"margin\":\"\",\"animation\":\"\",\"visibility\":\"\"}},{\"name\":\"\",\"type\":\"text\",\"props\":{\"margin\":\"default\",\"column_breakpoint\":\"m\",\"content\":\"Las cadenas est\\u00e1ndar de la gama ZMC incluyen productos fabricados de acuerdo con las principales normas internacionales (ISO1977, DIN 8165, DIN 8167, DIN 8168, norma brit\\u00e1nica 4119, ANSI \\\/ ASME B29.100) y cadenas no unificadas de uso com\\u00fan.<br \\\/>Vers\\u00e1tiles y fiables, las cadenas est\\u00e1ndar ofrecen al dise\\u00f1ador una amplia variedad de soluciones para el uso de cadenas de transporte en los sectores m\\u00e1s dispares. La gama de cadenas est\\u00e1ndar de ZMC cubre un campo muy amplio en t\\u00e9rminos de dimensiones, caracter\\u00edsticas mec\\u00e1nicas y geometr\\u00eda; de hecho, se incluyen cadenas tanto m\\u00e9tricas como en pulgadas, con un eje macizo, con un eje\\u00a0 hueco y con ejes salientes , con placas exc\\u00e9ntricas y con conexiones. En la mayor\\u00eda de los casos, la alternativa con as malas tratadas\\u00a0 est\\u00e1 disponible para aumentar la carga de rotura y, bajo pedido , la alternativa en acero inoxidable o cincada.<br \\\/>En aras de la identificaci\\u00f3n y la investigaci\\u00f3n, la nomenclatura tradicional de ZMC se asocia con la serie principal de cadenas unificadas:<br \\\/>Serie Z - Cadenas con paso en pulgadas seg\\u00fan el est\\u00e1ndar anglosaj\\u00f3n BS4119 Part4<br \\\/>Serie M - Cadenas con est\\u00e1ndares de paso m\\u00e9trico ISO1977, DIN 8167, DIN 8168<br \\\/>Serie C: cadenas de paso m\\u00e9trico seg\\u00fan DIN 8165, internacionalmente conocidas tambi\\u00e9n como cadenas FV<\\\/p>\",\"text_style\":\"\",\"text_color\":\"\",\"text_size\":\"\",\"column\":\"\",\"text_align\":\"\",\"text_align_breakpoint\":\"\",\"text_align_fallback\":\"\",\"maxwidth\":\"\",\"maxwidth_align\":\"\",\"maxwidth_breakpoint\":\"\",\"animation\":\"\",\"visibility\":\"\"}}]}]}]},{\"name\":\"\",\"type\":\"section\",\"props\":{\"style\":\"default\",\"width\":\"default\",\"vertical_align\":\"middle\",\"title_position\":\"top-left\",\"title_rotation\":\"left\",\"title_breakpoint\":\"xl\",\"image_position\":\"center-center\",\"padding\":\"\",\"padding_remove_bottom\":true,\"padding_remove_top\":true},\"children\":[{\"name\":\"\",\"type\":\"row\",\"props\":{\"fixed_width\":\"large\",\"breakpoint\":\"m\",\"layout\":\",,\",\"gutter\":\"small\",\"divider\":false,\"width\":\"\",\"height\":\"\",\"margin\":\"\"},\"children\":[{\"name\":\"\",\"type\":\"column\",\"props\":{\"widths\":[\"\"],\"image_position\":\"center-center\",\"style\":\"\",\"padding\":\"\",\"vertical_align\":\"\",\"text_color\":\"\"},\"children\":[{\"name\":\"\",\"type\":\"headline\",\"props\":{\"title_element\":\"h2\",\"title_style\":\"h3\",\"content\":\"Cadena no unificada <br \\\/>con paso m\\u00e9trico\",\"link\":\"\",\"margin_remove_bottom\":true,\"margin\":\"\",\"margin_remove_top\":false,\"title_decoration\":\"\",\"title_color\":\"\",\"text_align\":\"center\",\"class\":\"tit-catene-standard\",\"maxwidth\":\"\",\"maxwidth_align\":\"center\",\"text_align_breakpoint\":\"\",\"text_align_fallback\":\"\",\"maxwidth_breakpoint\":\"\",\"animation\":\"\",\"visibility\":\"\"}},{\"name\":\"\",\"type\":\"image\",\"props\":{\"margin\":\"default\",\"image\":\"wp-content\\\/uploads\\\/non-unificate-passo-metrico.jpg\",\"margin_remove_top\":true,\"margin_remove_bottom\":true,\"text_align\":\"center\",\"maxwidth\":\"xxlarge\",\"maxwidth_align\":\"center\"}},{\"name\":\"\",\"type\":\"subnav\",\"props\":{\"subnav_style\":\"\",\"text_align\":\"center\",\"margin_remove_top\":false,\"class\":\"tit-catene-standard-perni\",\"text_align_breakpoint\":\"\",\"text_align_fallback\":\"\",\"maxwidth\":\"xxlarge\",\"maxwidth_align\":\"\",\"maxwidth_breakpoint\":\"\",\"margin\":\"remove-vertical\",\"animation\":\"\",\"visibility\":\"\"},\"children\":[{\"name\":\"\",\"type\":\"subnav_item\",\"props\":{\"content\":\"CON EJES MACIZOS \",\"link\":\"\\\/es\\\/?p=648\"}},{\"name\":\"\",\"type\":\"subnav_item\",\"props\":{\"content\":\"CON EJES HUECOS\",\"link\":\"\\\/es\\\/?p=922\"}},{\"name\":\"\",\"type\":\"subnav_item\",\"props\":{\"content\":\"CON MALLAS ALTAS \",\"link\":\"\\\/es\\\/?p=949\"}}]}]},{\"name\":\"\",\"type\":\"column\",\"props\":{\"widths\":[\"\"],\"image_position\":\"center-center\",\"vertical_align\":\"\",\"style\":\"\",\"text_color\":\"\",\"padding\":\"\"},\"children\":[{\"name\":\"\",\"type\":\"headline\",\"props\":{\"title_element\":\"h1\",\"title_style\":\"h3\",\"content\":\"Cadenas <br \\\/>no unificadas\",\"link\":\"\",\"margin_remove_bottom\":true,\"margin\":\"\",\"text_align\":\"center\",\"class\":\"tit-catene-standard\",\"title_decoration\":\"\",\"title_color\":\"\",\"text_align_breakpoint\":\"\",\"text_align_fallback\":\"\",\"maxwidth\":\"\",\"maxwidth_align\":\"\",\"maxwidth_breakpoint\":\"\",\"animation\":\"\",\"visibility\":\"\"}},{\"name\":\"\",\"type\":\"image\",\"props\":{\"margin\":\"default\",\"image\":\"wp-content\\\/uploads\\\/non-unificate.jpg\",\"margin_remove_top\":true,\"margin_remove_bottom\":true,\"css\":\"\",\"class\":\"\",\"text_align\":\"center\"}},{\"name\":\"\",\"type\":\"subnav\",\"props\":{\"subnav_style\":\"\",\"text_align\":\"center\",\"class\":\"tit-catene-standard-perni\",\"text_align_breakpoint\":\"\",\"text_align_fallback\":\"\",\"maxwidth\":\"\",\"maxwidth_align\":\"\",\"maxwidth_breakpoint\":\"\",\"margin\":\"\",\"animation\":\"\",\"visibility\":\"\"},\"children\":[{\"name\":\"\",\"type\":\"subnav_item\",\"props\":{\"content\":\"CON EJES HUECOS\",\"link\":\"\\\/es\\\/?p=956\"}}]}]},{\"name\":\"\",\"type\":\"column\",\"props\":{\"widths\":[\"\"],\"image_position\":\"center-center\"},\"children\":[{\"name\":\"\",\"type\":\"headline\",\"props\":{\"title_element\":\"h2\",\"title_style\":\"h3\",\"content\":\"Cadenas serie BS 4116<br \\\/>PARTE 4 (serie Z)\",\"link\":\"\",\"margin_remove_bottom\":true,\"margin\":\"\",\"margin_remove_top\":false,\"title_decoration\":\"\",\"title_color\":\"\",\"text_align\":\"center\",\"class\":\"tit-catene-standard\",\"text_align_breakpoint\":\"\",\"text_align_fallback\":\"\",\"maxwidth\":\"\",\"maxwidth_align\":\"\",\"maxwidth_breakpoint\":\"\",\"animation\":\"\",\"visibility\":\"\"}},{\"name\":\"\",\"type\":\"image\",\"props\":{\"margin\":\"default\",\"image\":\"wp-content\\\/uploads\\\/serie-z.jpg\",\"margin_remove_top\":true,\"margin_remove_bottom\":true,\"css\":\"\",\"class\":\"\",\"text_align\":\"center\"}},{\"name\":\"\",\"type\":\"subnav\",\"props\":{\"subnav_style\":\"\",\"text_align\":\"center\",\"margin_remove_top\":false,\"class\":\"tit-catene-standard-perni\",\"text_align_breakpoint\":\"\",\"text_align_fallback\":\"\",\"maxwidth\":\"\",\"maxwidth_align\":\"\",\"maxwidth_breakpoint\":\"\",\"margin\":\"\",\"animation\":\"\",\"visibility\":\"\"},\"children\":[{\"name\":\"\",\"type\":\"subnav_item\",\"props\":{\"content\":\"CON EJES MACIZOS \",\"link\":\"\\\/es\\\/?p=969\"}},{\"name\":\"\",\"type\":\"subnav_item\",\"props\":{\"content\":\"CON EJES HUECOS\",\"link\":\"\\\/es\\\/?p=981\"}},{\"name\":\"\",\"type\":\"subnav_item\",\"props\":{\"content\":\"CON MALLAS ALTAS \",\"link\":\"\\\/es\\\/?p=988\"}}]}]}]}]},{\"name\":\"\",\"type\":\"section\",\"props\":{\"style\":\"default\",\"width\":\"default\",\"vertical_align\":\"middle\",\"title_position\":\"top-left\",\"title_rotation\":\"left\",\"title_breakpoint\":\"xl\",\"image_position\":\"center-center\",\"padding\":\"\",\"padding_remove_bottom\":false},\"children\":[{\"name\":\"\",\"type\":\"row\",\"props\":{\"fixed_width\":\"large\",\"breakpoint\":\"m\",\"layout\":\",,\",\"gutter\":\"small\",\"width\":\"\",\"height\":\"\",\"margin\":\"\"},\"children\":[{\"name\":\"\",\"type\":\"column\",\"props\":{\"widths\":[\"\"],\"image_position\":\"center-center\",\"style\":\"\",\"padding\":\"\"},\"children\":[{\"name\":\"\",\"type\":\"headline\",\"props\":{\"title_element\":\"h1\",\"title_style\":\"h3\",\"content\":\"La serie ISO encadena<br \\\/>1977 DIN 8167 (serie M)\",\"link\":\"\",\"margin_remove_bottom\":true,\"margin\":\"\",\"text_align\":\"center\",\"class\":\"tit-catene-standard\",\"title_decoration\":\"\",\"title_color\":\"\",\"text_align_breakpoint\":\"\",\"text_align_fallback\":\"\",\"maxwidth\":\"\",\"maxwidth_align\":\"\",\"maxwidth_breakpoint\":\"\",\"animation\":\"\",\"visibility\":\"\"}},{\"name\":\"\",\"type\":\"image\",\"props\":{\"margin\":\"default\",\"image\":\"wp-content\\\/uploads\\\/serie-m.jpg\",\"margin_remove_top\":true,\"margin_remove_bottom\":true,\"css\":\"\",\"class\":\"\",\"text_align\":\"center\"}},{\"name\":\"\",\"type\":\"subnav\",\"props\":{\"subnav_style\":\"\",\"text_align\":\"center\",\"margin_remove_top\":false,\"class\":\"tit-catene-standard-perni\",\"text_align_breakpoint\":\"\",\"text_align_fallback\":\"\",\"maxwidth\":\"\",\"maxwidth_align\":\"\",\"maxwidth_breakpoint\":\"\",\"margin\":\"\",\"animation\":\"\",\"visibility\":\"\"},\"children\":[{\"name\":\"\",\"type\":\"subnav_item\",\"props\":{\"content\":\"CON EJES MACIZOS \",\"link\":\"\\\/es\\\/?p=1006\"}},{\"name\":\"\",\"type\":\"subnav_item\",\"props\":{\"content\":\"CON EJES HUECOS\",\"link\":\"\\\/es\\\/?p=1015\"}},{\"name\":\"\",\"type\":\"subnav_item\",\"props\":{\"content\":\"CON MALLAS ALTAS \",\"link\":\"\\\/es\\\/?p=1021\"}}]}]},{\"name\":\"\",\"type\":\"column\",\"props\":{\"widths\":[\"\"],\"image_position\":\"center-center\"},\"children\":[{\"name\":\"\",\"type\":\"headline\",\"props\":{\"title_element\":\"h2\",\"title_style\":\"h3\",\"content\":\"Cadenas serie DIN 8165 <br \\\/>(serie C)\",\"link\":\"\",\"margin_remove_bottom\":true,\"margin\":\"\",\"margin_remove_top\":false,\"title_decoration\":\"\",\"title_color\":\"\",\"text_align\":\"center\",\"class\":\"tit-catene-standard\",\"text_align_breakpoint\":\"\",\"text_align_fallback\":\"\",\"maxwidth\":\"\",\"maxwidth_align\":\"\",\"maxwidth_breakpoint\":\"\",\"animation\":\"\",\"visibility\":\"\"}},{\"name\":\"\",\"type\":\"image\",\"props\":{\"margin\":\"default\",\"image\":\"wp-content\\\/uploads\\\/serie-c.jpg\",\"margin_remove_top\":true,\"margin_remove_bottom\":true,\"text_align\":\"center\"}},{\"name\":\"\",\"type\":\"subnav\",\"props\":{\"subnav_style\":\"\",\"text_align\":\"center\",\"margin_remove_top\":false,\"class\":\"tit-catene-standard-perni\",\"text_align_breakpoint\":\"\",\"text_align_fallback\":\"\",\"maxwidth\":\"\",\"maxwidth_align\":\"\",\"maxwidth_breakpoint\":\"\",\"margin\":\"\",\"animation\":\"\",\"visibility\":\"\"},\"children\":[{\"name\":\"\",\"type\":\"subnav_item\",\"props\":{\"content\":\"CON EJES MACIZOS \",\"link\":\"\\\/es\\\/?p=1027\"}},{\"name\":\"\",\"type\":\"subnav_item\",\"props\":{\"content\":\"CON EJES HUECOS\",\"link\":\"\\\/es\\\/?p=1044\"}},{\"name\":\"\",\"type\":\"subnav_item\",\"props\":{\"content\":\"CON MALLAS ALTAS \",\"link\":\"\\\/es\\\/?p=1047\"}}]}]},{\"name\":\"\",\"type\":\"column\",\"props\":{\"widths\":[\"\"],\"image_position\":\"center-center\"},\"children\":[{\"name\":\"\",\"type\":\"headline\",\"props\":{\"title_element\":\"h1\",\"title_style\":\"h3\",\"content\":\"Cadenas <br \\\/>serie ANSI\",\"link\":\"\",\"margin_remove_bottom\":true,\"margin\":\"\",\"text_align\":\"center\",\"class\":\"tit-catene-standard\",\"title_decoration\":\"\",\"title_color\":\"\",\"text_align_breakpoint\":\"\",\"text_align_fallback\":\"\",\"maxwidth\":\"\",\"maxwidth_align\":\"\",\"maxwidth_breakpoint\":\"\",\"animation\":\"\",\"visibility\":\"\"}},{\"name\":\"\",\"type\":\"image\",\"props\":{\"margin\":\"default\",\"image\":\"wp-content\\\/uploads\\\/serie-ansi.jpg\",\"margin_remove_top\":true,\"margin_remove_bottom\":true,\"text_align\":\"center\"}},{\"name\":\"\",\"type\":\"subnav\",\"props\":{\"subnav_style\":\"\",\"text_align\":\"center\",\"margin_remove_top\":false,\"class\":\"tit-catene-standard-perni\",\"text_align_breakpoint\":\"\",\"text_align_fallback\":\"\",\"maxwidth\":\"\",\"maxwidth_align\":\"\",\"maxwidth_breakpoint\":\"\",\"margin\":\"\",\"animation\":\"\",\"visibility\":\"\"},\"children\":[{\"name\":\"\",\"type\":\"subnav_item\",\"props\":{\"content\":\"CON EJES MACIZOS \",\"link\":\"\\\/es\\\/?p=1052\"}}]}]}]}]},{\"name\":\" 2 Bottoni Scarica\",\"type\":\"section\",\"props\":{\"style\":\"default\",\"width\":\"default\",\"vertical_align\":\"middle\",\"title_position\":\"top-left\",\"title_rotation\":\"left\",\"title_breakpoint\":\"xl\",\"image_position\":\"center-center\",\"padding_remove_top\":true,\"padding_remove_bottom\":false},\"children\":[{\"name\":\"\",\"type\":\"row\",\"props\":{\"fixed_width\":\"large\",\"breakpoint\":\"m\",\"layout\":\",,\",\"width\":\"default\",\"margin\":\"\",\"margin_remove_bottom\":false},\"children\":[{\"name\":\"\",\"type\":\"column\",\"props\":{\"widths\":[\"\"],\"image_position\":\"center-center\"},\"children\":[{\"name\":\"\",\"type\":\"button\",\"props\":{\"gutter\":\"small\",\"margin\":\"default\",\"maxwidth\":\"xxlarge\",\"button_size\":\"large\",\"fullwidth\":true,\"text_align\":\"center\",\"maxwidth_align\":\"center\",\"class\":\"bottone-scarica\",\"text_align_breakpoint\":\"\",\"text_align_fallback\":\"\",\"maxwidth_breakpoint\":\"\",\"animation\":\"\",\"visibility\":\"\"},\"children\":[{\"name\":\"\",\"type\":\"button_item\",\"props\":{\"button_style\":\"primary\",\"icon_align\":\"left\",\"icon\":\"download\",\"link_title\":\"\",\"content\":\"Descargar el catalogo\",\"link_target\":\"blank\",\"link\":\"wp-content\\\/uploads\\\/ZMC-Cat-Espanol-1.pdf\"}}]}]},{\"name\":\"\",\"type\":\"column\",\"props\":{\"widths\":[\"\"],\"image_position\":\"center-center\"},\"children\":[{\"name\":\"Bottone Trova la catena\",\"type\":\"button\",\"props\":{\"gutter\":\"small\",\"margin\":\"default\",\"button_size\":\"large\",\"fullwidth\":true,\"maxwidth\":\"xxlarge\",\"maxwidth_align\":\"center\",\"text_align\":\"center\",\"class\":\"bottone-scarica\",\"text_align_breakpoint\":\"\",\"text_align_fallback\":\"\",\"maxwidth_breakpoint\":\"\",\"animation\":\"\",\"visibility\":\"\"},\"children\":[{\"name\":\"\",\"type\":\"button_item\",\"props\":{\"button_style\":\"secondary\",\"icon_align\":\"left\",\"content\":\"Encuentra la cadena\",\"icon\":\"cog\",\"link\":\"\\\/es\\\/?p=480\",\"link_target\":\"\"}}]}]},{\"name\":\"\",\"type\":\"column\",\"props\":{\"widths\":[\"\"],\"image_position\":\"center-center\",\"style\":\"\"},\"children\":[{\"name\":\"Bottone contattaci\",\"type\":\"button\",\"props\":{\"gutter\":\"small\",\"margin\":\"default\",\"maxwidth\":\"xxlarge\",\"button_size\":\"large\",\"fullwidth\":true,\"text_align\":\"center\",\"maxwidth_align\":\"center\",\"class\":\"bottone-scarica\",\"text_align_breakpoint\":\"\",\"text_align_fallback\":\"\",\"maxwidth_breakpoint\":\"\",\"animation\":\"\",\"visibility\":\"\"},\"children\":[{\"name\":\"\",\"type\":\"button_item\",\"props\":{\"button_style\":\"primary\",\"icon_align\":\"left\",\"icon\":\"mail\",\"link_title\":\"\",\"content\":\"Contacto\",\"link_target\":\"\",\"link\":\"\\\/es\\\/?p=384\"}}]}]}]}]}]} --><\/p>\n","protected":false},"excerpt":{"rendered":"<p>Cadenas estandardars Las cadenas est\u00e1ndar de la gama ZMC incluyen productos fabricados de acuerdo con las principales normas internacionales (ISO1977, DIN 8165, DIN 8167, DIN 8168, norma brit\u00e1nica 4119, ANSI \/ ASME B29.100) y cadenas no unificadas de uso com\u00fan.Vers\u00e1tiles y fiables, las cadenas est\u00e1ndar ofrecen al dise\u00f1ador una amplia variedad de soluciones para el [&hellip;]<\/p>\n","protected":false},"author":1,"featured_media":0,"parent":0,"menu_order":0,"comment_status":"closed","ping_status":"closed","template":"","meta":{"footnotes":""},"class_list":["post-3956","page","type-page","status-publish","hentry"],"yoast_head":"<!-- This site is optimized with the Yoast SEO plugin v27.5 - https:\/\/yoast.com\/product\/yoast-seo-wordpress\/ -->\n<title>Cadenas estandar Italy - Cadenas estandardars ZMC<\/title>\n<meta name=\"description\" content=\"ZMC Italia produce y comercializa cadenas industriales est\u00e1ndar y no est\u00e1ndar. P\u00f3ngase en contacto con nosotros para m\u00e1s informaci\u00f3n.\" \/>\n<meta name=\"robots\" content=\"index, follow, max-snippet:-1, max-image-preview:large, max-video-preview:-1\" \/>\n<link rel=\"canonical\" href=\"https:\/\/www.zmc.it\/es\/cadenas-estandardars\/\" \/>\n<meta property=\"og:locale\" content=\"es_ES\" \/>\n<meta property=\"og:type\" content=\"article\" \/>\n<meta property=\"og:title\" content=\"Cadenas estandar Italy - Cadenas estandardars ZMC\" \/>\n<meta property=\"og:description\" content=\"ZMC Italia produce y comercializa cadenas industriales est\u00e1ndar y no est\u00e1ndar. P\u00f3ngase en contacto con nosotros para m\u00e1s informaci\u00f3n.\" \/>\n<meta property=\"og:url\" content=\"https:\/\/www.zmc.it\/es\/cadenas-estandardars\/\" \/>\n<meta property=\"og:site_name\" content=\"ZMC Italy\" \/>\n<meta property=\"article:modified_time\" content=\"2021-11-03T11:32:35+00:00\" \/>\n<meta property=\"og:image\" content=\"https:\/\/www.zmc.it\/wp-content\/uploads\/FOTO-SLIDER-2.jpg\" \/>\n\t<meta property=\"og:image:width\" content=\"1600\" \/>\n\t<meta property=\"og:image:height\" content=\"500\" \/>\n\t<meta property=\"og:image:type\" content=\"image\/jpeg\" \/>\n<meta name=\"twitter:card\" content=\"summary_large_image\" \/>\n<meta name=\"twitter:label1\" content=\"Tiempo de lectura\" \/>\n\t<meta name=\"twitter:data1\" content=\"2 minutos\" \/>\n<script type=\"application\/ld+json\" class=\"yoast-schema-graph\">{\"@context\":\"https:\\\/\\\/schema.org\",\"@graph\":[{\"@type\":\"WebPage\",\"@id\":\"https:\\\/\\\/www.zmc.it\\\/es\\\/cadenas-estandardars\\\/\",\"url\":\"https:\\\/\\\/www.zmc.it\\\/es\\\/cadenas-estandardars\\\/\",\"name\":\"Cadenas estandar Italy - Cadenas estandardars ZMC\",\"isPartOf\":{\"@id\":\"https:\\\/\\\/www.zmc.it\\\/#website\"},\"datePublished\":\"2018-03-16T06:57:23+00:00\",\"dateModified\":\"2021-11-03T11:32:35+00:00\",\"description\":\"ZMC Italia produce y comercializa cadenas industriales est\u00e1ndar y no est\u00e1ndar. P\u00f3ngase en contacto con nosotros para m\u00e1s informaci\u00f3n.\",\"breadcrumb\":{\"@id\":\"https:\\\/\\\/www.zmc.it\\\/es\\\/cadenas-estandardars\\\/#breadcrumb\"},\"inLanguage\":\"es\",\"potentialAction\":[{\"@type\":\"ReadAction\",\"target\":[\"https:\\\/\\\/www.zmc.it\\\/es\\\/cadenas-estandardars\\\/\"]}]},{\"@type\":\"BreadcrumbList\",\"@id\":\"https:\\\/\\\/www.zmc.it\\\/es\\\/cadenas-estandardars\\\/#breadcrumb\",\"itemListElement\":[{\"@type\":\"ListItem\",\"position\":1,\"name\":\"Home\",\"item\":\"https:\\\/\\\/www.zmc.it\\\/es\\\/\"},{\"@type\":\"ListItem\",\"position\":2,\"name\":\"Cadenas estandardars\"}]},{\"@type\":\"WebSite\",\"@id\":\"https:\\\/\\\/www.zmc.it\\\/#website\",\"url\":\"https:\\\/\\\/www.zmc.it\\\/\",\"name\":\"ZMC Italy\",\"description\":\"\",\"publisher\":{\"@id\":\"https:\\\/\\\/www.zmc.it\\\/#organization\"},\"potentialAction\":[{\"@type\":\"SearchAction\",\"target\":{\"@type\":\"EntryPoint\",\"urlTemplate\":\"https:\\\/\\\/www.zmc.it\\\/?s={search_term_string}\"},\"query-input\":{\"@type\":\"PropertyValueSpecification\",\"valueRequired\":true,\"valueName\":\"search_term_string\"}}],\"inLanguage\":\"es\"},{\"@type\":\"Organization\",\"@id\":\"https:\\\/\\\/www.zmc.it\\\/#organization\",\"name\":\"ZMC Italy\",\"url\":\"https:\\\/\\\/www.zmc.it\\\/\",\"logo\":{\"@type\":\"ImageObject\",\"inLanguage\":\"es\",\"@id\":\"https:\\\/\\\/www.zmc.it\\\/#\\\/schema\\\/logo\\\/image\\\/\",\"url\":\"https:\\\/\\\/www.zmc.it\\\/wp-content\\\/uploads\\\/zmc-logo.png\",\"contentUrl\":\"https:\\\/\\\/www.zmc.it\\\/wp-content\\\/uploads\\\/zmc-logo.png\",\"width\":150,\"height\":75,\"caption\":\"ZMC Italy\"},\"image\":{\"@id\":\"https:\\\/\\\/www.zmc.it\\\/#\\\/schema\\\/logo\\\/image\\\/\"},\"sameAs\":[\"https:\\\/\\\/www.linkedin.com\\\/company\\\/z.m.c.-italia-s.r.l.\\\/about\\\/\"]}]}<\/script>\n<!-- \/ Yoast SEO plugin. -->","yoast_head_json":{"title":"Cadenas estandar Italy - Cadenas estandardars ZMC","description":"ZMC Italia produce y comercializa cadenas industriales est\u00e1ndar y no est\u00e1ndar. P\u00f3ngase en contacto con nosotros para m\u00e1s informaci\u00f3n.","robots":{"index":"index","follow":"follow","max-snippet":"max-snippet:-1","max-image-preview":"max-image-preview:large","max-video-preview":"max-video-preview:-1"},"canonical":"https:\/\/www.zmc.it\/es\/cadenas-estandardars\/","og_locale":"es_ES","og_type":"article","og_title":"Cadenas estandar Italy - Cadenas estandardars ZMC","og_description":"ZMC Italia produce y comercializa cadenas industriales est\u00e1ndar y no est\u00e1ndar. P\u00f3ngase en contacto con nosotros para m\u00e1s informaci\u00f3n.","og_url":"https:\/\/www.zmc.it\/es\/cadenas-estandardars\/","og_site_name":"ZMC Italy","article_modified_time":"2021-11-03T11:32:35+00:00","og_image":[{"width":1600,"height":500,"url":"https:\/\/www.zmc.it\/wp-content\/uploads\/FOTO-SLIDER-2.jpg","type":"image\/jpeg"}],"twitter_card":"summary_large_image","twitter_misc":{"Tiempo de lectura":"2 minutos"},"schema":{"@context":"https:\/\/schema.org","@graph":[{"@type":"WebPage","@id":"https:\/\/www.zmc.it\/es\/cadenas-estandardars\/","url":"https:\/\/www.zmc.it\/es\/cadenas-estandardars\/","name":"Cadenas estandar Italy - Cadenas estandardars ZMC","isPartOf":{"@id":"https:\/\/www.zmc.it\/#website"},"datePublished":"2018-03-16T06:57:23+00:00","dateModified":"2021-11-03T11:32:35+00:00","description":"ZMC Italia produce y comercializa cadenas industriales est\u00e1ndar y no est\u00e1ndar. P\u00f3ngase en contacto con nosotros para m\u00e1s informaci\u00f3n.","breadcrumb":{"@id":"https:\/\/www.zmc.it\/es\/cadenas-estandardars\/#breadcrumb"},"inLanguage":"es","potentialAction":[{"@type":"ReadAction","target":["https:\/\/www.zmc.it\/es\/cadenas-estandardars\/"]}]},{"@type":"BreadcrumbList","@id":"https:\/\/www.zmc.it\/es\/cadenas-estandardars\/#breadcrumb","itemListElement":[{"@type":"ListItem","position":1,"name":"Home","item":"https:\/\/www.zmc.it\/es\/"},{"@type":"ListItem","position":2,"name":"Cadenas estandardars"}]},{"@type":"WebSite","@id":"https:\/\/www.zmc.it\/#website","url":"https:\/\/www.zmc.it\/","name":"ZMC Italy","description":"","publisher":{"@id":"https:\/\/www.zmc.it\/#organization"},"potentialAction":[{"@type":"SearchAction","target":{"@type":"EntryPoint","urlTemplate":"https:\/\/www.zmc.it\/?s={search_term_string}"},"query-input":{"@type":"PropertyValueSpecification","valueRequired":true,"valueName":"search_term_string"}}],"inLanguage":"es"},{"@type":"Organization","@id":"https:\/\/www.zmc.it\/#organization","name":"ZMC Italy","url":"https:\/\/www.zmc.it\/","logo":{"@type":"ImageObject","inLanguage":"es","@id":"https:\/\/www.zmc.it\/#\/schema\/logo\/image\/","url":"https:\/\/www.zmc.it\/wp-content\/uploads\/zmc-logo.png","contentUrl":"https:\/\/www.zmc.it\/wp-content\/uploads\/zmc-logo.png","width":150,"height":75,"caption":"ZMC Italy"},"image":{"@id":"https:\/\/www.zmc.it\/#\/schema\/logo\/image\/"},"sameAs":["https:\/\/www.linkedin.com\/company\/z.m.c.-italia-s.r.l.\/about\/"]}]}},"_links":{"self":[{"href":"https:\/\/www.zmc.it\/es\/wp-json\/wp\/v2\/pages\/3956","targetHints":{"allow":["GET"]}}],"collection":[{"href":"https:\/\/www.zmc.it\/es\/wp-json\/wp\/v2\/pages"}],"about":[{"href":"https:\/\/www.zmc.it\/es\/wp-json\/wp\/v2\/types\/page"}],"author":[{"embeddable":true,"href":"https:\/\/www.zmc.it\/es\/wp-json\/wp\/v2\/users\/1"}],"replies":[{"embeddable":true,"href":"https:\/\/www.zmc.it\/es\/wp-json\/wp\/v2\/comments?post=3956"}],"version-history":[{"count":0,"href":"https:\/\/www.zmc.it\/es\/wp-json\/wp\/v2\/pages\/3956\/revisions"}],"wp:attachment":[{"href":"https:\/\/www.zmc.it\/es\/wp-json\/wp\/v2\/media?parent=3956"}],"curies":[{"name":"wp","href":"https:\/\/api.w.org\/{rel}","templated":true}]}}