{"id":3952,"date":"2018-09-21T09:30:17","date_gmt":"2018-09-21T09:30:17","guid":{"rendered":"https:\/\/www.zmc.it\/catene-speciali\/magazzini-rotanti\/"},"modified":"2021-11-02T14:45:44","modified_gmt":"2021-11-02T14:45:44","slug":"cadenas-transportadoras-para-almacenes-giratorios","status":"publish","type":"page","link":"https:\/\/www.zmc.it\/es\/cadenas-especiales\/cadenas-transportadoras-para-almacenes-giratorios\/","title":{"rendered":"Cadenas transportadoras para almacenes giratorios"},"content":{"rendered":"<h1>\n<h1>Cadenas transportadoras para almacenes <span>giratorios<\/span><\/h1>\n<\/h1>\n<ul>\n<li>\n<p>        <img decoding=\"async\" src=\"\/wp-content\/uploads\/magazzini-rotanti-01.jpg\" alt=\"\"><\/p>\n<\/li>\n<li>\n<p>        <img decoding=\"async\" src=\"\/wp-content\/uploads\/magazzini-rotanti-02.jpg\" alt=\"\"><\/p>\n<\/li>\n<li>\n<p>        <img decoding=\"async\" src=\"\/wp-content\/uploads\/magazzini-rotanti-03.jpg\" alt=\"\"><\/p>\n<\/li>\n<\/ul>\n<p>\n    <a href=\"\/wp-content\/uploads\/ZMC-Cat-Espanol-1.pdf\">Descargar el catalogo<\/a>\n<\/p>\n<p>\n    <a href=\"\/wp-content\/uploads\/ZMC-Almacenes-giratorios.pdf\">Descarga la secci\u00f3n de Almacenes giratorios<\/a>\n<\/p>\n<div>Para almacenes giratorios, dedicados al almacenamiento de productos textiles en bobinas o rollos, ZMC ofrece una gama de cadenas de ejes macizos s o ejes huecos montados en el centro de los eslabones.<\/p>\n<p>El concepto de almac\u00e9n giratorio tambi\u00e9n se utiliza en muchos otros sectores de productos y ZMC puede ofrecer asistencia para elegir la cadena adecuada de las existentes o para dise\u00f1ar una nueva cadena que cumpla con las especificaciones requeridas por la instalaci\u00f3n.<\/p>\n<\/div>\n<p><!--more--><br \/>\n<!-- {\"name\":\"\",\"type\":\"layout\",\"children\":[{\"name\":\"BREAD\",\"type\":\"section\",\"props\":{\"style\":\"default\",\"width\":\"default\",\"vertical_align\":\"middle\",\"title_position\":\"top-left\",\"title_rotation\":\"left\",\"title_breakpoint\":\"xl\",\"image_position\":\"center-center\",\"padding\":\"xsmall\",\"padding_remove_bottom\":true},\"children\":[{\"name\":\"\",\"type\":\"row\",\"children\":[{\"name\":\"\",\"type\":\"column\",\"props\":{\"image_position\":\"center-center\",\"width_medium\":\"1-1\",\"media_overlay_gradient\":\"\"},\"children\":[{\"name\":\"\",\"type\":\"headline\",\"props\":{\"title_element\":\"h1\",\"content\":\"\n\n<h1>Cadenas transportadoras para almacenes <span>giratorios<\\\/span><\\\/h1>\"}}]}]}]},{\"name\":\"contenuto speciali\",\"type\":\"section\",\"props\":{\"style\":\"default\",\"width\":\"default\",\"vertical_align\":\"middle\",\"title_position\":\"top-left\",\"title_rotation\":\"left\",\"title_breakpoint\":\"xl\",\"image_position\":\"center-center\",\"padding_remove_top\":false,\"padding\":\"xsmall\",\"padding_remove_bottom\":true},\"children\":[{\"name\":\"\",\"type\":\"row\",\"props\":{\"layout\":\"2-3,1-3\"},\"children\":[{\"name\":\"\",\"type\":\"column\",\"props\":{\"image_position\":\"center-center\",\"width_medium\":\"2-3\",\"media_overlay_gradient\":\"\"},\"children\":[{\"name\":\"slideshow catene speciali\",\"type\":\"slideshow\",\"props\":{\"show_title\":false,\"show_meta\":false,\"show_content\":true,\"show_link\":false,\"show_thumbnail\":false,\"slideshow_min_height\":300,\"slideshow_autoplay_pause\":true,\"nav\":\"dotnav\",\"nav_position\":\"bottom-center\",\"nav_position_margin\":\"medium\",\"nav_align\":\"center\",\"nav_breakpoint\":\"s\",\"thumbnav_width\":\"100\",\"thumbnav_height\":\"75\",\"slidenav\":\"default\",\"slidenav_margin\":\"\",\"slidenav_breakpoint\":\"s\",\"slidenav_outside_breakpoint\":\"xl\",\"overlay_position\":\"bottom\",\"overlay_animation\":\"parallax\",\"title_element\":\"h3\",\"meta_style\":\"meta\",\"meta_align\":\"below-title\",\"link_text\":\"Read more\",\"link_style\":\"default\",\"margin\":\"remove-vertical\",\"slideshow_autoplay\":true,\"overlay_container\":\"default\",\"overlay_container_padding\":\"small\",\"overlay_style\":\"overlay-default\",\"overlay_width\":\"xlarge\",\"text_align\":\"center\",\"maxwidth\":\"2xlarge\",\"class\":\"testo-slide\",\"overlay_padding\":\"small\",\"nav_below\":true,\"nav_margin\":\"small\",\"slidenav_hover\":true,\"thumbnav_svg_color\":\"emphasis\",\"meta_element\":\"div\"},\"children\":[{\"name\":\"\",\"type\":\"slideshow_item\",\"props\":{\"image\":\"wp-content\\\/uploads\\\/magazzini-rotanti-01.jpg\"}},{\"name\":\"\",\"type\":\"slideshow_item\",\"props\":{\"image\":\"wp-content\\\/uploads\\\/magazzini-rotanti-02.jpg\",\"text_color\":\"light\",\"content\":\"\"}},{\"name\":\"\",\"type\":\"slideshow_item\",\"props\":{\"image\":\"wp-content\\\/uploads\\\/magazzini-rotanti-03.jpg\",\"text_color\":\"light\",\"content\":\"\"}}]}]},{\"name\":\"\",\"type\":\"column\",\"props\":{\"image_position\":\"center-center\",\"width_medium\":\"1-3\",\"media_overlay_gradient\":\"\"},\"children\":[{\"name\":\"000cat-esp\",\"type\":\"button\",\"props\":{\"margin\":\"default\",\"maxwidth\":\"2xlarge\",\"button_size\":\"large\",\"fullwidth\":true,\"grid_column_gap\":\"small\",\"grid_row_gap\":\"small\"},\"children\":[{\"name\":\"\",\"type\":\"button_item\",\"props\":{\"button_style\":\"primary\",\"icon_align\":\"left\",\"icon\":\"download\",\"link_title\":\"\",\"content\":\"Descargar el catalogo\",\"link\":\"wp-content\\\/uploads\\\/ZMC-Cat-Espanol-1.pdf\",\"link_target\":\"blank\"}}]},{\"name\":\"000scarica-sezione-esp\",\"type\":\"button\",\"props\":{\"margin\":\"default\",\"maxwidth\":\"2xlarge\",\"button_size\":\"large\",\"fullwidth\":true,\"grid_column_gap\":\"small\",\"grid_row_gap\":\"small\"},\"children\":[{\"name\":\"\",\"type\":\"button_item\",\"props\":{\"button_style\":\"primary\",\"icon_align\":\"left\",\"icon\":\"download\",\"link_title\":\"\",\"content\":\"Descarga la secci\\u00f3n de Almacenes giratorios\",\"link\":\"wp-content\\\/uploads\\\/ZMC-Almacenes-giratorios.pdf\",\"link_target\":\"blank\"}}]}]}]},{\"name\":\"\",\"type\":\"row\",\"children\":[{\"name\":\"\",\"type\":\"column\",\"props\":{\"image_position\":\"center-center\",\"width_medium\":\"1-1\",\"media_overlay_gradient\":\"\"},\"children\":[{\"name\":\"\",\"type\":\"text\",\"props\":{\"margin\":\"default\",\"column_breakpoint\":\"m\",\"content\":\"Para almacenes giratorios, dedicados al almacenamiento de productos textiles en bobinas o rollos, ZMC ofrece una gama de cadenas de ejes macizos s o ejes huecos montados en el centro de los eslabones.<\\\/p>\\nEl concepto de almac\\u00e9n giratorio tambi\\u00e9n se utiliza en muchos otros sectores de productos y ZMC puede ofrecer asistencia para elegir la cadena adecuada de las existentes o para dise\\u00f1ar una nueva cadena que cumpla con las especificaciones requeridas por la instalaci\\u00f3n.<\\\/p>\"}}]}]}]}],\"version\":\"2.5.10\"} --><\/p>\n","protected":false},"excerpt":{"rendered":"<p>Cadenas transportadoras para almacenes giratorios Descargar el catalogo Descarga la secci\u00f3n de Almacenes giratorios Para almacenes giratorios, dedicados al almacenamiento de productos textiles en bobinas o rollos, ZMC ofrece una gama de cadenas de ejes macizos s o ejes huecos montados en el centro de los eslabones. El concepto de almac\u00e9n giratorio tambi\u00e9n se utiliza [&hellip;]<\/p>\n","protected":false},"author":1,"featured_media":0,"parent":3924,"menu_order":0,"comment_status":"closed","ping_status":"closed","template":"","meta":{"footnotes":""},"class_list":["post-3952","page","type-page","status-publish","hentry"],"yoast_head":"<!-- This site is optimized with the Yoast SEO plugin v27.2 - https:\/\/yoast.com\/product\/yoast-seo-wordpress\/ -->\n<title>Cadenas transportadoras para almacenes giratorios - ZMC Italy<\/title>\n<meta name=\"description\" content=\"ZMC Italia produce y comercializa cadenas especiales para almacenes giratorios. P\u00f3ngase en contacto con nosotros para m\u00e1s informaci\u00f3n.\" \/>\n<meta name=\"robots\" content=\"index, follow, max-snippet:-1, max-image-preview:large, max-video-preview:-1\" \/>\n<link rel=\"canonical\" href=\"https:\/\/www.zmc.it\/es\/cadenas-especiales\/cadenas-transportadoras-para-almacenes-giratorios\/\" \/>\n<meta property=\"og:locale\" content=\"es_ES\" \/>\n<meta property=\"og:type\" content=\"article\" \/>\n<meta property=\"og:title\" content=\"Cadenas transportadoras para almacenes giratorios - ZMC Italy\" \/>\n<meta property=\"og:description\" content=\"ZMC Italia produce y comercializa cadenas especiales para almacenes giratorios. P\u00f3ngase en contacto con nosotros para m\u00e1s informaci\u00f3n.\" \/>\n<meta property=\"og:url\" content=\"https:\/\/www.zmc.it\/es\/cadenas-especiales\/cadenas-transportadoras-para-almacenes-giratorios\/\" \/>\n<meta property=\"og:site_name\" content=\"ZMC Italy\" \/>\n<meta property=\"article:modified_time\" content=\"2021-11-02T14:45:44+00:00\" \/>\n<meta property=\"og:image\" content=\"https:\/\/www.zmc.it\/wp-content\/uploads\/FOTO-SLIDER-2.jpg\" \/>\n\t<meta property=\"og:image:width\" content=\"1600\" \/>\n\t<meta property=\"og:image:height\" content=\"500\" \/>\n\t<meta property=\"og:image:type\" content=\"image\/jpeg\" \/>\n<meta name=\"twitter:card\" content=\"summary_large_image\" \/>\n<script type=\"application\/ld+json\" class=\"yoast-schema-graph\">{\"@context\":\"https:\/\/schema.org\",\"@graph\":[{\"@type\":\"WebPage\",\"@id\":\"https:\/\/www.zmc.it\/es\/cadenas-especiales\/cadenas-transportadoras-para-almacenes-giratorios\/\",\"url\":\"https:\/\/www.zmc.it\/es\/cadenas-especiales\/cadenas-transportadoras-para-almacenes-giratorios\/\",\"name\":\"Cadenas transportadoras para almacenes giratorios - ZMC Italy\",\"isPartOf\":{\"@id\":\"https:\/\/www.zmc.it\/#website\"},\"datePublished\":\"2018-09-21T09:30:17+00:00\",\"dateModified\":\"2021-11-02T14:45:44+00:00\",\"description\":\"ZMC Italia produce y comercializa cadenas especiales para almacenes giratorios. P\u00f3ngase en contacto con nosotros para m\u00e1s informaci\u00f3n.\",\"breadcrumb\":{\"@id\":\"https:\/\/www.zmc.it\/es\/cadenas-especiales\/cadenas-transportadoras-para-almacenes-giratorios\/#breadcrumb\"},\"inLanguage\":\"es\",\"potentialAction\":[{\"@type\":\"ReadAction\",\"target\":[\"https:\/\/www.zmc.it\/es\/cadenas-especiales\/cadenas-transportadoras-para-almacenes-giratorios\/\"]}]},{\"@type\":\"BreadcrumbList\",\"@id\":\"https:\/\/www.zmc.it\/es\/cadenas-especiales\/cadenas-transportadoras-para-almacenes-giratorios\/#breadcrumb\",\"itemListElement\":[{\"@type\":\"ListItem\",\"position\":1,\"name\":\"Home\",\"item\":\"https:\/\/www.zmc.it\/es\/\"},{\"@type\":\"ListItem\",\"position\":2,\"name\":\"Cadenas especiales\",\"item\":\"https:\/\/www.zmc.it\/es\/cadenas-especiales\/\"},{\"@type\":\"ListItem\",\"position\":3,\"name\":\"Cadenas transportadoras para almacenes giratorios\"}]},{\"@type\":\"WebSite\",\"@id\":\"https:\/\/www.zmc.it\/#website\",\"url\":\"https:\/\/www.zmc.it\/\",\"name\":\"ZMC Italy\",\"description\":\"\",\"publisher\":{\"@id\":\"https:\/\/www.zmc.it\/#organization\"},\"potentialAction\":[{\"@type\":\"SearchAction\",\"target\":{\"@type\":\"EntryPoint\",\"urlTemplate\":\"https:\/\/www.zmc.it\/?s={search_term_string}\"},\"query-input\":{\"@type\":\"PropertyValueSpecification\",\"valueRequired\":true,\"valueName\":\"search_term_string\"}}],\"inLanguage\":\"es\"},{\"@type\":\"Organization\",\"@id\":\"https:\/\/www.zmc.it\/#organization\",\"name\":\"ZMC Italy\",\"url\":\"https:\/\/www.zmc.it\/\",\"logo\":{\"@type\":\"ImageObject\",\"inLanguage\":\"es\",\"@id\":\"https:\/\/www.zmc.it\/#\/schema\/logo\/image\/\",\"url\":\"https:\/\/www.zmc.it\/wp-content\/uploads\/zmc-logo.png\",\"contentUrl\":\"https:\/\/www.zmc.it\/wp-content\/uploads\/zmc-logo.png\",\"width\":150,\"height\":75,\"caption\":\"ZMC Italy\"},\"image\":{\"@id\":\"https:\/\/www.zmc.it\/#\/schema\/logo\/image\/\"},\"sameAs\":[\"https:\/\/www.linkedin.com\/company\/z.m.c.-italia-s.r.l.\/about\/\"]}]}<\/script>\n<!-- \/ Yoast SEO plugin. -->","yoast_head_json":{"title":"Cadenas transportadoras para almacenes giratorios - ZMC Italy","description":"ZMC Italia produce y comercializa cadenas especiales para almacenes giratorios. P\u00f3ngase en contacto con nosotros para m\u00e1s informaci\u00f3n.","robots":{"index":"index","follow":"follow","max-snippet":"max-snippet:-1","max-image-preview":"max-image-preview:large","max-video-preview":"max-video-preview:-1"},"canonical":"https:\/\/www.zmc.it\/es\/cadenas-especiales\/cadenas-transportadoras-para-almacenes-giratorios\/","og_locale":"es_ES","og_type":"article","og_title":"Cadenas transportadoras para almacenes giratorios - ZMC Italy","og_description":"ZMC Italia produce y comercializa cadenas especiales para almacenes giratorios. P\u00f3ngase en contacto con nosotros para m\u00e1s informaci\u00f3n.","og_url":"https:\/\/www.zmc.it\/es\/cadenas-especiales\/cadenas-transportadoras-para-almacenes-giratorios\/","og_site_name":"ZMC Italy","article_modified_time":"2021-11-02T14:45:44+00:00","og_image":[{"width":1600,"height":500,"url":"https:\/\/www.zmc.it\/wp-content\/uploads\/FOTO-SLIDER-2.jpg","type":"image\/jpeg"}],"twitter_card":"summary_large_image","schema":{"@context":"https:\/\/schema.org","@graph":[{"@type":"WebPage","@id":"https:\/\/www.zmc.it\/es\/cadenas-especiales\/cadenas-transportadoras-para-almacenes-giratorios\/","url":"https:\/\/www.zmc.it\/es\/cadenas-especiales\/cadenas-transportadoras-para-almacenes-giratorios\/","name":"Cadenas transportadoras para almacenes giratorios - ZMC Italy","isPartOf":{"@id":"https:\/\/www.zmc.it\/#website"},"datePublished":"2018-09-21T09:30:17+00:00","dateModified":"2021-11-02T14:45:44+00:00","description":"ZMC Italia produce y comercializa cadenas especiales para almacenes giratorios. P\u00f3ngase en contacto con nosotros para m\u00e1s informaci\u00f3n.","breadcrumb":{"@id":"https:\/\/www.zmc.it\/es\/cadenas-especiales\/cadenas-transportadoras-para-almacenes-giratorios\/#breadcrumb"},"inLanguage":"es","potentialAction":[{"@type":"ReadAction","target":["https:\/\/www.zmc.it\/es\/cadenas-especiales\/cadenas-transportadoras-para-almacenes-giratorios\/"]}]},{"@type":"BreadcrumbList","@id":"https:\/\/www.zmc.it\/es\/cadenas-especiales\/cadenas-transportadoras-para-almacenes-giratorios\/#breadcrumb","itemListElement":[{"@type":"ListItem","position":1,"name":"Home","item":"https:\/\/www.zmc.it\/es\/"},{"@type":"ListItem","position":2,"name":"Cadenas especiales","item":"https:\/\/www.zmc.it\/es\/cadenas-especiales\/"},{"@type":"ListItem","position":3,"name":"Cadenas transportadoras para almacenes giratorios"}]},{"@type":"WebSite","@id":"https:\/\/www.zmc.it\/#website","url":"https:\/\/www.zmc.it\/","name":"ZMC Italy","description":"","publisher":{"@id":"https:\/\/www.zmc.it\/#organization"},"potentialAction":[{"@type":"SearchAction","target":{"@type":"EntryPoint","urlTemplate":"https:\/\/www.zmc.it\/?s={search_term_string}"},"query-input":{"@type":"PropertyValueSpecification","valueRequired":true,"valueName":"search_term_string"}}],"inLanguage":"es"},{"@type":"Organization","@id":"https:\/\/www.zmc.it\/#organization","name":"ZMC Italy","url":"https:\/\/www.zmc.it\/","logo":{"@type":"ImageObject","inLanguage":"es","@id":"https:\/\/www.zmc.it\/#\/schema\/logo\/image\/","url":"https:\/\/www.zmc.it\/wp-content\/uploads\/zmc-logo.png","contentUrl":"https:\/\/www.zmc.it\/wp-content\/uploads\/zmc-logo.png","width":150,"height":75,"caption":"ZMC Italy"},"image":{"@id":"https:\/\/www.zmc.it\/#\/schema\/logo\/image\/"},"sameAs":["https:\/\/www.linkedin.com\/company\/z.m.c.-italia-s.r.l.\/about\/"]}]}},"_links":{"self":[{"href":"https:\/\/www.zmc.it\/es\/wp-json\/wp\/v2\/pages\/3952","targetHints":{"allow":["GET"]}}],"collection":[{"href":"https:\/\/www.zmc.it\/es\/wp-json\/wp\/v2\/pages"}],"about":[{"href":"https:\/\/www.zmc.it\/es\/wp-json\/wp\/v2\/types\/page"}],"author":[{"embeddable":true,"href":"https:\/\/www.zmc.it\/es\/wp-json\/wp\/v2\/users\/1"}],"replies":[{"embeddable":true,"href":"https:\/\/www.zmc.it\/es\/wp-json\/wp\/v2\/comments?post=3952"}],"version-history":[{"count":0,"href":"https:\/\/www.zmc.it\/es\/wp-json\/wp\/v2\/pages\/3952\/revisions"}],"up":[{"embeddable":true,"href":"https:\/\/www.zmc.it\/es\/wp-json\/wp\/v2\/pages\/3924"}],"wp:attachment":[{"href":"https:\/\/www.zmc.it\/es\/wp-json\/wp\/v2\/media?parent=3952"}],"curies":[{"name":"wp","href":"https:\/\/api.w.org\/{rel}","templated":true}]}}