{"id":3937,"date":"2018-07-09T10:38:58","date_gmt":"2018-07-09T10:38:58","guid":{"rendered":"https:\/\/www.zmc.it\/catene-speciali\/industria-tabacco\/"},"modified":"2021-11-02T16:09:09","modified_gmt":"2021-11-02T16:09:09","slug":"cadenas-para-plantas-de-la-industria-del-tabaco","status":"publish","type":"page","link":"https:\/\/www.zmc.it\/es\/cadenas-especiales\/cadenas-para-plantas-de-la-industria-del-tabaco\/","title":{"rendered":"Cadenas para plantas de la industria del tabaco"},"content":{"rendered":"<h1>Cadenas para plantas de la industria del tabaco<\/h1>\n<ul>\n<li>\n<p>        <img decoding=\"async\" src=\"\/wp-content\/uploads\/tabacco-01.jpg\" alt=\"\"><\/p>\n<\/li>\n<li>\n<p>        <img decoding=\"async\" src=\"\/wp-content\/uploads\/tabacco-02.jpg\" alt=\"\"><\/p>\n<\/li>\n<li>\n<p>        <img decoding=\"async\" src=\"\/wp-content\/uploads\/tabacco-03.jpg\" alt=\"\"><\/p>\n<\/li>\n<li>\n<p>        <img decoding=\"async\" src=\"\/wp-content\/uploads\/tabacco-04.jpg\" alt=\"\"><\/p>\n<\/li>\n<li>\n<p>        <img decoding=\"async\" src=\"\/wp-content\/uploads\/tabacco-05.jpg\" alt=\"\"><\/p>\n<\/li>\n<\/ul>\n<p>\n    <a href=\"\/wp-content\/uploads\/ZMC-Cat-Espanol-1.pdf\">Descargar el catalogo<\/a>\n<\/p>\n<p>\n    <a href=\"\/wp-content\/uploads\/ZMC-Industria-del-tabaco.pdf\">Descarga la secci\u00f3n de Industria del tabaco<\/a>\n<\/p>\n<div>Junto con los productos m\u00e1s estandarizados, la colaboraci\u00f3n con algunas de las compa\u00f1\u00edas l\u00edderes en el sector ha llevado a ZMC a desarrollar productos cada vez m\u00e1s sofisticados capaces de mejorar la eficiencia y la productividad de las plantas.<\/p>\n<p>Cadenas con aletas, ejes huecos, mallas\u00a0 acodadas, rodamientos de bolas o de rodillos, en acero inoxidable; Estas y otras soluciones especiales forman parte de la producci\u00f3n de ZMC dirigida a la industria del tabaco.<\/p>\n<\/div>\n<p><!--more--><br \/>\n<!-- {\"name\":\"\",\"type\":\"layout\",\"children\":[{\"name\":\"BREAD\",\"type\":\"section\",\"props\":{\"style\":\"default\",\"width\":\"default\",\"vertical_align\":\"middle\",\"title_position\":\"top-left\",\"title_rotation\":\"left\",\"title_breakpoint\":\"xl\",\"image_position\":\"center-center\",\"padding\":\"xsmall\",\"padding_remove_bottom\":true},\"children\":[{\"name\":\"\",\"type\":\"row\",\"children\":[{\"name\":\"\",\"type\":\"column\",\"props\":{\"image_position\":\"center-center\",\"width_medium\":\"1-1\",\"media_overlay_gradient\":\"\"},\"children\":[{\"name\":\"\",\"type\":\"headline\",\"props\":{\"title_element\":\"h1\",\"content\":\"Cadenas para plantas de la industria del tabaco\"}}]}]}]},{\"name\":\"contenuto speciali\",\"type\":\"section\",\"props\":{\"style\":\"default\",\"width\":\"default\",\"vertical_align\":\"middle\",\"title_position\":\"top-left\",\"title_rotation\":\"left\",\"title_breakpoint\":\"xl\",\"image_position\":\"center-center\",\"padding_remove_top\":false,\"padding\":\"xsmall\",\"padding_remove_bottom\":true},\"children\":[{\"name\":\"\",\"type\":\"row\",\"props\":{\"layout\":\"2-3,1-3\"},\"children\":[{\"name\":\"\",\"type\":\"column\",\"props\":{\"image_position\":\"center-center\",\"width_medium\":\"2-3\",\"media_overlay_gradient\":\"\"},\"children\":[{\"name\":\"slideshow catene speciali\",\"type\":\"slideshow\",\"props\":{\"show_title\":false,\"show_meta\":false,\"show_content\":true,\"show_link\":false,\"show_thumbnail\":false,\"slideshow_min_height\":300,\"slideshow_autoplay_pause\":true,\"nav\":\"dotnav\",\"nav_position\":\"bottom-center\",\"nav_position_margin\":\"medium\",\"nav_align\":\"center\",\"nav_breakpoint\":\"s\",\"thumbnav_width\":\"100\",\"thumbnav_height\":\"75\",\"slidenav\":\"default\",\"slidenav_margin\":\"\",\"slidenav_breakpoint\":\"s\",\"slidenav_outside_breakpoint\":\"xl\",\"overlay_position\":\"bottom\",\"overlay_animation\":\"parallax\",\"title_element\":\"h3\",\"meta_style\":\"meta\",\"meta_align\":\"below-title\",\"link_text\":\"Read more\",\"link_style\":\"default\",\"margin\":\"remove-vertical\",\"slideshow_autoplay\":true,\"overlay_container\":\"default\",\"overlay_container_padding\":\"small\",\"overlay_style\":\"overlay-default\",\"overlay_width\":\"xlarge\",\"text_align\":\"center\",\"maxwidth\":\"2xlarge\",\"class\":\"testo-slide\",\"overlay_padding\":\"small\",\"nav_below\":true,\"nav_margin\":\"small\",\"slidenav_hover\":true,\"thumbnav_svg_color\":\"emphasis\",\"meta_element\":\"div\"},\"children\":[{\"name\":\"\",\"type\":\"slideshow_item\",\"props\":{\"image\":\"wp-content\\\/uploads\\\/tabacco-01.jpg\"}},{\"name\":\"\",\"type\":\"slideshow_item\",\"props\":{\"image\":\"wp-content\\\/uploads\\\/tabacco-02.jpg\"}},{\"name\":\"\",\"type\":\"slideshow_item\",\"props\":{\"image\":\"wp-content\\\/uploads\\\/tabacco-03.jpg\"}},{\"name\":\"\",\"type\":\"slideshow_item\",\"props\":{\"image\":\"wp-content\\\/uploads\\\/tabacco-04.jpg\"}},{\"name\":\"\",\"type\":\"slideshow_item\",\"props\":{\"image\":\"wp-content\\\/uploads\\\/tabacco-05.jpg\"}}]}]},{\"name\":\"\",\"type\":\"column\",\"props\":{\"image_position\":\"center-center\",\"width_medium\":\"1-3\",\"media_overlay_gradient\":\"\"},\"children\":[{\"name\":\"000cat-esp\",\"type\":\"button\",\"props\":{\"margin\":\"default\",\"maxwidth\":\"2xlarge\",\"button_size\":\"large\",\"fullwidth\":true,\"grid_column_gap\":\"small\",\"grid_row_gap\":\"small\"},\"children\":[{\"name\":\"\",\"type\":\"button_item\",\"props\":{\"button_style\":\"primary\",\"icon_align\":\"left\",\"icon\":\"download\",\"link_title\":\"\",\"content\":\"Descargar el catalogo\",\"link\":\"wp-content\\\/uploads\\\/ZMC-Cat-Espanol-1.pdf\",\"link_target\":\"blank\"}}]},{\"name\":\"000scarica-sezione-esp\",\"type\":\"button\",\"props\":{\"margin\":\"default\",\"maxwidth\":\"2xlarge\",\"button_size\":\"large\",\"fullwidth\":true,\"grid_column_gap\":\"small\",\"grid_row_gap\":\"small\"},\"children\":[{\"name\":\"\",\"type\":\"button_item\",\"props\":{\"button_style\":\"primary\",\"icon_align\":\"left\",\"icon\":\"download\",\"link_title\":\"\",\"content\":\"Descarga la secci\\u00f3n de Industria del tabaco\",\"link\":\"wp-content\\\/uploads\\\/ZMC-Industria-del-tabaco.pdf\",\"link_target\":\"blank\"}}]}]}]},{\"name\":\"\",\"type\":\"row\",\"children\":[{\"name\":\"\",\"type\":\"column\",\"props\":{\"image_position\":\"center-center\",\"width_medium\":\"1-1\",\"media_overlay_gradient\":\"\"},\"children\":[{\"name\":\"\",\"type\":\"text\",\"props\":{\"margin\":\"default\",\"column_breakpoint\":\"m\",\"content\":\"Junto con los productos m\\u00e1s estandarizados, la colaboraci\\u00f3n con algunas de las compa\\u00f1\\u00edas l\\u00edderes en el sector ha llevado a ZMC a desarrollar productos cada vez m\\u00e1s sofisticados capaces de mejorar la eficiencia y la productividad de las plantas.<\\\/p>\\nCadenas con aletas, ejes huecos, mallas\\u00a0 acodadas, rodamientos de bolas o de rodillos, en acero inoxidable; Estas y otras soluciones especiales forman parte de la producci\\u00f3n de ZMC dirigida a la industria del tabaco.<\\\/p>\"}}]}]}]}],\"version\":\"2.5.10\"} --><\/p>\n","protected":false},"excerpt":{"rendered":"<p>Cadenas para plantas de la industria del tabaco Descargar el catalogo Descarga la secci\u00f3n de Industria del tabaco Junto con los productos m\u00e1s estandarizados, la colaboraci\u00f3n con algunas de las compa\u00f1\u00edas l\u00edderes en el sector ha llevado a ZMC a desarrollar productos cada vez m\u00e1s sofisticados capaces de mejorar la eficiencia y la productividad de [&hellip;]<\/p>\n","protected":false},"author":1,"featured_media":0,"parent":3924,"menu_order":0,"comment_status":"closed","ping_status":"closed","template":"","meta":{"footnotes":""},"class_list":["post-3937","page","type-page","status-publish","hentry"],"yoast_head":"<!-- This site is optimized with the Yoast SEO plugin v27.5 - https:\/\/yoast.com\/product\/yoast-seo-wordpress\/ -->\n<title>Cadenas para plantas de la industria del tabaco - ZMC Cadenas Italy<\/title>\n<meta name=\"description\" content=\"ZMC Italia produce y comercializa Cadenas para plantas de la industria tabacalera. P\u00f3ngase en contacto con nosotros para m\u00e1s informaci\u00f3n.\" \/>\n<meta name=\"robots\" content=\"index, follow, max-snippet:-1, max-image-preview:large, max-video-preview:-1\" \/>\n<link rel=\"canonical\" href=\"https:\/\/www.zmc.it\/es\/cadenas-especiales\/cadenas-para-plantas-de-la-industria-del-tabaco\/\" \/>\n<meta property=\"og:locale\" content=\"es_ES\" \/>\n<meta property=\"og:type\" content=\"article\" \/>\n<meta property=\"og:title\" content=\"Cadenas para plantas de la industria del tabaco - ZMC Cadenas Italy\" \/>\n<meta property=\"og:description\" content=\"ZMC Italia produce y comercializa Cadenas para plantas de la industria tabacalera. P\u00f3ngase en contacto con nosotros para m\u00e1s informaci\u00f3n.\" \/>\n<meta property=\"og:url\" content=\"https:\/\/www.zmc.it\/es\/cadenas-especiales\/cadenas-para-plantas-de-la-industria-del-tabaco\/\" \/>\n<meta property=\"og:site_name\" content=\"ZMC Italy\" \/>\n<meta property=\"article:modified_time\" content=\"2021-11-02T16:09:09+00:00\" \/>\n<meta property=\"og:image\" content=\"https:\/\/www.zmc.it\/wp-content\/uploads\/FOTO-SLIDER-2.jpg\" \/>\n\t<meta property=\"og:image:width\" content=\"1600\" \/>\n\t<meta property=\"og:image:height\" content=\"500\" \/>\n\t<meta property=\"og:image:type\" content=\"image\/jpeg\" \/>\n<meta name=\"twitter:card\" content=\"summary_large_image\" \/>\n<script type=\"application\/ld+json\" class=\"yoast-schema-graph\">{\"@context\":\"https:\\\/\\\/schema.org\",\"@graph\":[{\"@type\":\"WebPage\",\"@id\":\"https:\\\/\\\/www.zmc.it\\\/es\\\/cadenas-especiales\\\/cadenas-para-plantas-de-la-industria-del-tabaco\\\/\",\"url\":\"https:\\\/\\\/www.zmc.it\\\/es\\\/cadenas-especiales\\\/cadenas-para-plantas-de-la-industria-del-tabaco\\\/\",\"name\":\"Cadenas para plantas de la industria del tabaco - ZMC Cadenas Italy\",\"isPartOf\":{\"@id\":\"https:\\\/\\\/www.zmc.it\\\/#website\"},\"datePublished\":\"2018-07-09T10:38:58+00:00\",\"dateModified\":\"2021-11-02T16:09:09+00:00\",\"description\":\"ZMC Italia produce y comercializa Cadenas para plantas de la industria tabacalera. P\u00f3ngase en contacto con nosotros para m\u00e1s informaci\u00f3n.\",\"breadcrumb\":{\"@id\":\"https:\\\/\\\/www.zmc.it\\\/es\\\/cadenas-especiales\\\/cadenas-para-plantas-de-la-industria-del-tabaco\\\/#breadcrumb\"},\"inLanguage\":\"es\",\"potentialAction\":[{\"@type\":\"ReadAction\",\"target\":[\"https:\\\/\\\/www.zmc.it\\\/es\\\/cadenas-especiales\\\/cadenas-para-plantas-de-la-industria-del-tabaco\\\/\"]}]},{\"@type\":\"BreadcrumbList\",\"@id\":\"https:\\\/\\\/www.zmc.it\\\/es\\\/cadenas-especiales\\\/cadenas-para-plantas-de-la-industria-del-tabaco\\\/#breadcrumb\",\"itemListElement\":[{\"@type\":\"ListItem\",\"position\":1,\"name\":\"Home\",\"item\":\"https:\\\/\\\/www.zmc.it\\\/es\\\/\"},{\"@type\":\"ListItem\",\"position\":2,\"name\":\"Cadenas especiales\",\"item\":\"https:\\\/\\\/www.zmc.it\\\/es\\\/cadenas-especiales\\\/\"},{\"@type\":\"ListItem\",\"position\":3,\"name\":\"Cadenas para plantas de la industria del tabaco\"}]},{\"@type\":\"WebSite\",\"@id\":\"https:\\\/\\\/www.zmc.it\\\/#website\",\"url\":\"https:\\\/\\\/www.zmc.it\\\/\",\"name\":\"ZMC Italy\",\"description\":\"\",\"publisher\":{\"@id\":\"https:\\\/\\\/www.zmc.it\\\/#organization\"},\"potentialAction\":[{\"@type\":\"SearchAction\",\"target\":{\"@type\":\"EntryPoint\",\"urlTemplate\":\"https:\\\/\\\/www.zmc.it\\\/?s={search_term_string}\"},\"query-input\":{\"@type\":\"PropertyValueSpecification\",\"valueRequired\":true,\"valueName\":\"search_term_string\"}}],\"inLanguage\":\"es\"},{\"@type\":\"Organization\",\"@id\":\"https:\\\/\\\/www.zmc.it\\\/#organization\",\"name\":\"ZMC Italy\",\"url\":\"https:\\\/\\\/www.zmc.it\\\/\",\"logo\":{\"@type\":\"ImageObject\",\"inLanguage\":\"es\",\"@id\":\"https:\\\/\\\/www.zmc.it\\\/#\\\/schema\\\/logo\\\/image\\\/\",\"url\":\"https:\\\/\\\/www.zmc.it\\\/wp-content\\\/uploads\\\/zmc-logo.png\",\"contentUrl\":\"https:\\\/\\\/www.zmc.it\\\/wp-content\\\/uploads\\\/zmc-logo.png\",\"width\":150,\"height\":75,\"caption\":\"ZMC Italy\"},\"image\":{\"@id\":\"https:\\\/\\\/www.zmc.it\\\/#\\\/schema\\\/logo\\\/image\\\/\"},\"sameAs\":[\"https:\\\/\\\/www.linkedin.com\\\/company\\\/z.m.c.-italia-s.r.l.\\\/about\\\/\"]}]}<\/script>\n<!-- \/ Yoast SEO plugin. -->","yoast_head_json":{"title":"Cadenas para plantas de la industria del tabaco - ZMC Cadenas Italy","description":"ZMC Italia produce y comercializa Cadenas para plantas de la industria tabacalera. P\u00f3ngase en contacto con nosotros para m\u00e1s informaci\u00f3n.","robots":{"index":"index","follow":"follow","max-snippet":"max-snippet:-1","max-image-preview":"max-image-preview:large","max-video-preview":"max-video-preview:-1"},"canonical":"https:\/\/www.zmc.it\/es\/cadenas-especiales\/cadenas-para-plantas-de-la-industria-del-tabaco\/","og_locale":"es_ES","og_type":"article","og_title":"Cadenas para plantas de la industria del tabaco - ZMC Cadenas Italy","og_description":"ZMC Italia produce y comercializa Cadenas para plantas de la industria tabacalera. P\u00f3ngase en contacto con nosotros para m\u00e1s informaci\u00f3n.","og_url":"https:\/\/www.zmc.it\/es\/cadenas-especiales\/cadenas-para-plantas-de-la-industria-del-tabaco\/","og_site_name":"ZMC Italy","article_modified_time":"2021-11-02T16:09:09+00:00","og_image":[{"width":1600,"height":500,"url":"https:\/\/www.zmc.it\/wp-content\/uploads\/FOTO-SLIDER-2.jpg","type":"image\/jpeg"}],"twitter_card":"summary_large_image","schema":{"@context":"https:\/\/schema.org","@graph":[{"@type":"WebPage","@id":"https:\/\/www.zmc.it\/es\/cadenas-especiales\/cadenas-para-plantas-de-la-industria-del-tabaco\/","url":"https:\/\/www.zmc.it\/es\/cadenas-especiales\/cadenas-para-plantas-de-la-industria-del-tabaco\/","name":"Cadenas para plantas de la industria del tabaco - ZMC Cadenas Italy","isPartOf":{"@id":"https:\/\/www.zmc.it\/#website"},"datePublished":"2018-07-09T10:38:58+00:00","dateModified":"2021-11-02T16:09:09+00:00","description":"ZMC Italia produce y comercializa Cadenas para plantas de la industria tabacalera. P\u00f3ngase en contacto con nosotros para m\u00e1s informaci\u00f3n.","breadcrumb":{"@id":"https:\/\/www.zmc.it\/es\/cadenas-especiales\/cadenas-para-plantas-de-la-industria-del-tabaco\/#breadcrumb"},"inLanguage":"es","potentialAction":[{"@type":"ReadAction","target":["https:\/\/www.zmc.it\/es\/cadenas-especiales\/cadenas-para-plantas-de-la-industria-del-tabaco\/"]}]},{"@type":"BreadcrumbList","@id":"https:\/\/www.zmc.it\/es\/cadenas-especiales\/cadenas-para-plantas-de-la-industria-del-tabaco\/#breadcrumb","itemListElement":[{"@type":"ListItem","position":1,"name":"Home","item":"https:\/\/www.zmc.it\/es\/"},{"@type":"ListItem","position":2,"name":"Cadenas especiales","item":"https:\/\/www.zmc.it\/es\/cadenas-especiales\/"},{"@type":"ListItem","position":3,"name":"Cadenas para plantas de la industria del tabaco"}]},{"@type":"WebSite","@id":"https:\/\/www.zmc.it\/#website","url":"https:\/\/www.zmc.it\/","name":"ZMC Italy","description":"","publisher":{"@id":"https:\/\/www.zmc.it\/#organization"},"potentialAction":[{"@type":"SearchAction","target":{"@type":"EntryPoint","urlTemplate":"https:\/\/www.zmc.it\/?s={search_term_string}"},"query-input":{"@type":"PropertyValueSpecification","valueRequired":true,"valueName":"search_term_string"}}],"inLanguage":"es"},{"@type":"Organization","@id":"https:\/\/www.zmc.it\/#organization","name":"ZMC Italy","url":"https:\/\/www.zmc.it\/","logo":{"@type":"ImageObject","inLanguage":"es","@id":"https:\/\/www.zmc.it\/#\/schema\/logo\/image\/","url":"https:\/\/www.zmc.it\/wp-content\/uploads\/zmc-logo.png","contentUrl":"https:\/\/www.zmc.it\/wp-content\/uploads\/zmc-logo.png","width":150,"height":75,"caption":"ZMC Italy"},"image":{"@id":"https:\/\/www.zmc.it\/#\/schema\/logo\/image\/"},"sameAs":["https:\/\/www.linkedin.com\/company\/z.m.c.-italia-s.r.l.\/about\/"]}]}},"_links":{"self":[{"href":"https:\/\/www.zmc.it\/es\/wp-json\/wp\/v2\/pages\/3937","targetHints":{"allow":["GET"]}}],"collection":[{"href":"https:\/\/www.zmc.it\/es\/wp-json\/wp\/v2\/pages"}],"about":[{"href":"https:\/\/www.zmc.it\/es\/wp-json\/wp\/v2\/types\/page"}],"author":[{"embeddable":true,"href":"https:\/\/www.zmc.it\/es\/wp-json\/wp\/v2\/users\/1"}],"replies":[{"embeddable":true,"href":"https:\/\/www.zmc.it\/es\/wp-json\/wp\/v2\/comments?post=3937"}],"version-history":[{"count":0,"href":"https:\/\/www.zmc.it\/es\/wp-json\/wp\/v2\/pages\/3937\/revisions"}],"up":[{"embeddable":true,"href":"https:\/\/www.zmc.it\/es\/wp-json\/wp\/v2\/pages\/3924"}],"wp:attachment":[{"href":"https:\/\/www.zmc.it\/es\/wp-json\/wp\/v2\/media?parent=3937"}],"curies":[{"name":"wp","href":"https:\/\/api.w.org\/{rel}","templated":true}]}}