{"id":3934,"date":"2018-09-23T09:10:53","date_gmt":"2018-09-23T09:10:53","guid":{"rendered":"https:\/\/www.zmc.it\/catene-speciali\/industria-del-gelato\/"},"modified":"2021-11-02T16:03:55","modified_gmt":"2021-11-02T16:03:55","slug":"cadenas-transportadoras-para-la-industria-del-helado","status":"publish","type":"page","link":"https:\/\/www.zmc.it\/es\/cadenas-especiales\/cadenas-transportadoras-para-la-industria-del-helado\/","title":{"rendered":"Cadenas transportadoras para la industria del helado"},"content":{"rendered":"<h1>Cadenas transportadoras para la industria del helado<\/h1>\n<ul>\n<li>\n<p>        <img decoding=\"async\" src=\"\/wp-content\/uploads\/gelato-02.jpg\" alt=\"\"><\/p>\n<\/li>\n<li>\n<p>        <img decoding=\"async\" src=\"\/wp-content\/uploads\/gelato-03.jpg\" alt=\"\"><\/p>\n<\/li>\n<li>\n<p>        <img decoding=\"async\" src=\"\/wp-content\/uploads\/gelato-04.jpg\" alt=\"\"><\/p>\n<\/li>\n<li>\n<p>        <img decoding=\"async\" src=\"\/wp-content\/uploads\/gelato-01.jpg\" alt=\"\"><\/p>\n<\/li>\n<li>\n<p>        <img decoding=\"async\" src=\"\/wp-content\/uploads\/trucioli-05.jpg\" alt=\"\"><\/p>\n<\/li>\n<li>\n<p>        <img decoding=\"async\" src=\"\/wp-content\/uploads\/gelato-05.jpg\" alt=\"\"><\/p>\n<\/li>\n<li>\n<p>        <img decoding=\"async\" src=\"\/wp-content\/uploads\/gelato-06.jpg\" alt=\"\"><\/p>\n<\/li>\n<li>\n<p>        <img decoding=\"async\" src=\"\/wp-content\/uploads\/gelato-07.jpg\" alt=\"\"><\/p>\n<\/li>\n<li>\n<p>        <img decoding=\"async\" src=\"\/wp-content\/uploads\/gelato-08.jpg\" alt=\"\"><\/p>\n<\/li>\n<li>\n<p>        <img decoding=\"async\" src=\"\/wp-content\/uploads\/gelato-09.jpg\" alt=\"\"><\/p>\n<\/li>\n<\/ul>\n<p>\n    <a href=\"\/wp-content\/uploads\/ZMC-Cat-Espanol-1.pdf\">Descargar el catalogo<\/a>\n<\/p>\n<p>\n    <a href=\"\/wp-content\/uploads\/ZMC-Industria-del-helado.pdf\">Descarga la secci\u00f3n de Industria del helado<\/a>\n<\/p>\n<div>El desaf\u00edo de las bajas temperaturas, hasta menos 40 \u00b0 C, que enfrentan las cadenas en la industria de los helados, es superado por ZMC gracias a la larga experiencia en dise\u00f1o para este sector y al uso de materiales, tanto met\u00e1licos como pl\u00e1sticos , adecuado para el fr\u00edo extremo.<\/p>\n<p>Las cadenas t\u00edpicas con\u00a0 ejes prolongados\u00a0 para los t\u00faneles de refrigeraci\u00f3n, en cuyo interior se solidifica el helado, son el buque insignia de una gama muy amplia que incluye productos dedicados a otras fases del proceso, incluido el llenado de los contenedores y el sello de los distintos tipos de helados.<\/p>\n<p>Las soluciones sin mantenimiento normalmente se adoptan en estos sistemas donde la baja temperatura y la extrema proximidad entre la cadena y el producto alimenticio a menudo hacen que sea necesario evitar el uso de lubricantes.<\/p>\n<\/div>\n<p><!--more--><br \/>\n<!-- {\"name\":\"\",\"type\":\"layout\",\"children\":[{\"name\":\"BREAD\",\"type\":\"section\",\"props\":{\"style\":\"default\",\"width\":\"default\",\"vertical_align\":\"middle\",\"title_position\":\"top-left\",\"title_rotation\":\"left\",\"title_breakpoint\":\"xl\",\"image_position\":\"center-center\",\"padding\":\"xsmall\",\"padding_remove_bottom\":true},\"children\":[{\"name\":\"\",\"type\":\"row\",\"children\":[{\"name\":\"\",\"type\":\"column\",\"props\":{\"image_position\":\"center-center\",\"width_medium\":\"1-1\",\"media_overlay_gradient\":\"\"},\"children\":[{\"name\":\"\",\"type\":\"headline\",\"props\":{\"title_element\":\"h1\",\"content\":\"Cadenas transportadoras para la industria del helado\"}}]}]}]},{\"name\":\"contenuto speciali\",\"type\":\"section\",\"props\":{\"style\":\"default\",\"width\":\"default\",\"vertical_align\":\"middle\",\"title_position\":\"top-left\",\"title_rotation\":\"left\",\"title_breakpoint\":\"xl\",\"image_position\":\"center-center\",\"padding_remove_top\":false,\"padding\":\"xsmall\",\"padding_remove_bottom\":true},\"children\":[{\"name\":\"\",\"type\":\"row\",\"props\":{\"layout\":\"2-3,1-3\"},\"children\":[{\"name\":\"\",\"type\":\"column\",\"props\":{\"image_position\":\"center-center\",\"width_medium\":\"2-3\",\"media_overlay_gradient\":\"\"},\"children\":[{\"name\":\"slideshow catene speciali\",\"type\":\"slideshow\",\"props\":{\"show_title\":false,\"show_meta\":false,\"show_content\":true,\"show_link\":false,\"show_thumbnail\":false,\"slideshow_min_height\":300,\"slideshow_autoplay_pause\":true,\"nav\":\"dotnav\",\"nav_position\":\"bottom-center\",\"nav_position_margin\":\"medium\",\"nav_align\":\"center\",\"nav_breakpoint\":\"s\",\"thumbnav_width\":\"100\",\"thumbnav_height\":\"75\",\"slidenav\":\"default\",\"slidenav_margin\":\"\",\"slidenav_breakpoint\":\"s\",\"slidenav_outside_breakpoint\":\"xl\",\"overlay_position\":\"bottom\",\"overlay_animation\":\"parallax\",\"title_element\":\"h3\",\"meta_style\":\"meta\",\"meta_align\":\"below-title\",\"link_text\":\"Read more\",\"link_style\":\"default\",\"margin\":\"remove-vertical\",\"slideshow_autoplay\":true,\"overlay_container\":\"default\",\"overlay_container_padding\":\"small\",\"overlay_style\":\"overlay-default\",\"overlay_width\":\"xlarge\",\"text_align\":\"center\",\"maxwidth\":\"2xlarge\",\"class\":\"testo-slide\",\"overlay_padding\":\"small\",\"nav_below\":true,\"nav_margin\":\"small\",\"slidenav_hover\":true,\"thumbnav_svg_color\":\"emphasis\",\"meta_element\":\"div\"},\"children\":[{\"name\":\"\",\"type\":\"slideshow_item\",\"props\":{\"image\":\"wp-content\\\/uploads\\\/gelato-02.jpg\"}},{\"name\":\"\",\"type\":\"slideshow_item\",\"props\":{\"image\":\"wp-content\\\/uploads\\\/gelato-03.jpg\"}},{\"name\":\"\",\"type\":\"slideshow_item\",\"props\":{\"image\":\"wp-content\\\/uploads\\\/gelato-04.jpg\"}},{\"name\":\"\",\"type\":\"slideshow_item\",\"props\":{\"image\":\"wp-content\\\/uploads\\\/gelato-01.jpg\"}},{\"name\":\"\",\"type\":\"slideshow_item\",\"props\":{\"image\":\"wp-content\\\/uploads\\\/trucioli-05.jpg\"}},{\"name\":\"\",\"type\":\"slideshow_item\",\"props\":{\"image\":\"wp-content\\\/uploads\\\/gelato-05.jpg\"}},{\"name\":\"\",\"type\":\"slideshow_item\",\"props\":{\"image\":\"wp-content\\\/uploads\\\/gelato-06.jpg\"}},{\"name\":\"\",\"type\":\"slideshow_item\",\"props\":{\"image\":\"wp-content\\\/uploads\\\/gelato-07.jpg\"}},{\"name\":\"\",\"type\":\"slideshow_item\",\"props\":{\"image\":\"wp-content\\\/uploads\\\/gelato-08.jpg\"}},{\"name\":\"\",\"type\":\"slideshow_item\",\"props\":{\"image\":\"wp-content\\\/uploads\\\/gelato-09.jpg\"}}]}]},{\"name\":\"\",\"type\":\"column\",\"props\":{\"image_position\":\"center-center\",\"width_medium\":\"1-3\",\"media_overlay_gradient\":\"\"},\"children\":[{\"name\":\"000cat-esp\",\"type\":\"button\",\"props\":{\"margin\":\"default\",\"maxwidth\":\"2xlarge\",\"button_size\":\"large\",\"fullwidth\":true,\"grid_column_gap\":\"small\",\"grid_row_gap\":\"small\"},\"children\":[{\"name\":\"\",\"type\":\"button_item\",\"props\":{\"button_style\":\"primary\",\"icon_align\":\"left\",\"icon\":\"download\",\"link_title\":\"\",\"content\":\"Descargar el catalogo\",\"link\":\"wp-content\\\/uploads\\\/ZMC-Cat-Espanol-1.pdf\",\"link_target\":\"blank\"}}]},{\"name\":\"000scarica-sezione-esp\",\"type\":\"button\",\"props\":{\"margin\":\"default\",\"maxwidth\":\"2xlarge\",\"button_size\":\"large\",\"fullwidth\":true,\"grid_column_gap\":\"small\",\"grid_row_gap\":\"small\"},\"children\":[{\"name\":\"\",\"type\":\"button_item\",\"props\":{\"button_style\":\"primary\",\"icon_align\":\"left\",\"icon\":\"download\",\"link_title\":\"\",\"content\":\"Descarga la secci\\u00f3n de Industria del helado\",\"link\":\"wp-content\\\/uploads\\\/ZMC-Industria-del-helado.pdf\",\"link_target\":\"blank\"}}]}]}]},{\"name\":\"\",\"type\":\"row\",\"children\":[{\"name\":\"\",\"type\":\"column\",\"props\":{\"image_position\":\"center-center\",\"width_medium\":\"1-1\",\"media_overlay_gradient\":\"\"},\"children\":[{\"name\":\"\",\"type\":\"text\",\"props\":{\"margin\":\"default\",\"column_breakpoint\":\"m\",\"content\":\"El desaf\\u00edo de las bajas temperaturas, hasta menos 40 \\u00b0 C, que enfrentan las cadenas en la industria de los helados, es superado por ZMC gracias a la larga experiencia en dise\\u00f1o para este sector y al uso de materiales, tanto met\\u00e1licos como pl\\u00e1sticos , adecuado para el fr\\u00edo extremo.<\\\/p>\\nLas cadenas t\\u00edpicas con\\u00a0 ejes prolongados\\u00a0 para los t\\u00faneles de refrigeraci\\u00f3n, en cuyo interior se solidifica el helado, son el buque insignia de una gama muy amplia que incluye productos dedicados a otras fases del proceso, incluido el llenado de los contenedores y el sello de los distintos tipos de helados.<\\\/p>\\nLas soluciones sin mantenimiento normalmente se adoptan en estos sistemas donde la baja temperatura y la extrema proximidad entre la cadena y el producto alimenticio a menudo hacen que sea necesario evitar el uso de lubricantes.<\\\/p>\"}}]}]}]}],\"version\":\"2.5.10\"} --><\/p>\n","protected":false},"excerpt":{"rendered":"<p>Cadenas transportadoras para la industria del helado Descargar el catalogo Descarga la secci\u00f3n de Industria del helado El desaf\u00edo de las bajas temperaturas, hasta menos 40 \u00b0 C, que enfrentan las cadenas en la industria de los helados, es superado por ZMC gracias a la larga experiencia en dise\u00f1o para este sector y al uso [&hellip;]<\/p>\n","protected":false},"author":1,"featured_media":0,"parent":3924,"menu_order":0,"comment_status":"closed","ping_status":"closed","template":"","meta":{"footnotes":""},"class_list":["post-3934","page","type-page","status-publish","hentry"],"yoast_head":"<!-- This site is optimized with the Yoast SEO plugin v27.5 - https:\/\/yoast.com\/product\/yoast-seo-wordpress\/ -->\n<title>Cadenas transportadoras para la industria del helado - ZMC<\/title>\n<meta name=\"description\" content=\"ZMC Italia produce y comercializa Cadenas transportadoras para la industria del helado. P\u00f3ngase en contacto con nosotros para informaci\u00f3n.\" \/>\n<meta name=\"robots\" content=\"index, follow, max-snippet:-1, max-image-preview:large, max-video-preview:-1\" \/>\n<link rel=\"canonical\" href=\"https:\/\/www.zmc.it\/es\/cadenas-especiales\/cadenas-transportadoras-para-la-industria-del-helado\/\" \/>\n<meta property=\"og:locale\" content=\"es_ES\" \/>\n<meta property=\"og:type\" content=\"article\" \/>\n<meta property=\"og:title\" content=\"Cadenas transportadoras para la industria del helado - ZMC\" \/>\n<meta property=\"og:description\" content=\"ZMC Italia produce y comercializa Cadenas transportadoras para la industria del helado. P\u00f3ngase en contacto con nosotros para informaci\u00f3n.\" \/>\n<meta property=\"og:url\" content=\"https:\/\/www.zmc.it\/es\/cadenas-especiales\/cadenas-transportadoras-para-la-industria-del-helado\/\" \/>\n<meta property=\"og:site_name\" content=\"ZMC Italy\" \/>\n<meta property=\"article:modified_time\" content=\"2021-11-02T16:03:55+00:00\" \/>\n<meta property=\"og:image\" content=\"https:\/\/www.zmc.it\/wp-content\/uploads\/FOTO-SLIDER-2.jpg\" \/>\n\t<meta property=\"og:image:width\" content=\"1600\" \/>\n\t<meta property=\"og:image:height\" content=\"500\" \/>\n\t<meta property=\"og:image:type\" content=\"image\/jpeg\" \/>\n<meta name=\"twitter:card\" content=\"summary_large_image\" \/>\n<meta name=\"twitter:label1\" content=\"Tiempo de lectura\" \/>\n\t<meta name=\"twitter:data1\" content=\"1 minuto\" \/>\n<script type=\"application\/ld+json\" class=\"yoast-schema-graph\">{\"@context\":\"https:\\\/\\\/schema.org\",\"@graph\":[{\"@type\":\"WebPage\",\"@id\":\"https:\\\/\\\/www.zmc.it\\\/es\\\/cadenas-especiales\\\/cadenas-transportadoras-para-la-industria-del-helado\\\/\",\"url\":\"https:\\\/\\\/www.zmc.it\\\/es\\\/cadenas-especiales\\\/cadenas-transportadoras-para-la-industria-del-helado\\\/\",\"name\":\"Cadenas transportadoras para la industria del helado - ZMC\",\"isPartOf\":{\"@id\":\"https:\\\/\\\/www.zmc.it\\\/#website\"},\"datePublished\":\"2018-09-23T09:10:53+00:00\",\"dateModified\":\"2021-11-02T16:03:55+00:00\",\"description\":\"ZMC Italia produce y comercializa Cadenas transportadoras para la industria del helado. P\u00f3ngase en contacto con nosotros para informaci\u00f3n.\",\"breadcrumb\":{\"@id\":\"https:\\\/\\\/www.zmc.it\\\/es\\\/cadenas-especiales\\\/cadenas-transportadoras-para-la-industria-del-helado\\\/#breadcrumb\"},\"inLanguage\":\"es\",\"potentialAction\":[{\"@type\":\"ReadAction\",\"target\":[\"https:\\\/\\\/www.zmc.it\\\/es\\\/cadenas-especiales\\\/cadenas-transportadoras-para-la-industria-del-helado\\\/\"]}]},{\"@type\":\"BreadcrumbList\",\"@id\":\"https:\\\/\\\/www.zmc.it\\\/es\\\/cadenas-especiales\\\/cadenas-transportadoras-para-la-industria-del-helado\\\/#breadcrumb\",\"itemListElement\":[{\"@type\":\"ListItem\",\"position\":1,\"name\":\"Home\",\"item\":\"https:\\\/\\\/www.zmc.it\\\/es\\\/\"},{\"@type\":\"ListItem\",\"position\":2,\"name\":\"Cadenas especiales\",\"item\":\"https:\\\/\\\/www.zmc.it\\\/es\\\/cadenas-especiales\\\/\"},{\"@type\":\"ListItem\",\"position\":3,\"name\":\"Cadenas transportadoras para la industria del helado\"}]},{\"@type\":\"WebSite\",\"@id\":\"https:\\\/\\\/www.zmc.it\\\/#website\",\"url\":\"https:\\\/\\\/www.zmc.it\\\/\",\"name\":\"ZMC Italy\",\"description\":\"\",\"publisher\":{\"@id\":\"https:\\\/\\\/www.zmc.it\\\/#organization\"},\"potentialAction\":[{\"@type\":\"SearchAction\",\"target\":{\"@type\":\"EntryPoint\",\"urlTemplate\":\"https:\\\/\\\/www.zmc.it\\\/?s={search_term_string}\"},\"query-input\":{\"@type\":\"PropertyValueSpecification\",\"valueRequired\":true,\"valueName\":\"search_term_string\"}}],\"inLanguage\":\"es\"},{\"@type\":\"Organization\",\"@id\":\"https:\\\/\\\/www.zmc.it\\\/#organization\",\"name\":\"ZMC Italy\",\"url\":\"https:\\\/\\\/www.zmc.it\\\/\",\"logo\":{\"@type\":\"ImageObject\",\"inLanguage\":\"es\",\"@id\":\"https:\\\/\\\/www.zmc.it\\\/#\\\/schema\\\/logo\\\/image\\\/\",\"url\":\"https:\\\/\\\/www.zmc.it\\\/wp-content\\\/uploads\\\/zmc-logo.png\",\"contentUrl\":\"https:\\\/\\\/www.zmc.it\\\/wp-content\\\/uploads\\\/zmc-logo.png\",\"width\":150,\"height\":75,\"caption\":\"ZMC Italy\"},\"image\":{\"@id\":\"https:\\\/\\\/www.zmc.it\\\/#\\\/schema\\\/logo\\\/image\\\/\"},\"sameAs\":[\"https:\\\/\\\/www.linkedin.com\\\/company\\\/z.m.c.-italia-s.r.l.\\\/about\\\/\"]}]}<\/script>\n<!-- \/ Yoast SEO plugin. -->","yoast_head_json":{"title":"Cadenas transportadoras para la industria del helado - ZMC","description":"ZMC Italia produce y comercializa Cadenas transportadoras para la industria del helado. P\u00f3ngase en contacto con nosotros para informaci\u00f3n.","robots":{"index":"index","follow":"follow","max-snippet":"max-snippet:-1","max-image-preview":"max-image-preview:large","max-video-preview":"max-video-preview:-1"},"canonical":"https:\/\/www.zmc.it\/es\/cadenas-especiales\/cadenas-transportadoras-para-la-industria-del-helado\/","og_locale":"es_ES","og_type":"article","og_title":"Cadenas transportadoras para la industria del helado - ZMC","og_description":"ZMC Italia produce y comercializa Cadenas transportadoras para la industria del helado. P\u00f3ngase en contacto con nosotros para informaci\u00f3n.","og_url":"https:\/\/www.zmc.it\/es\/cadenas-especiales\/cadenas-transportadoras-para-la-industria-del-helado\/","og_site_name":"ZMC Italy","article_modified_time":"2021-11-02T16:03:55+00:00","og_image":[{"width":1600,"height":500,"url":"https:\/\/www.zmc.it\/wp-content\/uploads\/FOTO-SLIDER-2.jpg","type":"image\/jpeg"}],"twitter_card":"summary_large_image","twitter_misc":{"Tiempo de lectura":"1 minuto"},"schema":{"@context":"https:\/\/schema.org","@graph":[{"@type":"WebPage","@id":"https:\/\/www.zmc.it\/es\/cadenas-especiales\/cadenas-transportadoras-para-la-industria-del-helado\/","url":"https:\/\/www.zmc.it\/es\/cadenas-especiales\/cadenas-transportadoras-para-la-industria-del-helado\/","name":"Cadenas transportadoras para la industria del helado - ZMC","isPartOf":{"@id":"https:\/\/www.zmc.it\/#website"},"datePublished":"2018-09-23T09:10:53+00:00","dateModified":"2021-11-02T16:03:55+00:00","description":"ZMC Italia produce y comercializa Cadenas transportadoras para la industria del helado. P\u00f3ngase en contacto con nosotros para informaci\u00f3n.","breadcrumb":{"@id":"https:\/\/www.zmc.it\/es\/cadenas-especiales\/cadenas-transportadoras-para-la-industria-del-helado\/#breadcrumb"},"inLanguage":"es","potentialAction":[{"@type":"ReadAction","target":["https:\/\/www.zmc.it\/es\/cadenas-especiales\/cadenas-transportadoras-para-la-industria-del-helado\/"]}]},{"@type":"BreadcrumbList","@id":"https:\/\/www.zmc.it\/es\/cadenas-especiales\/cadenas-transportadoras-para-la-industria-del-helado\/#breadcrumb","itemListElement":[{"@type":"ListItem","position":1,"name":"Home","item":"https:\/\/www.zmc.it\/es\/"},{"@type":"ListItem","position":2,"name":"Cadenas especiales","item":"https:\/\/www.zmc.it\/es\/cadenas-especiales\/"},{"@type":"ListItem","position":3,"name":"Cadenas transportadoras para la industria del helado"}]},{"@type":"WebSite","@id":"https:\/\/www.zmc.it\/#website","url":"https:\/\/www.zmc.it\/","name":"ZMC Italy","description":"","publisher":{"@id":"https:\/\/www.zmc.it\/#organization"},"potentialAction":[{"@type":"SearchAction","target":{"@type":"EntryPoint","urlTemplate":"https:\/\/www.zmc.it\/?s={search_term_string}"},"query-input":{"@type":"PropertyValueSpecification","valueRequired":true,"valueName":"search_term_string"}}],"inLanguage":"es"},{"@type":"Organization","@id":"https:\/\/www.zmc.it\/#organization","name":"ZMC Italy","url":"https:\/\/www.zmc.it\/","logo":{"@type":"ImageObject","inLanguage":"es","@id":"https:\/\/www.zmc.it\/#\/schema\/logo\/image\/","url":"https:\/\/www.zmc.it\/wp-content\/uploads\/zmc-logo.png","contentUrl":"https:\/\/www.zmc.it\/wp-content\/uploads\/zmc-logo.png","width":150,"height":75,"caption":"ZMC Italy"},"image":{"@id":"https:\/\/www.zmc.it\/#\/schema\/logo\/image\/"},"sameAs":["https:\/\/www.linkedin.com\/company\/z.m.c.-italia-s.r.l.\/about\/"]}]}},"_links":{"self":[{"href":"https:\/\/www.zmc.it\/es\/wp-json\/wp\/v2\/pages\/3934","targetHints":{"allow":["GET"]}}],"collection":[{"href":"https:\/\/www.zmc.it\/es\/wp-json\/wp\/v2\/pages"}],"about":[{"href":"https:\/\/www.zmc.it\/es\/wp-json\/wp\/v2\/types\/page"}],"author":[{"embeddable":true,"href":"https:\/\/www.zmc.it\/es\/wp-json\/wp\/v2\/users\/1"}],"replies":[{"embeddable":true,"href":"https:\/\/www.zmc.it\/es\/wp-json\/wp\/v2\/comments?post=3934"}],"version-history":[{"count":0,"href":"https:\/\/www.zmc.it\/es\/wp-json\/wp\/v2\/pages\/3934\/revisions"}],"up":[{"embeddable":true,"href":"https:\/\/www.zmc.it\/es\/wp-json\/wp\/v2\/pages\/3924"}],"wp:attachment":[{"href":"https:\/\/www.zmc.it\/es\/wp-json\/wp\/v2\/media?parent=3934"}],"curies":[{"name":"wp","href":"https:\/\/api.w.org\/{rel}","templated":true}]}}