{"id":3932,"date":"2018-09-20T09:04:13","date_gmt":"2018-09-20T09:04:13","guid":{"rendered":"https:\/\/www.zmc.it\/catene-speciali\/industria-conserviera\/"},"modified":"2021-11-02T15:35:50","modified_gmt":"2021-11-02T15:35:50","slug":"cadenas-transportadoras-para-la-industria-de-conservera","status":"publish","type":"page","link":"https:\/\/www.zmc.it\/es\/cadenas-especiales\/cadenas-transportadoras-para-la-industria-de-conservera\/","title":{"rendered":"Cadenas transportadoras para la industria conservera"},"content":{"rendered":"<h1>Cadenas transportadoras para la industria conservera<\/h1>\n<ul>\n<li>\n<p>        <img decoding=\"async\" src=\"\/wp-content\/uploads\/conserviera-1.jpg\" alt=\"\"><\/p>\n<\/li>\n<li>\n<p>        <img decoding=\"async\" src=\"\/wp-content\/uploads\/conserviera-02.jpg\" alt=\"\"><\/p>\n<\/li>\n<li>\n<p>        <img decoding=\"async\" src=\"\/wp-content\/uploads\/conserviera-03.jpg\" alt=\"\"><\/p>\n<\/li>\n<li>\n<p>        <img decoding=\"async\" src=\"\/wp-content\/uploads\/conserviera-1.jpg\" alt=\"\"><\/p>\n<\/li>\n<li>\n<p>        <img decoding=\"async\" src=\"\/wp-content\/uploads\/conserviera-04.jpg\" alt=\"\"><\/p>\n<\/li>\n<li>\n<p>        <img decoding=\"async\" src=\"\/wp-content\/uploads\/conserviera-05.jpg\" alt=\"\"><\/p>\n<\/li>\n<\/ul>\n<p>\n    <a href=\"\/wp-content\/uploads\/ZMC-Cat-Espanol-1.pdf\">Descargar el catalogo<\/a>\n<\/p>\n<p>\n    <a href=\"\/wp-content\/uploads\/ZMC-Industria-de-conservera.pdf\">Descarga la secci\u00f3n de Industria de conservera<\/a>\n<\/p>\n<div>Este sector es hist\u00f3ricamente uno de los m\u00e1s importantes de la industria alimentaria italiana, en particular en lo que respecta a los productos derivados de los tomates (tomates pelados, salsa de tomate, pasta de tomate y otros). Gracias a la colaboraci\u00f3n con los fabricantes y usuarios de plantas m\u00e1s importantes, ZMC puede presumir en este campo de una amplia experiencia que abarca desde las cadenas utilizadas para transportar la materia prima dentro de la planta hasta las que se utilizan en las diversas fases del proceso de selecci\u00f3n industrial, la transformaci\u00f3n. y envases, incluida la pasteurizaci\u00f3n o esterilizaci\u00f3n de contenedores (latas, botellas, etc.).<\/p>\n<p>Una amplia gama de materiales, recubrimientos, dimensiones y soluciones constructivas se han combinado con \u00e9xito para obtener cadenas confiables y duraderas incluso en las condiciones de operaci\u00f3n m\u00e1s dif\u00edciles.<\/p>\n<p>Entre los buques insignia de la producci\u00f3n de ZMC para la industria de conservas, cabe mencionar la cadena de paso de 50 mm con ejes salientes utilizados en las m\u00e1quinas peladoras.<\/p>\n<p>Otros tipos de cadena: con varios tipos de conexi\u00f3n, con ejes huecos y ejes salientes, se utilizan en muchas aplicaciones, a menudo en condiciones dif\u00edciles.<\/p>\n<\/div>\n<p><!--more--><br \/>\n<!-- {\"name\":\"\",\"type\":\"layout\",\"children\":[{\"name\":\"BREAD\",\"type\":\"section\",\"props\":{\"style\":\"default\",\"width\":\"default\",\"vertical_align\":\"middle\",\"title_position\":\"top-left\",\"title_rotation\":\"left\",\"title_breakpoint\":\"xl\",\"image_position\":\"center-center\",\"padding\":\"xsmall\",\"padding_remove_bottom\":true},\"children\":[{\"name\":\"\",\"type\":\"row\",\"children\":[{\"name\":\"\",\"type\":\"column\",\"props\":{\"image_position\":\"center-center\",\"width_medium\":\"1-1\",\"media_overlay_gradient\":\"\"},\"children\":[{\"name\":\"\",\"type\":\"headline\",\"props\":{\"title_element\":\"h1\",\"content\":\"Cadenas transportadoras para la industria conservera\"}}]}]}]},{\"name\":\"contenuto speciali\",\"type\":\"section\",\"props\":{\"style\":\"default\",\"width\":\"default\",\"vertical_align\":\"middle\",\"title_position\":\"top-left\",\"title_rotation\":\"left\",\"title_breakpoint\":\"xl\",\"image_position\":\"center-center\",\"padding_remove_top\":false,\"padding\":\"xsmall\",\"padding_remove_bottom\":true},\"children\":[{\"name\":\"\",\"type\":\"row\",\"props\":{\"layout\":\"2-3,1-3\"},\"children\":[{\"name\":\"\",\"type\":\"column\",\"props\":{\"image_position\":\"center-center\",\"width_medium\":\"2-3\",\"media_overlay_gradient\":\"\"},\"children\":[{\"name\":\"slideshow catene speciali\",\"type\":\"slideshow\",\"props\":{\"show_title\":false,\"show_meta\":false,\"show_content\":true,\"show_link\":false,\"show_thumbnail\":false,\"slideshow_min_height\":300,\"slideshow_autoplay_pause\":true,\"nav\":\"dotnav\",\"nav_position\":\"bottom-center\",\"nav_position_margin\":\"medium\",\"nav_align\":\"center\",\"nav_breakpoint\":\"s\",\"thumbnav_width\":\"100\",\"thumbnav_height\":\"75\",\"slidenav\":\"default\",\"slidenav_margin\":\"\",\"slidenav_breakpoint\":\"s\",\"slidenav_outside_breakpoint\":\"xl\",\"overlay_position\":\"bottom\",\"overlay_animation\":\"parallax\",\"title_element\":\"h3\",\"meta_style\":\"meta\",\"meta_align\":\"below-title\",\"link_text\":\"Read more\",\"link_style\":\"default\",\"margin\":\"remove-vertical\",\"slideshow_autoplay\":true,\"overlay_container\":\"default\",\"overlay_container_padding\":\"small\",\"overlay_style\":\"overlay-default\",\"overlay_width\":\"xlarge\",\"text_align\":\"center\",\"maxwidth\":\"2xlarge\",\"class\":\"testo-slide\",\"overlay_padding\":\"small\",\"nav_below\":true,\"nav_margin\":\"small\",\"slidenav_hover\":true,\"thumbnav_svg_color\":\"emphasis\",\"meta_element\":\"div\"},\"children\":[{\"name\":\"\",\"type\":\"slideshow_item\",\"props\":{\"image\":\"wp-content\\\/uploads\\\/conserviera-1.jpg\"}},{\"name\":\"\",\"type\":\"slideshow_item\",\"props\":{\"image\":\"wp-content\\\/uploads\\\/conserviera-02.jpg\",\"text_color\":\"light\",\"content\":\"\"}},{\"name\":\"\",\"type\":\"slideshow_item\",\"props\":{\"image\":\"wp-content\\\/uploads\\\/conserviera-03.jpg\",\"text_color\":\"light\",\"content\":\"\"}},{\"name\":\"\",\"type\":\"slideshow_item\",\"props\":{\"image\":\"wp-content\\\/uploads\\\/conserviera-1.jpg\",\"text_color\":\"light\",\"content\":\"\"}},{\"name\":\"\",\"type\":\"slideshow_item\",\"props\":{\"image\":\"wp-content\\\/uploads\\\/conserviera-04.jpg\",\"text_color\":\"light\",\"content\":\"\"}},{\"name\":\"\",\"type\":\"slideshow_item\",\"props\":{\"image\":\"wp-content\\\/uploads\\\/conserviera-05.jpg\",\"text_color\":\"light\",\"content\":\"\"}}]}]},{\"name\":\"\",\"type\":\"column\",\"props\":{\"image_position\":\"center-center\",\"width_medium\":\"1-3\",\"media_overlay_gradient\":\"\"},\"children\":[{\"name\":\"000cat-esp\",\"type\":\"button\",\"props\":{\"margin\":\"default\",\"maxwidth\":\"2xlarge\",\"button_size\":\"large\",\"fullwidth\":true,\"grid_column_gap\":\"small\",\"grid_row_gap\":\"small\"},\"children\":[{\"name\":\"\",\"type\":\"button_item\",\"props\":{\"button_style\":\"primary\",\"icon_align\":\"left\",\"icon\":\"download\",\"link_title\":\"\",\"content\":\"Descargar el catalogo\",\"link\":\"wp-content\\\/uploads\\\/ZMC-Cat-Espanol-1.pdf\",\"link_target\":\"blank\"}}]},{\"name\":\"000scarica-sezione-esp\",\"type\":\"button\",\"props\":{\"margin\":\"default\",\"maxwidth\":\"2xlarge\",\"button_size\":\"large\",\"fullwidth\":true,\"grid_column_gap\":\"small\",\"grid_row_gap\":\"small\"},\"children\":[{\"name\":\"\",\"type\":\"button_item\",\"props\":{\"button_style\":\"primary\",\"icon_align\":\"left\",\"icon\":\"download\",\"link_title\":\"\",\"content\":\"Descarga la secci\\u00f3n de Industria de conservera\",\"link\":\"wp-content\\\/uploads\\\/ZMC-Industria-de-conservera.pdf\",\"link_target\":\"blank\"}}]}]}]},{\"name\":\"\",\"type\":\"row\",\"children\":[{\"name\":\"\",\"type\":\"column\",\"props\":{\"image_position\":\"center-center\",\"width_medium\":\"1-1\",\"media_overlay_gradient\":\"\"},\"children\":[{\"name\":\"\",\"type\":\"text\",\"props\":{\"margin\":\"default\",\"column_breakpoint\":\"m\",\"content\":\"Este sector es hist\\u00f3ricamente uno de los m\\u00e1s importantes de la industria alimentaria italiana, en particular en lo que respecta a los productos derivados de los tomates (tomates pelados, salsa de tomate, pasta de tomate y otros). Gracias a la colaboraci\\u00f3n con los fabricantes y usuarios de plantas m\\u00e1s importantes, ZMC puede presumir en este campo de una amplia experiencia que abarca desde las cadenas utilizadas para transportar la materia prima dentro de la planta hasta las que se utilizan en las diversas fases del proceso de selecci\\u00f3n industrial, la transformaci\\u00f3n. y envases, incluida la pasteurizaci\\u00f3n o esterilizaci\\u00f3n de contenedores (latas, botellas, etc.).<\\\/p>\\nUna amplia gama de materiales, recubrimientos, dimensiones y soluciones constructivas se han combinado con \\u00e9xito para obtener cadenas confiables y duraderas incluso en las condiciones de operaci\\u00f3n m\\u00e1s dif\\u00edciles.<\\\/p>\\nEntre los buques insignia de la producci\\u00f3n de ZMC para la industria de conservas, cabe mencionar la cadena de paso de 50 mm con ejes salientes utilizados en las m\\u00e1quinas peladoras.<\\\/p>\\nOtros tipos de cadena: con varios tipos de conexi\\u00f3n, con ejes huecos y ejes salientes, se utilizan en muchas aplicaciones, a menudo en condiciones dif\\u00edciles.<\\\/p>\"}}]}]}]}],\"version\":\"2.5.10\"} --><\/p>\n","protected":false},"excerpt":{"rendered":"<p>Cadenas transportadoras para la industria conservera Descargar el catalogo Descarga la secci\u00f3n de Industria de conservera Este sector es hist\u00f3ricamente uno de los m\u00e1s importantes de la industria alimentaria italiana, en particular en lo que respecta a los productos derivados de los tomates (tomates pelados, salsa de tomate, pasta de tomate y otros). Gracias a [&hellip;]<\/p>\n","protected":false},"author":1,"featured_media":0,"parent":3924,"menu_order":0,"comment_status":"closed","ping_status":"closed","template":"","meta":{"footnotes":""},"class_list":["post-3932","page","type-page","status-publish","hentry"],"yoast_head":"<!-- This site is optimized with the Yoast SEO plugin v27.5 - https:\/\/yoast.com\/product\/yoast-seo-wordpress\/ -->\n<title>Cadenas transportadoras para la Industria Conservera - ZMC Cadenas<\/title>\n<meta name=\"description\" content=\"ZMC Italia produce y comercializa cadena de paso 50 mm para industria conservera. P\u00f3ngase en contacto con nosotros para m\u00e1s informaci\u00f3n.\" \/>\n<meta name=\"robots\" content=\"index, follow, max-snippet:-1, max-image-preview:large, max-video-preview:-1\" \/>\n<link rel=\"canonical\" href=\"https:\/\/www.zmc.it\/es\/cadenas-especiales\/cadenas-transportadoras-para-la-industria-de-conservera\/\" \/>\n<meta property=\"og:locale\" content=\"es_ES\" \/>\n<meta property=\"og:type\" content=\"article\" \/>\n<meta property=\"og:title\" content=\"Cadenas transportadoras para la Industria Conservera - ZMC Cadenas\" \/>\n<meta property=\"og:description\" content=\"ZMC Italia produce y comercializa cadena de paso 50 mm para industria conservera. P\u00f3ngase en contacto con nosotros para m\u00e1s informaci\u00f3n.\" \/>\n<meta property=\"og:url\" content=\"https:\/\/www.zmc.it\/es\/cadenas-especiales\/cadenas-transportadoras-para-la-industria-de-conservera\/\" \/>\n<meta property=\"og:site_name\" content=\"ZMC Italy\" \/>\n<meta property=\"article:modified_time\" content=\"2021-11-02T15:35:50+00:00\" \/>\n<meta property=\"og:image\" content=\"https:\/\/www.zmc.it\/wp-content\/uploads\/FOTO-SLIDER-2.jpg\" \/>\n\t<meta property=\"og:image:width\" content=\"1600\" \/>\n\t<meta property=\"og:image:height\" content=\"500\" \/>\n\t<meta property=\"og:image:type\" content=\"image\/jpeg\" \/>\n<meta name=\"twitter:card\" content=\"summary_large_image\" \/>\n<meta name=\"twitter:label1\" content=\"Tiempo de lectura\" \/>\n\t<meta name=\"twitter:data1\" content=\"1 minuto\" \/>\n<script type=\"application\/ld+json\" class=\"yoast-schema-graph\">{\"@context\":\"https:\\\/\\\/schema.org\",\"@graph\":[{\"@type\":\"WebPage\",\"@id\":\"https:\\\/\\\/www.zmc.it\\\/es\\\/cadenas-especiales\\\/cadenas-transportadoras-para-la-industria-de-conservera\\\/\",\"url\":\"https:\\\/\\\/www.zmc.it\\\/es\\\/cadenas-especiales\\\/cadenas-transportadoras-para-la-industria-de-conservera\\\/\",\"name\":\"Cadenas transportadoras para la Industria Conservera - ZMC Cadenas\",\"isPartOf\":{\"@id\":\"https:\\\/\\\/www.zmc.it\\\/#website\"},\"datePublished\":\"2018-09-20T09:04:13+00:00\",\"dateModified\":\"2021-11-02T15:35:50+00:00\",\"description\":\"ZMC Italia produce y comercializa cadena de paso 50 mm para industria conservera. P\u00f3ngase en contacto con nosotros para m\u00e1s informaci\u00f3n.\",\"breadcrumb\":{\"@id\":\"https:\\\/\\\/www.zmc.it\\\/es\\\/cadenas-especiales\\\/cadenas-transportadoras-para-la-industria-de-conservera\\\/#breadcrumb\"},\"inLanguage\":\"es\",\"potentialAction\":[{\"@type\":\"ReadAction\",\"target\":[\"https:\\\/\\\/www.zmc.it\\\/es\\\/cadenas-especiales\\\/cadenas-transportadoras-para-la-industria-de-conservera\\\/\"]}]},{\"@type\":\"BreadcrumbList\",\"@id\":\"https:\\\/\\\/www.zmc.it\\\/es\\\/cadenas-especiales\\\/cadenas-transportadoras-para-la-industria-de-conservera\\\/#breadcrumb\",\"itemListElement\":[{\"@type\":\"ListItem\",\"position\":1,\"name\":\"Home\",\"item\":\"https:\\\/\\\/www.zmc.it\\\/es\\\/\"},{\"@type\":\"ListItem\",\"position\":2,\"name\":\"Cadenas especiales\",\"item\":\"https:\\\/\\\/www.zmc.it\\\/es\\\/cadenas-especiales\\\/\"},{\"@type\":\"ListItem\",\"position\":3,\"name\":\"Cadenas transportadoras para la industria conservera\"}]},{\"@type\":\"WebSite\",\"@id\":\"https:\\\/\\\/www.zmc.it\\\/#website\",\"url\":\"https:\\\/\\\/www.zmc.it\\\/\",\"name\":\"ZMC Italy\",\"description\":\"\",\"publisher\":{\"@id\":\"https:\\\/\\\/www.zmc.it\\\/#organization\"},\"potentialAction\":[{\"@type\":\"SearchAction\",\"target\":{\"@type\":\"EntryPoint\",\"urlTemplate\":\"https:\\\/\\\/www.zmc.it\\\/?s={search_term_string}\"},\"query-input\":{\"@type\":\"PropertyValueSpecification\",\"valueRequired\":true,\"valueName\":\"search_term_string\"}}],\"inLanguage\":\"es\"},{\"@type\":\"Organization\",\"@id\":\"https:\\\/\\\/www.zmc.it\\\/#organization\",\"name\":\"ZMC Italy\",\"url\":\"https:\\\/\\\/www.zmc.it\\\/\",\"logo\":{\"@type\":\"ImageObject\",\"inLanguage\":\"es\",\"@id\":\"https:\\\/\\\/www.zmc.it\\\/#\\\/schema\\\/logo\\\/image\\\/\",\"url\":\"https:\\\/\\\/www.zmc.it\\\/wp-content\\\/uploads\\\/zmc-logo.png\",\"contentUrl\":\"https:\\\/\\\/www.zmc.it\\\/wp-content\\\/uploads\\\/zmc-logo.png\",\"width\":150,\"height\":75,\"caption\":\"ZMC Italy\"},\"image\":{\"@id\":\"https:\\\/\\\/www.zmc.it\\\/#\\\/schema\\\/logo\\\/image\\\/\"},\"sameAs\":[\"https:\\\/\\\/www.linkedin.com\\\/company\\\/z.m.c.-italia-s.r.l.\\\/about\\\/\"]}]}<\/script>\n<!-- \/ Yoast SEO plugin. -->","yoast_head_json":{"title":"Cadenas transportadoras para la Industria Conservera - ZMC Cadenas","description":"ZMC Italia produce y comercializa cadena de paso 50 mm para industria conservera. P\u00f3ngase en contacto con nosotros para m\u00e1s informaci\u00f3n.","robots":{"index":"index","follow":"follow","max-snippet":"max-snippet:-1","max-image-preview":"max-image-preview:large","max-video-preview":"max-video-preview:-1"},"canonical":"https:\/\/www.zmc.it\/es\/cadenas-especiales\/cadenas-transportadoras-para-la-industria-de-conservera\/","og_locale":"es_ES","og_type":"article","og_title":"Cadenas transportadoras para la Industria Conservera - ZMC Cadenas","og_description":"ZMC Italia produce y comercializa cadena de paso 50 mm para industria conservera. P\u00f3ngase en contacto con nosotros para m\u00e1s informaci\u00f3n.","og_url":"https:\/\/www.zmc.it\/es\/cadenas-especiales\/cadenas-transportadoras-para-la-industria-de-conservera\/","og_site_name":"ZMC Italy","article_modified_time":"2021-11-02T15:35:50+00:00","og_image":[{"width":1600,"height":500,"url":"https:\/\/www.zmc.it\/wp-content\/uploads\/FOTO-SLIDER-2.jpg","type":"image\/jpeg"}],"twitter_card":"summary_large_image","twitter_misc":{"Tiempo de lectura":"1 minuto"},"schema":{"@context":"https:\/\/schema.org","@graph":[{"@type":"WebPage","@id":"https:\/\/www.zmc.it\/es\/cadenas-especiales\/cadenas-transportadoras-para-la-industria-de-conservera\/","url":"https:\/\/www.zmc.it\/es\/cadenas-especiales\/cadenas-transportadoras-para-la-industria-de-conservera\/","name":"Cadenas transportadoras para la Industria Conservera - ZMC Cadenas","isPartOf":{"@id":"https:\/\/www.zmc.it\/#website"},"datePublished":"2018-09-20T09:04:13+00:00","dateModified":"2021-11-02T15:35:50+00:00","description":"ZMC Italia produce y comercializa cadena de paso 50 mm para industria conservera. P\u00f3ngase en contacto con nosotros para m\u00e1s informaci\u00f3n.","breadcrumb":{"@id":"https:\/\/www.zmc.it\/es\/cadenas-especiales\/cadenas-transportadoras-para-la-industria-de-conservera\/#breadcrumb"},"inLanguage":"es","potentialAction":[{"@type":"ReadAction","target":["https:\/\/www.zmc.it\/es\/cadenas-especiales\/cadenas-transportadoras-para-la-industria-de-conservera\/"]}]},{"@type":"BreadcrumbList","@id":"https:\/\/www.zmc.it\/es\/cadenas-especiales\/cadenas-transportadoras-para-la-industria-de-conservera\/#breadcrumb","itemListElement":[{"@type":"ListItem","position":1,"name":"Home","item":"https:\/\/www.zmc.it\/es\/"},{"@type":"ListItem","position":2,"name":"Cadenas especiales","item":"https:\/\/www.zmc.it\/es\/cadenas-especiales\/"},{"@type":"ListItem","position":3,"name":"Cadenas transportadoras para la industria conservera"}]},{"@type":"WebSite","@id":"https:\/\/www.zmc.it\/#website","url":"https:\/\/www.zmc.it\/","name":"ZMC Italy","description":"","publisher":{"@id":"https:\/\/www.zmc.it\/#organization"},"potentialAction":[{"@type":"SearchAction","target":{"@type":"EntryPoint","urlTemplate":"https:\/\/www.zmc.it\/?s={search_term_string}"},"query-input":{"@type":"PropertyValueSpecification","valueRequired":true,"valueName":"search_term_string"}}],"inLanguage":"es"},{"@type":"Organization","@id":"https:\/\/www.zmc.it\/#organization","name":"ZMC Italy","url":"https:\/\/www.zmc.it\/","logo":{"@type":"ImageObject","inLanguage":"es","@id":"https:\/\/www.zmc.it\/#\/schema\/logo\/image\/","url":"https:\/\/www.zmc.it\/wp-content\/uploads\/zmc-logo.png","contentUrl":"https:\/\/www.zmc.it\/wp-content\/uploads\/zmc-logo.png","width":150,"height":75,"caption":"ZMC Italy"},"image":{"@id":"https:\/\/www.zmc.it\/#\/schema\/logo\/image\/"},"sameAs":["https:\/\/www.linkedin.com\/company\/z.m.c.-italia-s.r.l.\/about\/"]}]}},"_links":{"self":[{"href":"https:\/\/www.zmc.it\/es\/wp-json\/wp\/v2\/pages\/3932","targetHints":{"allow":["GET"]}}],"collection":[{"href":"https:\/\/www.zmc.it\/es\/wp-json\/wp\/v2\/pages"}],"about":[{"href":"https:\/\/www.zmc.it\/es\/wp-json\/wp\/v2\/types\/page"}],"author":[{"embeddable":true,"href":"https:\/\/www.zmc.it\/es\/wp-json\/wp\/v2\/users\/1"}],"replies":[{"embeddable":true,"href":"https:\/\/www.zmc.it\/es\/wp-json\/wp\/v2\/comments?post=3932"}],"version-history":[{"count":0,"href":"https:\/\/www.zmc.it\/es\/wp-json\/wp\/v2\/pages\/3932\/revisions"}],"up":[{"embeddable":true,"href":"https:\/\/www.zmc.it\/es\/wp-json\/wp\/v2\/pages\/3924"}],"wp:attachment":[{"href":"https:\/\/www.zmc.it\/es\/wp-json\/wp\/v2\/media?parent=3932"}],"curies":[{"name":"wp","href":"https:\/\/api.w.org\/{rel}","templated":true}]}}