{"id":3929,"date":"2018-03-16T09:53:57","date_gmt":"2018-03-16T09:53:57","guid":{"rendered":"https:\/\/www.zmc.it\/catene-speciali\/industria-automobilistica\/"},"modified":"2021-11-02T15:49:01","modified_gmt":"2021-11-02T15:49:01","slug":"cadenas-de-transporte-para-la-industria-del-automovil","status":"publish","type":"page","link":"https:\/\/www.zmc.it\/es\/cadenas-especiales\/cadenas-de-transporte-para-la-industria-del-automovil\/","title":{"rendered":"Cadenas de transporte para la industria del autom\u00f3vil"},"content":{"rendered":"<h1><span>Cadenas de transporte para la industria del autom\u00f3vil<\/span><\/h1>\n<ul>\n<li>\n<p>        <img decoding=\"async\" src=\"\/wp-content\/uploads\/automobilistica-02.jpg\" alt=\"\"><\/p>\n<\/li>\n<li>\n<p>        <img decoding=\"async\" src=\"\/wp-content\/uploads\/automobilistica01-1.jpg\" alt=\"\"><\/p>\n<div>\n<p><strong>Pintura<\/strong><\/p>\n<\/div>\n<\/li>\n<li>\n<p>        <img decoding=\"async\" src=\"\/wp-content\/uploads\/automobilistica-03.jpg\" alt=\"\"><\/p>\n<div>\n<p><strong>Horno de secado<\/strong><\/p>\n<\/div>\n<\/li>\n<li>\n<p>        <img decoding=\"async\" src=\"\/wp-content\/uploads\/automobilistica-04.jpg\" alt=\"\"><\/p>\n<div>\n<p><strong>A prueba de agua<\/strong><\/p>\n<\/div>\n<\/li>\n<li>\n<p>        <img decoding=\"async\" src=\"\/wp-content\/uploads\/automobilistica-05.jpg\" alt=\"\"><\/p>\n<div>\n<p><strong>Transporte Skid + Body<\/strong><\/p>\n<\/div>\n<\/li>\n<li>\n<p>        <img decoding=\"async\" src=\"\/wp-content\/uploads\/automobilistica-06.jpg\" alt=\"\"><\/p>\n<div>\n<p><strong>Bitapparella<\/strong><\/p>\n<\/div>\n<\/li>\n<li>\n<p>        <img decoding=\"async\" src=\"\/wp-content\/uploads\/automobilistica-07.jpg\" alt=\"\"><\/p>\n<\/li>\n<li>\n<p>        <img decoding=\"async\" src=\"\/wp-content\/uploads\/automobilistica-08.jpg\" alt=\"\"><\/p>\n<\/li>\n<li>\n<p>        <img decoding=\"async\" src=\"\/wp-content\/uploads\/automobilistica-09.jpg\" alt=\"\"><\/p>\n<\/li>\n<li>\n<p>        <img decoding=\"async\" src=\"\/wp-content\/uploads\/automobilistica-10.jpg\" alt=\"\"><\/p>\n<\/li>\n<li>\n<p>        <img decoding=\"async\" src=\"\/wp-content\/uploads\/automobilistica-11.jpg\" alt=\"\"><\/p>\n<\/li>\n<li>\n<p>        <img decoding=\"async\" src=\"\/wp-content\/uploads\/automobilistica-12.jpg\" alt=\"\"><\/p>\n<\/li>\n<li>\n<p>        <img decoding=\"async\" src=\"\/wp-content\/uploads\/automobilistica-13.jpg\" alt=\"\"><\/p>\n<\/li>\n<li>\n<p>        <img decoding=\"async\" src=\"\/wp-content\/uploads\/automobilistica-14.jpg\" alt=\"\"><\/p>\n<\/li>\n<li>\n<p>        <img decoding=\"async\" src=\"\/wp-content\/uploads\/automobilistica-15.jpg\" alt=\"\"><\/p>\n<\/li>\n<li>\n<p>        <img decoding=\"async\" src=\"\/wp-content\/uploads\/automobilistica-16.jpg\" alt=\"\"><\/p>\n<\/li>\n<\/ul>\n<p>\n    <a href=\"\/wp-content\/uploads\/ZMC-Cat-Espanol-1.pdf\">Descargar el catalogo<\/a>\n<\/p>\n<p>\n    <a href=\"\/wp-content\/uploads\/ZMC-Industria-del-automovil.pdf\">Descarga la secci\u00f3n de Industria del autom\u00f3vil<\/a>\n<\/p>\n<div>\n<p>ZMC est\u00e1 presente con sus propias cadenas en las plantas de los principales fabricantes de autom\u00f3viles de todo el mundo.<\/p>\n<p>Las cadenas para el transporte terrestre o a\u00e9reo se utilizan de hecho en todas las fases principales del proceso de producci\u00f3n de: autom\u00f3viles, furgonetas, camiones, tractores y autobuses o sus componentes.<\/p>\n<p>Las soluciones t\u00e9cnicas para este sector dise\u00f1adas por ZMC seg\u00fan las especificaciones del cliente o en colaboraci\u00f3n con este \u00faltimo son casi infinitas. La innovaci\u00f3n de nuestros productos contin\u00faa sin disminuir con el objetivo de mejorar: rendimiento, fiabilidad y durabilidad. Las cadenas para el sector automotriz est\u00e1n llamadas a satisfacer las necesidades cambiantes tanto desde el punto de vista t\u00e9cnico como en otros aspectos que los constructores de plantas y los usuarios finales consideran cada vez m\u00e1s importantes, tales como: la reducci\u00f3n de los costos de mantenimiento, el AHORRO DE ENERGIA y respeto al medio ambiente.<\/p>\n<p>Para diversas aplicaciones, se encuentran disponibles cadenas en versiones autolubricadas o de bajo mantenimiento.<\/p>\n<p>Entre los usos m\u00e1s t\u00edpicos y m\u00e1s exitosos de las cadenas ZMC en el sector automotriz, recordamos:<\/p>\n<ul>\n<li>Transportadores terrestres para el manejo de carrocerias o carros de arrastre en varias etapas del proceso de producci\u00f3n (soldadura, paneles, ensamblaje, ensilado, control)<\/li>\n<li>l\u00edneas a\u00e9reas con cadenas biplanas para el transporte de componentes (por ejemplo, puertas)<\/li>\n<li>L\u00edneas a\u00e9reas de acompa\u00f1amiento, elevadores y descensores (cadenas con empujadores y mecanismos de acoplamiento articulados)<\/li>\n<li>Arrastradores para sistemas de almacenamiento (pulmones) de carrocerias o componentes.<\/li>\n<li>Sistemas de pretratamiento protector de carrocerias (sistemas de p\u00e9ndulo para cataforesis y fosfataci\u00f3n).<\/li>\n<li>Sistemas de control tipo oruga (cadenas con dientes de empuje con forma)<\/li>\n<li>Instalaciones de pintura<\/li>\n<li>Hornos de secado de barnizado (versi\u00f3n exclusiva autolubricante ZMC con temperatura de funcionamiento m\u00e1xima de 250 \u00b0 C)<\/li>\n<li>Transportadores mono o de doble tablilla para el transporte terrestre (a petici\u00f3n, las tablillas de 400 a 4000 mm de ancho pueden incluirse en el suministro)<\/li>\n<li>Sistemas para la comprobaci\u00f3n final de la estanqueidad del veh\u00edculo.<\/li>\n<\/ul>\n<\/div>\n<p><!--more--><br \/>\n<!-- {\"name\":\"\",\"type\":\"layout\",\"children\":[{\"name\":\"BREAD\",\"type\":\"section\",\"props\":{\"style\":\"default\",\"width\":\"default\",\"vertical_align\":\"middle\",\"title_position\":\"top-left\",\"title_rotation\":\"left\",\"title_breakpoint\":\"xl\",\"image_position\":\"center-center\",\"padding\":\"xsmall\",\"padding_remove_bottom\":true},\"children\":[{\"name\":\"\",\"type\":\"row\",\"children\":[{\"name\":\"\",\"type\":\"column\",\"props\":{\"image_position\":\"center-center\",\"width_medium\":\"1-1\",\"media_overlay_gradient\":\"\"},\"children\":[{\"name\":\"\",\"type\":\"headline\",\"props\":{\"title_element\":\"h1\",\"content\":\"<span>Cadenas de transporte para la industria del autom\\u00f3vil<\\\/span>\"}}]}]}]},{\"name\":\"contenuto speciali\",\"type\":\"section\",\"props\":{\"style\":\"default\",\"width\":\"default\",\"vertical_align\":\"middle\",\"title_position\":\"top-left\",\"title_rotation\":\"left\",\"title_breakpoint\":\"xl\",\"image_position\":\"center-center\",\"padding_remove_top\":false,\"padding\":\"xsmall\",\"padding_remove_bottom\":true},\"children\":[{\"name\":\"\",\"type\":\"row\",\"props\":{\"layout\":\"2-3,1-3\"},\"children\":[{\"name\":\"\",\"type\":\"column\",\"props\":{\"image_position\":\"center-center\",\"width_medium\":\"2-3\",\"media_overlay_gradient\":\"\"},\"children\":[{\"name\":\"slideshow catene speciali\",\"type\":\"slideshow\",\"props\":{\"show_title\":false,\"show_meta\":false,\"show_content\":true,\"show_link\":false,\"show_thumbnail\":false,\"slideshow_min_height\":300,\"slideshow_autoplay_pause\":true,\"nav\":\"dotnav\",\"nav_position\":\"bottom-center\",\"nav_position_margin\":\"medium\",\"nav_align\":\"center\",\"nav_breakpoint\":\"s\",\"thumbnav_width\":\"100\",\"thumbnav_height\":\"75\",\"slidenav\":\"default\",\"slidenav_margin\":\"\",\"slidenav_breakpoint\":\"s\",\"slidenav_outside_breakpoint\":\"xl\",\"overlay_position\":\"bottom\",\"overlay_animation\":\"parallax\",\"title_element\":\"h3\",\"meta_style\":\"meta\",\"meta_align\":\"below-title\",\"link_text\":\"Read more\",\"link_style\":\"default\",\"margin\":\"remove-vertical\",\"slideshow_autoplay\":true,\"overlay_container\":\"default\",\"overlay_container_padding\":\"small\",\"overlay_style\":\"overlay-default\",\"overlay_width\":\"xlarge\",\"text_align\":\"center\",\"maxwidth\":\"2xlarge\",\"class\":\"testo-slide\",\"overlay_padding\":\"small\",\"nav_below\":true,\"nav_margin\":\"small\",\"slidenav_hover\":true,\"slideshow_height\":\"\",\"slideshow_box_shadow\":\"\",\"slideshow_animation\":\"\",\"slideshow_kenburns\":\"\",\"nav_color\":\"\",\"slidenav_outside_color\":\"\",\"thumbnav_svg_color\":\"emphasis\",\"meta_element\":\"div\"},\"children\":[{\"name\":\"\",\"type\":\"slideshow_item\",\"props\":{\"image\":\"wp-content\\\/uploads\\\/automobilistica-02.jpg\"}},{\"name\":\"\",\"type\":\"slideshow_item\",\"props\":{\"image\":\"wp-content\\\/uploads\\\/automobilistica01-1.jpg\",\"text_color\":\"light\",\"content\":\"\n\n<p><strong>Pintura<\\\/strong><\\\/p>\"}},{\"name\":\"\",\"type\":\"slideshow_item\",\"props\":{\"image\":\"wp-content\\\/uploads\\\/automobilistica-03.jpg\",\"text_color\":\"light\",\"content\":\"\n\n<p><strong>Horno de secado<\\\/strong><\\\/p>\"}},{\"name\":\"\",\"type\":\"slideshow_item\",\"props\":{\"image\":\"wp-content\\\/uploads\\\/automobilistica-04.jpg\",\"text_color\":\"light\",\"content\":\"\n\n<p><strong>A prueba de agua<\\\/strong><\\\/p>\"}},{\"name\":\"\",\"type\":\"slideshow_item\",\"props\":{\"image\":\"wp-content\\\/uploads\\\/automobilistica-05.jpg\",\"text_color\":\"light\",\"content\":\"\n\n<p><strong>Transporte Skid + Body<\\\/strong><\\\/p>\"}},{\"name\":\"\",\"type\":\"slideshow_item\",\"props\":{\"image\":\"wp-content\\\/uploads\\\/automobilistica-06.jpg\",\"text_color\":\"light\",\"content\":\"\n\n<p><strong>Bitapparella<\\\/strong><\\\/p>\"}},{\"name\":\"\",\"type\":\"slideshow_item\",\"props\":{\"image\":\"wp-content\\\/uploads\\\/automobilistica-07.jpg\"}},{\"name\":\"\",\"type\":\"slideshow_item\",\"props\":{\"image\":\"wp-content\\\/uploads\\\/automobilistica-08.jpg\"}},{\"name\":\"\",\"type\":\"slideshow_item\",\"props\":{\"image\":\"wp-content\\\/uploads\\\/automobilistica-09.jpg\"}},{\"name\":\"\",\"type\":\"slideshow_item\",\"props\":{\"image\":\"wp-content\\\/uploads\\\/automobilistica-10.jpg\"}},{\"name\":\"\",\"type\":\"slideshow_item\",\"props\":{\"image\":\"wp-content\\\/uploads\\\/automobilistica-11.jpg\"}},{\"name\":\"\",\"type\":\"slideshow_item\",\"props\":{\"image\":\"wp-content\\\/uploads\\\/automobilistica-12.jpg\"}},{\"name\":\"\",\"type\":\"slideshow_item\",\"props\":{\"image\":\"wp-content\\\/uploads\\\/automobilistica-13.jpg\"}},{\"name\":\"\",\"type\":\"slideshow_item\",\"props\":{\"image\":\"wp-content\\\/uploads\\\/automobilistica-14.jpg\"}},{\"name\":\"\",\"type\":\"slideshow_item\",\"props\":{\"image\":\"wp-content\\\/uploads\\\/automobilistica-15.jpg\"}},{\"name\":\"\",\"type\":\"slideshow_item\",\"props\":{\"image\":\"wp-content\\\/uploads\\\/automobilistica-16.jpg\"}}]}]},{\"name\":\"\",\"type\":\"column\",\"props\":{\"image_position\":\"center-center\",\"width_medium\":\"1-3\",\"media_overlay_gradient\":\"\"},\"children\":[{\"name\":\"000cat-esp\",\"type\":\"button\",\"props\":{\"margin\":\"default\",\"maxwidth\":\"2xlarge\",\"button_size\":\"large\",\"fullwidth\":true,\"grid_column_gap\":\"small\",\"grid_row_gap\":\"small\"},\"children\":[{\"name\":\"\",\"type\":\"button_item\",\"props\":{\"button_style\":\"primary\",\"icon_align\":\"left\",\"icon\":\"download\",\"link_title\":\"\",\"content\":\"Descargar el catalogo\",\"link\":\"wp-content\\\/uploads\\\/ZMC-Cat-Espanol-1.pdf\",\"link_target\":\"blank\"}}]},{\"name\":\"000scarica-sezione-esp\",\"type\":\"button\",\"props\":{\"margin\":\"default\",\"maxwidth\":\"2xlarge\",\"button_size\":\"large\",\"fullwidth\":true,\"grid_column_gap\":\"small\",\"grid_row_gap\":\"small\"},\"children\":[{\"name\":\"\",\"type\":\"button_item\",\"props\":{\"button_style\":\"primary\",\"icon_align\":\"left\",\"icon\":\"download\",\"link_title\":\"\",\"content\":\"Descarga la secci\\u00f3n de Industria del autom\\u00f3vil\",\"link\":\"wp-content\\\/uploads\\\/ZMC-Industria-del-automovil.pdf\",\"link_target\":\"blank\"}}]}]}]},{\"name\":\"\",\"type\":\"row\",\"children\":[{\"name\":\"\",\"type\":\"column\",\"props\":{\"image_position\":\"center-center\",\"width_medium\":\"1-1\",\"media_overlay_gradient\":\"\"},\"children\":[{\"name\":\"\",\"type\":\"text\",\"props\":{\"margin\":\"default\",\"column_breakpoint\":\"m\",\"content\":\"\n\n<p>ZMC est\\u00e1 presente con sus propias cadenas en las plantas de los principales fabricantes de autom\\u00f3viles de todo el mundo.<\\\/p>\\n\n\n<p>Las cadenas para el transporte terrestre o a\\u00e9reo se utilizan de hecho en todas las fases principales del proceso de producci\\u00f3n de: autom\\u00f3viles, furgonetas, camiones, tractores y autobuses o sus componentes.<\\\/p>\\n\n\n<p>Las soluciones t\\u00e9cnicas para este sector dise\\u00f1adas por ZMC seg\\u00fan las especificaciones del cliente o en colaboraci\\u00f3n con este \\u00faltimo son casi infinitas. La innovaci\\u00f3n de nuestros productos contin\\u00faa sin disminuir con el objetivo de mejorar: rendimiento, fiabilidad y durabilidad. Las cadenas para el sector automotriz est\\u00e1n llamadas a satisfacer las necesidades cambiantes tanto desde el punto de vista t\\u00e9cnico como en otros aspectos que los constructores de plantas y los usuarios finales consideran cada vez m\\u00e1s importantes, tales como: la reducci\\u00f3n de los costos de mantenimiento, el AHORRO DE ENERGIA y respeto al medio ambiente.<\\\/p>\\n\n\n<p>Para diversas aplicaciones, se encuentran disponibles cadenas en versiones autolubricadas o de bajo mantenimiento.<\\\/p>\\n\n\n<p>Entre los usos m\\u00e1s t\\u00edpicos y m\\u00e1s exitosos de las cadenas ZMC en el sector automotriz, recordamos:<\\\/p>\\n\n\n<ul>\\n\n\n<li>Transportadores terrestres para el manejo de carrocerias o carros de arrastre en varias etapas del proceso de producci\\u00f3n (soldadura, paneles, ensamblaje, ensilado, control)<\\\/li>\\n\n\n<li>l\\u00edneas a\\u00e9reas con cadenas biplanas para el transporte de componentes (por ejemplo, puertas)<\\\/li>\\n\n\n<li>L\\u00edneas a\\u00e9reas de acompa\\u00f1amiento, elevadores y descensores (cadenas con empujadores y mecanismos de acoplamiento articulados)<\\\/li>\\n\n\n<li>Arrastradores para sistemas de almacenamiento (pulmones) de carrocerias o componentes.<\\\/li>\\n\n\n<li>Sistemas de pretratamiento protector de carrocerias (sistemas de p\\u00e9ndulo para cataforesis y fosfataci\\u00f3n).<\\\/li>\\n\n\n<li>Sistemas de control tipo oruga (cadenas con dientes de empuje con forma)<\\\/li>\\n\n\n<li>Instalaciones de pintura<\\\/li>\\n\n\n<li>Hornos de secado de barnizado (versi\\u00f3n exclusiva autolubricante ZMC con temperatura de funcionamiento m\\u00e1xima de 250 \\u00b0 C)<\\\/li>\\n\n\n<li>Transportadores mono o de doble tablilla para el transporte terrestre (a petici\\u00f3n, las tablillas de 400 a 4000 mm de ancho pueden incluirse en el suministro)<\\\/li>\\n\n\n<li>Sistemas para la comprobaci\\u00f3n final de la estanqueidad del veh\\u00edculo.<\\\/li>\\n<\\\/ul>\"}}]}]}]}],\"version\":\"2.5.10\"} --><\/p>\n","protected":false},"excerpt":{"rendered":"<p>Cadenas de transporte para la industria del autom\u00f3vil Pintura Horno de secado A prueba de agua Transporte Skid + Body Bitapparella Descargar el catalogo Descarga la secci\u00f3n de Industria del autom\u00f3vil ZMC est\u00e1 presente con sus propias cadenas en las plantas de los principales fabricantes de autom\u00f3viles de todo el mundo. Las cadenas para el [&hellip;]<\/p>\n","protected":false},"author":1,"featured_media":0,"parent":3924,"menu_order":0,"comment_status":"closed","ping_status":"closed","template":"","meta":{"footnotes":""},"class_list":["post-3929","page","type-page","status-publish","hentry"],"yoast_head":"<!-- This site is optimized with the Yoast SEO plugin v27.5 - https:\/\/yoast.com\/product\/yoast-seo-wordpress\/ -->\n<title>Cadenas de transporte para la industria del autom\u00f3vil - ZMC Italy<\/title>\n<meta name=\"description\" content=\"ZMC Italia produce y comercializa Cadenas de transporte para la industria del autom\u00f3vil. P\u00f3ngase en contacto con nosotros para informaci\u00f3n\" \/>\n<meta name=\"robots\" content=\"index, follow, max-snippet:-1, max-image-preview:large, max-video-preview:-1\" \/>\n<link rel=\"canonical\" href=\"https:\/\/www.zmc.it\/es\/cadenas-especiales\/cadenas-de-transporte-para-la-industria-del-automovil\/\" \/>\n<meta property=\"og:locale\" content=\"es_ES\" \/>\n<meta property=\"og:type\" content=\"article\" \/>\n<meta property=\"og:title\" content=\"Cadenas de transporte para la industria del autom\u00f3vil - ZMC Italy\" \/>\n<meta property=\"og:description\" content=\"ZMC Italia produce y comercializa Cadenas de transporte para la industria del autom\u00f3vil. P\u00f3ngase en contacto con nosotros para informaci\u00f3n\" \/>\n<meta property=\"og:url\" content=\"https:\/\/www.zmc.it\/es\/cadenas-especiales\/cadenas-de-transporte-para-la-industria-del-automovil\/\" \/>\n<meta property=\"og:site_name\" content=\"ZMC Italy\" \/>\n<meta property=\"article:modified_time\" content=\"2021-11-02T15:49:01+00:00\" \/>\n<meta property=\"og:image\" content=\"https:\/\/www.zmc.it\/wp-content\/uploads\/FOTO-SLIDER-2.jpg\" \/>\n\t<meta property=\"og:image:width\" content=\"1600\" \/>\n\t<meta property=\"og:image:height\" content=\"500\" \/>\n\t<meta property=\"og:image:type\" content=\"image\/jpeg\" \/>\n<meta name=\"twitter:card\" content=\"summary_large_image\" \/>\n<meta name=\"twitter:label1\" content=\"Tiempo de lectura\" \/>\n\t<meta name=\"twitter:data1\" content=\"2 minutos\" \/>\n<script type=\"application\/ld+json\" class=\"yoast-schema-graph\">{\"@context\":\"https:\\\/\\\/schema.org\",\"@graph\":[{\"@type\":\"WebPage\",\"@id\":\"https:\\\/\\\/www.zmc.it\\\/es\\\/cadenas-especiales\\\/cadenas-de-transporte-para-la-industria-del-automovil\\\/\",\"url\":\"https:\\\/\\\/www.zmc.it\\\/es\\\/cadenas-especiales\\\/cadenas-de-transporte-para-la-industria-del-automovil\\\/\",\"name\":\"Cadenas de transporte para la industria del autom\u00f3vil - ZMC Italy\",\"isPartOf\":{\"@id\":\"https:\\\/\\\/www.zmc.it\\\/#website\"},\"datePublished\":\"2018-03-16T09:53:57+00:00\",\"dateModified\":\"2021-11-02T15:49:01+00:00\",\"description\":\"ZMC Italia produce y comercializa Cadenas de transporte para la industria del autom\u00f3vil. P\u00f3ngase en contacto con nosotros para informaci\u00f3n\",\"breadcrumb\":{\"@id\":\"https:\\\/\\\/www.zmc.it\\\/es\\\/cadenas-especiales\\\/cadenas-de-transporte-para-la-industria-del-automovil\\\/#breadcrumb\"},\"inLanguage\":\"es\",\"potentialAction\":[{\"@type\":\"ReadAction\",\"target\":[\"https:\\\/\\\/www.zmc.it\\\/es\\\/cadenas-especiales\\\/cadenas-de-transporte-para-la-industria-del-automovil\\\/\"]}]},{\"@type\":\"BreadcrumbList\",\"@id\":\"https:\\\/\\\/www.zmc.it\\\/es\\\/cadenas-especiales\\\/cadenas-de-transporte-para-la-industria-del-automovil\\\/#breadcrumb\",\"itemListElement\":[{\"@type\":\"ListItem\",\"position\":1,\"name\":\"Home\",\"item\":\"https:\\\/\\\/www.zmc.it\\\/es\\\/\"},{\"@type\":\"ListItem\",\"position\":2,\"name\":\"Cadenas especiales\",\"item\":\"https:\\\/\\\/www.zmc.it\\\/es\\\/cadenas-especiales\\\/\"},{\"@type\":\"ListItem\",\"position\":3,\"name\":\"Cadenas de transporte para la industria del autom\u00f3vil\"}]},{\"@type\":\"WebSite\",\"@id\":\"https:\\\/\\\/www.zmc.it\\\/#website\",\"url\":\"https:\\\/\\\/www.zmc.it\\\/\",\"name\":\"ZMC Italy\",\"description\":\"\",\"publisher\":{\"@id\":\"https:\\\/\\\/www.zmc.it\\\/#organization\"},\"potentialAction\":[{\"@type\":\"SearchAction\",\"target\":{\"@type\":\"EntryPoint\",\"urlTemplate\":\"https:\\\/\\\/www.zmc.it\\\/?s={search_term_string}\"},\"query-input\":{\"@type\":\"PropertyValueSpecification\",\"valueRequired\":true,\"valueName\":\"search_term_string\"}}],\"inLanguage\":\"es\"},{\"@type\":\"Organization\",\"@id\":\"https:\\\/\\\/www.zmc.it\\\/#organization\",\"name\":\"ZMC Italy\",\"url\":\"https:\\\/\\\/www.zmc.it\\\/\",\"logo\":{\"@type\":\"ImageObject\",\"inLanguage\":\"es\",\"@id\":\"https:\\\/\\\/www.zmc.it\\\/#\\\/schema\\\/logo\\\/image\\\/\",\"url\":\"https:\\\/\\\/www.zmc.it\\\/wp-content\\\/uploads\\\/zmc-logo.png\",\"contentUrl\":\"https:\\\/\\\/www.zmc.it\\\/wp-content\\\/uploads\\\/zmc-logo.png\",\"width\":150,\"height\":75,\"caption\":\"ZMC Italy\"},\"image\":{\"@id\":\"https:\\\/\\\/www.zmc.it\\\/#\\\/schema\\\/logo\\\/image\\\/\"},\"sameAs\":[\"https:\\\/\\\/www.linkedin.com\\\/company\\\/z.m.c.-italia-s.r.l.\\\/about\\\/\"]}]}<\/script>\n<!-- \/ Yoast SEO plugin. -->","yoast_head_json":{"title":"Cadenas de transporte para la industria del autom\u00f3vil - ZMC Italy","description":"ZMC Italia produce y comercializa Cadenas de transporte para la industria del autom\u00f3vil. P\u00f3ngase en contacto con nosotros para informaci\u00f3n","robots":{"index":"index","follow":"follow","max-snippet":"max-snippet:-1","max-image-preview":"max-image-preview:large","max-video-preview":"max-video-preview:-1"},"canonical":"https:\/\/www.zmc.it\/es\/cadenas-especiales\/cadenas-de-transporte-para-la-industria-del-automovil\/","og_locale":"es_ES","og_type":"article","og_title":"Cadenas de transporte para la industria del autom\u00f3vil - ZMC Italy","og_description":"ZMC Italia produce y comercializa Cadenas de transporte para la industria del autom\u00f3vil. P\u00f3ngase en contacto con nosotros para informaci\u00f3n","og_url":"https:\/\/www.zmc.it\/es\/cadenas-especiales\/cadenas-de-transporte-para-la-industria-del-automovil\/","og_site_name":"ZMC Italy","article_modified_time":"2021-11-02T15:49:01+00:00","og_image":[{"width":1600,"height":500,"url":"https:\/\/www.zmc.it\/wp-content\/uploads\/FOTO-SLIDER-2.jpg","type":"image\/jpeg"}],"twitter_card":"summary_large_image","twitter_misc":{"Tiempo de lectura":"2 minutos"},"schema":{"@context":"https:\/\/schema.org","@graph":[{"@type":"WebPage","@id":"https:\/\/www.zmc.it\/es\/cadenas-especiales\/cadenas-de-transporte-para-la-industria-del-automovil\/","url":"https:\/\/www.zmc.it\/es\/cadenas-especiales\/cadenas-de-transporte-para-la-industria-del-automovil\/","name":"Cadenas de transporte para la industria del autom\u00f3vil - ZMC Italy","isPartOf":{"@id":"https:\/\/www.zmc.it\/#website"},"datePublished":"2018-03-16T09:53:57+00:00","dateModified":"2021-11-02T15:49:01+00:00","description":"ZMC Italia produce y comercializa Cadenas de transporte para la industria del autom\u00f3vil. P\u00f3ngase en contacto con nosotros para informaci\u00f3n","breadcrumb":{"@id":"https:\/\/www.zmc.it\/es\/cadenas-especiales\/cadenas-de-transporte-para-la-industria-del-automovil\/#breadcrumb"},"inLanguage":"es","potentialAction":[{"@type":"ReadAction","target":["https:\/\/www.zmc.it\/es\/cadenas-especiales\/cadenas-de-transporte-para-la-industria-del-automovil\/"]}]},{"@type":"BreadcrumbList","@id":"https:\/\/www.zmc.it\/es\/cadenas-especiales\/cadenas-de-transporte-para-la-industria-del-automovil\/#breadcrumb","itemListElement":[{"@type":"ListItem","position":1,"name":"Home","item":"https:\/\/www.zmc.it\/es\/"},{"@type":"ListItem","position":2,"name":"Cadenas especiales","item":"https:\/\/www.zmc.it\/es\/cadenas-especiales\/"},{"@type":"ListItem","position":3,"name":"Cadenas de transporte para la industria del autom\u00f3vil"}]},{"@type":"WebSite","@id":"https:\/\/www.zmc.it\/#website","url":"https:\/\/www.zmc.it\/","name":"ZMC Italy","description":"","publisher":{"@id":"https:\/\/www.zmc.it\/#organization"},"potentialAction":[{"@type":"SearchAction","target":{"@type":"EntryPoint","urlTemplate":"https:\/\/www.zmc.it\/?s={search_term_string}"},"query-input":{"@type":"PropertyValueSpecification","valueRequired":true,"valueName":"search_term_string"}}],"inLanguage":"es"},{"@type":"Organization","@id":"https:\/\/www.zmc.it\/#organization","name":"ZMC Italy","url":"https:\/\/www.zmc.it\/","logo":{"@type":"ImageObject","inLanguage":"es","@id":"https:\/\/www.zmc.it\/#\/schema\/logo\/image\/","url":"https:\/\/www.zmc.it\/wp-content\/uploads\/zmc-logo.png","contentUrl":"https:\/\/www.zmc.it\/wp-content\/uploads\/zmc-logo.png","width":150,"height":75,"caption":"ZMC Italy"},"image":{"@id":"https:\/\/www.zmc.it\/#\/schema\/logo\/image\/"},"sameAs":["https:\/\/www.linkedin.com\/company\/z.m.c.-italia-s.r.l.\/about\/"]}]}},"_links":{"self":[{"href":"https:\/\/www.zmc.it\/es\/wp-json\/wp\/v2\/pages\/3929","targetHints":{"allow":["GET"]}}],"collection":[{"href":"https:\/\/www.zmc.it\/es\/wp-json\/wp\/v2\/pages"}],"about":[{"href":"https:\/\/www.zmc.it\/es\/wp-json\/wp\/v2\/types\/page"}],"author":[{"embeddable":true,"href":"https:\/\/www.zmc.it\/es\/wp-json\/wp\/v2\/users\/1"}],"replies":[{"embeddable":true,"href":"https:\/\/www.zmc.it\/es\/wp-json\/wp\/v2\/comments?post=3929"}],"version-history":[{"count":0,"href":"https:\/\/www.zmc.it\/es\/wp-json\/wp\/v2\/pages\/3929\/revisions"}],"up":[{"embeddable":true,"href":"https:\/\/www.zmc.it\/es\/wp-json\/wp\/v2\/pages\/3924"}],"wp:attachment":[{"href":"https:\/\/www.zmc.it\/es\/wp-json\/wp\/v2\/media?parent=3929"}],"curies":[{"name":"wp","href":"https:\/\/api.w.org\/{rel}","templated":true}]}}