{"id":9983,"date":"2025-07-07T12:38:42","date_gmt":"2025-07-07T12:38:42","guid":{"rendered":"https:\/\/www.zmc.it\/sostenibilita\/"},"modified":"2026-02-26T08:59:12","modified_gmt":"2026-02-26T08:59:12","slug":"nachhaltigkeit","status":"publish","type":"page","link":"https:\/\/www.zmc.it\/de\/nachhaltigkeit\/","title":{"rendered":"Nachhaltigkeit"},"content":{"rendered":"<h1>Nachhaltigkeit und Verhaltenskodex<\/h1>\n<div>\n<p>Unser Einsatz f\u00fcr eine nachhaltige Entwicklung orientiert sich an der offiziellen Definition: \u201e<strong>Eine Entwicklung, die den Bed\u00fcrfnissen der heutigen Generation entspricht, ohne die M\u00f6glichkeiten <\/strong><strong>k\u00fcnftiger Generationen zu gef\u00e4hrden, ihre eigenen Bed\u00fcrfnisse zu befriedigen<\/strong>.\u201c\u00a0<\/p>\n<p>Z.M.C. ist sich voll und ganz bewusst, dass Nachhaltigkeit keine Option mehr ist, sondern ein unverzichtbarer Weg f\u00fcr jede Organisation \u2013 unabh\u00e4ngig von ihrer Gr\u00f6\u00dfe und dem Sektor, in dem sie t\u00e4tig ist.\u00a0Wir haben einige der <strong>Nachhaltigkeitsziele (SDG) der Vereinten Nationen als Priorit\u00e4ten identifiziert<\/strong>, darunter:<\/p>\n<ul>\n<li><strong>Ma\u00dfnahmen zum Klimaschutz;<\/strong><\/li>\n<li><strong>Menschenw\u00fcrdige Arbeit und Wirtschaftswachstum;<\/strong><\/li>\n<li><strong>Gesundheit und Wohlbefinden;<\/strong><\/li>\n<li><strong>Verantwortungsvolle Konsum- und Produktionsweisen.<\/strong><\/li>\n<\/ul>\n<p>Wir sind \u00fcberzeugt, dass die Erreichung dieser Ziele ein gemeinsames Engagement und eine aktive Beteiligung aller Beteiligten erfordert: Mitarbeiter, Kunden, Lieferanten, Institutionen, Anteilseigner und Gemeinschaften. Nur durch Zusammenarbeit und gemeinsame Werte k\u00f6nnen wir eine nachhaltigere Zukunft f\u00fcr alle gestalten.<\/p>\n<\/div>\n<p><p>\n        <a href=\"\/wp-content\/uploads\/ZMC-Rendicontazione-di-sosteniblita-2024v1.pdf\">Download Nachhaltigkeitsbericht<\/a>\n    <\/p>\n<\/p>\n<p><img decoding=\"async\" src=\"\/wp-content\/uploads\/SDG_DE.jpg\" alt=\"\"><\/p>\n<div>\n<p>Der Verhaltenskodex dr\u00fcckt die Prinzipien und Werte, die ethischen und verhaltensbezogenen <strong>Verpflichtungen und Verantwortlichkeiten, die die Organisation teilt<\/strong>, formell aus und erkl\u00e4rt sie. <span lang=\"DE\">Diese Prinzipien werden konkret in den Aktivit\u00e4ten der Z.M.C. ITALIA S.r.l. a socio unico umgesetzt und binden das Verhalten von jedem, der f\u00fcr sie sowohl intern als auch extern t\u00e4tig ist.<\/span><\/p>\n<\/div>\n<p><p>\n        <a href=\"https:\/\/www.zmc.it\/wp-content\/uploads\/ZMC-Codice-Etico-adottato-con-Delibera-del-26.06.2025.pdf\">Download Verhaltenskodex<\/a>\n    <\/p>\n<\/p>\n<p><img decoding=\"async\" src=\"\/wp-content\/uploads\/ZMC-ESG-01.jpg\" alt=\"\"><br \/>\n<img decoding=\"async\" src=\"\/wp-content\/uploads\/ZMC-ESG-02.jpg\" alt=\"\"><\/p>\n<h2>Zertifizierungen<\/h2>\n<p><img decoding=\"async\" src=\"\/wp-content\/uploads\/Logo-ISO-2026.jpg\" alt=\"\"><\/p>\n<h4>\n<p>ISO 9001:2015<\/p>\n<\/h4>\n<div>\n<p><em>Konstruktion und Herstellung von F\u00f6rderketten<\/em><\/p>\n<\/div>\n<p><p>\n        <a href=\"https:\/\/www.zmc.it\/wp-content\/uploads\/ISO9001-Certificate-EN_2026.pdf\">Laden Sie das Zertifikat herunter<\/a>\n    <\/p>\n<\/p>\n<p><!--more--><br \/>\n<!-- {\"type\":\"layout\",\"children\":[{\"type\":\"section\",\"props\":{\"image_position\":\"center-center\",\"style\":\"default\",\"title_breakpoint\":\"xl\",\"title_position\":\"top-left\",\"title_rotation\":\"left\",\"vertical_align\":\"\",\"width\":\"default\"},\"children\":[{\"type\":\"row\",\"children\":[{\"type\":\"column\",\"props\":{\"image_position\":\"center-center\",\"position_sticky_breakpoint\":\"m\",\"width_medium\":\"1-1\"},\"children\":[{\"type\":\"headline\",\"props\":{\"content\":\"Nachhaltigkeit und Verhaltenskodex\",\"title_element\":\"h1\"}}]}]}]},{\"type\":\"section\",\"props\":{\"image_position\":\"center-center\",\"style\":\"default\",\"title_breakpoint\":\"xl\",\"title_position\":\"top-left\",\"title_rotation\":\"left\",\"vertical_align\":\"middle\",\"width\":\"default\"},\"children\":[{\"type\":\"row\",\"props\":{\"layout\":\"1-2,1-2\"},\"children\":[{\"type\":\"column\",\"props\":{\"image_position\":\"center-center\",\"position_sticky_breakpoint\":\"m\",\"width_medium\":\"1-2\"},\"children\":[{\"type\":\"text\",\"props\":{\"column_breakpoint\":\"m\",\"content\":\"\n\n<p>Unser Einsatz f\\u00fcr eine nachhaltige Entwicklung orientiert sich an der offiziellen Definition: \\u201e<strong>Eine Entwicklung, die den Bed\\u00fcrfnissen der heutigen Generation entspricht, ohne die M\\u00f6glichkeiten <\\\/strong><strong>k\\u00fcnftiger Generationen zu gef\\u00e4hrden, ihre eigenen Bed\\u00fcrfnisse zu befriedigen<\\\/strong>.\\u201c\\u00a0<\\\/p>\\n\n\n<p>Z.M.C. ist sich voll und ganz bewusst, dass Nachhaltigkeit keine Option mehr ist, sondern ein unverzichtbarer Weg f\\u00fcr jede Organisation \\u2013 unabh\\u00e4ngig von ihrer Gr\\u00f6\\u00dfe und dem Sektor, in dem sie t\\u00e4tig ist.\\u00a0Wir haben einige der <strong>Nachhaltigkeitsziele (SDG) der Vereinten Nationen als Priorit\\u00e4ten identifiziert<\\\/strong>, darunter:<\\\/p>\\n\n\n<ul>\\n\n\n<li><strong>Ma\\u00dfnahmen zum Klimaschutz;<\\\/strong><\\\/li>\\n\n\n<li><strong>Menschenw\\u00fcrdige Arbeit und Wirtschaftswachstum;<\\\/strong><\\\/li>\\n\n\n<li><strong>Gesundheit und Wohlbefinden;<\\\/strong><\\\/li>\\n\n\n<li><strong>Verantwortungsvolle Konsum- und Produktionsweisen.<\\\/strong><\\\/li>\\n<\\\/ul>\\n\n\n<p>Wir sind \\u00fcberzeugt, dass die Erreichung dieser Ziele ein gemeinsames Engagement und eine aktive Beteiligung aller Beteiligten erfordert: Mitarbeiter, Kunden, Lieferanten, Institutionen, Anteilseigner und Gemeinschaften. Nur durch Zusammenarbeit und gemeinsame Werte k\\u00f6nnen wir eine nachhaltigere Zukunft f\\u00fcr alle gestalten.<\\\/p>\",\"margin\":\"default\"}},{\"type\":\"button\",\"props\":{\"fullwidth\":false,\"grid_column_gap\":\"small\",\"grid_row_gap\":\"small\",\"margin\":\"default\"},\"children\":[{\"type\":\"button_item\",\"props\":{\"button_style\":\"primary\",\"content\":\"Download Nachhaltigkeitsbericht\",\"dialog_layout\":\"modal\",\"dialog_offcanvas_flip\":true,\"icon_align\":\"left\",\"link\":\"wp-content\\\/uploads\\\/ZMC-Rendicontazione-di-sosteniblita-2024v1.pdf\",\"link_target\":\"blank\",\"link_title\":\"Download Nachhaltigkeitsbericht\"}}]}]},{\"type\":\"column\",\"props\":{\"image_position\":\"center-center\",\"position_sticky_breakpoint\":\"m\",\"width_medium\":\"1-2\"},\"children\":[{\"type\":\"image\",\"props\":{\"image\":\"wp-content\\\/uploads\\\/SDG_DE.jpg\",\"image_svg_color\":\"emphasis\",\"margin\":\"default\"}}]}]}]},{\"type\":\"section\",\"props\":{\"image_position\":\"center-center\",\"style\":\"default\",\"title_breakpoint\":\"xl\",\"title_position\":\"top-left\",\"title_rotation\":\"left\",\"vertical_align\":\"middle\",\"width\":\"default\"},\"children\":[{\"type\":\"row\",\"props\":{\"layout\":\"1-2,1-2\"},\"children\":[{\"type\":\"column\",\"props\":{\"image_position\":\"center-center\",\"position_sticky_breakpoint\":\"m\",\"width_medium\":\"1-2\"},\"children\":[{\"type\":\"text\",\"props\":{\"column_breakpoint\":\"m\",\"content\":\"\n\n<p>Der Verhaltenskodex dr\\u00fcckt die Prinzipien und Werte, die ethischen und verhaltensbezogenen <strong>Verpflichtungen und Verantwortlichkeiten, die die Organisation teilt<\\\/strong>, formell aus und erkl\\u00e4rt sie. <span lang=\\\"DE\\\">Diese Prinzipien werden konkret in den Aktivit\\u00e4ten der Z.M.C. ITALIA S.r.l. a socio unico umgesetzt und binden das Verhalten von jedem, der f\\u00fcr sie sowohl intern als auch extern t\\u00e4tig ist.<\\\/span><\\\/p>\",\"margin\":\"default\"}},{\"type\":\"button\",\"props\":{\"fullwidth\":false,\"grid_column_gap\":\"small\",\"grid_row_gap\":\"small\",\"margin\":\"default\"},\"children\":[{\"type\":\"button_item\",\"props\":{\"button_style\":\"primary\",\"content\":\"Download Verhaltenskodex\",\"dialog_layout\":\"modal\",\"dialog_offcanvas_flip\":true,\"icon_align\":\"left\",\"link\":\"https:\\\/\\\/www.zmc.it\\\/wp-content\\\/uploads\\\/ZMC-Codice-Etico-adottato-con-Delibera-del-26.06.2025.pdf\",\"link_target\":\"blank\",\"link_title\":\"Download Verhaltenskodex\"}}]}]},{\"type\":\"column\",\"props\":{\"image_position\":\"center-center\",\"position_sticky_breakpoint\":\"m\",\"width_medium\":\"1-2\"},\"children\":[{\"type\":\"fragment\",\"props\":{\"margin\":\"default\"},\"children\":[{\"type\":\"row\",\"props\":{\"layout\":\"1-2,1-2\"},\"children\":[{\"type\":\"column\",\"props\":{\"image_position\":\"center-center\",\"position_sticky_breakpoint\":\"m\",\"width_medium\":\"1-2\"},\"children\":[{\"type\":\"image\",\"props\":{\"image\":\"wp-content\\\/uploads\\\/ZMC-ESG-01.jpg\",\"image_svg_color\":\"emphasis\",\"margin\":\"default\"}}]},{\"type\":\"column\",\"props\":{\"image_position\":\"center-center\",\"position_sticky_breakpoint\":\"m\",\"width_medium\":\"1-2\"},\"children\":[{\"type\":\"image\",\"props\":{\"image\":\"wp-content\\\/uploads\\\/ZMC-ESG-02.jpg\",\"image_svg_color\":\"emphasis\",\"margin\":\"default\"}}]}]}]}]}]}]},{\"type\":\"section\",\"props\":{\"image_position\":\"center-center\",\"style\":\"secondary\",\"title_breakpoint\":\"xl\",\"title_position\":\"top-left\",\"title_rotation\":\"left\",\"vertical_align\":\"\",\"width\":\"default\"},\"children\":[{\"type\":\"row\",\"props\":{\"margin\":\"medium\",\"margin_remove_bottom\":false},\"children\":[{\"type\":\"column\",\"props\":{\"image_position\":\"center-center\",\"position_sticky_breakpoint\":\"m\",\"width_medium\":\"1-1\"},\"children\":[{\"type\":\"headline\",\"props\":{\"block_align\":\"center\",\"content\":\"Zertifizierungen\",\"text_align\":\"left\",\"title_element\":\"h2\"}}]}]},{\"type\":\"row\",\"props\":{\"column_gap\":\"medium\",\"layout\":\"1-4,1-4,1-4,1-4|1-2,1-2,1-2,1-2\",\"margin\":\"default\",\"margin_remove_top\":false},\"children\":[{\"type\":\"column\",\"props\":{\"image_position\":\"center-center\",\"position_sticky_breakpoint\":\"m\",\"width_medium\":\"1-4\",\"width_small\":\"1-2\"},\"children\":[{\"type\":\"image\",\"props\":{\"image\":\"wp-content\\\/uploads\\\/Logo-ISO-2026.jpg\",\"image_svg_color\":\"emphasis\",\"margin\":\"default\",\"text_align\":\"left\"}}]},{\"type\":\"column\",\"props\":{\"image_position\":\"center-center\",\"position_sticky_breakpoint\":\"m\",\"vertical_align\":\"bottom\",\"width_medium\":\"1-4\",\"width_small\":\"1-2\"},\"children\":[{\"type\":\"headline\",\"props\":{\"block_align\":\"center\",\"content\":\"\n\n<p>ISO 9001:2015<\\\/p>\",\"margin_remove_bottom\":false,\"text_align\":\"left\",\"title_element\":\"h4\"}},{\"type\":\"text\",\"props\":{\"column_breakpoint\":\"m\",\"content\":\"\n\n<p><em>Konstruktion und Herstellung von F\\u00f6rderketten<\\\/em><\\\/p>\",\"margin\":\"default\"}},{\"type\":\"button\",\"props\":{\"fullwidth\":false,\"grid_column_gap\":\"small\",\"grid_row_gap\":\"small\",\"margin\":\"default\"},\"children\":[{\"type\":\"button_item\",\"props\":{\"button_style\":\"primary\",\"content\":\"Laden Sie das Zertifikat herunter\",\"dialog_layout\":\"modal\",\"dialog_offcanvas_flip\":true,\"icon_align\":\"left\",\"link\":\"https:\\\/\\\/www.zmc.it\\\/wp-content\\\/uploads\\\/ISO9001-Certificate-EN_2026.pdf\",\"link_target\":\"blank\",\"link_title\":\"Zertifikat ISO 9001\"}}]}]},{\"type\":\"column\",\"props\":{\"image_position\":\"center-center\",\"position_sticky_breakpoint\":\"m\",\"width_medium\":\"1-4\",\"width_small\":\"1-2\"}},{\"type\":\"column\",\"props\":{\"image_position\":\"center-center\",\"position_sticky_breakpoint\":\"m\",\"width_medium\":\"1-4\",\"width_small\":\"1-2\"}}]}]}],\"version\":\"4.5.4\"} --><\/p>\n","protected":false},"excerpt":{"rendered":"<p>Nachhaltigkeit und Verhaltenskodex Unser Einsatz f\u00fcr eine nachhaltige Entwicklung orientiert sich an der offiziellen Definition: \u201eEine Entwicklung, die den Bed\u00fcrfnissen der heutigen Generation entspricht, ohne die M\u00f6glichkeiten k\u00fcnftiger Generationen zu gef\u00e4hrden, ihre eigenen Bed\u00fcrfnisse zu befriedigen.\u201c\u00a0 Z.M.C. ist sich voll und ganz bewusst, dass Nachhaltigkeit keine Option mehr ist, sondern ein unverzichtbarer Weg f\u00fcr jede [&hellip;]<\/p>\n","protected":false},"author":1,"featured_media":9929,"parent":0,"menu_order":0,"comment_status":"closed","ping_status":"closed","template":"","meta":{"footnotes":""},"class_list":["post-9983","page","type-page","status-publish","has-post-thumbnail","hentry"],"yoast_head":"<!-- This site is optimized with the Yoast SEO plugin v27.5 - https:\/\/yoast.com\/product\/yoast-seo-wordpress\/ -->\n<title>Nachhaltigkeit - ZMC Italia<\/title>\n<meta name=\"robots\" content=\"index, follow, max-snippet:-1, max-image-preview:large, max-video-preview:-1\" \/>\n<link rel=\"canonical\" href=\"https:\/\/www.zmc.it\/de\/nachhaltigkeit\/\" \/>\n<meta property=\"og:locale\" content=\"de_DE\" \/>\n<meta property=\"og:type\" content=\"article\" \/>\n<meta property=\"og:title\" content=\"Nachhaltigkeit - ZMC Italia\" \/>\n<meta property=\"og:description\" content=\"Nachhaltigkeit und Verhaltenskodex Unser Einsatz f\u00fcr eine nachhaltige Entwicklung orientiert sich an der offiziellen Definition: \u201eEine Entwicklung, die den Bed\u00fcrfnissen der heutigen Generation entspricht, ohne die M\u00f6glichkeiten k\u00fcnftiger Generationen zu gef\u00e4hrden, ihre eigenen Bed\u00fcrfnisse zu befriedigen.\u201c\u00a0 Z.M.C. ist sich voll und ganz bewusst, dass Nachhaltigkeit keine Option mehr ist, sondern ein unverzichtbarer Weg f\u00fcr jede [&hellip;]\" \/>\n<meta property=\"og:url\" content=\"https:\/\/www.zmc.it\/de\/nachhaltigkeit\/\" \/>\n<meta property=\"og:site_name\" content=\"ZMC Italia\" \/>\n<meta property=\"article:modified_time\" content=\"2026-02-26T08:59:12+00:00\" \/>\n<meta property=\"og:image\" content=\"https:\/\/www.zmc.it\/wp-content\/uploads\/ZMC-ESG-01.jpg\" \/>\n\t<meta property=\"og:image:width\" content=\"480\" \/>\n\t<meta property=\"og:image:height\" content=\"640\" \/>\n\t<meta property=\"og:image:type\" content=\"image\/jpeg\" \/>\n<meta name=\"twitter:card\" content=\"summary_large_image\" \/>\n<meta name=\"twitter:label1\" content=\"Gesch\u00e4tzte Lesezeit\" \/>\n\t<meta name=\"twitter:data1\" content=\"2\u00a0Minuten\" \/>\n<script type=\"application\/ld+json\" class=\"yoast-schema-graph\">{\"@context\":\"https:\\\/\\\/schema.org\",\"@graph\":[{\"@type\":\"WebPage\",\"@id\":\"https:\\\/\\\/www.zmc.it\\\/de\\\/nachhaltigkeit\\\/\",\"url\":\"https:\\\/\\\/www.zmc.it\\\/de\\\/nachhaltigkeit\\\/\",\"name\":\"Nachhaltigkeit - ZMC Italia\",\"isPartOf\":{\"@id\":\"https:\\\/\\\/www.zmc.it\\\/#website\"},\"primaryImageOfPage\":{\"@id\":\"https:\\\/\\\/www.zmc.it\\\/de\\\/nachhaltigkeit\\\/#primaryimage\"},\"image\":{\"@id\":\"https:\\\/\\\/www.zmc.it\\\/de\\\/nachhaltigkeit\\\/#primaryimage\"},\"thumbnailUrl\":\"https:\\\/\\\/www.zmc.it\\\/wp-content\\\/uploads\\\/ZMC-ESG-01.jpg\",\"datePublished\":\"2025-07-07T12:38:42+00:00\",\"dateModified\":\"2026-02-26T08:59:12+00:00\",\"breadcrumb\":{\"@id\":\"https:\\\/\\\/www.zmc.it\\\/de\\\/nachhaltigkeit\\\/#breadcrumb\"},\"inLanguage\":\"de\",\"potentialAction\":[{\"@type\":\"ReadAction\",\"target\":[\"https:\\\/\\\/www.zmc.it\\\/de\\\/nachhaltigkeit\\\/\"]}]},{\"@type\":\"ImageObject\",\"inLanguage\":\"de\",\"@id\":\"https:\\\/\\\/www.zmc.it\\\/de\\\/nachhaltigkeit\\\/#primaryimage\",\"url\":\"https:\\\/\\\/www.zmc.it\\\/wp-content\\\/uploads\\\/ZMC-ESG-01.jpg\",\"contentUrl\":\"https:\\\/\\\/www.zmc.it\\\/wp-content\\\/uploads\\\/ZMC-ESG-01.jpg\",\"width\":480,\"height\":640},{\"@type\":\"BreadcrumbList\",\"@id\":\"https:\\\/\\\/www.zmc.it\\\/de\\\/nachhaltigkeit\\\/#breadcrumb\",\"itemListElement\":[{\"@type\":\"ListItem\",\"position\":1,\"name\":\"Home\",\"item\":\"https:\\\/\\\/www.zmc.it\\\/de\\\/\"},{\"@type\":\"ListItem\",\"position\":2,\"name\":\"Nachhaltigkeit\"}]},{\"@type\":\"WebSite\",\"@id\":\"https:\\\/\\\/www.zmc.it\\\/#website\",\"url\":\"https:\\\/\\\/www.zmc.it\\\/\",\"name\":\"ZMC Italia\",\"description\":\"\",\"publisher\":{\"@id\":\"https:\\\/\\\/www.zmc.it\\\/#organization\"},\"potentialAction\":[{\"@type\":\"SearchAction\",\"target\":{\"@type\":\"EntryPoint\",\"urlTemplate\":\"https:\\\/\\\/www.zmc.it\\\/?s={search_term_string}\"},\"query-input\":{\"@type\":\"PropertyValueSpecification\",\"valueRequired\":true,\"valueName\":\"search_term_string\"}}],\"inLanguage\":\"de\"},{\"@type\":\"Organization\",\"@id\":\"https:\\\/\\\/www.zmc.it\\\/#organization\",\"name\":\"ZMC Italy\",\"url\":\"https:\\\/\\\/www.zmc.it\\\/\",\"logo\":{\"@type\":\"ImageObject\",\"inLanguage\":\"de\",\"@id\":\"https:\\\/\\\/www.zmc.it\\\/#\\\/schema\\\/logo\\\/image\\\/\",\"url\":\"https:\\\/\\\/www.zmc.it\\\/wp-content\\\/uploads\\\/zmc-logo.png\",\"contentUrl\":\"https:\\\/\\\/www.zmc.it\\\/wp-content\\\/uploads\\\/zmc-logo.png\",\"width\":150,\"height\":75,\"caption\":\"ZMC Italy\"},\"image\":{\"@id\":\"https:\\\/\\\/www.zmc.it\\\/#\\\/schema\\\/logo\\\/image\\\/\"},\"sameAs\":[\"https:\\\/\\\/www.linkedin.com\\\/company\\\/z.m.c.-italia-s.r.l.\\\/about\\\/\"]}]}<\/script>\n<!-- \/ Yoast SEO plugin. -->","yoast_head_json":{"title":"Nachhaltigkeit - ZMC Italia","robots":{"index":"index","follow":"follow","max-snippet":"max-snippet:-1","max-image-preview":"max-image-preview:large","max-video-preview":"max-video-preview:-1"},"canonical":"https:\/\/www.zmc.it\/de\/nachhaltigkeit\/","og_locale":"de_DE","og_type":"article","og_title":"Nachhaltigkeit - ZMC Italia","og_description":"Nachhaltigkeit und Verhaltenskodex Unser Einsatz f\u00fcr eine nachhaltige Entwicklung orientiert sich an der offiziellen Definition: \u201eEine Entwicklung, die den Bed\u00fcrfnissen der heutigen Generation entspricht, ohne die M\u00f6glichkeiten k\u00fcnftiger Generationen zu gef\u00e4hrden, ihre eigenen Bed\u00fcrfnisse zu befriedigen.\u201c\u00a0 Z.M.C. ist sich voll und ganz bewusst, dass Nachhaltigkeit keine Option mehr ist, sondern ein unverzichtbarer Weg f\u00fcr jede [&hellip;]","og_url":"https:\/\/www.zmc.it\/de\/nachhaltigkeit\/","og_site_name":"ZMC Italia","article_modified_time":"2026-02-26T08:59:12+00:00","og_image":[{"width":480,"height":640,"url":"https:\/\/www.zmc.it\/wp-content\/uploads\/ZMC-ESG-01.jpg","type":"image\/jpeg"}],"twitter_card":"summary_large_image","twitter_misc":{"Gesch\u00e4tzte Lesezeit":"2\u00a0Minuten"},"schema":{"@context":"https:\/\/schema.org","@graph":[{"@type":"WebPage","@id":"https:\/\/www.zmc.it\/de\/nachhaltigkeit\/","url":"https:\/\/www.zmc.it\/de\/nachhaltigkeit\/","name":"Nachhaltigkeit - ZMC Italia","isPartOf":{"@id":"https:\/\/www.zmc.it\/#website"},"primaryImageOfPage":{"@id":"https:\/\/www.zmc.it\/de\/nachhaltigkeit\/#primaryimage"},"image":{"@id":"https:\/\/www.zmc.it\/de\/nachhaltigkeit\/#primaryimage"},"thumbnailUrl":"https:\/\/www.zmc.it\/wp-content\/uploads\/ZMC-ESG-01.jpg","datePublished":"2025-07-07T12:38:42+00:00","dateModified":"2026-02-26T08:59:12+00:00","breadcrumb":{"@id":"https:\/\/www.zmc.it\/de\/nachhaltigkeit\/#breadcrumb"},"inLanguage":"de","potentialAction":[{"@type":"ReadAction","target":["https:\/\/www.zmc.it\/de\/nachhaltigkeit\/"]}]},{"@type":"ImageObject","inLanguage":"de","@id":"https:\/\/www.zmc.it\/de\/nachhaltigkeit\/#primaryimage","url":"https:\/\/www.zmc.it\/wp-content\/uploads\/ZMC-ESG-01.jpg","contentUrl":"https:\/\/www.zmc.it\/wp-content\/uploads\/ZMC-ESG-01.jpg","width":480,"height":640},{"@type":"BreadcrumbList","@id":"https:\/\/www.zmc.it\/de\/nachhaltigkeit\/#breadcrumb","itemListElement":[{"@type":"ListItem","position":1,"name":"Home","item":"https:\/\/www.zmc.it\/de\/"},{"@type":"ListItem","position":2,"name":"Nachhaltigkeit"}]},{"@type":"WebSite","@id":"https:\/\/www.zmc.it\/#website","url":"https:\/\/www.zmc.it\/","name":"ZMC Italia","description":"","publisher":{"@id":"https:\/\/www.zmc.it\/#organization"},"potentialAction":[{"@type":"SearchAction","target":{"@type":"EntryPoint","urlTemplate":"https:\/\/www.zmc.it\/?s={search_term_string}"},"query-input":{"@type":"PropertyValueSpecification","valueRequired":true,"valueName":"search_term_string"}}],"inLanguage":"de"},{"@type":"Organization","@id":"https:\/\/www.zmc.it\/#organization","name":"ZMC Italy","url":"https:\/\/www.zmc.it\/","logo":{"@type":"ImageObject","inLanguage":"de","@id":"https:\/\/www.zmc.it\/#\/schema\/logo\/image\/","url":"https:\/\/www.zmc.it\/wp-content\/uploads\/zmc-logo.png","contentUrl":"https:\/\/www.zmc.it\/wp-content\/uploads\/zmc-logo.png","width":150,"height":75,"caption":"ZMC Italy"},"image":{"@id":"https:\/\/www.zmc.it\/#\/schema\/logo\/image\/"},"sameAs":["https:\/\/www.linkedin.com\/company\/z.m.c.-italia-s.r.l.\/about\/"]}]}},"_links":{"self":[{"href":"https:\/\/www.zmc.it\/de\/wp-json\/wp\/v2\/pages\/9983","targetHints":{"allow":["GET"]}}],"collection":[{"href":"https:\/\/www.zmc.it\/de\/wp-json\/wp\/v2\/pages"}],"about":[{"href":"https:\/\/www.zmc.it\/de\/wp-json\/wp\/v2\/types\/page"}],"author":[{"embeddable":true,"href":"https:\/\/www.zmc.it\/de\/wp-json\/wp\/v2\/users\/1"}],"replies":[{"embeddable":true,"href":"https:\/\/www.zmc.it\/de\/wp-json\/wp\/v2\/comments?post=9983"}],"version-history":[{"count":11,"href":"https:\/\/www.zmc.it\/de\/wp-json\/wp\/v2\/pages\/9983\/revisions"}],"predecessor-version":[{"id":10273,"href":"https:\/\/www.zmc.it\/de\/wp-json\/wp\/v2\/pages\/9983\/revisions\/10273"}],"wp:featuredmedia":[{"embeddable":true,"href":"https:\/\/www.zmc.it\/de\/wp-json\/wp\/v2\/media\/9929"}],"wp:attachment":[{"href":"https:\/\/www.zmc.it\/de\/wp-json\/wp\/v2\/media?parent=9983"}],"curies":[{"name":"wp","href":"https:\/\/api.w.org\/{rel}","templated":true}]}}