{"id":3262,"date":"2018-09-23T09:10:53","date_gmt":"2018-09-23T09:10:53","guid":{"rendered":"http:\/\/test.zmcitaly.it\/spezialketten\/industria-del-gelato\/"},"modified":"2018-11-12T17:20:49","modified_gmt":"2018-11-12T17:20:49","slug":"lebensmittelindustrie-eiscremeherstellung","status":"publish","type":"page","link":"https:\/\/www.zmc.it\/de\/spezialketten\/lebensmittelindustrie-eiscremeherstellung\/","title":{"rendered":"Lebensmittelindustrie &#8211; Eiscremeherstellung"},"content":{"rendered":"<p>Lebensmittelindustrie \/ Eiscremeherstellung<\/p>\n<p>Download Katalog<\/p>\n<p>Download der Brosch\u00fcre f\u00fcr die Lebensmittelindustrie \/ Eiscremeherstellung<\/p>\n<p>Die Herausforderung an Ketten, die bei tiefen Temperaturen von bis zu &#8211; 40 \u00b0C bei der Eiscremeherstellung verwendet werden, wird von ZMC dank der langj\u00e4hrigen Erfahrung in der Konstruktion f\u00fcr diesen Sektor und der Verwendung von Materialien, sowohl aus Metall als auch Kunststoff, die f\u00fcr extreme K\u00e4lte geeignet sind, gel\u00f6st.<br \/>\nDie typischen Ketten mit verl\u00e4ngerten Bolzen f\u00fcr die Gefriertunnel, in denen das Eis aush\u00e4rtet, sind das Flaggschiff einer sehr breiten Palette von Produkten, die f\u00fcr andere Stufen des Prozesses bestimmt sind, einschlie\u00dflich der Bef\u00fcllung der Beh\u00e4lter und der Garnierung der verschiedenen Eissorten.<br \/>\nIn der Regel werden in diesen Systemen wartungsfreie L\u00f6sungen eingesetzt, bei denen die niedrige Temperatur und die extreme N\u00e4he zwischen Kette und Lebensmittel oft den Verzicht auf Schmierstoffe erfordern.<\/p>\n<p><!-- {\"name\":\"\",\"type\":\"layout\",\"children\":[{\"name\":\"BREAD\",\"type\":\"section\",\"props\":{\"style\":\"default\",\"width\":\"default\",\"vertical_align\":\"middle\",\"title_position\":\"top-left\",\"title_rotation\":\"left\",\"title_breakpoint\":\"xl\",\"image_position\":\"center-center\",\"padding\":\"xsmall\",\"padding_remove_bottom\":true},\"children\":[{\"name\":\"\",\"type\":\"row\",\"props\":{\"fixed_width\":\"large\",\"breakpoint\":\"m\",\"layout\":\"1-1\"},\"children\":[{\"name\":\"\",\"type\":\"column\",\"props\":{\"widths\":[\"1-1\"],\"image_position\":\"center-center\"},\"children\":[{\"name\":\"\",\"type\":\"headline\",\"props\":{\"title_element\":\"h1\",\"content\":\"Lebensmittelindustrie \\\/ Eiscremeherstellung\",\"title_style\":\"\",\"title_decoration\":\"\",\"title_color\":\"\",\"text_align\":\"\",\"text_align_breakpoint\":\"\",\"text_align_fallback\":\"\",\"maxwidth\":\"\",\"maxwidth_align\":\"\",\"maxwidth_breakpoint\":\"\",\"margin\":\"\",\"animation\":\"\",\"visibility\":\"\"}}]}]}]},{\"name\":\"contenuto speciali\",\"type\":\"section\",\"props\":{\"style\":\"default\",\"width\":\"default\",\"vertical_align\":\"middle\",\"title_position\":\"top-left\",\"title_rotation\":\"left\",\"title_breakpoint\":\"xl\",\"image_position\":\"center-center\",\"padding_remove_top\":false,\"padding\":\"xsmall\",\"padding_remove_bottom\":true},\"children\":[{\"name\":\"\",\"type\":\"row\",\"props\":{\"fixed_width\":\"large\",\"breakpoint\":\"m\",\"layout\":\"2-3,\"},\"children\":[{\"name\":\"\",\"type\":\"column\",\"props\":{\"widths\":[\"2-3\"],\"image_position\":\"center-center\"},\"children\":[{\"name\":\"slideshow catene speciali\",\"type\":\"slideshow\",\"props\":{\"show_title\":false,\"show_meta\":false,\"show_content\":true,\"show_link\":false,\"show_thumbnail\":false,\"slideshow_min_height\":300,\"slideshow_autoplay_pause\":true,\"nav\":\"dotnav\",\"nav_position\":\"bottom-center\",\"nav_position_margin\":\"medium\",\"nav_align\":\"center\",\"nav_breakpoint\":\"s\",\"thumbnav_width\":\"100\",\"thumbnav_height\":\"75\",\"slidenav\":\"default\",\"slidenav_margin\":\"\",\"slidenav_breakpoint\":\"s\",\"slidenav_outside_breakpoint\":\"xl\",\"overlay_position\":\"bottom\",\"overlay_animation\":\"parallax\",\"title_element\":\"h3\",\"meta_style\":\"meta\",\"meta_align\":\"bottom\",\"link_text\":\"Read more\",\"link_style\":\"default\",\"margin\":\"remove-vertical\",\"slideshow_autoplay\":true,\"overlay_container\":\"default\",\"overlay_container_padding\":\"small\",\"overlay_style\":\"overlay-default\",\"overlay_width\":\"xlarge\",\"text_align\":\"center\",\"maxwidth\":\"xxlarge\",\"class\":\"testo-slide\",\"overlay_padding\":\"small\",\"nav_below\":true,\"nav_margin\":\"small\",\"slidenav_hover\":true,\"content_style\":\"\"},\"children\":[{\"name\":\"\",\"type\":\"slideshow_item\",\"props\":{\"image\":\"wp-content\\\/uploads\\\/gelato-02.jpg\"}},{\"name\":\"\",\"type\":\"slideshow_item\",\"props\":{\"image\":\"wp-content\\\/uploads\\\/gelato-03.jpg\"}},{\"name\":\"\",\"type\":\"slideshow_item\",\"props\":{\"image\":\"wp-content\\\/uploads\\\/gelato-04.jpg\"}},{\"name\":\"\",\"type\":\"slideshow_item\",\"props\":{\"image\":\"wp-content\\\/uploads\\\/gelato-01.jpg\"}},{\"name\":\"\",\"type\":\"slideshow_item\",\"props\":{\"image\":\"wp-content\\\/uploads\\\/trucioli-05.jpg\"}},{\"name\":\"\",\"type\":\"slideshow_item\",\"props\":{\"image\":\"wp-content\\\/uploads\\\/gelato-05.jpg\"}},{\"name\":\"\",\"type\":\"slideshow_item\",\"props\":{\"image\":\"wp-content\\\/uploads\\\/gelato-06.jpg\"}},{\"name\":\"\",\"type\":\"slideshow_item\",\"props\":{\"image\":\"wp-content\\\/uploads\\\/gelato-07.jpg\"}},{\"name\":\"\",\"type\":\"slideshow_item\",\"props\":{\"image\":\"wp-content\\\/uploads\\\/gelato-08.jpg\"}},{\"name\":\"\",\"type\":\"slideshow_item\",\"props\":{\"image\":\"wp-content\\\/uploads\\\/gelato-09.jpg\"}}]}]},{\"name\":\"\",\"type\":\"column\",\"props\":{\"widths\":[\"\"],\"image_position\":\"center-center\"},\"children\":[{\"name\":\"Download-cat-deu\",\"type\":\"button\",\"props\":{\"gutter\":\"small\",\"margin\":\"default\",\"maxwidth\":\"xxlarge\",\"button_size\":\"large\",\"fullwidth\":true,\"text_align\":\"center\",\"maxwidth_align\":\"center\",\"class\":\"bottone-scarica\",\"text_align_breakpoint\":\"\",\"text_align_fallback\":\"\",\"maxwidth_breakpoint\":\"\",\"animation\":\"\",\"visibility\":\"\"},\"children\":[{\"name\":\"\",\"type\":\"button_item\",\"props\":{\"button_style\":\"primary\",\"icon_align\":\"left\",\"icon\":\"download\",\"link_title\":\"\",\"content\":\"Download Katalog\",\"link_target\":\"blank\",\"link\":\"wp-content\\\/uploads\\\/ZMC-Cat-Deutsch.pdf\"}}]},{\"name\":\"\",\"type\":\"button\",\"props\":{\"gutter\":\"small\",\"margin\":\"default\",\"maxwidth\":\"xxlarge\",\"button_size\":\"large\",\"fullwidth\":true,\"text_align\":\"\",\"text_align_breakpoint\":\"\",\"text_align_fallback\":\"\",\"maxwidth_align\":\"\",\"maxwidth_breakpoint\":\"\",\"animation\":\"\",\"visibility\":\"\"},\"children\":[{\"name\":\"\",\"type\":\"button_item\",\"props\":{\"button_style\":\"primary\",\"icon_align\":\"left\",\"icon\":\"download\",\"link_title\":\"\",\"content\":\"Download der Brosch\\u00fcre f\\u00fcr die Lebensmittelindustrie \\\/ Eiscremeherstellung\",\"link\":\"wp-content\\\/uploads\\\/ZMC-Lebensmittelindustrie-Eiscremeherstellung.pdf\",\"link_target\":\"blank\"}}]}]}]},{\"name\":\"\",\"type\":\"row\",\"props\":{\"fixed_width\":\"large\",\"breakpoint\":\"m\",\"layout\":\"1-1\"},\"children\":[{\"name\":\"\",\"type\":\"column\",\"props\":{\"widths\":[\"1-1\"],\"image_position\":\"center-center\"},\"children\":[{\"name\":\"\",\"type\":\"text\",\"props\":{\"margin\":\"default\",\"column_breakpoint\":\"m\",\"content\":\"\n\n<p>Die Herausforderung an Ketten, die bei tiefen Temperaturen von bis zu - 40 \\u00b0C bei der Eiscremeherstellung verwendet werden, wird von ZMC dank der langj\\u00e4hrigen Erfahrung in der Konstruktion f\\u00fcr diesen Sektor und der Verwendung von Materialien, sowohl aus Metall als auch Kunststoff, die f\\u00fcr extreme K\\u00e4lte geeignet sind, gel\\u00f6st.<\\\/p>\\n\n\n<p>Die typischen Ketten mit verl\\u00e4ngerten Bolzen f\\u00fcr die Gefriertunnel, in denen das Eis aush\\u00e4rtet, sind das Flaggschiff einer sehr breiten Palette von Produkten, die f\\u00fcr andere Stufen des Prozesses bestimmt sind, einschlie\\u00dflich der Bef\\u00fcllung der Beh\\u00e4lter und der Garnierung der verschiedenen Eissorten.<\\\/p>\\n\n\n<p>In der Regel werden in diesen Systemen wartungsfreie L\\u00f6sungen eingesetzt, bei denen die niedrige Temperatur und die extreme N\\u00e4he zwischen Kette und Lebensmittel oft den Verzicht auf Schmierstoffe erfordern.<\\\/p>\",\"text_style\":\"\",\"text_color\":\"\",\"text_size\":\"\",\"column\":\"\",\"text_align\":\"\",\"text_align_breakpoint\":\"\",\"text_align_fallback\":\"\",\"maxwidth\":\"\",\"maxwidth_align\":\"\",\"maxwidth_breakpoint\":\"\",\"animation\":\"\",\"visibility\":\"\"}}]}]}]}]} --><\/p>\n","protected":false},"excerpt":{"rendered":"<p>Lebensmittelindustrie \/ Eiscremeherstellung Download Katalog Download der Brosch\u00fcre f\u00fcr die Lebensmittelindustrie \/ Eiscremeherstellung Die Herausforderung an Ketten, die bei tiefen Temperaturen von bis zu &#8211; 40 \u00b0C bei der Eiscremeherstellung verwendet werden, wird von ZMC dank der langj\u00e4hrigen Erfahrung in der Konstruktion f\u00fcr diesen Sektor und der Verwendung von Materialien, sowohl aus Metall als auch [&hellip;]<\/p>\n","protected":false},"author":1,"featured_media":0,"parent":3053,"menu_order":0,"comment_status":"closed","ping_status":"closed","template":"","meta":{"footnotes":""},"class_list":["post-3262","page","type-page","status-publish","hentry"],"yoast_head":"<!-- This site is optimized with the Yoast SEO plugin v27.5 - https:\/\/yoast.com\/product\/yoast-seo-wordpress\/ -->\n<title>Lebensmittelindustrie - Eiscremeherstellung - ZMC Italia<\/title>\n<meta name=\"robots\" content=\"index, follow, max-snippet:-1, max-image-preview:large, max-video-preview:-1\" \/>\n<link rel=\"canonical\" href=\"https:\/\/www.zmc.it\/de\/spezialketten\/lebensmittelindustrie-eiscremeherstellung\/\" \/>\n<meta property=\"og:locale\" content=\"de_DE\" \/>\n<meta property=\"og:type\" content=\"article\" \/>\n<meta property=\"og:title\" content=\"Lebensmittelindustrie - Eiscremeherstellung - ZMC Italia\" \/>\n<meta property=\"og:description\" content=\"Lebensmittelindustrie \/ Eiscremeherstellung Download Katalog Download der Brosch\u00fcre f\u00fcr die Lebensmittelindustrie \/ Eiscremeherstellung Die Herausforderung an Ketten, die bei tiefen Temperaturen von bis zu &#8211; 40 \u00b0C bei der Eiscremeherstellung verwendet werden, wird von ZMC dank der langj\u00e4hrigen Erfahrung in der Konstruktion f\u00fcr diesen Sektor und der Verwendung von Materialien, sowohl aus Metall als auch [&hellip;]\" \/>\n<meta property=\"og:url\" content=\"https:\/\/www.zmc.it\/de\/spezialketten\/lebensmittelindustrie-eiscremeherstellung\/\" \/>\n<meta property=\"og:site_name\" content=\"ZMC Italia\" \/>\n<meta property=\"article:modified_time\" content=\"2018-11-12T17:20:49+00:00\" \/>\n<meta property=\"og:image\" content=\"https:\/\/www.zmc.it\/wp-content\/uploads\/FOTO-SLIDER-2.jpg\" \/>\n\t<meta property=\"og:image:width\" content=\"1600\" \/>\n\t<meta property=\"og:image:height\" content=\"500\" \/>\n\t<meta property=\"og:image:type\" content=\"image\/jpeg\" \/>\n<meta name=\"twitter:card\" content=\"summary_large_image\" \/>\n<meta name=\"twitter:label1\" content=\"Gesch\u00e4tzte Lesezeit\" \/>\n\t<meta name=\"twitter:data1\" content=\"1\u00a0Minute\" \/>\n<script type=\"application\/ld+json\" class=\"yoast-schema-graph\">{\"@context\":\"https:\\\/\\\/schema.org\",\"@graph\":[{\"@type\":\"WebPage\",\"@id\":\"https:\\\/\\\/www.zmc.it\\\/de\\\/spezialketten\\\/lebensmittelindustrie-eiscremeherstellung\\\/\",\"url\":\"https:\\\/\\\/www.zmc.it\\\/de\\\/spezialketten\\\/lebensmittelindustrie-eiscremeherstellung\\\/\",\"name\":\"Lebensmittelindustrie - Eiscremeherstellung - ZMC Italia\",\"isPartOf\":{\"@id\":\"https:\\\/\\\/www.zmc.it\\\/#website\"},\"datePublished\":\"2018-09-23T09:10:53+00:00\",\"dateModified\":\"2018-11-12T17:20:49+00:00\",\"breadcrumb\":{\"@id\":\"https:\\\/\\\/www.zmc.it\\\/de\\\/spezialketten\\\/lebensmittelindustrie-eiscremeherstellung\\\/#breadcrumb\"},\"inLanguage\":\"de\",\"potentialAction\":[{\"@type\":\"ReadAction\",\"target\":[\"https:\\\/\\\/www.zmc.it\\\/de\\\/spezialketten\\\/lebensmittelindustrie-eiscremeherstellung\\\/\"]}]},{\"@type\":\"BreadcrumbList\",\"@id\":\"https:\\\/\\\/www.zmc.it\\\/de\\\/spezialketten\\\/lebensmittelindustrie-eiscremeherstellung\\\/#breadcrumb\",\"itemListElement\":[{\"@type\":\"ListItem\",\"position\":1,\"name\":\"Home\",\"item\":\"https:\\\/\\\/www.zmc.it\\\/de\\\/\"},{\"@type\":\"ListItem\",\"position\":2,\"name\":\"Spezialketten\",\"item\":\"https:\\\/\\\/www.zmc.it\\\/de\\\/spezialketten\\\/\"},{\"@type\":\"ListItem\",\"position\":3,\"name\":\"Lebensmittelindustrie &#8211; Eiscremeherstellung\"}]},{\"@type\":\"WebSite\",\"@id\":\"https:\\\/\\\/www.zmc.it\\\/#website\",\"url\":\"https:\\\/\\\/www.zmc.it\\\/\",\"name\":\"ZMC Italia\",\"description\":\"\",\"publisher\":{\"@id\":\"https:\\\/\\\/www.zmc.it\\\/#organization\"},\"potentialAction\":[{\"@type\":\"SearchAction\",\"target\":{\"@type\":\"EntryPoint\",\"urlTemplate\":\"https:\\\/\\\/www.zmc.it\\\/?s={search_term_string}\"},\"query-input\":{\"@type\":\"PropertyValueSpecification\",\"valueRequired\":true,\"valueName\":\"search_term_string\"}}],\"inLanguage\":\"de\"},{\"@type\":\"Organization\",\"@id\":\"https:\\\/\\\/www.zmc.it\\\/#organization\",\"name\":\"ZMC Italy\",\"url\":\"https:\\\/\\\/www.zmc.it\\\/\",\"logo\":{\"@type\":\"ImageObject\",\"inLanguage\":\"de\",\"@id\":\"https:\\\/\\\/www.zmc.it\\\/#\\\/schema\\\/logo\\\/image\\\/\",\"url\":\"https:\\\/\\\/www.zmc.it\\\/wp-content\\\/uploads\\\/zmc-logo.png\",\"contentUrl\":\"https:\\\/\\\/www.zmc.it\\\/wp-content\\\/uploads\\\/zmc-logo.png\",\"width\":150,\"height\":75,\"caption\":\"ZMC Italy\"},\"image\":{\"@id\":\"https:\\\/\\\/www.zmc.it\\\/#\\\/schema\\\/logo\\\/image\\\/\"},\"sameAs\":[\"https:\\\/\\\/www.linkedin.com\\\/company\\\/z.m.c.-italia-s.r.l.\\\/about\\\/\"]}]}<\/script>\n<!-- \/ Yoast SEO plugin. -->","yoast_head_json":{"title":"Lebensmittelindustrie - Eiscremeherstellung - ZMC Italia","robots":{"index":"index","follow":"follow","max-snippet":"max-snippet:-1","max-image-preview":"max-image-preview:large","max-video-preview":"max-video-preview:-1"},"canonical":"https:\/\/www.zmc.it\/de\/spezialketten\/lebensmittelindustrie-eiscremeherstellung\/","og_locale":"de_DE","og_type":"article","og_title":"Lebensmittelindustrie - Eiscremeherstellung - ZMC Italia","og_description":"Lebensmittelindustrie \/ Eiscremeherstellung Download Katalog Download der Brosch\u00fcre f\u00fcr die Lebensmittelindustrie \/ Eiscremeherstellung Die Herausforderung an Ketten, die bei tiefen Temperaturen von bis zu &#8211; 40 \u00b0C bei der Eiscremeherstellung verwendet werden, wird von ZMC dank der langj\u00e4hrigen Erfahrung in der Konstruktion f\u00fcr diesen Sektor und der Verwendung von Materialien, sowohl aus Metall als auch [&hellip;]","og_url":"https:\/\/www.zmc.it\/de\/spezialketten\/lebensmittelindustrie-eiscremeherstellung\/","og_site_name":"ZMC Italia","article_modified_time":"2018-11-12T17:20:49+00:00","og_image":[{"width":1600,"height":500,"url":"https:\/\/www.zmc.it\/wp-content\/uploads\/FOTO-SLIDER-2.jpg","type":"image\/jpeg"}],"twitter_card":"summary_large_image","twitter_misc":{"Gesch\u00e4tzte Lesezeit":"1\u00a0Minute"},"schema":{"@context":"https:\/\/schema.org","@graph":[{"@type":"WebPage","@id":"https:\/\/www.zmc.it\/de\/spezialketten\/lebensmittelindustrie-eiscremeherstellung\/","url":"https:\/\/www.zmc.it\/de\/spezialketten\/lebensmittelindustrie-eiscremeherstellung\/","name":"Lebensmittelindustrie - Eiscremeherstellung - ZMC Italia","isPartOf":{"@id":"https:\/\/www.zmc.it\/#website"},"datePublished":"2018-09-23T09:10:53+00:00","dateModified":"2018-11-12T17:20:49+00:00","breadcrumb":{"@id":"https:\/\/www.zmc.it\/de\/spezialketten\/lebensmittelindustrie-eiscremeherstellung\/#breadcrumb"},"inLanguage":"de","potentialAction":[{"@type":"ReadAction","target":["https:\/\/www.zmc.it\/de\/spezialketten\/lebensmittelindustrie-eiscremeherstellung\/"]}]},{"@type":"BreadcrumbList","@id":"https:\/\/www.zmc.it\/de\/spezialketten\/lebensmittelindustrie-eiscremeherstellung\/#breadcrumb","itemListElement":[{"@type":"ListItem","position":1,"name":"Home","item":"https:\/\/www.zmc.it\/de\/"},{"@type":"ListItem","position":2,"name":"Spezialketten","item":"https:\/\/www.zmc.it\/de\/spezialketten\/"},{"@type":"ListItem","position":3,"name":"Lebensmittelindustrie &#8211; Eiscremeherstellung"}]},{"@type":"WebSite","@id":"https:\/\/www.zmc.it\/#website","url":"https:\/\/www.zmc.it\/","name":"ZMC Italia","description":"","publisher":{"@id":"https:\/\/www.zmc.it\/#organization"},"potentialAction":[{"@type":"SearchAction","target":{"@type":"EntryPoint","urlTemplate":"https:\/\/www.zmc.it\/?s={search_term_string}"},"query-input":{"@type":"PropertyValueSpecification","valueRequired":true,"valueName":"search_term_string"}}],"inLanguage":"de"},{"@type":"Organization","@id":"https:\/\/www.zmc.it\/#organization","name":"ZMC Italy","url":"https:\/\/www.zmc.it\/","logo":{"@type":"ImageObject","inLanguage":"de","@id":"https:\/\/www.zmc.it\/#\/schema\/logo\/image\/","url":"https:\/\/www.zmc.it\/wp-content\/uploads\/zmc-logo.png","contentUrl":"https:\/\/www.zmc.it\/wp-content\/uploads\/zmc-logo.png","width":150,"height":75,"caption":"ZMC Italy"},"image":{"@id":"https:\/\/www.zmc.it\/#\/schema\/logo\/image\/"},"sameAs":["https:\/\/www.linkedin.com\/company\/z.m.c.-italia-s.r.l.\/about\/"]}]}},"_links":{"self":[{"href":"https:\/\/www.zmc.it\/de\/wp-json\/wp\/v2\/pages\/3262","targetHints":{"allow":["GET"]}}],"collection":[{"href":"https:\/\/www.zmc.it\/de\/wp-json\/wp\/v2\/pages"}],"about":[{"href":"https:\/\/www.zmc.it\/de\/wp-json\/wp\/v2\/types\/page"}],"author":[{"embeddable":true,"href":"https:\/\/www.zmc.it\/de\/wp-json\/wp\/v2\/users\/1"}],"replies":[{"embeddable":true,"href":"https:\/\/www.zmc.it\/de\/wp-json\/wp\/v2\/comments?post=3262"}],"version-history":[{"count":0,"href":"https:\/\/www.zmc.it\/de\/wp-json\/wp\/v2\/pages\/3262\/revisions"}],"up":[{"embeddable":true,"href":"https:\/\/www.zmc.it\/de\/wp-json\/wp\/v2\/pages\/3053"}],"wp:attachment":[{"href":"https:\/\/www.zmc.it\/de\/wp-json\/wp\/v2\/media?parent=3262"}],"curies":[{"name":"wp","href":"https:\/\/api.w.org\/{rel}","templated":true}]}}