{"id":3226,"date":"2018-09-20T12:16:39","date_gmt":"2018-09-20T12:16:39","guid":{"rendered":"http:\/\/test.zmcitaly.it\/spezialketten\/industria-imbottigliamento-lavabottiglie\/"},"modified":"2018-11-12T13:53:02","modified_gmt":"2018-11-12T13:53:02","slug":"getraenkeindustrie-flaschenreinigungsmaschinen","status":"publish","type":"page","link":"https:\/\/www.zmc.it\/de\/spezialketten\/getraenkeindustrie-flaschenreinigungsmaschinen\/","title":{"rendered":"Getr\u00e4nkeindustrie &#8211; Flaschenreinigungsmaschinen"},"content":{"rendered":"<p>Getr\u00e4nkeindustrie \/ Flaschenreinigungsmaschinen<\/p>\n<p>Download Katalog<\/p>\n<p>Download der Brosch\u00fcre f\u00fcr die Getr\u00e4nkeindustrie \u2013 Flaschenreinigungsmaschinen<\/p>\n<p>Im Bereich der Abf\u00fcllung von Bier und anderen Getr\u00e4nken ist ZMC vor allem auf die Produktion von Ketten f\u00fcr Flaschenreinigungsmaschinen spezialisiert. Zu diesem Zweck werden Ketten mit geschwei\u00dften oder gebogenen Befestigungswinkeln verwendet, an die die Flaschentr\u00e4ger, mit denen die Flaschen transportiert werden, befestigt werden.<br \/>\nDiese Ketten erfordern eine hohe Dauerfestigkeit und eine lange Lebensdauer ohne im Einsatz geschmiert zu werden. Im Einsatz durchl\u00e4uft die Kette verschiedene Reinigungsb\u00e4der und kommt h\u00e4ufig mit abrasiven Elementen (Staub, Sand, Papierreste usw.) aus den Glasflaschen in Kontakt. Um die erwarteten Ergebnisse sowie eine korrekte Dimensionierung der Komponenten zu erzielen, werden Hochleistungswerkstoffe, einschlie\u00dflich Edelst\u00e4hle, verwendet. L\u00f6sungen mit selbstschmierenden Elementen k\u00f6nnen auf Anfrage untersucht werden.<\/p>\n<p><!-- {\"name\":\"\",\"type\":\"layout\",\"children\":[{\"name\":\"BREAD\",\"type\":\"section\",\"props\":{\"style\":\"default\",\"width\":\"default\",\"vertical_align\":\"middle\",\"title_position\":\"top-left\",\"title_rotation\":\"left\",\"title_breakpoint\":\"xl\",\"image_position\":\"center-center\",\"padding\":\"xsmall\",\"padding_remove_bottom\":true},\"children\":[{\"name\":\"\",\"type\":\"row\",\"props\":{\"fixed_width\":\"large\",\"breakpoint\":\"m\",\"layout\":\"1-1\"},\"children\":[{\"name\":\"\",\"type\":\"column\",\"props\":{\"widths\":[\"1-1\"],\"image_position\":\"center-center\"},\"children\":[{\"name\":\"\",\"type\":\"headline\",\"props\":{\"title_element\":\"h1\",\"content\":\"Getr\\u00e4nkeindustrie \\\/ Flaschenreinigungsmaschinen\",\"title_style\":\"\",\"title_decoration\":\"\",\"title_color\":\"\",\"text_align\":\"\",\"text_align_breakpoint\":\"\",\"text_align_fallback\":\"\",\"maxwidth\":\"\",\"maxwidth_align\":\"\",\"maxwidth_breakpoint\":\"\",\"margin\":\"\",\"animation\":\"\",\"visibility\":\"\"}}]}]}]},{\"name\":\"contenuto speciali\",\"type\":\"section\",\"props\":{\"style\":\"default\",\"width\":\"default\",\"vertical_align\":\"middle\",\"title_position\":\"top-left\",\"title_rotation\":\"left\",\"title_breakpoint\":\"xl\",\"image_position\":\"center-center\",\"padding_remove_top\":false,\"padding\":\"xsmall\",\"padding_remove_bottom\":true},\"children\":[{\"name\":\"\",\"type\":\"row\",\"props\":{\"fixed_width\":\"large\",\"breakpoint\":\"m\",\"layout\":\"2-3,\"},\"children\":[{\"name\":\"\",\"type\":\"column\",\"props\":{\"widths\":[\"2-3\"],\"image_position\":\"center-center\"},\"children\":[{\"name\":\"slideshow catene speciali\",\"type\":\"slideshow\",\"props\":{\"show_title\":false,\"show_meta\":false,\"show_content\":true,\"show_link\":false,\"show_thumbnail\":false,\"slideshow_min_height\":300,\"slideshow_autoplay_pause\":true,\"nav\":\"dotnav\",\"nav_position\":\"bottom-center\",\"nav_position_margin\":\"medium\",\"nav_align\":\"center\",\"nav_breakpoint\":\"s\",\"thumbnav_width\":\"100\",\"thumbnav_height\":\"75\",\"slidenav\":\"default\",\"slidenav_margin\":\"\",\"slidenav_breakpoint\":\"s\",\"slidenav_outside_breakpoint\":\"xl\",\"overlay_position\":\"bottom\",\"overlay_animation\":\"parallax\",\"title_element\":\"h3\",\"meta_style\":\"meta\",\"meta_align\":\"bottom\",\"link_text\":\"Read more\",\"link_style\":\"default\",\"margin\":\"remove-vertical\",\"slideshow_autoplay\":true,\"overlay_container\":\"default\",\"overlay_container_padding\":\"small\",\"overlay_style\":\"overlay-default\",\"overlay_width\":\"xlarge\",\"text_align\":\"center\",\"maxwidth\":\"xxlarge\",\"class\":\"testo-slide\",\"overlay_padding\":\"small\",\"nav_below\":true,\"nav_margin\":\"small\",\"slidenav_hover\":true,\"content_style\":\"\"},\"children\":[{\"name\":\"\",\"type\":\"slideshow_item\",\"props\":{\"image\":\"wp-content\\\/uploads\\\/lavabottiglie-01.jpg\"}},{\"name\":\"\",\"type\":\"slideshow_item\",\"props\":{\"image\":\"wp-content\\\/uploads\\\/lavabottiglie-02.jpg\",\"text_color\":\"light\",\"content\":\"\"}},{\"name\":\"\",\"type\":\"slideshow_item\",\"props\":{\"image\":\"wp-content\\\/uploads\\\/lavabottiglie-03.jpg\",\"text_color\":\"light\",\"content\":\"\"}},{\"name\":\"\",\"type\":\"slideshow_item\",\"props\":{\"image\":\"wp-content\\\/uploads\\\/lavabottiglie-04.jpg\",\"text_color\":\"light\",\"content\":\"\"}},{\"name\":\"\",\"type\":\"slideshow_item\",\"props\":{\"image\":\"wp-content\\\/uploads\\\/lavabottiglie-05.jpg\",\"text_color\":\"light\",\"content\":\"\"}},{\"name\":\"\",\"type\":\"slideshow_item\",\"props\":{\"image\":\"wp-content\\\/uploads\\\/lavabottiglie-06.jpg\",\"text_color\":\"light\",\"content\":\"\"}}]}]},{\"name\":\"\",\"type\":\"column\",\"props\":{\"widths\":[\"\"],\"image_position\":\"center-center\"},\"children\":[{\"name\":\"Download-cat-deu\",\"type\":\"button\",\"props\":{\"gutter\":\"small\",\"margin\":\"default\",\"maxwidth\":\"xxlarge\",\"button_size\":\"large\",\"fullwidth\":true,\"text_align\":\"center\",\"maxwidth_align\":\"center\",\"class\":\"bottone-scarica\",\"text_align_breakpoint\":\"\",\"text_align_fallback\":\"\",\"maxwidth_breakpoint\":\"\",\"animation\":\"\",\"visibility\":\"\"},\"children\":[{\"name\":\"\",\"type\":\"button_item\",\"props\":{\"button_style\":\"primary\",\"icon_align\":\"left\",\"icon\":\"download\",\"link_title\":\"\",\"content\":\"Download Katalog\",\"link_target\":\"blank\",\"link\":\"wp-content\\\/uploads\\\/ZMC-Cat-Deutsch.pdf\"}}]},{\"name\":\"\",\"type\":\"button\",\"props\":{\"gutter\":\"small\",\"margin\":\"default\",\"maxwidth\":\"xxlarge\",\"button_size\":\"large\",\"fullwidth\":true,\"text_align\":\"\",\"text_align_breakpoint\":\"\",\"text_align_fallback\":\"\",\"maxwidth_align\":\"\",\"maxwidth_breakpoint\":\"\",\"animation\":\"\",\"visibility\":\"\"},\"children\":[{\"name\":\"\",\"type\":\"button_item\",\"props\":{\"button_style\":\"primary\",\"icon_align\":\"left\",\"icon\":\"download\",\"link_title\":\"\",\"content\":\"Download der Brosch\\u00fcre f\\u00fcr die Getr\\u00e4nkeindustrie \\u2013 Flaschenreinigungsmaschinen\",\"link\":\"wp-content\\\/uploads\\\/ZMC-Getr\\u00e4nkeindustrie-Flaschenreinigungsmaschinen.pdf\",\"link_target\":\"blank\"}}]}]}]},{\"name\":\"\",\"type\":\"row\",\"props\":{\"fixed_width\":\"large\",\"breakpoint\":\"m\",\"layout\":\"1-1\"},\"children\":[{\"name\":\"\",\"type\":\"column\",\"props\":{\"widths\":[\"1-1\"],\"image_position\":\"center-center\"},\"children\":[{\"name\":\"\",\"type\":\"text\",\"props\":{\"margin\":\"default\",\"column_breakpoint\":\"m\",\"content\":\"\n\n<p>Im Bereich der Abf\\u00fcllung von Bier und anderen Getr\\u00e4nken ist ZMC vor allem auf die Produktion von Ketten f\\u00fcr Flaschenreinigungsmaschinen spezialisiert. Zu diesem Zweck werden Ketten mit geschwei\\u00dften oder gebogenen Befestigungswinkeln verwendet, an die die Flaschentr\\u00e4ger, mit denen die Flaschen transportiert werden, befestigt werden.<\\\/p>\\n\n\n<p>Diese Ketten erfordern eine hohe Dauerfestigkeit und eine lange Lebensdauer ohne im Einsatz geschmiert zu werden. Im Einsatz durchl\\u00e4uft die Kette verschiedene Reinigungsb\\u00e4der und kommt h\\u00e4ufig mit abrasiven Elementen (Staub, Sand, Papierreste usw.) aus den Glasflaschen in Kontakt. Um die erwarteten Ergebnisse sowie eine korrekte Dimensionierung der Komponenten zu erzielen, werden Hochleistungswerkstoffe, einschlie\\u00dflich Edelst\\u00e4hle, verwendet. L\\u00f6sungen mit selbstschmierenden Elementen k\\u00f6nnen auf Anfrage untersucht werden.<\\\/p>\",\"text_style\":\"\",\"text_color\":\"\",\"text_size\":\"\",\"column\":\"\",\"text_align\":\"\",\"text_align_breakpoint\":\"\",\"text_align_fallback\":\"\",\"maxwidth\":\"\",\"maxwidth_align\":\"\",\"maxwidth_breakpoint\":\"\",\"animation\":\"\",\"visibility\":\"\"}}]}]}]}]} --><\/p>\n","protected":false},"excerpt":{"rendered":"<p>Getr\u00e4nkeindustrie \/ Flaschenreinigungsmaschinen Download Katalog Download der Brosch\u00fcre f\u00fcr die Getr\u00e4nkeindustrie \u2013 Flaschenreinigungsmaschinen Im Bereich der Abf\u00fcllung von Bier und anderen Getr\u00e4nken ist ZMC vor allem auf die Produktion von Ketten f\u00fcr Flaschenreinigungsmaschinen spezialisiert. Zu diesem Zweck werden Ketten mit geschwei\u00dften oder gebogenen Befestigungswinkeln verwendet, an die die Flaschentr\u00e4ger, mit denen die Flaschen transportiert werden, [&hellip;]<\/p>\n","protected":false},"author":1,"featured_media":0,"parent":3053,"menu_order":0,"comment_status":"closed","ping_status":"closed","template":"","meta":{"footnotes":""},"class_list":["post-3226","page","type-page","status-publish","hentry"],"yoast_head":"<!-- This site is optimized with the Yoast SEO plugin v27.5 - https:\/\/yoast.com\/product\/yoast-seo-wordpress\/ -->\n<title>Getr\u00e4nkeindustrie - Flaschenreinigungsmaschinen - ZMC Italia<\/title>\n<meta name=\"robots\" content=\"index, follow, max-snippet:-1, max-image-preview:large, max-video-preview:-1\" \/>\n<link rel=\"canonical\" href=\"https:\/\/www.zmc.it\/de\/spezialketten\/getraenkeindustrie-flaschenreinigungsmaschinen\/\" \/>\n<meta property=\"og:locale\" content=\"de_DE\" \/>\n<meta property=\"og:type\" content=\"article\" \/>\n<meta property=\"og:title\" content=\"Getr\u00e4nkeindustrie - Flaschenreinigungsmaschinen - ZMC Italia\" \/>\n<meta property=\"og:description\" content=\"Getr\u00e4nkeindustrie \/ Flaschenreinigungsmaschinen Download Katalog Download der Brosch\u00fcre f\u00fcr die Getr\u00e4nkeindustrie \u2013 Flaschenreinigungsmaschinen Im Bereich der Abf\u00fcllung von Bier und anderen Getr\u00e4nken ist ZMC vor allem auf die Produktion von Ketten f\u00fcr Flaschenreinigungsmaschinen spezialisiert. Zu diesem Zweck werden Ketten mit geschwei\u00dften oder gebogenen Befestigungswinkeln verwendet, an die die Flaschentr\u00e4ger, mit denen die Flaschen transportiert werden, [&hellip;]\" \/>\n<meta property=\"og:url\" content=\"https:\/\/www.zmc.it\/de\/spezialketten\/getraenkeindustrie-flaschenreinigungsmaschinen\/\" \/>\n<meta property=\"og:site_name\" content=\"ZMC Italia\" \/>\n<meta property=\"article:modified_time\" content=\"2018-11-12T13:53:02+00:00\" \/>\n<meta property=\"og:image\" content=\"https:\/\/www.zmc.it\/wp-content\/uploads\/FOTO-SLIDER-2.jpg\" \/>\n\t<meta property=\"og:image:width\" content=\"1600\" \/>\n\t<meta property=\"og:image:height\" content=\"500\" \/>\n\t<meta property=\"og:image:type\" content=\"image\/jpeg\" \/>\n<meta name=\"twitter:card\" content=\"summary_large_image\" \/>\n<meta name=\"twitter:label1\" content=\"Gesch\u00e4tzte Lesezeit\" \/>\n\t<meta name=\"twitter:data1\" content=\"1\u00a0Minute\" \/>\n<script type=\"application\/ld+json\" class=\"yoast-schema-graph\">{\"@context\":\"https:\\\/\\\/schema.org\",\"@graph\":[{\"@type\":\"WebPage\",\"@id\":\"https:\\\/\\\/www.zmc.it\\\/de\\\/spezialketten\\\/getraenkeindustrie-flaschenreinigungsmaschinen\\\/\",\"url\":\"https:\\\/\\\/www.zmc.it\\\/de\\\/spezialketten\\\/getraenkeindustrie-flaschenreinigungsmaschinen\\\/\",\"name\":\"Getr\u00e4nkeindustrie - Flaschenreinigungsmaschinen - ZMC Italia\",\"isPartOf\":{\"@id\":\"https:\\\/\\\/www.zmc.it\\\/#website\"},\"datePublished\":\"2018-09-20T12:16:39+00:00\",\"dateModified\":\"2018-11-12T13:53:02+00:00\",\"breadcrumb\":{\"@id\":\"https:\\\/\\\/www.zmc.it\\\/de\\\/spezialketten\\\/getraenkeindustrie-flaschenreinigungsmaschinen\\\/#breadcrumb\"},\"inLanguage\":\"de\",\"potentialAction\":[{\"@type\":\"ReadAction\",\"target\":[\"https:\\\/\\\/www.zmc.it\\\/de\\\/spezialketten\\\/getraenkeindustrie-flaschenreinigungsmaschinen\\\/\"]}]},{\"@type\":\"BreadcrumbList\",\"@id\":\"https:\\\/\\\/www.zmc.it\\\/de\\\/spezialketten\\\/getraenkeindustrie-flaschenreinigungsmaschinen\\\/#breadcrumb\",\"itemListElement\":[{\"@type\":\"ListItem\",\"position\":1,\"name\":\"Home\",\"item\":\"https:\\\/\\\/www.zmc.it\\\/de\\\/\"},{\"@type\":\"ListItem\",\"position\":2,\"name\":\"Spezialketten\",\"item\":\"https:\\\/\\\/www.zmc.it\\\/de\\\/spezialketten\\\/\"},{\"@type\":\"ListItem\",\"position\":3,\"name\":\"Getr\u00e4nkeindustrie &#8211; Flaschenreinigungsmaschinen\"}]},{\"@type\":\"WebSite\",\"@id\":\"https:\\\/\\\/www.zmc.it\\\/#website\",\"url\":\"https:\\\/\\\/www.zmc.it\\\/\",\"name\":\"ZMC Italia\",\"description\":\"\",\"publisher\":{\"@id\":\"https:\\\/\\\/www.zmc.it\\\/#organization\"},\"potentialAction\":[{\"@type\":\"SearchAction\",\"target\":{\"@type\":\"EntryPoint\",\"urlTemplate\":\"https:\\\/\\\/www.zmc.it\\\/?s={search_term_string}\"},\"query-input\":{\"@type\":\"PropertyValueSpecification\",\"valueRequired\":true,\"valueName\":\"search_term_string\"}}],\"inLanguage\":\"de\"},{\"@type\":\"Organization\",\"@id\":\"https:\\\/\\\/www.zmc.it\\\/#organization\",\"name\":\"ZMC Italy\",\"url\":\"https:\\\/\\\/www.zmc.it\\\/\",\"logo\":{\"@type\":\"ImageObject\",\"inLanguage\":\"de\",\"@id\":\"https:\\\/\\\/www.zmc.it\\\/#\\\/schema\\\/logo\\\/image\\\/\",\"url\":\"https:\\\/\\\/www.zmc.it\\\/wp-content\\\/uploads\\\/zmc-logo.png\",\"contentUrl\":\"https:\\\/\\\/www.zmc.it\\\/wp-content\\\/uploads\\\/zmc-logo.png\",\"width\":150,\"height\":75,\"caption\":\"ZMC Italy\"},\"image\":{\"@id\":\"https:\\\/\\\/www.zmc.it\\\/#\\\/schema\\\/logo\\\/image\\\/\"},\"sameAs\":[\"https:\\\/\\\/www.linkedin.com\\\/company\\\/z.m.c.-italia-s.r.l.\\\/about\\\/\"]}]}<\/script>\n<!-- \/ Yoast SEO plugin. -->","yoast_head_json":{"title":"Getr\u00e4nkeindustrie - Flaschenreinigungsmaschinen - ZMC Italia","robots":{"index":"index","follow":"follow","max-snippet":"max-snippet:-1","max-image-preview":"max-image-preview:large","max-video-preview":"max-video-preview:-1"},"canonical":"https:\/\/www.zmc.it\/de\/spezialketten\/getraenkeindustrie-flaschenreinigungsmaschinen\/","og_locale":"de_DE","og_type":"article","og_title":"Getr\u00e4nkeindustrie - Flaschenreinigungsmaschinen - ZMC Italia","og_description":"Getr\u00e4nkeindustrie \/ Flaschenreinigungsmaschinen Download Katalog Download der Brosch\u00fcre f\u00fcr die Getr\u00e4nkeindustrie \u2013 Flaschenreinigungsmaschinen Im Bereich der Abf\u00fcllung von Bier und anderen Getr\u00e4nken ist ZMC vor allem auf die Produktion von Ketten f\u00fcr Flaschenreinigungsmaschinen spezialisiert. Zu diesem Zweck werden Ketten mit geschwei\u00dften oder gebogenen Befestigungswinkeln verwendet, an die die Flaschentr\u00e4ger, mit denen die Flaschen transportiert werden, [&hellip;]","og_url":"https:\/\/www.zmc.it\/de\/spezialketten\/getraenkeindustrie-flaschenreinigungsmaschinen\/","og_site_name":"ZMC Italia","article_modified_time":"2018-11-12T13:53:02+00:00","og_image":[{"width":1600,"height":500,"url":"https:\/\/www.zmc.it\/wp-content\/uploads\/FOTO-SLIDER-2.jpg","type":"image\/jpeg"}],"twitter_card":"summary_large_image","twitter_misc":{"Gesch\u00e4tzte Lesezeit":"1\u00a0Minute"},"schema":{"@context":"https:\/\/schema.org","@graph":[{"@type":"WebPage","@id":"https:\/\/www.zmc.it\/de\/spezialketten\/getraenkeindustrie-flaschenreinigungsmaschinen\/","url":"https:\/\/www.zmc.it\/de\/spezialketten\/getraenkeindustrie-flaschenreinigungsmaschinen\/","name":"Getr\u00e4nkeindustrie - Flaschenreinigungsmaschinen - ZMC Italia","isPartOf":{"@id":"https:\/\/www.zmc.it\/#website"},"datePublished":"2018-09-20T12:16:39+00:00","dateModified":"2018-11-12T13:53:02+00:00","breadcrumb":{"@id":"https:\/\/www.zmc.it\/de\/spezialketten\/getraenkeindustrie-flaschenreinigungsmaschinen\/#breadcrumb"},"inLanguage":"de","potentialAction":[{"@type":"ReadAction","target":["https:\/\/www.zmc.it\/de\/spezialketten\/getraenkeindustrie-flaschenreinigungsmaschinen\/"]}]},{"@type":"BreadcrumbList","@id":"https:\/\/www.zmc.it\/de\/spezialketten\/getraenkeindustrie-flaschenreinigungsmaschinen\/#breadcrumb","itemListElement":[{"@type":"ListItem","position":1,"name":"Home","item":"https:\/\/www.zmc.it\/de\/"},{"@type":"ListItem","position":2,"name":"Spezialketten","item":"https:\/\/www.zmc.it\/de\/spezialketten\/"},{"@type":"ListItem","position":3,"name":"Getr\u00e4nkeindustrie &#8211; Flaschenreinigungsmaschinen"}]},{"@type":"WebSite","@id":"https:\/\/www.zmc.it\/#website","url":"https:\/\/www.zmc.it\/","name":"ZMC Italia","description":"","publisher":{"@id":"https:\/\/www.zmc.it\/#organization"},"potentialAction":[{"@type":"SearchAction","target":{"@type":"EntryPoint","urlTemplate":"https:\/\/www.zmc.it\/?s={search_term_string}"},"query-input":{"@type":"PropertyValueSpecification","valueRequired":true,"valueName":"search_term_string"}}],"inLanguage":"de"},{"@type":"Organization","@id":"https:\/\/www.zmc.it\/#organization","name":"ZMC Italy","url":"https:\/\/www.zmc.it\/","logo":{"@type":"ImageObject","inLanguage":"de","@id":"https:\/\/www.zmc.it\/#\/schema\/logo\/image\/","url":"https:\/\/www.zmc.it\/wp-content\/uploads\/zmc-logo.png","contentUrl":"https:\/\/www.zmc.it\/wp-content\/uploads\/zmc-logo.png","width":150,"height":75,"caption":"ZMC Italy"},"image":{"@id":"https:\/\/www.zmc.it\/#\/schema\/logo\/image\/"},"sameAs":["https:\/\/www.linkedin.com\/company\/z.m.c.-italia-s.r.l.\/about\/"]}]}},"_links":{"self":[{"href":"https:\/\/www.zmc.it\/de\/wp-json\/wp\/v2\/pages\/3226","targetHints":{"allow":["GET"]}}],"collection":[{"href":"https:\/\/www.zmc.it\/de\/wp-json\/wp\/v2\/pages"}],"about":[{"href":"https:\/\/www.zmc.it\/de\/wp-json\/wp\/v2\/types\/page"}],"author":[{"embeddable":true,"href":"https:\/\/www.zmc.it\/de\/wp-json\/wp\/v2\/users\/1"}],"replies":[{"embeddable":true,"href":"https:\/\/www.zmc.it\/de\/wp-json\/wp\/v2\/comments?post=3226"}],"version-history":[{"count":0,"href":"https:\/\/www.zmc.it\/de\/wp-json\/wp\/v2\/pages\/3226\/revisions"}],"up":[{"embeddable":true,"href":"https:\/\/www.zmc.it\/de\/wp-json\/wp\/v2\/pages\/3053"}],"wp:attachment":[{"href":"https:\/\/www.zmc.it\/de\/wp-json\/wp\/v2\/media?parent=3226"}],"curies":[{"name":"wp","href":"https:\/\/api.w.org\/{rel}","templated":true}]}}