{"id":3198,"date":"2018-03-16T09:53:57","date_gmt":"2018-03-16T09:53:57","guid":{"rendered":"http:\/\/test.zmcitaly.it\/spezialketten\/industria-automobilistica\/"},"modified":"2018-11-12T13:24:57","modified_gmt":"2018-11-12T13:24:57","slug":"automobilindustrie","status":"publish","type":"page","link":"https:\/\/www.zmc.it\/de\/spezialketten\/automobilindustrie\/","title":{"rendered":"Automobilindustrie"},"content":{"rendered":"<p>Automobilindustrie<\/p>\n<p>Verniciatura<\/p>\n<p>Forno essicazione<\/p>\n<p>Prova idrica<\/p>\n<p>Trasporto Skid+Scocca<\/p>\n<p>Bitapparella<\/p>\n<p>Download Katalog<\/p>\n<p>Download der Brosch\u00fcre f\u00fcr die Automobilindustrie<\/p>\n<p>ZMC-F\u00f6rderketten sind in den Produktionsst\u00e4tten aller namhaften Automobilhersteller weltweit vertreten.<br \/>\nKetten werden in allen Hauptstufen der Produktion f\u00fcr den Herstellungsprozess von PKWs, Transportern, LKWs, Traktoren und Bussen oder deren Komponenten eingesetzt.<br \/>\nDie technischen L\u00f6sungen f\u00fcr diesen Bereich, die von ZMC nach Kundenspezifikationen oder in Zusammenarbeit mit diesen entwickelt wurden, sind nahezu unbegrenzt. Die Innovation unserer Produkte wird mit dem Ziel der Verbesserung fortgesetzt: Leistung, Zuverl\u00e4ssigkeit und Langlebigkeit. Die Ketten f\u00fcr den Automobilsektor sind gefordert, den sich wandelnden Anforderungen sowohl aus technischer Sicht als auch in anderen Aspekten gerecht zu werden, die von den F\u00f6rdertechnikherstellern und Endverbrauchern immer st\u00e4rker ber\u00fccksichtigt werden, wie z.B.: die Senkung der Wartungskosten, die Energieeinsparung und der Umweltschutz.<br \/>\nF\u00fcr verschiedene Anwendungen stehen Ketten in selbstschmierender oder wartungsarmer Ausf\u00fchrung zur Verf\u00fcgung.<br \/>\nZu den typischen und erfolgreichsten Anwendungen von ZMC-Ketten im Automobilsektor geh\u00f6ren:<\/p>\n<p>Skidtransport \/ Flurf\u00f6rderer zur Handhabung von Karosserien oder kompletten Fahrzeugen, die von einem Kufenrahmen getragen werden, in verschiedenen Phasen des Produktionsprozesses (Schwei\u00dfen, Karosseriebau, Lackierung, Montage, Endkontrolle).<br \/>\nDeckenf\u00f6rderer mit Kreuzgelenkketten zum Transport von Komponenten (z.B. T\u00fcren)<br \/>\nDeckenf\u00f6rderer, Zwischenantriebe, Heber und Bremsketten (Ketten mit gelenkigen Kupplungsmechanismen) f\u00fcr Brems- und Steigf\u00f6rderer<br \/>\nPufferstrecken \/ Stauf\u00f6rderer (Ketten mit Laufrollen als Staurolle) f\u00fcr Lagersysteme von Karosserien oder Komponenten<br \/>\nPendelketten im Bereich Lackierung: VBH (Vorbehandlung) und KTL (kathodische Tauchlackierung)<br \/>\nCaterpillar-Ketten (Ketten mit Verzahnungen)<br \/>\nSpritzkabinenketten f\u00fcr Lackieranlagen<br \/>\nTrocknerketten (exklusive selbstschmierende Version von ZMC mit maximaler Betriebstemperatur von bis zu 250 \u00b0 C)<br \/>\nEinzel- oder Doppelstrangplattenb\u00e4nder f\u00fcr die Endmontage und Inspektionslinien (auf Wunsch k\u00f6nnen 400 bis 4.000 mm breite Tragplatten mitgeliefert werden)<br \/>\nKetten f\u00fcr die Wasserpr\u00fcfung \/ Wassertest von Autos\n<\/p>\n<p><!-- {\"name\":\"\",\"type\":\"layout\",\"children\":[{\"name\":\"BREAD\",\"type\":\"section\",\"props\":{\"style\":\"default\",\"width\":\"default\",\"vertical_align\":\"middle\",\"title_position\":\"top-left\",\"title_rotation\":\"left\",\"title_breakpoint\":\"xl\",\"image_position\":\"center-center\",\"padding\":\"xsmall\",\"padding_remove_bottom\":true},\"children\":[{\"name\":\"\",\"type\":\"row\",\"props\":{\"fixed_width\":\"large\",\"breakpoint\":\"m\",\"layout\":\"1-1\"},\"children\":[{\"name\":\"\",\"type\":\"column\",\"props\":{\"widths\":[\"1-1\"],\"image_position\":\"center-center\"},\"children\":[{\"name\":\"\",\"type\":\"headline\",\"props\":{\"title_element\":\"h1\",\"content\":\"Automobilindustrie\",\"title_style\":\"\",\"title_decoration\":\"\",\"title_color\":\"\",\"text_align\":\"\",\"text_align_breakpoint\":\"\",\"text_align_fallback\":\"\",\"maxwidth\":\"\",\"maxwidth_align\":\"\",\"maxwidth_breakpoint\":\"\",\"margin\":\"\",\"animation\":\"\",\"visibility\":\"\"}}]}]}]},{\"name\":\"contenuto speciali\",\"type\":\"section\",\"props\":{\"style\":\"default\",\"width\":\"default\",\"vertical_align\":\"middle\",\"title_position\":\"top-left\",\"title_rotation\":\"left\",\"title_breakpoint\":\"xl\",\"image_position\":\"center-center\",\"padding_remove_top\":false,\"padding\":\"xsmall\",\"padding_remove_bottom\":true},\"children\":[{\"name\":\"\",\"type\":\"row\",\"props\":{\"fixed_width\":\"large\",\"breakpoint\":\"m\",\"layout\":\"2-3,\"},\"children\":[{\"name\":\"\",\"type\":\"column\",\"props\":{\"widths\":[\"2-3\"],\"image_position\":\"center-center\"},\"children\":[{\"name\":\"slideshow catene speciali\",\"type\":\"slideshow\",\"props\":{\"show_title\":false,\"show_meta\":false,\"show_content\":true,\"show_link\":false,\"show_thumbnail\":false,\"slideshow_min_height\":300,\"slideshow_autoplay_pause\":true,\"nav\":\"dotnav\",\"nav_position\":\"bottom-center\",\"nav_position_margin\":\"medium\",\"nav_align\":\"center\",\"nav_breakpoint\":\"s\",\"thumbnav_width\":\"100\",\"thumbnav_height\":\"75\",\"slidenav\":\"default\",\"slidenav_margin\":\"\",\"slidenav_breakpoint\":\"s\",\"slidenav_outside_breakpoint\":\"xl\",\"overlay_position\":\"bottom\",\"overlay_animation\":\"parallax\",\"title_element\":\"h3\",\"meta_style\":\"meta\",\"meta_align\":\"bottom\",\"link_text\":\"Read more\",\"link_style\":\"default\",\"margin\":\"remove-vertical\",\"slideshow_autoplay\":true,\"overlay_container\":\"default\",\"overlay_container_padding\":\"small\",\"overlay_style\":\"overlay-default\",\"overlay_width\":\"xlarge\",\"text_align\":\"center\",\"maxwidth\":\"xxlarge\",\"class\":\"testo-slide\",\"overlay_padding\":\"small\",\"nav_below\":true,\"nav_margin\":\"small\",\"slidenav_hover\":true,\"content_style\":\"\"},\"children\":[{\"name\":\"\",\"type\":\"slideshow_item\",\"props\":{\"image\":\"wp-content\\\/uploads\\\/automobilistica-02.jpg\"}},{\"name\":\"\",\"type\":\"slideshow_item\",\"props\":{\"image\":\"wp-content\\\/uploads\\\/automobilistica01-1.jpg\",\"text_color\":\"light\",\"content\":\"<strong>Verniciatura<\\\/strong>\"}},{\"name\":\"\",\"type\":\"slideshow_item\",\"props\":{\"image\":\"wp-content\\\/uploads\\\/automobilistica-03.jpg\",\"text_color\":\"light\",\"content\":\"<strong>Forno essicazione<\\\/strong>\"}},{\"name\":\"\",\"type\":\"slideshow_item\",\"props\":{\"image\":\"wp-content\\\/uploads\\\/automobilistica-04.jpg\",\"text_color\":\"light\",\"content\":\"<strong>Prova idrica<\\\/strong>\"}},{\"name\":\"\",\"type\":\"slideshow_item\",\"props\":{\"image\":\"wp-content\\\/uploads\\\/automobilistica-05.jpg\",\"text_color\":\"light\",\"content\":\"<strong>Trasporto Skid+Scocca<\\\/strong>\"}},{\"name\":\"\",\"type\":\"slideshow_item\",\"props\":{\"image\":\"wp-content\\\/uploads\\\/automobilistica-06.jpg\",\"text_color\":\"light\",\"content\":\"<strong>Bitapparella<\\\/strong>\"}},{\"name\":\"\",\"type\":\"slideshow_item\",\"props\":{\"image\":\"wp-content\\\/uploads\\\/automobilistica-07.jpg\"}},{\"name\":\"\",\"type\":\"slideshow_item\",\"props\":{\"image\":\"wp-content\\\/uploads\\\/automobilistica-08.jpg\"}},{\"name\":\"\",\"type\":\"slideshow_item\",\"props\":{\"image\":\"wp-content\\\/uploads\\\/automobilistica-09.jpg\"}},{\"name\":\"\",\"type\":\"slideshow_item\",\"props\":{\"image\":\"wp-content\\\/uploads\\\/automobilistica-10.jpg\"}},{\"name\":\"\",\"type\":\"slideshow_item\",\"props\":{\"image\":\"wp-content\\\/uploads\\\/automobilistica-11.jpg\"}},{\"name\":\"\",\"type\":\"slideshow_item\",\"props\":{\"image\":\"wp-content\\\/uploads\\\/automobilistica-12.jpg\"}},{\"name\":\"\",\"type\":\"slideshow_item\",\"props\":{\"image\":\"wp-content\\\/uploads\\\/automobilistica-13.jpg\"}},{\"name\":\"\",\"type\":\"slideshow_item\",\"props\":{\"image\":\"wp-content\\\/uploads\\\/automobilistica-14.jpg\"}},{\"name\":\"\",\"type\":\"slideshow_item\",\"props\":{\"image\":\"wp-content\\\/uploads\\\/automobilistica-15.jpg\"}},{\"name\":\"\",\"type\":\"slideshow_item\",\"props\":{\"image\":\"wp-content\\\/uploads\\\/automobilistica-16.jpg\"}}]}]},{\"name\":\"\",\"type\":\"column\",\"props\":{\"widths\":[\"\"],\"image_position\":\"center-center\"},\"children\":[{\"name\":\"Download-cat-deu\",\"type\":\"button\",\"props\":{\"gutter\":\"small\",\"margin\":\"default\",\"maxwidth\":\"xxlarge\",\"button_size\":\"large\",\"fullwidth\":true,\"text_align\":\"center\",\"maxwidth_align\":\"center\",\"class\":\"bottone-scarica\",\"text_align_breakpoint\":\"\",\"text_align_fallback\":\"\",\"maxwidth_breakpoint\":\"\",\"animation\":\"\",\"visibility\":\"\"},\"children\":[{\"name\":\"\",\"type\":\"button_item\",\"props\":{\"button_style\":\"primary\",\"icon_align\":\"left\",\"icon\":\"download\",\"link_title\":\"\",\"content\":\"Download Katalog\",\"link_target\":\"blank\",\"link\":\"wp-content\\\/uploads\\\/ZMC-Cat-Deutsch.pdf\"}}]},{\"name\":\"\",\"type\":\"button\",\"props\":{\"gutter\":\"small\",\"margin\":\"default\",\"maxwidth\":\"xxlarge\",\"button_size\":\"large\",\"fullwidth\":true,\"text_align\":\"\",\"text_align_breakpoint\":\"\",\"text_align_fallback\":\"\",\"maxwidth_align\":\"\",\"maxwidth_breakpoint\":\"\",\"animation\":\"\",\"visibility\":\"\"},\"children\":[{\"name\":\"\",\"type\":\"button_item\",\"props\":{\"button_style\":\"primary\",\"icon_align\":\"left\",\"icon\":\"download\",\"link_title\":\"\",\"content\":\"Download der Brosch\\u00fcre f\\u00fcr die Automobilindustrie\",\"link\":\"wp-content\\\/uploads\\\/ZMC-Automobilindustrie.pdf\",\"link_target\":\"blank\"}}]}]}]},{\"name\":\"\",\"type\":\"row\",\"props\":{\"fixed_width\":\"large\",\"breakpoint\":\"m\",\"layout\":\"1-1\"},\"children\":[{\"name\":\"\",\"type\":\"column\",\"props\":{\"widths\":[\"1-1\"],\"image_position\":\"center-center\"},\"children\":[{\"name\":\"\",\"type\":\"text\",\"props\":{\"margin\":\"default\",\"column_breakpoint\":\"m\",\"content\":\"\n\n<p>ZMC-F\\u00f6rderketten sind in den Produktionsst\\u00e4tten aller namhaften Automobilhersteller weltweit vertreten.<\\\/p>\\n\n\n<p>Ketten werden in allen Hauptstufen der Produktion f\\u00fcr den Herstellungsprozess von PKWs, Transportern, LKWs, Traktoren und Bussen oder deren Komponenten eingesetzt.<\\\/p>\\n\n\n<p>Die technischen L\\u00f6sungen f\\u00fcr diesen Bereich, die von ZMC nach Kundenspezifikationen oder in Zusammenarbeit mit diesen entwickelt wurden, sind nahezu unbegrenzt. Die Innovation unserer Produkte wird mit dem Ziel der Verbesserung fortgesetzt: Leistung, Zuverl\\u00e4ssigkeit und Langlebigkeit. Die Ketten f\\u00fcr den Automobilsektor sind gefordert, den sich wandelnden Anforderungen sowohl aus technischer Sicht als auch in anderen Aspekten gerecht zu werden, die von den F\\u00f6rdertechnikherstellern und Endverbrauchern immer st\\u00e4rker ber\\u00fccksichtigt werden, wie z.B.: die Senkung der Wartungskosten, die Energieeinsparung und der Umweltschutz.<\\\/p>\\n\n\n<p>F\\u00fcr verschiedene Anwendungen stehen Ketten in selbstschmierender oder wartungsarmer Ausf\\u00fchrung zur Verf\\u00fcgung.<\\\/p>\\n\n\n<p>Zu den typischen und erfolgreichsten Anwendungen von ZMC-Ketten im Automobilsektor geh\\u00f6ren:<\\\/p>\\n\n\n<ul>\\n\n\n<li>Skidtransport \\\/ Flurf\\u00f6rderer zur Handhabung von Karosserien oder kompletten Fahrzeugen, die von einem Kufenrahmen getragen werden, in verschiedenen Phasen des Produktionsprozesses (Schwei\\u00dfen, Karosseriebau, Lackierung, Montage, Endkontrolle).<\\\/li>\\n\n\n<li>Deckenf\\u00f6rderer mit Kreuzgelenkketten zum Transport von Komponenten (z.B. T\\u00fcren)<\\\/li>\\n\n\n<li>Deckenf\\u00f6rderer, Zwischenantriebe, Heber und Bremsketten (Ketten mit gelenkigen Kupplungsmechanismen) f\\u00fcr Brems- und Steigf\\u00f6rderer<\\\/li>\\n\n\n<li>Pufferstrecken \\\/ Stauf\\u00f6rderer (Ketten mit Laufrollen als Staurolle) f\\u00fcr Lagersysteme von Karosserien oder Komponenten<\\\/li>\\n\n\n<li>Pendelketten im Bereich Lackierung: VBH (Vorbehandlung) und KTL (kathodische Tauchlackierung)<\\\/li>\\n\n\n<li>Caterpillar-Ketten (Ketten mit Verzahnungen)<\\\/li>\\n\n\n<li>Spritzkabinenketten f\\u00fcr Lackieranlagen<\\\/li>\\n\n\n<li>Trocknerketten (exklusive selbstschmierende Version von ZMC mit maximaler Betriebstemperatur von bis zu 250 \\u00b0 C)<\\\/li>\\n\n\n<li>Einzel- oder Doppelstrangplattenb\\u00e4nder f\\u00fcr die Endmontage und Inspektionslinien (auf Wunsch k\\u00f6nnen 400 bis 4.000 mm breite Tragplatten mitgeliefert werden)<\\\/li>\\n\n\n<li>Ketten f\\u00fcr die Wasserpr\\u00fcfung \\\/ Wassertest von Autos<\\\/li>\\n<\\\/ul>\",\"text_style\":\"\",\"text_color\":\"\",\"text_size\":\"\",\"column\":\"\",\"text_align\":\"\",\"text_align_breakpoint\":\"\",\"text_align_fallback\":\"\",\"maxwidth\":\"\",\"maxwidth_align\":\"\",\"maxwidth_breakpoint\":\"\",\"animation\":\"\",\"visibility\":\"\"}}]}]}]}]} --><\/p>\n","protected":false},"excerpt":{"rendered":"<p>Automobilindustrie Verniciatura Forno essicazione Prova idrica Trasporto Skid+Scocca Bitapparella Download Katalog Download der Brosch\u00fcre f\u00fcr die Automobilindustrie ZMC-F\u00f6rderketten sind in den Produktionsst\u00e4tten aller namhaften Automobilhersteller weltweit vertreten. Ketten werden in allen Hauptstufen der Produktion f\u00fcr den Herstellungsprozess von PKWs, Transportern, LKWs, Traktoren und Bussen oder deren Komponenten eingesetzt. Die technischen L\u00f6sungen f\u00fcr diesen Bereich, die [&hellip;]<\/p>\n","protected":false},"author":1,"featured_media":0,"parent":3053,"menu_order":0,"comment_status":"closed","ping_status":"closed","template":"","meta":{"footnotes":""},"class_list":["post-3198","page","type-page","status-publish","hentry"],"yoast_head":"<!-- This site is optimized with the Yoast SEO plugin v27.5 - https:\/\/yoast.com\/product\/yoast-seo-wordpress\/ -->\n<title>Automobilindustrie - ZMC Italia<\/title>\n<meta name=\"robots\" content=\"index, follow, max-snippet:-1, max-image-preview:large, max-video-preview:-1\" \/>\n<link rel=\"canonical\" href=\"https:\/\/www.zmc.it\/de\/spezialketten\/automobilindustrie\/\" \/>\n<meta property=\"og:locale\" content=\"de_DE\" \/>\n<meta property=\"og:type\" content=\"article\" \/>\n<meta property=\"og:title\" content=\"Automobilindustrie - ZMC Italia\" \/>\n<meta property=\"og:description\" content=\"Automobilindustrie Verniciatura Forno essicazione Prova idrica Trasporto Skid+Scocca Bitapparella Download Katalog Download der Brosch\u00fcre f\u00fcr die Automobilindustrie ZMC-F\u00f6rderketten sind in den Produktionsst\u00e4tten aller namhaften Automobilhersteller weltweit vertreten. Ketten werden in allen Hauptstufen der Produktion f\u00fcr den Herstellungsprozess von PKWs, Transportern, LKWs, Traktoren und Bussen oder deren Komponenten eingesetzt. Die technischen L\u00f6sungen f\u00fcr diesen Bereich, die [&hellip;]\" \/>\n<meta property=\"og:url\" content=\"https:\/\/www.zmc.it\/de\/spezialketten\/automobilindustrie\/\" \/>\n<meta property=\"og:site_name\" content=\"ZMC Italia\" \/>\n<meta property=\"article:modified_time\" content=\"2018-11-12T13:24:57+00:00\" \/>\n<meta property=\"og:image\" content=\"https:\/\/www.zmc.it\/wp-content\/uploads\/FOTO-SLIDER-2.jpg\" \/>\n\t<meta property=\"og:image:width\" content=\"1600\" \/>\n\t<meta property=\"og:image:height\" content=\"500\" \/>\n\t<meta property=\"og:image:type\" content=\"image\/jpeg\" \/>\n<meta name=\"twitter:card\" content=\"summary_large_image\" \/>\n<meta name=\"twitter:label1\" content=\"Gesch\u00e4tzte Lesezeit\" \/>\n\t<meta name=\"twitter:data1\" content=\"1\u00a0Minute\" \/>\n<script type=\"application\/ld+json\" class=\"yoast-schema-graph\">{\"@context\":\"https:\\\/\\\/schema.org\",\"@graph\":[{\"@type\":\"WebPage\",\"@id\":\"https:\\\/\\\/www.zmc.it\\\/de\\\/spezialketten\\\/automobilindustrie\\\/\",\"url\":\"https:\\\/\\\/www.zmc.it\\\/de\\\/spezialketten\\\/automobilindustrie\\\/\",\"name\":\"Automobilindustrie - ZMC Italia\",\"isPartOf\":{\"@id\":\"https:\\\/\\\/www.zmc.it\\\/#website\"},\"datePublished\":\"2018-03-16T09:53:57+00:00\",\"dateModified\":\"2018-11-12T13:24:57+00:00\",\"breadcrumb\":{\"@id\":\"https:\\\/\\\/www.zmc.it\\\/de\\\/spezialketten\\\/automobilindustrie\\\/#breadcrumb\"},\"inLanguage\":\"de\",\"potentialAction\":[{\"@type\":\"ReadAction\",\"target\":[\"https:\\\/\\\/www.zmc.it\\\/de\\\/spezialketten\\\/automobilindustrie\\\/\"]}]},{\"@type\":\"BreadcrumbList\",\"@id\":\"https:\\\/\\\/www.zmc.it\\\/de\\\/spezialketten\\\/automobilindustrie\\\/#breadcrumb\",\"itemListElement\":[{\"@type\":\"ListItem\",\"position\":1,\"name\":\"Home\",\"item\":\"https:\\\/\\\/www.zmc.it\\\/de\\\/\"},{\"@type\":\"ListItem\",\"position\":2,\"name\":\"Spezialketten\",\"item\":\"https:\\\/\\\/www.zmc.it\\\/de\\\/spezialketten\\\/\"},{\"@type\":\"ListItem\",\"position\":3,\"name\":\"Automobilindustrie\"}]},{\"@type\":\"WebSite\",\"@id\":\"https:\\\/\\\/www.zmc.it\\\/#website\",\"url\":\"https:\\\/\\\/www.zmc.it\\\/\",\"name\":\"ZMC Italia\",\"description\":\"\",\"publisher\":{\"@id\":\"https:\\\/\\\/www.zmc.it\\\/#organization\"},\"potentialAction\":[{\"@type\":\"SearchAction\",\"target\":{\"@type\":\"EntryPoint\",\"urlTemplate\":\"https:\\\/\\\/www.zmc.it\\\/?s={search_term_string}\"},\"query-input\":{\"@type\":\"PropertyValueSpecification\",\"valueRequired\":true,\"valueName\":\"search_term_string\"}}],\"inLanguage\":\"de\"},{\"@type\":\"Organization\",\"@id\":\"https:\\\/\\\/www.zmc.it\\\/#organization\",\"name\":\"ZMC Italy\",\"url\":\"https:\\\/\\\/www.zmc.it\\\/\",\"logo\":{\"@type\":\"ImageObject\",\"inLanguage\":\"de\",\"@id\":\"https:\\\/\\\/www.zmc.it\\\/#\\\/schema\\\/logo\\\/image\\\/\",\"url\":\"https:\\\/\\\/www.zmc.it\\\/wp-content\\\/uploads\\\/zmc-logo.png\",\"contentUrl\":\"https:\\\/\\\/www.zmc.it\\\/wp-content\\\/uploads\\\/zmc-logo.png\",\"width\":150,\"height\":75,\"caption\":\"ZMC Italy\"},\"image\":{\"@id\":\"https:\\\/\\\/www.zmc.it\\\/#\\\/schema\\\/logo\\\/image\\\/\"},\"sameAs\":[\"https:\\\/\\\/www.linkedin.com\\\/company\\\/z.m.c.-italia-s.r.l.\\\/about\\\/\"]}]}<\/script>\n<!-- \/ Yoast SEO plugin. -->","yoast_head_json":{"title":"Automobilindustrie - ZMC Italia","robots":{"index":"index","follow":"follow","max-snippet":"max-snippet:-1","max-image-preview":"max-image-preview:large","max-video-preview":"max-video-preview:-1"},"canonical":"https:\/\/www.zmc.it\/de\/spezialketten\/automobilindustrie\/","og_locale":"de_DE","og_type":"article","og_title":"Automobilindustrie - ZMC Italia","og_description":"Automobilindustrie Verniciatura Forno essicazione Prova idrica Trasporto Skid+Scocca Bitapparella Download Katalog Download der Brosch\u00fcre f\u00fcr die Automobilindustrie ZMC-F\u00f6rderketten sind in den Produktionsst\u00e4tten aller namhaften Automobilhersteller weltweit vertreten. Ketten werden in allen Hauptstufen der Produktion f\u00fcr den Herstellungsprozess von PKWs, Transportern, LKWs, Traktoren und Bussen oder deren Komponenten eingesetzt. Die technischen L\u00f6sungen f\u00fcr diesen Bereich, die [&hellip;]","og_url":"https:\/\/www.zmc.it\/de\/spezialketten\/automobilindustrie\/","og_site_name":"ZMC Italia","article_modified_time":"2018-11-12T13:24:57+00:00","og_image":[{"width":1600,"height":500,"url":"https:\/\/www.zmc.it\/wp-content\/uploads\/FOTO-SLIDER-2.jpg","type":"image\/jpeg"}],"twitter_card":"summary_large_image","twitter_misc":{"Gesch\u00e4tzte Lesezeit":"1\u00a0Minute"},"schema":{"@context":"https:\/\/schema.org","@graph":[{"@type":"WebPage","@id":"https:\/\/www.zmc.it\/de\/spezialketten\/automobilindustrie\/","url":"https:\/\/www.zmc.it\/de\/spezialketten\/automobilindustrie\/","name":"Automobilindustrie - ZMC Italia","isPartOf":{"@id":"https:\/\/www.zmc.it\/#website"},"datePublished":"2018-03-16T09:53:57+00:00","dateModified":"2018-11-12T13:24:57+00:00","breadcrumb":{"@id":"https:\/\/www.zmc.it\/de\/spezialketten\/automobilindustrie\/#breadcrumb"},"inLanguage":"de","potentialAction":[{"@type":"ReadAction","target":["https:\/\/www.zmc.it\/de\/spezialketten\/automobilindustrie\/"]}]},{"@type":"BreadcrumbList","@id":"https:\/\/www.zmc.it\/de\/spezialketten\/automobilindustrie\/#breadcrumb","itemListElement":[{"@type":"ListItem","position":1,"name":"Home","item":"https:\/\/www.zmc.it\/de\/"},{"@type":"ListItem","position":2,"name":"Spezialketten","item":"https:\/\/www.zmc.it\/de\/spezialketten\/"},{"@type":"ListItem","position":3,"name":"Automobilindustrie"}]},{"@type":"WebSite","@id":"https:\/\/www.zmc.it\/#website","url":"https:\/\/www.zmc.it\/","name":"ZMC Italia","description":"","publisher":{"@id":"https:\/\/www.zmc.it\/#organization"},"potentialAction":[{"@type":"SearchAction","target":{"@type":"EntryPoint","urlTemplate":"https:\/\/www.zmc.it\/?s={search_term_string}"},"query-input":{"@type":"PropertyValueSpecification","valueRequired":true,"valueName":"search_term_string"}}],"inLanguage":"de"},{"@type":"Organization","@id":"https:\/\/www.zmc.it\/#organization","name":"ZMC Italy","url":"https:\/\/www.zmc.it\/","logo":{"@type":"ImageObject","inLanguage":"de","@id":"https:\/\/www.zmc.it\/#\/schema\/logo\/image\/","url":"https:\/\/www.zmc.it\/wp-content\/uploads\/zmc-logo.png","contentUrl":"https:\/\/www.zmc.it\/wp-content\/uploads\/zmc-logo.png","width":150,"height":75,"caption":"ZMC Italy"},"image":{"@id":"https:\/\/www.zmc.it\/#\/schema\/logo\/image\/"},"sameAs":["https:\/\/www.linkedin.com\/company\/z.m.c.-italia-s.r.l.\/about\/"]}]}},"_links":{"self":[{"href":"https:\/\/www.zmc.it\/de\/wp-json\/wp\/v2\/pages\/3198","targetHints":{"allow":["GET"]}}],"collection":[{"href":"https:\/\/www.zmc.it\/de\/wp-json\/wp\/v2\/pages"}],"about":[{"href":"https:\/\/www.zmc.it\/de\/wp-json\/wp\/v2\/types\/page"}],"author":[{"embeddable":true,"href":"https:\/\/www.zmc.it\/de\/wp-json\/wp\/v2\/users\/1"}],"replies":[{"embeddable":true,"href":"https:\/\/www.zmc.it\/de\/wp-json\/wp\/v2\/comments?post=3198"}],"version-history":[{"count":0,"href":"https:\/\/www.zmc.it\/de\/wp-json\/wp\/v2\/pages\/3198\/revisions"}],"up":[{"embeddable":true,"href":"https:\/\/www.zmc.it\/de\/wp-json\/wp\/v2\/pages\/3053"}],"wp:attachment":[{"href":"https:\/\/www.zmc.it\/de\/wp-json\/wp\/v2\/media?parent=3198"}],"curies":[{"name":"wp","href":"https:\/\/api.w.org\/{rel}","templated":true}]}}