{"id":3159,"date":"2018-09-23T14:31:04","date_gmt":"2018-09-23T14:31:04","guid":{"rendered":"http:\/\/test.zmcitaly.it\/spezialketten\/catene-di-accumulo\/"},"modified":"2018-11-08T13:30:36","modified_gmt":"2018-11-08T13:30:36","slug":"staufoerder-bzw-pufferketten","status":"publish","type":"page","link":"https:\/\/www.zmc.it\/de\/spezialketten\/staufoerder-bzw-pufferketten\/","title":{"rendered":"Stauf\u00f6rder- bzw. Pufferketten"},"content":{"rendered":"<p>Stauf\u00f6rder- bzw. Pufferketten<\/p>\n<p>Download Katalog<\/p>\n<p>Scarica la sezione Industria\u00a0del cemento<\/p>\n<p>Die Pufferketten, die haupts\u00e4chlich im Automobilsektor, aber auch in anderen Bereichen eingesetzt werden, sind in Stetigf\u00f6rderern eingesetzt, wo es Punkte gibt, an denen das Produkt, egal ob es auf einem Skid, einer Palette oder einem Rahmen abgestellt oder in einer Kiste \/ einem Kasten enthalten ist, sich ansammeln und einen Puffer bilden kann, w\u00e4hrend die darunterliegenden Ketten weiterlaufen.<br \/>\nDas haupts\u00e4chliche Bauteil bei all diesen Ketten ist das Vorhandensein einer freidrehenden obenliegenden Rolle. Diese tr\u00e4gt die Last und erm\u00f6glicht gleichzeitig, dass das zu f\u00f6rdernde Gut in den Staupunkten stehen bleiben kann und bei Bedarf wieder weitertransportiert wird.<br \/>\nDie vorhandenen Einfach- oder Doppelketten mit innenliegenden oder au\u00dfenliegenden St\u00fctzrollen in verschiedenen Ausf\u00fchrungen und Gr\u00f6\u00dfen bieten Konstrukteuren und Anwendern eine gro\u00dfe Auswahl an Standardprodukten. Nat\u00fcrlich entwickeln wir gemeinsam mit Ihnen bei Bedarf eine individuelle L\u00f6sung!<\/p>\n<p><!-- {\"name\":\"\",\"type\":\"layout\",\"children\":[{\"name\":\"BREAD\",\"type\":\"section\",\"props\":{\"style\":\"default\",\"width\":\"default\",\"vertical_align\":\"middle\",\"title_position\":\"top-left\",\"title_rotation\":\"left\",\"title_breakpoint\":\"xl\",\"image_position\":\"center-center\",\"padding\":\"xsmall\",\"padding_remove_bottom\":true},\"children\":[{\"name\":\"\",\"type\":\"row\",\"props\":{\"fixed_width\":\"large\",\"breakpoint\":\"m\",\"layout\":\"1-1\"},\"children\":[{\"name\":\"\",\"type\":\"column\",\"props\":{\"widths\":[\"1-1\"],\"image_position\":\"center-center\"},\"children\":[{\"name\":\"\",\"type\":\"headline\",\"props\":{\"title_element\":\"h1\",\"content\":\"Stauf\\u00f6rder- bzw. Pufferketten\",\"title_style\":\"\",\"title_decoration\":\"\",\"title_color\":\"\",\"text_align\":\"\",\"text_align_breakpoint\":\"\",\"text_align_fallback\":\"\",\"maxwidth\":\"\",\"maxwidth_align\":\"\",\"maxwidth_breakpoint\":\"\",\"margin\":\"\",\"animation\":\"\",\"visibility\":\"\"}}]}]}]},{\"name\":\"contenuto speciali\",\"type\":\"section\",\"props\":{\"style\":\"default\",\"width\":\"default\",\"vertical_align\":\"middle\",\"title_position\":\"top-left\",\"title_rotation\":\"left\",\"title_breakpoint\":\"xl\",\"image_position\":\"center-center\",\"padding_remove_top\":false,\"padding\":\"xsmall\",\"padding_remove_bottom\":true},\"children\":[{\"name\":\"\",\"type\":\"row\",\"props\":{\"fixed_width\":\"large\",\"breakpoint\":\"m\",\"layout\":\"2-3,\"},\"children\":[{\"name\":\"\",\"type\":\"column\",\"props\":{\"widths\":[\"2-3\"],\"image_position\":\"center-center\"},\"children\":[{\"name\":\"slideshow catene speciali\",\"type\":\"slideshow\",\"props\":{\"show_title\":false,\"show_meta\":false,\"show_content\":true,\"show_link\":false,\"show_thumbnail\":false,\"slideshow_min_height\":300,\"slideshow_autoplay_pause\":true,\"nav\":\"dotnav\",\"nav_position\":\"bottom-center\",\"nav_position_margin\":\"medium\",\"nav_align\":\"center\",\"nav_breakpoint\":\"s\",\"thumbnav_width\":\"100\",\"thumbnav_height\":\"75\",\"slidenav\":\"default\",\"slidenav_margin\":\"\",\"slidenav_breakpoint\":\"s\",\"slidenav_outside_breakpoint\":\"xl\",\"overlay_position\":\"bottom\",\"overlay_animation\":\"parallax\",\"title_element\":\"h3\",\"meta_style\":\"meta\",\"meta_align\":\"bottom\",\"link_text\":\"Read more\",\"link_style\":\"default\",\"margin\":\"remove-vertical\",\"slideshow_autoplay\":true,\"overlay_container\":\"default\",\"overlay_container_padding\":\"small\",\"overlay_style\":\"overlay-default\",\"overlay_width\":\"xlarge\",\"text_align\":\"center\",\"maxwidth\":\"xxlarge\",\"class\":\"testo-slide\",\"overlay_padding\":\"small\",\"nav_below\":true,\"nav_margin\":\"small\",\"slidenav_hover\":true,\"content_style\":\"\"},\"children\":[{\"name\":\"\",\"type\":\"slideshow_item\",\"props\":{\"image\":\"wp-content\\\/uploads\\\/accumulo-02.jpg\"}},{\"name\":\"\",\"type\":\"slideshow_item\",\"props\":{\"image\":\"wp-content\\\/uploads\\\/accumulo-03.jpg\"}},{\"name\":\"\",\"type\":\"slideshow_item\",\"props\":{\"image\":\"wp-content\\\/uploads\\\/accumulo-01.jpg\"}},{\"name\":\"\",\"type\":\"slideshow_item\",\"props\":{\"image\":\"wp-content\\\/uploads\\\/accumulo-04.jpg\"}}]}]},{\"name\":\"\",\"type\":\"column\",\"props\":{\"widths\":[\"\"],\"image_position\":\"center-center\"},\"children\":[{\"name\":\"Download-cat-deu\",\"type\":\"button\",\"props\":{\"gutter\":\"small\",\"margin\":\"default\",\"maxwidth\":\"xxlarge\",\"button_size\":\"large\",\"fullwidth\":true,\"text_align\":\"center\",\"maxwidth_align\":\"center\",\"class\":\"bottone-scarica\",\"text_align_breakpoint\":\"\",\"text_align_fallback\":\"\",\"maxwidth_breakpoint\":\"\",\"animation\":\"\",\"visibility\":\"\"},\"children\":[{\"name\":\"\",\"type\":\"button_item\",\"props\":{\"button_style\":\"primary\",\"icon_align\":\"left\",\"icon\":\"download\",\"link_title\":\"\",\"content\":\"Download Katalog\",\"link_target\":\"blank\",\"link\":\"wp-content\\\/uploads\\\/ZMC-Cat-Deutsch.pdf\"}}]},{\"name\":\"\",\"type\":\"button\",\"props\":{\"gutter\":\"small\",\"margin\":\"default\",\"maxwidth\":\"xxlarge\",\"button_size\":\"large\",\"fullwidth\":true,\"class\":\"nascondi\"},\"children\":[{\"name\":\"\",\"type\":\"button_item\",\"props\":{\"button_style\":\"primary\",\"icon_align\":\"left\",\"icon\":\"download\",\"link_title\":\"\",\"content\":\"Scarica la sezione Industria\\u00a0del cemento\",\"link\":\"\",\"link_target\":\"blank\"}}]}]}]},{\"name\":\"\",\"type\":\"row\",\"props\":{\"fixed_width\":\"large\",\"breakpoint\":\"m\",\"layout\":\"1-1\"},\"children\":[{\"name\":\"\",\"type\":\"column\",\"props\":{\"widths\":[\"1-1\"],\"image_position\":\"center-center\"},\"children\":[{\"name\":\"\",\"type\":\"text\",\"props\":{\"margin\":\"default\",\"column_breakpoint\":\"m\",\"content\":\"\n\n<p>Die Pufferketten, die haupts\\u00e4chlich im Automobilsektor, aber auch in anderen Bereichen eingesetzt werden, sind in Stetigf\\u00f6rderern eingesetzt, wo es Punkte gibt, an denen das Produkt, egal ob es auf einem Skid, einer Palette oder einem Rahmen abgestellt oder in einer Kiste \\\/ einem Kasten enthalten ist, sich ansammeln und einen Puffer bilden kann, w\\u00e4hrend die darunterliegenden Ketten weiterlaufen.<\\\/p>\\n\n\n<p>Das haupts\\u00e4chliche Bauteil bei all diesen Ketten ist das Vorhandensein einer freidrehenden obenliegenden Rolle. Diese tr\\u00e4gt die Last und erm\\u00f6glicht gleichzeitig, dass das zu f\\u00f6rdernde Gut in den Staupunkten stehen bleiben kann und bei Bedarf wieder weitertransportiert wird.<\\\/p>\\n\n\n<p>Die vorhandenen Einfach- oder Doppelketten mit innenliegenden oder au\\u00dfenliegenden St\\u00fctzrollen in verschiedenen Ausf\\u00fchrungen und Gr\\u00f6\\u00dfen bieten Konstrukteuren und Anwendern eine gro\\u00dfe Auswahl an Standardprodukten. Nat\\u00fcrlich entwickeln wir gemeinsam mit Ihnen bei Bedarf eine individuelle L\\u00f6sung!<\\\/p>\",\"text_style\":\"\",\"text_color\":\"\",\"text_size\":\"\",\"column\":\"\",\"text_align\":\"\",\"text_align_breakpoint\":\"\",\"text_align_fallback\":\"\",\"maxwidth\":\"\",\"maxwidth_align\":\"\",\"maxwidth_breakpoint\":\"\",\"animation\":\"\",\"visibility\":\"\"}}]}]}]}]} --><\/p>\n","protected":false},"excerpt":{"rendered":"<p>Stauf\u00f6rder- bzw. Pufferketten Download Katalog Scarica la sezione Industria\u00a0del cemento Die Pufferketten, die haupts\u00e4chlich im Automobilsektor, aber auch in anderen Bereichen eingesetzt werden, sind in Stetigf\u00f6rderern eingesetzt, wo es Punkte gibt, an denen das Produkt, egal ob es auf einem Skid, einer Palette oder einem Rahmen abgestellt oder in einer Kiste \/ einem Kasten enthalten [&hellip;]<\/p>\n","protected":false},"author":1,"featured_media":0,"parent":3053,"menu_order":0,"comment_status":"closed","ping_status":"closed","template":"","meta":{"footnotes":""},"class_list":["post-3159","page","type-page","status-publish","hentry"],"yoast_head":"<!-- This site is optimized with the Yoast SEO plugin v27.5 - https:\/\/yoast.com\/product\/yoast-seo-wordpress\/ -->\n<title>Stauf\u00f6rder- bzw. Pufferketten - ZMC Italia<\/title>\n<meta name=\"robots\" content=\"index, follow, max-snippet:-1, max-image-preview:large, max-video-preview:-1\" \/>\n<link rel=\"canonical\" href=\"https:\/\/www.zmc.it\/de\/spezialketten\/staufoerder-bzw-pufferketten\/\" \/>\n<meta property=\"og:locale\" content=\"de_DE\" \/>\n<meta property=\"og:type\" content=\"article\" \/>\n<meta property=\"og:title\" content=\"Stauf\u00f6rder- bzw. Pufferketten - ZMC Italia\" \/>\n<meta property=\"og:description\" content=\"Stauf\u00f6rder- bzw. Pufferketten Download Katalog Scarica la sezione Industria\u00a0del cemento Die Pufferketten, die haupts\u00e4chlich im Automobilsektor, aber auch in anderen Bereichen eingesetzt werden, sind in Stetigf\u00f6rderern eingesetzt, wo es Punkte gibt, an denen das Produkt, egal ob es auf einem Skid, einer Palette oder einem Rahmen abgestellt oder in einer Kiste \/ einem Kasten enthalten [&hellip;]\" \/>\n<meta property=\"og:url\" content=\"https:\/\/www.zmc.it\/de\/spezialketten\/staufoerder-bzw-pufferketten\/\" \/>\n<meta property=\"og:site_name\" content=\"ZMC Italia\" \/>\n<meta property=\"article:modified_time\" content=\"2018-11-08T13:30:36+00:00\" \/>\n<meta property=\"og:image\" content=\"https:\/\/www.zmc.it\/wp-content\/uploads\/FOTO-SLIDER-2.jpg\" \/>\n\t<meta property=\"og:image:width\" content=\"1600\" \/>\n\t<meta property=\"og:image:height\" content=\"500\" \/>\n\t<meta property=\"og:image:type\" content=\"image\/jpeg\" \/>\n<meta name=\"twitter:card\" content=\"summary_large_image\" \/>\n<meta name=\"twitter:label1\" content=\"Gesch\u00e4tzte Lesezeit\" \/>\n\t<meta name=\"twitter:data1\" content=\"1\u00a0Minute\" \/>\n<script type=\"application\/ld+json\" class=\"yoast-schema-graph\">{\"@context\":\"https:\\\/\\\/schema.org\",\"@graph\":[{\"@type\":\"WebPage\",\"@id\":\"https:\\\/\\\/www.zmc.it\\\/de\\\/spezialketten\\\/staufoerder-bzw-pufferketten\\\/\",\"url\":\"https:\\\/\\\/www.zmc.it\\\/de\\\/spezialketten\\\/staufoerder-bzw-pufferketten\\\/\",\"name\":\"Stauf\u00f6rder- bzw. Pufferketten - ZMC Italia\",\"isPartOf\":{\"@id\":\"https:\\\/\\\/www.zmc.it\\\/#website\"},\"datePublished\":\"2018-09-23T14:31:04+00:00\",\"dateModified\":\"2018-11-08T13:30:36+00:00\",\"breadcrumb\":{\"@id\":\"https:\\\/\\\/www.zmc.it\\\/de\\\/spezialketten\\\/staufoerder-bzw-pufferketten\\\/#breadcrumb\"},\"inLanguage\":\"de\",\"potentialAction\":[{\"@type\":\"ReadAction\",\"target\":[\"https:\\\/\\\/www.zmc.it\\\/de\\\/spezialketten\\\/staufoerder-bzw-pufferketten\\\/\"]}]},{\"@type\":\"BreadcrumbList\",\"@id\":\"https:\\\/\\\/www.zmc.it\\\/de\\\/spezialketten\\\/staufoerder-bzw-pufferketten\\\/#breadcrumb\",\"itemListElement\":[{\"@type\":\"ListItem\",\"position\":1,\"name\":\"Home\",\"item\":\"https:\\\/\\\/www.zmc.it\\\/de\\\/\"},{\"@type\":\"ListItem\",\"position\":2,\"name\":\"Spezialketten\",\"item\":\"https:\\\/\\\/www.zmc.it\\\/de\\\/spezialketten\\\/\"},{\"@type\":\"ListItem\",\"position\":3,\"name\":\"Stauf\u00f6rder- bzw. Pufferketten\"}]},{\"@type\":\"WebSite\",\"@id\":\"https:\\\/\\\/www.zmc.it\\\/#website\",\"url\":\"https:\\\/\\\/www.zmc.it\\\/\",\"name\":\"ZMC Italia\",\"description\":\"\",\"publisher\":{\"@id\":\"https:\\\/\\\/www.zmc.it\\\/#organization\"},\"potentialAction\":[{\"@type\":\"SearchAction\",\"target\":{\"@type\":\"EntryPoint\",\"urlTemplate\":\"https:\\\/\\\/www.zmc.it\\\/?s={search_term_string}\"},\"query-input\":{\"@type\":\"PropertyValueSpecification\",\"valueRequired\":true,\"valueName\":\"search_term_string\"}}],\"inLanguage\":\"de\"},{\"@type\":\"Organization\",\"@id\":\"https:\\\/\\\/www.zmc.it\\\/#organization\",\"name\":\"ZMC Italy\",\"url\":\"https:\\\/\\\/www.zmc.it\\\/\",\"logo\":{\"@type\":\"ImageObject\",\"inLanguage\":\"de\",\"@id\":\"https:\\\/\\\/www.zmc.it\\\/#\\\/schema\\\/logo\\\/image\\\/\",\"url\":\"https:\\\/\\\/www.zmc.it\\\/wp-content\\\/uploads\\\/zmc-logo.png\",\"contentUrl\":\"https:\\\/\\\/www.zmc.it\\\/wp-content\\\/uploads\\\/zmc-logo.png\",\"width\":150,\"height\":75,\"caption\":\"ZMC Italy\"},\"image\":{\"@id\":\"https:\\\/\\\/www.zmc.it\\\/#\\\/schema\\\/logo\\\/image\\\/\"},\"sameAs\":[\"https:\\\/\\\/www.linkedin.com\\\/company\\\/z.m.c.-italia-s.r.l.\\\/about\\\/\"]}]}<\/script>\n<!-- \/ Yoast SEO plugin. -->","yoast_head_json":{"title":"Stauf\u00f6rder- bzw. Pufferketten - ZMC Italia","robots":{"index":"index","follow":"follow","max-snippet":"max-snippet:-1","max-image-preview":"max-image-preview:large","max-video-preview":"max-video-preview:-1"},"canonical":"https:\/\/www.zmc.it\/de\/spezialketten\/staufoerder-bzw-pufferketten\/","og_locale":"de_DE","og_type":"article","og_title":"Stauf\u00f6rder- bzw. Pufferketten - ZMC Italia","og_description":"Stauf\u00f6rder- bzw. Pufferketten Download Katalog Scarica la sezione Industria\u00a0del cemento Die Pufferketten, die haupts\u00e4chlich im Automobilsektor, aber auch in anderen Bereichen eingesetzt werden, sind in Stetigf\u00f6rderern eingesetzt, wo es Punkte gibt, an denen das Produkt, egal ob es auf einem Skid, einer Palette oder einem Rahmen abgestellt oder in einer Kiste \/ einem Kasten enthalten [&hellip;]","og_url":"https:\/\/www.zmc.it\/de\/spezialketten\/staufoerder-bzw-pufferketten\/","og_site_name":"ZMC Italia","article_modified_time":"2018-11-08T13:30:36+00:00","og_image":[{"width":1600,"height":500,"url":"https:\/\/www.zmc.it\/wp-content\/uploads\/FOTO-SLIDER-2.jpg","type":"image\/jpeg"}],"twitter_card":"summary_large_image","twitter_misc":{"Gesch\u00e4tzte Lesezeit":"1\u00a0Minute"},"schema":{"@context":"https:\/\/schema.org","@graph":[{"@type":"WebPage","@id":"https:\/\/www.zmc.it\/de\/spezialketten\/staufoerder-bzw-pufferketten\/","url":"https:\/\/www.zmc.it\/de\/spezialketten\/staufoerder-bzw-pufferketten\/","name":"Stauf\u00f6rder- bzw. Pufferketten - ZMC Italia","isPartOf":{"@id":"https:\/\/www.zmc.it\/#website"},"datePublished":"2018-09-23T14:31:04+00:00","dateModified":"2018-11-08T13:30:36+00:00","breadcrumb":{"@id":"https:\/\/www.zmc.it\/de\/spezialketten\/staufoerder-bzw-pufferketten\/#breadcrumb"},"inLanguage":"de","potentialAction":[{"@type":"ReadAction","target":["https:\/\/www.zmc.it\/de\/spezialketten\/staufoerder-bzw-pufferketten\/"]}]},{"@type":"BreadcrumbList","@id":"https:\/\/www.zmc.it\/de\/spezialketten\/staufoerder-bzw-pufferketten\/#breadcrumb","itemListElement":[{"@type":"ListItem","position":1,"name":"Home","item":"https:\/\/www.zmc.it\/de\/"},{"@type":"ListItem","position":2,"name":"Spezialketten","item":"https:\/\/www.zmc.it\/de\/spezialketten\/"},{"@type":"ListItem","position":3,"name":"Stauf\u00f6rder- bzw. Pufferketten"}]},{"@type":"WebSite","@id":"https:\/\/www.zmc.it\/#website","url":"https:\/\/www.zmc.it\/","name":"ZMC Italia","description":"","publisher":{"@id":"https:\/\/www.zmc.it\/#organization"},"potentialAction":[{"@type":"SearchAction","target":{"@type":"EntryPoint","urlTemplate":"https:\/\/www.zmc.it\/?s={search_term_string}"},"query-input":{"@type":"PropertyValueSpecification","valueRequired":true,"valueName":"search_term_string"}}],"inLanguage":"de"},{"@type":"Organization","@id":"https:\/\/www.zmc.it\/#organization","name":"ZMC Italy","url":"https:\/\/www.zmc.it\/","logo":{"@type":"ImageObject","inLanguage":"de","@id":"https:\/\/www.zmc.it\/#\/schema\/logo\/image\/","url":"https:\/\/www.zmc.it\/wp-content\/uploads\/zmc-logo.png","contentUrl":"https:\/\/www.zmc.it\/wp-content\/uploads\/zmc-logo.png","width":150,"height":75,"caption":"ZMC Italy"},"image":{"@id":"https:\/\/www.zmc.it\/#\/schema\/logo\/image\/"},"sameAs":["https:\/\/www.linkedin.com\/company\/z.m.c.-italia-s.r.l.\/about\/"]}]}},"_links":{"self":[{"href":"https:\/\/www.zmc.it\/de\/wp-json\/wp\/v2\/pages\/3159","targetHints":{"allow":["GET"]}}],"collection":[{"href":"https:\/\/www.zmc.it\/de\/wp-json\/wp\/v2\/pages"}],"about":[{"href":"https:\/\/www.zmc.it\/de\/wp-json\/wp\/v2\/types\/page"}],"author":[{"embeddable":true,"href":"https:\/\/www.zmc.it\/de\/wp-json\/wp\/v2\/users\/1"}],"replies":[{"embeddable":true,"href":"https:\/\/www.zmc.it\/de\/wp-json\/wp\/v2\/comments?post=3159"}],"version-history":[{"count":0,"href":"https:\/\/www.zmc.it\/de\/wp-json\/wp\/v2\/pages\/3159\/revisions"}],"up":[{"embeddable":true,"href":"https:\/\/www.zmc.it\/de\/wp-json\/wp\/v2\/pages\/3053"}],"wp:attachment":[{"href":"https:\/\/www.zmc.it\/de\/wp-json\/wp\/v2\/media?parent=3159"}],"curies":[{"name":"wp","href":"https:\/\/api.w.org\/{rel}","templated":true}]}}