{"id":3152,"date":"2018-05-07T20:23:47","date_gmt":"2018-05-07T20:23:47","guid":{"rendered":"http:\/\/test.zmcitaly.it\/spezialketten\/industria-agroalimentare\/"},"modified":"2018-11-12T13:23:02","modified_gmt":"2018-11-12T13:23:02","slug":"agrar-und-lebensmittelindustrie","status":"publish","type":"page","link":"https:\/\/www.zmc.it\/de\/spezialketten\/agrar-und-lebensmittelindustrie\/","title":{"rendered":"Agrar- und Lebensmittelindustrie"},"content":{"rendered":"<p>Agrar- und Lebensmittelindustrie<\/p>\n<p>Download Katalog<\/p>\n<p>Download der Brosch\u00fcre f\u00fcr die Agrar- und Lebensmittelindustrie<\/p>\n<p>Der Hauptanwendungsbereich der ZMC-F\u00f6rderketten in der Agrar- und Lebensmittelindustrie liegt neben der Ernte in der Analyse, Sortierung und anschlie\u00dfenden Aussortierung der unterschiedlichsten Obst- und Gem\u00fcsesorten nach Gr\u00f6\u00dfe, Gewicht und definierten Qualit\u00e4tsmerkmalen.<br \/>\nIm gleichen Sektor werden ZMC-Ketten auch f\u00fcr die Verarbeitung und anschlie\u00dfende Verpackung des Lebensmittels verwendet.<br \/>\nZMC fertigt verschiedene Ausf\u00fchrungen von Ketten f\u00fcr diese Art von Anwendungen, die sich alle durch enge Ma\u00dftoleranzen, insbesondere in Bezug auf die L\u00e4nge, auszeichnen. Auf Wunsch bietet ZMC den Vorreck- und Messservice an, der es erm\u00f6glicht, die Ketten durch Vorrecken auf das gew\u00fcnschte L\u00e4ngenma\u00df zu bringen, zu paaren und so h\u00f6chste Pr\u00e4zision und Gleichm\u00e4\u00dfigkeit bei der Kettenl\u00e4nge zu gew\u00e4hrleisten.<br \/>\nNat\u00fcrlich ist es m\u00f6glich, neue Ketten f\u00fcr neue Maschinen zu kreieren, die den Bed\u00fcrfnissen der Anlagenbauer entsprechen.<br \/>\nDie wichtigsten Merkmale der Ketten, die in der Branche bereits im Einsatz sind, sind die folgenden:<\/p>\n<p>Ketten mit zentralen L\u00f6chern in den Laschen<br \/>\nKetten mit verl\u00e4ngerten Bolzen und Mittell\u00f6chern in den Laschen, eventuell mit unterschiedlichenTeilungen der Innen- und Au\u00dfenglieder<br \/>\nKetten mit einer Nut an den Laschen<br \/>\nHohlbolzenketten<br \/>\nKetten mit verl\u00e4ngerten Bolzen\n<\/p>\n<p><!-- {\"name\":\"\",\"type\":\"layout\",\"children\":[{\"name\":\"BREAD\",\"type\":\"section\",\"props\":{\"style\":\"default\",\"width\":\"default\",\"vertical_align\":\"middle\",\"title_position\":\"top-left\",\"title_rotation\":\"left\",\"title_breakpoint\":\"xl\",\"image_position\":\"center-center\",\"padding\":\"xsmall\",\"padding_remove_bottom\":true},\"children\":[{\"name\":\"\",\"type\":\"row\",\"props\":{\"fixed_width\":\"large\",\"breakpoint\":\"m\",\"layout\":\"1-1\"},\"children\":[{\"name\":\"\",\"type\":\"column\",\"props\":{\"widths\":[\"1-1\"],\"image_position\":\"center-center\"},\"children\":[{\"name\":\"\",\"type\":\"headline\",\"props\":{\"title_element\":\"h1\",\"content\":\"Agrar- und Lebensmittelindustrie\",\"title_style\":\"\",\"title_decoration\":\"\",\"title_color\":\"\",\"text_align\":\"\",\"text_align_breakpoint\":\"\",\"text_align_fallback\":\"\",\"maxwidth\":\"\",\"maxwidth_align\":\"\",\"maxwidth_breakpoint\":\"\",\"margin\":\"\",\"animation\":\"\",\"visibility\":\"\"}}]}]}]},{\"name\":\"contenuto speciali\",\"type\":\"section\",\"props\":{\"style\":\"default\",\"width\":\"default\",\"vertical_align\":\"middle\",\"title_position\":\"top-left\",\"title_rotation\":\"left\",\"title_breakpoint\":\"xl\",\"image_position\":\"center-center\",\"padding_remove_top\":false,\"padding\":\"xsmall\",\"padding_remove_bottom\":true},\"children\":[{\"name\":\"\",\"type\":\"row\",\"props\":{\"fixed_width\":\"large\",\"breakpoint\":\"m\",\"layout\":\"2-3,\"},\"children\":[{\"name\":\"\",\"type\":\"column\",\"props\":{\"widths\":[\"2-3\"],\"image_position\":\"center-center\"},\"children\":[{\"name\":\"\",\"type\":\"slideshow\",\"props\":{\"show_title\":false,\"show_meta\":false,\"show_content\":false,\"show_link\":false,\"show_thumbnail\":false,\"slideshow_min_height\":300,\"slideshow_autoplay_pause\":true,\"nav\":\"dotnav\",\"nav_position\":\"bottom-center\",\"nav_position_margin\":\"medium\",\"nav_align\":\"center\",\"nav_breakpoint\":\"s\",\"thumbnav_width\":\"100\",\"thumbnav_height\":\"75\",\"slidenav\":\"default\",\"slidenav_margin\":\"medium\",\"slidenav_breakpoint\":\"s\",\"slidenav_outside_breakpoint\":\"xl\",\"overlay_position\":\"center-left\",\"overlay_animation\":\"parallax\",\"title_element\":\"h3\",\"meta_style\":\"meta\",\"meta_align\":\"bottom\",\"link_text\":\"Read more\",\"link_style\":\"default\",\"margin\":\"default\",\"slideshow_autoplay\":true},\"children\":[{\"name\":\"\",\"type\":\"slideshow_item\",\"props\":{\"image\":\"wp-content\\\/uploads\\\/agroalimentare-1.jpg\"}},{\"name\":\"\",\"type\":\"slideshow_item\",\"props\":{\"image\":\"wp-content\\\/uploads\\\/agroalimentare-02.jpg\"}},{\"name\":\"\",\"type\":\"slideshow_item\",\"props\":{\"image\":\"wp-content\\\/uploads\\\/agroalimentare-03.jpg\"}},{\"name\":\"\",\"type\":\"slideshow_item\",\"props\":{\"image\":\"wp-content\\\/uploads\\\/agroalimentare-04.jpg\"}},{\"name\":\"\",\"type\":\"slideshow_item\",\"props\":{\"image\":\"wp-content\\\/uploads\\\/agroalimentare-05.jpg\"}},{\"name\":\"\",\"type\":\"slideshow_item\",\"props\":{\"image\":\"wp-content\\\/uploads\\\/agroalimentare-06.jpg\"}}]}]},{\"name\":\"\",\"type\":\"column\",\"props\":{\"widths\":[\"\"],\"image_position\":\"center-center\"},\"children\":[{\"name\":\"Download-cat-deu\",\"type\":\"button\",\"props\":{\"gutter\":\"small\",\"margin\":\"default\",\"maxwidth\":\"xxlarge\",\"button_size\":\"large\",\"fullwidth\":true,\"text_align\":\"center\",\"maxwidth_align\":\"center\",\"class\":\"bottone-scarica\",\"text_align_breakpoint\":\"\",\"text_align_fallback\":\"\",\"maxwidth_breakpoint\":\"\",\"animation\":\"\",\"visibility\":\"\"},\"children\":[{\"name\":\"\",\"type\":\"button_item\",\"props\":{\"button_style\":\"primary\",\"icon_align\":\"left\",\"icon\":\"download\",\"link_title\":\"\",\"content\":\"Download Katalog\",\"link_target\":\"blank\",\"link\":\"wp-content\\\/uploads\\\/ZMC-Cat-Deutsch.pdf\"}}]},{\"name\":\"\",\"type\":\"button\",\"props\":{\"gutter\":\"small\",\"margin\":\"default\",\"maxwidth\":\"xxlarge\",\"button_size\":\"large\",\"fullwidth\":true,\"text_align\":\"\",\"text_align_breakpoint\":\"\",\"text_align_fallback\":\"\",\"maxwidth_align\":\"\",\"maxwidth_breakpoint\":\"\",\"animation\":\"\",\"visibility\":\"\"},\"children\":[{\"name\":\"\",\"type\":\"button_item\",\"props\":{\"button_style\":\"primary\",\"icon_align\":\"left\",\"icon\":\"download\",\"link_title\":\"\",\"content\":\"Download der Brosch\\u00fcre f\\u00fcr die Agrar- und Lebensmittelindustrie\",\"link\":\"wp-content\\\/uploads\\\/ZMC-Agrar-und-Lebensmittelindustrie.pdf\",\"link_target\":\"blank\"}}]}]}]},{\"name\":\"\",\"type\":\"row\",\"props\":{\"fixed_width\":\"large\",\"breakpoint\":\"m\",\"layout\":\"1-1\"},\"children\":[{\"name\":\"\",\"type\":\"column\",\"props\":{\"widths\":[\"1-1\"],\"image_position\":\"center-center\"},\"children\":[{\"name\":\"\",\"type\":\"text\",\"props\":{\"margin\":\"default\",\"column_breakpoint\":\"m\",\"content\":\"\n\n<p>Der Hauptanwendungsbereich der ZMC-F\\u00f6rderketten in der Agrar- und Lebensmittelindustrie liegt neben der Ernte in der Analyse, Sortierung und anschlie\\u00dfenden Aussortierung der unterschiedlichsten Obst- und Gem\\u00fcsesorten nach Gr\\u00f6\\u00dfe, Gewicht und definierten Qualit\\u00e4tsmerkmalen.<\\\/p>\\n\n\n<p>Im gleichen Sektor werden ZMC-Ketten auch f\\u00fcr die Verarbeitung und anschlie\\u00dfende Verpackung des Lebensmittels verwendet.<\\\/p>\\n\n\n<p>ZMC fertigt verschiedene Ausf\\u00fchrungen von Ketten f\\u00fcr diese Art von Anwendungen, die sich alle durch enge Ma\\u00dftoleranzen, insbesondere in Bezug auf die L\\u00e4nge, auszeichnen. Auf Wunsch bietet ZMC den Vorreck- und Messservice an, der es erm\\u00f6glicht, die Ketten durch Vorrecken auf das gew\\u00fcnschte L\\u00e4ngenma\\u00df zu bringen, zu paaren und so h\\u00f6chste Pr\\u00e4zision und Gleichm\\u00e4\\u00dfigkeit bei der Kettenl\\u00e4nge zu gew\\u00e4hrleisten.<\\\/p>\\n\n\n<p>Nat\\u00fcrlich ist es m\\u00f6glich, neue Ketten f\\u00fcr neue Maschinen zu kreieren, die den Bed\\u00fcrfnissen der Anlagenbauer entsprechen.<\\\/p>\\n\n\n<p>Die wichtigsten Merkmale der Ketten, die in der Branche bereits im Einsatz sind, sind die folgenden:<\\\/p>\\n\n\n<ul>\\n\n\n<li>Ketten mit zentralen L\\u00f6chern in den Laschen<\\\/li>\\n\n\n<li>Ketten mit verl\\u00e4ngerten Bolzen und Mittell\\u00f6chern in den Laschen, eventuell mit unterschiedlichen<br \\\/>Teilungen der Innen- und Au\\u00dfenglieder<\\\/li>\\n\n\n<li>Ketten mit einer Nut an den Laschen<\\\/li>\\n\n\n<li>Hohlbolzenketten<\\\/li>\\n\n\n<li>Ketten mit verl\\u00e4ngerten Bolzen<\\\/li>\\n<\\\/ul>\",\"text_style\":\"\",\"text_color\":\"\",\"text_size\":\"\",\"column\":\"\",\"text_align\":\"\",\"text_align_breakpoint\":\"\",\"text_align_fallback\":\"\",\"maxwidth\":\"\",\"maxwidth_align\":\"\",\"maxwidth_breakpoint\":\"\",\"animation\":\"\",\"visibility\":\"\"}}]}]}]}]} --><\/p>\n","protected":false},"excerpt":{"rendered":"<p>Agrar- und Lebensmittelindustrie Download Katalog Download der Brosch\u00fcre f\u00fcr die Agrar- und Lebensmittelindustrie Der Hauptanwendungsbereich der ZMC-F\u00f6rderketten in der Agrar- und Lebensmittelindustrie liegt neben der Ernte in der Analyse, Sortierung und anschlie\u00dfenden Aussortierung der unterschiedlichsten Obst- und Gem\u00fcsesorten nach Gr\u00f6\u00dfe, Gewicht und definierten Qualit\u00e4tsmerkmalen. Im gleichen Sektor werden ZMC-Ketten auch f\u00fcr die Verarbeitung und anschlie\u00dfende [&hellip;]<\/p>\n","protected":false},"author":1,"featured_media":0,"parent":3053,"menu_order":0,"comment_status":"closed","ping_status":"closed","template":"","meta":{"footnotes":""},"class_list":["post-3152","page","type-page","status-publish","hentry"],"yoast_head":"<!-- This site is optimized with the Yoast SEO plugin v27.5 - https:\/\/yoast.com\/product\/yoast-seo-wordpress\/ -->\n<title>Agrar- und Lebensmittelindustrie - ZMC Italia<\/title>\n<meta name=\"robots\" content=\"index, follow, max-snippet:-1, max-image-preview:large, max-video-preview:-1\" \/>\n<link rel=\"canonical\" href=\"https:\/\/www.zmc.it\/de\/spezialketten\/agrar-und-lebensmittelindustrie\/\" \/>\n<meta property=\"og:locale\" content=\"de_DE\" \/>\n<meta property=\"og:type\" content=\"article\" \/>\n<meta property=\"og:title\" content=\"Agrar- und Lebensmittelindustrie - ZMC Italia\" \/>\n<meta property=\"og:description\" content=\"Agrar- und Lebensmittelindustrie Download Katalog Download der Brosch\u00fcre f\u00fcr die Agrar- und Lebensmittelindustrie Der Hauptanwendungsbereich der ZMC-F\u00f6rderketten in der Agrar- und Lebensmittelindustrie liegt neben der Ernte in der Analyse, Sortierung und anschlie\u00dfenden Aussortierung der unterschiedlichsten Obst- und Gem\u00fcsesorten nach Gr\u00f6\u00dfe, Gewicht und definierten Qualit\u00e4tsmerkmalen. Im gleichen Sektor werden ZMC-Ketten auch f\u00fcr die Verarbeitung und anschlie\u00dfende [&hellip;]\" \/>\n<meta property=\"og:url\" content=\"https:\/\/www.zmc.it\/de\/spezialketten\/agrar-und-lebensmittelindustrie\/\" \/>\n<meta property=\"og:site_name\" content=\"ZMC Italia\" \/>\n<meta property=\"article:modified_time\" content=\"2018-11-12T13:23:02+00:00\" \/>\n<meta property=\"og:image\" content=\"https:\/\/www.zmc.it\/wp-content\/uploads\/FOTO-SLIDER-2.jpg\" \/>\n\t<meta property=\"og:image:width\" content=\"1600\" \/>\n\t<meta property=\"og:image:height\" content=\"500\" \/>\n\t<meta property=\"og:image:type\" content=\"image\/jpeg\" \/>\n<meta name=\"twitter:card\" content=\"summary_large_image\" \/>\n<meta name=\"twitter:label1\" content=\"Gesch\u00e4tzte Lesezeit\" \/>\n\t<meta name=\"twitter:data1\" content=\"1\u00a0Minute\" \/>\n<script type=\"application\/ld+json\" class=\"yoast-schema-graph\">{\"@context\":\"https:\\\/\\\/schema.org\",\"@graph\":[{\"@type\":\"WebPage\",\"@id\":\"https:\\\/\\\/www.zmc.it\\\/de\\\/spezialketten\\\/agrar-und-lebensmittelindustrie\\\/\",\"url\":\"https:\\\/\\\/www.zmc.it\\\/de\\\/spezialketten\\\/agrar-und-lebensmittelindustrie\\\/\",\"name\":\"Agrar- und Lebensmittelindustrie - ZMC Italia\",\"isPartOf\":{\"@id\":\"https:\\\/\\\/www.zmc.it\\\/#website\"},\"datePublished\":\"2018-05-07T20:23:47+00:00\",\"dateModified\":\"2018-11-12T13:23:02+00:00\",\"breadcrumb\":{\"@id\":\"https:\\\/\\\/www.zmc.it\\\/de\\\/spezialketten\\\/agrar-und-lebensmittelindustrie\\\/#breadcrumb\"},\"inLanguage\":\"de\",\"potentialAction\":[{\"@type\":\"ReadAction\",\"target\":[\"https:\\\/\\\/www.zmc.it\\\/de\\\/spezialketten\\\/agrar-und-lebensmittelindustrie\\\/\"]}]},{\"@type\":\"BreadcrumbList\",\"@id\":\"https:\\\/\\\/www.zmc.it\\\/de\\\/spezialketten\\\/agrar-und-lebensmittelindustrie\\\/#breadcrumb\",\"itemListElement\":[{\"@type\":\"ListItem\",\"position\":1,\"name\":\"Home\",\"item\":\"https:\\\/\\\/www.zmc.it\\\/de\\\/\"},{\"@type\":\"ListItem\",\"position\":2,\"name\":\"Spezialketten\",\"item\":\"https:\\\/\\\/www.zmc.it\\\/de\\\/spezialketten\\\/\"},{\"@type\":\"ListItem\",\"position\":3,\"name\":\"Agrar- und Lebensmittelindustrie\"}]},{\"@type\":\"WebSite\",\"@id\":\"https:\\\/\\\/www.zmc.it\\\/#website\",\"url\":\"https:\\\/\\\/www.zmc.it\\\/\",\"name\":\"ZMC Italia\",\"description\":\"\",\"publisher\":{\"@id\":\"https:\\\/\\\/www.zmc.it\\\/#organization\"},\"potentialAction\":[{\"@type\":\"SearchAction\",\"target\":{\"@type\":\"EntryPoint\",\"urlTemplate\":\"https:\\\/\\\/www.zmc.it\\\/?s={search_term_string}\"},\"query-input\":{\"@type\":\"PropertyValueSpecification\",\"valueRequired\":true,\"valueName\":\"search_term_string\"}}],\"inLanguage\":\"de\"},{\"@type\":\"Organization\",\"@id\":\"https:\\\/\\\/www.zmc.it\\\/#organization\",\"name\":\"ZMC Italy\",\"url\":\"https:\\\/\\\/www.zmc.it\\\/\",\"logo\":{\"@type\":\"ImageObject\",\"inLanguage\":\"de\",\"@id\":\"https:\\\/\\\/www.zmc.it\\\/#\\\/schema\\\/logo\\\/image\\\/\",\"url\":\"https:\\\/\\\/www.zmc.it\\\/wp-content\\\/uploads\\\/zmc-logo.png\",\"contentUrl\":\"https:\\\/\\\/www.zmc.it\\\/wp-content\\\/uploads\\\/zmc-logo.png\",\"width\":150,\"height\":75,\"caption\":\"ZMC Italy\"},\"image\":{\"@id\":\"https:\\\/\\\/www.zmc.it\\\/#\\\/schema\\\/logo\\\/image\\\/\"},\"sameAs\":[\"https:\\\/\\\/www.linkedin.com\\\/company\\\/z.m.c.-italia-s.r.l.\\\/about\\\/\"]}]}<\/script>\n<!-- \/ Yoast SEO plugin. -->","yoast_head_json":{"title":"Agrar- und Lebensmittelindustrie - ZMC Italia","robots":{"index":"index","follow":"follow","max-snippet":"max-snippet:-1","max-image-preview":"max-image-preview:large","max-video-preview":"max-video-preview:-1"},"canonical":"https:\/\/www.zmc.it\/de\/spezialketten\/agrar-und-lebensmittelindustrie\/","og_locale":"de_DE","og_type":"article","og_title":"Agrar- und Lebensmittelindustrie - ZMC Italia","og_description":"Agrar- und Lebensmittelindustrie Download Katalog Download der Brosch\u00fcre f\u00fcr die Agrar- und Lebensmittelindustrie Der Hauptanwendungsbereich der ZMC-F\u00f6rderketten in der Agrar- und Lebensmittelindustrie liegt neben der Ernte in der Analyse, Sortierung und anschlie\u00dfenden Aussortierung der unterschiedlichsten Obst- und Gem\u00fcsesorten nach Gr\u00f6\u00dfe, Gewicht und definierten Qualit\u00e4tsmerkmalen. Im gleichen Sektor werden ZMC-Ketten auch f\u00fcr die Verarbeitung und anschlie\u00dfende [&hellip;]","og_url":"https:\/\/www.zmc.it\/de\/spezialketten\/agrar-und-lebensmittelindustrie\/","og_site_name":"ZMC Italia","article_modified_time":"2018-11-12T13:23:02+00:00","og_image":[{"width":1600,"height":500,"url":"https:\/\/www.zmc.it\/wp-content\/uploads\/FOTO-SLIDER-2.jpg","type":"image\/jpeg"}],"twitter_card":"summary_large_image","twitter_misc":{"Gesch\u00e4tzte Lesezeit":"1\u00a0Minute"},"schema":{"@context":"https:\/\/schema.org","@graph":[{"@type":"WebPage","@id":"https:\/\/www.zmc.it\/de\/spezialketten\/agrar-und-lebensmittelindustrie\/","url":"https:\/\/www.zmc.it\/de\/spezialketten\/agrar-und-lebensmittelindustrie\/","name":"Agrar- und Lebensmittelindustrie - ZMC Italia","isPartOf":{"@id":"https:\/\/www.zmc.it\/#website"},"datePublished":"2018-05-07T20:23:47+00:00","dateModified":"2018-11-12T13:23:02+00:00","breadcrumb":{"@id":"https:\/\/www.zmc.it\/de\/spezialketten\/agrar-und-lebensmittelindustrie\/#breadcrumb"},"inLanguage":"de","potentialAction":[{"@type":"ReadAction","target":["https:\/\/www.zmc.it\/de\/spezialketten\/agrar-und-lebensmittelindustrie\/"]}]},{"@type":"BreadcrumbList","@id":"https:\/\/www.zmc.it\/de\/spezialketten\/agrar-und-lebensmittelindustrie\/#breadcrumb","itemListElement":[{"@type":"ListItem","position":1,"name":"Home","item":"https:\/\/www.zmc.it\/de\/"},{"@type":"ListItem","position":2,"name":"Spezialketten","item":"https:\/\/www.zmc.it\/de\/spezialketten\/"},{"@type":"ListItem","position":3,"name":"Agrar- und Lebensmittelindustrie"}]},{"@type":"WebSite","@id":"https:\/\/www.zmc.it\/#website","url":"https:\/\/www.zmc.it\/","name":"ZMC Italia","description":"","publisher":{"@id":"https:\/\/www.zmc.it\/#organization"},"potentialAction":[{"@type":"SearchAction","target":{"@type":"EntryPoint","urlTemplate":"https:\/\/www.zmc.it\/?s={search_term_string}"},"query-input":{"@type":"PropertyValueSpecification","valueRequired":true,"valueName":"search_term_string"}}],"inLanguage":"de"},{"@type":"Organization","@id":"https:\/\/www.zmc.it\/#organization","name":"ZMC Italy","url":"https:\/\/www.zmc.it\/","logo":{"@type":"ImageObject","inLanguage":"de","@id":"https:\/\/www.zmc.it\/#\/schema\/logo\/image\/","url":"https:\/\/www.zmc.it\/wp-content\/uploads\/zmc-logo.png","contentUrl":"https:\/\/www.zmc.it\/wp-content\/uploads\/zmc-logo.png","width":150,"height":75,"caption":"ZMC Italy"},"image":{"@id":"https:\/\/www.zmc.it\/#\/schema\/logo\/image\/"},"sameAs":["https:\/\/www.linkedin.com\/company\/z.m.c.-italia-s.r.l.\/about\/"]}]}},"_links":{"self":[{"href":"https:\/\/www.zmc.it\/de\/wp-json\/wp\/v2\/pages\/3152","targetHints":{"allow":["GET"]}}],"collection":[{"href":"https:\/\/www.zmc.it\/de\/wp-json\/wp\/v2\/pages"}],"about":[{"href":"https:\/\/www.zmc.it\/de\/wp-json\/wp\/v2\/types\/page"}],"author":[{"embeddable":true,"href":"https:\/\/www.zmc.it\/de\/wp-json\/wp\/v2\/users\/1"}],"replies":[{"embeddable":true,"href":"https:\/\/www.zmc.it\/de\/wp-json\/wp\/v2\/comments?post=3152"}],"version-history":[{"count":0,"href":"https:\/\/www.zmc.it\/de\/wp-json\/wp\/v2\/pages\/3152\/revisions"}],"up":[{"embeddable":true,"href":"https:\/\/www.zmc.it\/de\/wp-json\/wp\/v2\/pages\/3053"}],"wp:attachment":[{"href":"https:\/\/www.zmc.it\/de\/wp-json\/wp\/v2\/media?parent=3152"}],"curies":[{"name":"wp","href":"https:\/\/api.w.org\/{rel}","templated":true}]}}