{"id":3125,"date":"2018-10-02T14:02:03","date_gmt":"2018-10-02T14:02:03","guid":{"rendered":"http:\/\/test.zmcitaly.it\/cookies-policy\/"},"modified":"2018-11-19T17:48:12","modified_gmt":"2018-11-19T17:48:12","slug":"cookies-policy","status":"publish","type":"page","link":"https:\/\/www.zmc.it\/de\/cookies-policy\/","title":{"rendered":"Cookies Policy"},"content":{"rendered":"<p>Cookie Policy<\/p>\n<p>Cookie<br \/>\nCookies sind kleine Textzeichenketten, die die vom Benutzer besuchten Seiten an sein Terminal (in der Regel an den Browser) senden, wo sie gespeichert werden, bevor sie beim n\u00e4chsten Besuch desselben Benutzers wieder an dieselben Seiten \u00fcbertragen werden. W\u00e4hrend der Navigation auf einer Website kann der Nutzer auf seinem Terminal auch Cookies empfangen, die von verschiedenen Websites oder Webservern (sog. &#8222;Dritten&#8220;) gesendet werden, auf denen einige Elemente (wie z.B. Bilder, Karten, Sounds, spezifische Links zu Seiten anderer Dom\u00e4nen) auf der Website, die er besucht, vorhanden sein k\u00f6nnen. Cookies, die in der Regel in sehr gro\u00dfer Zahl und manchmal sogar mit langer zeitlicher Persistenz in den Browsern der Benutzer vorhanden sind, werden f\u00fcr verschiedene Zwecke verwendet: Ausf\u00fchrung der Authentifizierung, \u00dcberwachung von Sitzungen, Speicherung von Informationen \u00fcber bestimmte Konfigurationen von Benutzern, die auf den Server zugreifen, usw. In diesem Zusammenhang und f\u00fcr die Zwecke der vorliegenden Bestimmung werden daher zwei Makrokategorien identifiziert: &#8222;technische&#8220; Cookies und &#8222;Profiling&#8220; Cookies.<\/p>\n<p>Technische Cookies<br \/>\nTechnische Cookies sind solche, die ausschlie\u00dflich zum Zwecke der &#8222;\u00dcbertragung einer Kommunikation \u00fcber ein elektronisches Kommunikationsnetz&#8220; oder in dem Ma\u00dfe verwendet werden, wie es f\u00fcr den Anbieter eines Dienstes der Informationsgesellschaft unbedingt erforderlich ist, den der Teilnehmer oder Nutzer ausdr\u00fccklich aufgefordert hat, diesen Dienst anzubieten &#8220; (siehe Artikel 122 Absatz 1 des Kodex). Sie werden nicht f\u00fcr andere Zwecke verwendet und werden in der Regel direkt vom Eigent\u00fcmer oder Manager der Website installiert. Sie k\u00f6nnen in Navigations- oder Session-Cookies unterteilt werden, die die normale Navigation und Nutzung der Website gew\u00e4hrleisten (z.B. um einen Kauf durchzuf\u00fchren oder sich f\u00fcr den Zugang zu gesch\u00fctzten Bereichen zu authentifizieren); Analyse-Cookies, die den technischen Cookies gleichgesetzt werden, wenn sie direkt vom Betreiber der Website verwendet werden, um Informationen \u00fcber die Anzahl der Benutzer und die Art und Weise, wie sie die Website besuchen, in zusammengefasster Form zu sammeln, und funktionale Cookies, die es dem Benutzer erm\u00f6glichen, nach einer Reihe von ausgew\u00e4hlten Kriterien (z.B. die Sprache, die zum Kauf ausgew\u00e4hlten Produkte) zu surfen, um den Service f\u00fcr denselben zu verbessern.<br \/>\nProfilerstellung von CookiesProfilerstellung von Cookies<br \/>\nProfiling-Cookies dienen dazu, benutzerbezogene Profile zu erstellen und werden verwendet, um Werbebotschaften entsprechend den Pr\u00e4ferenzen zu versenden, die diese im Zusammenhang mit dem Surfen im Internet zum Ausdruck bringen.<br \/>\nWelche Cookies werden von dieser Website verwendet?<br \/>\nDiese Website verwendet verschiedene Arten von Cookies und verwandte Technologien, von denen jedes eine bestimmte Funktion hat. Die Website kann von den Nutzern auch ohne den Einsatz von Cookies navigiert werden, aber die Navigation ist m\u00f6glicherweise nicht optimal. Die verwendeten Cookies und die damit verbundene Funktion sind nachfolgend aufgef\u00fchrt.<br \/>\nNavigations- und Session-Cookies<br \/>\nDie Navigations- und Session-Cookies gew\u00e4hrleisten die normale Navigation und Nutzung der Website (z.B. um die Inhalte auf dem Ger\u00e4t anzuzeigen, indem sie die Sprache des Landes erkennen, aus dem der Nutzer sich verbindet, oder um im E-Commerce einzukaufen). Navigations-Cookies sind technische Cookies und sind daher f\u00fcr den Betrieb der Website erforderlich, um die Qualit\u00e4t und das Surferlebnis zu verbessern.<br \/>\nAnalytische Cookies<br \/>\nDiese Website verwendet Google Analytics, um statistische Analysen dar\u00fcber zu sammeln und zu verarbeiten, wie Benutzer die Website durch den Computer oder mobile Anwendungen navigieren, wie viele Seiten besucht wurden oder wie viele Klicks auf eine Seite gemacht wurden, w\u00e4hrend sie eine Website besuchen. Die auf unserer Website generierten Informationen werden von unserem Unternehmen verwendet, um Berichte \u00fcber die Nutzung der Website zur Verbesserung der Benutzerfreundlichkeit, Funktionalit\u00e4t, Schnittstelle und Kommunikation zu erstellen. Unsere Website behandelt die Ergebnisse dieser Analysen anonym und ausschlie\u00dflich zu statistischen Zwecken.<br \/>\nDatenschutzerkl\u00e4rung Google Analytics<br \/>\nhttps:\/\/www.google.com\/analytics\/learn\/privacy.html?hl=es<br \/>\nWie man Cookies deaktiviert<br \/>\nFast alle Browser sind so eingestellt, dass sie Cookies automatisch akzeptieren. Sie k\u00f6nnen Cookies \u00fcber die Einstellungen Ihres Browsers \u00fcberpr\u00fcfen und ggf. deaktivieren. Das Deaktivieren und Blockieren von Browser-Cookies oder funktionalen Cookies kann eine optimale Nutzung bestimmter Bereiche der Website verhindern und den von der Website angebotenen Service einschr\u00e4nken.Nachfolgend finden Sie Links zu den Leitf\u00e4den zur Verwaltung von Cookies in den Haupt-Browsern:<br \/>\nInternet Explorer: http:\/\/windows.microsoft.com\/it-it\/windows7\/block-enable-or-allow-cookies<br \/>\nSafari: http:\/\/support.apple.com\/kb\/PH11913<br \/>\nChrom: https:\/\/support.google.com\/chrome\/answer\/95647?hl=it-IT&amp;hlrm=fr&amp;hlrm=fr&amp;hlrm=de<br \/>\nFirefox: http:\/\/support.mozilla.org\/it-IT\/kb\/enable-and-disable-cookies-website-preferences<br \/>\nUm analytische Cookies zu deaktivieren und zu verhindern, dass Google Analytics Daten \u00fcber das Surfen auf dieser Website sammelt, k\u00f6nnen Sie das Browser-Add-on zum Deaktivieren von Google Analytics herunterladen: https: \/\/tools.google.com\/dlpage\/gaoptout.<\/p>\n<p><!-- {\"name\":\"\",\"type\":\"layout\",\"children\":[{\"name\":\"BREAD\",\"type\":\"section\",\"props\":{\"style\":\"default\",\"width\":\"default\",\"vertical_align\":\"middle\",\"title_position\":\"top-left\",\"title_rotation\":\"left\",\"title_breakpoint\":\"xl\",\"image_position\":\"center-center\",\"padding\":\"xsmall\",\"padding_remove_bottom\":true},\"children\":[{\"name\":\"\",\"type\":\"row\",\"props\":{\"fixed_width\":\"large\",\"breakpoint\":\"m\",\"layout\":\"1-1\"},\"children\":[{\"name\":\"\",\"type\":\"column\",\"props\":{\"widths\":[\"1-1\"],\"image_position\":\"center-center\"},\"children\":[{\"name\":\"\",\"type\":\"headline\",\"props\":{\"title_element\":\"h1\",\"content\":\"\n\n<p>Cookie Policy<\\\/p>\"}}]}]}]},{\"name\":\"\",\"type\":\"section\",\"props\":{\"style\":\"default\",\"width\":\"default\",\"vertical_align\":\"middle\",\"title_position\":\"top-left\",\"title_rotation\":\"left\",\"title_breakpoint\":\"xl\",\"image_position\":\"center-center\"},\"children\":[{\"name\":\"\",\"type\":\"row\",\"props\":{\"fixed_width\":\"large\",\"breakpoint\":\"m\",\"layout\":\"1-1\"},\"children\":[{\"name\":\"\",\"type\":\"column\",\"props\":{\"widths\":[\"1-1\"],\"image_position\":\"center-center\"},\"children\":[{\"name\":\"\",\"type\":\"text\",\"props\":{\"margin\":\"default\",\"column_breakpoint\":\"m\",\"content\":\"\n\n<p><strong>Cookie<\\\/strong><\\\/p>\\n\n\n<p>Cookies sind kleine Textzeichenketten, die die vom Benutzer besuchten Seiten an sein Terminal (in der Regel an den Browser) senden, wo sie gespeichert werden, bevor sie beim n\\u00e4chsten Besuch desselben Benutzers wieder an dieselben Seiten \\u00fcbertragen werden. W\\u00e4hrend der Navigation auf einer Website kann der Nutzer auf seinem Terminal auch Cookies empfangen, die von verschiedenen Websites oder Webservern (sog. \\\"Dritten\\\") gesendet werden, auf denen einige Elemente (wie z.B. Bilder, Karten, Sounds, spezifische Links zu Seiten anderer Dom\\u00e4nen) auf der Website, die er besucht, vorhanden sein k\\u00f6nnen. Cookies, die in der Regel in sehr gro\\u00dfer Zahl und manchmal sogar mit langer zeitlicher Persistenz in den Browsern der Benutzer vorhanden sind, werden f\\u00fcr verschiedene Zwecke verwendet: Ausf\\u00fchrung der Authentifizierung, \\u00dcberwachung von Sitzungen, Speicherung von Informationen \\u00fcber bestimmte Konfigurationen von Benutzern, die auf den Server zugreifen, usw. In diesem Zusammenhang und f\\u00fcr die Zwecke der vorliegenden Bestimmung werden daher zwei Makrokategorien identifiziert: \\\"technische\\\" Cookies und \\\"Profiling\\\" Cookies.<\\\/p>\\n\n\n<ol>\\n\n\n<li><strong>Technische Cookies<\\\/strong><\\\/li>\\nTechnische Cookies sind solche, die ausschlie\\u00dflich zum Zwecke der \\\"\\u00dcbertragung einer Kommunikation \\u00fcber ein elektronisches Kommunikationsnetz\\\" oder in dem Ma\\u00dfe verwendet werden, wie es f\\u00fcr den Anbieter eines Dienstes der Informationsgesellschaft unbedingt erforderlich ist, den der Teilnehmer oder Nutzer ausdr\\u00fccklich aufgefordert hat, diesen Dienst anzubieten \\\" (siehe Artikel 122 Absatz 1 des Kodex). Sie werden nicht f\\u00fcr andere Zwecke verwendet und werden in der Regel direkt vom Eigent\\u00fcmer oder Manager der Website installiert. Sie k\\u00f6nnen in Navigations- oder Session-Cookies unterteilt werden, die die normale Navigation und Nutzung der Website gew\\u00e4hrleisten (z.B. um einen Kauf durchzuf\\u00fchren oder sich f\\u00fcr den Zugang zu gesch\\u00fctzten Bereichen zu authentifizieren); Analyse-Cookies, die den technischen Cookies gleichgesetzt werden, wenn sie direkt vom Betreiber der Website verwendet werden, um Informationen \\u00fcber die Anzahl der Benutzer und die Art und Weise, wie sie die Website besuchen, in zusammengefasster Form zu sammeln, und funktionale Cookies, die es dem Benutzer erm\\u00f6glichen, nach einer Reihe von ausgew\\u00e4hlten Kriterien (z.B. die Sprache, die zum Kauf ausgew\\u00e4hlten Produkte) zu surfen, um den Service f\\u00fcr denselben zu verbessern.\\n\n\n<li><strong>Profilerstellung von CookiesProfilerstellung von Cookies<\\\/strong><\\\/li>\\nProfiling-Cookies dienen dazu, benutzerbezogene Profile zu erstellen und werden verwendet, um Werbebotschaften entsprechend den Pr\\u00e4ferenzen zu versenden, die diese im Zusammenhang mit dem Surfen im Internet zum Ausdruck bringen.<\\\/ol>\\n\n\n<p><strong>Welche Cookies werden von dieser Website verwendet?<\\\/strong><\\\/p>\\n\n\n<p>Diese Website verwendet verschiedene Arten von Cookies und verwandte Technologien, von denen jedes eine bestimmte Funktion hat. Die Website kann von den Nutzern auch ohne den Einsatz von Cookies navigiert werden, aber die Navigation ist m\\u00f6glicherweise nicht optimal. Die verwendeten Cookies und die damit verbundene Funktion sind nachfolgend aufgef\\u00fchrt.<\\\/p>\\n\n\n<p><strong>Navigations- und Session-Cookies<\\\/strong><\\\/p>\\n\n\n<p>Die Navigations- und Session-Cookies gew\\u00e4hrleisten die normale Navigation und Nutzung der Website (z.B. um die Inhalte auf dem Ger\\u00e4t anzuzeigen, indem sie die Sprache des Landes erkennen, aus dem der Nutzer sich verbindet, oder um im E-Commerce einzukaufen). Navigations-Cookies sind technische Cookies und sind daher f\\u00fcr den Betrieb der Website erforderlich, um die Qualit\\u00e4t und das Surferlebnis zu verbessern.<\\\/p>\\n\n\n<p><strong>Analytische Cookies<\\\/strong><\\\/p>\\n\n\n<p>Diese Website verwendet Google Analytics, um statistische Analysen dar\\u00fcber zu sammeln und zu verarbeiten, wie Benutzer die Website durch den Computer oder mobile Anwendungen navigieren, wie viele Seiten besucht wurden oder wie viele Klicks auf eine Seite gemacht wurden, w\\u00e4hrend sie eine Website besuchen. Die auf unserer Website generierten Informationen werden von unserem Unternehmen verwendet, um Berichte \\u00fcber die Nutzung der Website zur Verbesserung der Benutzerfreundlichkeit, Funktionalit\\u00e4t, Schnittstelle und Kommunikation zu erstellen. Unsere Website behandelt die Ergebnisse dieser Analysen anonym und ausschlie\\u00dflich zu statistischen Zwecken.<\\\/p>\\n\n\n<p>Datenschutzerkl\\u00e4rung Google Analytics<\\\/p>\\n\n\n<p><a href=\\\"https:\\\/\\\/www.google.com\\\/analytics\\\/learn\\\/privacy.html?hl=es\\\">https:\\\/\\\/www.google.com\\\/analytics\\\/learn\\\/privacy.html?hl=es<\\\/a><\\\/p>\\n\n\n<p><strong>Wie man Cookies deaktiviert<\\\/strong><\\\/p>\\n\n\n<p>Fast alle Browser sind so eingestellt, dass sie Cookies automatisch akzeptieren. Sie k\\u00f6nnen Cookies \\u00fcber die Einstellungen Ihres Browsers \\u00fcberpr\\u00fcfen und ggf. deaktivieren. Das Deaktivieren und Blockieren von Browser-Cookies oder funktionalen Cookies kann eine optimale Nutzung bestimmter Bereiche der Website verhindern und den von der Website angebotenen Service einschr\\u00e4nken.<br \\\/>Nachfolgend finden Sie Links zu den Leitf\\u00e4den zur Verwaltung von Cookies in den Haupt-Browsern:<\\\/p>\\n\n\n<p>Internet Explorer: <a href=\\\"http:\\\/\\\/windows.microsoft.com\\\/it-it\\\/windows7\\\/block-enable-or-allow-cookies\\\">http:\\\/\\\/windows.microsoft.com\\\/it-it\\\/windows7\\\/block-enable-or-allow-cookies<\\\/a><\\\/p>\\n\n\n<p>Safari: <a href=\\\"http:\\\/\\\/support.apple.com\\\/kb\\\/PH11913\\\">http:\\\/\\\/support.apple.com\\\/kb\\\/PH11913<\\\/a><\\\/p>\\n\n\n<p>Chrom: <a href=\\\"https:\\\/\\\/support.google.com\\\/chrome\\\/answer\\\/95647?hl=it-IT&amp;hlrm=fr&amp;hlrm=fr&amp;hlrm=de\\\">https:\\\/\\\/support.google.com\\\/chrome\\\/answer\\\/95647?hl=it-IT&amp;hlrm=fr&amp;hlrm=fr&amp;hlrm=de<\\\/a><\\\/p>\\n\n\n<p>Firefox: <a href=\\\"http:\\\/\\\/support.mozilla.org\\\/it-IT\\\/kb\\\/enable-and-disable-cookies-website-preferences\\\">http:\\\/\\\/support.mozilla.org\\\/it-IT\\\/kb\\\/enable-and-disable-cookies-website-preferences<\\\/a><\\\/p>\\n\n\n<p>Um analytische Cookies zu deaktivieren und zu verhindern, dass Google Analytics Daten \\u00fcber das Surfen auf dieser Website sammelt, k\\u00f6nnen Sie das Browser-Add-on zum Deaktivieren von Google Analytics herunterladen: https: \\\/\\\/tools.google.com\\\/dlpage\\\/gaoptout.<\\\/p>\",\"text_style\":\"\",\"text_color\":\"\",\"text_size\":\"\",\"column\":\"\",\"text_align\":\"\",\"text_align_breakpoint\":\"\",\"text_align_fallback\":\"\",\"maxwidth\":\"\",\"maxwidth_align\":\"\",\"maxwidth_breakpoint\":\"\",\"animation\":\"\",\"visibility\":\"\"}}]}]}]}]} --><\/p>\n","protected":false},"excerpt":{"rendered":"<p>Cookie Policy Cookie Cookies sind kleine Textzeichenketten, die die vom Benutzer besuchten Seiten an sein Terminal (in der Regel an den Browser) senden, wo sie gespeichert werden, bevor sie beim n\u00e4chsten Besuch desselben Benutzers wieder an dieselben Seiten \u00fcbertragen werden. W\u00e4hrend der Navigation auf einer Website kann der Nutzer auf seinem Terminal auch Cookies empfangen, [&hellip;]<\/p>\n","protected":false},"author":1,"featured_media":0,"parent":0,"menu_order":0,"comment_status":"closed","ping_status":"closed","template":"","meta":{"footnotes":""},"class_list":["post-3125","page","type-page","status-publish","hentry"],"yoast_head":"<!-- This site is optimized with the Yoast SEO plugin v27.5 - https:\/\/yoast.com\/product\/yoast-seo-wordpress\/ -->\n<title>Cookies Policy - ZMC Italia<\/title>\n<meta name=\"robots\" content=\"index, follow, max-snippet:-1, max-image-preview:large, max-video-preview:-1\" \/>\n<link rel=\"canonical\" href=\"https:\/\/www.zmc.it\/de\/cookies-policy\/\" \/>\n<meta property=\"og:locale\" content=\"de_DE\" \/>\n<meta property=\"og:type\" content=\"article\" \/>\n<meta property=\"og:title\" content=\"Cookies Policy - ZMC Italia\" \/>\n<meta property=\"og:description\" content=\"Cookie Policy Cookie Cookies sind kleine Textzeichenketten, die die vom Benutzer besuchten Seiten an sein Terminal (in der Regel an den Browser) senden, wo sie gespeichert werden, bevor sie beim n\u00e4chsten Besuch desselben Benutzers wieder an dieselben Seiten \u00fcbertragen werden. W\u00e4hrend der Navigation auf einer Website kann der Nutzer auf seinem Terminal auch Cookies empfangen, [&hellip;]\" \/>\n<meta property=\"og:url\" content=\"https:\/\/www.zmc.it\/de\/cookies-policy\/\" \/>\n<meta property=\"og:site_name\" content=\"ZMC Italia\" \/>\n<meta property=\"article:modified_time\" content=\"2018-11-19T17:48:12+00:00\" \/>\n<meta property=\"og:image\" content=\"https:\/\/www.zmc.it\/wp-content\/uploads\/FOTO-SLIDER-2.jpg\" \/>\n\t<meta property=\"og:image:width\" content=\"1600\" \/>\n\t<meta property=\"og:image:height\" content=\"500\" \/>\n\t<meta property=\"og:image:type\" content=\"image\/jpeg\" \/>\n<meta name=\"twitter:card\" content=\"summary_large_image\" \/>\n<meta name=\"twitter:label1\" content=\"Gesch\u00e4tzte Lesezeit\" \/>\n\t<meta name=\"twitter:data1\" content=\"4\u00a0Minuten\" \/>\n<script type=\"application\/ld+json\" class=\"yoast-schema-graph\">{\"@context\":\"https:\\\/\\\/schema.org\",\"@graph\":[{\"@type\":\"WebPage\",\"@id\":\"https:\\\/\\\/www.zmc.it\\\/de\\\/cookies-policy\\\/\",\"url\":\"https:\\\/\\\/www.zmc.it\\\/de\\\/cookies-policy\\\/\",\"name\":\"Cookies Policy - ZMC Italia\",\"isPartOf\":{\"@id\":\"https:\\\/\\\/www.zmc.it\\\/#website\"},\"datePublished\":\"2018-10-02T14:02:03+00:00\",\"dateModified\":\"2018-11-19T17:48:12+00:00\",\"breadcrumb\":{\"@id\":\"https:\\\/\\\/www.zmc.it\\\/de\\\/cookies-policy\\\/#breadcrumb\"},\"inLanguage\":\"de\",\"potentialAction\":[{\"@type\":\"ReadAction\",\"target\":[\"https:\\\/\\\/www.zmc.it\\\/de\\\/cookies-policy\\\/\"]}]},{\"@type\":\"BreadcrumbList\",\"@id\":\"https:\\\/\\\/www.zmc.it\\\/de\\\/cookies-policy\\\/#breadcrumb\",\"itemListElement\":[{\"@type\":\"ListItem\",\"position\":1,\"name\":\"Home\",\"item\":\"https:\\\/\\\/www.zmc.it\\\/de\\\/\"},{\"@type\":\"ListItem\",\"position\":2,\"name\":\"Cookies Policy\"}]},{\"@type\":\"WebSite\",\"@id\":\"https:\\\/\\\/www.zmc.it\\\/#website\",\"url\":\"https:\\\/\\\/www.zmc.it\\\/\",\"name\":\"ZMC Italia\",\"description\":\"\",\"publisher\":{\"@id\":\"https:\\\/\\\/www.zmc.it\\\/#organization\"},\"potentialAction\":[{\"@type\":\"SearchAction\",\"target\":{\"@type\":\"EntryPoint\",\"urlTemplate\":\"https:\\\/\\\/www.zmc.it\\\/?s={search_term_string}\"},\"query-input\":{\"@type\":\"PropertyValueSpecification\",\"valueRequired\":true,\"valueName\":\"search_term_string\"}}],\"inLanguage\":\"de\"},{\"@type\":\"Organization\",\"@id\":\"https:\\\/\\\/www.zmc.it\\\/#organization\",\"name\":\"ZMC Italy\",\"url\":\"https:\\\/\\\/www.zmc.it\\\/\",\"logo\":{\"@type\":\"ImageObject\",\"inLanguage\":\"de\",\"@id\":\"https:\\\/\\\/www.zmc.it\\\/#\\\/schema\\\/logo\\\/image\\\/\",\"url\":\"https:\\\/\\\/www.zmc.it\\\/wp-content\\\/uploads\\\/zmc-logo.png\",\"contentUrl\":\"https:\\\/\\\/www.zmc.it\\\/wp-content\\\/uploads\\\/zmc-logo.png\",\"width\":150,\"height\":75,\"caption\":\"ZMC Italy\"},\"image\":{\"@id\":\"https:\\\/\\\/www.zmc.it\\\/#\\\/schema\\\/logo\\\/image\\\/\"},\"sameAs\":[\"https:\\\/\\\/www.linkedin.com\\\/company\\\/z.m.c.-italia-s.r.l.\\\/about\\\/\"]}]}<\/script>\n<!-- \/ Yoast SEO plugin. -->","yoast_head_json":{"title":"Cookies Policy - ZMC Italia","robots":{"index":"index","follow":"follow","max-snippet":"max-snippet:-1","max-image-preview":"max-image-preview:large","max-video-preview":"max-video-preview:-1"},"canonical":"https:\/\/www.zmc.it\/de\/cookies-policy\/","og_locale":"de_DE","og_type":"article","og_title":"Cookies Policy - ZMC Italia","og_description":"Cookie Policy Cookie Cookies sind kleine Textzeichenketten, die die vom Benutzer besuchten Seiten an sein Terminal (in der Regel an den Browser) senden, wo sie gespeichert werden, bevor sie beim n\u00e4chsten Besuch desselben Benutzers wieder an dieselben Seiten \u00fcbertragen werden. W\u00e4hrend der Navigation auf einer Website kann der Nutzer auf seinem Terminal auch Cookies empfangen, [&hellip;]","og_url":"https:\/\/www.zmc.it\/de\/cookies-policy\/","og_site_name":"ZMC Italia","article_modified_time":"2018-11-19T17:48:12+00:00","og_image":[{"width":1600,"height":500,"url":"https:\/\/www.zmc.it\/wp-content\/uploads\/FOTO-SLIDER-2.jpg","type":"image\/jpeg"}],"twitter_card":"summary_large_image","twitter_misc":{"Gesch\u00e4tzte Lesezeit":"4\u00a0Minuten"},"schema":{"@context":"https:\/\/schema.org","@graph":[{"@type":"WebPage","@id":"https:\/\/www.zmc.it\/de\/cookies-policy\/","url":"https:\/\/www.zmc.it\/de\/cookies-policy\/","name":"Cookies Policy - ZMC Italia","isPartOf":{"@id":"https:\/\/www.zmc.it\/#website"},"datePublished":"2018-10-02T14:02:03+00:00","dateModified":"2018-11-19T17:48:12+00:00","breadcrumb":{"@id":"https:\/\/www.zmc.it\/de\/cookies-policy\/#breadcrumb"},"inLanguage":"de","potentialAction":[{"@type":"ReadAction","target":["https:\/\/www.zmc.it\/de\/cookies-policy\/"]}]},{"@type":"BreadcrumbList","@id":"https:\/\/www.zmc.it\/de\/cookies-policy\/#breadcrumb","itemListElement":[{"@type":"ListItem","position":1,"name":"Home","item":"https:\/\/www.zmc.it\/de\/"},{"@type":"ListItem","position":2,"name":"Cookies Policy"}]},{"@type":"WebSite","@id":"https:\/\/www.zmc.it\/#website","url":"https:\/\/www.zmc.it\/","name":"ZMC Italia","description":"","publisher":{"@id":"https:\/\/www.zmc.it\/#organization"},"potentialAction":[{"@type":"SearchAction","target":{"@type":"EntryPoint","urlTemplate":"https:\/\/www.zmc.it\/?s={search_term_string}"},"query-input":{"@type":"PropertyValueSpecification","valueRequired":true,"valueName":"search_term_string"}}],"inLanguage":"de"},{"@type":"Organization","@id":"https:\/\/www.zmc.it\/#organization","name":"ZMC Italy","url":"https:\/\/www.zmc.it\/","logo":{"@type":"ImageObject","inLanguage":"de","@id":"https:\/\/www.zmc.it\/#\/schema\/logo\/image\/","url":"https:\/\/www.zmc.it\/wp-content\/uploads\/zmc-logo.png","contentUrl":"https:\/\/www.zmc.it\/wp-content\/uploads\/zmc-logo.png","width":150,"height":75,"caption":"ZMC Italy"},"image":{"@id":"https:\/\/www.zmc.it\/#\/schema\/logo\/image\/"},"sameAs":["https:\/\/www.linkedin.com\/company\/z.m.c.-italia-s.r.l.\/about\/"]}]}},"_links":{"self":[{"href":"https:\/\/www.zmc.it\/de\/wp-json\/wp\/v2\/pages\/3125","targetHints":{"allow":["GET"]}}],"collection":[{"href":"https:\/\/www.zmc.it\/de\/wp-json\/wp\/v2\/pages"}],"about":[{"href":"https:\/\/www.zmc.it\/de\/wp-json\/wp\/v2\/types\/page"}],"author":[{"embeddable":true,"href":"https:\/\/www.zmc.it\/de\/wp-json\/wp\/v2\/users\/1"}],"replies":[{"embeddable":true,"href":"https:\/\/www.zmc.it\/de\/wp-json\/wp\/v2\/comments?post=3125"}],"version-history":[{"count":0,"href":"https:\/\/www.zmc.it\/de\/wp-json\/wp\/v2\/pages\/3125\/revisions"}],"wp:attachment":[{"href":"https:\/\/www.zmc.it\/de\/wp-json\/wp\/v2\/media?parent=3125"}],"curies":[{"name":"wp","href":"https:\/\/api.w.org\/{rel}","templated":true}]}}