{"id":3108,"date":"2018-03-16T06:58:37","date_gmt":"2018-03-16T06:58:37","guid":{"rendered":"http:\/\/test.zmcitaly.it\/servizi\/"},"modified":"2018-11-07T14:23:29","modified_gmt":"2018-11-07T14:23:29","slug":"dienstleistungen","status":"publish","type":"page","link":"https:\/\/www.zmc.it\/de\/dienstleistungen\/","title":{"rendered":"Dienstleistungen"},"content":{"rendered":"<p>Dienstleistungen<\/p>\n<p>Die Dienstleistungen, die unseren Kunden zur Verf\u00fcgung stehen<\/p>\n<p>Vertrieb: Engagierte und qualifizierte Vertriebsmitarbeiter unterteilt in sechs Bereichsleiter f\u00fcr, f\u00fcnf Assistenten und zwei Ingenieure. Sie stehen Ihnen direkt zur Verf\u00fcgung, um Ihre Anforderungen bestm\u00f6glich und schnellstm\u00f6glich zu erf\u00fcllen.<br \/>\nSchnelle Antworten auf Anfragen.<br \/>\nHohe Verf\u00fcgbarkeit von Lagerketten mit mehr als 100.000 m Standardketten auf Lager.<br \/>\nSchnelle Auftragsabwicklung.<br \/>\nBeratung bei der Kettenauslegung dank eines Teams von Technikern und Ingenieuren.<br \/>\n\u00fcber 60 Jahre Kompetenz und Erfahrung in allen Industriezweigen.<br \/>\nTechnische und kommerzielle Unterst\u00fctzung durch ein weit verzweigtes Netzwerk von Agenten und Distributoren.<br \/>\nBeratung bei der Auswahl des Schmierstoffs.<br \/>\nLaboranalysen, Gaschromatographie und Zugversuche.\n<\/p>\n<p><!-- {\"name\":\"\",\"type\":\"layout\",\"children\":[{\"name\":\"BREAD\",\"type\":\"section\",\"props\":{\"style\":\"default\",\"width\":\"default\",\"vertical_align\":\"middle\",\"title_position\":\"top-left\",\"title_rotation\":\"left\",\"title_breakpoint\":\"xl\",\"image_position\":\"center-center\",\"padding\":\"xsmall\",\"padding_remove_bottom\":true},\"children\":[{\"name\":\"\",\"type\":\"row\",\"props\":{\"fixed_width\":\"large\",\"breakpoint\":\"m\",\"layout\":\"1-1\"},\"children\":[{\"name\":\"\",\"type\":\"column\",\"props\":{\"widths\":[\"1-1\"],\"image_position\":\"center-center\"},\"children\":[{\"name\":\"\",\"type\":\"headline\",\"props\":{\"title_element\":\"h1\",\"content\":\"Dienstleistungen\",\"title_style\":\"\",\"title_decoration\":\"\",\"title_color\":\"\",\"text_align\":\"\",\"text_align_breakpoint\":\"\",\"text_align_fallback\":\"\",\"maxwidth\":\"\",\"maxwidth_align\":\"\",\"maxwidth_breakpoint\":\"\",\"margin\":\"\",\"animation\":\"\",\"visibility\":\"\"}}]}]}]},{\"name\":\"\",\"type\":\"section\",\"props\":{\"style\":\"default\",\"width\":\"default\",\"vertical_align\":\"middle\",\"title_position\":\"top-left\",\"title_rotation\":\"left\",\"title_breakpoint\":\"xl\",\"image_position\":\"center-center\"},\"children\":[{\"name\":\"\",\"type\":\"row\",\"props\":{\"fixed_width\":\"large\",\"breakpoint\":\"m\",\"layout\":\"2-3,\"},\"children\":[{\"name\":\"\",\"type\":\"column\",\"props\":{\"widths\":[\"2-3\"],\"image_position\":\"center-center\"},\"children\":[{\"name\":\"\",\"type\":\"text\",\"props\":{\"margin\":\"default\",\"column_breakpoint\":\"m\",\"content\":\"\n\n<h4><strong>Die Dienstleistungen, die unseren Kunden zur Verf\\u00fcgung stehen<\\\/strong><\\\/h4>\\n\n\n<ul>\\n\n\n<li>Vertrieb: Engagierte und qualifizierte Vertriebsmitarbeiter unterteilt in sechs Bereichsleiter f\\u00fcr, f\\u00fcnf Assistenten und zwei Ingenieure. Sie stehen Ihnen direkt zur Verf\\u00fcgung, um Ihre Anforderungen bestm\\u00f6glich und schnellstm\\u00f6glich zu erf\\u00fcllen.<br \\\/><br \\\/><\\\/li>\\n\n\n<li>Schnelle Antworten auf Anfragen.<br \\\/><br \\\/><\\\/li>\\n\n\n<li>Hohe Verf\\u00fcgbarkeit von Lagerketten mit mehr als 100.000 m Standardketten auf Lager.<br \\\/><br \\\/><\\\/li>\\n\n\n<li>Schnelle Auftragsabwicklung.<br \\\/><br \\\/><\\\/li>\\n\n\n<li>Beratung bei der Kettenauslegung dank eines Teams von Technikern und Ingenieuren.<br \\\/><br \\\/><\\\/li>\\n\n\n<li>\\u00fcber 60 Jahre Kompetenz und Erfahrung in allen Industriezweigen.<br \\\/><br \\\/><\\\/li>\\n\n\n<li>Technische und kommerzielle Unterst\\u00fctzung durch ein weit verzweigtes Netzwerk von Agenten und Distributoren.<br \\\/><br \\\/><\\\/li>\\n\n\n<li>Beratung bei der Auswahl des Schmierstoffs.<br \\\/><br \\\/><\\\/li>\\n\n\n<li>Laboranalysen, Gaschromatographie und Zugversuche.<\\\/li>\\n<\\\/ul>\",\"text_style\":\"\",\"text_color\":\"\",\"text_size\":\"\",\"column\":\"\",\"text_align\":\"\",\"text_align_breakpoint\":\"\",\"text_align_fallback\":\"\",\"maxwidth\":\"\",\"maxwidth_align\":\"\",\"maxwidth_breakpoint\":\"\",\"animation\":\"\",\"visibility\":\"\"}}]},{\"name\":\"\",\"type\":\"column\",\"props\":{\"widths\":[\"\"],\"image_position\":\"center-center\"},\"children\":[{\"name\":\"\",\"type\":\"gallery\",\"props\":{\"show_title\":false,\"show_meta\":false,\"show_content\":false,\"show_link\":false,\"show_hover_image\":true,\"grid_default\":\"1\",\"grid_medium\":\"1\",\"overlay_mode\":\"cover\",\"overlay_position\":\"center\",\"overlay_transition\":\"fade\",\"title_element\":\"h3\",\"meta_style\":\"meta\",\"meta_align\":\"bottom\",\"text_align\":\"center\",\"margin\":\"default\"},\"children\":[{\"name\":\"\",\"type\":\"gallery_item\",\"props\":{\"image\":\"wp-content\\\/uploads\\\/macchinario4.jpg\"}}]}]}]},{\"name\":\"\",\"type\":\"row\",\"props\":{\"fixed_width\":\"large\",\"breakpoint\":\"m\",\"layout\":\"1-1\"},\"children\":[{\"name\":\"\",\"type\":\"column\",\"props\":{\"widths\":[\"1-1\"],\"image_position\":\"center-center\"},\"children\":[{\"name\":\"\",\"type\":\"gallery\",\"props\":{\"show_title\":false,\"show_meta\":false,\"show_content\":false,\"show_link\":false,\"show_hover_image\":true,\"grid_default\":\"1\",\"grid_medium\":\"3\",\"overlay_mode\":\"cover\",\"overlay_position\":\"center\",\"overlay_transition\":\"fade\",\"title_element\":\"h3\",\"meta_style\":\"meta\",\"meta_align\":\"bottom\",\"text_align\":\"center\",\"margin\":\"default\"},\"children\":[{\"name\":\"\",\"type\":\"gallery_item\",\"props\":{\"image\":\"wp-content\\\/uploads\\\/macchinario5.jpg\"}},{\"name\":\"\",\"type\":\"gallery_item\",\"props\":{\"image\":\"wp-content\\\/uploads\\\/azienda-produzione2.jpg\"}},{\"name\":\"\",\"type\":\"gallery_item\",\"props\":{\"image\":\"wp-content\\\/uploads\\\/azienda-magazzino.jpg\"}}]}]}]}]}]} --><\/p>\n","protected":false},"excerpt":{"rendered":"<p>Dienstleistungen Die Dienstleistungen, die unseren Kunden zur Verf\u00fcgung stehen Vertrieb: Engagierte und qualifizierte Vertriebsmitarbeiter unterteilt in sechs Bereichsleiter f\u00fcr, f\u00fcnf Assistenten und zwei Ingenieure. Sie stehen Ihnen direkt zur Verf\u00fcgung, um Ihre Anforderungen bestm\u00f6glich und schnellstm\u00f6glich zu erf\u00fcllen. Schnelle Antworten auf Anfragen. Hohe Verf\u00fcgbarkeit von Lagerketten mit mehr als 100.000 m Standardketten auf Lager. Schnelle [&hellip;]<\/p>\n","protected":false},"author":1,"featured_media":0,"parent":0,"menu_order":0,"comment_status":"closed","ping_status":"closed","template":"","meta":{"footnotes":""},"class_list":["post-3108","page","type-page","status-publish","hentry"],"yoast_head":"<!-- This site is optimized with the Yoast SEO plugin v27.5 - https:\/\/yoast.com\/product\/yoast-seo-wordpress\/ -->\n<title>Dienstleistungen - ZMC Italia<\/title>\n<meta name=\"robots\" content=\"index, follow, max-snippet:-1, max-image-preview:large, max-video-preview:-1\" \/>\n<link rel=\"canonical\" href=\"https:\/\/www.zmc.it\/de\/dienstleistungen\/\" \/>\n<meta property=\"og:locale\" content=\"de_DE\" \/>\n<meta property=\"og:type\" content=\"article\" \/>\n<meta property=\"og:title\" content=\"Dienstleistungen - ZMC Italia\" \/>\n<meta property=\"og:description\" content=\"Dienstleistungen Die Dienstleistungen, die unseren Kunden zur Verf\u00fcgung stehen Vertrieb: Engagierte und qualifizierte Vertriebsmitarbeiter unterteilt in sechs Bereichsleiter f\u00fcr, f\u00fcnf Assistenten und zwei Ingenieure. Sie stehen Ihnen direkt zur Verf\u00fcgung, um Ihre Anforderungen bestm\u00f6glich und schnellstm\u00f6glich zu erf\u00fcllen. Schnelle Antworten auf Anfragen. Hohe Verf\u00fcgbarkeit von Lagerketten mit mehr als 100.000 m Standardketten auf Lager. Schnelle [&hellip;]\" \/>\n<meta property=\"og:url\" content=\"https:\/\/www.zmc.it\/de\/dienstleistungen\/\" \/>\n<meta property=\"og:site_name\" content=\"ZMC Italia\" \/>\n<meta property=\"article:modified_time\" content=\"2018-11-07T14:23:29+00:00\" \/>\n<meta property=\"og:image\" content=\"https:\/\/www.zmc.it\/wp-content\/uploads\/FOTO-SLIDER-2.jpg\" \/>\n\t<meta property=\"og:image:width\" content=\"1600\" \/>\n\t<meta property=\"og:image:height\" content=\"500\" \/>\n\t<meta property=\"og:image:type\" content=\"image\/jpeg\" \/>\n<meta name=\"twitter:card\" content=\"summary_large_image\" \/>\n<meta name=\"twitter:label1\" content=\"Gesch\u00e4tzte Lesezeit\" \/>\n\t<meta name=\"twitter:data1\" content=\"1\u00a0Minute\" \/>\n<script type=\"application\/ld+json\" class=\"yoast-schema-graph\">{\"@context\":\"https:\\\/\\\/schema.org\",\"@graph\":[{\"@type\":\"WebPage\",\"@id\":\"https:\\\/\\\/www.zmc.it\\\/de\\\/dienstleistungen\\\/\",\"url\":\"https:\\\/\\\/www.zmc.it\\\/de\\\/dienstleistungen\\\/\",\"name\":\"Dienstleistungen - ZMC Italia\",\"isPartOf\":{\"@id\":\"https:\\\/\\\/www.zmc.it\\\/#website\"},\"datePublished\":\"2018-03-16T06:58:37+00:00\",\"dateModified\":\"2018-11-07T14:23:29+00:00\",\"breadcrumb\":{\"@id\":\"https:\\\/\\\/www.zmc.it\\\/de\\\/dienstleistungen\\\/#breadcrumb\"},\"inLanguage\":\"de\",\"potentialAction\":[{\"@type\":\"ReadAction\",\"target\":[\"https:\\\/\\\/www.zmc.it\\\/de\\\/dienstleistungen\\\/\"]}]},{\"@type\":\"BreadcrumbList\",\"@id\":\"https:\\\/\\\/www.zmc.it\\\/de\\\/dienstleistungen\\\/#breadcrumb\",\"itemListElement\":[{\"@type\":\"ListItem\",\"position\":1,\"name\":\"Home\",\"item\":\"https:\\\/\\\/www.zmc.it\\\/de\\\/\"},{\"@type\":\"ListItem\",\"position\":2,\"name\":\"Dienstleistungen\"}]},{\"@type\":\"WebSite\",\"@id\":\"https:\\\/\\\/www.zmc.it\\\/#website\",\"url\":\"https:\\\/\\\/www.zmc.it\\\/\",\"name\":\"ZMC Italia\",\"description\":\"\",\"publisher\":{\"@id\":\"https:\\\/\\\/www.zmc.it\\\/#organization\"},\"potentialAction\":[{\"@type\":\"SearchAction\",\"target\":{\"@type\":\"EntryPoint\",\"urlTemplate\":\"https:\\\/\\\/www.zmc.it\\\/?s={search_term_string}\"},\"query-input\":{\"@type\":\"PropertyValueSpecification\",\"valueRequired\":true,\"valueName\":\"search_term_string\"}}],\"inLanguage\":\"de\"},{\"@type\":\"Organization\",\"@id\":\"https:\\\/\\\/www.zmc.it\\\/#organization\",\"name\":\"ZMC Italy\",\"url\":\"https:\\\/\\\/www.zmc.it\\\/\",\"logo\":{\"@type\":\"ImageObject\",\"inLanguage\":\"de\",\"@id\":\"https:\\\/\\\/www.zmc.it\\\/#\\\/schema\\\/logo\\\/image\\\/\",\"url\":\"https:\\\/\\\/www.zmc.it\\\/wp-content\\\/uploads\\\/zmc-logo.png\",\"contentUrl\":\"https:\\\/\\\/www.zmc.it\\\/wp-content\\\/uploads\\\/zmc-logo.png\",\"width\":150,\"height\":75,\"caption\":\"ZMC Italy\"},\"image\":{\"@id\":\"https:\\\/\\\/www.zmc.it\\\/#\\\/schema\\\/logo\\\/image\\\/\"},\"sameAs\":[\"https:\\\/\\\/www.linkedin.com\\\/company\\\/z.m.c.-italia-s.r.l.\\\/about\\\/\"]}]}<\/script>\n<!-- \/ Yoast SEO plugin. -->","yoast_head_json":{"title":"Dienstleistungen - ZMC Italia","robots":{"index":"index","follow":"follow","max-snippet":"max-snippet:-1","max-image-preview":"max-image-preview:large","max-video-preview":"max-video-preview:-1"},"canonical":"https:\/\/www.zmc.it\/de\/dienstleistungen\/","og_locale":"de_DE","og_type":"article","og_title":"Dienstleistungen - ZMC Italia","og_description":"Dienstleistungen Die Dienstleistungen, die unseren Kunden zur Verf\u00fcgung stehen Vertrieb: Engagierte und qualifizierte Vertriebsmitarbeiter unterteilt in sechs Bereichsleiter f\u00fcr, f\u00fcnf Assistenten und zwei Ingenieure. Sie stehen Ihnen direkt zur Verf\u00fcgung, um Ihre Anforderungen bestm\u00f6glich und schnellstm\u00f6glich zu erf\u00fcllen. Schnelle Antworten auf Anfragen. Hohe Verf\u00fcgbarkeit von Lagerketten mit mehr als 100.000 m Standardketten auf Lager. Schnelle [&hellip;]","og_url":"https:\/\/www.zmc.it\/de\/dienstleistungen\/","og_site_name":"ZMC Italia","article_modified_time":"2018-11-07T14:23:29+00:00","og_image":[{"width":1600,"height":500,"url":"https:\/\/www.zmc.it\/wp-content\/uploads\/FOTO-SLIDER-2.jpg","type":"image\/jpeg"}],"twitter_card":"summary_large_image","twitter_misc":{"Gesch\u00e4tzte Lesezeit":"1\u00a0Minute"},"schema":{"@context":"https:\/\/schema.org","@graph":[{"@type":"WebPage","@id":"https:\/\/www.zmc.it\/de\/dienstleistungen\/","url":"https:\/\/www.zmc.it\/de\/dienstleistungen\/","name":"Dienstleistungen - ZMC Italia","isPartOf":{"@id":"https:\/\/www.zmc.it\/#website"},"datePublished":"2018-03-16T06:58:37+00:00","dateModified":"2018-11-07T14:23:29+00:00","breadcrumb":{"@id":"https:\/\/www.zmc.it\/de\/dienstleistungen\/#breadcrumb"},"inLanguage":"de","potentialAction":[{"@type":"ReadAction","target":["https:\/\/www.zmc.it\/de\/dienstleistungen\/"]}]},{"@type":"BreadcrumbList","@id":"https:\/\/www.zmc.it\/de\/dienstleistungen\/#breadcrumb","itemListElement":[{"@type":"ListItem","position":1,"name":"Home","item":"https:\/\/www.zmc.it\/de\/"},{"@type":"ListItem","position":2,"name":"Dienstleistungen"}]},{"@type":"WebSite","@id":"https:\/\/www.zmc.it\/#website","url":"https:\/\/www.zmc.it\/","name":"ZMC Italia","description":"","publisher":{"@id":"https:\/\/www.zmc.it\/#organization"},"potentialAction":[{"@type":"SearchAction","target":{"@type":"EntryPoint","urlTemplate":"https:\/\/www.zmc.it\/?s={search_term_string}"},"query-input":{"@type":"PropertyValueSpecification","valueRequired":true,"valueName":"search_term_string"}}],"inLanguage":"de"},{"@type":"Organization","@id":"https:\/\/www.zmc.it\/#organization","name":"ZMC Italy","url":"https:\/\/www.zmc.it\/","logo":{"@type":"ImageObject","inLanguage":"de","@id":"https:\/\/www.zmc.it\/#\/schema\/logo\/image\/","url":"https:\/\/www.zmc.it\/wp-content\/uploads\/zmc-logo.png","contentUrl":"https:\/\/www.zmc.it\/wp-content\/uploads\/zmc-logo.png","width":150,"height":75,"caption":"ZMC Italy"},"image":{"@id":"https:\/\/www.zmc.it\/#\/schema\/logo\/image\/"},"sameAs":["https:\/\/www.linkedin.com\/company\/z.m.c.-italia-s.r.l.\/about\/"]}]}},"_links":{"self":[{"href":"https:\/\/www.zmc.it\/de\/wp-json\/wp\/v2\/pages\/3108","targetHints":{"allow":["GET"]}}],"collection":[{"href":"https:\/\/www.zmc.it\/de\/wp-json\/wp\/v2\/pages"}],"about":[{"href":"https:\/\/www.zmc.it\/de\/wp-json\/wp\/v2\/types\/page"}],"author":[{"embeddable":true,"href":"https:\/\/www.zmc.it\/de\/wp-json\/wp\/v2\/users\/1"}],"replies":[{"embeddable":true,"href":"https:\/\/www.zmc.it\/de\/wp-json\/wp\/v2\/comments?post=3108"}],"version-history":[{"count":0,"href":"https:\/\/www.zmc.it\/de\/wp-json\/wp\/v2\/pages\/3108\/revisions"}],"wp:attachment":[{"href":"https:\/\/www.zmc.it\/de\/wp-json\/wp\/v2\/media?parent=3108"}],"curies":[{"name":"wp","href":"https:\/\/api.w.org\/{rel}","templated":true}]}}