{"id":3103,"date":"2018-03-16T06:58:07","date_gmt":"2018-03-16T06:58:07","guid":{"rendered":"http:\/\/test.zmcitaly.it\/note-tecniche\/"},"modified":"2025-07-09T09:35:14","modified_gmt":"2025-07-09T09:35:14","slug":"technische-hinweise","status":"publish","type":"page","link":"https:\/\/www.zmc.it\/de\/technische-hinweise\/","title":{"rendered":"Technische Hinweise"},"content":{"rendered":"<h1>Technische Hinweise<\/h1>\n<div>\n<p>In den Technischen Hinweisen finden Sie die Berechnungsverfahren, mit denen Sie f\u00fcr jede Anwendung die passende Kette ausw\u00e4hlen k\u00f6nnen.<\/p>\n<p>Weitere n\u00fctzliche allgemeine Informationen \u00fcber F\u00f6rderketten und deren korrekte Verwendung sind ebenfalls vorhanden.<\/p>\n<p>Wenn die technischen Unterlagen nicht ausreichen, um Zweifel auszur\u00e4umen, ist es jederzeit m\u00f6glich, direkt auf die ZMC-Expertise zuzugreifen, indem Sie uns direkt kontaktieren.<\/p>\n<\/div>\n<p><p>\n        <a href=\"\/wp-content\/uploads\/ZMC-cap01-Deutsch.pdf\">Download Technische Hinweise<\/a>\n    <\/p>\n<\/p>\n<h1>Kettenr\u00e4der mit oder ohne Nabe<\/h1>\n<p><img decoding=\"async\" src=\"\/wp-content\/uploads\/corpignoni_disegni_catalogo1.jpg\" alt=\"\"><\/p>\n<p><p>\n        <a href=\"\/wp-content\/uploads\/kettenrader-mit-oder-ohne-nabe.pdf\">Laden Sie das vollst\u00e4ndige Dokument zu Kettenr\u00e4der mit oder ohne Nabe<\/a>\n    <\/p>\n<\/p>\n<p><!--more--><br \/>\n<!-- {\"type\":\"layout\",\"children\":[{\"name\":\"BREAD\",\"type\":\"section\",\"props\":{\"image_position\":\"center-center\",\"padding\":\"xsmall\",\"padding_remove_bottom\":true,\"style\":\"default\",\"title_breakpoint\":\"xl\",\"title_position\":\"top-left\",\"title_rotation\":\"left\",\"vertical_align\":\"\",\"width\":\"default\"},\"children\":[{\"type\":\"row\",\"children\":[{\"type\":\"column\",\"props\":{\"image_position\":\"center-center\",\"position_sticky_breakpoint\":\"m\",\"width_medium\":\"1-1\"},\"children\":[{\"type\":\"headline\",\"props\":{\"content\":\"Technische Hinweise\",\"title_element\":\"h1\"}}]}]}]},{\"type\":\"section\",\"props\":{\"image_position\":\"center-center\",\"style\":\"default\",\"title_breakpoint\":\"xl\",\"title_position\":\"top-left\",\"title_rotation\":\"left\",\"vertical_align\":\"\",\"width\":\"default\"},\"children\":[{\"type\":\"row\",\"children\":[{\"type\":\"column\",\"props\":{\"image_position\":\"center-center\",\"position_sticky_breakpoint\":\"m\",\"width_medium\":\"1-1\"},\"children\":[{\"type\":\"text\",\"props\":{\"column_breakpoint\":\"m\",\"content\":\"\n\n<p>In den Technischen Hinweisen finden Sie die Berechnungsverfahren, mit denen Sie f\\u00fcr jede Anwendung die passende Kette ausw\\u00e4hlen k\\u00f6nnen.<\\\/p>\\n\n\n<p>Weitere n\\u00fctzliche allgemeine Informationen \\u00fcber F\\u00f6rderketten und deren korrekte Verwendung sind ebenfalls vorhanden.<\\\/p>\\n\n\n<p>Wenn die technischen Unterlagen nicht ausreichen, um Zweifel auszur\\u00e4umen, ist es jederzeit m\\u00f6glich, direkt auf die ZMC-Expertise zuzugreifen, indem Sie uns direkt kontaktieren.<\\\/p>\",\"margin\":\"default\"}},{\"type\":\"button\",\"props\":{\"button_size\":\"large\",\"class\":\"bottone-scarica\",\"fullwidth\":false,\"grid_column_gap\":\"small\",\"grid_row_gap\":\"small\",\"margin\":\"default\",\"maxwidth\":\"2xlarge\"},\"children\":[{\"type\":\"button_item\",\"props\":{\"button_style\":\"primary\",\"content\":\"Download Technische Hinweise\",\"dialog_layout\":\"modal\",\"dialog_offcanvas_flip\":true,\"icon\":\"download\",\"icon_align\":\"left\",\"link\":\"wp-content\\\/uploads\\\/ZMC-cap01-Deutsch.pdf\",\"link_target\":\"blank\"}}]}]}]}]},{\"type\":\"section\",\"props\":{\"image_position\":\"center-center\",\"style\":\"default\",\"title_breakpoint\":\"xl\",\"title_position\":\"top-left\",\"title_rotation\":\"left\",\"vertical_align\":\"middle\",\"width\":\"default\"},\"children\":[{\"type\":\"row\",\"children\":[{\"type\":\"column\",\"props\":{\"image_position\":\"center-center\",\"position_sticky_breakpoint\":\"m\"},\"children\":[{\"type\":\"headline\",\"props\":{\"content\":\"Kettenr\\u00e4der mit oder ohne Nabe\",\"title_element\":\"h1\"}},{\"type\":\"image\",\"props\":{\"image\":\"wp-content\\\/uploads\\\/corpignoni_disegni_catalogo1.jpg\",\"image_svg_color\":\"emphasis\",\"margin\":\"default\"}},{\"type\":\"button\",\"props\":{\"button_size\":\"large\",\"class\":\"bottone-scarica\",\"fullwidth\":false,\"grid_column_gap\":\"small\",\"grid_row_gap\":\"small\",\"margin\":\"default\",\"maxwidth\":\"2xlarge\"},\"children\":[{\"type\":\"button_item\",\"props\":{\"button_style\":\"primary\",\"content\":\"Laden Sie das vollst\\u00e4ndige Dokument zu Kettenr\\u00e4der mit oder ohne Nabe\",\"dialog_layout\":\"modal\",\"dialog_offcanvas_flip\":true,\"icon\":\"download\",\"icon_align\":\"left\",\"link\":\"wp-content\\\/uploads\\\/kettenrader-mit-oder-ohne-nabe.pdf\",\"link_target\":\"blank\"}}]}]}]}]}],\"version\":\"4.5.4\"} --><\/p>\n","protected":false},"excerpt":{"rendered":"<p>Technische Hinweise In den Technischen Hinweisen finden Sie die Berechnungsverfahren, mit denen Sie f\u00fcr jede Anwendung die passende Kette ausw\u00e4hlen k\u00f6nnen. Weitere n\u00fctzliche allgemeine Informationen \u00fcber F\u00f6rderketten und deren korrekte Verwendung sind ebenfalls vorhanden. Wenn die technischen Unterlagen nicht ausreichen, um Zweifel auszur\u00e4umen, ist es jederzeit m\u00f6glich, direkt auf die ZMC-Expertise zuzugreifen, indem Sie uns [&hellip;]<\/p>\n","protected":false},"author":1,"featured_media":0,"parent":0,"menu_order":0,"comment_status":"closed","ping_status":"closed","template":"","meta":{"footnotes":""},"class_list":["post-3103","page","type-page","status-publish","hentry"],"yoast_head":"<!-- This site is optimized with the Yoast SEO plugin v27.5 - https:\/\/yoast.com\/product\/yoast-seo-wordpress\/ -->\n<title>Technische Hinweise - ZMC Italia<\/title>\n<meta name=\"robots\" content=\"index, follow, max-snippet:-1, max-image-preview:large, max-video-preview:-1\" \/>\n<link rel=\"canonical\" href=\"https:\/\/www.zmc.it\/de\/technische-hinweise\/\" \/>\n<meta property=\"og:locale\" content=\"de_DE\" \/>\n<meta property=\"og:type\" content=\"article\" \/>\n<meta property=\"og:title\" content=\"Technische Hinweise - ZMC Italia\" \/>\n<meta property=\"og:description\" content=\"Technische Hinweise In den Technischen Hinweisen finden Sie die Berechnungsverfahren, mit denen Sie f\u00fcr jede Anwendung die passende Kette ausw\u00e4hlen k\u00f6nnen. Weitere n\u00fctzliche allgemeine Informationen \u00fcber F\u00f6rderketten und deren korrekte Verwendung sind ebenfalls vorhanden. Wenn die technischen Unterlagen nicht ausreichen, um Zweifel auszur\u00e4umen, ist es jederzeit m\u00f6glich, direkt auf die ZMC-Expertise zuzugreifen, indem Sie uns [&hellip;]\" \/>\n<meta property=\"og:url\" content=\"https:\/\/www.zmc.it\/de\/technische-hinweise\/\" \/>\n<meta property=\"og:site_name\" content=\"ZMC Italia\" \/>\n<meta property=\"article:modified_time\" content=\"2025-07-09T09:35:14+00:00\" \/>\n<meta property=\"og:image\" content=\"https:\/\/www.zmc.it\/wp-content\/uploads\/FOTO-SLIDER-2.jpg\" \/>\n\t<meta property=\"og:image:width\" content=\"1600\" \/>\n\t<meta property=\"og:image:height\" content=\"500\" \/>\n\t<meta property=\"og:image:type\" content=\"image\/jpeg\" \/>\n<meta name=\"twitter:card\" content=\"summary_large_image\" \/>\n<script type=\"application\/ld+json\" class=\"yoast-schema-graph\">{\"@context\":\"https:\\\/\\\/schema.org\",\"@graph\":[{\"@type\":\"WebPage\",\"@id\":\"https:\\\/\\\/www.zmc.it\\\/de\\\/technische-hinweise\\\/\",\"url\":\"https:\\\/\\\/www.zmc.it\\\/de\\\/technische-hinweise\\\/\",\"name\":\"Technische Hinweise - ZMC Italia\",\"isPartOf\":{\"@id\":\"https:\\\/\\\/www.zmc.it\\\/#website\"},\"datePublished\":\"2018-03-16T06:58:07+00:00\",\"dateModified\":\"2025-07-09T09:35:14+00:00\",\"breadcrumb\":{\"@id\":\"https:\\\/\\\/www.zmc.it\\\/de\\\/technische-hinweise\\\/#breadcrumb\"},\"inLanguage\":\"de\",\"potentialAction\":[{\"@type\":\"ReadAction\",\"target\":[\"https:\\\/\\\/www.zmc.it\\\/de\\\/technische-hinweise\\\/\"]}]},{\"@type\":\"BreadcrumbList\",\"@id\":\"https:\\\/\\\/www.zmc.it\\\/de\\\/technische-hinweise\\\/#breadcrumb\",\"itemListElement\":[{\"@type\":\"ListItem\",\"position\":1,\"name\":\"Home\",\"item\":\"https:\\\/\\\/www.zmc.it\\\/de\\\/\"},{\"@type\":\"ListItem\",\"position\":2,\"name\":\"Technische Hinweise\"}]},{\"@type\":\"WebSite\",\"@id\":\"https:\\\/\\\/www.zmc.it\\\/#website\",\"url\":\"https:\\\/\\\/www.zmc.it\\\/\",\"name\":\"ZMC Italia\",\"description\":\"\",\"publisher\":{\"@id\":\"https:\\\/\\\/www.zmc.it\\\/#organization\"},\"potentialAction\":[{\"@type\":\"SearchAction\",\"target\":{\"@type\":\"EntryPoint\",\"urlTemplate\":\"https:\\\/\\\/www.zmc.it\\\/?s={search_term_string}\"},\"query-input\":{\"@type\":\"PropertyValueSpecification\",\"valueRequired\":true,\"valueName\":\"search_term_string\"}}],\"inLanguage\":\"de\"},{\"@type\":\"Organization\",\"@id\":\"https:\\\/\\\/www.zmc.it\\\/#organization\",\"name\":\"ZMC Italy\",\"url\":\"https:\\\/\\\/www.zmc.it\\\/\",\"logo\":{\"@type\":\"ImageObject\",\"inLanguage\":\"de\",\"@id\":\"https:\\\/\\\/www.zmc.it\\\/#\\\/schema\\\/logo\\\/image\\\/\",\"url\":\"https:\\\/\\\/www.zmc.it\\\/wp-content\\\/uploads\\\/zmc-logo.png\",\"contentUrl\":\"https:\\\/\\\/www.zmc.it\\\/wp-content\\\/uploads\\\/zmc-logo.png\",\"width\":150,\"height\":75,\"caption\":\"ZMC Italy\"},\"image\":{\"@id\":\"https:\\\/\\\/www.zmc.it\\\/#\\\/schema\\\/logo\\\/image\\\/\"},\"sameAs\":[\"https:\\\/\\\/www.linkedin.com\\\/company\\\/z.m.c.-italia-s.r.l.\\\/about\\\/\"]}]}<\/script>\n<!-- \/ Yoast SEO plugin. -->","yoast_head_json":{"title":"Technische Hinweise - ZMC Italia","robots":{"index":"index","follow":"follow","max-snippet":"max-snippet:-1","max-image-preview":"max-image-preview:large","max-video-preview":"max-video-preview:-1"},"canonical":"https:\/\/www.zmc.it\/de\/technische-hinweise\/","og_locale":"de_DE","og_type":"article","og_title":"Technische Hinweise - ZMC Italia","og_description":"Technische Hinweise In den Technischen Hinweisen finden Sie die Berechnungsverfahren, mit denen Sie f\u00fcr jede Anwendung die passende Kette ausw\u00e4hlen k\u00f6nnen. Weitere n\u00fctzliche allgemeine Informationen \u00fcber F\u00f6rderketten und deren korrekte Verwendung sind ebenfalls vorhanden. Wenn die technischen Unterlagen nicht ausreichen, um Zweifel auszur\u00e4umen, ist es jederzeit m\u00f6glich, direkt auf die ZMC-Expertise zuzugreifen, indem Sie uns [&hellip;]","og_url":"https:\/\/www.zmc.it\/de\/technische-hinweise\/","og_site_name":"ZMC Italia","article_modified_time":"2025-07-09T09:35:14+00:00","og_image":[{"width":1600,"height":500,"url":"https:\/\/www.zmc.it\/wp-content\/uploads\/FOTO-SLIDER-2.jpg","type":"image\/jpeg"}],"twitter_card":"summary_large_image","schema":{"@context":"https:\/\/schema.org","@graph":[{"@type":"WebPage","@id":"https:\/\/www.zmc.it\/de\/technische-hinweise\/","url":"https:\/\/www.zmc.it\/de\/technische-hinweise\/","name":"Technische Hinweise - ZMC Italia","isPartOf":{"@id":"https:\/\/www.zmc.it\/#website"},"datePublished":"2018-03-16T06:58:07+00:00","dateModified":"2025-07-09T09:35:14+00:00","breadcrumb":{"@id":"https:\/\/www.zmc.it\/de\/technische-hinweise\/#breadcrumb"},"inLanguage":"de","potentialAction":[{"@type":"ReadAction","target":["https:\/\/www.zmc.it\/de\/technische-hinweise\/"]}]},{"@type":"BreadcrumbList","@id":"https:\/\/www.zmc.it\/de\/technische-hinweise\/#breadcrumb","itemListElement":[{"@type":"ListItem","position":1,"name":"Home","item":"https:\/\/www.zmc.it\/de\/"},{"@type":"ListItem","position":2,"name":"Technische Hinweise"}]},{"@type":"WebSite","@id":"https:\/\/www.zmc.it\/#website","url":"https:\/\/www.zmc.it\/","name":"ZMC Italia","description":"","publisher":{"@id":"https:\/\/www.zmc.it\/#organization"},"potentialAction":[{"@type":"SearchAction","target":{"@type":"EntryPoint","urlTemplate":"https:\/\/www.zmc.it\/?s={search_term_string}"},"query-input":{"@type":"PropertyValueSpecification","valueRequired":true,"valueName":"search_term_string"}}],"inLanguage":"de"},{"@type":"Organization","@id":"https:\/\/www.zmc.it\/#organization","name":"ZMC Italy","url":"https:\/\/www.zmc.it\/","logo":{"@type":"ImageObject","inLanguage":"de","@id":"https:\/\/www.zmc.it\/#\/schema\/logo\/image\/","url":"https:\/\/www.zmc.it\/wp-content\/uploads\/zmc-logo.png","contentUrl":"https:\/\/www.zmc.it\/wp-content\/uploads\/zmc-logo.png","width":150,"height":75,"caption":"ZMC Italy"},"image":{"@id":"https:\/\/www.zmc.it\/#\/schema\/logo\/image\/"},"sameAs":["https:\/\/www.linkedin.com\/company\/z.m.c.-italia-s.r.l.\/about\/"]}]}},"_links":{"self":[{"href":"https:\/\/www.zmc.it\/de\/wp-json\/wp\/v2\/pages\/3103","targetHints":{"allow":["GET"]}}],"collection":[{"href":"https:\/\/www.zmc.it\/de\/wp-json\/wp\/v2\/pages"}],"about":[{"href":"https:\/\/www.zmc.it\/de\/wp-json\/wp\/v2\/types\/page"}],"author":[{"embeddable":true,"href":"https:\/\/www.zmc.it\/de\/wp-json\/wp\/v2\/users\/1"}],"replies":[{"embeddable":true,"href":"https:\/\/www.zmc.it\/de\/wp-json\/wp\/v2\/comments?post=3103"}],"version-history":[{"count":3,"href":"https:\/\/www.zmc.it\/de\/wp-json\/wp\/v2\/pages\/3103\/revisions"}],"predecessor-version":[{"id":10016,"href":"https:\/\/www.zmc.it\/de\/wp-json\/wp\/v2\/pages\/3103\/revisions\/10016"}],"wp:attachment":[{"href":"https:\/\/www.zmc.it\/de\/wp-json\/wp\/v2\/media?parent=3103"}],"curies":[{"name":"wp","href":"https:\/\/api.w.org\/{rel}","templated":true}]}}