{"id":3043,"date":"2018-03-16T06:57:23","date_gmt":"2018-03-16T06:57:23","guid":{"rendered":"http:\/\/test.zmcitaly.it\/catene-standard\/"},"modified":"2018-11-14T13:28:39","modified_gmt":"2018-11-14T13:28:39","slug":"standardketten","status":"publish","type":"page","link":"https:\/\/www.zmc.it\/de\/standardketten\/","title":{"rendered":"Standardketten"},"content":{"rendered":"<p>Standardketten<\/p>\n<p>Zu den Standardketten der ZMC-Reihe geh\u00f6ren Produkte, die nach den wichtigsten internationalen Normen (ISO1977, DIN 8165, DIN 8167, DIN 8168, British Standard 4119, ANSI \/ ASME B29.100) hergestellt werden, sowie nicht standardisierte Ketten f\u00fcr den allgemeinen Gebrauch.Vielseitig und zuverl\u00e4ssig bieten die Standardketten dem Konstrukteur eine gro\u00dfe Auswahl an L\u00f6sungen f\u00fcr den Einsatz von F\u00f6rderketten in den verschiedenen Branchen und Bereichen. Die Palette der ZMC-Standardketten deckt ein sehr breites Feld in Bezug auf Abmessungen, mechanische Eigenschaften und Geometrie ab. Sie sind sowohl metrische als auch z\u00f6llige Ketten mit massiven, hohlen oder verl\u00e4ngerten Bolzen. Es sind Standard- oder Rollentragketten mit Anbauteilen erh\u00e4ltlich. In den meisten F\u00e4llen ist eine Alternative mit verg\u00fcteten Laschen zur Erh\u00f6hung der Bruchkraft und auf Wunsch in Edelstahl oder verzinkt erh\u00e4ltlich.Um die Identifizierung und Suche zu vereinfachen ist die ZMC-Bezeichnung mit den g\u00e4ngigsten der Standardketten verbunden:Serie Z &#8211; Ketten mit Zollteilung entsprechend der englischen Norm BS4119 Part4Serie M &#8211; Ketten mit metrischer Teilung entsprechend ISO1977, DIN 8167 und DIN 8168 NormenReihe C &#8211; Metrische Kettenteilungen nach DIN 8165, international ebenfalls bekannt als FV-Ketten<\/p>\n<p>Nicht-Standard-Kettenmit metrischer Teilung<\/p>\n<p>VOLLBOLZEN<\/p>\n<p>HOHLBOLZEN<\/p>\n<p>ROLLENTRAGKETTEN<\/p>\n<p>Nicht-Standard-Ketten\n<\/p>\n<p>HOHLBOLZEN<\/p>\n<p>Ketten nach BS 4116 Teil 4 (Serie \u201eZ\u201c)<\/p>\n<p>VOLLBOLZEN<\/p>\n<p>HOHLBOLZEN<\/p>\n<p>ROLLENTRAGKETTEN<\/p>\n<p>Ketten nach ISO 1977 DIN 8167 (Serie \u201eM\u201c)<\/p>\n<p>VOLLBOLZEN<\/p>\n<p>HOHLBOLZEN<\/p>\n<p>ROLLENTRAGKETTEN<\/p>\n<p>DIN 8165 (Serie \u201eC\u201c)<\/p>\n<p>VOLLBOLZEN<\/p>\n<p>HOHLBOLZEN<\/p>\n<p>ROLLENTRAGKETTEN<\/p>\n<p>ANSI-Ketten<\/p>\n<p>VOLLBOLZEN<\/p>\n<p>Download Katalog<\/p>\n<p>Finden Sie die passende Kette<\/p>\n<p>Kontakt<\/p>\n<p><!-- {\"name\":\"\",\"type\":\"layout\",\"children\":[{\"name\":\"BREAD\",\"type\":\"section\",\"props\":{\"style\":\"default\",\"width\":\"default\",\"vertical_align\":\"middle\",\"title_position\":\"top-left\",\"title_rotation\":\"left\",\"title_breakpoint\":\"xl\",\"image_position\":\"center-center\",\"padding\":\"xsmall\",\"padding_remove_bottom\":true},\"children\":[{\"name\":\"\",\"type\":\"row\",\"props\":{\"fixed_width\":\"large\",\"breakpoint\":\"m\",\"layout\":\"1-1\"},\"children\":[{\"name\":\"\",\"type\":\"column\",\"props\":{\"widths\":[\"1-1\"],\"image_position\":\"center-center\"},\"children\":[{\"name\":\"\",\"type\":\"headline\",\"props\":{\"title_element\":\"h1\",\"content\":\"Standardketten\",\"title_style\":\"\",\"title_decoration\":\"\",\"title_color\":\"\",\"text_align\":\"\",\"text_align_breakpoint\":\"\",\"text_align_fallback\":\"\",\"maxwidth\":\"\",\"maxwidth_align\":\"\",\"maxwidth_breakpoint\":\"\",\"margin\":\"\",\"animation\":\"\",\"visibility\":\"\"}},{\"name\":\"\",\"type\":\"text\",\"props\":{\"margin\":\"default\",\"column_breakpoint\":\"m\",\"content\":\"\n\n<p>Zu den Standardketten der ZMC-Reihe geh\\u00f6ren Produkte, die nach den wichtigsten internationalen Normen (ISO1977, DIN 8165, DIN 8167, DIN 8168, British Standard 4119, ANSI \\\/ ASME B29.100) hergestellt werden, sowie nicht standardisierte Ketten f\\u00fcr den allgemeinen Gebrauch.<br \\\/>Vielseitig und zuverl\\u00e4ssig bieten die Standardketten dem Konstrukteur eine gro\\u00dfe Auswahl an L\\u00f6sungen f\\u00fcr den Einsatz von F\\u00f6rderketten in den verschiedenen Branchen und Bereichen. Die Palette der ZMC-Standardketten deckt ein sehr breites Feld in Bezug auf Abmessungen, mechanische Eigenschaften und Geometrie ab. Sie sind sowohl metrische als auch z\\u00f6llige Ketten mit massiven, hohlen oder verl\\u00e4ngerten Bolzen. Es sind Standard- oder Rollentragketten mit Anbauteilen erh\\u00e4ltlich. In den meisten F\\u00e4llen ist eine Alternative mit verg\\u00fcteten Laschen zur Erh\\u00f6hung der Bruchkraft und auf Wunsch in Edelstahl oder verzinkt erh\\u00e4ltlich.<br \\\/>Um die Identifizierung und Suche zu vereinfachen ist die ZMC-Bezeichnung mit den g\\u00e4ngigsten der Standardketten verbunden:<br \\\/>Serie Z - Ketten mit Zollteilung entsprechend der englischen Norm BS4119 Part4<br \\\/>Serie M - Ketten mit metrischer Teilung entsprechend ISO1977, DIN 8167 und DIN 8168 Normen<br \\\/>Reihe C - Metrische Kettenteilungen nach DIN 8165, international ebenfalls bekannt als FV-Ketten<\\\/p>\",\"text_style\":\"\",\"text_color\":\"\",\"text_size\":\"\",\"column\":\"\",\"text_align\":\"\",\"text_align_breakpoint\":\"\",\"text_align_fallback\":\"\",\"maxwidth\":\"\",\"maxwidth_align\":\"\",\"maxwidth_breakpoint\":\"\",\"animation\":\"\",\"visibility\":\"\"}}]}]}]},{\"name\":\"\",\"type\":\"section\",\"props\":{\"style\":\"default\",\"width\":\"default\",\"vertical_align\":\"middle\",\"title_position\":\"top-left\",\"title_rotation\":\"left\",\"title_breakpoint\":\"xl\",\"image_position\":\"center-center\",\"padding\":\"\",\"padding_remove_bottom\":true,\"padding_remove_top\":true},\"children\":[{\"name\":\"\",\"type\":\"row\",\"props\":{\"fixed_width\":\"large\",\"breakpoint\":\"m\",\"layout\":\",,\",\"gutter\":\"large\",\"divider\":false},\"children\":[{\"name\":\"\",\"type\":\"column\",\"props\":{\"widths\":[\"\"],\"image_position\":\"center-center\",\"style\":\"\",\"padding\":\"\"},\"children\":[{\"name\":\"\",\"type\":\"headline\",\"props\":{\"title_element\":\"h2\",\"title_style\":\"h3\",\"content\":\"Nicht-Standard-Ketten<br \\\/>mit metrischer Teilung\",\"link\":\"\",\"margin_remove_bottom\":true,\"margin\":\"\",\"margin_remove_top\":false,\"title_decoration\":\"\",\"title_color\":\"\",\"text_align\":\"center\",\"class\":\"tit-catene-standard\",\"maxwidth\":\"\",\"maxwidth_align\":\"center\",\"text_align_breakpoint\":\"\",\"text_align_fallback\":\"\",\"maxwidth_breakpoint\":\"\",\"animation\":\"\",\"visibility\":\"\"}},{\"name\":\"\",\"type\":\"image\",\"props\":{\"margin\":\"default\",\"image\":\"wp-content\\\/uploads\\\/non-unificate-passo-metrico.jpg\",\"margin_remove_top\":true,\"margin_remove_bottom\":true,\"text_align\":\"center\",\"maxwidth\":\"xxlarge\",\"maxwidth_align\":\"center\"}},{\"name\":\"\",\"type\":\"subnav\",\"props\":{\"subnav_style\":\"\",\"text_align\":\"center\",\"margin_remove_top\":false,\"class\":\"tit-catene-standard-perni\",\"text_align_breakpoint\":\"\",\"text_align_fallback\":\"\",\"maxwidth\":\"\",\"maxwidth_align\":\"\",\"maxwidth_breakpoint\":\"\",\"margin\":\"\",\"animation\":\"\",\"visibility\":\"\"},\"children\":[{\"name\":\"\",\"type\":\"subnav_item\",\"props\":{\"content\":\"VOLLBOLZEN\",\"link\":\"\\\/de\\\/?p=648\"}},{\"name\":\"\",\"type\":\"subnav_item\",\"props\":{\"content\":\"HOHLBOLZEN\",\"link\":\"\\\/de\\\/?p=922\"}},{\"name\":\"\",\"type\":\"subnav_item\",\"props\":{\"content\":\"ROLLENTRAGKETTEN\",\"link\":\"\\\/de\\\/?p=949\"}}]}]},{\"name\":\"\",\"type\":\"column\",\"props\":{\"widths\":[\"\"],\"image_position\":\"center-center\"},\"children\":[{\"name\":\"\",\"type\":\"headline\",\"props\":{\"title_element\":\"h1\",\"title_style\":\"h3\",\"content\":\"Nicht-Standard<br \\\/>-Ketten\\n\",\"link\":\"\",\"margin_remove_bottom\":true,\"margin\":\"\",\"text_align\":\"center\",\"class\":\"tit-catene-standard\",\"title_decoration\":\"\",\"title_color\":\"\",\"text_align_breakpoint\":\"\",\"text_align_fallback\":\"\",\"maxwidth\":\"\",\"maxwidth_align\":\"\",\"maxwidth_breakpoint\":\"\",\"animation\":\"\",\"visibility\":\"\"}},{\"name\":\"\",\"type\":\"image\",\"props\":{\"margin\":\"default\",\"image\":\"wp-content\\\/uploads\\\/non-unificate.jpg\",\"margin_remove_top\":true,\"margin_remove_bottom\":true,\"css\":\"\",\"class\":\"\",\"text_align\":\"center\"}},{\"name\":\"\",\"type\":\"subnav\",\"props\":{\"subnav_style\":\"\",\"text_align\":\"center\",\"class\":\"tit-catene-standard-perni\",\"text_align_breakpoint\":\"\",\"text_align_fallback\":\"\",\"maxwidth\":\"\",\"maxwidth_align\":\"\",\"maxwidth_breakpoint\":\"\",\"margin\":\"\",\"animation\":\"\",\"visibility\":\"\"},\"children\":[{\"name\":\"\",\"type\":\"subnav_item\",\"props\":{\"content\":\"HOHLBOLZEN\",\"link\":\"\\\/de\\\/?p=956\"}}]}]},{\"name\":\"\",\"type\":\"column\",\"props\":{\"widths\":[\"\"],\"image_position\":\"center-center\"},\"children\":[{\"name\":\"\",\"type\":\"headline\",\"props\":{\"title_element\":\"h2\",\"title_style\":\"h3\",\"content\":\"Ketten nach BS 4116 <br \\\/>Teil 4 (Serie \\u201eZ\\u201c)\",\"link\":\"\",\"margin_remove_bottom\":true,\"margin\":\"\",\"margin_remove_top\":false,\"title_decoration\":\"\",\"title_color\":\"\",\"text_align\":\"center\",\"class\":\"tit-catene-standard\",\"text_align_breakpoint\":\"\",\"text_align_fallback\":\"\",\"maxwidth\":\"\",\"maxwidth_align\":\"\",\"maxwidth_breakpoint\":\"\",\"animation\":\"\",\"visibility\":\"\"}},{\"name\":\"\",\"type\":\"image\",\"props\":{\"margin\":\"default\",\"image\":\"wp-content\\\/uploads\\\/serie-z.jpg\",\"margin_remove_top\":true,\"margin_remove_bottom\":true,\"css\":\"\",\"class\":\"\",\"text_align\":\"center\"}},{\"name\":\"\",\"type\":\"subnav\",\"props\":{\"subnav_style\":\"\",\"text_align\":\"center\",\"margin_remove_top\":false,\"class\":\"tit-catene-standard-perni\",\"text_align_breakpoint\":\"\",\"text_align_fallback\":\"\",\"maxwidth\":\"\",\"maxwidth_align\":\"\",\"maxwidth_breakpoint\":\"\",\"margin\":\"\",\"animation\":\"\",\"visibility\":\"\"},\"children\":[{\"name\":\"\",\"type\":\"subnav_item\",\"props\":{\"content\":\"VOLLBOLZEN\",\"link\":\"\\\/de\\\/?p=969\"}},{\"name\":\"\",\"type\":\"subnav_item\",\"props\":{\"content\":\"HOHLBOLZEN\",\"link\":\"\\\/de\\\/?p=981\"}},{\"name\":\"\",\"type\":\"subnav_item\",\"props\":{\"content\":\"ROLLENTRAGKETTEN\",\"link\":\"\\\/de\\\/?p=988\"}}]}]}]}]},{\"name\":\"\",\"type\":\"section\",\"props\":{\"style\":\"default\",\"width\":\"default\",\"vertical_align\":\"middle\",\"title_position\":\"top-left\",\"title_rotation\":\"left\",\"title_breakpoint\":\"xl\",\"image_position\":\"center-center\",\"padding\":\"\",\"padding_remove_bottom\":false},\"children\":[{\"name\":\"\",\"type\":\"row\",\"props\":{\"fixed_width\":\"large\",\"breakpoint\":\"m\",\"layout\":\",,\",\"gutter\":\"large\"},\"children\":[{\"name\":\"\",\"type\":\"column\",\"props\":{\"widths\":[\"\"],\"image_position\":\"center-center\",\"style\":\"\",\"padding\":\"\"},\"children\":[{\"name\":\"\",\"type\":\"headline\",\"props\":{\"title_element\":\"h1\",\"title_style\":\"h3\",\"content\":\"Ketten nach ISO 1977 <br \\\/>DIN 8167 (Serie \\u201eM\\u201c)\",\"link\":\"\",\"margin_remove_bottom\":true,\"margin\":\"\",\"text_align\":\"center\",\"class\":\"tit-catene-standard\",\"title_decoration\":\"\",\"title_color\":\"\",\"text_align_breakpoint\":\"\",\"text_align_fallback\":\"\",\"maxwidth\":\"\",\"maxwidth_align\":\"\",\"maxwidth_breakpoint\":\"\",\"animation\":\"\",\"visibility\":\"\"}},{\"name\":\"\",\"type\":\"image\",\"props\":{\"margin\":\"default\",\"image\":\"wp-content\\\/uploads\\\/serie-m.jpg\",\"margin_remove_top\":true,\"margin_remove_bottom\":true,\"css\":\"\",\"class\":\"\",\"text_align\":\"center\"}},{\"name\":\"\",\"type\":\"subnav\",\"props\":{\"subnav_style\":\"\",\"text_align\":\"center\",\"margin_remove_top\":false,\"class\":\"tit-catene-standard-perni\",\"text_align_breakpoint\":\"\",\"text_align_fallback\":\"\",\"maxwidth\":\"\",\"maxwidth_align\":\"\",\"maxwidth_breakpoint\":\"\",\"margin\":\"\",\"animation\":\"\",\"visibility\":\"\"},\"children\":[{\"name\":\"\",\"type\":\"subnav_item\",\"props\":{\"content\":\"VOLLBOLZEN\",\"link\":\"\\\/de\\\/?p=1006\"}},{\"name\":\"\",\"type\":\"subnav_item\",\"props\":{\"content\":\"HOHLBOLZEN\",\"link\":\"\\\/de\\\/?p=1015\"}},{\"name\":\"\",\"type\":\"subnav_item\",\"props\":{\"content\":\"ROLLENTRAGKETTEN\",\"link\":\"\\\/de\\\/?p=1021\"}}]}]},{\"name\":\"\",\"type\":\"column\",\"props\":{\"widths\":[\"\"],\"image_position\":\"center-center\"},\"children\":[{\"name\":\"\",\"type\":\"headline\",\"props\":{\"title_element\":\"h2\",\"title_style\":\"h3\",\"content\":\"DIN 8165 <br \\\/>(Serie \\u201eC\\u201c)\",\"link\":\"\",\"margin_remove_bottom\":true,\"margin\":\"\",\"margin_remove_top\":false,\"title_decoration\":\"\",\"title_color\":\"\",\"text_align\":\"center\",\"class\":\"tit-catene-standard\",\"text_align_breakpoint\":\"\",\"text_align_fallback\":\"\",\"maxwidth\":\"\",\"maxwidth_align\":\"\",\"maxwidth_breakpoint\":\"\",\"animation\":\"\",\"visibility\":\"\"}},{\"name\":\"\",\"type\":\"image\",\"props\":{\"margin\":\"default\",\"image\":\"wp-content\\\/uploads\\\/serie-c.jpg\",\"margin_remove_top\":true,\"margin_remove_bottom\":true,\"text_align\":\"center\"}},{\"name\":\"\",\"type\":\"subnav\",\"props\":{\"subnav_style\":\"\",\"text_align\":\"center\",\"margin_remove_top\":false,\"class\":\"tit-catene-standard-perni\",\"text_align_breakpoint\":\"\",\"text_align_fallback\":\"\",\"maxwidth\":\"\",\"maxwidth_align\":\"\",\"maxwidth_breakpoint\":\"\",\"margin\":\"\",\"animation\":\"\",\"visibility\":\"\"},\"children\":[{\"name\":\"\",\"type\":\"subnav_item\",\"props\":{\"content\":\"VOLLBOLZEN\",\"link\":\"\\\/de\\\/?p=1027\"}},{\"name\":\"\",\"type\":\"subnav_item\",\"props\":{\"content\":\"HOHLBOLZEN\",\"link\":\"\\\/de\\\/?p=1044\"}},{\"name\":\"\",\"type\":\"subnav_item\",\"props\":{\"content\":\"ROLLENTRAGKETTEN\",\"link\":\"\\\/de\\\/?p=1047\"}}]}]},{\"name\":\"\",\"type\":\"column\",\"props\":{\"widths\":[\"\"],\"image_position\":\"center-center\"},\"children\":[{\"name\":\"\",\"type\":\"headline\",\"props\":{\"title_element\":\"h1\",\"title_style\":\"h3\",\"content\":\"ANSI-<br \\\/>Ketten\",\"link\":\"\",\"margin_remove_bottom\":true,\"margin\":\"\",\"text_align\":\"center\",\"class\":\"tit-catene-standard\",\"title_decoration\":\"\",\"title_color\":\"\",\"text_align_breakpoint\":\"\",\"text_align_fallback\":\"\",\"maxwidth\":\"\",\"maxwidth_align\":\"\",\"maxwidth_breakpoint\":\"\",\"animation\":\"\",\"visibility\":\"\"}},{\"name\":\"\",\"type\":\"image\",\"props\":{\"margin\":\"default\",\"image\":\"wp-content\\\/uploads\\\/serie-ansi.jpg\",\"margin_remove_top\":true,\"margin_remove_bottom\":true,\"text_align\":\"center\"}},{\"name\":\"\",\"type\":\"subnav\",\"props\":{\"subnav_style\":\"\",\"text_align\":\"center\",\"margin_remove_top\":false,\"class\":\"tit-catene-standard-perni\",\"text_align_breakpoint\":\"\",\"text_align_fallback\":\"\",\"maxwidth\":\"\",\"maxwidth_align\":\"\",\"maxwidth_breakpoint\":\"\",\"margin\":\"\",\"animation\":\"\",\"visibility\":\"\"},\"children\":[{\"name\":\"\",\"type\":\"subnav_item\",\"props\":{\"content\":\"VOLLBOLZEN\",\"link\":\"\\\/de\\\/?p=1052\"}}]}]}]}]},{\"name\":\" 2 Bottoni Scarica\",\"type\":\"section\",\"props\":{\"style\":\"default\",\"width\":\"default\",\"vertical_align\":\"middle\",\"title_position\":\"top-left\",\"title_rotation\":\"left\",\"title_breakpoint\":\"xl\",\"image_position\":\"center-center\",\"padding_remove_top\":true,\"padding_remove_bottom\":false},\"children\":[{\"name\":\"\",\"type\":\"row\",\"props\":{\"fixed_width\":\"large\",\"breakpoint\":\"m\",\"layout\":\",,\",\"width\":\"default\",\"margin\":\"\",\"margin_remove_bottom\":false},\"children\":[{\"name\":\"\",\"type\":\"column\",\"props\":{\"widths\":[\"\"],\"image_position\":\"center-center\"},\"children\":[{\"name\":\"\",\"type\":\"button\",\"props\":{\"gutter\":\"small\",\"margin\":\"default\",\"maxwidth\":\"xxlarge\",\"button_size\":\"large\",\"fullwidth\":true,\"text_align\":\"center\",\"maxwidth_align\":\"center\",\"class\":\"bottone-scarica\",\"text_align_breakpoint\":\"\",\"text_align_fallback\":\"\",\"maxwidth_breakpoint\":\"\",\"animation\":\"\",\"visibility\":\"\"},\"children\":[{\"name\":\"\",\"type\":\"button_item\",\"props\":{\"button_style\":\"primary\",\"icon_align\":\"left\",\"icon\":\"download\",\"link_title\":\"\",\"content\":\"Download Katalog\",\"link_target\":\"blank\",\"link\":\"wp-content\\\/uploads\\\/ZMC-Cat-Deutsch.pdf\"}}]}]},{\"name\":\"\",\"type\":\"column\",\"props\":{\"widths\":[\"\"],\"image_position\":\"center-center\"},\"children\":[{\"name\":\"Bottone Trova la catena\",\"type\":\"button\",\"props\":{\"gutter\":\"small\",\"margin\":\"default\",\"button_size\":\"large\",\"fullwidth\":true,\"maxwidth\":\"xxlarge\",\"maxwidth_align\":\"center\",\"text_align\":\"center\",\"class\":\"bottone-scarica\",\"text_align_breakpoint\":\"\",\"text_align_fallback\":\"\",\"maxwidth_breakpoint\":\"\",\"animation\":\"\",\"visibility\":\"\"},\"children\":[{\"name\":\"\",\"type\":\"button_item\",\"props\":{\"button_style\":\"secondary\",\"icon_align\":\"left\",\"content\":\"Finden Sie die passende Kette\",\"icon\":\"cog\",\"link\":\"\\\/de\\\/?p=480\",\"link_target\":\"\"}}]}]},{\"name\":\"\",\"type\":\"column\",\"props\":{\"widths\":[\"\"],\"image_position\":\"center-center\",\"style\":\"\"},\"children\":[{\"name\":\"Bottone contattaci\",\"type\":\"button\",\"props\":{\"gutter\":\"small\",\"margin\":\"default\",\"maxwidth\":\"xxlarge\",\"button_size\":\"large\",\"fullwidth\":true,\"text_align\":\"center\",\"maxwidth_align\":\"center\",\"class\":\"bottone-scarica\",\"text_align_breakpoint\":\"\",\"text_align_fallback\":\"\",\"maxwidth_breakpoint\":\"\",\"animation\":\"\",\"visibility\":\"\"},\"children\":[{\"name\":\"\",\"type\":\"button_item\",\"props\":{\"button_style\":\"primary\",\"icon_align\":\"left\",\"icon\":\"mail\",\"link_title\":\"\",\"content\":\"Kontakt\",\"link_target\":\"\",\"link\":\"\\\/de\\\/?p=384\"}}]}]}]}]}]} --><\/p>\n","protected":false},"excerpt":{"rendered":"<p>Standardketten Zu den Standardketten der ZMC-Reihe geh\u00f6ren Produkte, die nach den wichtigsten internationalen Normen (ISO1977, DIN 8165, DIN 8167, DIN 8168, British Standard 4119, ANSI \/ ASME B29.100) hergestellt werden, sowie nicht standardisierte Ketten f\u00fcr den allgemeinen Gebrauch.Vielseitig und zuverl\u00e4ssig bieten die Standardketten dem Konstrukteur eine gro\u00dfe Auswahl an L\u00f6sungen f\u00fcr den Einsatz von F\u00f6rderketten [&hellip;]<\/p>\n","protected":false},"author":1,"featured_media":0,"parent":0,"menu_order":0,"comment_status":"closed","ping_status":"closed","template":"","meta":{"footnotes":""},"class_list":["post-3043","page","type-page","status-publish","hentry"],"yoast_head":"<!-- This site is optimized with the Yoast SEO plugin v27.5 - https:\/\/yoast.com\/product\/yoast-seo-wordpress\/ -->\n<title>Vendita catene industriali ZMC Italy<\/title>\n<meta name=\"description\" content=\"La ZMC Italy realizza prodotti per la vendita di catene industriali, standard e non unificate, offrendo varie soluzioni\" \/>\n<meta name=\"robots\" content=\"index, follow, max-snippet:-1, max-image-preview:large, max-video-preview:-1\" \/>\n<link rel=\"canonical\" href=\"https:\/\/www.zmc.it\/de\/standardketten\/\" \/>\n<meta property=\"og:locale\" content=\"de_DE\" \/>\n<meta property=\"og:type\" content=\"article\" \/>\n<meta property=\"og:title\" content=\"Vendita catene industriali ZMC Italy\" \/>\n<meta property=\"og:description\" content=\"La ZMC Italy realizza prodotti per la vendita di catene industriali, standard e non unificate, offrendo varie soluzioni\" \/>\n<meta property=\"og:url\" content=\"https:\/\/www.zmc.it\/de\/standardketten\/\" \/>\n<meta property=\"og:site_name\" content=\"ZMC Italia\" \/>\n<meta property=\"article:modified_time\" content=\"2018-11-14T13:28:39+00:00\" \/>\n<meta property=\"og:image\" content=\"https:\/\/www.zmc.it\/wp-content\/uploads\/FOTO-SLIDER-2.jpg\" \/>\n\t<meta property=\"og:image:width\" content=\"1600\" \/>\n\t<meta property=\"og:image:height\" content=\"500\" \/>\n\t<meta property=\"og:image:type\" content=\"image\/jpeg\" \/>\n<meta name=\"twitter:card\" content=\"summary_large_image\" \/>\n<meta name=\"twitter:label1\" content=\"Gesch\u00e4tzte Lesezeit\" \/>\n\t<meta name=\"twitter:data1\" content=\"1\u00a0Minute\" \/>\n<script type=\"application\/ld+json\" class=\"yoast-schema-graph\">{\"@context\":\"https:\\\/\\\/schema.org\",\"@graph\":[{\"@type\":\"WebPage\",\"@id\":\"https:\\\/\\\/www.zmc.it\\\/de\\\/standardketten\\\/\",\"url\":\"https:\\\/\\\/www.zmc.it\\\/de\\\/standardketten\\\/\",\"name\":\"Vendita catene industriali ZMC Italy\",\"isPartOf\":{\"@id\":\"https:\\\/\\\/www.zmc.it\\\/#website\"},\"datePublished\":\"2018-03-16T06:57:23+00:00\",\"dateModified\":\"2018-11-14T13:28:39+00:00\",\"description\":\"La ZMC Italy realizza prodotti per la vendita di catene industriali, standard e non unificate, offrendo varie soluzioni\",\"breadcrumb\":{\"@id\":\"https:\\\/\\\/www.zmc.it\\\/de\\\/standardketten\\\/#breadcrumb\"},\"inLanguage\":\"de\",\"potentialAction\":[{\"@type\":\"ReadAction\",\"target\":[\"https:\\\/\\\/www.zmc.it\\\/de\\\/standardketten\\\/\"]}]},{\"@type\":\"BreadcrumbList\",\"@id\":\"https:\\\/\\\/www.zmc.it\\\/de\\\/standardketten\\\/#breadcrumb\",\"itemListElement\":[{\"@type\":\"ListItem\",\"position\":1,\"name\":\"Home\",\"item\":\"https:\\\/\\\/www.zmc.it\\\/de\\\/\"},{\"@type\":\"ListItem\",\"position\":2,\"name\":\"Standardketten\"}]},{\"@type\":\"WebSite\",\"@id\":\"https:\\\/\\\/www.zmc.it\\\/#website\",\"url\":\"https:\\\/\\\/www.zmc.it\\\/\",\"name\":\"ZMC Italia\",\"description\":\"\",\"publisher\":{\"@id\":\"https:\\\/\\\/www.zmc.it\\\/#organization\"},\"potentialAction\":[{\"@type\":\"SearchAction\",\"target\":{\"@type\":\"EntryPoint\",\"urlTemplate\":\"https:\\\/\\\/www.zmc.it\\\/?s={search_term_string}\"},\"query-input\":{\"@type\":\"PropertyValueSpecification\",\"valueRequired\":true,\"valueName\":\"search_term_string\"}}],\"inLanguage\":\"de\"},{\"@type\":\"Organization\",\"@id\":\"https:\\\/\\\/www.zmc.it\\\/#organization\",\"name\":\"ZMC Italy\",\"url\":\"https:\\\/\\\/www.zmc.it\\\/\",\"logo\":{\"@type\":\"ImageObject\",\"inLanguage\":\"de\",\"@id\":\"https:\\\/\\\/www.zmc.it\\\/#\\\/schema\\\/logo\\\/image\\\/\",\"url\":\"https:\\\/\\\/www.zmc.it\\\/wp-content\\\/uploads\\\/zmc-logo.png\",\"contentUrl\":\"https:\\\/\\\/www.zmc.it\\\/wp-content\\\/uploads\\\/zmc-logo.png\",\"width\":150,\"height\":75,\"caption\":\"ZMC Italy\"},\"image\":{\"@id\":\"https:\\\/\\\/www.zmc.it\\\/#\\\/schema\\\/logo\\\/image\\\/\"},\"sameAs\":[\"https:\\\/\\\/www.linkedin.com\\\/company\\\/z.m.c.-italia-s.r.l.\\\/about\\\/\"]}]}<\/script>\n<!-- \/ Yoast SEO plugin. -->","yoast_head_json":{"title":"Vendita catene industriali ZMC Italy","description":"La ZMC Italy realizza prodotti per la vendita di catene industriali, standard e non unificate, offrendo varie soluzioni","robots":{"index":"index","follow":"follow","max-snippet":"max-snippet:-1","max-image-preview":"max-image-preview:large","max-video-preview":"max-video-preview:-1"},"canonical":"https:\/\/www.zmc.it\/de\/standardketten\/","og_locale":"de_DE","og_type":"article","og_title":"Vendita catene industriali ZMC Italy","og_description":"La ZMC Italy realizza prodotti per la vendita di catene industriali, standard e non unificate, offrendo varie soluzioni","og_url":"https:\/\/www.zmc.it\/de\/standardketten\/","og_site_name":"ZMC Italia","article_modified_time":"2018-11-14T13:28:39+00:00","og_image":[{"width":1600,"height":500,"url":"https:\/\/www.zmc.it\/wp-content\/uploads\/FOTO-SLIDER-2.jpg","type":"image\/jpeg"}],"twitter_card":"summary_large_image","twitter_misc":{"Gesch\u00e4tzte Lesezeit":"1\u00a0Minute"},"schema":{"@context":"https:\/\/schema.org","@graph":[{"@type":"WebPage","@id":"https:\/\/www.zmc.it\/de\/standardketten\/","url":"https:\/\/www.zmc.it\/de\/standardketten\/","name":"Vendita catene industriali ZMC Italy","isPartOf":{"@id":"https:\/\/www.zmc.it\/#website"},"datePublished":"2018-03-16T06:57:23+00:00","dateModified":"2018-11-14T13:28:39+00:00","description":"La ZMC Italy realizza prodotti per la vendita di catene industriali, standard e non unificate, offrendo varie soluzioni","breadcrumb":{"@id":"https:\/\/www.zmc.it\/de\/standardketten\/#breadcrumb"},"inLanguage":"de","potentialAction":[{"@type":"ReadAction","target":["https:\/\/www.zmc.it\/de\/standardketten\/"]}]},{"@type":"BreadcrumbList","@id":"https:\/\/www.zmc.it\/de\/standardketten\/#breadcrumb","itemListElement":[{"@type":"ListItem","position":1,"name":"Home","item":"https:\/\/www.zmc.it\/de\/"},{"@type":"ListItem","position":2,"name":"Standardketten"}]},{"@type":"WebSite","@id":"https:\/\/www.zmc.it\/#website","url":"https:\/\/www.zmc.it\/","name":"ZMC Italia","description":"","publisher":{"@id":"https:\/\/www.zmc.it\/#organization"},"potentialAction":[{"@type":"SearchAction","target":{"@type":"EntryPoint","urlTemplate":"https:\/\/www.zmc.it\/?s={search_term_string}"},"query-input":{"@type":"PropertyValueSpecification","valueRequired":true,"valueName":"search_term_string"}}],"inLanguage":"de"},{"@type":"Organization","@id":"https:\/\/www.zmc.it\/#organization","name":"ZMC Italy","url":"https:\/\/www.zmc.it\/","logo":{"@type":"ImageObject","inLanguage":"de","@id":"https:\/\/www.zmc.it\/#\/schema\/logo\/image\/","url":"https:\/\/www.zmc.it\/wp-content\/uploads\/zmc-logo.png","contentUrl":"https:\/\/www.zmc.it\/wp-content\/uploads\/zmc-logo.png","width":150,"height":75,"caption":"ZMC Italy"},"image":{"@id":"https:\/\/www.zmc.it\/#\/schema\/logo\/image\/"},"sameAs":["https:\/\/www.linkedin.com\/company\/z.m.c.-italia-s.r.l.\/about\/"]}]}},"_links":{"self":[{"href":"https:\/\/www.zmc.it\/de\/wp-json\/wp\/v2\/pages\/3043","targetHints":{"allow":["GET"]}}],"collection":[{"href":"https:\/\/www.zmc.it\/de\/wp-json\/wp\/v2\/pages"}],"about":[{"href":"https:\/\/www.zmc.it\/de\/wp-json\/wp\/v2\/types\/page"}],"author":[{"embeddable":true,"href":"https:\/\/www.zmc.it\/de\/wp-json\/wp\/v2\/users\/1"}],"replies":[{"embeddable":true,"href":"https:\/\/www.zmc.it\/de\/wp-json\/wp\/v2\/comments?post=3043"}],"version-history":[{"count":0,"href":"https:\/\/www.zmc.it\/de\/wp-json\/wp\/v2\/pages\/3043\/revisions"}],"wp:attachment":[{"href":"https:\/\/www.zmc.it\/de\/wp-json\/wp\/v2\/media?parent=3043"}],"curies":[{"name":"wp","href":"https:\/\/api.w.org\/{rel}","templated":true}]}}