{"id":3040,"date":"2018-06-29T15:41:28","date_gmt":"2018-06-29T15:41:28","guid":{"rendered":"http:\/\/test.zmcitaly.it\/qualita-made-in-italy\/"},"modified":"2018-11-06T09:53:37","modified_gmt":"2018-11-06T09:53:37","slug":"qualitaet-made-in-italy","status":"publish","type":"page","link":"https:\/\/www.zmc.it\/de\/qualitaet-made-in-italy\/","title":{"rendered":"Qualit\u00e4t Made in Italy"},"content":{"rendered":"<p>Qualit\u00e4t Made in Italy <\/p>\n<p>ZMC ist stolz auf seine Wurzeln und die enge Beziehung, die es stets mit der Region verbunden hat, in der es gegr\u00fcndet und entwickelt wurde. Die Herstellung eines zu 100% in Italien hergestellten Produkts garantiert eine hohe und konstante Qualit\u00e4t und schafft Arbeitspl\u00e4tze f\u00fcr die lokalen Arbeitnehmer. Damit wird das traditionelle und innovative Erbe des Kreises Varese und seiner Provinz aufgewertet.<br \/>\nDie wichtigsten Fertigungsstufen unserer Ketten, einschlie\u00dflich der W\u00e4rmebehandlung der Komponenten, des Laserschneidens, der meisten mechanischen Bearbeitungen, der Montage und aller Qualit\u00e4tskontrollen, werden in unserem Werk in Cavaria durchgef\u00fchrt. Einige Arbeitsschritte werden von spezialisierten Unternehmen aus der Umgebung durchgef\u00fchrt, echten Kompetenzzentren, die die Entwicklung des Unternehmens sowohl aus technologischer als auch aus produktiver Sicht begleitet haben und mit ihren eigenen Ressourcen und Kenntnissen zum Erfolg von ZMC Made in Italy beitragen haben.<\/p>\n<p><!-- {\"name\":\"\",\"type\":\"layout\",\"children\":[{\"name\":\"BREAD\",\"type\":\"section\",\"props\":{\"style\":\"default\",\"width\":\"default\",\"vertical_align\":\"middle\",\"title_position\":\"top-left\",\"title_rotation\":\"left\",\"title_breakpoint\":\"xl\",\"image_position\":\"center-center\",\"padding\":\"xsmall\",\"padding_remove_bottom\":true},\"children\":[{\"name\":\"\",\"type\":\"row\",\"props\":{\"fixed_width\":\"large\",\"breakpoint\":\"m\",\"layout\":\"1-1\"},\"children\":[{\"name\":\"\",\"type\":\"column\",\"props\":{\"widths\":[\"1-1\"],\"image_position\":\"center-center\"},\"children\":[{\"name\":\"\",\"type\":\"headline\",\"props\":{\"title_element\":\"h1\",\"content\":\"Qualit\\u00e4t Made in Italy \",\"title_style\":\"\",\"title_decoration\":\"\",\"title_color\":\"\",\"text_align\":\"\",\"text_align_breakpoint\":\"\",\"text_align_fallback\":\"\",\"maxwidth\":\"\",\"maxwidth_align\":\"\",\"maxwidth_breakpoint\":\"\",\"margin\":\"\",\"animation\":\"\",\"visibility\":\"\"}}]}]}]},{\"name\":\"\",\"type\":\"section\",\"props\":{\"style\":\"default\",\"width\":\"default\",\"vertical_align\":\"middle\",\"title_position\":\"top-left\",\"title_rotation\":\"left\",\"title_breakpoint\":\"xl\",\"image_position\":\"center-center\"},\"children\":[{\"name\":\"\",\"type\":\"row\",\"props\":{\"fixed_width\":\"large\",\"breakpoint\":\"m\",\"layout\":\"1-1\"},\"children\":[{\"name\":\"\",\"type\":\"column\",\"props\":{\"widths\":[\"1-1\"],\"image_position\":\"center-center\"},\"children\":[{\"name\":\"\",\"type\":\"text\",\"props\":{\"margin\":\"default\",\"column_breakpoint\":\"m\",\"content\":\"\n\n<p>ZMC ist stolz auf seine Wurzeln und die enge Beziehung, die es stets mit der Region verbunden hat, in der es gegr\\u00fcndet und entwickelt wurde. Die Herstellung eines zu 100% in Italien hergestellten Produkts garantiert eine hohe und konstante Qualit\\u00e4t und schafft Arbeitspl\\u00e4tze f\\u00fcr die lokalen Arbeitnehmer. Damit wird das traditionelle und innovative Erbe des Kreises Varese und seiner Provinz aufgewertet.<\\\/p>\\n\n\n<p>Die wichtigsten Fertigungsstufen unserer Ketten, einschlie\\u00dflich der W\\u00e4rmebehandlung der Komponenten, des Laserschneidens, der meisten mechanischen Bearbeitungen, der Montage und aller Qualit\\u00e4tskontrollen, werden in unserem Werk in Cavaria durchgef\\u00fchrt. Einige Arbeitsschritte werden von spezialisierten Unternehmen aus der Umgebung durchgef\\u00fchrt, echten Kompetenzzentren, die die Entwicklung des Unternehmens sowohl aus technologischer als auch aus produktiver Sicht begleitet haben und mit ihren eigenen Ressourcen und Kenntnissen zum Erfolg von ZMC Made in Italy beitragen haben.<\\\/p>\",\"text_style\":\"\",\"text_color\":\"\",\"text_size\":\"\",\"column\":\"\",\"text_align\":\"\",\"text_align_breakpoint\":\"\",\"text_align_fallback\":\"\",\"maxwidth\":\"\",\"maxwidth_align\":\"\",\"maxwidth_breakpoint\":\"\",\"animation\":\"\",\"visibility\":\"\"}}]}]}]}]} --><\/p>\n","protected":false},"excerpt":{"rendered":"<p>Qualit\u00e4t Made in Italy ZMC ist stolz auf seine Wurzeln und die enge Beziehung, die es stets mit der Region verbunden hat, in der es gegr\u00fcndet und entwickelt wurde. Die Herstellung eines zu 100% in Italien hergestellten Produkts garantiert eine hohe und konstante Qualit\u00e4t und schafft Arbeitspl\u00e4tze f\u00fcr die lokalen Arbeitnehmer. Damit wird das traditionelle [&hellip;]<\/p>\n","protected":false},"author":1,"featured_media":0,"parent":0,"menu_order":0,"comment_status":"closed","ping_status":"closed","template":"","meta":{"footnotes":""},"class_list":["post-3040","page","type-page","status-publish","hentry"],"yoast_head":"<!-- This site is optimized with the Yoast SEO plugin v27.5 - https:\/\/yoast.com\/product\/yoast-seo-wordpress\/ -->\n<title>Qualit\u00e4t Made in Italy - ZMC Italia<\/title>\n<meta name=\"robots\" content=\"index, follow, max-snippet:-1, max-image-preview:large, max-video-preview:-1\" \/>\n<link rel=\"canonical\" href=\"https:\/\/www.zmc.it\/de\/qualitaet-made-in-italy\/\" \/>\n<meta property=\"og:locale\" content=\"de_DE\" \/>\n<meta property=\"og:type\" content=\"article\" \/>\n<meta property=\"og:title\" content=\"Qualit\u00e4t Made in Italy - ZMC Italia\" \/>\n<meta property=\"og:description\" content=\"Qualit\u00e4t Made in Italy ZMC ist stolz auf seine Wurzeln und die enge Beziehung, die es stets mit der Region verbunden hat, in der es gegr\u00fcndet und entwickelt wurde. Die Herstellung eines zu 100% in Italien hergestellten Produkts garantiert eine hohe und konstante Qualit\u00e4t und schafft Arbeitspl\u00e4tze f\u00fcr die lokalen Arbeitnehmer. Damit wird das traditionelle [&hellip;]\" \/>\n<meta property=\"og:url\" content=\"https:\/\/www.zmc.it\/de\/qualitaet-made-in-italy\/\" \/>\n<meta property=\"og:site_name\" content=\"ZMC Italia\" \/>\n<meta property=\"article:modified_time\" content=\"2018-11-06T09:53:37+00:00\" \/>\n<meta property=\"og:image\" content=\"https:\/\/www.zmc.it\/wp-content\/uploads\/FOTO-SLIDER-2.jpg\" \/>\n\t<meta property=\"og:image:width\" content=\"1600\" \/>\n\t<meta property=\"og:image:height\" content=\"500\" \/>\n\t<meta property=\"og:image:type\" content=\"image\/jpeg\" \/>\n<meta name=\"twitter:card\" content=\"summary_large_image\" \/>\n<meta name=\"twitter:label1\" content=\"Gesch\u00e4tzte Lesezeit\" \/>\n\t<meta name=\"twitter:data1\" content=\"1\u00a0Minute\" \/>\n<script type=\"application\/ld+json\" class=\"yoast-schema-graph\">{\"@context\":\"https:\\\/\\\/schema.org\",\"@graph\":[{\"@type\":\"WebPage\",\"@id\":\"https:\\\/\\\/www.zmc.it\\\/de\\\/qualitaet-made-in-italy\\\/\",\"url\":\"https:\\\/\\\/www.zmc.it\\\/de\\\/qualitaet-made-in-italy\\\/\",\"name\":\"Qualit\u00e4t Made in Italy - ZMC Italia\",\"isPartOf\":{\"@id\":\"https:\\\/\\\/www.zmc.it\\\/#website\"},\"datePublished\":\"2018-06-29T15:41:28+00:00\",\"dateModified\":\"2018-11-06T09:53:37+00:00\",\"breadcrumb\":{\"@id\":\"https:\\\/\\\/www.zmc.it\\\/de\\\/qualitaet-made-in-italy\\\/#breadcrumb\"},\"inLanguage\":\"de\",\"potentialAction\":[{\"@type\":\"ReadAction\",\"target\":[\"https:\\\/\\\/www.zmc.it\\\/de\\\/qualitaet-made-in-italy\\\/\"]}]},{\"@type\":\"BreadcrumbList\",\"@id\":\"https:\\\/\\\/www.zmc.it\\\/de\\\/qualitaet-made-in-italy\\\/#breadcrumb\",\"itemListElement\":[{\"@type\":\"ListItem\",\"position\":1,\"name\":\"Home\",\"item\":\"https:\\\/\\\/www.zmc.it\\\/de\\\/\"},{\"@type\":\"ListItem\",\"position\":2,\"name\":\"Qualit\u00e4t Made in Italy\"}]},{\"@type\":\"WebSite\",\"@id\":\"https:\\\/\\\/www.zmc.it\\\/#website\",\"url\":\"https:\\\/\\\/www.zmc.it\\\/\",\"name\":\"ZMC Italia\",\"description\":\"\",\"publisher\":{\"@id\":\"https:\\\/\\\/www.zmc.it\\\/#organization\"},\"potentialAction\":[{\"@type\":\"SearchAction\",\"target\":{\"@type\":\"EntryPoint\",\"urlTemplate\":\"https:\\\/\\\/www.zmc.it\\\/?s={search_term_string}\"},\"query-input\":{\"@type\":\"PropertyValueSpecification\",\"valueRequired\":true,\"valueName\":\"search_term_string\"}}],\"inLanguage\":\"de\"},{\"@type\":\"Organization\",\"@id\":\"https:\\\/\\\/www.zmc.it\\\/#organization\",\"name\":\"ZMC Italy\",\"url\":\"https:\\\/\\\/www.zmc.it\\\/\",\"logo\":{\"@type\":\"ImageObject\",\"inLanguage\":\"de\",\"@id\":\"https:\\\/\\\/www.zmc.it\\\/#\\\/schema\\\/logo\\\/image\\\/\",\"url\":\"https:\\\/\\\/www.zmc.it\\\/wp-content\\\/uploads\\\/zmc-logo.png\",\"contentUrl\":\"https:\\\/\\\/www.zmc.it\\\/wp-content\\\/uploads\\\/zmc-logo.png\",\"width\":150,\"height\":75,\"caption\":\"ZMC Italy\"},\"image\":{\"@id\":\"https:\\\/\\\/www.zmc.it\\\/#\\\/schema\\\/logo\\\/image\\\/\"},\"sameAs\":[\"https:\\\/\\\/www.linkedin.com\\\/company\\\/z.m.c.-italia-s.r.l.\\\/about\\\/\"]}]}<\/script>\n<!-- \/ Yoast SEO plugin. -->","yoast_head_json":{"title":"Qualit\u00e4t Made in Italy - ZMC Italia","robots":{"index":"index","follow":"follow","max-snippet":"max-snippet:-1","max-image-preview":"max-image-preview:large","max-video-preview":"max-video-preview:-1"},"canonical":"https:\/\/www.zmc.it\/de\/qualitaet-made-in-italy\/","og_locale":"de_DE","og_type":"article","og_title":"Qualit\u00e4t Made in Italy - ZMC Italia","og_description":"Qualit\u00e4t Made in Italy ZMC ist stolz auf seine Wurzeln und die enge Beziehung, die es stets mit der Region verbunden hat, in der es gegr\u00fcndet und entwickelt wurde. Die Herstellung eines zu 100% in Italien hergestellten Produkts garantiert eine hohe und konstante Qualit\u00e4t und schafft Arbeitspl\u00e4tze f\u00fcr die lokalen Arbeitnehmer. Damit wird das traditionelle [&hellip;]","og_url":"https:\/\/www.zmc.it\/de\/qualitaet-made-in-italy\/","og_site_name":"ZMC Italia","article_modified_time":"2018-11-06T09:53:37+00:00","og_image":[{"width":1600,"height":500,"url":"https:\/\/www.zmc.it\/wp-content\/uploads\/FOTO-SLIDER-2.jpg","type":"image\/jpeg"}],"twitter_card":"summary_large_image","twitter_misc":{"Gesch\u00e4tzte Lesezeit":"1\u00a0Minute"},"schema":{"@context":"https:\/\/schema.org","@graph":[{"@type":"WebPage","@id":"https:\/\/www.zmc.it\/de\/qualitaet-made-in-italy\/","url":"https:\/\/www.zmc.it\/de\/qualitaet-made-in-italy\/","name":"Qualit\u00e4t Made in Italy - ZMC Italia","isPartOf":{"@id":"https:\/\/www.zmc.it\/#website"},"datePublished":"2018-06-29T15:41:28+00:00","dateModified":"2018-11-06T09:53:37+00:00","breadcrumb":{"@id":"https:\/\/www.zmc.it\/de\/qualitaet-made-in-italy\/#breadcrumb"},"inLanguage":"de","potentialAction":[{"@type":"ReadAction","target":["https:\/\/www.zmc.it\/de\/qualitaet-made-in-italy\/"]}]},{"@type":"BreadcrumbList","@id":"https:\/\/www.zmc.it\/de\/qualitaet-made-in-italy\/#breadcrumb","itemListElement":[{"@type":"ListItem","position":1,"name":"Home","item":"https:\/\/www.zmc.it\/de\/"},{"@type":"ListItem","position":2,"name":"Qualit\u00e4t Made in Italy"}]},{"@type":"WebSite","@id":"https:\/\/www.zmc.it\/#website","url":"https:\/\/www.zmc.it\/","name":"ZMC Italia","description":"","publisher":{"@id":"https:\/\/www.zmc.it\/#organization"},"potentialAction":[{"@type":"SearchAction","target":{"@type":"EntryPoint","urlTemplate":"https:\/\/www.zmc.it\/?s={search_term_string}"},"query-input":{"@type":"PropertyValueSpecification","valueRequired":true,"valueName":"search_term_string"}}],"inLanguage":"de"},{"@type":"Organization","@id":"https:\/\/www.zmc.it\/#organization","name":"ZMC Italy","url":"https:\/\/www.zmc.it\/","logo":{"@type":"ImageObject","inLanguage":"de","@id":"https:\/\/www.zmc.it\/#\/schema\/logo\/image\/","url":"https:\/\/www.zmc.it\/wp-content\/uploads\/zmc-logo.png","contentUrl":"https:\/\/www.zmc.it\/wp-content\/uploads\/zmc-logo.png","width":150,"height":75,"caption":"ZMC Italy"},"image":{"@id":"https:\/\/www.zmc.it\/#\/schema\/logo\/image\/"},"sameAs":["https:\/\/www.linkedin.com\/company\/z.m.c.-italia-s.r.l.\/about\/"]}]}},"_links":{"self":[{"href":"https:\/\/www.zmc.it\/de\/wp-json\/wp\/v2\/pages\/3040","targetHints":{"allow":["GET"]}}],"collection":[{"href":"https:\/\/www.zmc.it\/de\/wp-json\/wp\/v2\/pages"}],"about":[{"href":"https:\/\/www.zmc.it\/de\/wp-json\/wp\/v2\/types\/page"}],"author":[{"embeddable":true,"href":"https:\/\/www.zmc.it\/de\/wp-json\/wp\/v2\/users\/1"}],"replies":[{"embeddable":true,"href":"https:\/\/www.zmc.it\/de\/wp-json\/wp\/v2\/comments?post=3040"}],"version-history":[{"count":0,"href":"https:\/\/www.zmc.it\/de\/wp-json\/wp\/v2\/pages\/3040\/revisions"}],"wp:attachment":[{"href":"https:\/\/www.zmc.it\/de\/wp-json\/wp\/v2\/media?parent=3040"}],"curies":[{"name":"wp","href":"https:\/\/api.w.org\/{rel}","templated":true}]}}