{"id":3034,"date":"2018-03-16T06:54:10","date_gmt":"2018-03-16T06:54:10","guid":{"rendered":"http:\/\/test.zmcitaly.it\/cosa-facciamo\/"},"modified":"2018-11-11T16:53:12","modified_gmt":"2018-11-11T16:53:12","slug":"was-machen-wir","status":"publish","type":"page","link":"https:\/\/www.zmc.it\/de\/was-machen-wir\/","title":{"rendered":"Was machen wir"},"content":{"rendered":"<p>Was machen wir<\/p>\n<p>&#8222;Wir produzieren industrielle F\u00f6rderketten&#8220;.<br \/>\n&#8211; Speziell f\u00fcr jede Anwendung;<br \/>\n&#8211; Nach Kundenzeichnung und Wunsch;<br \/>\n&#8211; ISO-DIN-BRITISH STANDARD-ANSI Normen;<br \/>\n&#8211; Nicht Standard;<br \/>\n&#8211; Mit metrischer oder z\u00f6lliger Teilung;<\/p>\n<p>Produktionsprogramm<\/p>\n<p>Kettenteilung<br \/>\nvon 25 mm bis 600 mm und dar\u00fcber hinaus, falls erforderlich.<\/p>\n<p>Bruchlast<br \/>\nbis zu 3.000.000 kN.<\/p>\n<p>Materialst\u00e4rken<br \/>\nvon 2 mm bis 60 mm.<\/p>\n<p>Materialst\u00e4rken<\/p>\n<p>von 2 mm bis 60 mm.<\/p>\n<p>W\u00e4rmebehandlungen<br \/>\nalle wichtigsten W\u00e4rmebehandlungen (Verg\u00fcten, Induktivh\u00e4rten, Einsatzh\u00e4rten, Nitrieren, Oxyinitrocarburieren usw.).<\/p>\n<p>Beschichtungen<br \/>\nAlle wichtigsten galvanischen und chemischen Beschischtungen (elektrolytische Verzinkung und Feuerverzinkung, Phosphatierung, chemische Vernickelung, usw.).<\/p>\n<p>Wir liefern Kettenr\u00e4der, mit oder ohne Nabe, passend zu jedem Kettentyp.<\/p>\n<p>Unsere Unternehmensphilosophie basiert darauf, dass der Kunde stets im Mittelpunkt steht.<\/p>\n<p><!-- {\"name\":\"\",\"type\":\"layout\",\"children\":[{\"name\":\"BREAD\",\"type\":\"section\",\"props\":{\"style\":\"default\",\"width\":\"default\",\"vertical_align\":\"middle\",\"title_position\":\"top-left\",\"title_rotation\":\"left\",\"title_breakpoint\":\"xl\",\"image_position\":\"center-center\",\"padding\":\"xsmall\",\"padding_remove_bottom\":true},\"children\":[{\"name\":\"\",\"type\":\"row\",\"props\":{\"fixed_width\":\"large\",\"breakpoint\":\"m\",\"layout\":\"1-1\"},\"children\":[{\"name\":\"\",\"type\":\"column\",\"props\":{\"widths\":[\"1-1\"],\"image_position\":\"center-center\"},\"children\":[{\"name\":\"\",\"type\":\"headline\",\"props\":{\"title_element\":\"h1\",\"content\":\"Was machen wir\",\"title_style\":\"\",\"title_decoration\":\"\",\"title_color\":\"\",\"text_align\":\"\",\"text_align_breakpoint\":\"\",\"text_align_fallback\":\"\",\"maxwidth\":\"\",\"maxwidth_align\":\"\",\"maxwidth_breakpoint\":\"\",\"margin\":\"\",\"animation\":\"\",\"visibility\":\"\"}}]}]}]},{\"name\":\"\",\"type\":\"section\",\"props\":{\"style\":\"default\",\"width\":\"default\",\"vertical_align\":\"middle\",\"title_position\":\"top-left\",\"title_rotation\":\"left\",\"title_breakpoint\":\"xl\",\"image_position\":\"center-center\"},\"children\":[{\"name\":\"\",\"type\":\"row\",\"props\":{\"fixed_width\":\"large\",\"breakpoint\":\"m\",\"layout\":\"2-3,\"},\"children\":[{\"name\":\"\",\"type\":\"column\",\"props\":{\"widths\":[\"2-3\"],\"image_position\":\"center-center\"},\"children\":[{\"name\":\"\",\"type\":\"text\",\"props\":{\"margin\":\"default\",\"column_breakpoint\":\"m\",\"content\":\"\n\n<h4><strong>\\\"Wir produzieren industrielle F\\u00f6rderketten\\\".<\\\/strong><\\\/h4>\\n\n\n<p>- Speziell f\\u00fcr jede Anwendung;<br \\\/>\\n- Nach Kundenzeichnung und Wunsch;<br \\\/>\\n- ISO-DIN-BRITISH STANDARD-ANSI Normen;<br \\\/>\\n- Nicht Standard;<br \\\/>\\n- Mit metrischer oder z\\u00f6lliger Teilung;\",\"text_style\":\"\",\"text_color\":\"\",\"text_size\":\"\",\"column\":\"\",\"text_align\":\"\",\"text_align_breakpoint\":\"\",\"text_align_fallback\":\"\",\"maxwidth\":\"\",\"maxwidth_align\":\"\",\"maxwidth_breakpoint\":\"\",\"animation\":\"\",\"visibility\":\"\"}},{\"name\":\"\",\"type\":\"text\",\"props\":{\"margin\":\"default\",\"column_breakpoint\":\"m\",\"content\":\"\n\n<p><strong>Produktionsprogramm<\\\/strong><\\\/p>\\n\n\n<table border=\\\"0\\\" cellspacing=\\\"1\\\" cellpadding=\\\"2\\\">\\n\n\n<tbody>\\n\n\n<tr>\\n\n\n<td style=\\\"background-color: #eaeaea;\\\"><strong>Kettenteilung<\\\/strong><\\\/td>\\n\n\n<td style=\\\"background-color: #eaeaea;\\\">von 25 mm bis 600 mm und dar\\u00fcber hinaus, falls erforderlich.<\\\/td>\\n<\\\/tr>\\n\n\n<tr>\\n\n\n<td style=\\\"background-color: #eaeaea;\\\"><strong>Bruchlast<\\\/strong><\\\/td>\\n\n\n<td style=\\\"background-color: #eaeaea;\\\">bis zu 3.000.000 kN.<\\\/td>\\n<\\\/tr>\\n\n\n<tr>\\n\n\n<td style=\\\"background-color: #eaeaea;\\\"><strong>Materialst\\u00e4rken<\\\/strong><\\\/td>\\n\n\n<td style=\\\"background-color: #eaeaea;\\\">von 2 mm bis 60 mm.<\\\/td>\\n<\\\/tr>\\n\n\n<tr>\\n\n\n<td style=\\\"background-color: #eaeaea;\\\"><strong>Materialst\\u00e4rken<\\\/strong><\\\/td>\\n\n\n<td style=\\\"background-color: #eaeaea;\\\">\\n\n\n<p>von 2 mm bis 60 mm.<\\\/p>\\n<\\\/td>\\n<\\\/tr>\\n\n\n<tr>\\n\n\n<td style=\\\"background-color: #eaeaea;\\\"><strong>W\\u00e4rmebehandlungen<\\\/strong><\\\/td>\\n\n\n<td style=\\\"background-color: #eaeaea;\\\">alle wichtigsten W\\u00e4rmebehandlungen (Verg\\u00fcten, Induktivh\\u00e4rten, Einsatzh\\u00e4rten, Nitrieren, Oxyinitrocarburieren usw.).<\\\/td>\\n<\\\/tr>\\n\n\n<tr>\\n\n\n<td style=\\\"background-color: #eaeaea;\\\"><strong>Beschichtungen<\\\/strong><\\\/td>\\n\n\n<td style=\\\"background-color: #eaeaea;\\\">Alle wichtigsten galvanischen und chemischen Beschischtungen (elektrolytische Verzinkung und Feuerverzinkung, Phosphatierung, chemische Vernickelung, usw.).<\\\/td>\\n<\\\/tr>\\n<\\\/tbody>\\n<\\\/table>\",\"text_style\":\"\",\"text_color\":\"\",\"text_size\":\"\",\"column\":\"\",\"text_align\":\"\",\"text_align_breakpoint\":\"\",\"text_align_fallback\":\"\",\"maxwidth\":\"\",\"maxwidth_align\":\"\",\"maxwidth_breakpoint\":\"\",\"animation\":\"\",\"visibility\":\"\"}},{\"name\":\"\",\"type\":\"text\",\"props\":{\"margin\":\"default\",\"column_breakpoint\":\"m\",\"content\":\"\n\n<p>Wir liefern <a href=\\\"\\\/de\\\/?p=1197\\\">Kettenr\\u00e4der, mit oder ohne Nabe<\\\/a>, passend zu jedem Kettentyp.<\\\/p>\",\"text_style\":\"\",\"text_color\":\"\",\"text_size\":\"\",\"column\":\"\",\"text_align\":\"\",\"text_align_breakpoint\":\"\",\"text_align_fallback\":\"\",\"maxwidth\":\"\",\"maxwidth_align\":\"\",\"maxwidth_breakpoint\":\"\",\"animation\":\"\",\"visibility\":\"\"}},{\"name\":\"\",\"type\":\"text\",\"props\":{\"margin\":\"default\",\"column_breakpoint\":\"m\",\"content\":\"\n\n<p>Unsere Unternehmensphilosophie basiert darauf, dass der Kunde stets im Mittelpunkt steht.<\\\/p>\",\"text_style\":\"\",\"text_color\":\"\",\"text_size\":\"\",\"column\":\"\",\"text_align\":\"\",\"text_align_breakpoint\":\"\",\"text_align_fallback\":\"\",\"maxwidth\":\"\",\"maxwidth_align\":\"\",\"maxwidth_breakpoint\":\"\",\"animation\":\"\",\"visibility\":\"\"}}]},{\"name\":\"\",\"type\":\"column\",\"props\":{\"widths\":[\"\"],\"image_position\":\"center-center\"},\"children\":[{\"name\":\"\",\"type\":\"gallery\",\"props\":{\"show_title\":false,\"show_meta\":false,\"show_content\":false,\"show_link\":false,\"show_hover_image\":true,\"grid_default\":\"1\",\"grid_medium\":\"1\",\"overlay_mode\":\"cover\",\"overlay_position\":\"center\",\"overlay_transition\":\"fade\",\"title_element\":\"h3\",\"meta_style\":\"meta\",\"meta_align\":\"bottom\",\"text_align\":\"center\",\"margin\":\"default\",\"lightbox\":false},\"children\":[{\"name\":\"\",\"type\":\"gallery_item\",\"props\":{\"image\":\"wp-content\\\/uploads\\\/macchinario-1.jpg\"}},{\"name\":\"\",\"type\":\"gallery_item\",\"props\":{\"image\":\"wp-content\\\/uploads\\\/cosa-facc.jpg\"}},{\"name\":\"\",\"type\":\"gallery_item\",\"props\":{\"image\":\"wp-content\\\/uploads\\\/CatenaStandard-1.jpg\"}}]}]}]}]}]} --><\/p>\n","protected":false},"excerpt":{"rendered":"<p>Was machen wir &#8222;Wir produzieren industrielle F\u00f6rderketten&#8220;. &#8211; Speziell f\u00fcr jede Anwendung; &#8211; Nach Kundenzeichnung und Wunsch; &#8211; ISO-DIN-BRITISH STANDARD-ANSI Normen; &#8211; Nicht Standard; &#8211; Mit metrischer oder z\u00f6lliger Teilung; Produktionsprogramm Kettenteilung von 25 mm bis 600 mm und dar\u00fcber hinaus, falls erforderlich. Bruchlast bis zu 3.000.000 kN. Materialst\u00e4rken von 2 mm bis 60 mm. [&hellip;]<\/p>\n","protected":false},"author":1,"featured_media":0,"parent":0,"menu_order":0,"comment_status":"closed","ping_status":"closed","template":"","meta":{"footnotes":""},"class_list":["post-3034","page","type-page","status-publish","hentry"],"yoast_head":"<!-- This site is optimized with the Yoast SEO plugin v27.2 - https:\/\/yoast.com\/product\/yoast-seo-wordpress\/ -->\n<title>Was machen wir - ZMC Italia<\/title>\n<meta name=\"robots\" content=\"index, follow, max-snippet:-1, max-image-preview:large, max-video-preview:-1\" \/>\n<link rel=\"canonical\" href=\"https:\/\/www.zmc.it\/de\/was-machen-wir\/\" \/>\n<meta property=\"og:locale\" content=\"de_DE\" \/>\n<meta property=\"og:type\" content=\"article\" \/>\n<meta property=\"og:title\" content=\"Was machen wir - ZMC Italia\" \/>\n<meta property=\"og:description\" content=\"Was machen wir &#8222;Wir produzieren industrielle F\u00f6rderketten&#8220;. &#8211; Speziell f\u00fcr jede Anwendung; &#8211; Nach Kundenzeichnung und Wunsch; &#8211; ISO-DIN-BRITISH STANDARD-ANSI Normen; &#8211; Nicht Standard; &#8211; Mit metrischer oder z\u00f6lliger Teilung; Produktionsprogramm Kettenteilung von 25 mm bis 600 mm und dar\u00fcber hinaus, falls erforderlich. Bruchlast bis zu 3.000.000 kN. Materialst\u00e4rken von 2 mm bis 60 mm. [&hellip;]\" \/>\n<meta property=\"og:url\" content=\"https:\/\/www.zmc.it\/de\/was-machen-wir\/\" \/>\n<meta property=\"og:site_name\" content=\"ZMC Italia\" \/>\n<meta property=\"article:modified_time\" content=\"2018-11-11T16:53:12+00:00\" \/>\n<meta property=\"og:image\" content=\"https:\/\/www.zmc.it\/wp-content\/uploads\/FOTO-SLIDER-2.jpg\" \/>\n\t<meta property=\"og:image:width\" content=\"1600\" \/>\n\t<meta property=\"og:image:height\" content=\"500\" \/>\n\t<meta property=\"og:image:type\" content=\"image\/jpeg\" \/>\n<meta name=\"twitter:card\" content=\"summary_large_image\" \/>\n<meta name=\"twitter:label1\" content=\"Gesch\u00e4tzte Lesezeit\" \/>\n\t<meta name=\"twitter:data1\" content=\"1\u00a0Minute\" \/>\n<script type=\"application\/ld+json\" class=\"yoast-schema-graph\">{\"@context\":\"https:\/\/schema.org\",\"@graph\":[{\"@type\":\"WebPage\",\"@id\":\"https:\/\/www.zmc.it\/de\/was-machen-wir\/\",\"url\":\"https:\/\/www.zmc.it\/de\/was-machen-wir\/\",\"name\":\"Was machen wir - ZMC Italia\",\"isPartOf\":{\"@id\":\"https:\/\/www.zmc.it\/#website\"},\"datePublished\":\"2018-03-16T06:54:10+00:00\",\"dateModified\":\"2018-11-11T16:53:12+00:00\",\"breadcrumb\":{\"@id\":\"https:\/\/www.zmc.it\/de\/was-machen-wir\/#breadcrumb\"},\"inLanguage\":\"de\",\"potentialAction\":[{\"@type\":\"ReadAction\",\"target\":[\"https:\/\/www.zmc.it\/de\/was-machen-wir\/\"]}]},{\"@type\":\"BreadcrumbList\",\"@id\":\"https:\/\/www.zmc.it\/de\/was-machen-wir\/#breadcrumb\",\"itemListElement\":[{\"@type\":\"ListItem\",\"position\":1,\"name\":\"Home\",\"item\":\"https:\/\/www.zmc.it\/de\/\"},{\"@type\":\"ListItem\",\"position\":2,\"name\":\"Was machen wir\"}]},{\"@type\":\"WebSite\",\"@id\":\"https:\/\/www.zmc.it\/#website\",\"url\":\"https:\/\/www.zmc.it\/\",\"name\":\"ZMC Italia\",\"description\":\"\",\"publisher\":{\"@id\":\"https:\/\/www.zmc.it\/#organization\"},\"potentialAction\":[{\"@type\":\"SearchAction\",\"target\":{\"@type\":\"EntryPoint\",\"urlTemplate\":\"https:\/\/www.zmc.it\/?s={search_term_string}\"},\"query-input\":{\"@type\":\"PropertyValueSpecification\",\"valueRequired\":true,\"valueName\":\"search_term_string\"}}],\"inLanguage\":\"de\"},{\"@type\":\"Organization\",\"@id\":\"https:\/\/www.zmc.it\/#organization\",\"name\":\"ZMC Italy\",\"url\":\"https:\/\/www.zmc.it\/\",\"logo\":{\"@type\":\"ImageObject\",\"inLanguage\":\"de\",\"@id\":\"https:\/\/www.zmc.it\/#\/schema\/logo\/image\/\",\"url\":\"https:\/\/www.zmc.it\/wp-content\/uploads\/zmc-logo.png\",\"contentUrl\":\"https:\/\/www.zmc.it\/wp-content\/uploads\/zmc-logo.png\",\"width\":150,\"height\":75,\"caption\":\"ZMC Italy\"},\"image\":{\"@id\":\"https:\/\/www.zmc.it\/#\/schema\/logo\/image\/\"},\"sameAs\":[\"https:\/\/www.linkedin.com\/company\/z.m.c.-italia-s.r.l.\/about\/\"]}]}<\/script>\n<!-- \/ Yoast SEO plugin. -->","yoast_head_json":{"title":"Was machen wir - ZMC Italia","robots":{"index":"index","follow":"follow","max-snippet":"max-snippet:-1","max-image-preview":"max-image-preview:large","max-video-preview":"max-video-preview:-1"},"canonical":"https:\/\/www.zmc.it\/de\/was-machen-wir\/","og_locale":"de_DE","og_type":"article","og_title":"Was machen wir - ZMC Italia","og_description":"Was machen wir &#8222;Wir produzieren industrielle F\u00f6rderketten&#8220;. &#8211; Speziell f\u00fcr jede Anwendung; &#8211; Nach Kundenzeichnung und Wunsch; &#8211; ISO-DIN-BRITISH STANDARD-ANSI Normen; &#8211; Nicht Standard; &#8211; Mit metrischer oder z\u00f6lliger Teilung; Produktionsprogramm Kettenteilung von 25 mm bis 600 mm und dar\u00fcber hinaus, falls erforderlich. Bruchlast bis zu 3.000.000 kN. Materialst\u00e4rken von 2 mm bis 60 mm. [&hellip;]","og_url":"https:\/\/www.zmc.it\/de\/was-machen-wir\/","og_site_name":"ZMC Italia","article_modified_time":"2018-11-11T16:53:12+00:00","og_image":[{"width":1600,"height":500,"url":"https:\/\/www.zmc.it\/wp-content\/uploads\/FOTO-SLIDER-2.jpg","type":"image\/jpeg"}],"twitter_card":"summary_large_image","twitter_misc":{"Gesch\u00e4tzte Lesezeit":"1\u00a0Minute"},"schema":{"@context":"https:\/\/schema.org","@graph":[{"@type":"WebPage","@id":"https:\/\/www.zmc.it\/de\/was-machen-wir\/","url":"https:\/\/www.zmc.it\/de\/was-machen-wir\/","name":"Was machen wir - ZMC Italia","isPartOf":{"@id":"https:\/\/www.zmc.it\/#website"},"datePublished":"2018-03-16T06:54:10+00:00","dateModified":"2018-11-11T16:53:12+00:00","breadcrumb":{"@id":"https:\/\/www.zmc.it\/de\/was-machen-wir\/#breadcrumb"},"inLanguage":"de","potentialAction":[{"@type":"ReadAction","target":["https:\/\/www.zmc.it\/de\/was-machen-wir\/"]}]},{"@type":"BreadcrumbList","@id":"https:\/\/www.zmc.it\/de\/was-machen-wir\/#breadcrumb","itemListElement":[{"@type":"ListItem","position":1,"name":"Home","item":"https:\/\/www.zmc.it\/de\/"},{"@type":"ListItem","position":2,"name":"Was machen wir"}]},{"@type":"WebSite","@id":"https:\/\/www.zmc.it\/#website","url":"https:\/\/www.zmc.it\/","name":"ZMC Italia","description":"","publisher":{"@id":"https:\/\/www.zmc.it\/#organization"},"potentialAction":[{"@type":"SearchAction","target":{"@type":"EntryPoint","urlTemplate":"https:\/\/www.zmc.it\/?s={search_term_string}"},"query-input":{"@type":"PropertyValueSpecification","valueRequired":true,"valueName":"search_term_string"}}],"inLanguage":"de"},{"@type":"Organization","@id":"https:\/\/www.zmc.it\/#organization","name":"ZMC Italy","url":"https:\/\/www.zmc.it\/","logo":{"@type":"ImageObject","inLanguage":"de","@id":"https:\/\/www.zmc.it\/#\/schema\/logo\/image\/","url":"https:\/\/www.zmc.it\/wp-content\/uploads\/zmc-logo.png","contentUrl":"https:\/\/www.zmc.it\/wp-content\/uploads\/zmc-logo.png","width":150,"height":75,"caption":"ZMC Italy"},"image":{"@id":"https:\/\/www.zmc.it\/#\/schema\/logo\/image\/"},"sameAs":["https:\/\/www.linkedin.com\/company\/z.m.c.-italia-s.r.l.\/about\/"]}]}},"_links":{"self":[{"href":"https:\/\/www.zmc.it\/de\/wp-json\/wp\/v2\/pages\/3034","targetHints":{"allow":["GET"]}}],"collection":[{"href":"https:\/\/www.zmc.it\/de\/wp-json\/wp\/v2\/pages"}],"about":[{"href":"https:\/\/www.zmc.it\/de\/wp-json\/wp\/v2\/types\/page"}],"author":[{"embeddable":true,"href":"https:\/\/www.zmc.it\/de\/wp-json\/wp\/v2\/users\/1"}],"replies":[{"embeddable":true,"href":"https:\/\/www.zmc.it\/de\/wp-json\/wp\/v2\/comments?post=3034"}],"version-history":[{"count":0,"href":"https:\/\/www.zmc.it\/de\/wp-json\/wp\/v2\/pages\/3034\/revisions"}],"wp:attachment":[{"href":"https:\/\/www.zmc.it\/de\/wp-json\/wp\/v2\/media?parent=3034"}],"curies":[{"name":"wp","href":"https:\/\/api.w.org\/{rel}","templated":true}]}}