{"id":3028,"date":"2018-03-16T06:53:55","date_gmt":"2018-03-16T06:53:55","guid":{"rendered":"http:\/\/test.zmcitaly.it\/chi-siamo\/"},"modified":"2025-05-05T10:52:57","modified_gmt":"2025-05-05T10:52:57","slug":"wer-wir-sind","status":"publish","type":"page","link":"https:\/\/www.zmc.it\/de\/wer-wir-sind\/","title":{"rendered":"Wer wir sind"},"content":{"rendered":"<h1>Wer wir sind<\/h1>\n<div>\n<h4><strong>ZMC ist ein Unternehmen mit \u00fcber 60 Jahren Erfahrung, das sich st\u00e4ndig weiterentwickelt beim Entwurf und Produktion von Transportketten <\/strong><\/h4>\n<\/div>\n<p><img decoding=\"async\" src=\"\/wp-content\/uploads\/fondatori-zmc-1.jpg\" alt=\"\"><\/p>\n<div>\n<p><strong>1954 <\/strong>gr\u00fcndeten\u00a0Angelo Zibetti, Mario Mattiolo und Angelo Croci die Firma ZMC.<\/p>\n<\/div>\n<div>\n<p><strong>1958<\/strong> bezieht das Unternehmen sein erstes Fabrikgeb\u00e4ude.<\/p>\n<\/div>\n<p><img decoding=\"async\" src=\"\/wp-content\/uploads\/1958capannone.jpg\" alt=\"\"><\/p>\n<div>\n<p><strong>1972<\/strong> beginnt die Automatisierung einiger Fertigungsschritte des Produktionsprozesses.<\/p>\n<\/div>\n<p><img decoding=\"async\" src=\"\/wp-content\/uploads\/1991capannone.jpg\" alt=\"\"><br \/>\n<img decoding=\"async\" src=\"\/wp-content\/uploads\/1997ipsentapp-e1528385167387.jpg\" alt=\"\"><\/p>\n<div>\n<p><b>1991,\u00a0<\/b>erweiterte ZMC die Produktionsst\u00e4tte um weitere 5.500 Quadratmeter.<\/p>\n<\/div>\n<div>\n<p><b>1995, <\/b>er\u00f6ffnet sich mit dem Kauf von neuen Hochleistungspressen ein neues Kapitel f\u00fcr weitere Investitionen. Das Ziel sind immer speziellere M\u00e4rkte und besondere Ketten.<\/p>\n<\/div>\n<div>\n<p><b>Von 1997 bis 1999, <\/b>investiert ZMC in neue und moderne W\u00e4rmebehandlungsanlagen und macht sich in diesem wichtigen Bereich des Produktionssystems v\u00f6llig unabh\u00e4ngig von Dritten.<\/p>\n<\/div>\n<div>\n<p><strong>Im Jahr 2000 <\/strong>, erg\u00e4nzen neue Werkzeugmaschinen eine Reihe von hochmodernen Produktionssystemen.<\/p>\n<\/div>\n<div>\n<p><strong>Im Jahr 2004 <\/strong> erfolgte der Bau des neuen B\u00fcrogeb\u00e4udes. Bereiche, die bereits an die zuk\u00fcnftigen Erweiterungsaussichten angepasst sind.<\/p>\n<\/div>\n<ul>\n<li>\n<p>        <img decoding=\"async\" src=\"\/wp-content\/uploads\/ZMC-chi-siamo_2501.jpg\" alt=\"\"><\/p>\n<\/li>\n<li>\n<p>        <img decoding=\"async\" src=\"\/wp-content\/uploads\/ZMC-chi-siamo_2502.jpg\" alt=\"\"><\/p>\n<\/li>\n<li>\n<p>        <img decoding=\"async\" src=\"\/wp-content\/uploads\/ZMC-chi-siamo_2503.jpg\" alt=\"\"><\/p>\n<\/li>\n<li>\n<p>        <img decoding=\"async\" src=\"\/wp-content\/uploads\/ZMC-chi-siamo_2504.jpg\" alt=\"\"><\/p>\n<\/li>\n<li>\n<p>        <img decoding=\"async\" src=\"\/wp-content\/uploads\/ZMC-chi-siamo_2505.jpg\" alt=\"\"><\/p>\n<\/li>\n<li>\n<p>        <img decoding=\"async\" src=\"\/wp-content\/uploads\/ZMC-chi-siamo_2506.jpg\" alt=\"\"><\/p>\n<\/li>\n<\/ul>\n<div>\n<p><strong>Im Jahr 2006, <\/strong>erfolgte der Bau eines neuen Geb\u00e4udes f\u00fcr die Laserschneidabteilung und Hochleistungs\u00e4gen. Auch das Lager f\u00fcr fertige Ketten und die Versandabteilung wurde erweitert.<\/p>\n<\/div>\n<p><img decoding=\"async\" src=\"\/wp-content\/uploads\/azienda-produzione2.jpg\" alt=\"\"><\/p>\n<div>\n<p style=\"text-align: center;\"><strong>Im Jahr 2018<\/strong>, wurde der erste Bystronic Laser durch einen Twin Laser erg\u00e4nzt.<\/p>\n<\/div>\n<p><img decoding=\"async\" src=\"\/wp-content\/uploads\/laser1.jpg\" alt=\"\"><br \/>\n<img decoding=\"async\" src=\"\/wp-content\/uploads\/laser2.jpg\" alt=\"\"><\/p>\n<div>\n<p><strong>Im Jahr 2020<\/strong> hat ZMC die ISO9001-Zertifizierung erhalten, indem es ein effektives Qualit\u00e4tsmanagementsystem eingef\u00fchrt hat, das zu einer verbesserten Leistung und Kundenzufriedenheit beitr\u00e4gt.<\/p>\n<\/div>\n<p><img decoding=\"async\" src=\"\/wp-content\/uploads\/ZMC-chi-siamo_2507.jpg\" alt=\"\"><br \/>\n<img decoding=\"async\" src=\"\/wp-content\/uploads\/ZMC-chi-siamo_2508.jpg\" alt=\"\"><\/p>\n<div>\n<p><strong>Heute<\/strong> ist die Konzentration auf die Umweltauswirkungen und das Engagement f\u00fcr Nachhaltigkeit ein Ziel f\u00fcr ZMC, das 5 % seines Umsatzes in Gesch\u00e4ftsentwicklung und Wachstum investiert.<\/p>\n<\/div>\n<p><!--more--><br \/>\n<!-- {\"type\":\"layout\",\"children\":[{\"name\":\"BREAD\",\"type\":\"section\",\"props\":{\"image_position\":\"center-center\",\"padding\":\"xsmall\",\"padding_remove_bottom\":true,\"style\":\"default\",\"title_breakpoint\":\"xl\",\"title_position\":\"top-left\",\"title_rotation\":\"left\",\"vertical_align\":\"\",\"width\":\"default\"},\"children\":[{\"type\":\"row\",\"children\":[{\"type\":\"column\",\"props\":{\"image_position\":\"center-center\",\"position_sticky_breakpoint\":\"m\",\"width_medium\":\"1-1\"},\"children\":[{\"type\":\"headline\",\"props\":{\"content\":\"Wer wir sind\",\"title_element\":\"h1\"}}]}]}]},{\"type\":\"section\",\"props\":{\"image_position\":\"center-center\",\"padding_remove_bottom\":true,\"padding_remove_top\":false,\"style\":\"default\",\"title_breakpoint\":\"xl\",\"title_position\":\"top-left\",\"title_rotation\":\"left\",\"vertical_align\":\"\",\"width\":\"default\"},\"children\":[{\"type\":\"row\",\"children\":[{\"type\":\"column\",\"props\":{\"image_position\":\"center-center\",\"position_sticky_breakpoint\":\"m\",\"width_medium\":\"1-1\"},\"children\":[{\"type\":\"text\",\"props\":{\"block_align\":\"center\",\"column_breakpoint\":\"m\",\"content\":\"\n\n<h4><strong>ZMC ist ein Unternehmen mit \\u00fcber 60 Jahren Erfahrung, das sich st\\u00e4ndig weiterentwickelt beim Entwurf und Produktion von Transportketten <\\\/strong><\\\/h4>\",\"margin\":\"default\",\"margin_remove_bottom\":true,\"maxwidth\":\"2xlarge\",\"maxwidth_breakpoint\":\"l\",\"text_align\":\"center\"}}]}]}]},{\"type\":\"section\",\"props\":{\"image_position\":\"center-center\",\"padding_remove_top\":false,\"style\":\"default\",\"title_breakpoint\":\"xl\",\"title_position\":\"top-left\",\"title_rotation\":\"left\",\"vertical_align\":\"\",\"width\":\"default\"},\"children\":[{\"type\":\"row\",\"props\":{\"layout\":\"1-2,1-2\"},\"children\":[{\"type\":\"column\",\"props\":{\"image_position\":\"center-center\",\"position_sticky_breakpoint\":\"m\",\"width_medium\":\"1-2\"},\"children\":[{\"type\":\"image\",\"props\":{\"image\":\"wp-content\\\/uploads\\\/fondatori-zmc-1.jpg\",\"image_box_shadow_bottom\":false,\"image_svg_color\":\"emphasis\",\"margin\":\"default\",\"margin_remove_top\":true}}]},{\"type\":\"column\",\"props\":{\"image_position\":\"center-center\",\"position_sticky_breakpoint\":\"m\",\"width_medium\":\"1-2\"},\"children\":[{\"type\":\"text\",\"props\":{\"column_breakpoint\":\"m\",\"content\":\"\n\n<p><strong>1954 <\\\/strong>gr\\u00fcndeten\\u00a0Angelo Zibetti, Mario Mattiolo und Angelo Croci die Firma ZMC.<\\\/p>\",\"margin\":\"remove-vertical\",\"margin_remove_bottom\":true,\"margin_remove_top\":false}},{\"type\":\"text\",\"props\":{\"column_breakpoint\":\"m\",\"content\":\"\n\n<p><strong>1958<\\\/strong> bezieht das Unternehmen sein erstes Fabrikgeb\\u00e4ude.<\\\/p>\",\"margin\":\"default\",\"margin_remove_bottom\":true}},{\"type\":\"image\",\"props\":{\"image\":\"wp-content\\\/uploads\\\/1958capannone.jpg\",\"image_svg_color\":\"emphasis\",\"margin\":\"default\",\"margin_remove_bottom\":true,\"margin_remove_top\":true}},{\"type\":\"text\",\"props\":{\"column_breakpoint\":\"m\",\"content\":\"\n\n<p><strong>1972<\\\/strong> beginnt die Automatisierung einiger Fertigungsschritte des Produktionsprozesses.<\\\/p>\",\"margin\":\"default\",\"margin_remove_bottom\":true,\"margin_remove_top\":false}}]}]}]},{\"type\":\"section\",\"props\":{\"image_position\":\"center-center\",\"padding_remove_top\":true,\"style\":\"default\",\"title_breakpoint\":\"xl\",\"title_position\":\"top-left\",\"title_rotation\":\"left\",\"vertical_align\":\"\",\"width\":\"default\"},\"children\":[{\"type\":\"row\",\"props\":{\"layout\":\"1-2,1-2\"},\"children\":[{\"type\":\"column\",\"props\":{\"image_position\":\"center-center\",\"position_sticky_breakpoint\":\"m\",\"width_medium\":\"1-2\"},\"children\":[{\"type\":\"image\",\"props\":{\"image\":\"wp-content\\\/uploads\\\/1991capannone.jpg\",\"image_svg_color\":\"emphasis\",\"margin\":\"default\",\"margin_remove_bottom\":true,\"margin_remove_top\":true}},{\"type\":\"image\",\"props\":{\"image\":\"wp-content\\\/uploads\\\/1997ipsentapp-e1528385167387.jpg\",\"image_svg_color\":\"emphasis\",\"margin\":\"default\",\"margin_remove_bottom\":true,\"margin_remove_top\":false}}]},{\"type\":\"column\",\"props\":{\"image_position\":\"center-center\",\"position_sticky_breakpoint\":\"m\",\"width_medium\":\"1-2\"},\"children\":[{\"type\":\"text\",\"props\":{\"column_breakpoint\":\"m\",\"content\":\"\n\n<p><b>1991,\\u00a0<\\\/b>erweiterte ZMC die Produktionsst\\u00e4tte um weitere 5.500 Quadratmeter.<\\\/p>\",\"margin\":\"default\",\"margin_remove_bottom\":true}},{\"type\":\"text\",\"props\":{\"column_breakpoint\":\"m\",\"content\":\"\n\n<p><b>1995, <\\\/b>er\\u00f6ffnet sich mit dem Kauf von neuen Hochleistungspressen ein neues Kapitel f\\u00fcr weitere Investitionen. Das Ziel sind immer speziellere M\\u00e4rkte und besondere Ketten.<\\\/p>\",\"margin\":\"default\",\"margin_remove_bottom\":true}},{\"type\":\"text\",\"props\":{\"column_breakpoint\":\"m\",\"content\":\"\n\n<p><b>Von 1997 bis 1999, <\\\/b>investiert ZMC in neue und moderne W\\u00e4rmebehandlungsanlagen und macht sich in diesem wichtigen Bereich des Produktionssystems v\\u00f6llig unabh\\u00e4ngig von Dritten.<\\\/p>\",\"margin\":\"default\",\"margin_remove_bottom\":true}},{\"type\":\"text\",\"props\":{\"column_breakpoint\":\"m\",\"content\":\"\n\n<p><strong>Im Jahr 2000 <\\\/strong>, erg\\u00e4nzen neue Werkzeugmaschinen eine Reihe von hochmodernen Produktionssystemen.<\\\/p>\",\"margin\":\"default\",\"margin_remove_bottom\":true}}]}]}]},{\"type\":\"section\",\"props\":{\"image_position\":\"center-center\",\"padding_remove_top\":true,\"style\":\"default\",\"title_breakpoint\":\"xl\",\"title_position\":\"top-left\",\"title_rotation\":\"left\",\"vertical_align\":\"\",\"width\":\"default\"},\"children\":[{\"type\":\"row\",\"children\":[{\"type\":\"column\",\"props\":{\"image_position\":\"center-center\",\"position_sticky_breakpoint\":\"m\",\"width_medium\":\"1-1\"},\"children\":[{\"type\":\"text\",\"props\":{\"column_breakpoint\":\"m\",\"content\":\"\n\n<p><strong>Im Jahr 2004 <\\\/strong> erfolgte der Bau des neuen B\\u00fcrogeb\\u00e4udes. Bereiche, die bereits an die zuk\\u00fcnftigen Erweiterungsaussichten angepasst sind.<\\\/p>\",\"margin\":\"default\",\"margin_remove_bottom\":true,\"text_align\":\"center\"}},{\"type\":\"gallery\",\"props\":{\"filter_align\":\"left\",\"filter_all\":true,\"filter_grid_breakpoint\":\"m\",\"filter_grid_width\":\"auto\",\"filter_position\":\"top\",\"filter_style\":\"tab\",\"grid_default\":\"1\",\"grid_medium\":\"3\",\"item_animation\":true,\"lightbox\":true,\"lightbox_bg_close\":true,\"link_style\":\"default\",\"link_text\":\"\",\"margin\":\"default\",\"meta_align\":\"below-title\",\"meta_element\":\"div\",\"meta_style\":\"text-meta\",\"overlay_hover\":true,\"overlay_link\":true,\"overlay_mode\":\"cover\",\"overlay_position\":\"center\",\"overlay_style\":\"overlay-primary\",\"overlay_transition\":\"fade\",\"parallax_easing\":\"1\",\"show_content\":false,\"show_hover_image\":true,\"show_hover_video\":true,\"show_link\":false,\"show_meta\":false,\"show_title\":false,\"text_align\":\"center\",\"text_color\":\"light\",\"title_element\":\"h3\",\"title_hover_style\":\"reset\"},\"children\":[{\"type\":\"gallery_item\",\"props\":{\"image\":\"wp-content\\\/uploads\\\/ZMC-chi-siamo_2501.jpg\"}},{\"type\":\"gallery_item\",\"props\":{\"image\":\"wp-content\\\/uploads\\\/ZMC-chi-siamo_2502.jpg\"}},{\"type\":\"gallery_item\",\"props\":{\"image\":\"wp-content\\\/uploads\\\/ZMC-chi-siamo_2503.jpg\"}},{\"type\":\"gallery_item\",\"props\":{\"image\":\"wp-content\\\/uploads\\\/ZMC-chi-siamo_2504.jpg\"}},{\"type\":\"gallery_item\",\"props\":{\"image\":\"wp-content\\\/uploads\\\/ZMC-chi-siamo_2505.jpg\"}},{\"type\":\"gallery_item\",\"props\":{\"image\":\"wp-content\\\/uploads\\\/ZMC-chi-siamo_2506.jpg\"}}]}]}]}]},{\"type\":\"section\",\"props\":{\"image_position\":\"center-center\",\"padding_remove_top\":true,\"style\":\"default\",\"title_breakpoint\":\"xl\",\"title_position\":\"top-left\",\"title_rotation\":\"left\",\"vertical_align\":\"\",\"width\":\"default\"},\"children\":[{\"type\":\"row\",\"props\":{\"layout\":\"1-2,1-2\"},\"children\":[{\"type\":\"column\",\"props\":{\"image_position\":\"center-center\",\"position_sticky_breakpoint\":\"m\",\"width_medium\":\"1-2\"},\"children\":[{\"type\":\"text\",\"props\":{\"column_breakpoint\":\"m\",\"content\":\"\n\n<p><strong>Im Jahr 2006, <\\\/strong>erfolgte der Bau eines neuen Geb\\u00e4udes f\\u00fcr die Laserschneidabteilung und Hochleistungs\\u00e4gen. Auch das Lager f\\u00fcr fertige Ketten und die Versandabteilung wurde erweitert.<\\\/p>\",\"margin\":\"default\",\"margin_remove_bottom\":true}}]},{\"type\":\"column\",\"props\":{\"image_position\":\"center-center\",\"position_sticky_breakpoint\":\"m\",\"width_medium\":\"1-2\"},\"children\":[{\"type\":\"image\",\"props\":{\"image\":\"wp-content\\\/uploads\\\/azienda-produzione2.jpg\",\"image_svg_color\":\"emphasis\",\"margin\":\"default\",\"margin_remove_bottom\":true,\"margin_remove_top\":true}}]}]}]},{\"type\":\"section\",\"props\":{\"image_position\":\"center-center\",\"padding_remove_bottom\":true,\"padding_remove_top\":true,\"style\":\"default\",\"title_breakpoint\":\"xl\",\"title_position\":\"top-left\",\"title_rotation\":\"left\",\"vertical_align\":\"\",\"width\":\"default\"},\"children\":[{\"type\":\"row\",\"children\":[{\"type\":\"column\",\"props\":{\"image_position\":\"center-center\",\"position_sticky_breakpoint\":\"m\",\"width_medium\":\"1-1\"},\"children\":[{\"type\":\"text\",\"props\":{\"column_breakpoint\":\"m\",\"content\":\"\n\n<p style=\\\"text-align: center;\\\"><strong>Im Jahr 2018<\\\/strong>, wurde der erste Bystronic Laser durch einen Twin Laser erg\\u00e4nzt.<\\\/p>\",\"margin\":\"default\",\"margin_remove_bottom\":true}}]}]}]},{\"type\":\"section\",\"props\":{\"image_position\":\"center-center\",\"padding_remove_top\":true,\"style\":\"default\",\"title_breakpoint\":\"xl\",\"title_position\":\"top-left\",\"title_rotation\":\"left\",\"vertical_align\":\"\",\"width\":\"default\"},\"children\":[{\"type\":\"row\",\"props\":{\"layout\":\"1-2,1-2\"},\"children\":[{\"type\":\"column\",\"props\":{\"image_position\":\"center-center\",\"position_sticky_breakpoint\":\"m\",\"width_medium\":\"1-2\"},\"children\":[{\"type\":\"image\",\"props\":{\"image\":\"wp-content\\\/uploads\\\/laser1.jpg\",\"image_svg_color\":\"emphasis\",\"margin\":\"default\",\"margin_remove_bottom\":true,\"margin_remove_top\":true}}]},{\"type\":\"column\",\"props\":{\"image_position\":\"center-center\",\"position_sticky_breakpoint\":\"m\",\"width_medium\":\"1-2\"},\"children\":[{\"type\":\"image\",\"props\":{\"image\":\"wp-content\\\/uploads\\\/laser2.jpg\",\"image_svg_color\":\"emphasis\",\"margin\":\"default\",\"margin_remove_bottom\":true,\"margin_remove_top\":true}}]}]}]},{\"type\":\"section\",\"props\":{\"image_position\":\"center-center\",\"padding_remove_top\":true,\"style\":\"default\",\"title_breakpoint\":\"xl\",\"title_position\":\"top-left\",\"title_rotation\":\"left\",\"vertical_align\":\"\",\"width\":\"default\"},\"children\":[{\"type\":\"row\",\"props\":{\"layout\":\"1-2,1-2\"},\"children\":[{\"type\":\"column\",\"props\":{\"image_position\":\"center-center\",\"position_sticky_breakpoint\":\"m\",\"width_medium\":\"1-2\"},\"children\":[{\"type\":\"text\",\"props\":{\"column_breakpoint\":\"m\",\"content\":\"\n\n<p><strong>Im Jahr 2020<\\\/strong> hat ZMC die ISO9001-Zertifizierung erhalten, indem es ein effektives Qualit\\u00e4tsmanagementsystem eingef\\u00fchrt hat, das zu einer verbesserten Leistung und Kundenzufriedenheit beitr\\u00e4gt.<\\\/p>\",\"margin\":\"default\",\"margin_remove_bottom\":true}}]},{\"type\":\"column\",\"props\":{\"image_position\":\"center-center\",\"position_sticky_breakpoint\":\"m\",\"width_medium\":\"1-2\"},\"children\":[{\"type\":\"image\",\"props\":{\"image\":\"wp-content\\\/uploads\\\/ZMC-chi-siamo_2507.jpg\",\"image_svg_color\":\"emphasis\",\"margin\":\"default\",\"margin_remove_bottom\":true,\"margin_remove_top\":true}}]}]}]},{\"type\":\"section\",\"props\":{\"image_position\":\"center-center\",\"padding_remove_top\":true,\"style\":\"default\",\"title_breakpoint\":\"xl\",\"title_position\":\"top-left\",\"title_rotation\":\"left\",\"vertical_align\":\"\",\"width\":\"default\"},\"children\":[{\"type\":\"row\",\"props\":{\"layout\":\"1-2,1-2\"},\"children\":[{\"type\":\"column\",\"props\":{\"image_position\":\"center-center\",\"position_sticky_breakpoint\":\"m\",\"width_medium\":\"1-2\"},\"children\":[{\"type\":\"image\",\"props\":{\"image\":\"wp-content\\\/uploads\\\/ZMC-chi-siamo_2508.jpg\",\"image_svg_color\":\"emphasis\",\"margin\":\"default\",\"margin_remove_bottom\":true,\"margin_remove_top\":true}}]},{\"type\":\"column\",\"props\":{\"image_position\":\"center-center\",\"position_sticky_breakpoint\":\"m\",\"width_medium\":\"1-2\"},\"children\":[{\"type\":\"text\",\"props\":{\"column_breakpoint\":\"m\",\"content\":\"\n\n<p><strong>Heute<\\\/strong> ist die Konzentration auf die Umweltauswirkungen und das Engagement f\\u00fcr Nachhaltigkeit ein Ziel f\\u00fcr ZMC, das 5 % seines Umsatzes in Gesch\\u00e4ftsentwicklung und Wachstum investiert.<\\\/p>\",\"margin\":\"default\",\"margin_remove_bottom\":true}}]}]}]}],\"version\":\"4.5.4\"} --><\/p>\n","protected":false},"excerpt":{"rendered":"<p>Wer wir sind ZMC ist ein Unternehmen mit \u00fcber 60 Jahren Erfahrung, das sich st\u00e4ndig weiterentwickelt beim Entwurf und Produktion von Transportketten 1954 gr\u00fcndeten\u00a0Angelo Zibetti, Mario Mattiolo und Angelo Croci die Firma ZMC. 1958 bezieht das Unternehmen sein erstes Fabrikgeb\u00e4ude. 1972 beginnt die Automatisierung einiger Fertigungsschritte des Produktionsprozesses. 1991,\u00a0erweiterte ZMC die Produktionsst\u00e4tte um weitere 5.500 [&hellip;]<\/p>\n","protected":false},"author":1,"featured_media":0,"parent":0,"menu_order":0,"comment_status":"closed","ping_status":"closed","template":"","meta":{"footnotes":""},"class_list":["post-3028","page","type-page","status-publish","hentry"],"yoast_head":"<!-- This site is optimized with the Yoast SEO plugin v27.5 - https:\/\/yoast.com\/product\/yoast-seo-wordpress\/ -->\n<title>Produzione catene industriali ZMC Italy<\/title>\n<meta name=\"robots\" content=\"index, follow, max-snippet:-1, max-image-preview:large, max-video-preview:-1\" \/>\n<link rel=\"canonical\" href=\"https:\/\/www.zmc.it\/de\/wer-wir-sind\/\" \/>\n<meta property=\"og:locale\" content=\"de_DE\" \/>\n<meta property=\"og:type\" content=\"article\" \/>\n<meta property=\"og:title\" content=\"Produzione catene industriali ZMC Italy\" \/>\n<meta property=\"og:description\" content=\"Wer wir sind ZMC ist ein Unternehmen mit \u00fcber 60 Jahren Erfahrung, das sich st\u00e4ndig weiterentwickelt beim Entwurf und Produktion von Transportketten 1954 gr\u00fcndeten\u00a0Angelo Zibetti, Mario Mattiolo und Angelo Croci die Firma ZMC. 1958 bezieht das Unternehmen sein erstes Fabrikgeb\u00e4ude. 1972 beginnt die Automatisierung einiger Fertigungsschritte des Produktionsprozesses. 1991,\u00a0erweiterte ZMC die Produktionsst\u00e4tte um weitere 5.500 [&hellip;]\" \/>\n<meta property=\"og:url\" content=\"https:\/\/www.zmc.it\/de\/wer-wir-sind\/\" \/>\n<meta property=\"og:site_name\" content=\"ZMC Italia\" \/>\n<meta property=\"article:modified_time\" content=\"2025-05-05T10:52:57+00:00\" \/>\n<meta property=\"og:image\" content=\"https:\/\/www.zmc.it\/wp-content\/uploads\/FOTO-SLIDER-2.jpg\" \/>\n\t<meta property=\"og:image:width\" content=\"1600\" \/>\n\t<meta property=\"og:image:height\" content=\"500\" \/>\n\t<meta property=\"og:image:type\" content=\"image\/jpeg\" \/>\n<meta name=\"twitter:card\" content=\"summary_large_image\" \/>\n<meta name=\"twitter:label1\" content=\"Gesch\u00e4tzte Lesezeit\" \/>\n\t<meta name=\"twitter:data1\" content=\"1\u00a0Minute\" \/>\n<script type=\"application\/ld+json\" class=\"yoast-schema-graph\">{\"@context\":\"https:\\\/\\\/schema.org\",\"@graph\":[{\"@type\":\"WebPage\",\"@id\":\"https:\\\/\\\/www.zmc.it\\\/de\\\/wer-wir-sind\\\/\",\"url\":\"https:\\\/\\\/www.zmc.it\\\/de\\\/wer-wir-sind\\\/\",\"name\":\"Produzione catene industriali ZMC Italy\",\"isPartOf\":{\"@id\":\"https:\\\/\\\/www.zmc.it\\\/#website\"},\"datePublished\":\"2018-03-16T06:53:55+00:00\",\"dateModified\":\"2025-05-05T10:52:57+00:00\",\"breadcrumb\":{\"@id\":\"https:\\\/\\\/www.zmc.it\\\/de\\\/wer-wir-sind\\\/#breadcrumb\"},\"inLanguage\":\"de\",\"potentialAction\":[{\"@type\":\"ReadAction\",\"target\":[\"https:\\\/\\\/www.zmc.it\\\/de\\\/wer-wir-sind\\\/\"]}]},{\"@type\":\"BreadcrumbList\",\"@id\":\"https:\\\/\\\/www.zmc.it\\\/de\\\/wer-wir-sind\\\/#breadcrumb\",\"itemListElement\":[{\"@type\":\"ListItem\",\"position\":1,\"name\":\"Home\",\"item\":\"https:\\\/\\\/www.zmc.it\\\/de\\\/\"},{\"@type\":\"ListItem\",\"position\":2,\"name\":\"Wer wir sind\"}]},{\"@type\":\"WebSite\",\"@id\":\"https:\\\/\\\/www.zmc.it\\\/#website\",\"url\":\"https:\\\/\\\/www.zmc.it\\\/\",\"name\":\"ZMC Italia\",\"description\":\"\",\"publisher\":{\"@id\":\"https:\\\/\\\/www.zmc.it\\\/#organization\"},\"potentialAction\":[{\"@type\":\"SearchAction\",\"target\":{\"@type\":\"EntryPoint\",\"urlTemplate\":\"https:\\\/\\\/www.zmc.it\\\/?s={search_term_string}\"},\"query-input\":{\"@type\":\"PropertyValueSpecification\",\"valueRequired\":true,\"valueName\":\"search_term_string\"}}],\"inLanguage\":\"de\"},{\"@type\":\"Organization\",\"@id\":\"https:\\\/\\\/www.zmc.it\\\/#organization\",\"name\":\"ZMC Italy\",\"url\":\"https:\\\/\\\/www.zmc.it\\\/\",\"logo\":{\"@type\":\"ImageObject\",\"inLanguage\":\"de\",\"@id\":\"https:\\\/\\\/www.zmc.it\\\/#\\\/schema\\\/logo\\\/image\\\/\",\"url\":\"https:\\\/\\\/www.zmc.it\\\/wp-content\\\/uploads\\\/zmc-logo.png\",\"contentUrl\":\"https:\\\/\\\/www.zmc.it\\\/wp-content\\\/uploads\\\/zmc-logo.png\",\"width\":150,\"height\":75,\"caption\":\"ZMC Italy\"},\"image\":{\"@id\":\"https:\\\/\\\/www.zmc.it\\\/#\\\/schema\\\/logo\\\/image\\\/\"},\"sameAs\":[\"https:\\\/\\\/www.linkedin.com\\\/company\\\/z.m.c.-italia-s.r.l.\\\/about\\\/\"]}]}<\/script>\n<!-- \/ Yoast SEO plugin. -->","yoast_head_json":{"title":"Produzione catene industriali ZMC Italy","robots":{"index":"index","follow":"follow","max-snippet":"max-snippet:-1","max-image-preview":"max-image-preview:large","max-video-preview":"max-video-preview:-1"},"canonical":"https:\/\/www.zmc.it\/de\/wer-wir-sind\/","og_locale":"de_DE","og_type":"article","og_title":"Produzione catene industriali ZMC Italy","og_description":"Wer wir sind ZMC ist ein Unternehmen mit \u00fcber 60 Jahren Erfahrung, das sich st\u00e4ndig weiterentwickelt beim Entwurf und Produktion von Transportketten 1954 gr\u00fcndeten\u00a0Angelo Zibetti, Mario Mattiolo und Angelo Croci die Firma ZMC. 1958 bezieht das Unternehmen sein erstes Fabrikgeb\u00e4ude. 1972 beginnt die Automatisierung einiger Fertigungsschritte des Produktionsprozesses. 1991,\u00a0erweiterte ZMC die Produktionsst\u00e4tte um weitere 5.500 [&hellip;]","og_url":"https:\/\/www.zmc.it\/de\/wer-wir-sind\/","og_site_name":"ZMC Italia","article_modified_time":"2025-05-05T10:52:57+00:00","og_image":[{"width":1600,"height":500,"url":"https:\/\/www.zmc.it\/wp-content\/uploads\/FOTO-SLIDER-2.jpg","type":"image\/jpeg"}],"twitter_card":"summary_large_image","twitter_misc":{"Gesch\u00e4tzte Lesezeit":"1\u00a0Minute"},"schema":{"@context":"https:\/\/schema.org","@graph":[{"@type":"WebPage","@id":"https:\/\/www.zmc.it\/de\/wer-wir-sind\/","url":"https:\/\/www.zmc.it\/de\/wer-wir-sind\/","name":"Produzione catene industriali ZMC Italy","isPartOf":{"@id":"https:\/\/www.zmc.it\/#website"},"datePublished":"2018-03-16T06:53:55+00:00","dateModified":"2025-05-05T10:52:57+00:00","breadcrumb":{"@id":"https:\/\/www.zmc.it\/de\/wer-wir-sind\/#breadcrumb"},"inLanguage":"de","potentialAction":[{"@type":"ReadAction","target":["https:\/\/www.zmc.it\/de\/wer-wir-sind\/"]}]},{"@type":"BreadcrumbList","@id":"https:\/\/www.zmc.it\/de\/wer-wir-sind\/#breadcrumb","itemListElement":[{"@type":"ListItem","position":1,"name":"Home","item":"https:\/\/www.zmc.it\/de\/"},{"@type":"ListItem","position":2,"name":"Wer wir sind"}]},{"@type":"WebSite","@id":"https:\/\/www.zmc.it\/#website","url":"https:\/\/www.zmc.it\/","name":"ZMC Italia","description":"","publisher":{"@id":"https:\/\/www.zmc.it\/#organization"},"potentialAction":[{"@type":"SearchAction","target":{"@type":"EntryPoint","urlTemplate":"https:\/\/www.zmc.it\/?s={search_term_string}"},"query-input":{"@type":"PropertyValueSpecification","valueRequired":true,"valueName":"search_term_string"}}],"inLanguage":"de"},{"@type":"Organization","@id":"https:\/\/www.zmc.it\/#organization","name":"ZMC Italy","url":"https:\/\/www.zmc.it\/","logo":{"@type":"ImageObject","inLanguage":"de","@id":"https:\/\/www.zmc.it\/#\/schema\/logo\/image\/","url":"https:\/\/www.zmc.it\/wp-content\/uploads\/zmc-logo.png","contentUrl":"https:\/\/www.zmc.it\/wp-content\/uploads\/zmc-logo.png","width":150,"height":75,"caption":"ZMC Italy"},"image":{"@id":"https:\/\/www.zmc.it\/#\/schema\/logo\/image\/"},"sameAs":["https:\/\/www.linkedin.com\/company\/z.m.c.-italia-s.r.l.\/about\/"]}]}},"_links":{"self":[{"href":"https:\/\/www.zmc.it\/de\/wp-json\/wp\/v2\/pages\/3028","targetHints":{"allow":["GET"]}}],"collection":[{"href":"https:\/\/www.zmc.it\/de\/wp-json\/wp\/v2\/pages"}],"about":[{"href":"https:\/\/www.zmc.it\/de\/wp-json\/wp\/v2\/types\/page"}],"author":[{"embeddable":true,"href":"https:\/\/www.zmc.it\/de\/wp-json\/wp\/v2\/users\/1"}],"replies":[{"embeddable":true,"href":"https:\/\/www.zmc.it\/de\/wp-json\/wp\/v2\/comments?post=3028"}],"version-history":[{"count":1,"href":"https:\/\/www.zmc.it\/de\/wp-json\/wp\/v2\/pages\/3028\/revisions"}],"predecessor-version":[{"id":9783,"href":"https:\/\/www.zmc.it\/de\/wp-json\/wp\/v2\/pages\/3028\/revisions\/9783"}],"wp:attachment":[{"href":"https:\/\/www.zmc.it\/de\/wp-json\/wp\/v2\/media?parent=3028"}],"curies":[{"name":"wp","href":"https:\/\/api.w.org\/{rel}","templated":true}]}}